{"id":2725,"date":"2025-09-18T11:56:45","date_gmt":"2025-09-18T11:56:45","guid":{"rendered":"https:\/\/www.sweethome3d.com\/%e7%bf%bb%e8%af%91\/"},"modified":"2025-12-16T10:06:41","modified_gmt":"2025-12-16T10:06:41","slug":"%e7%bf%bb%e8%af%91","status":"publish","type":"page","link":"https:\/\/www.sweethome3d.com\/zh-hans\/%e7%bf%bb%e8%af%91\/","title":{"rendered":"\u7ffb\u8bd1"},"content":{"rendered":"\n<h2 class=\"wp-block-heading\">Sweet Home 3D \u63d0\u4f9b 29 \u79cd\u4e0d\u540c\u8bed\u8a00\u7248\u672c\u3002<\/h2>\n\n<h3 class=\"wp-block-heading\">Sweet Home 3D \u4e2d\u5305\u542b\u7684\u7ffb\u8bd1<\/h3>\n\n<p>\u5f53\u60a8<a href=\"https:\/\/www.sweethome3d.com\/zh-hans\/%e4%b8%8b%e8%bd%bd\/\" data-type=\"page\" data-id=\"396\">\u5b89\u88c5<\/a> <a href=\"https:\/\/www.sweethome3d.com\/zh-hans\/%e5%b8%b8%e8%a7%81%e9%97%ae%e9%a2%98\/\" data-type=\"page\" data-id=\"422\">Sweet Home 3D<\/a> \u65f6\uff0c\u4ee5\u4e0b\u7ffb\u8bd1\u4f1a\u76f4\u63a5\u5305\u542b\u5728\u5176\u4e2d\uff0c\u5e76\u5728\u5e94\u7528\u7a0b\u5e8f\u6dfb\u52a0\u65b0\u529f\u80fd\u65f6\u4fdd\u6301\u66f4\u65b0\u3002<\/p>\n\n<figure class=\"wp-block-flexible-table-block-table is-content-justification-center\"><table class=\"has-fixed-layout\" style=\"width:100%;max-width:1600px\"><thead><tr><th style=\"text-align:center;width:25%\">\u8bed\u8a00<\/th><th style=\"text-align:center\">\u7528\u6237\u754c\u9762\u7248\u672c<\/th><th style=\"text-align:center\">\u5e2e\u52a9\u7248\u672c<\/th><th style=\"width:50%;text-align:center\">\u8bd1\u8005<\/th><\/tr><\/thead><tbody><tr><td class=\"[&amp;&gt;\">img]:-mb-1&#8243; &gt;?? <a href=\"\/\" data-type=\"page\" data-id=\"286\">\u82f1\u8bed<\/a><\/td><td style=\"text-align:center\">\n          <a href=\"https:\/\/www.sweethome3d.com\/zh-hans\/%e4%b8%8b%e8%bd%bd\/\" data-type=\"page\" data-id=\"396\">7.5<\/a>\n        <\/td><td style=\"text-align:center\">7.5<\/td><td>Emmanuel Puybaret, Pencilart<\/td><\/tr><tr><td class=\"[&amp;&gt;\">img]:-mb-1&#8243; &gt;?? <a href=\"\/fr\">\u6cd5\u8bed<\/a><\/td><td style=\"text-align:center\">\n          <a href=\"https:\/\/www.sweethome3d.com\/zh-hans\/%e4%b8%8b%e8%bd%bd\/\" data-type=\"page\" data-id=\"396\">7.5<\/a>\n        <\/td><td style=\"text-align:center\">7.5<\/td><td>Emmanuel Puybaret<\/td><\/tr><tr><td class=\"[&amp;&gt;\">img]:-mb-1&#8243; &gt;?? <a href=\"\/pt\">\u8461\u8404\u7259\u8bed<\/a>        <\/td><td style=\"text-align:center\">\n          <a href=\"https:\/\/www.sweethome3d.com\/zh-hans\/%e4%b8%8b%e8%bd%bd\/\" data-type=\"page\" data-id=\"396\">7.5<\/a>\n        <\/td><td style=\"text-align:center\">5.7<\/td><td>Pedro Albuquerque<\/td><\/tr><tr><td class=\"[&amp;&gt;\">img]:-mb-1&#8243; &gt;?? <a href=\"\/pt\">\u8461\u8404\u7259\u8bed\uff08\u5df4\u897f\uff09<\/a>        <\/td><td style=\"text-align:center\">\n          <a href=\"https:\/\/www.sweethome3d.com\/zh-hans\/%e4%b8%8b%e8%bd%bd\/\" data-type=\"page\" data-id=\"396\">7.5<\/a>\n        <\/td><td style=\"text-align:center\">~4.6<\/td><td>\n Roberto Rocha, Lucas Klink, Lucas Germano, Carlos Segura, Adolfino\n Neto\n        <\/td> <\/tr><tr><td class=\"[&amp;&gt;\">img]:-mb-1&#8243; &gt;?? <a href=\"\/es\">\u897f\u73ed\u7259\u8bed<\/a>        <\/td><td style=\"text-align:center\">\n          <a href=\"https:\/\/www.sweethome3d.com\/zh-hans\/%e4%b8%8b%e8%bd%bd\/\" data-type=\"page\" data-id=\"396\">7.5<\/a>\n        <\/td><td style=\"text-align:center\">4.6<\/td><td>Pablo Mayordomo, Paco, Carlos Folch<\/td><\/tr><tr><td class=\"[&amp;&gt;\">img]:-mb-1&#8243; &gt;?? <a href=\"\/it\">\u610f\u5927\u5229\u8bed<\/a>  <\/td><td style=\"text-align:center\">\n          <a href=\"https:\/\/www.sweethome3d.com\/zh-hans\/%e4%b8%8b%e8%bd%bd\/\" data-type=\"page\" data-id=\"396\">7.5<\/a>\n        <\/td><td style=\"text-align:center\">~7.1<\/td><td>\n Simone Bufalino, Rosella Mariotti, Psycheye, ConsiEdilizia, Alberto\n Della Salandra, Antonio Guadagnino, Antonio Latronico, Adelina\n Doncheva, Vincenzo Reale\n        <\/td> <\/tr><tr><td class=\"[&amp;&gt;\">img]:-mb-1&#8243; &gt;??<a href=\"\/de\">\u5fb7\u8bed<\/a>   <\/td><td style=\"text-align:center\">\n          <a href=\"https:\/\/www.sweethome3d.com\/zh-hans\/%e4%b8%8b%e8%bd%bd\/\" data-type=\"page\" data-id=\"396\">7.5<\/a>\n        <\/td><td style=\"text-align:center\">7.5<\/td><td>\n Sebastian Breuer, Thomas Zimmermann, Andreas Kirsch, Florian Haag,\n Luzia Taschler, Pascal Eberhard, Waldemar Hersacher\n        <\/td> <\/tr><tr><td class=\"[&amp;&gt;\">img]:-mb-1&#8243; &gt; ?? <a href=\"\/nl\">\u8377\u5170\u8bed<\/a> <\/td><td style=\"text-align:center\">\n          <a href=\"https:\/\/www.sweethome3d.com\/zh-hans\/%e4%b8%8b%e8%bd%bd\/\" data-type=\"page\" data-id=\"396\">7.5<\/a>\n        <\/td><td style=\"text-align:center\">4.6<\/td><td>Gerwin Harmsen, Rob van den Berg, FDpaffie<\/td><\/tr><tr><td class=\"[&amp;&gt;\">img]:-mb-1&#8243; &gt;?? <a href=\"\/sv\">\u745e\u5178\u8bed<\/a>        <\/td><td style=\"text-align:center\">\n          <a href=\"https:\/\/www.sweethome3d.com\/zh-hans\/%e4%b8%8b%e8%bd%bd\/\" data-type=\"page\" data-id=\"396\">7.5<\/a>\n        <\/td><td style=\"text-align:center\">5.7<\/td><td>Martin Karlsson<\/td><\/tr><tr> <td class=\"[&amp;&gt;\">img]:-mb-1&#8243; &gt; ?? <a href=\"\/cs\">\u6377\u514b\u8bed<\/a><\/td><td style=\"text-align:center\">\n          <a href=\"https:\/\/www.sweethome3d.com\/zh-hans\/%e4%b8%8b%e8%bd%bd\/\" data-type=\"page\" data-id=\"396\">7.5<\/a>\n        <\/td><td style=\"text-align:center\">1.2<\/td><td>\u0160tefan Nov\u00e1k, Roman Pol\u00e1\u0161ek, Ondrej Dolejsi, Pavel Barbo\u0159\u00edk<\/td><\/tr><tr><td class=\"[&amp;&gt;\">img]:-mb-1&#8243; &gt;?? <a href=\"\/pl\">\u6ce2\u5170\u8bed<\/a><\/td><td style=\"text-align:center\">\n          <a href=\"https:\/\/www.sweethome3d.com\/zh-hans\/%e4%b8%8b%e8%bd%bd\/\" data-type=\"page\" data-id=\"396\">7.5<\/a>\n        <\/td><td style=\"text-align:center\">1.2<\/td><td>\n Szymon \u017byci\u0144ski, Paw\u0142a Antkowiaka, Pawel &#8220;Bizkit&#8221; Popanda, Szymon\n Chojnacki, ghr424, Mi\u0142osz Sieradzki\n        <\/td> <\/tr><tr><td class=\"[&amp;&gt;\">img]:-mb-1&#8243; &gt;<em>??<\/em> <a href=\"\/bg\">\u5308\u7259\u5229\u8bed<\/a>       <\/td><td style=\"text-align:center\">\n          <a href=\"https:\/\/www.sweethome3d.com\/zh-hans\/%e4%b8%8b%e8%bd%bd\/\" data-type=\"page\" data-id=\"396\">7.5<\/a>\n        <\/td><td style=\"text-align:center\">4.6<\/td><td>Viktor Mikl\u00f3si, Szita Bal\u00e1zs<\/td><\/tr><tr><td class=\"[&amp;&gt;\">img]:-mb-1&#8243; &gt;<em>??<\/em> <a href=\"\/el\">\u5e0c\u814a\u8bed<\/a><\/td><td style=\"text-align:center\">\n          <a href=\"https:\/\/www.sweethome3d.com\/zh-hans\/%e4%b8%8b%e8%bd%bd\/\" data-type=\"page\" data-id=\"396\">7.5<\/a>\n        <\/td><td style=\"text-align:center\">1.8<\/td><td>\u0388\u03bb\u03bb\u03b7 \u039d\u03b9\u03ba\u03bf\u03bb\u03ac\u03bf\u03c5, \u0397\u03bb\u03af\u03b1 \u03a4\u03c3\u03b9\u03ac\u03bd\u03c4\u03b1<\/td><\/tr><tr><td class=\"[&amp;&gt;\">img]:-mb-1&#8243; &gt;?? <a href=\"\/hu\">\u4fdd\u52a0\u5229\u4e9a\u8bed<\/a><\/td><td style=\"text-align:center\">\n          <a href=\"https:\/\/www.sweethome3d.com\/zh-hans\/%e4%b8%8b%e8%bd%bd\/\" data-type=\"page\" data-id=\"396\">7.5<\/a>\n        <\/td><td style=\"text-align:center\">4.6<\/td><td>\u0412\u0430\u043b\u0435\u043d\u0442\u0438\u043d \u041b\u0430\u0441\u043a\u043e\u0432<\/td><\/tr><tr><td class=\"[&amp;&gt;\">img]:-mb-1&#8243; &gt;?? <a href=\"\/ru\">\u4fc4\u8bed<\/a><\/td><td style=\"text-align:center\">\n          <a href=\"https:\/\/www.sweethome3d.com\/zh-hans\/%e4%b8%8b%e8%bd%bd\/\" data-type=\"page\" data-id=\"396\">7.5<\/a>\n        <\/td><td style=\"text-align:center\">4.6<\/td><td>\n \u0411\u0430\u0441\u0438\u043c\u043e\u0432 \u0418\u043b\u044c\u0433\u0438\u0437, \u0412\u0430\u043b\u0435\u043d\u0442\u0438\u043d \u041a\u0430\u0437\u0438\u043c\u0438\u0440\u043e\u0432, \u041e\u043b\u044c\u0433\u0435, \u042e\u0440\u0438\u044f \u0421\u043c\u0438\u0440\u043d\u043e\u0432\u0430, \u0410\u043d\u0434\u0440\u0435\u0439\n \u041f\u0440\u0438\u0449\u0435\u043d\u043a\u043e, \u041a\u0443\u043d\u0430\u043a\u043e\u0432 \u0410\u043d\u0442\u043e\u043d \u042e\u0440\u044c\u0435\u0432\u0438\u0447, \u0410\u043d\u0434\u0440\u0435\u0438\u0306 \u0421\u0443\u0440\u0436\u0438\u043a\u043e\u0432, \u041d\u0438\u043a\u043e\u043b\u0430\u0439 \u041b\u043e\u043c\u0430\u0441\u043e\u0432,\n \u0414\u0430\u043d\u0438\u043b \u041e\u0441\u0438\u043f\u043e\u0432\n        <\/td> <\/tr><tr><td class=\"[&amp;&gt;\">img]:-mb-1&#8243; &gt;?? <a href=\"\/vi\">\u8d8a\u5357\u8bed<\/a><\/td><td style=\"text-align:center\">\n          <a href=\"https:\/\/www.sweethome3d.com\/zh-hans\/%e4%b8%8b%e8%bd%bd\/\" data-type=\"page\" data-id=\"396\">7.5<\/a>\n        <\/td><td style=\"text-align:center\">&#8211;<\/td><td>Tu\u1ea5n Ph\u00f9ng<\/td><\/tr><tr><td class=\"[&amp;&gt;\">img]:-mb-1&#8243; &gt;?? <a href=\"https:\/\/www.sweethome3d.com\/zh-cn\">\u4e2d\u6587 (\u4e2d\u56fd)<\/a><\/td><td style=\"text-align:center\">\n          <a href=\"https:\/\/www.sweethome3d.com\/zh-hans\/%e4%b8%8b%e8%bd%bd\/\" data-type=\"page\" data-id=\"396\">7.5<\/a>\n        <\/td><td style=\"text-align:center\">5.7<\/td><td>\u8d75\u65af\u806a, \u65b9\u5219\u8605, \u674e\u65b0\u5ee0, YGYL<\/td><\/tr><tr><td class=\"[&amp;&gt;\">img]:-mb-1&#8243; &gt;?? <a href=\"https:\/\/www.sweethome3d.com\/zh-tw\">\u4e2d\u6587 (\u53f0\u7063)<\/a><\/td><td style=\"text-align:center\">\n          <a href=\"https:\/\/www.sweethome3d.com\/zh-hans\/%e4%b8%8b%e8%bd%bd\/\" data-type=\"page\" data-id=\"396\">7.5<\/a>\n        <\/td><td style=\"text-align:center\">5.7<\/td><td>\u674e\u65b0\u5ee0, YGYL<\/td><\/tr><tr><td class=\"[&amp;&gt;\">img]:-mb-1&#8243; &gt;?? <a href=\"\/ja\">\u65e5\u8bed<\/a><\/td><td style=\"text-align:center\">\n          <a href=\"https:\/\/www.sweethome3d.com\/zh-hans\/%e4%b8%8b%e8%bd%bd\/\" data-type=\"page\" data-id=\"396\">7.5<\/a>\n        <\/td><td style=\"text-align:center\">~5.7<\/td><td>Takahiro Sato, Uiko, Vy, Miyoko, Chiyoko Miklasevich<\/td><\/tr><\/tbody><\/table><\/figure>\n\n<p>\u5982\u679c <a href=\"https:\/\/www.sweethome3d.com\/zh-hans\/%e4%b8%8b%e8%bd%bd\/\" data-type=\"page\" data-id=\"396\">Sweet Home 3D<\/a> \u7684\u7528\u6237\u754c\u9762\u672a\u663e\u793a\u60a8\u671f\u671b\u7684\u8bed\u8a00\uff0c\u8bf7\u5728\u201c\u504f\u597d\u8bbe\u7f6e\u201d\u9762\u677f\u7684\u201c\u8bed\u8a00\u201d\u4e0b\u62c9\u5217\u8868\u4e2d\u9009\u62e9\u60a8\u7684\u9996\u9009\u8bed\u8a00\u3002\u5728 Mac OS X \u7cfb\u7edf\u4e0b\uff0c\u901a\u8fc7\u9009\u62e9 <a href=\"https:\/\/www.sweethome3d.com\/zh-hans\/\">Sweet Home 3D<\/a> \u83dc\u5355\u4e2d\u7684\u201c\u504f\u597d\u8bbe\u7f6e\u201d\u9879\u6765\u663e\u793a\u6b64\u9762\u677f\u3002\u5728\u5176\u4ed6\u7cfb\u7edf\u4e0b\uff0c\u901a\u8fc7\u9009\u62e9\u201c\u6587\u4ef6\u201d\u83dc\u5355\u4e2d\u7684\u201c\u504f\u597d\u8bbe\u7f6e\u201d\u9879\u6765\u663e\u793a\u6b64\u9762\u677f\u3002  <\/p>\n\n<h3 class=\"wp-block-heading\"><a href=\"https:\/\/www.sweethome3d.com\/zh-hans\/%e4%b8%8b%e8%bd%bd\/\" data-type=\"page\" data-id=\"396\">Sweet Home 3D<\/a> \u652f\u6301\u7684\u5176\u4ed6\u7ffb\u8bd1<\/h3>\n\n<p>\u5b89\u88c5\u5176\u4e13\u7528\u7684 SH3L \u6587\u4ef6\u540e\uff0c\u5373\u53ef\u4f7f\u7528\u4ee5\u4e0b\u6bcf\u79cd\u7ffb\u8bd1\u3002\u8981\u5b89\u88c5\u60a8\u8bed\u8a00\u7684 SH3L \u6587\u4ef6\uff0c\u8bf7\u70b9\u51fb\u4e0b\u8868\u4e2d\u5bf9\u5e94\u7684\u94fe\u63a5\u5c06\u5176\u4e0b\u8f7d\u5230\u60a8\u7684\u8ba1\u7b97\u673a\uff0c\u7136\u540e\u53cc\u51fb\u4e0b\u8f7d\u7684\u6587\u4ef6\uff0c\u6216\u4f7f\u7528<em>\u5bfc\u5165\u8bed\u8a00\u5e93\u6587\u4ef6<\/em>\u6309\u94ae <img decoding=\"async\" width=\"35\" height=\"23\" class=\"wp-image-1487 lazyload\" style=\"--smush-placeholder-width: 35px; --smush-placeholder-aspect-ratio: 35\/23;width: 35px\" data-src=\"https:\/\/www.sweethome3d.com\/wp-content\/uploads\/2025\/11\/importLanguageLibraryFile-1.png\" alt=\"\" src=\"data:image\/svg+xml;base64,PHN2ZyB3aWR0aD0iMSIgaGVpZ2h0PSIxIiB4bWxucz0iaHR0cDovL3d3dy53My5vcmcvMjAwMC9zdmciPjwvc3ZnPg==\" \/>\uff08\u663e\u793a\u5728<a href=\"https:\/\/www.sweethome3d.com\/zh-hans\/sweet-home-3d-%e7%94%a8%e6%88%b7%e6%8c%87%e5%8d%97\/#starting-a-new-home\" data-type=\"page\" data-id=\"424\"><em>\u504f\u597d\u8bbe\u7f6e<\/em>\u9762\u677f<\/a>\u9876\u90e8\uff09\u9009\u62e9\u5b83\u3002 <\/p>\n\n<figure class=\"wp-block-flexible-table-block-table is-content-justification-center\"><table class=\"\" style=\"width:100%\"><thead><tr><th style=\"text-align:center;width:20%\">\u8bed\u8a00<\/th><th style=\"text-align:center\">\u7528\u6237\u754c\u9762\u7248\u672c<\/th><th style=\"text-align:center\">\u5e2e\u52a9\u7248\u672c<\/th><th style=\"text-align:center;width:40%\">\u8bd1\u8005<\/th><\/tr><\/thead><tbody><tr><td class=\"[&amp;&gt;\">img]:-mb-1&#8243; &gt;?????? <a href=\"\/storage\/translations\/Basque-7.5.sh3l\">\u5df4\u65af\u514b\u8bed<\/a><\/td><td style=\"text-align:center\"><a href=\"https:\/\/www.sweethome3d.com\/zh-hans\/%e4%b8%8b%e8%bd%bd\/\" data-type=\"page\" data-id=\"396\">7.5<\/a><\/td><td style=\"text-align:center\">&#8211;<\/td><td>Alexander Gabilondo<\/td><\/tr><tr><td class=\"[&amp;&gt;\">img]:-mb-1&#8243; &gt;?? <a href=\"\/storage\/translations\/Slovenian-5.7.1.sh3l\">\u65af\u6d1b\u6587\u5c3c\u4e9a\u8bed<\/a><\/td><td style=\"text-align:center\"><a href=\"https:\/\/www.sweethome3d.com\/zh-hans\/%e4%b8%8b%e8%bd%bd\/\" data-type=\"page\" data-id=\"396\">5.7<\/a><\/td><td style=\"text-align:center\">4.6<\/td><td>Samo Mole<\/td><\/tr><tr><td class=\"[&amp;&gt;\">img]:-mb-1&#8243; &gt;?? <a href=\"\/storage\/translations\/Finnish-7.5.sh3l\">\u82ac\u5170\u8bed<\/a><\/td><td style=\"text-align:center\"><a href=\"https:\/\/www.sweethome3d.com\/zh-hans\/%e4%b8%8b%e8%bd%bd\/\" data-type=\"page\" data-id=\"396\">7.5<\/a><\/td><td style=\"text-align:center\">4.3<\/td><td>Jukka Hyyti\u00e4l\u00e4, Seppo Voutilainen<\/td><\/tr><tr><td class=\"[&amp;&gt;\">img]:-mb-1&#8243; &gt;?? <a href=\"\/storage\/translations\/Serbian-4.3.1.sh3l\" data-type=\"link\" data-id=\"https:\/\/www.sweethome3d.com\/translations\/Serbian-4.3.1.sh3l\">\u585e\u5c14\u7ef4\u4e9a\u8bed<\/a><\/td><td style=\"text-align:center\"><a href=\"https:\/\/www.sweethome3d.com\/zh-hans\/%e4%b8%8b%e8%bd%bd\/\" data-type=\"page\" data-id=\"396\">4.3<\/a><\/td><td style=\"text-align:center\">3.4<\/td><td>\u0418\u0432\u0430\u043d \u0421\u0442\u0430\u0440\u0447\u0435\u0432\u0438\u045b, \u0421\u043d\u0435\u0436\u0430\u043d\u0430 \u041b\u0443\u043a\u0438\u045b<\/td><\/tr><tr><td class=\"[&amp;&gt;\">img]:-mb-1&#8243; &gt;?? <a href=\"\/storage\/translations\/Ukrainian-5.7.1.sh3l\" data-type=\"link\" data-id=\"https:\/\/www.sweethome3d.com\/translations\/Ukrainian-5.7.1.sh3l\">\u4e4c\u514b\u5170\u8bed<\/a><\/td><td style=\"text-align:center\"><a href=\"https:\/\/www.sweethome3d.com\/zh-hans\/%e4%b8%8b%e8%bd%bd\/\" data-type=\"page\" data-id=\"396\">5.7<\/a><\/td><td style=\"text-align:center\">5.0<\/td><td>\u041e\u043b\u0435\u043a\u0441\u0430\u043d\u0434\u0440 \u041f\u0438\u043b\u0438\u043f\u0447\u0443\u043a<\/td><\/tr><tr><td class=\"[&amp;&gt;\">img]:-mb-1&#8243; &gt;?? <a href=\"\/storage\/translations\/Turkish-7.5.sh3l\" data-type=\"link\" data-id=\"https:\/\/www.sweethome3d.com\/translations\/Turkish-7.5.sh3l\">\u571f\u8033\u5176\u8bed<\/a><\/td><td style=\"text-align:center\"><a href=\"https:\/\/www.sweethome3d.com\/zh-hans\/%e4%b8%8b%e8%bd%bd\/\" data-type=\"page\" data-id=\"396\">7.5<\/a><\/td><td style=\"text-align:center\">&#8211;<\/td><td>M\u00fccahit Baydar<\/td><\/tr><tr><td class=\"[&amp;&gt;\">img]:-mb-1&#8243; &gt;?? <a href=\"\/storage\/translations\/Arabic-7.1.1.sh3l\">\u963f\u62c9\u4f2f\u8bed<\/a><\/td><td style=\"text-align:center\"><a href=\"https:\/\/www.sweethome3d.com\/zh-hans\/%e4%b8%8b%e8%bd%bd\/\" data-type=\"page\" data-id=\"396\">7.1<\/a><\/td><td style=\"text-align:center\">&#8211;<\/td><td>MFM Dawdeh<\/td><\/tr><tr><td class=\"[&amp;&gt;\">img]:-mb-1&#8243; &gt;?? <a href=\"\/storage\/translations\/Indonesian-7.1.1.sh3l\" data-type=\"link\" data-id=\"https:\/\/www.sweethome3d.com\/translations\/Indonesian-7.1.1.sh3l\">\u5370\u5ea6\u5c3c\u897f\u4e9a\u8bed<\/a><\/td><td style=\"text-align:center\"><a href=\"https:\/\/www.sweethome3d.com\/zh-hans\/%e4%b8%8b%e8%bd%bd\/\" data-type=\"page\" data-id=\"396\">7.1<\/a><\/td><td style=\"text-align:center\">&#8211;<\/td><td>Al Firdhaus<\/td><\/tr><tr><td class=\"[&amp;&gt;\">img]:-mb-1&#8243; &gt;?? <a href=\"\/storage\/translations\/Thai-7.5.sh3l\" data-type=\"link\" data-id=\"https:\/\/www.sweethome3d.com\/translations\/Thai-7.5.sh3l\">\u6cf0\u8bed<\/a><\/td><td style=\"text-align:center\"><a href=\"https:\/\/www.sweethome3d.com\/zh-hans\/%e4%b8%8b%e8%bd%bd\/\" data-type=\"page\" data-id=\"396\">7.5<\/a><\/td><td style=\"text-align:center\">&#8211;<\/td><td>\u0e01\u0e31\u0e19\u0e22\u0e4c\u0e0a\u0e31\u0e0a\u0e0a\u0e31\u0e22 \u0e42\u0e1e\u0e18\u0e34\u0e2b\u0e25\u0e49\u0e32<\/td><\/tr><tr><td class=\"[&amp;&gt;\">img]:-mb-1&#8243; &gt;?? <a href=\"\/storage\/translations\/Korean-7.5.sh3l\" data-type=\"link\" data-id=\"https:\/\/www.sweethome3d.com\/translations\/Korean-7.5.sh3l\">\u97e9\u8bed<\/a><\/td><td style=\"text-align:center\"><a href=\"https:\/\/www.sweethome3d.com\/zh-hans\/%e4%b8%8b%e8%bd%bd\/\" data-type=\"page\" data-id=\"396\">7.5<\/a><\/td><td style=\"text-align:center\">~5.7<\/td><td>\ubc31\ud638\uc11d, \uc774\ud638\ucc2c<\/td><\/tr><\/tbody><\/table><\/figure>\n\n<p>\u8bd1\u8005\u987b\u77e5\uff1a\u5982\u679c\u60a8\u60f3\u5c06 <a href=\"https:\/\/www.sweethome3d.com\/zh-hans\/%e4%b8%8b%e8%bd%bd\/\" data-type=\"page\" data-id=\"396\">Sweet Home 3D<\/a> \u7ffb\u8bd1\u6210\u60a8\u7684\u8bed\u8a00\uff0c\u8bf7\u9605\u8bfb<a href=\"https:\/\/www.sweethome3d.com\/zh-hans\/%e7%bf%bb%e8%af%91%e6%8c%87%e5%8d%97\/\" data-type=\"page\" data-id=\"5142\">\u7ffb\u8bd1\u6307\u5357<\/a>\u3002<\/p>\n","protected":false},"excerpt":{"rendered":"<p>Sweet Home 3D \u63d0\u4f9b 29 \u79cd\u4e0d\u540c\u8bed\u8a00\u7248\u672c\u3002 Sweet Home 3D \u4e2d\u5305\u542b\u7684\u7ffb\u8bd1 \u5f53\u60a8\u5b89\u88c5 <a href=\"https:\/\/www.sweethome3d.com\/zh-hans\/%e7%bf%bb%e8%af%91\/\">Continue reading <span class=\"sr-only\">&#8220;\u7ffb\u8bd1&#8221;<\/span><\/a><\/p>\n","protected":false},"author":4,"featured_media":2724,"parent":0,"menu_order":0,"comment_status":"closed","ping_status":"closed","template":"page-resources.php","meta":{"inline_featured_image":false,"footnotes":""},"class_list":["post-2725","page","type-page","status-publish","has-post-thumbnail","hentry"],"_links":{"self":[{"href":"https:\/\/www.sweethome3d.com\/zh-hans\/wp-json\/wp\/v2\/pages\/2725","targetHints":{"allow":["GET"]}}],"collection":[{"href":"https:\/\/www.sweethome3d.com\/zh-hans\/wp-json\/wp\/v2\/pages"}],"about":[{"href":"https:\/\/www.sweethome3d.com\/zh-hans\/wp-json\/wp\/v2\/types\/page"}],"author":[{"embeddable":true,"href":"https:\/\/www.sweethome3d.com\/zh-hans\/wp-json\/wp\/v2\/users\/4"}],"replies":[{"embeddable":true,"href":"https:\/\/www.sweethome3d.com\/zh-hans\/wp-json\/wp\/v2\/comments?post=2725"}],"version-history":[{"count":3,"href":"https:\/\/www.sweethome3d.com\/zh-hans\/wp-json\/wp\/v2\/pages\/2725\/revisions"}],"predecessor-version":[{"id":10463,"href":"https:\/\/www.sweethome3d.com\/zh-hans\/wp-json\/wp\/v2\/pages\/2725\/revisions\/10463"}],"wp:featuredmedia":[{"embeddable":true,"href":"https:\/\/www.sweethome3d.com\/zh-hans\/wp-json\/wp\/v2\/media\/2724"}],"wp:attachment":[{"href":"https:\/\/www.sweethome3d.com\/zh-hans\/wp-json\/wp\/v2\/media?parent=2725"}],"curies":[{"name":"wp","href":"https:\/\/api.w.org\/{rel}","templated":true}]}}