{"id":7302,"date":"2025-11-11T14:18:00","date_gmt":"2025-11-11T14:18:00","guid":{"rendered":"https:\/\/www.sweethome3d.com\/quyen-gop\/"},"modified":"2026-02-10T14:03:19","modified_gmt":"2026-02-10T14:03:19","slug":"quyen-gop","status":"publish","type":"page","link":"https:\/\/www.sweethome3d.com\/vi\/quyen-gop\/","title":{"rendered":"Quy\u00ean g\u00f3p"},"content":{"rendered":"\n<div class=\"wp-block-group is-vertical is-layout-flex wp-container-core-group-is-layout-8cf370e7 wp-block-group-is-layout-flex\">\n<p class=\"has-text-align-left\"><a href=\"\/\">Sweet Home 3D<\/a> \u0111\u00e3 gi\u00fap b\u1ea1n th\u00e0nh c\u00f4ng trong d\u1ef1 \u00e1n c\u1ee7a m\u00ecnh?<br\/>B\u1ea1n th\u00edch s\u1ef1 h\u1ed7 tr\u1ee3 t\u1eeb trang web n\u00e0y?<br\/>B\u1ea1n \u0111\u00e1nh gi\u00e1 cao vi\u1ec7c kh\u00f4ng c\u00f3 qu\u1ea3ng c\u00e1o tr\u00ean trang n\u00e0y?<\/p>\n\n\n\n<p class=\"has-text-align-left\">V\u1eady th\u00ec&#8230; \u0111\u1eebng ch\u1ea7n ch\u1eeb n\u1eefa! H\u00e3y gi\u00fap <a href=\"https:\/\/www.sweethome3d.com\/vi\/download\/\">Sweet Home 3D<\/a> v\u00e0 quy\u00ean g\u00f3p cho d\u1ef1 \u00e1n n\u00e0y.<br\/>Ch\u00fang t\u00f4i s\u1ebd r\u1ea5t tr\u00e2n tr\u1ecdng \u0111i\u1ec1u \u0111\u00f3. <\/p>\n\n\n\n<p class=\"has-text-align-left\">B\u1ea1n ch\u1ec9 c\u1ea7n nh\u1eadp s\u1ed1 ti\u1ec1n quy\u00ean g\u00f3p c\u1ee7a m\u00ecnh b\u00ean d\u01b0\u1edbi<br\/>v\u00e0 nh\u1ea5p v\u00e0o n\u00fat <em>Quy\u00ean g\u00f3p<\/em> tr\u00ean Paypal.<\/p>\n\n\n\n<div style=\"height:25px;width:0px\" aria-hidden=\"true\" class=\"wp-block-spacer wp-container-content-c00f5982\"><\/div>\n\n\n\n<p class=\"has-text-align-left\">\n\t<div id=\"donate-button-container\" style=\"text-align:center; margin:0 auto;\">\n\t\t<div id=\"donate-button\" data-action=\"wce_donate\"><\/div>\n\t\t<script src=\"https:\/\/www.paypalobjects.com\/donate\/sdk\/donate-sdk.js\" charset=\"UTF-8\"><\/script>\n\t\t<script>\n\t\t\tPayPal.Donation.Button({\n\t\t\t\tenv: 'production',\n\t\t\t\thosted_button_id: 'Q2F4V9B6WMY7N',\n\t\t\t}).render('#donate-button');\n\t\t<\/script>\n\t<\/div>\n\n\t<\/p>\n<\/div>\n","protected":false},"excerpt":{"rendered":"<p>Sweet Home 3D \u0111\u00e3 gi\u00fap b\u1ea1n th\u00e0nh c\u00f4ng trong d\u1ef1 \u00e1n c\u1ee7a m\u00ecnh?B\u1ea1n th\u00edch s\u1ef1 h\u1ed7 tr\u1ee3 t\u1eeb trang web n\u00e0y?B\u1ea1n \u0111\u00e1nh gi\u00e1 cao vi\u1ec7c kh\u00f4ng c\u00f3 qu\u1ea3ng c\u00e1o tr\u00ean trang n\u00e0y? V\u1eady th\u00ec&#8230; \u0111\u1eebng ch\u1ea7n ch\u1eeb n\u1eefa! H\u00e3y gi\u00fap Sweet Home 3D v\u00e0 quy\u00ean g\u00f3p cho d\u1ef1 \u00e1n n\u00e0y.Ch\u00fang t\u00f4i s\u1ebd r\u1ea5t tr\u00e2n tr\u1ecdng<a href=\"https:\/\/www.sweethome3d.com\/vi\/quyen-gop\/\">Continue reading <span class=\"sr-only\">&#8220;Quy\u00ean g\u00f3p&#8221;<\/span><\/a><\/p>\n","protected":false},"author":2,"featured_media":7301,"parent":0,"menu_order":0,"comment_status":"closed","ping_status":"closed","template":"page-resources.php","meta":{"inline_featured_image":false,"footnotes":""},"class_list":["post-7302","page","type-page","status-publish","has-post-thumbnail","hentry"],"_links":{"self":[{"href":"https:\/\/www.sweethome3d.com\/vi\/wp-json\/wp\/v2\/pages\/7302","targetHints":{"allow":["GET"]}}],"collection":[{"href":"https:\/\/www.sweethome3d.com\/vi\/wp-json\/wp\/v2\/pages"}],"about":[{"href":"https:\/\/www.sweethome3d.com\/vi\/wp-json\/wp\/v2\/types\/page"}],"author":[{"embeddable":true,"href":"https:\/\/www.sweethome3d.com\/vi\/wp-json\/wp\/v2\/users\/2"}],"replies":[{"embeddable":true,"href":"https:\/\/www.sweethome3d.com\/vi\/wp-json\/wp\/v2\/comments?post=7302"}],"version-history":[{"count":1,"href":"https:\/\/www.sweethome3d.com\/vi\/wp-json\/wp\/v2\/pages\/7302\/revisions"}],"predecessor-version":[{"id":7304,"href":"https:\/\/www.sweethome3d.com\/vi\/wp-json\/wp\/v2\/pages\/7302\/revisions\/7304"}],"wp:featuredmedia":[{"embeddable":true,"href":"https:\/\/www.sweethome3d.com\/vi\/wp-json\/wp\/v2\/media\/7301"}],"wp:attachment":[{"href":"https:\/\/www.sweethome3d.com\/vi\/wp-json\/wp\/v2\/media?parent=7302"}],"curies":[{"name":"wp","href":"https:\/\/api.w.org\/{rel}","templated":true}]}}