{"id":4127,"date":"2025-09-18T11:56:35","date_gmt":"2025-09-18T11:56:35","guid":{"rendered":"https:\/\/www.sweethome3d.com\/tien-ich-bo-sung-va-cong-cu\/"},"modified":"2026-02-10T14:14:08","modified_gmt":"2026-02-10T14:14:08","slug":"tien-ich-bo-sung-va-cong-cu","status":"publish","type":"page","link":"https:\/\/www.sweethome3d.com\/vi\/tien-ich-bo-sung-va-cong-cu\/","title":{"rendered":"Ti\u1ec7n \u00edch b\u1ed5 sung v\u00e0 c\u00f4ng c\u1ee5"},"content":{"rendered":"\n<h2 class=\"wp-block-heading\" id=\"plug-ins\" style=\"font-style:normal;font-weight:600\">Ti\u1ec7n \u00edch b\u1ed5 sung<\/h2>\n\n<p>B\u1ea3ng sau li\u1ec7t k\u00ea c\u00e1c plug-in th\u00fa v\u1ecb nh\u1ea5t \u0111\u01b0\u1ee3c cung c\u1ea5p b\u1edfi Space Mushrooms ho\u1eb7c b\u1edfi c\u00e1c nh\u00e0 ph\u00e1t tri\u1ec3n \u0111\u00e3 \u0111\u1ec1 xu\u1ea5t ch\u00fang trong <a href=\"https:\/\/sourceforge.net\/p\/sweethome3d\/plug-ins\" target=\"_blank\" rel=\"noopener\">H\u1ec7 th\u1ed1ng Theo d\u00f5i \u0110\u00f3ng g\u00f3p Plug-in<\/a>. M\u1ed9t plugin b\u1ed5 sung <a href=\"https:\/\/www.sweethome3d.com\/vi\/cac-tinh-nang-cua-sweet-home-3d\/\" data-type=\"link\" data-id=\"https:\/\/www.sweethome3d.com\/features\/\">c\u00e1c t\u00ednh n\u0103ng<\/a> cho <a href=\"https:\/\/www.sweethome3d.com\/vi\/download\/\" data-type=\"page\" data-id=\"396\">Sweet Home 3D<\/a> v\u00e0 c\u00f3 th\u1ec3 \u0111\u01b0\u1ee3c c\u00e0i \u0111\u1eb7t b\u1eb1ng c\u00e1ch nh\u1ea5p \u0111\u00fap v\u00e0o t\u1ec7p SH3P c\u1ee7a n\u00f3. Tr\u00ean Linux, n\u1ebfu kh\u00f4ng ho\u1ea1t \u0111\u1ed9ng, h\u00e3y c\u00e0i \u0111\u1eb7t n\u00f3 b\u1eb1ng l\u1ec7nh <em>Terminal<\/em> <code><em>path<\/em>\/<em>to<\/em>\/<strong>SweetHome3D<\/strong> <em>path<\/em>\/<em>to<\/em>\/<em>plugin.sh3p<\/em><\/code> ho\u1eb7c sao ch\u00e9p t\u1ec7p SH3P v\u00e0o th\u01b0 m\u1ee5c con <code>.eteks\/sweethome3d\/plugins<\/code> trong th\u01b0 m\u1ee5c ng\u01b0\u1eddi d\u00f9ng c\u1ee7a b\u1ea1n.<\/p>\n\n<figure class=\"wp-block-flexible-table-block-table alignwide is-content-justification-center is-style-default table-plugins table-overflow-x\"><table class=\"has-fixed-layout\" style=\"border-collapse:collapse;border-color:#F0F0F0\"><thead><tr><th style=\"text-align:center\">Ti\u1ec7n \u00edch b\u1ed5 sung<\/th><th style=\"text-align:center\">Nh\u00e0 cung c\u1ea5p<\/th><th style=\"text-align:center\">H\u1ed7 tr\u1ee3 Ho\u00e0n t\u00e1c\/L\u00e0m l\u1ea1i<\/th><th style=\"text-align:center\">\u0110\u01b0\u1ee3c h\u1ed7 tr\u1ee3 trong Java Web Start<\/th><th style=\"text-align:center;width:500px\">M\u00f4 t\u1ea3<\/th><\/tr><\/thead><tbody><tr><td style=\"text-align:left\"><a href=\"\/storage\/plugins\/CopyAsNewFurniturePlugin-1.3.1.sh3p\">CopyAsNewFurniturePlugin-1.3.1.sh3p<\/a><br>(29 kB &#8211; bao g\u1ed3m m\u00e3 ngu\u1ed3n)<\/td><td style=\"text-align:center\">Space Mushrooms<\/td><td style=\"text-align:center\">Kh\u00f4ng \u00e1p d\u1ee5ng<\/td><td style=\"text-align:center\">Kh\u00f4ng<\/td><td>Th\u00eam m\u1ee5c menu <em>C\u00f4ng c\u1ee5 &gt; Sao ch\u00e9p nh\u01b0 \u0111\u1ed3 n\u1ed9i th\u1ea5t m\u1edbi<\/em> \u0111\u1ec3 sao ch\u00e9p c\u00e1c \u0111\u1ed1i t\u01b0\u1ee3ng \u0111\u01b0\u1ee3c ch\u1ecdn trong b\u1ea3n v\u1ebd nh\u01b0 m\u1ed9t m\u00f3n \u0111\u1ed3 n\u1ed9i th\u1ea5t m\u1edbi v\u00e0o clipboard (<a href=\"https:\/\/www.sweethome3d.com\/support\/forum\/viewthread_thread,1331_offset,11\">\u0111\u1ecdc th\u00eam<\/a>)<\/td><\/tr><tr><td><a href=\"\/storage\/plugins\/ShapeGenerator-1.2.1.sh3p\">ShapeGenerator-1.2.1.sh3p<\/a><br>(53 kB &#8211; bao g\u1ed3m m\u00e3 ngu\u1ed3n)<\/td><td style=\"text-align:center\">Space Mushrooms<\/td><td style=\"text-align:center\">C\u00f3<\/td><td style=\"text-align:center\">Kh\u00f4ng<\/td><td>Th\u00eam m\u1ee5c menu <em>C\u00f4ng c\u1ee5 &gt; T\u1ea1o h\u00ecnh d\u1ea1ng 3D<\/em> \u0111\u1ec3 t\u1ea1o m\u1ed9t h\u00ecnh d\u1ea1ng 3D t\u1eeb t\u1ecda \u0111\u1ed9 c\u1ee7a 8 \u0111\u1ec9nh do ng\u01b0\u1eddi d\u00f9ng nh\u1eadp v\u00e0o (<a href=\"https:\/\/www.sweethome3d.com\/support\/forum\/viewthread_thread,6600\">\u0111\u1ecdc th\u00eam<\/a>)<\/td><\/tr><tr><td><a href=\"\/storage\/plugins\/StaircaseGenerator-1.0.1.sh3p\">StaircaseGenerator-1.0.1.sh3p<\/a><br>(150 kB &#8211; bao g\u1ed3m m\u00e3 ngu\u1ed3n)<\/td><td style=\"text-align:center\">Space Mushrooms<br><br><\/td><td style=\"text-align:center\">C\u00f3<\/td><td style=\"text-align:center\">Kh\u00f4ng<\/td><td>Th\u00eam m\u1ee5c menu <em>C\u00f4ng c\u1ee5 &gt; T\u1ea1o c\u1ea7u thang<\/em> \u0111\u1ec3 t\u1ea1o h\u00ecnh d\u1ea1ng 3D c\u1ee7a m\u1ed9t c\u1ea7u thang t\u1eeb s\u1ed1 b\u1eadc v\u00e0 k\u00edch th\u01b0\u1edbc c\u1ee7a ch\u00fang (<a href=\"https:\/\/www.sweethome3d.com\/support\/forum\/viewthread_thread,12160\">\u0111\u1ecdc th\u00eam<\/a>)<\/td><\/tr><tr><td><a href=\"\/storage\/plugins\/TerrainGenerator-1.2.2.sh3p\">TerrainGenerator-1.2.2.sh3p<\/a><br>(111 kB &#8211; bao g\u1ed3m m\u00e3 ngu\u1ed3n)<\/td><td style=\"text-align:center\">Space Mushrooms<\/td><td style=\"text-align:center\">C\u00f3<\/td><td style=\"text-align:center\">Kh\u00f4ng<\/td><td>Th\u00eam m\u1ee5c menu <em>C\u00f4ng c\u1ee5 &gt; T\u1ea1o \u0111\u1ecba h\u00ecnh 3D t\u1eeb c\u00e1c ph\u00f2ng<\/em> \u0111\u1ec3 t\u1ea1o m\u1ed9t h\u00ecnh d\u1ea1ng 3D t\u1eeb b\u1ec1 m\u1eb7t c\u1ee7a c\u00e1c ph\u00f2ng \u0111\u01b0\u1ee3c ch\u1ecdn \u0111\u01b0\u1ee3c bi\u1ebfn d\u1ea1ng b\u1edfi ng\u01b0\u1eddi d\u00f9ng (<a href=\"https:\/\/www.sweethome3d.com\/support\/forum\/viewthread_thread,10995\">\u0111\u1ecdc th\u00eam<\/a>)<\/td><\/tr><tr><td><a href=\"\/storage\/plugins\/SideView-1.1.1.sh3p\">SideView-1.1.1.sh3p<\/a><br>(44 kB &#8211; bao g\u1ed3m m\u00e3 ngu\u1ed3n)<\/td><td style=\"text-align:center\">Space Mushrooms<\/td><td style=\"text-align:center\">Kh\u00f4ng \u00e1p d\u1ee5ng<\/td><td style=\"text-align:center\">Kh\u00f4ng<\/td><td>Th\u00eam m\u1ee5c menu <em>C\u00f4ng c\u1ee5 &gt; Hi\u1ec3n th\u1ecb g\u00f3c nh\u00ecn b\u00ean<\/em> \u0111\u1ec3 hi\u1ec3n th\u1ecb g\u00f3c nh\u00ecn b\u00ean c\u1ee7a ng\u00f4i nh\u00e0 \u0111ang ch\u1ec9nh s\u1eeda v\u1edbi kh\u1ea3 n\u0103ng l\u01b0u l\u1ea1i (<a href=\"https:\/\/www.sweethome3d.com\/support\/forum\/viewthread_thread,11011\">\u0111\u1ecdc th\u00eam<\/a>)<\/td><\/tr><tr><td><a href=\"\/storage\/plugins\/ExportPlanImage-1.0.3.sh3p\">ExportPlanImage-1.0.3.sh3p<\/a><br>(29 kB &#8211; bao g\u1ed3m m\u00e3 ngu\u1ed3n)<\/td><td style=\"text-align:center\">Space Mushrooms<\/td><td style=\"text-align:center\">Kh\u00f4ng \u00e1p d\u1ee5ng<\/td><td style=\"text-align:center\">Kh\u00f4ng<\/td><td>Th\u00eam m\u1ee5c menu <em>\u0110\u1ed3 n\u1ed9i th\u1ea5t &gt; Xu\u1ea5t b\u1ea3n v\u1ebd ra h\u00ecnh \u1ea3nh<\/em> \u0111\u1ec3 xu\u1ea5t m\u1ed9t h\u00ecnh \u1ea3nh c\u1ee7a b\u1ea3n v\u1ebd sang \u0111\u1ecbnh d\u1ea1ng PNG ho\u1eb7c JPEG v\u1edbi k\u00edch th\u01b0\u1edbc t\u00f9y ch\u1ecdn<\/td><\/tr><tr><td><a href=\"\/storage\/plugins\/ExportToSH3F-1.1.1.sh3p\">ExportToSH3F-1.1.1.sh3p<\/a><br>(32 kB &#8211; bao g\u1ed3m m\u00e3 ngu\u1ed3n)<\/td><td style=\"text-align:center\">Space Mushrooms<\/td><td style=\"text-align:center\">Kh\u00f4ng \u00e1p d\u1ee5ng<\/td><td style=\"text-align:center\">Kh\u00f4ng<\/td><td>Th\u00eam m\u1ee5c menu <em>\u0110\u1ed3 n\u1ed9i th\u1ea5t &gt; Xu\u1ea5t \u0111\u1ed3 n\u1ed9i th\u1ea5t \u0111\u00e3 nh\u1eadp v\u00e0o SH3F<\/em> \u0111\u1ec3 xu\u1ea5t t\u1ea5t c\u1ea3 \u0111\u1ed3 n\u1ed9i th\u1ea5t \u0111\u00e3 nh\u1eadp v\u00e0o danh m\u1ee5c <a href=\"https:\/\/www.sweethome3d.com\/vi\/\">Sweet Home 3D<\/a> sang m\u1ed9t t\u1ec7p SH3F (<a href=\"https:\/\/www.sweethome3d.com\/support\/forum\/viewthread_thread,966_offset,5\">\u0111\u1ecdc th\u00eam<\/a>)<\/td><\/tr><tr><td><a href=\"\/storage\/plugins\/ExportToSH3T-1.1.1.sh3p\">ExportToSH3T-1.1.1.sh3p<\/a><br>(30 kB &#8211; bao g\u1ed3m m\u00e3 ngu\u1ed3n)<\/td><td style=\"text-align:center\">Space Mushrooms<\/td><td style=\"text-align:center\">Kh\u00f4ng \u00e1p d\u1ee5ng<\/td><td style=\"text-align:center\">Kh\u00f4ng<\/td><td>Th\u00eam m\u1ee5c menu <em>\u0110\u1ed3 n\u1ed9i th\u1ea5t &gt; Xu\u1ea5t c\u00e1c k\u1ebft c\u1ea5u \u0111\u00e3 nh\u1eadp v\u00e0o SH3T<\/em> \u0111\u1ec3 xu\u1ea5t t\u1ea5t c\u1ea3 c\u00e1c k\u1ebft c\u1ea5u \u0111\u00e3 nh\u1eadp v\u00e0o danh m\u1ee5c Sweet Home 3D sang m\u1ed9t t\u1ec7p SH3T (<a href=\"https:\/\/www.sweethome3d.com\/support\/forum\/viewthread_thread,12391\">\u0111\u1ecdc th\u00eam<\/a>)<\/td><\/tr><tr><td><a href=\"\/storage\/plugins\/ExportToHTML5-1.9.1.sh3p\">ExportToHTML5-1.9.1.sh3p<\/a><br>(391 kB &#8211; bao g\u1ed3m m\u00e3 ngu\u1ed3n)<\/td><td style=\"text-align:center\">Space Mushrooms<\/td><td style=\"text-align:center\">Kh\u00f4ng \u00e1p d\u1ee5ng<\/td><td style=\"text-align:center\">Kh\u00f4ng<\/td><td>Th\u00eam&nbsp;M\u1ee5c menu <em>C\u00f4ng c\u1ee5 &gt; Xu\u1ea5t sang HTML5<\/em> xu\u1ea5t b\u1ea3n ch\u1ebf \u0111\u1ed9 xem 3D c\u1ee7a ng\u00f4i nh\u00e0 \u0111\u00e3 ch\u1ec9nh s\u1eeda sang trang HTML5 c\u00f3 th\u1ec3 xem \u0111\u01b0\u1ee3c trong b\u1ea5t k\u1ef3 tr\u00ecnh duy\u1ec7t WebGL n\u00e0o (<a href=\"https:\/\/www.sweethome3d.com\/support\/forum\/viewthread_thread,6708\">\u0111\u1ecdc th\u00eam<\/a>). C\u00f4ng c\u1ee5 n\u00e0y c\u0169ng c\u00f3 s\u1eb5n th\u00f4ng qua&nbsp;<a href=\"https:\/\/www.sweethome3d.com\/exportHomes.jsp\">Tr\u00ecnh qu\u1ea3n l\u00fd c\u00e1c ng\u00f4i nh\u00e0 \u0111\u00e3 xu\u1ea5t<\/a> cho ph\u00e9p b\u1ea1n xu\u1ea5t v\u00e0 l\u01b0u tr\u1eef c\u00e1c t\u1ec7p SH3D tr\u00ean m\u00e1y ch\u1ee7 web sweethome3d.com.<\/td><\/tr><tr><td><a href=\"\/storage\/plugins\/UpdateRoadLinesPlugin-1.0.1.sh3p\">UpdateRoadLinesPlugin-1.0.1.sh3p<\/a><br>(70 kB &#8211; bao g\u1ed3m m\u00e3 ngu\u1ed3n)<\/td><td style=\"text-align:center\">Space Mushrooms<\/td><td style=\"text-align:center\">C\u00f3<\/td><td style=\"text-align:center\">C\u00f3<\/td><td>Th\u00eam m\u1ee5c menu <em>C\u00f4ng c\u1ee5 &gt; S\u1eeda \u0111\u1ed5i ki\u1ec3u \u0111\u01b0\u1eddng k\u1ebb<\/em> cho ph\u00e9p ng\u01b0\u1eddi d\u00f9ng ch\u1ecdn <a href=\"https:\/\/fr.wikipedia.org\/wiki\/Signalisation_routi%C3%A8re_horizontale_en_France\" target=\"_blank\" rel=\"noopener\">ki\u1ec3u \u0111\u01b0\u1eddng k\u1ebb \u0111\u01b0\u1eddng Ph\u00e1p<\/a> cho c\u00e1c \u0111\u01b0\u1eddng \u0111a tuy\u1ebfn \u0111\u01b0\u1ee3c ch\u1ecdn v\u00e0 m\u00e0u s\u1eafc c\u1ee7a ch\u00fang (<a href=\"https:\/\/www.sweethome3d.com\/blog\/2018\/12\/10\/customization_for_the_forensic_police.html\">\u0111\u1ecdc th\u00eam<\/a>)<\/td><\/tr><tr><td><a href=\"\/storage\/plugins\/EvidenceMarkerGenerator-1.1.1.sh3p\">EvidenceMarkerGenerator-1.1.1.sh3p<\/a><br>(38 kB &#8211; bao g\u1ed3m m\u00e3 ngu\u1ed3n)<\/td><td style=\"text-align:center\">Space Mushrooms<\/td><td style=\"text-align:center\">C\u00f3<\/td><td style=\"text-align:center\">Kh\u00f4ng<\/td><td>Th\u00eam m\u1ee5c menu <em>C\u00f4ng c\u1ee5 &gt; Th\u00eam d\u1ea5u b\u1eb1ng ch\u1ee9ng<\/em> c\u00f3 kh\u1ea3 n\u0103ng t\u1ea1o ra m\u1ed9t d\u1ea5u b\u1eb1ng ch\u1ee9ng \u0111\u01b0\u1ee3c \u0111\u00e1nh s\u1ed1 tr\u00ean m\u1ee5c \u0111\u01b0\u1ee3c ch\u1ecdn trong b\u1ea3n v\u1ebd (<a href=\"https:\/\/www.sweethome3d.com\/blog\/2018\/12\/10\/customization_for_the_forensic_police.html\">\u0111\u1ecdc th\u00eam<\/a>)<\/td><\/tr><tr><td><a href=\"https:\/\/sourceforge.net\/p\/sweethome3d\/plug-ins\/_discuss\/thread\/5e6557c2\/fef8\/attachment\/AdvancedEditing.sh3p\" target=\"_blank\" rel=\"noopener\">AdvancedEditing.sh3p<\/a><br>(135 kB &#8211; <a href=\"https:\/\/sourceforge.net\/p\/sweethome3d\/plug-ins\/_discuss\/thread\/5e6557c2\/fef8\/attachment\/AdvancedEditingPlugin-src.zip\" target=\"_blank\" rel=\"noopener\">m\u00e3 ngu\u1ed3n<\/a>)<\/td><td style=\"text-align:center\">Tobias Liefke<\/td><td style=\"text-align:center\">C\u00f3<\/td><td style=\"text-align:center\">C\u00f3<\/td><td>Th\u00eam c\u00e1c m\u1ee5c menu&nbsp;<em>Ch\u1ec9nh s\u1eeda &gt; Xoay<\/em>,&nbsp;<em>Ch\u1ec9nh s\u1eeda &gt; Di chuy\u1ec3n<\/em>,&nbsp;<em>Ch\u1ec9nh s\u1eeda &gt; L\u1eadt<\/em>,&nbsp;<em>Ch\u1ec9nh s\u1eeda &gt; Thay \u0111\u1ed5i k\u00edch th\u01b0\u1edbc, \u0110\u1ed3 n\u1ed9i th\u1ea5t &gt; N\u00e2ng l\u00ean<\/em>,&nbsp;<em>B\u1ea3n v\u1ebd &gt; Ch\u1ec9nh s\u1eeda \u0111i\u1ec3m ph\u00f2ng<\/em>,&nbsp;<em>B\u1ea3n v\u1ebd &gt; K\u1ebft n\u1ed1i t\u01b0\u1eddng<\/em> cho ph\u00e9p s\u1eeda \u0111\u1ed5i c\u00e1c \u0111\u1ed1i t\u01b0\u1ee3ng \u0111\u01b0\u1ee3c ch\u1ecdn trong b\u1ea3n v\u1ebd (<a href=\"https:\/\/www.sweethome3d.com\/support\/forum\/viewthread_thread,1757\">\u0111\u1ecdc th\u00eam<\/a>)<\/td><\/tr><tr><td><a href=\"https:\/\/sourceforge.net\/p\/sweethome3d\/plug-ins\/_discuss\/thread\/34cdde5620\/4c8d\/attachment\/Multiplier-2.2.sh3p\" target=\"_blank\" rel=\"noopener\">Multiplier-2.2.sh3p<\/a><br>(176 kB &#8211; bao g\u1ed3m m\u00e3 ngu\u1ed3n)<\/td><td style=\"text-align:center\">Dorin Vatavu<\/td><td style=\"text-align:center\">C\u00f3<\/td><td style=\"text-align:center\">C\u00f3<\/td><td>Th\u00eam m\u1ee5c menu <em>C\u00f4ng c\u1ee5 &gt; Nh\u00e2n b\u1ea3n<\/em> cho ph\u00e9p nh\u00e2n b\u1ea3n v\u00e0 d\u1ecbch chuy\u1ec3n c\u00e1c \u0111\u1ed1i t\u01b0\u1ee3ng \u0111\u01b0\u1ee3c ch\u1ecdn trong b\u1ea3n v\u1ebd (<a href=\"https:\/\/www.sweethome3d.com\/support\/forum\/viewthread_thread,10554\">\u0111\u1ecdc th\u00eam<\/a>)<\/td><\/tr><tr><td><a href=\"https:\/\/sourceforge.net\/p\/sweethome3d\/plug-ins\/_discuss\/thread\/015d788700\/98fc\/attachment\/AutoDimensioning.sh3p\" target=\"_blank\" rel=\"noopener\">AutoDimensioning.sh3p<\/a><br>(44 kB &#8211; bao g\u1ed3m m\u00e3 ngu\u1ed3n)<\/td><td style=\"text-align:center\">Dorin Vatavu<\/td><td style=\"text-align:center\">C\u00f3<\/td><td style=\"text-align:center\">C\u00f3<\/td><td>Th\u00eam m\u1ee5c menu <em>C\u00f4ng c\u1ee5 &gt; T\u1ef1 \u0111\u1ed9ng t\u1ea1o k\u00edch th\u01b0\u1edbc<\/em> cho ph\u00e9p t\u1ea1o ra c\u00e1c \u0111\u01b0\u1eddng k\u00edch th\u01b0\u1edbc cho to\u00e0n b\u1ed9 b\u1ea3n v\u1ebd (<a href=\"https:\/\/www.sweethome3d.com\/support\/forum\/viewthread_thread,10955\">\u0111\u1ecdc th\u00eam<\/a>)<\/td><\/tr><tr><td><a href=\"https:\/\/sourceforge.net\/p\/sweethome3d\/plug-ins\/_discuss\/thread\/914cc4be82\/b551\/attachment\/GenerateRoof-4.5.sh3p\" target=\"_blank\" rel=\"noopener\">GenerateRoof-4.5.sh3p<\/a><br>(690 kB &#8211; bao g\u1ed3m m\u00e3 ngu\u1ed3n)<\/td><td style=\"text-align:center\">Dorin Vatavu<br><br><\/td><td style=\"text-align:center\">Kh\u00f4ng \u00e1p d\u1ee5ng<\/td><td style=\"text-align:center\">Kh\u00f4ng<\/td><td>Th\u00eam m\u1ee5c menu <em>C\u00f4ng c\u1ee5 &gt; T\u1ea1o m\u00e1i nh\u00e0<\/em> cho ph\u00e9p t\u1ea1o ra m\u1ed9t m\u00e1i nh\u00e0 v\u1edbi c\u00e1c g\u00f3c d\u1ed1c kh\u00e1c nhau t\u1eeb h\u00ecnh d\u1ea1ng c\u1ee7a ph\u00f2ng \u0111\u01b0\u1ee3c ch\u1ecdn (<a href=\"https:\/\/www.sweethome3d.com\/support\/forum\/viewthread_thread%2C11330\">\u0111\u1ecdc th\u00eam<\/a>)<\/td><\/tr><tr><td><a href=\"https:\/\/sourceforge.net\/p\/sweethome3d\/plug-ins\/_discuss\/thread\/182d97c5\/ad56\/attachment\/AdvancedSettingsPhotoRendering-1.4.1.sh3p\" target=\"_blank\" rel=\"noopener\">AdvancedSettings<br>PhotoRendering-1.4.1.sh3p<\/a><br>(52 kB &#8211; bao g\u1ed3m m\u00e3 ngu\u1ed3n)<\/td><td style=\"text-align:center\">Enko Nyito<\/td><td style=\"text-align:center\">Kh\u00f4ng \u00e1p d\u1ee5ng<\/td><td style=\"text-align:center\">Kh\u00f4ng<\/td><td>Th\u00eam m\u1ee5c menu <em>C\u00f4ng c\u1ee5 &gt; C\u00e0i \u0111\u1eb7t n\u00e2ng cao c\u1ee7a k\u1ebft xu\u1ea5t \u1ea3nh <\/em>cho ph\u00e9p b\u1ea1n ch\u1ec9nh s\u1eeda m\u1ed9t s\u1ed1 <a href=\"https:\/\/sourceforge.net\/p\/sweethome3d\/code\/HEAD\/tree\/trunk\/SweetHome3D\/src\/com\/eteks\/sweethome3d\/j3d\/PhotoRenderer.properties\" target=\"_blank\" rel=\"noopener\">thu\u1ed9c t\u00ednh n\u00e2ng cao<\/a> \u0111\u01b0\u1ee3c s\u1eed d\u1ee5ng b\u1edfi c\u00e1c b\u1ed9 k\u1ebft xu\u1ea5t \u1ea3nh \u1edf hai m\u1ee9c ch\u1ea5t l\u01b0\u1ee3ng t\u1ed1t nh\u1ea5t (<a href=\"https:\/\/www.sweethome3d.com\/support\/forum\/viewthread_thread,6122_offset,20\">\u0111\u1ecdc th\u00eam<\/a>)<\/td><\/tr><tr><td><a href=\"https:\/\/sourceforge.net\/p\/sweethome3d\/plug-ins\/_discuss\/thread\/40b57f75\/5282\/attachment\/PhotoVideoRendering-2.8.zip\" target=\"_blank\" rel=\"noopener\">PhotoVideoRendering-2.8.zip<\/a><br>(15 MB &#8211; bao g\u1ed3m t\u1ec7p SH3P + m\u00e3 ngu\u1ed3n)<\/td><td style=\"text-align:center\">Enko Nyito<\/td><td style=\"text-align:center\">N\/A<\/td><td style=\"text-align:center\">Kh\u00f4ng<\/td><td>Th\u00eam menu <em>K\u1ebft xu\u1ea5t \u1ea3nh-video<\/em>, v\u1edbi c\u00e1c m\u1ee5c menu \u0111\u1ec3 k\u1ebft xu\u1ea5t \u1ea3nh v\u00e0 video v\u1edbi c\u00e0i \u0111\u1eb7t b\u1ed5 sung (<a href=\"https:\/\/sourceforge.net\/p\/sweethome3d\/plug-ins\/18\/\" target=\"_blank\" rel=\"noopener\">\u0111\u1ecdc th\u00eam<\/a>)<\/td><\/tr><\/tbody><\/table><\/figure>\n\n<p>\u0110\u1ec3 g\u1ee1 c\u00e0i \u0111\u1eb7t m\u1ed9t plug-in, h\u00e3y x\u00f3a t\u1ec7p SH3P c\u1ee7a n\u00f3 kh\u1ecfi th\u01b0 m\u1ee5c plug-ins c\u1ee7a <a href=\"https:\/\/www.sweethome3d.com\/vi\/download\/\" data-type=\"page\" data-id=\"396\">Sweet Home 3D<\/a>, v\u00e0 kh\u1edfi \u0111\u1ed9ng l\u1ea1i \u1ee9ng d\u1ee5ng. Th\u01b0 m\u1ee5c n\u00e0y \u0111\u01b0\u1ee3c hi\u1ec3n th\u1ecb khi b\u1ea1n b\u1ea5m v\u00e0o b\u1ea5t k\u1ef3 t\u1ec7p SH3P n\u00e0o \u0111\u01b0\u1ee3c li\u1ec7t k\u00ea trong ph\u1ea7n <em>Plug-ins<\/em> c\u1ee7a ng\u0103n <em>Th\u01b0 vi\u1ec7n \u0111ang s\u1eed d\u1ee5ng<\/em>. Ng\u0103n n\u00e0y \u0111\u01b0\u1ee3c hi\u1ec3n th\u1ecb b\u1eb1ng c\u00e1ch b\u1ea5m v\u00e0o n\u00fat <em>Th\u01b0 vi\u1ec7n&#8230;<\/em> \u0111\u01b0\u1ee3c hi\u1ec3n th\u1ecb \u1edf cu\u1ed1i h\u1ed9p tho\u1ea1i <em>Gi\u1edbi thi\u1ec7u<\/em> c\u1ee7a Sweet Home 3D. N\u1ebfu b\u1ea1n mu\u1ed1n t\u1ef1 l\u1eadp tr\u00ecnh m\u1ed9t s\u1ed1 plug-ins, h\u00e3y \u0111\u1ecdc <a href=\"https:\/\/www.sweethome3d.com\/vi\/huong-dan-cho-nha-phat-trien-plug-in\/\" data-type=\"page\" data-id=\"4964\">H\u01b0\u1edbng d\u1eabn ph\u00e1t tri\u1ec3n Plug-in<\/a>.   <\/p>\n\n<div style=\"height:50px\" aria-hidden=\"true\" class=\"wp-block-spacer\"><\/div>\n\n<h2 class=\"wp-block-heading\" id=\"tools\" style=\"font-style:normal;font-weight:600\">C\u00f4ng c\u1ee5<\/h2>\n\n<p>B\u1ea3ng sau li\u1ec7t k\u00ea m\u1ed9t s\u1ed1 c\u00f4ng c\u1ee5 b\u1ed5 sung \u0111\u01b0\u1ee3c cung c\u1ea5p b\u1edfi Space Mushrooms h\u1eefu \u00edch cho <a href=\"https:\/\/www.sweethome3d.com\/vi\/download\/\" data-type=\"page\" data-id=\"396\">Sweet Home 3D<\/a>. Nh\u1eefng c\u00f4ng c\u1ee5 n\u00e0y c\u00f3 s\u1eb5n d\u01b0\u1edbi d\u1ea1ng t\u1ec7p th\u1ef1c thi Jar c\u00f3 th\u1ec3 \u0111\u01b0\u1ee3c kh\u1edfi ch\u1ea1y b\u1eb1ng c\u00e1ch b\u1ea5m \u0111\u00fap v\u00e0o ch\u00fang sau khi <a href=\"https:\/\/www.java.com\/\" target=\"_blank\" rel=\"noopener\">Java<\/a> \u0111\u01b0\u1ee3c c\u00e0i \u0111\u1eb7t tr\u00ean h\u1ec7 th\u1ed1ng c\u1ee7a b\u1ea1n. Tr\u00ean macOS, l\u1ea7n kh\u1edfi ch\u1ea1y \u0111\u1ea7u ti\u00ean c\u1ee7a t\u1ec7p th\u1ef1c thi Jar \u0111\u01b0\u1ee3c t\u1ea3i xu\u1ed1ng t\u1eeb Internet ph\u1ea3i \u0111\u01b0\u1ee3c th\u1ef1c hi\u1ec7n b\u1eb1ng c\u00e1ch b\u1ea5m v\u00e0o t\u1ec7p Jar trong khi gi\u1eef ph\u00edm <em>ctrl<\/em>, sau \u0111\u00f3 ch\u1ecdn <em>M\u1edf<\/em> trong menu ng\u1eef c\u1ea3nh s\u1ebd xu\u1ea5t hi\u1ec7n.  <\/p>\n\n<figure class=\"wp-block-flexible-table-block-table alignwide is-content-justification-center table-tools table-overflow-x\"><table class=\"has-fixed-layout\" style=\"border-collapse:collapse\"><thead><tr><th style=\"text-align:center\">C\u00f4ng c\u1ee5<\/th><th style=\"text-align:center;width:500px\">M\u00f4 t\u1ea3<\/th><\/tr><\/thead><tbody><tr><td style=\"text-align:left\"><a href=\"https:\/\/sourceforge.net\/projects\/sweethome3d\/files\/FurnitureLibraryEditor\/FurnitureLibraryEditor-2.2.jar\/download\" target=\"_blank\" rel=\"noopener\">FurnitureLibraryEditor-2.2.jar<\/a><br>(14.4 MB &#8211; <a href=\"https:\/\/sourceforge.net\/projects\/sweethome3d\/files\/FurnitureLibraryEditor-source\/FurnitureLibraryEditor-2.2-src.zip\" target=\"_blank\" rel=\"noopener\">m\u00e3 ngu\u1ed3n<\/a>)<\/td><td style=\"width:500px\">\u1ee8ng d\u1ee5ng n\u00e0y cho ph\u00e9p b\u1ea1n t\u1ea1o t\u1ec7p th\u01b0 vi\u1ec7n n\u1ed9i th\u1ea5t SH3F v\u00e0 ch\u1ec9nh s\u1eeda thu\u1ed9c t\u00ednh c\u1ee7a c\u00e1c m\u00f4 h\u00ecnh 3D m\u00e0 n\u00f3 ch\u1ee9a (<a href=\"https:\/\/www.sweethome3d.com\/support\/forum\/viewthread_thread,1550\">\u0111\u1ecdc th\u00eam<\/a>)<\/td><\/tr><tr><td><a href=\"https:\/\/sourceforge.net\/projects\/sweethome3d\/files\/TexturesLibraryEditor\/TexturesLibraryEditor-2.1.jar\/download\" target=\"_blank\" rel=\"noopener\">TexturesLibraryEditor-2.1.jar<\/a><br>(1.2 MB &#8211; <a href=\"https:\/\/sourceforge.net\/projects\/sweethome3d\/files\/TexturesLibraryEditor-source\/TexturesLibraryEditor-2.1-src.zip\" target=\"_blank\" rel=\"noopener\">m\u00e3 ngu\u1ed3n<\/a>)<\/td><td style=\"width:500px\">\u1ee8ng d\u1ee5ng n\u00e0y cho ph\u00e9p b\u1ea1n t\u1ea1o t\u1ec7p th\u01b0 vi\u1ec7n k\u1ebft c\u1ea5u SH3T v\u00e0 ch\u1ec9nh s\u1eeda thu\u1ed9c t\u00ednh c\u1ee7a c\u00e1c h\u00ecnh \u1ea3nh k\u1ebft c\u1ea5u m\u00e0 n\u00f3 ch\u1ee9a (<a href=\"https:\/\/www.sweethome3d.com\/support\/forum\/viewthread_thread,3502\">\u0111\u1ecdc th\u00eam<\/a>)<\/td><\/tr><tr><td><a href=\"\/storage\/downloads\/HugeFileCleaner-1.0.jar\">HugeFileCleaner-1.0.jar<\/a><br>(7 kB &#8211; bao g\u1ed3m m\u00e3 ngu\u1ed3n)<\/td><td style=\"width:500px\">\u1ee8ng d\u1ee5ng n\u00e0y lo\u1ea1i b\u1ecf c\u00e1c m\u1ee5c kh\u00f4ng c\u1ea7n thi\u1ebft c\u00f3 th\u1ec3 \u0111\u00e3 xu\u1ea5t hi\u1ec7n trong c\u00e1c t\u1ec7p SH3D l\u1edbn (th\u01b0\u1eddng l\u1edbn h\u01a1n 500 MB) \u0111\u01b0\u1ee3c t\u1ea1o v\u1edbi c\u00e1c phi\u00ean b\u1ea3n Sweet Home 3D c\u0169 h\u01a1n 5.2, khi b\u1ea1n s\u1eed d\u1ee5ng danh s\u00e1ch g\u1ea7n \u0111\u00e2y c\u1ee7a k\u1ebft c\u1ea5u \u0111\u01b0\u1ee3c hi\u1ec3n th\u1ecb trong h\u1ed9p tho\u1ea1i k\u1ebft c\u1ea5u \u0111\u1ec3 sao ch\u00e9p k\u1ebft c\u1ea5u c\u1ee7a c\u00e1c m\u00f4 h\u00ecnh 3D \u0111\u01b0\u1ee3c t\u00ecm th\u1ea5y trong danh m\u1ee5c n\u1ed9i th\u1ea5t (<a href=\"https:\/\/www.sweethome3d.com\/support\/forum\/viewthread_thread,6331_offset,21\">\u0111\u1ecdc th\u00eam<\/a>)<\/td><\/tr><tr><td><a href=\"https:\/\/apps.apple.com\/us\/app\/tape-measure\/id1437807477\" target=\"_blank\" rel=\"noopener\">Th\u01b0\u1edbc \u0111o<\/a><\/td><td style=\"width:500px\">\u1ee8ng d\u1ee5ng n\u00e0y cho ph\u00e9p b\u1ea1n th\u1ef1c hi\u1ec7n c\u00e1c ph\u00e9p \u0111o v\u00e0 t\u1ea1o b\u1ea3n thi\u1ebft k\u1ebf ch\u00ednh x\u00e1c c\u1ee7a ng\u00f4i nh\u00e0, b\u1eb1ng c\u00e1ch qu\u00e9t kh\u00f4ng gian xung quanh b\u1ea1n v\u00e0 \u0111\u00e1nh d\u1ea5u c\u00e1c g\u00f3c c\u1ee7a c\u00e1c ph\u00f2ng. Sau \u0111\u00f3 b\u1ea1n c\u00f3 th\u1ec3 nh\u1eadp s\u01a1 \u0111\u1ed3 m\u1eb7t b\u1eb1ng tr\u1ef1c ti\u1ebfp v\u00e0o Sweet Home 3d \u0111\u1ec3 b\u1eaft \u0111\u1ea7u thi\u1ebft k\u1ebf tr\u00ean \u0111\u00f3. L\u01b0u \u00fd r\u1eb1ng \u1ee9ng d\u1ee5ng hi\u1ec7n t\u1ea1i ch\u1ec9 c\u00f3 s\u1eb5n tr\u00ean iOS.<\/td><\/tr><\/tbody><\/table><\/figure>\n\n<p><\/p>\n","protected":false},"excerpt":{"rendered":"<p>Trang n\u00e0y m\u00f4 t\u1ea3 c\u00e1c ti\u1ec7n \u00edch b\u1ed5 sung ch\u00ednh v\u00e0 c\u00e1c c\u00f4ng c\u1ee5 kh\u00e1c c\u00f3 s\u1eb5n cho Sweet Home 3D.<\/p>\n","protected":false},"author":4,"featured_media":4126,"parent":0,"menu_order":0,"comment_status":"closed","ping_status":"closed","template":"page-resources.php","meta":{"inline_featured_image":false,"footnotes":""},"class_list":["post-4127","page","type-page","status-publish","has-post-thumbnail","hentry"],"_links":{"self":[{"href":"https:\/\/www.sweethome3d.com\/vi\/wp-json\/wp\/v2\/pages\/4127","targetHints":{"allow":["GET"]}}],"collection":[{"href":"https:\/\/www.sweethome3d.com\/vi\/wp-json\/wp\/v2\/pages"}],"about":[{"href":"https:\/\/www.sweethome3d.com\/vi\/wp-json\/wp\/v2\/types\/page"}],"author":[{"embeddable":true,"href":"https:\/\/www.sweethome3d.com\/vi\/wp-json\/wp\/v2\/users\/4"}],"replies":[{"embeddable":true,"href":"https:\/\/www.sweethome3d.com\/vi\/wp-json\/wp\/v2\/comments?post=4127"}],"version-history":[{"count":4,"href":"https:\/\/www.sweethome3d.com\/vi\/wp-json\/wp\/v2\/pages\/4127\/revisions"}],"predecessor-version":[{"id":16555,"href":"https:\/\/www.sweethome3d.com\/vi\/wp-json\/wp\/v2\/pages\/4127\/revisions\/16555"}],"wp:featuredmedia":[{"embeddable":true,"href":"https:\/\/www.sweethome3d.com\/vi\/wp-json\/wp\/v2\/media\/4126"}],"wp:attachment":[{"href":"https:\/\/www.sweethome3d.com\/vi\/wp-json\/wp\/v2\/media?parent=4127"}],"curies":[{"name":"wp","href":"https:\/\/api.w.org\/{rel}","templated":true}]}}