{"id":3786,"date":"2025-11-11T14:14:07","date_gmt":"2025-11-11T14:14:07","guid":{"rendered":"https:\/\/www.sweethome3d.com\/trinh-quan-ly-nha-da-xuat\/"},"modified":"2025-12-15T15:03:49","modified_gmt":"2025-12-15T15:03:49","slug":"trinh-quan-ly-nha-da-xuat","status":"publish","type":"page","link":"https:\/\/www.sweethome3d.com\/vi\/trinh-quan-ly-nha-da-xuat\/","title":{"rendered":"Tr\u00ecnh qu\u1ea3n l\u00fd nh\u00e0 \u0111\u00e3 xu\u1ea5t"},"content":{"rendered":"\n<p class=\"has-text-align-center\">D\u1ef1a tr\u00ean <a href=\"\/support\/forum\/viewthread_thread,6708\" target=\"_blank\" rel=\"noreferrer noopener\">plug-in Xu\u1ea5t ra HTML5<\/a>, d\u1ecbch v\u1ee5 n\u00e0y cho ph\u00e9p ng\u01b0\u1eddi d\u00f9ng \u0111\u00e3 \u0111\u0103ng k\u00fd t\u1ea3i l\u00ean c\u00e1c t\u1ec7p <a href=\"https:\/\/www.sweethome3d.com\/vi\/\">Sweet Home 3D<\/a> c\u1ee7a h\u1ecd l\u00ean m\u00e1y ch\u1ee7 web n\u00e0y, \u0111\u1ec3 xem ch\u00fang \u1edf d\u1ea1ng 3D v\u1edbi b\u1ea5t k\u1ef3 tr\u00ecnh duy\u1ec7t n\u00e0o t\u01b0\u01a1ng th\u00edch v\u1edbi WebGL, nh\u01b0 trong <a href=\"\/viewHome.jsp?id=1\" target=\"_blank\" rel=\"noreferrer noopener\">v\u00ed d\u1ee5 n\u00e0y<\/a> \u0111\u01b0\u1ee3c hi\u1ec3n th\u1ecb trong \u1ea3nh ch\u1ee5p m\u00e0n h\u00ecnh d\u01b0\u1edbi \u0111\u00e2y, th\u1ec3 hi\u1ec7n t\u1ec7p <em>SweetHome3DExample3.sh3d<\/em> c\u00f3 s\u1eb5n trong <a href=\"https:\/\/www.sweethome3d.com\/vi\/thu-vien\/\">th\u01b0 vi\u1ec7n<\/a>.<br\/>N\u1ebfu b\u1ea1n mu\u1ed1n s\u1eed d\u1ee5ng tr\u00ecnh qu\u1ea3n l\u00fd nh\u00e0 \u0111\u00e3 xu\u1ea5t, h\u00e3y <a href=\"\/support\/forum\/registermember\" target=\"_blank\" rel=\"noreferrer noopener\">\u0111\u0103ng k\u00fd<\/a> mi\u1ec5n ph\u00ed d\u1ecbch v\u1ee5 Sweet Home 3D tr\u01b0\u1edbc v\u00e0 <a href=\"\/support\/forum\/login?url=https%3A%2F%2Fwww.sweethome3d.com%2FexportHomes.jsp&amp;forumLogin=false&amp;lang=en\" target=\"_blank\" rel=\"noreferrer noopener\">\u0111\u0103ng nh\u1eadp<\/a>.<\/p>\n\n<div style=\"height:50px\" aria-hidden=\"true\" class=\"wp-block-spacer\"><\/div>\n\n<div class=\"wp-block-group is-content-justification-center is-nowrap is-layout-flex wp-container-core-group-is-layout-94bc23d7 wp-block-group-is-layout-flex\">\n<figure class=\"wp-block-image aligncenter size-full\"><img decoding=\"async\" width=\"1788\" height=\"1090\" data-src=\"https:\/\/www.sweethome3d.com\/wp-content\/uploads\/2025\/11\/Frame-327.png\" alt=\"\" class=\"wp-image-972 lazyload\" data-srcset=\"https:\/\/www.sweethome3d.com\/wp-content\/uploads\/2025\/11\/Frame-327.png 1788w, https:\/\/www.sweethome3d.com\/wp-content\/uploads\/2025\/11\/Frame-327-300x183.png 300w, https:\/\/www.sweethome3d.com\/wp-content\/uploads\/2025\/11\/Frame-327-1024x624.png 1024w, https:\/\/www.sweethome3d.com\/wp-content\/uploads\/2025\/11\/Frame-327-148x90.png 148w, https:\/\/www.sweethome3d.com\/wp-content\/uploads\/2025\/11\/Frame-327-768x468.png 768w, https:\/\/www.sweethome3d.com\/wp-content\/uploads\/2025\/11\/Frame-327-1536x936.png 1536w\" data-sizes=\"(max-width: 1788px) 100vw, 1788px\" src=\"data:image\/svg+xml;base64,PHN2ZyB3aWR0aD0iMSIgaGVpZ2h0PSIxIiB4bWxucz0iaHR0cDovL3d3dy53My5vcmcvMjAwMC9zdmciPjwvc3ZnPg==\" style=\"--smush-placeholder-width: 1788px; --smush-placeholder-aspect-ratio: 1788\/1090;\" \/><\/figure>\n<\/div>\n","protected":false},"excerpt":{"rendered":"<p>D\u1ef1a tr\u00ean plug-in Xu\u1ea5t ra HTML5, d\u1ecbch v\u1ee5 n\u00e0y cho ph\u00e9p ng\u01b0\u1eddi d\u00f9ng \u0111\u00e3 \u0111\u0103ng k\u00fd t\u1ea3i l\u00ean c\u00e1c t\u1ec7p Sweet Home 3D c\u1ee7a h\u1ecd l\u00ean m\u00e1y ch\u1ee7 web n\u00e0y, \u0111\u1ec3 xem ch\u00fang \u1edf d\u1ea1ng 3D v\u1edbi b\u1ea5t k\u1ef3 tr\u00ecnh duy\u1ec7t n\u00e0o t\u01b0\u01a1ng th\u00edch v\u1edbi WebGL, nh\u01b0 trong v\u00ed d\u1ee5 n\u00e0y \u0111\u01b0\u1ee3c hi\u1ec3n th\u1ecb trong<a href=\"https:\/\/www.sweethome3d.com\/vi\/trinh-quan-ly-nha-da-xuat\/\">Continue reading <span class=\"sr-only\">&#8220;Tr\u00ecnh qu\u1ea3n l\u00fd nh\u00e0 \u0111\u00e3 xu\u1ea5t&#8221;<\/span><\/a><\/p>\n","protected":false},"author":2,"featured_media":3785,"parent":0,"menu_order":0,"comment_status":"closed","ping_status":"closed","template":"page-export-homes.php","meta":{"inline_featured_image":false,"footnotes":""},"class_list":["post-3786","page","type-page","status-publish","has-post-thumbnail","hentry"],"_links":{"self":[{"href":"https:\/\/www.sweethome3d.com\/vi\/wp-json\/wp\/v2\/pages\/3786","targetHints":{"allow":["GET"]}}],"collection":[{"href":"https:\/\/www.sweethome3d.com\/vi\/wp-json\/wp\/v2\/pages"}],"about":[{"href":"https:\/\/www.sweethome3d.com\/vi\/wp-json\/wp\/v2\/types\/page"}],"author":[{"embeddable":true,"href":"https:\/\/www.sweethome3d.com\/vi\/wp-json\/wp\/v2\/users\/2"}],"replies":[{"embeddable":true,"href":"https:\/\/www.sweethome3d.com\/vi\/wp-json\/wp\/v2\/comments?post=3786"}],"version-history":[{"count":2,"href":"https:\/\/www.sweethome3d.com\/vi\/wp-json\/wp\/v2\/pages\/3786\/revisions"}],"predecessor-version":[{"id":9291,"href":"https:\/\/www.sweethome3d.com\/vi\/wp-json\/wp\/v2\/pages\/3786\/revisions\/9291"}],"wp:featuredmedia":[{"embeddable":true,"href":"https:\/\/www.sweethome3d.com\/vi\/wp-json\/wp\/v2\/media\/3785"}],"wp:attachment":[{"href":"https:\/\/www.sweethome3d.com\/vi\/wp-json\/wp\/v2\/media?parent=3786"}],"curies":[{"name":"wp","href":"https:\/\/api.w.org\/{rel}","templated":true}]}}