{"id":3044,"date":"2025-09-18T11:52:32","date_gmt":"2025-09-18T11:52:32","guid":{"rendered":"https:\/\/www.sweethome3d.com\/tai-lieu\/"},"modified":"2026-01-26T10:27:14","modified_gmt":"2026-01-26T10:27:14","slug":"tai-lieu","status":"publish","type":"page","link":"https:\/\/www.sweethome3d.com\/vi\/tai-lieu\/","title":{"rendered":"T\u00e0i li\u1ec7u"},"content":{"rendered":"\n<h2 class=\"wp-block-heading\">H\u01b0\u1edbng d\u1eabn ng\u01b0\u1eddi d\u00f9ng<\/h2>\n\n<p>H\u01b0\u1edbng d\u1eabn ng\u01b0\u1eddi d\u00f9ng <a href=\"https:\/\/www.sweethome3d.com\/vi\/download\/\" data-type=\"page\" data-id=\"396\">Sweet Home 3D<\/a> c\u00f3 s\u1eb5n t\u1ea1i <a href=\"https:\/\/www.sweethome3d.com\/vi\/huong-dan-su-dung-sweet-home-3d\/\" data-type=\"page\" data-id=\"424\">trang n\u00e0y<\/a>, v\u00e0 danh s\u00e1ch c\u00e1c ph\u00edm t\u1eaft trong <a href=\"\/storage\/SweetHome3DShortcuts.pdf\">t\u00e0i li\u1ec7u n\u00e0y<\/a> (PDF).<\/p>\n\n<p><a href=\"https:\/\/www.sweethome3d.com\/vi\/download\/\" data-type=\"page\" data-id=\"396\">Sweet Home 3D<\/a> c\u0169ng cung c\u1ea5p <a href=\"https:\/\/www.sweethome3d.com\/vi\/cau-hoi-thuong-gap\/\" data-type=\"page\" data-id=\"422\">FAQ<\/a> \u0111\u01b0\u1ee3c c\u1eadp nh\u1eadt th\u01b0\u1eddng xuy\u00ean v\u00e0 tr\u1ee3 gi\u00fap \u0111\u1ea7y \u0111\u1ee7 c\u00f3 th\u1ec3 truy c\u1eadp t\u1eeb m\u1ee5c menu <em>Help &gt; <a href=\"https:\/\/www.sweethome3d.com\/vi\/\">Sweet Home 3D<\/a> Help<\/em>.<\/p>\n\n<div class=\"wp-block-group is-content-justification-center is-nowrap is-layout-flex wp-container-core-group-is-layout-94bc23d7 wp-block-group-is-layout-flex\">\n<figure data-wp-context=\"{&quot;imageId&quot;:&quot;69e4ebd9c1045&quot;}\" data-wp-interactive=\"core\/image\" data-wp-key=\"69e4ebd9c1045\" class=\"wp-block-image size-large wp-lightbox-container\"><img decoding=\"async\" width=\"1024\" height=\"696\" data-wp-class--hide=\"state.isContentHidden\" data-wp-class--show=\"state.isContentVisible\" data-wp-init=\"callbacks.setButtonStyles\" data-wp-on--click=\"actions.showLightbox\" data-wp-on--load=\"callbacks.setButtonStyles\" data-wp-on-window--resize=\"callbacks.setButtonStyles\" data-src=\"https:\/\/www.sweethome3d.com\/wp-content\/uploads\/2025\/11\/IMG-1024x696.png\" alt=\"T&#xE0;i li&#x1EC7;u\" class=\"wp-image-1567 lazyload\" data-srcset=\"https:\/\/www.sweethome3d.com\/wp-content\/uploads\/2025\/11\/IMG-1024x696.png 1024w, https:\/\/www.sweethome3d.com\/wp-content\/uploads\/2025\/11\/IMG-300x204.png 300w, https:\/\/www.sweethome3d.com\/wp-content\/uploads\/2025\/11\/IMG-132x90.png 132w, https:\/\/www.sweethome3d.com\/wp-content\/uploads\/2025\/11\/IMG-768x522.png 768w, https:\/\/www.sweethome3d.com\/wp-content\/uploads\/2025\/11\/IMG-1536x1044.png 1536w, https:\/\/www.sweethome3d.com\/wp-content\/uploads\/2025\/11\/IMG-2048x1392.png 2048w\" data-sizes=\"(max-width: 1024px) 100vw, 1024px\" src=\"data:image\/svg+xml;base64,PHN2ZyB3aWR0aD0iMSIgaGVpZ2h0PSIxIiB4bWxucz0iaHR0cDovL3d3dy53My5vcmcvMjAwMC9zdmciPjwvc3ZnPg==\" style=\"--smush-placeholder-width: 1024px; --smush-placeholder-aspect-ratio: 1024\/696;\" \/><button\n\t\t\tclass=\"lightbox-trigger\"\n\t\t\ttype=\"button\"\n\t\t\taria-haspopup=\"dialog\"\n\t\t\taria-label=\"Ph\u00f3ng to\"\n\t\t\tdata-wp-init=\"callbacks.initTriggerButton\"\n\t\t\tdata-wp-on--click=\"actions.showLightbox\"\n\t\t\tdata-wp-style--right=\"state.imageButtonRight\"\n\t\t\tdata-wp-style--top=\"state.imageButtonTop\"\n\t\t>\n\t\t\t<svg xmlns=\"http:\/\/www.w3.org\/2000\/svg\" width=\"12\" height=\"12\" fill=\"none\" viewBox=\"0 0 12 12\">\n\t\t\t\t<path fill=\"#fff\" d=\"M2 0a2 2 0 0 0-2 2v2h1.5V2a.5.5 0 0 1 .5-.5h2V0H2Zm2 10.5H2a.5.5 0 0 1-.5-.5V8H0v2a2 2 0 0 0 2 2h2v-1.5ZM8 12v-1.5h2a.5.5 0 0 0 .5-.5V8H12v2a2 2 0 0 1-2 2H8Zm2-12a2 2 0 0 1 2 2v2h-1.5V2a.5.5 0 0 0-.5-.5H8V0h2Z\" \/>\n\t\t\t<\/svg>\n\t\t<\/button><\/figure>\n<\/div>\n\n<p>B\u1ea1n c\u0169ng c\u00f3 th\u1ec3 \u0111\u1ecdc c\u00e1c h\u01b0\u1edbng d\u1eabn sau \u0111\u01b0\u1ee3c vi\u1ebft b\u1edfi c\u00e1c c\u1ed9ng t\u00e1c vi\u00ean:<\/p>\n\n<div class=\"wp-block-group is-nowrap is-layout-flex wp-container-core-group-is-layout-ad2f72ca wp-block-group-is-layout-flex\">\n<ul class=\"wp-block-list\">\n<li><a href=\"https:\/\/www.sweethome3d.com\/wp-content\/uploads\/2025\/12\/personalizedTexturesGuide.pdf\" data-type=\"attachment\" data-id=\"4801\">C\u00e1ch t\u1ea1o texture c\u00e1 nh\u00e2n h\u00f3a cho Sweet Home 3D<\/a> (PDF) b\u1edfi Ouais, d\u1ecbch b\u1edfi Hans Dirkse<\/li>\n\n\n\n<li><a href=\"https:\/\/www.sweethome3d.com\/wp-content\/uploads\/2025\/12\/multiLevelHouseGuide.pdf\" data-type=\"attachment\" data-id=\"4800\">C\u00e1ch t\u1ea1o ng\u00f4i nh\u00e0 nhi\u1ec1u t\u1ea7ng v\u1edbi Sweet Home 3D 3.3 ho\u1eb7c c\u00e1c phi\u00ean b\u1ea3n tr\u01b0\u1edbc<\/a> (PDF) b\u1edfi Hans Dirkse<\/li>\n\n\n\n<li><a href=\"https:\/\/www.sweethome3d.com\/wp-content\/uploads\/2025\/12\/pluginsUserGuide.pdf\" data-type=\"attachment\" data-id=\"4799\">H\u01b0\u1edbng d\u1eabn cho Plug-ins v\u00e0 Extensions<\/a> (PDF) b\u1edfi Hans Dirkse<\/li>\n\n\n\n<li><a href=\"https:\/\/www.sweethome3d.com\/wp-content\/uploads\/2025\/12\/slopingCeilingGuide.pdf\" data-type=\"attachment\" data-id=\"4798\">H\u01b0\u1edbng d\u1eabn cho tr\u1ea7n nghi\u00eang, m\u00e1i nh\u00e0, c\u1eeda s\u1ed5 m\u00e1i v\u00e0 nhi\u1ec1u h\u01a1n n\u1eefa<\/a> (PDF) b\u1edfi Hans Dirkse<\/li>\n\n\n\n<li><a href=\"https:\/\/www.sweethome3d.com\/wp-content\/uploads\/2025\/12\/SVGPathMiniManualForSweetHome3D.pdf\" data-type=\"attachment\" data-id=\"4797\">H\u01b0\u1edbng d\u1eabn cho SVG Path cut-outs v\u00e0 c\u00e1c thu\u1ed9c t\u00ednh n\u1ed9i th\u1ea5t kh\u00e1c<\/a> (PDF) b\u1edfi OKH<\/li>\n\n\n\n<li><a href=\"https:\/\/www.sweethome3d.com\/vi\/meo-va-thu-thuat\/\" data-type=\"page\" data-id=\"426\">M\u1ed9t s\u1ed1 m\u1eb9o trong blog Sweet Home 3D<\/a><\/li>\n<\/ul>\n<\/div>\n\n<h2 class=\"wp-block-heading\" id=\"video-tutorials\">Video h\u01b0\u1edbng d\u1eabn<\/h2>\n\n<p>H\u00e3y xem c\u00e1c video h\u01b0\u1edbng d\u1eabn sau \u0111\u00e2y \u0111\u1ec3 t\u00ecm hi\u1ec3u c\u00e1ch s\u1eed d\u1ee5ng <a href=\"https:\/\/www.sweethome3d.com\/vi\/cac-tinh-nang-cua-sweet-home-3d\/\" data-type=\"link\" data-id=\"https:\/\/www.sweethome3d.com\/features\/\">c\u00e1c t\u00ednh n\u0103ng<\/a> c\u01a1 b\u1ea3n c\u1ee7a Sweet Home 3D tr\u00ean m\u00e1y t\u00ednh v\u00e0 thi\u1ebft b\u1ecb di \u0111\u1ed9ng.<\/p>\n\n<h3 class=\"wp-block-heading\">V\u1ebd c\u00e2y v\u00e0 t\u1ea7ng<\/h3>\n\n<div class=\"wp-block-group is-layout-grid wp-container-core-group-is-layout-20fa4e29 wp-block-group-is-layout-grid\">\n<figure class=\"wp-block-embed is-type-video is-provider-youtube wp-block-embed-youtube wp-embed-aspect-16-9 wp-has-aspect-ratio embed-responsive\"><div class=\"wp-block-embed__wrapper\">\n<iframe title=\"Sweet Home 3D Tutorial: Layer Control Walkthrough\" width=\"500\" height=\"281\" data-src=\"https:\/\/www.youtube.com\/embed\/7c5OMgbHFUs?feature=oembed\" frameborder=\"0\" allow=\"accelerometer; autoplay; clipboard-write; encrypted-media; gyroscope; picture-in-picture; web-share\" referrerpolicy=\"strict-origin-when-cross-origin\" allowfullscreen src=\"data:image\/svg+xml;base64,PHN2ZyB3aWR0aD0iMSIgaGVpZ2h0PSIxIiB4bWxucz0iaHR0cDovL3d3dy53My5vcmcvMjAwMC9zdmciPjwvc3ZnPg==\" class=\"lazyload\" data-load-mode=\"1\"><\/iframe>\n<\/div><\/figure>\n\n\n\n<figure class=\"wp-block-embed is-type-video is-provider-youtube wp-block-embed-youtube wp-embed-aspect-16-9 wp-has-aspect-ratio embed-responsive\"><div class=\"wp-block-embed__wrapper\">\n<iframe title=\"Sweet Home 3D Tutorial - 1 Minute to create a balcony\" width=\"500\" height=\"281\" data-src=\"https:\/\/www.youtube.com\/embed\/dByMK7ezL7U?feature=oembed\" frameborder=\"0\" allow=\"accelerometer; autoplay; clipboard-write; encrypted-media; gyroscope; picture-in-picture; web-share\" referrerpolicy=\"strict-origin-when-cross-origin\" allowfullscreen src=\"data:image\/svg+xml;base64,PHN2ZyB3aWR0aD0iMSIgaGVpZ2h0PSIxIiB4bWxucz0iaHR0cDovL3d3dy53My5vcmcvMjAwMC9zdmciPjwvc3ZnPg==\" class=\"lazyload\" data-load-mode=\"1\"><\/iframe>\n<\/div><\/figure>\n<\/div>\n\n<h3 class=\"wp-block-heading\">Ch\u00e8n v\u00e0 T\u00f9y ch\u1ec9nh N\u1ed9i th\u1ea5t<\/h3>\n\n<div class=\"wp-block-group is-layout-grid wp-container-core-group-is-layout-20fa4e29 wp-block-group-is-layout-grid\">\n<figure class=\"wp-block-embed is-type-video is-provider-youtube wp-block-embed-youtube embed-responsive wp-embed-aspect-16-9 wp-has-aspect-ratio\"><div class=\"wp-block-embed__wrapper\">\n<iframe title=\"Sweet Home 3D Tutorial - How to customize furniture\" width=\"500\" height=\"281\" data-src=\"https:\/\/www.youtube.com\/embed\/5Ni5zE4q5kk?feature=oembed\" frameborder=\"0\" allow=\"accelerometer; autoplay; clipboard-write; encrypted-media; gyroscope; picture-in-picture; web-share\" referrerpolicy=\"strict-origin-when-cross-origin\" allowfullscreen src=\"data:image\/svg+xml;base64,PHN2ZyB3aWR0aD0iMSIgaGVpZ2h0PSIxIiB4bWxucz0iaHR0cDovL3d3dy53My5vcmcvMjAwMC9zdmciPjwvc3ZnPg==\" class=\"lazyload\" data-load-mode=\"1\"><\/iframe>\n<\/div><\/figure>\n\n\n\n<figure class=\"wp-block-embed is-type-video is-provider-youtube wp-block-embed-youtube embed-responsive wp-embed-aspect-16-9 wp-has-aspect-ratio\"><div class=\"wp-block-embed__wrapper\">\n<iframe title=\"Sweet Home 3D Tutorial - How to create new furniture\" width=\"500\" height=\"281\" data-src=\"https:\/\/www.youtube.com\/embed\/Jtwp7jEVkKk?feature=oembed\" frameborder=\"0\" allow=\"accelerometer; autoplay; clipboard-write; encrypted-media; gyroscope; picture-in-picture; web-share\" referrerpolicy=\"strict-origin-when-cross-origin\" allowfullscreen src=\"data:image\/svg+xml;base64,PHN2ZyB3aWR0aD0iMSIgaGVpZ2h0PSIxIiB4bWxucz0iaHR0cDovL3d3dy53My5vcmcvMjAwMC9zdmciPjwvc3ZnPg==\" class=\"lazyload\" data-load-mode=\"1\"><\/iframe>\n<\/div><\/figure>\n\n\n\n<figure class=\"wp-block-embed is-type-video is-provider-youtube wp-block-embed-youtube embed-responsive wp-embed-aspect-16-9 wp-has-aspect-ratio\"><div class=\"wp-block-embed__wrapper\">\n<iframe title=\"Sweet Home 3D Tutorial - How to combine models together\" width=\"500\" height=\"281\" data-src=\"https:\/\/www.youtube.com\/embed\/CeQ8S6EVUEo?feature=oembed\" frameborder=\"0\" allow=\"accelerometer; autoplay; clipboard-write; encrypted-media; gyroscope; picture-in-picture; web-share\" referrerpolicy=\"strict-origin-when-cross-origin\" allowfullscreen src=\"data:image\/svg+xml;base64,PHN2ZyB3aWR0aD0iMSIgaGVpZ2h0PSIxIiB4bWxucz0iaHR0cDovL3d3dy53My5vcmcvMjAwMC9zdmciPjwvc3ZnPg==\" class=\"lazyload\" data-load-mode=\"1\"><\/iframe>\n<\/div><\/figure>\n\n\n\n<figure class=\"wp-block-embed is-type-video is-provider-youtube wp-block-embed-youtube embed-responsive wp-embed-aspect-16-9 wp-has-aspect-ratio\"><div class=\"wp-block-embed__wrapper\">\n<iframe title=\"Sweet Home 3D Tutorial - 1 Minute to create a mirror effect\" width=\"500\" height=\"281\" data-src=\"https:\/\/www.youtube.com\/embed\/cjjtDetuwLU?feature=oembed\" frameborder=\"0\" allow=\"accelerometer; autoplay; clipboard-write; encrypted-media; gyroscope; picture-in-picture; web-share\" referrerpolicy=\"strict-origin-when-cross-origin\" allowfullscreen src=\"data:image\/svg+xml;base64,PHN2ZyB3aWR0aD0iMSIgaGVpZ2h0PSIxIiB4bWxucz0iaHR0cDovL3d3dy53My5vcmcvMjAwMC9zdmciPjwvc3ZnPg==\" class=\"lazyload\" data-load-mode=\"1\"><\/iframe>\n<\/div><\/figure>\n<\/div>\n\n<h3 class=\"wp-block-heading\">K\u1ebft xu\u1ea5t \u1ea2nh v\u00e0 Video<\/h3>\n\n<div class=\"wp-block-group is-layout-grid wp-container-core-group-is-layout-20fa4e29 wp-block-group-is-layout-grid\">\n<figure class=\"wp-block-embed is-type-video is-provider-youtube wp-block-embed-youtube embed-responsive wp-embed-aspect-16-9 wp-has-aspect-ratio\"><div class=\"wp-block-embed__wrapper\">\n<iframe title=\"Sweet Home 3D Tutorial - How to create a video rendering\" width=\"500\" height=\"281\" data-src=\"https:\/\/www.youtube.com\/embed\/6QekWiUgNYs?feature=oembed\" frameborder=\"0\" allow=\"accelerometer; autoplay; clipboard-write; encrypted-media; gyroscope; picture-in-picture; web-share\" referrerpolicy=\"strict-origin-when-cross-origin\" allowfullscreen src=\"data:image\/svg+xml;base64,PHN2ZyB3aWR0aD0iMSIgaGVpZ2h0PSIxIiB4bWxucz0iaHR0cDovL3d3dy53My5vcmcvMjAwMC9zdmciPjwvc3ZnPg==\" class=\"lazyload\" data-load-mode=\"1\"><\/iframe>\n<\/div><\/figure>\n\n\n\n<figure class=\"wp-block-embed is-type-video is-provider-youtube wp-block-embed-youtube embed-responsive wp-embed-aspect-16-9 wp-has-aspect-ratio\"><div class=\"wp-block-embed__wrapper\">\n<iframe title=\"Sweet Home 3D - House with terrace video tour\" width=\"500\" height=\"281\" data-src=\"https:\/\/www.youtube.com\/embed\/wTnmSzyTvIs?feature=oembed\" frameborder=\"0\" allow=\"accelerometer; autoplay; clipboard-write; encrypted-media; gyroscope; picture-in-picture; web-share\" referrerpolicy=\"strict-origin-when-cross-origin\" allowfullscreen src=\"data:image\/svg+xml;base64,PHN2ZyB3aWR0aD0iMSIgaGVpZ2h0PSIxIiB4bWxucz0iaHR0cDovL3d3dy53My5vcmcvMjAwMC9zdmciPjwvc3ZnPg==\" class=\"lazyload\" data-load-mode=\"1\"><\/iframe>\n<\/div><\/figure>\n<\/div>\n\n<h3 class=\"wp-block-heading\">Ch\u1ebf \u0111\u1ed9 xem 3D<\/h3>\n\n<div class=\"wp-block-group is-layout-grid wp-container-core-group-is-layout-20fa4e29 wp-block-group-is-layout-grid\">\n<figure class=\"wp-block-embed is-type-video is-provider-youtube wp-block-embed-youtube embed-responsive wp-embed-aspect-16-9 wp-has-aspect-ratio\"><div class=\"wp-block-embed__wrapper\">\n<iframe title=\"Sweet Home 3D Tutorial - How to create a side view with dimensions\" width=\"500\" height=\"281\" data-src=\"https:\/\/www.youtube.com\/embed\/_GtLWS-fn2s?feature=oembed\" frameborder=\"0\" allow=\"accelerometer; autoplay; clipboard-write; encrypted-media; gyroscope; picture-in-picture; web-share\" referrerpolicy=\"strict-origin-when-cross-origin\" allowfullscreen src=\"data:image\/svg+xml;base64,PHN2ZyB3aWR0aD0iMSIgaGVpZ2h0PSIxIiB4bWxucz0iaHR0cDovL3d3dy53My5vcmcvMjAwMC9zdmciPjwvc3ZnPg==\" class=\"lazyload\" data-load-mode=\"1\"><\/iframe>\n<\/div><\/figure>\n<\/div>\n\n<h3 class=\"wp-block-heading\">Sweet Home 3D Mobile<\/h3>\n\n<div class=\"wp-block-group is-layout-grid wp-container-core-group-is-layout-20fa4e29 wp-block-group-is-layout-grid\">\n<figure class=\"wp-block-embed is-type-video is-provider-youtube wp-block-embed-youtube embed-responsive wp-embed-aspect-16-9 wp-has-aspect-ratio\"><div class=\"wp-block-embed__wrapper\">\n<iframe title=\"Sweet Home 3D Tutorial for mobile version\" width=\"500\" height=\"281\" data-src=\"https:\/\/www.youtube.com\/embed\/kXd1S2xpaQk?feature=oembed\" frameborder=\"0\" allow=\"accelerometer; autoplay; clipboard-write; encrypted-media; gyroscope; picture-in-picture; web-share\" referrerpolicy=\"strict-origin-when-cross-origin\" allowfullscreen src=\"data:image\/svg+xml;base64,PHN2ZyB3aWR0aD0iMSIgaGVpZ2h0PSIxIiB4bWxucz0iaHR0cDovL3d3dy53My5vcmcvMjAwMC9zdmciPjwvc3ZnPg==\" class=\"lazyload\" data-load-mode=\"1\"><\/iframe>\n<\/div><\/figure>\n<\/div>\n\n<p>C\u0169ng h\u00e3y gh\u00e9 th\u0103m <a href=\"https:\/\/www.youtube.com\/SweetHome3D\" target=\"_blank\" rel=\"noopener\">k\u00eanh YouTube Sweet Home 3D<\/a> \u0111\u1ec3 xem th\u00eam h\u01b0\u1edbng d\u1eabn v\u00e0 \u0111\u1ecdc b\u00e0i vi\u1ebft trong blog v\u1ec1 <a href=\"\/blog\/2016\/11\/29\/best_video_tutorials_about_sweet_home_3d.html\">c\u00e1c video h\u01b0\u1edbng d\u1eabn hay nh\u1ea5t<\/a>.<\/p>\n\n<h2 class=\"wp-block-heading\" id=\"developers-guides\">H\u01b0\u1edbng d\u1eabn nh\u00e0 ph\u00e1t tri\u1ec3n<\/h2>\n\n<p>N\u1ebfu b\u1ea1n mu\u1ed1n l\u1eadp tr\u00ecnh m\u1ed9t <a href=\"https:\/\/www.sweethome3d.com\/vi\/tien-ich-bo-sung-va-cong-cu\/\" data-type=\"page\" data-id=\"437\">plug-in<\/a> cho <a href=\"https:\/\/www.sweethome3d.com\/vi\/download\/\" data-type=\"page\" data-id=\"396\">Sweet Home 3D<\/a>, h\u00e3y \u0111\u1ecdc tr\u01b0\u1edbc <a href=\"https:\/\/www.sweethome3d.com\/vi\/huong-dan-cho-nha-phat-trien-plug-in\/\" data-type=\"page\" data-id=\"4964\">h\u01b0\u1edbng d\u1eabn nh\u00e0 ph\u00e1t tri\u1ec3n plug-in<\/a>.<\/p>\n\n<p>N\u1ebfu b\u1ea1n t\u00ecm ki\u1ebfm th\u00f4ng tin v\u1ec1 ki\u1ebfn tr\u00fac c\u1ee7a <a href=\"https:\/\/www.sweethome3d.com\/vi\/download\/\" data-type=\"page\" data-id=\"396\">Sweet Home 3D<\/a>, b\u1ea1n c\u00f3 th\u1ec3 \u0111\u1ecdc:<\/p>\n\n<div class=\"wp-block-group is-nowrap is-layout-flex wp-container-core-group-is-layout-ad2f72ca wp-block-group-is-layout-flex\">\n<ul class=\"wp-block-list\">\n<li>API \u0111\u01b0\u1ee3c t\u1ea1o b\u1eb1ng javadoc, c\u00f3 s\u1eb5n <a href=\"\/javadoc\/index.html\">tr\u1ef1c tuy\u1ebfn<\/a> ho\u1eb7c <a href=\"https:\/\/sourceforge.net\/projects\/sweethome3d\/files\/SweetHome3D-source\/SweetHome3D-7.5-src\/SweetHome3D-7.5-javadoc.zip\/download\" target=\"_blank\" rel=\"noopener\">\u0111\u1ec3 t\u1ea3i v\u1ec1<\/a>,<\/li>\n\n\n\n<li><a href=\"https:\/\/www.sweethome3d.com\/vi\/huong-dan-cho-nha-phat-trien-plug-in\/\" data-type=\"page\" data-id=\"4964\">ph\u1ea7n cu\u1ed1i c\u1ee7a h\u01b0\u1edbng d\u1eabn nh\u00e0 ph\u00e1t tri\u1ec3n plug-in<\/a> cung c\u1ea5p m\u1ed9t s\u1ed1 chi ti\u1ebft v\u1ec1 c\u00e1c l\u1edbp c\u1ee7a <a href=\"\/javadoc\/com\/eteks\/sweethome3d\/model\/package-summary.html\">model<\/a> Sweet Home 3D,<\/li>\n\n\n\n<li>cu\u1ed1n s\u00e1ch ti\u1ebfng Ph\u00e1p <a href=\"https:\/\/www.eteks.com\/services\/cahierswing.html\" target=\"_blank\" rel=\"noopener\">Les cahiers du programmeur Swing<\/a>, \u0111\u01b0\u1ee3c vi\u1ebft b\u1edfi Emmanuel Puybaret v\u00e0 xu\u1ea5t b\u1ea3n b\u1edfi Editions Eyrolles v\u00e0o th\u00e1ng 12 n\u0103m 2006, <a href=\"\/v0.10\/SweetHome3D.jnlp\">Sweet Home 3D phi\u00ean b\u1ea3n 0.10<\/a> l\u00e0 tr\u01b0\u1eddng h\u1ee3p nghi\u00ean c\u1ee9u c\u1ee7a n\u00f3.<\/li>\n<\/ul>\n<\/div>\n\n<p>N\u1ebfu b\u1ea1n mu\u1ed1n d\u1ecbch <a href=\"https:\/\/www.sweethome3d.com\/vi\/download\/\" data-type=\"page\" data-id=\"396\">Sweet Home 3D<\/a> sang ng\u00f4n ng\u1eef c\u1ee7a m\u00ecnh, h\u00e3y \u0111\u1ecdc <a href=\"https:\/\/www.sweethome3d.com\/vi\/huong-dan-dich\/\" data-type=\"page\" data-id=\"5142\">h\u01b0\u1edbng d\u1eabn d\u1ecbch thu\u1eadt<\/a>.<\/p>\n\n<h2 class=\"wp-block-heading\" id=\"reviews-and-awards\">\u0110\u00e1nh gi\u00e1 v\u00e0 gi\u1ea3i th\u01b0\u1edfng<\/h2>\n\n<p>M\u1ed9t s\u1ed1 \u0111\u00e1nh gi\u00e1 tr\u00ean web:<\/p>\n\n<div class=\"wp-block-group is-nowrap is-layout-flex wp-container-core-group-is-layout-ad2f72ca wp-block-group-is-layout-flex\">\n<ul class=\"wp-block-list\">\n<li><a href=\"https:\/\/www.softpedia.com\/reviews\/windows\/Sweet-Home-3D--Review-77686.shtml\" target=\"_blank\" rel=\"noopener\">You Can Easily Become an Interior Designer!<\/a> v\u00e0 <a href=\"https:\/\/mac.softpedia.com\/get\/Graphics\/Sweet-Home-3D.shtml\" target=\"_blank\" rel=\"noopener\">Sweet Home 3D for Mac Review<\/a> tr\u00ean <a href=\"https:\/\/www.softpedia.com\/\" target=\"_blank\" rel=\"noopener\">Softpedia<\/a><\/li>\n\n\n\n<li><a href=\"https:\/\/www.linux.com\/news\/sweet-home-3d-simple-interior-design\/\" target=\"_blank\" rel=\"noopener\">Sweet Home 3D: simple interior design<\/a> tr\u00ean <a href=\"https:\/\/www.linux.com\/\" target=\"_blank\" rel=\"noopener\">linux.com<\/a><\/li>\n\n\n\n<li><a href=\"https:\/\/www.brighthub.com\/computing\/mac-platform\/reviews\/33256.aspx\" target=\"_blank\" rel=\"noopener\">Sweet Home 3D Review<\/a> tr\u00ean <a href=\"https:\/\/www.brighthub.com\/\" target=\"_blank\" rel=\"noopener\">Bright hub<\/a><\/li>\n\n\n\n<li><a href=\"https:\/\/linuxlock.blogspot.com\/2011\/01\/of-software-and-soffits.html\" target=\"_blank\" rel=\"noopener\">Of Software and Soffits<\/a> tr\u00ean <a href=\"https:\/\/linuxlock.blogspot.com\/\" target=\"_blank\" rel=\"noopener\">The Blog of Helios<\/a><\/li>\n\n\n\n<li><a href=\"https:\/\/www.becoming-home.com\/2008\/04\/03\/its-better-than-moving-furniture\/\" target=\"_blank\" rel=\"noopener\">It&#8217;s Better than Moving Furniture<\/a> tr\u00ean <a href=\"https:\/\/www.becoming-home.com\/\" target=\"_blank\" rel=\"noopener\">Becoming Home<\/a><\/li>\n\n\n\n<li><a href=\"https:\/\/www.g2.com\/\" target=\"_blank\" rel=\"noopener\">The rise of an amateur architect<\/a> tr\u00ean <a href=\"https:\/\/ragnvald.medium.com\/\" target=\"_blank\" rel=\"noopener\">Ragnvald Larsen blog<\/a><\/li>\n\n\n\n<li><a href=\"https:\/\/svedic.org\/personal\/free-interior-design-with-sweet-home-3d-and-sketchup\" target=\"_blank\" rel=\"noopener\">Free Interior Design With Sweet Home 3D and SketchUp<\/a> tr\u00ean <a href=\"https:\/\/svedic.org\/\" target=\"_blank\" rel=\"noopener\">Svedic blog<\/a><\/li>\n\n\n\n<li><a href=\"https:\/\/3djunkfair.blogspot.co.at\/\" target=\"_blank\" rel=\"noopener\">My 3D Junk Fair<\/a> m\u1ed9t blog n\u01a1i Leonhard Grugl chia s\u1ebb nh\u1eefng kh\u00e1m ph\u00e1 c\u1ee7a m\u00ecnh v\u1ec1 Sweet Home 3D<\/li>\n\n\n\n<li><a href=\"https:\/\/listoffreeware.com\/best-free-3d-floor-plan-software-windows\/\" target=\"_blank\" rel=\"noopener\">5 Best Free 3D Floor Plan Software For Windows<\/a> tr\u00ean <a href=\"https:\/\/listoffreeware.com\/\" target=\"_blank\" rel=\"noopener\">List of freeware<\/a><\/li>\n\n\n\n<li><a href=\"https:\/\/sourceforge.net\/projects\/sweethome3d\/reviews\/\" target=\"_blank\" rel=\"noopener\">Users reviews<\/a> tr\u00ean <a href=\"https:\/\/sourceforge.net\/\" target=\"_blank\" rel=\"noopener\">SourceForge.net<\/a><\/li>\n<\/ul>\n<\/div>\n\n<p>\u0110\u00e1nh gi\u00e1 tr\u00ean b\u00e1o ch\u00ed:<\/p>\n\n<div class=\"wp-block-group is-nowrap is-layout-flex wp-container-core-group-is-layout-ad2f72ca wp-block-group-is-layout-flex\">\n<ul class=\"wp-block-list\">\n<li><a href=\"https:\/\/www.linuxpromagazine.com\/issues\/2008\/95\/projects_on_the_move\" target=\"_blank\" rel=\"noopener\">Projects on the move<\/a>, trong s\u1ed1 <a href=\"https:\/\/www.linuxpromagazine.com\/issues\/2008\/95\" target=\"_blank\" rel=\"noopener\">#95 c\u1ee7a Linux Pro Magazine<\/a> (th\u00e1ng 10 n\u0103m 2008)<\/li>\n<\/ul>\n<\/div>\n","protected":false},"excerpt":{"rendered":"<p>Trang n\u00e0y m\u00f4 t\u1ea3 c\u00e1c t\u00e0i li\u1ec7u hi\u1ec7n c\u00f3 cho Sweet Home 3D.<\/p>\n","protected":false},"author":4,"featured_media":3042,"parent":0,"menu_order":0,"comment_status":"closed","ping_status":"closed","template":"page-resources.php","meta":{"inline_featured_image":false,"footnotes":""},"class_list":["post-3044","page","type-page","status-publish","has-post-thumbnail","hentry"],"_links":{"self":[{"href":"https:\/\/www.sweethome3d.com\/vi\/wp-json\/wp\/v2\/pages\/3044","targetHints":{"allow":["GET"]}}],"collection":[{"href":"https:\/\/www.sweethome3d.com\/vi\/wp-json\/wp\/v2\/pages"}],"about":[{"href":"https:\/\/www.sweethome3d.com\/vi\/wp-json\/wp\/v2\/types\/page"}],"author":[{"embeddable":true,"href":"https:\/\/www.sweethome3d.com\/vi\/wp-json\/wp\/v2\/users\/4"}],"replies":[{"embeddable":true,"href":"https:\/\/www.sweethome3d.com\/vi\/wp-json\/wp\/v2\/comments?post=3044"}],"version-history":[{"count":15,"href":"https:\/\/www.sweethome3d.com\/vi\/wp-json\/wp\/v2\/pages\/3044\/revisions"}],"predecessor-version":[{"id":16603,"href":"https:\/\/www.sweethome3d.com\/vi\/wp-json\/wp\/v2\/pages\/3044\/revisions\/16603"}],"wp:featuredmedia":[{"embeddable":true,"href":"https:\/\/www.sweethome3d.com\/vi\/wp-json\/wp\/v2\/media\/3042"}],"wp:attachment":[{"href":"https:\/\/www.sweethome3d.com\/vi\/wp-json\/wp\/v2\/media?parent=3044"}],"curies":[{"name":"wp","href":"https:\/\/api.w.org\/{rel}","templated":true}]}}