{"id":2934,"date":"2025-09-18T11:56:08","date_gmt":"2025-09-18T11:56:08","guid":{"rendered":"https:\/\/www.sweethome3d.com\/nhap-ket-cau\/"},"modified":"2026-02-10T13:59:29","modified_gmt":"2026-02-10T13:59:29","slug":"nhap-ket-cau","status":"publish","type":"page","link":"https:\/\/www.sweethome3d.com\/vi\/nhap-ket-cau\/","title":{"rendered":"Nh\u1eadp k\u1ebft c\u1ea5u"},"content":{"rendered":"\n<h2 class=\"wp-block-heading\">C\u00e1c ngu\u1ed3n k\u1ebft c\u1ea5u c\u00f3 s\u1eb5n<\/h2>\n\n<h3 class=\"wp-block-heading\">Th\u01b0 vi\u1ec7n k\u1ebft c\u1ea5u<\/h3>\n\n<p><a href=\"https:\/\/www.sweethome3d.com\/vi\/download\/\" data-type=\"page\" data-id=\"396\">Sweet Home 3D<\/a> cho ph\u00e9p b\u1ea1n nh\u1eadp t\u1eebng \u1ea3nh h\u1ecda ti\u1ebft m\u1ed9t, ho\u1eb7c theo nh\u00f3m c\u00e1c \u1ea3nh h\u1ecda ti\u1ebft \u0111\u01b0\u1ee3c l\u01b0u tr\u1eef trong c\u00e1c t\u1ec7p SH3T. T\u1ec7p SH3T l\u00e0 m\u1ed9t th\u01b0 vi\u1ec7n c\u00e1c h\u1ecda ti\u1ebft k\u00e8m theo m\u00f4 t\u1ea3 c\u1ee7a ch\u00fang, v\u00e0 c\u00f3 th\u1ec3 d\u1ec5 d\u00e0ng c\u00e0i \u0111\u1eb7t b\u1eb1ng c\u00e1ch nh\u1ea5p \u0111\u00fap v\u00e0o t\u1ec7p ho\u1eb7c ch\u1ecdn <em>Furniture.&gt; Nh\u1eadp m\u1ee5c th\u01b0 vi\u1ec7n h\u1ecda ti\u1ebft<\/em> trong <a href=\"https:\/\/www.sweethome3d.com\/vi\/download\/\" data-type=\"page\" data-id=\"396\">Sweet Home 3D<\/a> .<br\/> C\u00e1c t\u1ec7p ZIP sau \u0111\u00e2y ch\u1ee9a t\u1ec7p SH3T m\u00e0 b\u1ea1n c\u00f3 th\u1ec3 nh\u1eadp v\u00e0o <a href=\"https:\/\/www.sweethome3d.com\/vi\/download\/\" data-type=\"page\" data-id=\"396\">Sweet Home 3D<\/a> .<\/p>\n\n<div class=\"wp-block-group is-nowrap is-layout-flex wp-container-core-group-is-layout-ad2f72ca wp-block-group-is-layout-flex\">\n<ul class=\"wp-block-list\">\n<li><a href=\"https:\/\/sourceforge.net\/projects\/sweethome3d\/files\/SweetHome3D-textures\/Textures-1.3.1\/Textures-Contributions-1.3.1.zip\/download\" target=\"_blank\" rel=\"noopener\">Textures-Contributions-1.3.1.zip<\/a> (1.1 MB &#8211; 57 k\u1ebft c\u1ea5u &#8211; Gi\u1ea5y ph\u00e9p CC-BY)<\/li>\n\n\n\n<li><a href=\"https:\/\/sourceforge.net\/projects\/sweethome3d\/files\/SweetHome3D-textures\/Textures-1.3.1\/Textures-eTeksScopia-1.3.1.zip\/download\" target=\"_blank\" rel=\"noopener\">Textures-eTeksScopia-1.3.1.zip<\/a> (18.8 MB &#8211; 340 k\u1ebft c\u1ea5u &#8211; Gi\u1ea5y ph\u00e9p CC-BY)<\/li>\n<\/ul>\n<\/div>\n\n<p id=\"textures-p-download\">B\u1ea1n c\u0169ng c\u00f3 th\u1ec3 <a href=\"#download\">t\u1ea3i v\u1ec1 phi\u00ean b\u1ea3n \u0111\u1ea7y \u0111\u1ee7<\/a> v\u1edbi h\u01a1n 10.000 <a href=\"https:\/\/www.sweethome3d.com\/vi\/nhap-mo-hinh-3d\/\" data-type=\"page\" data-id=\"432\">m\u00f4 h\u00ecnh 3D<\/a>, 400 k\u1ebft c\u1ea5u \u0111\u00e3 \u0111\u01b0\u1ee3c bao g\u1ed3m<a href=\"https:\/\/apps.apple.com\/app\/sweet-home-3d\/id669289700\" target=\"_blank\" rel=\"noopener\"><\/a><\/p>\n\n<div style=\"height:30px\" aria-hidden=\"true\" class=\"wp-block-spacer\"><\/div>\n\n<div class=\"wp-block-buttons is-content-justification-center is-layout-flex wp-container-core-buttons-is-layout-16018d1d wp-block-buttons-is-layout-flex\" data-label=\"wce_textures_download_direct\">\n<div class=\"wp-block-button font-inter\" data-action=\"wce_textures_download_direct\"><a class=\"wp-block-button__link has-white-color has-blue-pure-background-color has-text-color has-background has-link-color has-lg-font-size has-custom-font-size wp-element-button\" href=\"#download\" style=\"font-style:normal;font-weight:600\"><img decoding=\"async\" width=\"20\" height=\"20\" class=\"wp-image-641 lazyload\" style=\"--smush-placeholder-width: 20px; --smush-placeholder-aspect-ratio: 20\/20;width: 20px;\" data-src=\"https:\/\/www.sweethome3d.com\/wp-content\/uploads\/2025\/10\/Download.png\" alt=\"\" src=\"data:image\/svg+xml;base64,PHN2ZyB3aWR0aD0iMSIgaGVpZ2h0PSIxIiB4bWxucz0iaHR0cDovL3d3dy53My5vcmcvMjAwMC9zdmciPjwvc3ZnPg==\" \/> T\u1ea3i xu\u1ed1ng Sweet Home 3D<\/a><\/div>\n<\/div>\n\n<div style=\"height:60px\" aria-hidden=\"true\" class=\"wp-block-spacer\"><\/div>\n\n<div class=\"wp-block-group is-content-justification-center is-nowrap is-layout-flex wp-container-core-group-is-layout-94bc23d7 wp-block-group-is-layout-flex\">\n<figure data-wp-context=\"{&quot;imageId&quot;:&quot;69df94f4c25e5&quot;}\" data-wp-interactive=\"core\/image\" data-wp-key=\"69df94f4c25e5\" class=\"wp-block-image aligncenter size-full is-resized wp-lightbox-container\"><img decoding=\"async\" width=\"1452\" height=\"332\" data-wp-class--hide=\"state.isContentHidden\" data-wp-class--show=\"state.isContentVisible\" data-wp-init=\"callbacks.setButtonStyles\" data-wp-on--click=\"actions.showLightbox\" data-wp-on--load=\"callbacks.setButtonStyles\" data-wp-on-window--resize=\"callbacks.setButtonStyles\" data-src=\"https:\/\/www.sweethome3d.com\/wp-content\/uploads\/2025\/11\/Frame-1000003909-1.png\" alt=\"\" class=\"wp-image-2673 lazyload\" style=\"--smush-placeholder-width: 1452px; --smush-placeholder-aspect-ratio: 1452\/332;width:720px\" data-srcset=\"https:\/\/www.sweethome3d.com\/wp-content\/uploads\/2025\/11\/Frame-1000003909-1.png 1452w, https:\/\/www.sweethome3d.com\/wp-content\/uploads\/2025\/11\/Frame-1000003909-1-300x69.png 300w, https:\/\/www.sweethome3d.com\/wp-content\/uploads\/2025\/11\/Frame-1000003909-1-1024x234.png 1024w, https:\/\/www.sweethome3d.com\/wp-content\/uploads\/2025\/11\/Frame-1000003909-1-394x90.png 394w, https:\/\/www.sweethome3d.com\/wp-content\/uploads\/2025\/11\/Frame-1000003909-1-768x176.png 768w\" data-sizes=\"(max-width: 1452px) 100vw, 1452px\" src=\"data:image\/svg+xml;base64,PHN2ZyB3aWR0aD0iMSIgaGVpZ2h0PSIxIiB4bWxucz0iaHR0cDovL3d3dy53My5vcmcvMjAwMC9zdmciPjwvc3ZnPg==\" \/><button\n\t\t\tclass=\"lightbox-trigger\"\n\t\t\ttype=\"button\"\n\t\t\taria-haspopup=\"dialog\"\n\t\t\taria-label=\"Ph\u00f3ng to\"\n\t\t\tdata-wp-init=\"callbacks.initTriggerButton\"\n\t\t\tdata-wp-on--click=\"actions.showLightbox\"\n\t\t\tdata-wp-style--right=\"state.imageButtonRight\"\n\t\t\tdata-wp-style--top=\"state.imageButtonTop\"\n\t\t>\n\t\t\t<svg xmlns=\"http:\/\/www.w3.org\/2000\/svg\" width=\"12\" height=\"12\" fill=\"none\" viewBox=\"0 0 12 12\">\n\t\t\t\t<path fill=\"#fff\" d=\"M2 0a2 2 0 0 0-2 2v2h1.5V2a.5.5 0 0 1 .5-.5h2V0H2Zm2 10.5H2a.5.5 0 0 1-.5-.5V8H0v2a2 2 0 0 0 2 2h2v-1.5ZM8 12v-1.5h2a.5.5 0 0 0 .5-.5V8H12v2a2 2 0 0 1-2 2H8Zm2-12a2 2 0 0 1 2 2v2h-1.5V2a.5.5 0 0 0-.5-.5H8V0h2Z\" \/>\n\t\t\t<\/svg>\n\t\t<\/button><\/figure>\n<\/div>\n\n<div style=\"height:60px\" aria-hidden=\"true\" class=\"wp-block-spacer\"><\/div>\n\n<p class=\"has-text-align-center\">L\u01b0u \u00fd r\u1eb1ng t\u1ec7p SH3T ch\u1ec9 l\u00e0 m\u1ed9t d\u1ea1ng t\u1ec7p ZIP, t\u1eeb \u0111\u00f3 b\u1ea1n c\u00f3 th\u1ec3 tr\u00edch xu\u1ea5t c\u00e1c h\u00ecnh \u1ea3nh k\u1ebft c\u1ea5u ri\u00eang l\u1ebb b\u1eb1ng b\u1ea5t k\u1ef3 c\u00f4ng c\u1ee5 ZIP n\u00e0o. N\u1ebfu c\u1ea7n, b\u1ea1n c\u0169ng c\u00f3 th\u1ec3 t\u1ea1o t\u1ec7p SH3T c\u1ee7a ri\u00eang m\u00ecnh v\u1edbi <a href=\"https:\/\/sourceforge.net\/projects\/sweethome3d\/files\/TexturesLibraryEditor\/TexturesLibraryEditor-2.1.jar\/download\" target=\"_blank\" rel=\"noopener\">Tr\u00ecnh ch\u1ec9nh s\u1eeda Th\u01b0 vi\u1ec7n K\u1ebft c\u1ea5u<\/a> c\u00f3 th\u1ec3 t\u1ea3i v\u1ec1. <\/p>\n\n<div style=\"height:30px\" aria-hidden=\"true\" class=\"wp-block-spacer\"><\/div>\n\n<h3 class=\"wp-block-heading\">C\u00e1c trang web c\u00f3 k\u1ebft c\u1ea5u<\/h3>\n\n<p>C\u00e1c trang web sau cung c\u1ea5p m\u1ed9t s\u1ed1 h\u00ecnh \u1ea3nh k\u1ebft c\u1ea5u mi\u1ec5n ph\u00ed \u0111\u01b0\u1ee3c h\u1ed7 tr\u1ee3 b\u1edfi tr\u00ecnh h\u01b0\u1edbng d\u1eabn nh\u1eadp k\u1ebft c\u1ea5u c\u1ee7a <a href=\"\/\">Sweet Home 3D<\/a>:<\/p>\n\n<figure class=\"wp-block-flexible-table-block-table is-content-justification-left stars-table\"><table class=\"\" style=\"border-width:0\"><tbody><tr><td><img decoding=\"async\" width=\"12\" height=\"12\" data-src=\"https:\/\/www.sweethome3d.com\/images\/star.gif\" alt=\"Sao\" src=\"data:image\/svg+xml;base64,PHN2ZyB3aWR0aD0iMSIgaGVpZ2h0PSIxIiB4bWxucz0iaHR0cDovL3d3dy53My5vcmcvMjAwMC9zdmciPjwvc3ZnPg==\" class=\"lazyload\" style=\"--smush-placeholder-width: 12px; --smush-placeholder-aspect-ratio: 12\/12;\"><img decoding=\"async\" width=\"12\" height=\"12\" data-src=\"https:\/\/www.sweethome3d.com\/images\/star.gif\" alt=\"Sao\" src=\"data:image\/svg+xml;base64,PHN2ZyB3aWR0aD0iMSIgaGVpZ2h0PSIxIiB4bWxucz0iaHR0cDovL3d3dy53My5vcmcvMjAwMC9zdmciPjwvc3ZnPg==\" class=\"lazyload\" style=\"--smush-placeholder-width: 12px; --smush-placeholder-aspect-ratio: 12\/12;\"><img decoding=\"async\" width=\"12\" height=\"12\" data-src=\"https:\/\/www.sweethome3d.com\/images\/star.gif\" alt=\"Sao\" src=\"data:image\/svg+xml;base64,PHN2ZyB3aWR0aD0iMSIgaGVpZ2h0PSIxIiB4bWxucz0iaHR0cDovL3d3dy53My5vcmcvMjAwMC9zdmciPjwvc3ZnPg==\" class=\"lazyload\" style=\"--smush-placeholder-width: 12px; --smush-placeholder-aspect-ratio: 12\/12;\"><\/td><td><a href=\"https:\/\/ambientcg.com\/\" target=\"_blank\" rel=\"noopener\">ambientCG<\/a> (nhi\u1ec1u k\u1ebft c\u1ea5u li\u1ec1n m\u1ea1ch \u0111\u01b0\u1ee3c c\u00f4ng b\u1ed1 trong ph\u1ea1m vi c\u00f4ng c\u1ed9ng, c\u0169ng c\u00f3 s\u1eb5n d\u01b0\u1edbi d\u1ea1ng th\u01b0 vi\u1ec7n SH3T <a href=\"https:\/\/github.com\/fabien-michel\/sweethome3d-textures-ambientcg\" target=\"_blank\" rel=\"noopener\">t\u1ea1i \u0111\u00e2y<\/a>)<\/td><\/tr><tr><td><img decoding=\"async\" width=\"12\" height=\"12\" data-src=\"https:\/\/www.sweethome3d.com\/images\/star.gif\" alt=\"Sao\" src=\"data:image\/svg+xml;base64,PHN2ZyB3aWR0aD0iMSIgaGVpZ2h0PSIxIiB4bWxucz0iaHR0cDovL3d3dy53My5vcmcvMjAwMC9zdmciPjwvc3ZnPg==\" class=\"lazyload\" style=\"--smush-placeholder-width: 12px; --smush-placeholder-aspect-ratio: 12\/12;\"><img decoding=\"async\" width=\"12\" height=\"12\" data-src=\"https:\/\/www.sweethome3d.com\/images\/star.gif\" alt=\"Sao\" src=\"data:image\/svg+xml;base64,PHN2ZyB3aWR0aD0iMSIgaGVpZ2h0PSIxIiB4bWxucz0iaHR0cDovL3d3dy53My5vcmcvMjAwMC9zdmciPjwvc3ZnPg==\" class=\"lazyload\" style=\"--smush-placeholder-width: 12px; --smush-placeholder-aspect-ratio: 12\/12;\"><\/td><td><a href=\"https:\/\/archivetextures.net\/\" target=\"_blank\" rel=\"noopener\">Archive textures<\/a> (l\u1ef1a ch\u1ecdn r\u1ea5t l\u1edbn)<\/td><\/tr><tr><td><img decoding=\"async\" width=\"12\" height=\"12\" data-src=\"https:\/\/www.sweethome3d.com\/images\/star.gif\" alt=\"Sao\" src=\"data:image\/svg+xml;base64,PHN2ZyB3aWR0aD0iMSIgaGVpZ2h0PSIxIiB4bWxucz0iaHR0cDovL3d3dy53My5vcmcvMjAwMC9zdmciPjwvc3ZnPg==\" class=\"lazyload\" style=\"--smush-placeholder-width: 12px; --smush-placeholder-aspect-ratio: 12\/12;\"><img decoding=\"async\" width=\"12\" height=\"12\" data-src=\"https:\/\/www.sweethome3d.com\/images\/star.gif\" alt=\"Sao\" src=\"data:image\/svg+xml;base64,PHN2ZyB3aWR0aD0iMSIgaGVpZ2h0PSIxIiB4bWxucz0iaHR0cDovL3d3dy53My5vcmcvMjAwMC9zdmciPjwvc3ZnPg==\" class=\"lazyload\" style=\"--smush-placeholder-width: 12px; --smush-placeholder-aspect-ratio: 12\/12;\"><\/td><td><a href=\"https:\/\/www.sharetextures.com\/\" target=\"_blank\" rel=\"noopener\">Sharetextures<\/a> (k\u1ebft c\u1ea5u li\u1ec1n m\u1ea1ch \u0111\u1eb9p \u0111\u01b0\u1ee3c c\u00f4ng b\u1ed1 trong ph\u1ea1m vi c\u00f4ng c\u1ed9ng)<\/td><\/tr><tr><td><img decoding=\"async\" width=\"12\" height=\"12\" data-src=\"https:\/\/www.sweethome3d.com\/images\/star.gif\" alt=\"Sao\" src=\"data:image\/svg+xml;base64,PHN2ZyB3aWR0aD0iMSIgaGVpZ2h0PSIxIiB4bWxucz0iaHR0cDovL3d3dy53My5vcmcvMjAwMC9zdmciPjwvc3ZnPg==\" class=\"lazyload\" style=\"--smush-placeholder-width: 12px; --smush-placeholder-aspect-ratio: 12\/12;\"><img decoding=\"async\" width=\"12\" height=\"12\" data-src=\"https:\/\/www.sweethome3d.com\/images\/star.gif\" alt=\"Sao\" src=\"data:image\/svg+xml;base64,PHN2ZyB3aWR0aD0iMSIgaGVpZ2h0PSIxIiB4bWxucz0iaHR0cDovL3d3dy53My5vcmcvMjAwMC9zdmciPjwvc3ZnPg==\" class=\"lazyload\" style=\"--smush-placeholder-width: 12px; --smush-placeholder-aspect-ratio: 12\/12;\"><\/td><td><a href=\"https:\/\/3dtextures.me\/\" target=\"_blank\" rel=\"noopener\">3D textures<\/a> (m\u1ed9t trang web kh\u00e1c v\u1edbi k\u1ebft c\u1ea5u li\u1ec1n m\u1ea1ch \u0111\u01b0\u1ee3c c\u00f4ng b\u1ed1 trong ph\u1ea1m vi c\u00f4ng c\u1ed9ng)<\/td><\/tr><tr><td><img decoding=\"async\" width=\"12\" height=\"12\" data-src=\"https:\/\/www.sweethome3d.com\/images\/star.gif\" alt=\"Sao\" src=\"data:image\/svg+xml;base64,PHN2ZyB3aWR0aD0iMSIgaGVpZ2h0PSIxIiB4bWxucz0iaHR0cDovL3d3dy53My5vcmcvMjAwMC9zdmciPjwvc3ZnPg==\" class=\"lazyload\" style=\"--smush-placeholder-width: 12px; --smush-placeholder-aspect-ratio: 12\/12;\"><img decoding=\"async\" width=\"12\" height=\"12\" data-src=\"https:\/\/www.sweethome3d.com\/images\/star.gif\" alt=\"Sao\" src=\"data:image\/svg+xml;base64,PHN2ZyB3aWR0aD0iMSIgaGVpZ2h0PSIxIiB4bWxucz0iaHR0cDovL3d3dy53My5vcmcvMjAwMC9zdmciPjwvc3ZnPg==\" class=\"lazyload\" style=\"--smush-placeholder-width: 12px; --smush-placeholder-aspect-ratio: 12\/12;\"><\/td><td><a href=\"https:\/\/tiled-bg.blogspot.com\/p\/about.html\" target=\"_blank\" rel=\"noopener\">Free Web Gallery of Tile-able Website Backgrounds<\/a> (k\u1ebft c\u1ea5u li\u1ec1n m\u1ea1ch c\u00f3 th\u1ec3 t\u00f9y ch\u1ec9nh \u0111\u01b0\u1ee3c cung c\u1ea5p theo gi\u1ea5y ph\u00e9p CC-BY)<\/td><\/tr><tr><td><img decoding=\"async\" width=\"12\" height=\"12\" data-src=\"https:\/\/www.sweethome3d.com\/images\/star.gif\" alt=\"Sao\" src=\"data:image\/svg+xml;base64,PHN2ZyB3aWR0aD0iMSIgaGVpZ2h0PSIxIiB4bWxucz0iaHR0cDovL3d3dy53My5vcmcvMjAwMC9zdmciPjwvc3ZnPg==\" class=\"lazyload\" style=\"--smush-placeholder-width: 12px; --smush-placeholder-aspect-ratio: 12\/12;\"><img decoding=\"async\" width=\"12\" height=\"12\" data-src=\"https:\/\/www.sweethome3d.com\/images\/star.gif\" alt=\"Sao\" src=\"data:image\/svg+xml;base64,PHN2ZyB3aWR0aD0iMSIgaGVpZ2h0PSIxIiB4bWxucz0iaHR0cDovL3d3dy53My5vcmcvMjAwMC9zdmciPjwvc3ZnPg==\" class=\"lazyload\" style=\"--smush-placeholder-width: 12px; --smush-placeholder-aspect-ratio: 12\/12;\"><\/td><td><a href=\"https:\/\/www.plaintextures.com\/\" target=\"_blank\" rel=\"noopener\">Plain textures<\/a> (nhi\u1ec1u l\u1ef1a ch\u1ecdn k\u1ebft c\u1ea5u nh\u01b0ng kh\u00f4ng ph\u1ea3i t\u1ea5t c\u1ea3 \u0111\u1ec1u li\u1ec1n m\u1ea1ch)<\/td><\/tr><tr><td><img decoding=\"async\" width=\"12\" height=\"12\" data-src=\"https:\/\/www.sweethome3d.com\/images\/star.gif\" alt=\"Sao\" src=\"data:image\/svg+xml;base64,PHN2ZyB3aWR0aD0iMSIgaGVpZ2h0PSIxIiB4bWxucz0iaHR0cDovL3d3dy53My5vcmcvMjAwMC9zdmciPjwvc3ZnPg==\" class=\"lazyload\" style=\"--smush-placeholder-width: 12px; --smush-placeholder-aspect-ratio: 12\/12;\"><img decoding=\"async\" width=\"12\" height=\"12\" data-src=\"https:\/\/www.sweethome3d.com\/images\/star.gif\" alt=\"Sao\" src=\"data:image\/svg+xml;base64,PHN2ZyB3aWR0aD0iMSIgaGVpZ2h0PSIxIiB4bWxucz0iaHR0cDovL3d3dy53My5vcmcvMjAwMC9zdmciPjwvc3ZnPg==\" class=\"lazyload\" style=\"--smush-placeholder-width: 12px; --smush-placeholder-aspect-ratio: 12\/12;\"><\/td><td><a href=\"https:\/\/www.cgtextures.com\/\" target=\"_blank\" rel=\"noopener\">CG Textures<\/a> (nhi\u1ec1u l\u1ef1a ch\u1ecdn k\u1ebft c\u1ea5u nh\u01b0ng kh\u00f4ng ph\u1ea3i t\u1ea5t c\u1ea3 \u0111\u1ec1u li\u1ec1n m\u1ea1ch)<\/td><\/tr><tr><td><img decoding=\"async\" width=\"12\" height=\"12\" data-src=\"https:\/\/www.sweethome3d.com\/images\/star.gif\" alt=\"Sao\" src=\"data:image\/svg+xml;base64,PHN2ZyB3aWR0aD0iMSIgaGVpZ2h0PSIxIiB4bWxucz0iaHR0cDovL3d3dy53My5vcmcvMjAwMC9zdmciPjwvc3ZnPg==\" class=\"lazyload\" style=\"--smush-placeholder-width: 12px; --smush-placeholder-aspect-ratio: 12\/12;\"><img decoding=\"async\" width=\"12\" height=\"12\" data-src=\"https:\/\/www.sweethome3d.com\/images\/star.gif\" alt=\"Sao\" src=\"data:image\/svg+xml;base64,PHN2ZyB3aWR0aD0iMSIgaGVpZ2h0PSIxIiB4bWxucz0iaHR0cDovL3d3dy53My5vcmcvMjAwMC9zdmciPjwvc3ZnPg==\" class=\"lazyload\" style=\"--smush-placeholder-width: 12px; --smush-placeholder-aspect-ratio: 12\/12;\"><\/td><td><a href=\"https:\/\/blender-archi.tuxfamily.org\/Textures\" target=\"_blank\" rel=\"noopener\">Blender for Architecture<\/a> (th\u00fa v\u1ecb cho <a href=\"https:\/\/blender-archi.tuxfamily.org\/Textures#Horizontal_maps\" target=\"_blank\" rel=\"noopener\">k\u1ebft c\u1ea5u b\u1ea7u tr\u1eddi<\/a>)<\/td><\/tr><tr><td><img decoding=\"async\" width=\"12\" height=\"12\" data-src=\"https:\/\/www.sweethome3d.com\/images\/star.gif\" alt=\"Sao\" src=\"data:image\/svg+xml;base64,PHN2ZyB3aWR0aD0iMSIgaGVpZ2h0PSIxIiB4bWxucz0iaHR0cDovL3d3dy53My5vcmcvMjAwMC9zdmciPjwvc3ZnPg==\" class=\"lazyload\" style=\"--smush-placeholder-width: 12px; --smush-placeholder-aspect-ratio: 12\/12;\"><img decoding=\"async\" width=\"12\" height=\"12\" data-src=\"https:\/\/www.sweethome3d.com\/images\/star.gif\" alt=\"Sao\" src=\"data:image\/svg+xml;base64,PHN2ZyB3aWR0aD0iMSIgaGVpZ2h0PSIxIiB4bWxucz0iaHR0cDovL3d3dy53My5vcmcvMjAwMC9zdmciPjwvc3ZnPg==\" class=\"lazyload\" style=\"--smush-placeholder-width: 12px; --smush-placeholder-aspect-ratio: 12\/12;\"><\/td><td><a href=\"https:\/\/telias.gr\/textures_menu.html\" target=\"_blank\" rel=\"noopener\">Free the models<\/a> (k\u1ebft c\u1ea5u \u0111\u1eb9p \u0111\u01b0\u1ee3c t\u1ea1o b\u1edfi ng\u01b0\u1eddi \u0111\u00f3ng g\u00f3p <a href=\"https:\/\/www.sweethome3d.com\/vi\/\">Sweet Home 3D<\/a>)<\/td><\/tr><tr><td><img decoding=\"async\" width=\"12\" height=\"12\" data-src=\"https:\/\/www.sweethome3d.com\/images\/star.gif\" alt=\"Sao\" src=\"data:image\/svg+xml;base64,PHN2ZyB3aWR0aD0iMSIgaGVpZ2h0PSIxIiB4bWxucz0iaHR0cDovL3d3dy53My5vcmcvMjAwMC9zdmciPjwvc3ZnPg==\" class=\"lazyload\" style=\"--smush-placeholder-width: 12px; --smush-placeholder-aspect-ratio: 12\/12;\"><img decoding=\"async\" width=\"12\" height=\"12\" data-src=\"https:\/\/www.sweethome3d.com\/images\/star.gif\" alt=\"Sao\" src=\"data:image\/svg+xml;base64,PHN2ZyB3aWR0aD0iMSIgaGVpZ2h0PSIxIiB4bWxucz0iaHR0cDovL3d3dy53My5vcmcvMjAwMC9zdmciPjwvc3ZnPg==\" class=\"lazyload\" style=\"--smush-placeholder-width: 12px; --smush-placeholder-aspect-ratio: 12\/12;\"><\/td><td><a href=\"https:\/\/www.museumtextures.com\/\" target=\"_blank\" rel=\"noopener\">Museum Textures<\/a> (l\u1ef1a ch\u1ecdn k\u1ebft c\u1ea5u \u0111\u1eb9p v\u1edbi m\u1ed9t v\u00e0i k\u1ebft c\u1ea5u li\u1ec1n m\u1ea1ch)<\/td><\/tr><tr><td><img decoding=\"async\" width=\"12\" height=\"12\" data-src=\"https:\/\/www.sweethome3d.com\/images\/star.gif\" alt=\"Sao\" src=\"data:image\/svg+xml;base64,PHN2ZyB3aWR0aD0iMSIgaGVpZ2h0PSIxIiB4bWxucz0iaHR0cDovL3d3dy53My5vcmcvMjAwMC9zdmciPjwvc3ZnPg==\" class=\"lazyload\" style=\"--smush-placeholder-width: 12px; --smush-placeholder-aspect-ratio: 12\/12;\"><\/td><td><a href=\"https:\/\/www.alterlinks.com\/textures\/\" target=\"_blank\" rel=\"noopener\">Alterlinks<\/a> (m\u1ed9t v\u00e0i k\u1ebft c\u1ea5u \u0111\u01a1n gi\u1ea3n)<\/td><\/tr><tr><td><img decoding=\"async\" width=\"12\" height=\"12\" data-src=\"https:\/\/www.sweethome3d.com\/images\/star.gif\" alt=\"Sao\" src=\"data:image\/svg+xml;base64,PHN2ZyB3aWR0aD0iMSIgaGVpZ2h0PSIxIiB4bWxucz0iaHR0cDovL3d3dy53My5vcmcvMjAwMC9zdmciPjwvc3ZnPg==\" class=\"lazyload\" style=\"--smush-placeholder-width: 12px; --smush-placeholder-aspect-ratio: 12\/12;\"><\/td><td><a href=\"https:\/\/www.hongkiat.com\/blog\/28-high-resolution-wood-textures-for-designers\/\" target=\"_blank\" rel=\"noopener\">Hongkiat.com<\/a> (k\u1ebft c\u1ea5u g\u1ed7, h\u1ea7u h\u1ebft kh\u00f4ng li\u1ec1n m\u1ea1ch)<\/td><\/tr><tr><td><img decoding=\"async\" width=\"12\" height=\"12\" data-src=\"https:\/\/www.sweethome3d.com\/images\/star.gif\" alt=\"Sao\" src=\"data:image\/svg+xml;base64,PHN2ZyB3aWR0aD0iMSIgaGVpZ2h0PSIxIiB4bWxucz0iaHR0cDovL3d3dy53My5vcmcvMjAwMC9zdmciPjwvc3ZnPg==\" class=\"lazyload\" style=\"--smush-placeholder-width: 12px; --smush-placeholder-aspect-ratio: 12\/12;\"><\/td><td><a href=\"https:\/\/webdesignledger.com\/freebies\/40-beautiful-patterns-and-textures-for-ornate-backgrounds\" target=\"_blank\" rel=\"noopener\">WDL<\/a> (k\u1ebft c\u1ea5u h\u1ecda ti\u1ebft t\u01b0\u1eddng)<\/td><\/tr><\/tbody><\/table><\/figure>\n\n<p>\u0110\u1ec3 ph\u1ee7 m\u1ed9t b\u1ec1 m\u1eb7t b\u1eb1ng k\u1ebft c\u1ea5u t\u1ef1 l\u1eb7p l\u1ea1i nh\u01b0 h\u1ecda ti\u1ebft t\u01b0\u1eddng, n\u00ean ch\u1ecdn k\u1ebft c\u1ea5u li\u1ec1n m\u1ea1ch.<\/p>\n\n<p>\u0110\u1ec3 tr\u00e1nh l\u00e0m gi\u1ea3m hi\u1ec7u su\u1ea5t c\u1ee7a Sweet Home 3D, \u0111\u1eebng nh\u1eadp h\u00ecnh \u1ea3nh c\u00f3 \u0111\u1ed9 ph\u00e2n gi\u1ea3i l\u1edbn (th\u00f4ng th\u01b0\u1eddng, h\u00ecnh \u1ea3nh 256&#215;256 pixel \u0111\u00e3 cho k\u1ebft qu\u1ea3 t\u1ed1t). N\u1ebfu b\u1ea1n ph\u1ea3i gi\u1ea3m \u0111\u1ed9 ph\u00e2n gi\u1ea3i c\u1ee7a m\u1ed9t h\u00ecnh \u1ea3nh, b\u1ea1n n\u00ean \u01b0u ti\u00ean ch\u1ea5t l\u01b0\u1ee3ng JPEG t\u1ed1t h\u01a1n thay v\u00ec \u0111\u1ed9 ph\u00e2n gi\u1ea3i l\u1edbn h\u01a1n. <\/p>\n\n<p>Vui l\u00f2ng t\u00f4n tr\u1ecdng b\u1ea3n quy\u1ec1n c\u1ee7a c\u00e1c h\u1ecda ti\u1ebft m\u00e0 b\u1ea1n c\u00f3 th\u1ec3 <a href=\"https:\/\/www.sweethome3d.com\/vi\/download\/\" data-type=\"link\" data-id=\"https:\/\/www.sweethome3d.com\/download\/\">t\u1ea3i xu\u1ed1ng<\/a> t\u1eeb c\u00e1c trang web n\u00e0y.<\/p>\n\n<div style=\"height:30px\" aria-hidden=\"true\" class=\"wp-block-spacer\"><\/div>\n\n<p><\/p>\n","protected":false},"excerpt":{"rendered":"<p>Trang n\u00e0y li\u1ec7t k\u00ea m\u1ed9t s\u1ed1 ngu\u1ed3n h\u00ecnh \u1ea3nh k\u1ebft c\u1ea5u mi\u1ec5n ph\u00ed m\u00e0 b\u1ea1n c\u00f3 th\u1ec3 nh\u1eadp v\u00e0o Sweet Home 3D.<\/p>\n","protected":false},"author":4,"featured_media":2933,"parent":0,"menu_order":0,"comment_status":"closed","ping_status":"closed","template":"page-resources.php","meta":{"inline_featured_image":false,"footnotes":""},"class_list":["post-2934","page","type-page","status-publish","has-post-thumbnail","hentry"],"_links":{"self":[{"href":"https:\/\/www.sweethome3d.com\/vi\/wp-json\/wp\/v2\/pages\/2934","targetHints":{"allow":["GET"]}}],"collection":[{"href":"https:\/\/www.sweethome3d.com\/vi\/wp-json\/wp\/v2\/pages"}],"about":[{"href":"https:\/\/www.sweethome3d.com\/vi\/wp-json\/wp\/v2\/types\/page"}],"author":[{"embeddable":true,"href":"https:\/\/www.sweethome3d.com\/vi\/wp-json\/wp\/v2\/users\/4"}],"replies":[{"embeddable":true,"href":"https:\/\/www.sweethome3d.com\/vi\/wp-json\/wp\/v2\/comments?post=2934"}],"version-history":[{"count":4,"href":"https:\/\/www.sweethome3d.com\/vi\/wp-json\/wp\/v2\/pages\/2934\/revisions"}],"predecessor-version":[{"id":26681,"href":"https:\/\/www.sweethome3d.com\/vi\/wp-json\/wp\/v2\/pages\/2934\/revisions\/26681"}],"wp:featuredmedia":[{"embeddable":true,"href":"https:\/\/www.sweethome3d.com\/vi\/wp-json\/wp\/v2\/media\/2933"}],"wp:attachment":[{"href":"https:\/\/www.sweethome3d.com\/vi\/wp-json\/wp\/v2\/media?parent=2934"}],"curies":[{"name":"wp","href":"https:\/\/api.w.org\/{rel}","templated":true}]}}