{"id":2554,"date":"2025-09-18T11:00:31","date_gmt":"2025-09-18T11:00:31","guid":{"rendered":"https:\/\/www.sweethome3d.com\/online\/"},"modified":"2026-02-11T10:35:45","modified_gmt":"2026-02-11T10:35:45","slug":"online","status":"publish","type":"page","link":"https:\/\/www.sweethome3d.com\/vi\/online\/","title":{"rendered":"Online"},"content":{"rendered":"\n<div class=\"wp-block-cover bg-blue-6 max-w-none\" style=\"min-height:700px;aspect-ratio:unset;\"><img decoding=\"async\" width=\"1024\" height=\"466\" class=\"wp-block-cover__image-background wp-image-3445 size-large lazyload\" alt=\"\" data-src=\"https:\/\/www.sweethome3d.com\/wp-content\/uploads\/2025\/11\/Blueprint-Style-Poster-1-1-1-1024x466.png\" data-object-fit=\"cover\" data-srcset=\"https:\/\/www.sweethome3d.com\/wp-content\/uploads\/2025\/11\/Blueprint-Style-Poster-1-1-1-1024x466.png 1024w, https:\/\/www.sweethome3d.com\/wp-content\/uploads\/2025\/11\/Blueprint-Style-Poster-1-1-1-300x137.png 300w, https:\/\/www.sweethome3d.com\/wp-content\/uploads\/2025\/11\/Blueprint-Style-Poster-1-1-1-198x90.png 198w, https:\/\/www.sweethome3d.com\/wp-content\/uploads\/2025\/11\/Blueprint-Style-Poster-1-1-1-768x350.png 768w, https:\/\/www.sweethome3d.com\/wp-content\/uploads\/2025\/11\/Blueprint-Style-Poster-1-1-1-1536x699.png 1536w, https:\/\/www.sweethome3d.com\/wp-content\/uploads\/2025\/11\/Blueprint-Style-Poster-1-1-1.png 2048w\" data-sizes=\"(max-width: 1024px) 100vw, 1024px\" src=\"data:image\/svg+xml;base64,PHN2ZyB3aWR0aD0iMSIgaGVpZ2h0PSIxIiB4bWxucz0iaHR0cDovL3d3dy53My5vcmcvMjAwMC9zdmciPjwvc3ZnPg==\" style=\"--smush-placeholder-width: 1024px; --smush-placeholder-aspect-ratio: 1024\/466;\" \/><span aria-hidden=\"true\" class=\"wp-block-cover__background has-background-dim-0 has-background-dim\" style=\"background-color:#564e47\"><\/span><div class=\"wp-block-cover__inner-container is-layout-flow wp-block-cover-is-layout-flow\">\n<div style=\"height:64px\" aria-hidden=\"true\" class=\"wp-block-spacer\"><\/div>\n\n\n\n<div class=\"wp-block-group  max-w-3xl mx-auto is-vertical is-content-justification-center is-layout-flex wp-container-core-group-is-layout-4b2eccd6 wp-block-group-is-layout-flex\">\n<div class=\"wp-block-group is-nowrap is-layout-flex wp-container-core-group-is-layout-ad2f72ca wp-block-group-is-layout-flex\">\n<h1 class=\"wp-block-heading has-text-align-center font-sf-pro\"><img decoding=\"async\" width=\"42\" height=\"48\" class=\"wp-image-930 lazyload\" style=\"--smush-placeholder-width: 42px; --smush-placeholder-aspect-ratio: 42\/48;width: 42px;\" data-src=\"https:\/\/www.sweethome3d.com\/wp-content\/uploads\/2025\/11\/image-7.png\" alt=\"\" src=\"data:image\/svg+xml;base64,PHN2ZyB3aWR0aD0iMSIgaGVpZ2h0PSIxIiB4bWxucz0iaHR0cDovL3d3dy53My5vcmcvMjAwMC9zdmciPjwvc3ZnPg==\" \/> Sweet Home 3D Online Manager<\/h1>\n<\/div>\n\n\n\n<div style=\"height:60px\" aria-hidden=\"true\" class=\"wp-block-spacer wp-container-content-1ac3d91d\"><\/div>\n\n\n\n<p class=\"has-text-align-center font-sf-pro has-3-xl-font-size\" style=\"font-style:normal;font-weight:500\">Thi\u1ebft k\u1ebf b\u1ea3n v\u1ebd nh\u00e0 c\u1ee7a b\u1ea1n t\u1eeb tr\u00ecnh duy\u1ec7t<\/p>\n\n\n\n<div style=\"height:60px\" aria-hidden=\"true\" class=\"wp-block-spacer wp-container-content-1ac3d91d\"><\/div>\n\n\n\n<div class=\"wp-block-buttons is-layout-flex wp-block-buttons-is-layout-flex\">\n<div class=\"wp-block-button\" data-action=\"wce_online_testonline_hyperlink\"><a class=\"wp-block-button__link has-blue-pure-background-color has-background wp-element-button\" href=\"\/SweetHome3DJSOnline.jsp\" style=\"font-style:normal;font-weight:500\">D\u00f9ng th\u1eed phi\u00ean b\u1ea3n Demo ngay <img decoding=\"async\" width=\"24\" height=\"24\" class=\"wp-image-681 lazyload\" style=\"--smush-placeholder-width: 24px; --smush-placeholder-aspect-ratio: 24\/24;width: 24px;\" data-src=\"https:\/\/www.sweethome3d.com\/wp-content\/uploads\/2025\/10\/arrow.png\" alt=\"\" src=\"data:image\/svg+xml;base64,PHN2ZyB3aWR0aD0iMSIgaGVpZ2h0PSIxIiB4bWxucz0iaHR0cDovL3d3dy53My5vcmcvMjAwMC9zdmciPjwvc3ZnPg==\" \/><\/a><\/div>\n<\/div>\n<\/div>\n<\/div><\/div>\n\n<div style=\"height:100px\" aria-hidden=\"true\" class=\"wp-block-spacer\"><\/div>\n\n<div class=\"wp-block-group alignwide gap-section is-layout-grid wp-container-core-group-is-layout-a2ecc09a wp-block-group-is-layout-grid\">\n<figure class=\"wp-block-video rounded-2xl overflow-hidden wp-container-content-ca36d4c3\"><video height=\"1332\" style=\"aspect-ratio: 1332 \/ 1332;\" width=\"1332\" autoplay=\"\" loop=\"\" muted=\"\" poster=\"https:\/\/www.sweethome3d.com\/wp-content\/uploads\/2025\/11\/Frame-265-1.png\" src=\"https:\/\/www.sweethome3d.com\/wp-content\/uploads\/2025\/11\/video-3.mp4\" playsinline=\"\"><\/video><\/figure>\n\n\n\n<div class=\"wp-block-group wp-container-content-ca36d4c3 is-vertical is-content-justification-left is-layout-flex wp-container-core-group-is-layout-0d4b66b7 wp-block-group-is-layout-flex\">\n<h2 class=\"wp-block-heading font-sf-pro wp-container-content-e29552f7\" style=\"font-style:normal;font-weight:600\">D\u00f9ng th\u1eed Sweet Home 3D JS Online nh\u01b0 m\u1ed9t b\u1ea3n demo<\/h2>\n\n\n\n<p><a href=\"https:\/\/www.sweethome3d.com\/vi\/\">Sweet Home 3D<\/a> Online Manager l\u00e0 m\u1ed9t d\u1ecbch v\u1ee5 thi\u1ebft k\u1ebf n\u1ed9i th\u1ea5t m\u1ea1nh m\u1ebd cho ph\u00e9p b\u1ea1n thi\u1ebft k\u1ebf b\u1ea3n v\u1ebd ng\u00f4i nh\u00e0 tr\u1ef1c tuy\u1ebfn ngay t\u1eeb tr\u00ecnh duy\u1ec7t c\u1ee7a b\u1ea1n, kh\u00f4ng c\u1ea7n c\u00e0i \u0111\u1eb7t. Phi\u00ean b\u1ea3n tr\u1ef1c tuy\u1ebfn n\u00e0y cho ph\u00e9p b\u1ea1n d\u00f9ng th\u1eed Sweet Home 3D tr\u01b0\u1edbc khi t\u1ea3i v\u1ec1. <\/p>\n\n\n\n<div style=\"height:0px;width:0px\" aria-hidden=\"true\" class=\"wp-block-spacer wp-container-content-1ac3d91d\"><\/div>\n\n\n\n<div class=\"wp-block-buttons is-layout-flex wp-block-buttons-is-layout-flex\">\n<div class=\"wp-block-button\" data-action=\"wce_online_testonline_hyperlink\"><a class=\"wp-block-button__link has-blue-pure-background-color has-background wp-element-button\" href=\"\/SweetHome3DJSOnline.jsp\" style=\"font-style:normal;font-weight:500\">D\u00f9ng th\u1eed Sweet Home 3D JS Online nh\u01b0 m\u1ed9t b\u1ea3n demo <img decoding=\"async\" width=\"24\" height=\"24\" class=\"wp-image-681 lazyload\" style=\"--smush-placeholder-width: 24px; --smush-placeholder-aspect-ratio: 24\/24;width: 24px;\" data-src=\"https:\/\/www.sweethome3d.com\/wp-content\/uploads\/2025\/10\/arrow.png\" alt=\"\" src=\"data:image\/svg+xml;base64,PHN2ZyB3aWR0aD0iMSIgaGVpZ2h0PSIxIiB4bWxucz0iaHR0cDovL3d3dy53My5vcmcvMjAwMC9zdmciPjwvc3ZnPg==\" \/><\/a><\/div>\n<\/div>\n\n\n\n<div style=\"height:0px;width:0px\" aria-hidden=\"true\" class=\"wp-block-spacer wp-container-content-1ac3d91d\"><\/div>\n\n\n\n<p id=\"online-p-download\">N\u1ebfu b\u1ea1n s\u1eed d\u1ee5ng phi\u00ean b\u1ea3n Sweet Home 3D c\u00f3 s\u1eb5n \u0111\u1ec3 <a href=\"https:\/\/www.sweethome3d.com\/vi\/download\/\">t\u1ea3i v\u1ec1<\/a>, b\u1ea1n c\u0169ng c\u00f3 th\u1ec3 <a href=\"https:\/\/www.sweethome3d.com\/vi\/huong-dan-su-dung-sweet-home-3d\/#importing-home-blueprint\">nh\u1eadp<\/a> t\u1ec7p nh\u00e0 b\u1ea1n \u0111\u00e3 thi\u1ebft k\u1ebf, <a href=\"https:\/\/www.sweethome3d.com\/vi\/huong-dan-su-dung-sweet-home-3d\/#editing-3d-view\">xem trong 2D \/ 3D<\/a>, ch\u1ec9nh s\u1eeda v\u00e0 <a href=\"https:\/\/www.sweethome3d.com\/vi\/huong-dan-su-dung-sweet-home-3d\/#export-to-obj-format\">xu\u1ea5t<\/a> n\u00f3 v\u1edbi c\u00f4ng c\u1ee5 n\u00e0y \u2014 bi\u1ebfn n\u00f3 th\u00e0nh m\u1ed9t ph\u1ea7n m\u1ec1m t\u1ea1o b\u1ea3n v\u1ebd m\u1eb7t b\u1eb1ng v\u00e0 v\u1ebd n\u1ed9i th\u1ea5t ti\u1ec7n l\u1ee3i.<br\/><br\/><a href=\"#download\">T\u1ea3i v\u1ec1 phi\u00ean b\u1ea3n \u0111\u1ea7y \u0111\u1ee7<\/a> \u0111\u1ec3 truy c\u1eadp h\u01a1n 10.000 <a href=\"https:\/\/www.sweethome3d.com\/vi\/nhap-mo-hinh-3d\/\">m\u00f4 h\u00ecnh 3D<\/a>, 400 <a href=\"https:\/\/www.sweethome3d.com\/vi\/nhap-ket-cau\/\">k\u1ebft c\u1ea5u<\/a>, v\u00e0 kh\u1ea3 n\u0103ng th\u00eam c\u00e1c t\u00ednh n\u0103ng \u0111\u1ed9c \u0111\u00e1o cho <a href=\"https:\/\/www.sweethome3d.com\/vi\/huong-dan-su-dung-sweet-home-3d\/#starting-a-new-home\">tr\u1ea3i nghi\u1ec7m thi\u1ebft k\u1ebf<\/a> th\u1ef1c s\u1ef1 c\u00e1 nh\u00e2n h\u00f3a.<\/p>\n\n\n\n<div style=\"height:0px;width:0px\" aria-hidden=\"true\" class=\"wp-block-spacer wp-container-content-1ac3d91d\"><\/div>\n\n\n\n<div class=\"wp-block-buttons is-layout-flex wp-block-buttons-is-layout-flex\">\n<div class=\"wp-block-button font-inter\" data-append-os=\"true\" data-action=\"wce_online_download_direct\"><a class=\"wp-block-button__link has-white-color has-blue-pure-background-color has-text-color has-background has-link-color has-lg-font-size has-custom-font-size wp-element-button\" href=\"#download\" style=\"font-style:normal;font-weight:600\"><img decoding=\"async\" width=\"20\" height=\"20\" class=\"wp-image-641 lazyload\" style=\"--smush-placeholder-width: 20px; --smush-placeholder-aspect-ratio: 20\/20;width: 20px;\" data-src=\"https:\/\/www.sweethome3d.com\/wp-content\/uploads\/2025\/10\/Download.png\" alt=\"\" src=\"data:image\/svg+xml;base64,PHN2ZyB3aWR0aD0iMSIgaGVpZ2h0PSIxIiB4bWxucz0iaHR0cDovL3d3dy53My5vcmcvMjAwMC9zdmciPjwvc3ZnPg==\" \/> T\u1ea3i xu\u1ed1ng Sweet Home 3D<\/a><\/div>\n<\/div>\n<\/div>\n<\/div>\n\n<div style=\"height:100px\" aria-hidden=\"true\" class=\"wp-block-spacer\"><\/div>\n\n<div class=\"wp-block-group alignwide gap-section is-layout-grid wp-container-core-group-is-layout-a2ecc09a wp-block-group-is-layout-grid\">\n<div class=\"wp-block-group wp-container-content-ca36d4c3 is-vertical is-content-justification-left is-layout-flex wp-container-core-group-is-layout-0d4b66b7 wp-block-group-is-layout-flex\">\n<h2 class=\"wp-block-heading font-sf-pro wp-container-content-e29552f7\" style=\"font-style:normal;font-weight:600\">C\u00e1ch s\u1eed d\u1ee5ng Sweet Home 3D JS tr\u1ef1c tuy\u1ebfn<\/h2>\n\n\n\n<p>Sweet Home 3D Online Manager l\u00e0 m\u1ed9t d\u1ecbch v\u1ee5 cho ph\u00e9p b\u1ea1n thi\u1ebft k\u1ebf b\u1ed1 c\u1ee5c ng\u00f4i nh\u00e0 tr\u1ef1c tuy\u1ebfn v\u1edbi b\u1ea5t k\u1ef3 tr\u00ecnh duy\u1ec7t n\u00e0o t\u01b0\u01a1ng th\u00edch v\u1edbi <a href=\"https:\/\/caniuse.com\/webgl\" target=\"_blank\" rel=\"noopener\">WebGL<\/a>.<\/p>\n\n\n\n<p>B\u1ea1n c\u00f3 th\u1ec3 d\u00f9ng th\u1eed d\u1ecbch v\u1ee5 n\u00e0y b\u1eb1ng c\u00e1ch b\u1ea5m v\u00e0o li\u00ean k\u1ebft b\u00ean d\u01b0\u1edbi, nh\u01b0ng n\u1ebfu b\u1ea1n mu\u1ed1n l\u01b0u thi\u1ebft k\u1ebf c\u1ee7a m\u00ecnh, h\u00e3y <a href=\"\/support\/forum\/registermember\">\u0111\u0103ng k\u00fd<\/a> mi\u1ec5n ph\u00ed tr\u01b0\u1edbc, sau \u0111\u00f3 <a href=\"\/support\/forum\/login?url=https%3A%2F%2Fwww.sweethome3d.com%2FSweetHome3DOnlineManager.jsp&amp;forumLogin=false&amp;lang=en\">\u0111\u0103ng nh\u1eadp<\/a>.<\/p>\n<\/div>\n\n\n\n<figure class=\"wp-block-video rounded-2xl overflow-hidden wp-container-content-ca36d4c3\"><video height=\"1332\" style=\"aspect-ratio: 1332 \/ 1332;\" width=\"1332\" autoplay=\"\" loop=\"\" muted=\"\" poster=\"https:\/\/www.sweethome3d.com\/wp-content\/uploads\/2025\/11\/Frame-266.png\" src=\"https:\/\/www.sweethome3d.com\/wp-content\/uploads\/2025\/11\/video-1-2.mp4\" playsinline=\"\"><\/video><\/figure>\n<\/div>\n","protected":false},"excerpt":{"rendered":"<p>D\u00f9ng th\u1eed Sweet Home 3D JS Online nh\u01b0 m\u1ed9t b\u1ea3n demo Sweet Home 3D Online Manager l\u00e0 m\u1ed9t d\u1ecbch v\u1ee5 thi\u1ebft k\u1ebf n\u1ed9i th\u1ea5t m\u1ea1nh m\u1ebd cho ph\u00e9p b\u1ea1n thi\u1ebft k\u1ebf b\u1ea3n v\u1ebd ng\u00f4i nh\u00e0 tr\u1ef1c tuy\u1ebfn ngay t\u1eeb tr\u00ecnh duy\u1ec7t c\u1ee7a b\u1ea1n, kh\u00f4ng c\u1ea7n c\u00e0i \u0111\u1eb7t. Phi\u00ean b\u1ea3n tr\u1ef1c tuy\u1ebfn n\u00e0y cho ph\u00e9p b\u1ea1n<a href=\"https:\/\/www.sweethome3d.com\/vi\/online\/\">Continue reading <span class=\"sr-only\">&#8220;Online&#8221;<\/span><\/a><\/p>\n","protected":false},"author":4,"featured_media":2553,"parent":0,"menu_order":0,"comment_status":"closed","ping_status":"closed","template":"page-online.php","meta":{"inline_featured_image":false,"footnotes":""},"class_list":["post-2554","page","type-page","status-publish","has-post-thumbnail","hentry"],"_links":{"self":[{"href":"https:\/\/www.sweethome3d.com\/vi\/wp-json\/wp\/v2\/pages\/2554","targetHints":{"allow":["GET"]}}],"collection":[{"href":"https:\/\/www.sweethome3d.com\/vi\/wp-json\/wp\/v2\/pages"}],"about":[{"href":"https:\/\/www.sweethome3d.com\/vi\/wp-json\/wp\/v2\/types\/page"}],"author":[{"embeddable":true,"href":"https:\/\/www.sweethome3d.com\/vi\/wp-json\/wp\/v2\/users\/4"}],"replies":[{"embeddable":true,"href":"https:\/\/www.sweethome3d.com\/vi\/wp-json\/wp\/v2\/comments?post=2554"}],"version-history":[{"count":12,"href":"https:\/\/www.sweethome3d.com\/vi\/wp-json\/wp\/v2\/pages\/2554\/revisions"}],"predecessor-version":[{"id":26885,"href":"https:\/\/www.sweethome3d.com\/vi\/wp-json\/wp\/v2\/pages\/2554\/revisions\/26885"}],"wp:featuredmedia":[{"embeddable":true,"href":"https:\/\/www.sweethome3d.com\/vi\/wp-json\/wp\/v2\/media\/2553"}],"wp:attachment":[{"href":"https:\/\/www.sweethome3d.com\/vi\/wp-json\/wp\/v2\/media?parent=2554"}],"curies":[{"name":"wp","href":"https:\/\/api.w.org\/{rel}","templated":true}]}}