{"id":8840,"date":"2025-09-18T11:52:42","date_gmt":"2025-09-18T11:52:42","guid":{"rendered":"https:\/\/www.sweethome3d.com\/sweet-home-3d-funktioner\/"},"modified":"2025-11-03T17:18:28","modified_gmt":"2025-11-03T17:18:28","slug":"sweet-home-3d-funktioner","status":"publish","type":"page","link":"https:\/\/www.sweethome3d.com\/sv\/sweet-home-3d-funktioner\/","title":{"rendered":"Sweet Home 3D-funktioner"},"content":{"rendered":"<h2 class=\"wp-block-heading has-text-align-center\" id=\"upptack-huvudfunktionerna-i-sweet-home-3d\">Uppt\u00e4ck huvudfunktionerna i Sweet Home 3D<\/h2>\n<p class=\"has-text-align-center\">Uppt\u00e4ck huvudfunktionerna i <strong><a href=\"https:\/\/www.sweethome3d.com\/sv\/ladda-ner\/\" data-type=\"page\" data-id=\"396\">Sweet Home 3D<\/a><\/strong>,<br \/>ett gratis inredningsprogram som finns p\u00e5 <a href=\"https:\/\/www.sweethome3d.com\/\">https:\/\/www.sweethome3d.com<\/a>.<\/p>\n\n<p class=\"has-text-align-center\">Sweet Home 3D \u00e4r ett kraftfullt och anv\u00e4ndarv\u00e4nligt inredningsprogram som hj\u00e4lper dig att skapa detaljerade planl\u00f6sningar och stilrena inredningsid\u00e9er p\u00e5 ett enkelt s\u00e4tt. Oavsett om du \u00e4r professionell inredningsarkitekt eller bara vill testa olika rumsid\u00e9er har detta verktyg alla funktioner du beh\u00f6ver f\u00f6r att effektivt designa planl\u00f6sningar. <\/p>\n<div class=\"wp-block-image\">\n<figure class=\"aligncenter size-full\"><img loading=\"lazy\" decoding=\"async\" width=\"393\" height=\"266\" src=\"https:\/\/www.sweethome3d.com\/wp-content\/uploads\/2025\/09\/SweetHome3DSmall.jpg\" alt=\"Sweet Home 3D-funktioner\" class=\"wp-image-501\" srcset=\"https:\/\/www.sweethome3d.com\/wp-content\/uploads\/2025\/09\/SweetHome3DSmall.jpg 393w, https:\/\/www.sweethome3d.com\/wp-content\/uploads\/2025\/09\/SweetHome3DSmall-192x130.jpg 192w, https:\/\/www.sweethome3d.com\/wp-content\/uploads\/2025\/09\/SweetHome3DSmall-360x244.jpg 360w, https:\/\/www.sweethome3d.com\/wp-content\/uploads\/2025\/09\/SweetHome3DSmall-133x90.jpg 133w\" sizes=\"auto, (max-width: 393px) 100vw, 393px\" \/><\/figure><\/div>\n<div style=\"height:50px\" aria-hidden=\"true\" class=\"wp-block-spacer\"><\/div>\n<h3 class=\"wp-block-heading has-text-align-center\" id=\"rita-vaggar-och-skapa-exakta-planlosningar\">Rita v\u00e4ggar och skapa exakta planl\u00f6sningar<\/h3>\n<hr class=\"wp-block-separator has-alpha-channel-opacity is-style-default\" \/>\n\n<div class=\"wp-block-group is-nowrap is-layout-flex wp-container-core-group-is-layout-ad2f72ca wp-block-group-is-layout-flex\">\n<div class=\"wp-block-group is-nowrap is-layout-flex wp-container-core-group-is-layout-ad2f72ca wp-block-group-is-layout-flex\">\n<p><strong>Rita <\/strong>raka, runda eller lutande <strong><a href=\"https:\/\/www.sweethome3d.com\/sv\/sweet-home-3d-anvandarguide\/#drawing-walls\" data-type=\"link\" data-id=\"https:\/\/www.sweethome3d.com\/users-guide\/#drawing-walls\">v\u00e4ggar<\/a><\/strong> med exakta m\u00e5tt med hj\u00e4lp av musen eller tangentbordet.<\/p>\n<\/div>\n\n\n\n<figure class=\"wp-block-image size-full is-resized\"><img loading=\"lazy\" decoding=\"async\" width=\"275\" height=\"100\" src=\"https:\/\/www.sweethome3d.com\/wp-content\/uploads\/2025\/09\/drawWalls.png\" alt=\"\" class=\"wp-image-504\" style=\"width:275px\" srcset=\"https:\/\/www.sweethome3d.com\/wp-content\/uploads\/2025\/09\/drawWalls.png 275w, https:\/\/www.sweethome3d.com\/wp-content\/uploads\/2025\/09\/drawWalls-248x90.png 248w\" sizes=\"auto, (max-width: 275px) 100vw, 275px\" \/><\/figure>\n<\/div>\n\n<hr class=\"wp-block-separator has-alpha-channel-opacity\" \/>\n\n<div class=\"wp-block-group is-nowrap is-layout-flex wp-container-core-group-is-layout-ad2f72ca wp-block-group-is-layout-flex\">\n<figure class=\"wp-block-image size-full is-resized\"><img loading=\"lazy\" decoding=\"async\" width=\"275\" height=\"100\" src=\"https:\/\/www.sweethome3d.com\/wp-content\/uploads\/2025\/09\/annotate.png\" alt=\"\" class=\"wp-image-505\" style=\"width:275px\" srcset=\"https:\/\/www.sweethome3d.com\/wp-content\/uploads\/2025\/09\/annotate.png 275w, https:\/\/www.sweethome3d.com\/wp-content\/uploads\/2025\/09\/annotate-248x90.png 248w\" sizes=\"auto, (max-width: 275px) 100vw, 275px\" \/><\/figure>\n\n\n\n<p><strong>M\u00e4rk upp planl\u00f6sningen <\/strong>med <a href=\"https:\/\/www.sweethome3d.com\/sv\/sweet-home-3d-anvandarguide\/#drawing-rooms\" data-type=\"link\" data-id=\"https:\/\/www.sweethome3d.com\/users-guide\/#drawing-rooms\">rumsytor<\/a>, <a href=\"https:\/\/www.sweethome3d.com\/sv\/sweet-home-3d-anvandarguide\/#drawing-dimensions\">m\u00e5ttlinjer<\/a>, <a href=\"https:\/\/www.sweethome3d.com\/sv\/sweet-home-3d-anvandarguide\/#adding-texts\" data-type=\"link\" data-id=\"https:\/\/www.sweethome3d.com\/users-guide\/#adding-texts\">texter<\/a>, pilar och visa nordriktningen med en kompassros.<\/p>\n<\/div>\n<h3 class=\"wp-block-heading has-text-align-center\" id=\"lagg-till-dorrar-fonster-mobler-och-anpassa-varje-rum\">L\u00e4gg till d\u00f6rrar, f\u00f6nster, m\u00f6bler och anpassa varje rum<\/h3>\n<hr class=\"wp-block-separator has-alpha-channel-opacity\" \/>\n\n<div class=\"wp-block-group is-nowrap is-layout-flex wp-container-core-group-is-layout-ad2f72ca wp-block-group-is-layout-flex\">\n<p><strong>S\u00e4tt in <a href=\"https:\/\/www.sweethome3d.com\/sv\/sweet-home-3d-anvandarguide\/#adding-doors-windows-and-furniture\">d\u00f6rrar och f\u00f6nster<\/a><\/strong> i v\u00e4ggar genom att dra dem i planl\u00f6sningen, och l\u00e5t <a href=\"https:\/\/www.sweethome3d.com\/sv\/ladda-ner\/\" data-type=\"page\" data-id=\"396\">Sweet Home 3D<\/a> ber\u00e4kna deras \u00f6ppningar i v\u00e4ggarna<\/p>\n\n\n\n<figure class=\"wp-block-image size-full is-resized\"><img loading=\"lazy\" decoding=\"async\" width=\"275\" height=\"100\" src=\"https:\/\/www.sweethome3d.com\/wp-content\/uploads\/2025\/09\/insertDoors.png\" alt=\"\" class=\"wp-image-506\" style=\"width:275px\" srcset=\"https:\/\/www.sweethome3d.com\/wp-content\/uploads\/2025\/09\/insertDoors.png 275w, https:\/\/www.sweethome3d.com\/wp-content\/uploads\/2025\/09\/insertDoors-248x90.png 248w\" sizes=\"auto, (max-width: 275px) 100vw, 275px\" \/><\/figure>\n<\/div>\n\n<hr class=\"wp-block-separator has-alpha-channel-opacity\" \/>\n\n<div class=\"wp-block-group is-nowrap is-layout-flex wp-container-core-group-is-layout-ad2f72ca wp-block-group-is-layout-flex\">\n<figure class=\"wp-block-image size-full is-resized\"><img loading=\"lazy\" decoding=\"async\" width=\"275\" height=\"100\" src=\"https:\/\/www.sweethome3d.com\/wp-content\/uploads\/2025\/09\/addFurniture.png\" alt=\"\" class=\"wp-image-507\" style=\"width:275px\" srcset=\"https:\/\/www.sweethome3d.com\/wp-content\/uploads\/2025\/09\/addFurniture.png 275w, https:\/\/www.sweethome3d.com\/wp-content\/uploads\/2025\/09\/addFurniture-248x90.png 248w\" sizes=\"auto, (max-width: 275px) 100vw, 275px\" \/><\/figure>\n\n\n\n<p><strong><a href=\"https:\/\/www.sweethome3d.com\/sv\/sweet-home-3d-anvandarguide\/#adding-doors-windows-and-furniture\">L\u00e4gg till m\u00f6bler<\/a><\/strong> i planl\u00f6sningen fr\u00e5n en s\u00f6kbar och utbyggbar katalog organiserad i kategorier som k\u00f6k, vardagsrum, sovrum, badrum&#8230;<\/p>\n<\/div>\n\n<hr class=\"wp-block-separator has-alpha-channel-opacity\" \/>\n\n<div class=\"wp-block-group is-nowrap is-layout-flex wp-container-core-group-is-layout-ad2f72ca wp-block-group-is-layout-flex\">\n<p><strong><a href=\"https:\/\/www.sweethome3d.com\/sv\/sweet-home-3d-anvandarguide\/#adding-doors-windows-and-furniture\">\u00c4ndra f\u00e4rg<\/a>, textur<\/strong>, storlek, tjocklek, placering och riktning p\u00e5 m\u00f6bler, v\u00e4ggar, golv och tak.<\/p>\n\n\n\n<figure class=\"wp-block-image size-full is-resized\"><img loading=\"lazy\" decoding=\"async\" width=\"275\" height=\"100\" src=\"https:\/\/www.sweethome3d.com\/wp-content\/uploads\/2025\/09\/changeTexture.png\" alt=\"\" class=\"wp-image-508\" style=\"width:275px\" srcset=\"https:\/\/www.sweethome3d.com\/wp-content\/uploads\/2025\/09\/changeTexture.png 275w, https:\/\/www.sweethome3d.com\/wp-content\/uploads\/2025\/09\/changeTexture-248x90.png 248w\" sizes=\"auto, (max-width: 275px) 100vw, 275px\" \/><\/figure>\n<\/div>\n<h3 class=\"wp-block-heading has-text-align-center\" id=\"visa-designer-i-2d-och-3d\">Visa designer i 2D och 3D<\/h3>\n<hr class=\"wp-block-separator has-alpha-channel-opacity\" \/>\n\n<div class=\"wp-block-group is-nowrap is-layout-flex wp-container-core-group-is-layout-ad2f72ca wp-block-group-is-layout-flex\">\n<figure class=\"wp-block-image size-full is-resized\"><img loading=\"lazy\" decoding=\"async\" width=\"275\" height=\"100\" src=\"https:\/\/www.sweethome3d.com\/wp-content\/uploads\/2025\/09\/view3D.png\" alt=\"\" class=\"wp-image-509\" style=\"width:275px\" srcset=\"https:\/\/www.sweethome3d.com\/wp-content\/uploads\/2025\/09\/view3D.png 275w, https:\/\/www.sweethome3d.com\/wp-content\/uploads\/2025\/09\/view3D-248x90.png 248w\" sizes=\"auto, (max-width: 275px) 100vw, 275px\" \/><\/figure>\n\n\n\n<p>Medan du designar hemmet i 2D kan du <strong>samtidigt<\/strong> <strong><a href=\"https:\/\/www.sweethome3d.com\/sv\/sweet-home-3d-anvandarguide\/#editing-3d-view\">se det i 3D<\/a><\/strong> fr\u00e5n ett f\u00e5gelperspektiv, eller navigera i det fr\u00e5n en virtuell bes\u00f6kares perspektiv.<\/p>\n<\/div>\n\n<hr class=\"wp-block-separator has-alpha-channel-opacity\" \/>\n\n<div class=\"wp-block-group is-nowrap is-layout-flex wp-container-core-group-is-layout-ad2f72ca wp-block-group-is-layout-flex\">\n<p><strong>Skapa fotorealistiska <a href=\"https:\/\/www.sweethome3d.com\/sv\/sweet-home-3d-anvandarguide\/#creating-photos-of-the-3d-view\">bilder<\/a><\/strong> <strong>och <a href=\"https:\/\/www.sweethome3d.com\/sv\/sweet-home-3d-anvandarguide\/#creating-3d-videos\">videor<\/a><\/strong> med m\u00f6jlighet att anpassa belysning och kontrollera solljuseffekter enligt tid p\u00e5 dygnet och geografisk plats.<\/p>\n\n\n\n<figure class=\"wp-block-image size-full is-resized\"><img loading=\"lazy\" decoding=\"async\" width=\"275\" height=\"100\" src=\"https:\/\/www.sweethome3d.com\/wp-content\/uploads\/2025\/09\/createPhoto.jpg\" alt=\"\" class=\"wp-image-510\" style=\"width:275px\" srcset=\"https:\/\/www.sweethome3d.com\/wp-content\/uploads\/2025\/09\/createPhoto.jpg 275w, https:\/\/www.sweethome3d.com\/wp-content\/uploads\/2025\/09\/createPhoto-248x90.jpg 248w\" sizes=\"auto, (max-width: 275px) 100vw, 275px\" \/><\/figure>\n<\/div>\n<h3 class=\"wp-block-heading has-text-align-center\" id=\"import-amp-export\">Import &amp; export<\/h3>\n<hr class=\"wp-block-separator has-alpha-channel-opacity\" \/>\n\n<div class=\"wp-block-group is-nowrap is-layout-flex wp-container-core-group-is-layout-ad2f72ca wp-block-group-is-layout-flex\">\n<figure class=\"wp-block-image size-full is-resized\"><img loading=\"lazy\" decoding=\"async\" width=\"275\" height=\"100\" src=\"https:\/\/www.sweethome3d.com\/wp-content\/uploads\/2025\/09\/importFurniture.png\" alt=\"\" class=\"wp-image-511\" style=\"width:275px\" srcset=\"https:\/\/www.sweethome3d.com\/wp-content\/uploads\/2025\/09\/importFurniture.png 275w, https:\/\/www.sweethome3d.com\/wp-content\/uploads\/2025\/09\/importFurniture-248x90.png 248w\" sizes=\"auto, (max-width: 275px) 100vw, 275px\" \/><\/figure>\n\n\n\n<p><a href=\"https:\/\/www.sweethome3d.com\/sv\/sweet-home-3d-anvandarguide\/#importing-home-blueprint\"><strong>Importera<\/strong> husritning<\/a> f\u00f6r att <a href=\"https:\/\/www.sweethome3d.com\/sv\/sweet-home-3d-anvandarguide\/#drawing-walls\" data-type=\"link\" data-id=\"https:\/\/www.sweethome3d.com\/users-guide\/#drawing-walls\">rita v\u00e4ggar<\/a> ovanp\u00e5 den, <a href=\"https:\/\/www.sweethome3d.com\/sv\/importera-modeller-i-sweet-home-3d-lagg-till-anpassade-3d-mobler-och-objekt\/\" data-type=\"page\" data-id=\"432\">3D-modeller<\/a> f\u00f6r att komplettera standardkatalogen, och <a href=\"https:\/\/www.sweethome3d.com\/sv\/importera-texturer\/\" data-type=\"page\" data-id=\"4928\">texturer<\/a> f\u00f6r att anpassa ytor.<\/p>\n<\/div>\n\n<hr class=\"wp-block-separator has-alpha-channel-opacity\" \/>\n\n<div class=\"wp-block-group is-nowrap is-layout-flex wp-container-core-group-is-layout-ad2f72ca wp-block-group-is-layout-flex\">\n<p><strong>Skriv ut och exportera<\/strong> PDF:er, bitmap- eller vektorgrafikbilder, videor och 3D-filer i standardfilformat.<\/p>\n\n\n\n<figure class=\"wp-block-image size-full is-resized\"><img loading=\"lazy\" decoding=\"async\" width=\"275\" height=\"71\" src=\"https:\/\/www.sweethome3d.com\/wp-content\/uploads\/2025\/09\/export.png\" alt=\"\" class=\"wp-image-512\" style=\"width:275px\" \/><\/figure>\n<\/div>\n<h3 class=\"wp-block-heading has-text-align-center\" id=\"ovrig-information\">\u00d6vrig information<\/h3>\n<hr class=\"wp-block-separator has-alpha-channel-opacity\" \/>\n\n<div class=\"wp-block-group is-nowrap is-layout-flex wp-container-core-group-is-layout-ad2f72ca wp-block-group-is-layout-flex\">\n<figure class=\"wp-block-image size-full is-resized\"><img loading=\"lazy\" decoding=\"async\" width=\"275\" height=\"100\" src=\"https:\/\/www.sweethome3d.com\/wp-content\/uploads\/2025\/09\/extend.png\" alt=\"\" class=\"wp-image-513\" style=\"width:275px\" srcset=\"https:\/\/www.sweethome3d.com\/wp-content\/uploads\/2025\/09\/extend.png 275w, https:\/\/www.sweethome3d.com\/wp-content\/uploads\/2025\/09\/extend-248x90.png 248w\" sizes=\"auto, (max-width: 275px) 100vw, 275px\" \/><\/figure>\n\n\n\n<p><strong>Ut\u00f6ka funktionerna<\/strong> i Sweet Home 3D med <a href=\"https:\/\/www.sweethome3d.com\/sv\/guide-for-insticksmodulsutvecklare\/\" data-type=\"page\" data-id=\"4964\">insticksmoduler<\/a> programmerade i Java, eller genom att <a href=\"https:\/\/www.sweethome3d.com\/sv\/dokumentation\/#developers-guides\" data-type=\"link\" data-id=\"https:\/\/www.sweethome3d.com\/documentation\/#developers-guides\">utveckla<\/a> en anpassad version baserad p\u00e5 dess Model View Controller-arkitektur.<\/p>\n<\/div>\n\n<hr class=\"wp-block-separator has-alpha-channel-opacity\" \/>\n\n<div class=\"wp-block-group is-nowrap is-layout-flex wp-container-core-group-is-layout-ad2f72ca wp-block-group-is-layout-flex\">\n<p><strong>V\u00e4lj spr\u00e5k<\/strong> som visas i anv\u00e4ndargr\u00e4nssnittet f\u00f6r Sweet Home 3D och dess omfattande hj\u00e4lp bland <a href=\"https:\/\/www.sweethome3d.com\/sv\/oversattningar\/\" data-type=\"page\" data-id=\"439\">29 spr\u00e5k<\/a>.<\/p>\n\n\n\n<figure class=\"wp-block-image size-full is-resized\"><img loading=\"lazy\" decoding=\"async\" width=\"275\" height=\"38\" src=\"https:\/\/www.sweethome3d.com\/wp-content\/uploads\/2025\/09\/chooseLanguage.png\" alt=\"\" class=\"wp-image-514\" style=\"width:275px\" \/><\/figure>\n<\/div>\n\n<hr class=\"wp-block-separator has-alpha-channel-opacity\" \/>\n\n<div class=\"wp-block-group is-nowrap is-layout-flex wp-container-core-group-is-layout-ad2f72ca wp-block-group-is-layout-flex\">\n<figure class=\"wp-block-image size-full is-resized\"><img loading=\"lazy\" decoding=\"async\" width=\"275\" height=\"100\" src=\"https:\/\/www.sweethome3d.com\/wp-content\/uploads\/2025\/09\/run.png\" alt=\"\" class=\"wp-image-515\" style=\"width:275px\" srcset=\"https:\/\/www.sweethome3d.com\/wp-content\/uploads\/2025\/09\/run.png 275w, https:\/\/www.sweethome3d.com\/wp-content\/uploads\/2025\/09\/run-248x90.png 248w\" sizes=\"auto, (max-width: 275px) 100vw, 275px\" \/><\/figure>\n\n\n\n<p><strong><a href=\"https:\/\/www.sweethome3d.com\/sv\/ladda-ner\/\" data-type=\"page\" data-id=\"396\">Ladda ner<\/a><\/strong> Sweet Home 3D f\u00f6r att<strong> k\u00f6ra<\/strong> det offline i Windows, macOS, Linux, iOS och Android, eller anv\u00e4nd <strong><a href=\"https:\/\/www.sweethome3d.com\/sv\/sweet-home-3d-online-manager\/\" data-type=\"page\" data-id=\"398\">Online<\/a><\/strong>-versionen fr\u00e5n valfri webbl\u00e4sare som st\u00f6der WebGL.<\/p>\n<\/div>\n\n<hr class=\"wp-block-separator has-alpha-channel-opacity\" \/>\n\n<div class=\"wp-block-group is-nowrap is-layout-flex wp-container-core-group-is-layout-ad2f72ca wp-block-group-is-layout-flex\">\n<p><strong>Designa <\/strong>planl\u00f6sningar <strong>kostnadsfritt<\/strong> med Sweet Home 3D som distribueras under <a href=\"https:\/\/www.gnu.org\/licenses\/gpl-2.0.txt\" data-type=\"link\" data-id=\"https:\/\/www.gnu.org\/licenses\/gpl-2.0.txt\" target=\"_blank\" rel=\"noopener\">GNU General Public License<\/a>, \u00e4ven f\u00f6r kommersiellt bruk.<\/p>\n\n\n\n<figure class=\"wp-block-image size-full\"><img loading=\"lazy\" decoding=\"async\" width=\"134\" height=\"55\" src=\"https:\/\/www.sweethome3d.com\/wp-content\/uploads\/2025\/09\/gpl.png\" alt=\"\" class=\"wp-image-516\" style=\"object-fit:cover\" \/><\/figure>\n<\/div>\n","protected":false},"excerpt":{"rendered":"<p>Uppt\u00e4ck huvudfunktionerna i Sweet Home 3D Uppt\u00e4ck huvudfunktionerna i Sweet Home 3D,ett gratis inredningsprogram som finns p\u00e5 https:\/\/www.sweethome3d.com. Sweet Home 3D \u00e4r ett kraftfullt och anv\u00e4ndarv\u00e4nligt inredningsprogram som hj\u00e4lper dig att skapa detaljerade planl\u00f6sningar och stilrena inredningsid\u00e9er p\u00e5 ett enkelt s\u00e4tt. Oavsett om du \u00e4r professionell inredningsarkitekt eller bara vill testa olika rumsid\u00e9er har detta [&hellip;]<\/p>\n","protected":false},"author":2,"featured_media":8826,"parent":0,"menu_order":0,"comment_status":"closed","ping_status":"closed","template":"","meta":{"inline_featured_image":false,"footnotes":""},"class_list":["post-8840","page","type-page","status-publish","has-post-thumbnail","hentry"],"_links":{"self":[{"href":"https:\/\/www.sweethome3d.com\/sv\/wp-json\/wp\/v2\/pages\/8840","targetHints":{"allow":["GET"]}}],"collection":[{"href":"https:\/\/www.sweethome3d.com\/sv\/wp-json\/wp\/v2\/pages"}],"about":[{"href":"https:\/\/www.sweethome3d.com\/sv\/wp-json\/wp\/v2\/types\/page"}],"author":[{"embeddable":true,"href":"https:\/\/www.sweethome3d.com\/sv\/wp-json\/wp\/v2\/users\/2"}],"replies":[{"embeddable":true,"href":"https:\/\/www.sweethome3d.com\/sv\/wp-json\/wp\/v2\/comments?post=8840"}],"version-history":[{"count":6,"href":"https:\/\/www.sweethome3d.com\/sv\/wp-json\/wp\/v2\/pages\/8840\/revisions"}],"predecessor-version":[{"id":11719,"href":"https:\/\/www.sweethome3d.com\/sv\/wp-json\/wp\/v2\/pages\/8840\/revisions\/11719"}],"wp:featuredmedia":[{"embeddable":true,"href":"https:\/\/www.sweethome3d.com\/sv\/wp-json\/wp\/v2\/media\/8826"}],"wp:attachment":[{"href":"https:\/\/www.sweethome3d.com\/sv\/wp-json\/wp\/v2\/media?parent=8840"}],"curies":[{"name":"wp","href":"https:\/\/api.w.org\/{rel}","templated":true}]}}