{"id":7298,"date":"2025-11-11T14:18:00","date_gmt":"2025-11-11T14:18:00","guid":{"rendered":"https:\/\/www.sweethome3d.com\/donationer\/"},"modified":"2026-02-10T14:03:18","modified_gmt":"2026-02-10T14:03:18","slug":"donationer","status":"publish","type":"page","link":"https:\/\/www.sweethome3d.com\/sv\/donationer\/","title":{"rendered":"Donationer"},"content":{"rendered":"\n<div class=\"wp-block-group is-vertical is-layout-flex wp-container-core-group-is-layout-8cf370e7 wp-block-group-is-layout-flex\">\n<p class=\"has-text-align-left\">Har <a href=\"\/\">Sweet Home 3D<\/a> hj\u00e4lpt dig med ditt projekt?<br\/>Gillar du supporten som erbjuds av den h\u00e4r webbplatsen?<br\/>Uppskattar du avsaknaden av annonser p\u00e5 den h\u00e4r webbplatsen?<\/p>\n\n\n\n<p class=\"has-text-align-left\">Tveka inte! Hj\u00e4lp <a href=\"https:\/\/www.sweethome3d.com\/sv\/ladda-ner\/\">Sweet Home 3D<\/a> och donera till det h\u00e4r projektet.<br\/>Det kommer att uppskattas mycket. <\/p>\n\n\n\n<p class=\"has-text-align-left\">Du beh\u00f6ver bara ange beloppet f\u00f6r din donation nedan<br\/>och klicka p\u00e5 <em>Donera<\/em> Paypal-knappen.<\/p>\n\n\n\n<div style=\"height:25px;width:0px\" aria-hidden=\"true\" class=\"wp-block-spacer wp-container-content-c00f5982\"><\/div>\n\n\n\n<p class=\"has-text-align-left\">\n\t<div id=\"donate-button-container\" style=\"text-align:center; margin:0 auto;\">\n\t\t<div id=\"donate-button\" data-action=\"wce_donate\"><\/div>\n\t\t<script src=\"https:\/\/www.paypalobjects.com\/donate\/sdk\/donate-sdk.js\" charset=\"UTF-8\"><\/script>\n\t\t<script>\n\t\t\tPayPal.Donation.Button({\n\t\t\t\tenv: 'production',\n\t\t\t\thosted_button_id: 'Q2F4V9B6WMY7N',\n\t\t\t}).render('#donate-button');\n\t\t<\/script>\n\t<\/div>\n\n\t<\/p>\n<\/div>\n","protected":false},"excerpt":{"rendered":"<p>Har Sweet Home 3D hj\u00e4lpt dig med ditt projekt?Gillar du supporten som erbjuds av den h\u00e4r webbplatsen?Uppskattar du avsaknaden av annonser p\u00e5 den h\u00e4r webbplatsen? Tveka inte! Hj\u00e4lp Sweet Home 3D och donera till det h\u00e4r projektet.Det kommer att uppskattas mycket. Du beh\u00f6ver bara ange beloppet f\u00f6r din donation nedanoch klicka p\u00e5 Donera Paypal-knappen.<\/p>\n","protected":false},"author":2,"featured_media":7297,"parent":0,"menu_order":0,"comment_status":"closed","ping_status":"closed","template":"page-resources.php","meta":{"inline_featured_image":false,"footnotes":""},"class_list":["post-7298","page","type-page","status-publish","has-post-thumbnail","hentry"],"_links":{"self":[{"href":"https:\/\/www.sweethome3d.com\/sv\/wp-json\/wp\/v2\/pages\/7298","targetHints":{"allow":["GET"]}}],"collection":[{"href":"https:\/\/www.sweethome3d.com\/sv\/wp-json\/wp\/v2\/pages"}],"about":[{"href":"https:\/\/www.sweethome3d.com\/sv\/wp-json\/wp\/v2\/types\/page"}],"author":[{"embeddable":true,"href":"https:\/\/www.sweethome3d.com\/sv\/wp-json\/wp\/v2\/users\/2"}],"replies":[{"embeddable":true,"href":"https:\/\/www.sweethome3d.com\/sv\/wp-json\/wp\/v2\/comments?post=7298"}],"version-history":[{"count":2,"href":"https:\/\/www.sweethome3d.com\/sv\/wp-json\/wp\/v2\/pages\/7298\/revisions"}],"predecessor-version":[{"id":26845,"href":"https:\/\/www.sweethome3d.com\/sv\/wp-json\/wp\/v2\/pages\/7298\/revisions\/26845"}],"wp:featuredmedia":[{"embeddable":true,"href":"https:\/\/www.sweethome3d.com\/sv\/wp-json\/wp\/v2\/media\/7297"}],"wp:attachment":[{"href":"https:\/\/www.sweethome3d.com\/sv\/wp-json\/wp\/v2\/media?parent=7298"}],"curies":[{"name":"wp","href":"https:\/\/api.w.org\/{rel}","templated":true}]}}