{"id":4181,"date":"2025-09-11T08:47:20","date_gmt":"2025-09-11T08:47:20","guid":{"rendered":"https:\/\/www.sweethome3d.com\/integritetspolicy\/"},"modified":"2025-12-03T16:04:29","modified_gmt":"2025-12-03T16:04:29","slug":"integritetspolicy","status":"publish","type":"page","link":"https:\/\/www.sweethome3d.com\/sv\/integritetspolicy\/","title":{"rendered":"Integritetspolicy"},"content":{"rendered":"\n<p>Space Mushrooms, \u00e4garen av Sweet Home 3D-programvaran och upphovsr\u00e4tten samt <code>sweethome3d.com<\/code> webbplatsen, samlar inte in privata data p\u00e5 <code>sweethome3d.com<\/code> webbplatsen, f\u00f6rutom f\u00f6r anv\u00e4ndare som \u00e4r <a href=\"\/support\/forum\/registermember\" target=\"_blank\" rel=\"noreferrer noopener\">registrerade<\/a> i <a href=\"\/support\/forum\/?lang=en\" target=\"_blank\" rel=\"noreferrer noopener\">forumet<\/a>. Trafikloggar som lagras p\u00e5 servern \u00e4r inte offentliga och <x id=\"gid_4\"><\/x> visar ingen reklam.<br\/>De flesta sidor som publiceras p\u00e5 <x id=\"gid_5\"><\/x> webbplatsen visar dock Sourceforge-logotypen, ett f\u00e5tal sidor visar n\u00e5gra videor som finns p\u00e5 annat h\u00e5ll, och forumet l\u00e5ter anv\u00e4ndare dela bilder som finns p\u00e5 andra webbplatser. Dessa bilder och videor kommer fr\u00e5n <code>sourceforge.net<\/code>, <code>youtube.com<\/code>, <code>dailymotion.com<\/code> och andra webbservrar, vilket eventuellt ger \u00e4garna av dessa webbplatser m\u00f6jlighet att sp\u00e5ra anv\u00e4ndarnas bes\u00f6k p\u00e5 <code>sweethome3d.com<\/code> webbplatsen om de s\u00e5 \u00f6nskar.  <\/p>\n\n<p>F\u00f6r registrerade anv\u00e4ndare best\u00e5r data som lagras p\u00e5 <code>sweethome3d.com<\/code> av:<\/p>\n\n<ul class=\"wp-block-list pl-16\">\n<li>den information som l\u00e4mnas vid registreringen (\u00e5tminstone en inloggning, ett krypterat l\u00f6senord och en e-postadress)<\/li>\n\n\n\n<li>deras meddelanden som publiceras i <a href=\"\/support\/forum\/?lang=en\" target=\"_blank\" rel=\"noreferrer noopener\">forumet<\/a><\/li>\n\n\n\n<li>de online-hem de skapade i <a href=\"\/online-manager\/\">Sweet Home 3D Online<\/a> eller exporterade i <a href=\"\/exported-homes-manager\/\">Exported homes manager<\/a>.<\/li>\n<\/ul>\n\n<p>Hemdata \u00e4r privat om inte anv\u00e4ndaren uttryckligen samtycker till att dela det offentligt. Varje anv\u00e4ndare kan h\u00e4mta sin egen data sj\u00e4lv eller beg\u00e4ra att den tas bort vid behov genom att skriva till <g id=\"gid_0\">info@sweethome3d.com<\/g>. Space Mushrooms garanterar att alla n\u00f6dv\u00e4ndiga \u00e5tg\u00e4rder vidtas f\u00f6r att s\u00e4kerst\u00e4lla att anv\u00e4ndarnas hemdata som hanteras under eTeks tidigare webbplats\u00e4gande aldrig kommer att anv\u00e4ndas f\u00f6r n\u00e5got \u00e4ndam\u00e5l utan att informera anv\u00e4ndarna.  <\/p>\n\n<p><strong>Appar som distribueras via tredjepartsbutiker<\/strong><br\/>Informationen om anv\u00e4ndare som <a href=\"\/download\/\">laddar ner<\/a> och installerar <a href=\"https:\/\/www.sweethome3d.com\/sv\/\">Sweet Home 3D<\/a> eller Sweet Home 3D Mobile fr\u00e5n Mac App Store, App Store, Microsoft Store, Google Play eller Amazon hanteras fr\u00e4mst av dessa f\u00f6retag. Space Mushrooms f\u00e5r inga personligt identifierbara data om anv\u00e4ndare fr\u00e5n dessa plattformar. <\/p>\n\n<p><strong>Analys och sp\u00e5rning i appar<\/strong><br\/>V\u00e5ra iOS- och macOS-versioner av Sweet Home 3D inkluderar Firebase Analytics f\u00f6r att f\u00f6rb\u00e4ttra appen. Firebase Analytics samlar in data som anonym appanv\u00e4ndningsstatistik och kraschrapporter. Dessa data \u00e4r inte kopplade till din identitet och anv\u00e4nds enbart f\u00f6r att f\u00f6rb\u00e4ttra appens funktionalitet och anv\u00e4ndarupplevelse. Inga personuppgifter, som namn eller e-postadresser, samlas in av oss via Firebase.   <\/p>\n\n<p>Se \u00e4ven <a href=\"https:\/\/www.sweethome3d.com\/sv\/juridisk-information\/\" data-type=\"page\" data-id=\"465\">juridisk information<\/a> f\u00f6r mer information om Space Mushrooms och Sweet Home 3D.<\/p>\n","protected":false},"excerpt":{"rendered":"<p>Space Mushrooms, \u00e4garen av Sweet Home 3D-programvaran och upphovsr\u00e4tten samt sweethome3d.com webbplatsen, samlar inte in privata data p\u00e5 sweethome3d.com webbplatsen, f\u00f6rutom f\u00f6r anv\u00e4ndare som \u00e4r registrerade i forumet. Trafikloggar som lagras p\u00e5 servern \u00e4r inte offentliga och visar ingen reklam.De flesta sidor som publiceras p\u00e5 webbplatsen visar dock Sourceforge-logotypen, ett f\u00e5tal sidor visar n\u00e5gra videor<a href=\"https:\/\/www.sweethome3d.com\/sv\/integritetspolicy\/\">Continue reading <span class=\"sr-only\">&#8221;Integritetspolicy&#8221;<\/span><\/a><\/p>\n","protected":false},"author":4,"featured_media":4180,"parent":0,"menu_order":0,"comment_status":"closed","ping_status":"open","template":"page-resources.php","meta":{"inline_featured_image":false,"footnotes":""},"class_list":["post-4181","page","type-page","status-publish","has-post-thumbnail","hentry"],"_links":{"self":[{"href":"https:\/\/www.sweethome3d.com\/sv\/wp-json\/wp\/v2\/pages\/4181","targetHints":{"allow":["GET"]}}],"collection":[{"href":"https:\/\/www.sweethome3d.com\/sv\/wp-json\/wp\/v2\/pages"}],"about":[{"href":"https:\/\/www.sweethome3d.com\/sv\/wp-json\/wp\/v2\/types\/page"}],"author":[{"embeddable":true,"href":"https:\/\/www.sweethome3d.com\/sv\/wp-json\/wp\/v2\/users\/4"}],"replies":[{"embeddable":true,"href":"https:\/\/www.sweethome3d.com\/sv\/wp-json\/wp\/v2\/comments?post=4181"}],"version-history":[{"count":1,"href":"https:\/\/www.sweethome3d.com\/sv\/wp-json\/wp\/v2\/pages\/4181\/revisions"}],"predecessor-version":[{"id":4182,"href":"https:\/\/www.sweethome3d.com\/sv\/wp-json\/wp\/v2\/pages\/4181\/revisions\/4182"}],"wp:featuredmedia":[{"embeddable":true,"href":"https:\/\/www.sweethome3d.com\/sv\/wp-json\/wp\/v2\/media\/4180"}],"wp:attachment":[{"href":"https:\/\/www.sweethome3d.com\/sv\/wp-json\/wp\/v2\/media?parent=4181"}],"curies":[{"name":"wp","href":"https:\/\/api.w.org\/{rel}","templated":true}]}}