{"id":4121,"date":"2025-09-18T11:56:35","date_gmt":"2025-09-18T11:56:35","guid":{"rendered":"https:\/\/www.sweethome3d.com\/insticksmoduler-och-verktyg\/"},"modified":"2026-02-10T14:14:07","modified_gmt":"2026-02-10T14:14:07","slug":"insticksmoduler-och-verktyg","status":"publish","type":"page","link":"https:\/\/www.sweethome3d.com\/sv\/insticksmoduler-och-verktyg\/","title":{"rendered":"Insticksmoduler och verktyg"},"content":{"rendered":"\n<h2 class=\"wp-block-heading\" id=\"plug-ins\" style=\"font-style:normal;font-weight:600\">Insticksmoduler<\/h2>\n\n<p>F\u00f6ljande tabell listar de mest intressanta pluginprogrammen som tillhandah\u00e5lls av Space Mushrooms eller av utvecklarna som f\u00f6reslog dem i <a href=\"https:\/\/sourceforge.net\/p\/sweethome3d\/plug-ins\" target=\"_blank\" rel=\"noopener\">Plug-ins Contributions<\/a> Tracking System. En plug-in f\u00f6resl\u00e5r ytterligare <a href=\"https:\/\/www.sweethome3d.com\/sv\/sweet-home-3d-funktioner\/\" data-type=\"link\" data-id=\"https:\/\/www.sweethome3d.com\/features\/\">funktioner<\/a> i <a href=\"https:\/\/www.sweethome3d.com\/sv\/ladda-ner\/\" data-type=\"page\" data-id=\"396\">Sweet Home 3D<\/a> och kan installeras genom att dubbelklicka p\u00e5 dess SH3P-fil. Om det inte fungerar under Linux, installera det med <em>Terminal<\/em>-kommandot <code><em>path<\/em>\/<em>to<\/em>\/<strong>SweetHome3D<\/strong> <em>path<\/em>\/<em>to<\/em>\/<em>plugin.sh3p<\/em><\/code> eller kopiera SH3P-filen i undermappen <code>.eteks\/sweethome3d\/plugins<\/code> i din anv\u00e4ndarmapp.<\/p>\n\n<figure class=\"wp-block-flexible-table-block-table alignwide is-content-justification-center is-style-default table-plugins table-overflow-x\"><table class=\"has-fixed-layout\" style=\"border-collapse:collapse;border-color:#F0F0F0\"><thead><tr><th style=\"text-align:center\">Insticksmodul<\/th><th style=\"text-align:center\">Leverant\u00f6r<\/th><th style=\"text-align:center\">St\u00f6d f\u00f6r \u00c5ngra\/G\u00f6r om<\/th><th style=\"text-align:center\">St\u00f6ds i Java Web Start<\/th><th style=\"text-align:center;width:500px\">Beskrivning<\/th><\/tr><\/thead><tbody><tr><td style=\"text-align:left\"><a href=\"\/storage\/plugins\/CopyAsNewFurniturePlugin-1.3.1.sh3p\">CopyAsNewFurniturePlugin-1.3.1.sh3p<\/a><br>(29 kB &#8211; k\u00e4llkod ing\u00e5r)<\/td><td style=\"text-align:center\">Space Mushrooms<\/td><td style=\"text-align:center\">N\/A<\/td><td style=\"text-align:center\">Nej<\/td><td>L\u00e4gger till menyalternativet <em>Verktyg &gt; Kopiera som ny m\u00f6bel<\/em> som kopierar de valda objekten i planen som en ny m\u00f6bel till Urklipp (<a href=\"https:\/\/www.sweethome3d.com\/support\/forum\/viewthread_thread,1331_offset,11\">l\u00e4s mer<\/a>)<\/td><\/tr><tr><td><a href=\"\/storage\/plugins\/ShapeGenerator-1.2.1.sh3p\">ShapeGenerator-1.2.1.sh3p<\/a><br>(53 kB &#8211; k\u00e4llkod ing\u00e5r)<\/td><td style=\"text-align:center\">Space Mushrooms<\/td><td style=\"text-align:center\">Ja<\/td><td style=\"text-align:center\">Nej<\/td><td>L\u00e4gger till menyalternativet <em>Verktyg &gt; Generera 3D-form<\/em> som skapar en 3D-form fr\u00e5n koordinaterna f\u00f6r 8 h\u00f6rn som anv\u00e4ndaren anger (<a href=\"https:\/\/www.sweethome3d.com\/support\/forum\/viewthread_thread,6600\">l\u00e4s mer<\/a>)<\/td><\/tr><tr><td><a href=\"\/storage\/plugins\/StaircaseGenerator-1.0.1.sh3p\">StaircaseGenerator-1.0.1.sh3p<\/a><br>(150 kB &#8211; k\u00e4llkod ing\u00e5r)<\/td><td style=\"text-align:center\">Space Mushrooms<br><br><\/td><td style=\"text-align:center\">Ja<\/td><td style=\"text-align:center\">Nej<\/td><td>L\u00e4gger till menyalternativet <em>Verktyg &gt; Generera trappa<\/em> som skapar 3D-formen av en trappa fr\u00e5n antalet trappsteg och deras storlek (<a href=\"https:\/\/www.sweethome3d.com\/support\/forum\/viewthread_thread,12160\">l\u00e4s mer<\/a>)<\/td><\/tr><tr><td><a href=\"\/storage\/plugins\/TerrainGenerator-1.2.2.sh3p\">TerrainGenerator-1.2.2.sh3p<\/a><br>(111 kB &#8211; k\u00e4llkod ing\u00e5r)<\/td><td style=\"text-align:center\">Space Mushrooms<\/td><td style=\"text-align:center\">Ja<\/td><td style=\"text-align:center\">Nej<\/td><td>L\u00e4gger till menyalternativet <em>Verktyg &gt; Generera 3D-terr\u00e4ng fr\u00e5n rum<\/em> som skapar en 3D-form fr\u00e5n de valda rumsytorna som deformerats av anv\u00e4ndaren (<a href=\"https:\/\/www.sweethome3d.com\/support\/forum\/viewthread_thread,10995\">l\u00e4s mer<\/a>)<\/td><\/tr><tr><td><a href=\"\/storage\/plugins\/SideView-1.1.1.sh3p\">SideView-1.1.1.sh3p<\/a><br>(44 kB &#8211; k\u00e4llkod ing\u00e5r)<\/td><td style=\"text-align:center\">Space Mushrooms<\/td><td style=\"text-align:center\">N\/A<\/td><td style=\"text-align:center\">Nej<\/td><td>L\u00e4gger till menyalternativet <em>Verktyg &gt; Visa sidovy<\/em> som visar en sidovy av det redigerade hemmet med m\u00f6jlighet att spara det (<a href=\"https:\/\/www.sweethome3d.com\/support\/forum\/viewthread_thread,11011\">l\u00e4s mer<\/a>)<\/td><\/tr><tr><td><a href=\"\/storage\/plugins\/ExportPlanImage-1.0.3.sh3p\">ExportPlanImage-1.0.3.sh3p<\/a><br>(29 kB &#8211; k\u00e4llkod ing\u00e5r)<\/td><td style=\"text-align:center\">Space Mushrooms<\/td><td style=\"text-align:center\">N\/A<\/td><td style=\"text-align:center\">Nej<\/td><td>L\u00e4gger till menyalternativet <em>M\u00f6bler &gt; Exportera plan till bild<\/em> som exporterar en bild av planen till PNG- eller JPEG-format i valfri storlek<\/td><\/tr><tr><td><a href=\"\/storage\/plugins\/ExportToSH3F-1.1.1.sh3p\">ExportToSH3F-1.1.1.sh3p<\/a><br>(32 kB &#8211; k\u00e4llkod ing\u00e5r)<\/td><td style=\"text-align:center\">Space Mushrooms<\/td><td style=\"text-align:center\">N\/A<\/td><td style=\"text-align:center\">Nej<\/td><td>L\u00e4gger till menyalternativet <em>M\u00f6bler &gt; Exportera importerade m\u00f6bler till SH3F<\/em> som exporterar alla m\u00f6bler som importerats i Sweet Home 3D-katalogen till en SH3F-fil (<a href=\"https:\/\/www.sweethome3d.com\/support\/forum\/viewthread_thread,966_offset,5\">l\u00e4s mer<\/a>)<\/td><\/tr><tr><td><a href=\"\/storage\/plugins\/ExportToSH3T-1.1.1.sh3p\">ExportToSH3T-1.1.1.sh3p<\/a><br>(30 kB &#8211; k\u00e4llkod ing\u00e5r)<\/td><td style=\"text-align:center\">Space Mushrooms<\/td><td style=\"text-align:center\">N\/A<\/td><td style=\"text-align:center\">Nej<\/td><td>L\u00e4gger till menyalternativet <em>M\u00f6bler &gt; Exportera importerade texturer till SH3T<\/em> som exporterar alla texturer som importerats i Sweet Home 3D-katalogen till en SH3T-fil (<a href=\"https:\/\/www.sweethome3d.com\/support\/forum\/viewthread_thread,12391\">l\u00e4s mer<\/a>)<\/td><\/tr><tr><td><a href=\"\/storage\/plugins\/ExportToHTML5-1.9.1.sh3p\">ExportToHTML5-1.9.1.sh3p<\/a><br>(391 kB &#8211; k\u00e4llkod ing\u00e5r)<\/td><td style=\"text-align:center\">Space Mushrooms<\/td><td style=\"text-align:center\">N\/A<\/td><td style=\"text-align:center\">Nej<\/td><td>L\u00e4gger till&nbsp;<em>Verktyg &gt; Exportera till HTML5<\/em> menyalternativ som exporterar 3D-vyn av det redigerade hemmet till en HTML5-sida som kan visas i valfri WebGL-webbl\u00e4sare (<a href=\"https:\/\/www.sweethome3d.com\/support\/forum\/viewthread_thread,6708\">l\u00e4s mer<\/a>). Det h\u00e4r verktyget \u00e4r ocks\u00e5 tillg\u00e4ngligt via&nbsp;<a href=\"https:\/\/www.sweethome3d.com\/exportHomes.jsp\">Exported homes manager<\/a> som l\u00e5ter dig exportera och vara v\u00e4rd f\u00f6r SH3D-filer p\u00e5 sweethome3d.com webbserver.<\/td><\/tr><tr><td><a href=\"\/storage\/plugins\/UpdateRoadLinesPlugin-1.0.1.sh3p\">UpdateRoadLinesPlugin-1.0.1.sh3p<\/a><br>(70 kB &#8211; k\u00e4llkod ing\u00e5r)<\/td><td style=\"text-align:center\">Space Mushrooms<\/td><td style=\"text-align:center\">Ja<\/td><td style=\"text-align:center\">Ja<\/td><td>L\u00e4gger till menyalternativet <em>Verktyg &gt; \u00c4ndra v\u00e4glinjestil<\/em> som l\u00e5ter anv\u00e4ndaren v\u00e4lja en <a href=\"https:\/\/fr.wikipedia.org\/wiki\/Signalisation_routi%C3%A8re_horizontale_en_France\" target=\"_blank\" rel=\"noopener\">fransk v\u00e4glinjestil<\/a> f\u00f6r de valda polylinjerna och deras f\u00e4rg (<a href=\"https:\/\/www.sweethome3d.com\/blog\/2018\/12\/10\/customization_for_the_forensic_police.html\">l\u00e4s mer<\/a>)<\/td><\/tr><tr><td><a href=\"\/storage\/plugins\/EvidenceMarkerGenerator-1.1.1.sh3p\">EvidenceMarkerGenerator-1.1.1.sh3p<\/a><br>(38 kB &#8211; k\u00e4llkod ing\u00e5r)<\/td><td style=\"text-align:center\">Space Mushrooms<\/td><td style=\"text-align:center\">Ja<\/td><td style=\"text-align:center\">Nej<\/td><td>L\u00e4gger till menyalternativet <em>Verktyg &gt; L\u00e4gg till bevismark\u00f6r<\/em> som kan generera en numrerad bevismark\u00f6r p\u00e5 det objekt som valts i planen (<a href=\"https:\/\/www.sweethome3d.com\/blog\/2018\/12\/10\/customization_for_the_forensic_police.html\">l\u00e4s mer<\/a>)<\/td><\/tr><tr><td><a href=\"https:\/\/sourceforge.net\/p\/sweethome3d\/plug-ins\/_discuss\/thread\/5e6557c2\/fef8\/attachment\/AdvancedEditing.sh3p\" target=\"_blank\" rel=\"noopener\">AdvancedEditing.sh3p<\/a><br>(135 kB &#8211; <a href=\"https:\/\/sourceforge.net\/p\/sweethome3d\/plug-ins\/_discuss\/thread\/5e6557c2\/fef8\/attachment\/AdvancedEditingPlugin-src.zip\" target=\"_blank\" rel=\"noopener\">k\u00e4llkod<\/a>)<\/td><td style=\"text-align:center\">Tobias Liefke<\/td><td style=\"text-align:center\">Ja<\/td><td style=\"text-align:center\">Ja<\/td><td>L\u00e4gger till menyalternativen&nbsp;<em>Redigera &gt; Rotera<\/em>,&nbsp;<em>Redigera &gt; Flytta<\/em>,&nbsp;<em>Redigera &gt; V\u00e4nd<\/em>,&nbsp;<em>Redigera &gt; \u00c4ndra storlek, M\u00f6bler &gt; H\u00f6j<\/em>,&nbsp;<em>Plan &gt; Redigera rumspunkter<\/em>,&nbsp;<em>Plan &gt; Anslut v\u00e4ggar<\/em> som g\u00f6r det m\u00f6jligt att \u00e4ndra de valda objekten i planen (<a href=\"https:\/\/www.sweethome3d.com\/support\/forum\/viewthread_thread,1757\">l\u00e4s mer<\/a>)<\/td><\/tr><tr><td><a href=\"https:\/\/sourceforge.net\/p\/sweethome3d\/plug-ins\/_discuss\/thread\/34cdde5620\/4c8d\/attachment\/Multiplier-2.2.sh3p\" target=\"_blank\" rel=\"noopener\">Multiplier-2.2.sh3p<\/a><br>(176 kB &#8211; k\u00e4llkod ing\u00e5r)<\/td><td style=\"text-align:center\">Dorin Vatavu<\/td><td style=\"text-align:center\">Ja<\/td><td style=\"text-align:center\">Ja<\/td><td>L\u00e4gger till menyalternativet <em>Verktyg &gt; Multiplicera<\/em> som g\u00f6r det m\u00f6jligt att multiplicera och flytta de valda objekten i planen (<a href=\"https:\/\/www.sweethome3d.com\/support\/forum\/viewthread_thread,10554\">l\u00e4s mer<\/a>)<\/td><\/tr><tr><td><a href=\"https:\/\/sourceforge.net\/p\/sweethome3d\/plug-ins\/_discuss\/thread\/015d788700\/98fc\/attachment\/AutoDimensioning.sh3p\" target=\"_blank\" rel=\"noopener\">AutoDimensioning.sh3p<\/a><br>(44 kB &#8211; k\u00e4llkod ing\u00e5r)<\/td><td style=\"text-align:center\">Dorin Vatavu<\/td><td style=\"text-align:center\">Ja<\/td><td style=\"text-align:center\">Ja<\/td><td>L\u00e4gger till menyalternativet <em>Verktyg &gt; Automatisk dimensionering<\/em> som g\u00f6r det m\u00f6jligt att generera m\u00e5ttlinjer f\u00f6r hela planen (<a href=\"https:\/\/www.sweethome3d.com\/support\/forum\/viewthread_thread,10955\">l\u00e4s mer<\/a>)<\/td><\/tr><tr><td><a href=\"https:\/\/sourceforge.net\/p\/sweethome3d\/plug-ins\/_discuss\/thread\/914cc4be82\/b551\/attachment\/GenerateRoof-4.5.sh3p\" target=\"_blank\" rel=\"noopener\">GenerateRoof-4.5.sh3p<\/a><br>(690 kB &#8211; k\u00e4llkod ing\u00e5r)<\/td><td style=\"text-align:center\">Dorin Vatavu<br><br><\/td><td style=\"text-align:center\">N\/A<\/td><td style=\"text-align:center\">Nej<\/td><td>L\u00e4gger till menyalternativet <em>Verktyg &gt; Generera tak<\/em> som g\u00f6r det m\u00f6jligt att generera ett tak med olika lutningsvinklar fr\u00e5n formen p\u00e5 det valda rummet (<a href=\"https:\/\/www.sweethome3d.com\/support\/forum\/viewthread_thread%2C11330\">l\u00e4s mer<\/a>)<\/td><\/tr><tr><td><a href=\"https:\/\/sourceforge.net\/p\/sweethome3d\/plug-ins\/_discuss\/thread\/182d97c5\/ad56\/attachment\/AdvancedSettingsPhotoRendering-1.4.1.sh3p\" target=\"_blank\" rel=\"noopener\">AdvancedSettings<br>PhotoRendering-1.4.1.sh3p<\/a><br>(52 kB &#8211; k\u00e4llkod ing\u00e5r)<\/td><td style=\"text-align:center\">Enko Nyito<\/td><td style=\"text-align:center\">N\/A<\/td><td style=\"text-align:center\">Nej<\/td><td>L\u00e4gger till menyalternativet <em>Verktyg &gt; Avancerade inst\u00e4llningar f\u00f6r fotorendering<\/em> som g\u00f6r det m\u00f6jligt att \u00e4ndra vissa <a href=\"https:\/\/sourceforge.net\/p\/sweethome3d\/code\/HEAD\/tree\/trunk\/SweetHome3D\/src\/com\/eteks\/sweethome3d\/j3d\/PhotoRenderer.properties\" target=\"_blank\" rel=\"noopener\">avancerade egenskaper<\/a> som anv\u00e4nds av fotorenderare p\u00e5 de tv\u00e5 b\u00e4sta kvalitetsniv\u00e5erna (<a href=\"https:\/\/www.sweethome3d.com\/support\/forum\/viewthread_thread,6122_offset,20\">l\u00e4s mer<\/a>)<\/td><\/tr><tr><td><a href=\"https:\/\/sourceforge.net\/p\/sweethome3d\/plug-ins\/_discuss\/thread\/40b57f75\/5282\/attachment\/PhotoVideoRendering-2.8.zip\" target=\"_blank\" rel=\"noopener\">PhotoVideoRendering-2.8.zip<\/a><br>(15 MB &#8211; SH3P-fil + k\u00e4llkod ing\u00e5r)<\/td><td style=\"text-align:center\">Enko Nyito<\/td><td style=\"text-align:center\">N\/A<\/td><td style=\"text-align:center\">Nej<\/td><td>L\u00e4gger till menyn <em>Foto-video rendering<\/em>, med menyalternativ f\u00f6r rendering av foton och videor med extra inst\u00e4llningar (<a href=\"https:\/\/sourceforge.net\/p\/sweethome3d\/plug-ins\/18\/\" target=\"_blank\" rel=\"noopener\">l\u00e4s mer<\/a>)<\/td><\/tr><\/tbody><\/table><\/figure>\n\n<p>F\u00f6r att avinstallera en insticksmodul, ta bort dess SH3P-fil fr\u00e5n insticksmodulsmappen i <a href=\"https:\/\/www.sweethome3d.com\/sv\/ladda-ner\/\" data-type=\"page\" data-id=\"396\">Sweet Home 3D<\/a> och starta om programmet. Den h\u00e4r mappen visas n\u00e4r du klickar p\u00e5 en SH3P-fil som listas i avsnittet <em>Insticksmoduler<\/em> i panelen <em>Bibliotek som anv\u00e4nds<\/em>. Den senare panelen visas genom att klicka p\u00e5 knappen <em>Bibliotek&#8230;<\/em> som visas l\u00e4ngst ner i <a href=\"https:\/\/www.sweethome3d.com\/sv\/\">Sweet Home 3D<\/a> <em>Om<\/em> dialogrutan. Om du vill programmera n\u00e5gra insticksmoduler sj\u00e4lv, l\u00e4s <a href=\"https:\/\/www.sweethome3d.com\/sv\/plug-in-utvecklarguide\/\" data-type=\"page\" data-id=\"4964\">Plug-in developer&#8217;s guide<\/a>.   <\/p>\n\n<div style=\"height:50px\" aria-hidden=\"true\" class=\"wp-block-spacer\"><\/div>\n\n<h2 class=\"wp-block-heading\" id=\"tools\" style=\"font-style:normal;font-weight:600\">Verktyg<\/h2>\n\n<p>F\u00f6ljande tabell listar n\u00e5gra ytterligare verktyg som tillhandah\u00e5lls av Space Mushrooms som \u00e4r anv\u00e4ndbara f\u00f6r <a href=\"https:\/\/www.sweethome3d.com\/sv\/ladda-ner\/\" data-type=\"page\" data-id=\"396\">Sweet Home 3D<\/a>. Dessa verktyg \u00e4r tillg\u00e4ngliga som Jar-k\u00f6rbara filer som kan startas genom att dubbelklicka p\u00e5 dem n\u00e4r <a href=\"https:\/\/www.java.com\/\" target=\"_blank\" rel=\"noopener\">Java<\/a> \u00e4r installerat p\u00e5 ditt system. Under macOS m\u00e5ste den f\u00f6rsta lanseringen av en Jar-k\u00f6rbar fil som laddats ner fr\u00e5n Internet g\u00f6ras genom att klicka p\u00e5 Jar-filen samtidigt som du h\u00e5ller ned <em>ctrl<\/em>-tangenten och sedan v\u00e4lja <em>\u00d6ppna<\/em> i den kontextuella menyn som visas.  <\/p>\n\n<figure class=\"wp-block-flexible-table-block-table alignwide is-content-justification-center table-tools table-overflow-x\"><table class=\"has-fixed-layout\" style=\"border-collapse:collapse\"><thead><tr><th style=\"text-align:center\">Verktyg<\/th><th style=\"text-align:center;width:500px\">Beskrivning<\/th><\/tr><\/thead><tbody><tr><td style=\"text-align:left\"><a href=\"https:\/\/sourceforge.net\/projects\/sweethome3d\/files\/FurnitureLibraryEditor\/FurnitureLibraryEditor-2.2.jar\/download\" target=\"_blank\" rel=\"noopener\">FurnitureLibraryEditor-2.2.jar<\/a><br>(14.4 MB &#8211; <a href=\"https:\/\/sourceforge.net\/projects\/sweethome3d\/files\/FurnitureLibraryEditor-source\/FurnitureLibraryEditor-2.2-src.zip\" target=\"_blank\" rel=\"noopener\">k\u00e4llkod<\/a>)<\/td><td style=\"width:500px\">Det h\u00e4r programmet l\u00e5ter dig skapa en SH3F-m\u00f6belbiblioteksfil och redigera egenskaperna f\u00f6r de 3D-modeller den inneh\u00e5ller (<a href=\"https:\/\/www.sweethome3d.com\/support\/forum\/viewthread_thread,1550\">l\u00e4s mer<\/a>)<\/td><\/tr><tr><td><a href=\"https:\/\/sourceforge.net\/projects\/sweethome3d\/files\/TexturesLibraryEditor\/TexturesLibraryEditor-2.1.jar\/download\" target=\"_blank\" rel=\"noopener\">TexturesLibraryEditor-2.1.jar<\/a><br>(1.2 MB &#8211; <a href=\"https:\/\/sourceforge.net\/projects\/sweethome3d\/files\/TexturesLibraryEditor-source\/TexturesLibraryEditor-2.1-src.zip\" target=\"_blank\" rel=\"noopener\">k\u00e4llkod<\/a>)<\/td><td style=\"width:500px\">Det h\u00e4r programmet l\u00e5ter dig skapa en SH3T-texturbiblioteksfil och redigera egenskaperna f\u00f6r de texturbilder den inneh\u00e5ller (<a href=\"https:\/\/www.sweethome3d.com\/support\/forum\/viewthread_thread,3502\">l\u00e4s mer<\/a>)<\/td><\/tr><tr><td><a href=\"\/storage\/downloads\/HugeFileCleaner-1.0.jar\">HugeFileCleaner-1.0.jar<\/a><br>(7 kB &#8211; k\u00e4llkod ing\u00e5r)<\/td><td style=\"width:500px\">Det h\u00e4r programmet tar bort v\u00e4rdel\u00f6sa poster som kan ha dykt upp i stora SH3D-filer (vanligtvis st\u00f6rre \u00e4n 500 MB) som skapats med Sweet Home 3D-versioner \u00e4ldre \u00e4n 5.2, n\u00e4r du anv\u00e4nde den senaste listan med texturer som visas i texturdialogrutan f\u00f6r att kopiera texturer av 3D-modellerna som finns i m\u00f6belkatalogen (<a href=\"https:\/\/www.sweethome3d.com\/support\/forum\/viewthread_thread,6331_offset,21\">l\u00e4s mer<\/a>)<\/td><\/tr><tr><td><a href=\"https:\/\/apps.apple.com\/us\/app\/tape-measure\/id1437807477\" target=\"_blank\" rel=\"noopener\">Tape Measure<\/a><\/td><td style=\"width:500px\">Den h\u00e4r applikationen l\u00e5ter dig ta m\u00e5tt och skapa en exakt ritning av ditt hus genom att skanna utrymmet runt dig och markera h\u00f6rnen p\u00e5 rummen. Du kan sedan importera planritningen direkt p\u00e5 Sweet Home 3d f\u00f6r att b\u00f6rja designa p\u00e5 den. Observera att appen f\u00f6r n\u00e4rvarande endast \u00e4r tillg\u00e4nglig p\u00e5 iOS.<\/td><\/tr><\/tbody><\/table><\/figure>\n\n<p><\/p>\n","protected":false},"excerpt":{"rendered":"<p>Den h\u00e4r sidan beskriver de viktigaste insticksmodulerna och andra verktyg som \u00e4r tillg\u00e4ngliga f\u00f6r Sweet Home 3D.<\/p>\n","protected":false},"author":4,"featured_media":4120,"parent":0,"menu_order":0,"comment_status":"closed","ping_status":"closed","template":"page-resources.php","meta":{"inline_featured_image":false,"footnotes":""},"class_list":["post-4121","page","type-page","status-publish","has-post-thumbnail","hentry"],"_links":{"self":[{"href":"https:\/\/www.sweethome3d.com\/sv\/wp-json\/wp\/v2\/pages\/4121","targetHints":{"allow":["GET"]}}],"collection":[{"href":"https:\/\/www.sweethome3d.com\/sv\/wp-json\/wp\/v2\/pages"}],"about":[{"href":"https:\/\/www.sweethome3d.com\/sv\/wp-json\/wp\/v2\/types\/page"}],"author":[{"embeddable":true,"href":"https:\/\/www.sweethome3d.com\/sv\/wp-json\/wp\/v2\/users\/4"}],"replies":[{"embeddable":true,"href":"https:\/\/www.sweethome3d.com\/sv\/wp-json\/wp\/v2\/comments?post=4121"}],"version-history":[{"count":4,"href":"https:\/\/www.sweethome3d.com\/sv\/wp-json\/wp\/v2\/pages\/4121\/revisions"}],"predecessor-version":[{"id":16535,"href":"https:\/\/www.sweethome3d.com\/sv\/wp-json\/wp\/v2\/pages\/4121\/revisions\/16535"}],"wp:featuredmedia":[{"embeddable":true,"href":"https:\/\/www.sweethome3d.com\/sv\/wp-json\/wp\/v2\/media\/4120"}],"wp:attachment":[{"href":"https:\/\/www.sweethome3d.com\/sv\/wp-json\/wp\/v2\/media?parent=4121"}],"curies":[{"name":"wp","href":"https:\/\/api.w.org\/{rel}","templated":true}]}}