{"id":3961,"date":"2025-09-19T09:07:08","date_gmt":"2025-09-19T09:07:08","guid":{"rendered":"https:\/\/www.sweethome3d.com\/juridisk-information\/"},"modified":"2025-12-03T11:42:27","modified_gmt":"2025-12-03T11:42:27","slug":"juridisk-information","status":"publish","type":"page","link":"https:\/\/www.sweethome3d.com\/sv\/juridisk-information\/","title":{"rendered":"Juridisk information"},"content":{"rendered":"\n<p>Sweet Home 3D-programvaran och webbplatsen <a href=\"\/\">https:\/\/www.sweethome3d.com\/<\/a> publiceras av:<\/p>\n\n<blockquote class=\"wp-block-quote is-layout-flow wp-block-quote-is-layout-flow\">\n<p><a href=\"https:\/\/www.spacemushrooms.it\/\" target=\"_blank\" rel=\"noopener\">Space Mushrooms srl<\/a><br\/>Via Melzi d&#8217;Eril 29<br\/>20154, Milano<br\/>Italien<br\/>E-post: <a href=\"mailto:info@sweethome3d.com\">info@sweethome3d.com<\/a><\/p>\n<\/blockquote>\n\n<p><a href=\"https:\/\/www.spacemushrooms.it\/\" target=\"_blank\" rel=\"noopener\">Space Mushrooms srl<\/a> \u00e4r ett oberoende f\u00f6retag som grundades 2021.<\/p>\n\n<p><a href=\"https:\/\/www.sweethome3d.com\/sv\/\">Sweet Home 3D<\/a><sup>\u00ae<\/sup> \u00e4r ett registrerat varum\u00e4rke.<br\/>De andra kommersiella namn som n\u00e4mns p\u00e5 denna webbplats \u00e4r varum\u00e4rken eller registrerade varum\u00e4rken som tillh\u00f6r sina respektive \u00e4gare.<\/p>\n\n<p><a href=\"https:\/\/www.sweethome3d.com\/\">sweethome3d.com<\/a>, <a href=\"https:\/\/www.sweethome3d.eu\/\" target=\"_blank\" rel=\"noopener\">sweethome3d.eu<\/a>, <a href=\"https:\/\/www.sweethome3d.online\/\" target=\"_blank\" rel=\"noopener\">sweethome3d.online<\/a> och <a href=\"https:\/\/www.sweethome2d.com\/\" target=\"_blank\" rel=\"noopener\">sweethome2d.com<\/a> hostas av:<\/p>\n\n<blockquote class=\"wp-block-quote is-layout-flow wp-block-quote-is-layout-flow\">\n<p>OVH<br\/>140, quai du Sartel<br\/>59100 Roubaix<br\/>Frankrike<br\/>Tel: +33 8 203 203 63<\/p>\n<\/blockquote>\n\n<p><\/p>\n","protected":false},"excerpt":{"rendered":"<p>Sweet Home 3D-programvaran och webbplatsen https:\/\/www.sweethome3d.com\/ publiceras av: Space Mushrooms srlVia Melzi d&#8217;Eril 2920154, MilanoItalienE-post: info@sweethome3d.com Space Mushrooms srl \u00e4r ett oberoende f\u00f6retag som grundades 2021. Sweet Home 3D\u00ae \u00e4r ett registrerat varum\u00e4rke.De andra kommersiella namn som n\u00e4mns p\u00e5 denna webbplats \u00e4r varum\u00e4rken eller registrerade varum\u00e4rken som tillh\u00f6r sina respektive \u00e4gare. sweethome3d.com, sweethome3d.eu, sweethome3d.online och<a href=\"https:\/\/www.sweethome3d.com\/sv\/juridisk-information\/\">Continue reading <span class=\"sr-only\">&#8221;Juridisk information&#8221;<\/span><\/a><\/p>\n","protected":false},"author":4,"featured_media":3960,"parent":0,"menu_order":0,"comment_status":"closed","ping_status":"closed","template":"page-resources.php","meta":{"inline_featured_image":false,"footnotes":""},"class_list":["post-3961","page","type-page","status-publish","has-post-thumbnail","hentry"],"_links":{"self":[{"href":"https:\/\/www.sweethome3d.com\/sv\/wp-json\/wp\/v2\/pages\/3961","targetHints":{"allow":["GET"]}}],"collection":[{"href":"https:\/\/www.sweethome3d.com\/sv\/wp-json\/wp\/v2\/pages"}],"about":[{"href":"https:\/\/www.sweethome3d.com\/sv\/wp-json\/wp\/v2\/types\/page"}],"author":[{"embeddable":true,"href":"https:\/\/www.sweethome3d.com\/sv\/wp-json\/wp\/v2\/users\/4"}],"replies":[{"embeddable":true,"href":"https:\/\/www.sweethome3d.com\/sv\/wp-json\/wp\/v2\/comments?post=3961"}],"version-history":[{"count":1,"href":"https:\/\/www.sweethome3d.com\/sv\/wp-json\/wp\/v2\/pages\/3961\/revisions"}],"predecessor-version":[{"id":3962,"href":"https:\/\/www.sweethome3d.com\/sv\/wp-json\/wp\/v2\/pages\/3961\/revisions\/3962"}],"wp:featuredmedia":[{"embeddable":true,"href":"https:\/\/www.sweethome3d.com\/sv\/wp-json\/wp\/v2\/media\/3960"}],"wp:attachment":[{"href":"https:\/\/www.sweethome3d.com\/sv\/wp-json\/wp\/v2\/media?parent=3961"}],"curies":[{"name":"wp","href":"https:\/\/api.w.org\/{rel}","templated":true}]}}