{"id":3781,"date":"2025-11-11T14:14:07","date_gmt":"2025-11-11T14:14:07","guid":{"rendered":"https:\/\/www.sweethome3d.com\/hanterare-for-exporterade-hem\/"},"modified":"2025-12-15T15:03:49","modified_gmt":"2025-12-15T15:03:49","slug":"hanterare-for-exporterade-hem","status":"publish","type":"page","link":"https:\/\/www.sweethome3d.com\/sv\/hanterare-for-exporterade-hem\/","title":{"rendered":"Hanterare f\u00f6r exporterade hem"},"content":{"rendered":"\n<p class=\"has-text-align-center\">Baserat p\u00e5 <a href=\"\/support\/forum\/viewthread_thread,6708\" target=\"_blank\" rel=\"noreferrer noopener\">Export till HTML5-till\u00e4gget<\/a> l\u00e5ter denna tj\u00e4nst registrerade anv\u00e4ndare ladda upp sina Sweet Home 3D-filer p\u00e5 denna webbserver, f\u00f6r att visa dem i 3D med valfri webbl\u00e4sare som \u00e4r kompatibel med WebGL, som i <a href=\"\/viewHome.jsp?id=1\" target=\"_blank\" rel=\"noreferrer noopener\">detta exempel<\/a> som visas i sk\u00e4rmbilden nedan som visar <em>SweetHome3DExample3.sh3d<\/em>-filen tillg\u00e4nglig i <a href=\"https:\/\/www.sweethome3d.com\/sv\/galleri\/\">galleriet<\/a>.<br\/>Om du vill anv\u00e4nda hanteraren f\u00f6r exporterade hem, <a href=\"\/support\/forum\/registermember\" target=\"_blank\" rel=\"noreferrer noopener\">registrera<\/a> dig f\u00f6rst f\u00f6r Sweet Home 3D-tj\u00e4nster gratis och <a href=\"\/support\/forum\/login?url=https%3A%2F%2Fwww.sweethome3d.com%2FexportHomes.jsp&amp;forumLogin=false&amp;lang=en\" target=\"_blank\" rel=\"noreferrer noopener\">logga in<\/a>.<\/p>\n\n<div style=\"height:50px\" aria-hidden=\"true\" class=\"wp-block-spacer\"><\/div>\n\n<div class=\"wp-block-group is-content-justification-center is-nowrap is-layout-flex wp-container-core-group-is-layout-94bc23d7 wp-block-group-is-layout-flex\">\n<figure class=\"wp-block-image aligncenter size-full\"><img decoding=\"async\" width=\"1788\" height=\"1090\" data-src=\"https:\/\/www.sweethome3d.com\/wp-content\/uploads\/2025\/11\/Frame-327.png\" alt=\"\" class=\"wp-image-972 lazyload\" data-srcset=\"https:\/\/www.sweethome3d.com\/wp-content\/uploads\/2025\/11\/Frame-327.png 1788w, https:\/\/www.sweethome3d.com\/wp-content\/uploads\/2025\/11\/Frame-327-300x183.png 300w, https:\/\/www.sweethome3d.com\/wp-content\/uploads\/2025\/11\/Frame-327-1024x624.png 1024w, https:\/\/www.sweethome3d.com\/wp-content\/uploads\/2025\/11\/Frame-327-148x90.png 148w, https:\/\/www.sweethome3d.com\/wp-content\/uploads\/2025\/11\/Frame-327-768x468.png 768w, https:\/\/www.sweethome3d.com\/wp-content\/uploads\/2025\/11\/Frame-327-1536x936.png 1536w\" data-sizes=\"(max-width: 1788px) 100vw, 1788px\" src=\"data:image\/svg+xml;base64,PHN2ZyB3aWR0aD0iMSIgaGVpZ2h0PSIxIiB4bWxucz0iaHR0cDovL3d3dy53My5vcmcvMjAwMC9zdmciPjwvc3ZnPg==\" style=\"--smush-placeholder-width: 1788px; --smush-placeholder-aspect-ratio: 1788\/1090;\" \/><\/figure>\n<\/div>\n","protected":false},"excerpt":{"rendered":"<p>Baserat p\u00e5 Export till HTML5-till\u00e4gget l\u00e5ter denna tj\u00e4nst registrerade anv\u00e4ndare ladda upp sina Sweet Home 3D-filer p\u00e5 denna webbserver, f\u00f6r att visa dem i 3D med valfri webbl\u00e4sare som \u00e4r kompatibel med WebGL, som i detta exempel som visas i sk\u00e4rmbilden nedan som visar SweetHome3DExample3.sh3d-filen tillg\u00e4nglig i galleriet.Om du vill anv\u00e4nda hanteraren f\u00f6r exporterade hem,<a href=\"https:\/\/www.sweethome3d.com\/sv\/hanterare-for-exporterade-hem\/\">Continue reading <span class=\"sr-only\">&#8221;Hanterare f\u00f6r exporterade hem&#8221;<\/span><\/a><\/p>\n","protected":false},"author":2,"featured_media":3780,"parent":0,"menu_order":0,"comment_status":"closed","ping_status":"closed","template":"page-export-homes.php","meta":{"inline_featured_image":false,"footnotes":""},"class_list":["post-3781","page","type-page","status-publish","has-post-thumbnail","hentry"],"_links":{"self":[{"href":"https:\/\/www.sweethome3d.com\/sv\/wp-json\/wp\/v2\/pages\/3781","targetHints":{"allow":["GET"]}}],"collection":[{"href":"https:\/\/www.sweethome3d.com\/sv\/wp-json\/wp\/v2\/pages"}],"about":[{"href":"https:\/\/www.sweethome3d.com\/sv\/wp-json\/wp\/v2\/types\/page"}],"author":[{"embeddable":true,"href":"https:\/\/www.sweethome3d.com\/sv\/wp-json\/wp\/v2\/users\/2"}],"replies":[{"embeddable":true,"href":"https:\/\/www.sweethome3d.com\/sv\/wp-json\/wp\/v2\/comments?post=3781"}],"version-history":[{"count":2,"href":"https:\/\/www.sweethome3d.com\/sv\/wp-json\/wp\/v2\/pages\/3781\/revisions"}],"predecessor-version":[{"id":9290,"href":"https:\/\/www.sweethome3d.com\/sv\/wp-json\/wp\/v2\/pages\/3781\/revisions\/9290"}],"wp:featuredmedia":[{"embeddable":true,"href":"https:\/\/www.sweethome3d.com\/sv\/wp-json\/wp\/v2\/media\/3780"}],"wp:attachment":[{"href":"https:\/\/www.sweethome3d.com\/sv\/wp-json\/wp\/v2\/media?parent=3781"}],"curies":[{"name":"wp","href":"https:\/\/api.w.org\/{rel}","templated":true}]}}