{"id":7289,"date":"2025-11-11T14:18:00","date_gmt":"2025-11-11T14:18:00","guid":{"rendered":"https:\/\/www.sweethome3d.com\/donacije\/"},"modified":"2026-02-10T14:03:18","modified_gmt":"2026-02-10T14:03:18","slug":"donacije","status":"publish","type":"page","link":"https:\/\/www.sweethome3d.com\/sl\/donacije\/","title":{"rendered":"Donacije"},"content":{"rendered":"\n<div class=\"wp-block-group is-vertical is-layout-flex wp-container-core-group-is-layout-8cf370e7 wp-block-group-is-layout-flex\">\n<p class=\"has-text-align-left\"><a href=\"\/\">Sweet Home 3D<\/a> ti je uspe\u0161no pomagal pri tvojem projektu?<br\/>Ti je v\u0161e\u010d podpora, ki jo ponuja to spletno mesto?<br\/>Ceni\u0161 odsotnost oglasov na tem spletnem mestu?<\/p>\n\n\n\n<p class=\"has-text-align-left\">Potem\u2026 ne oklevaj ve\u010d! Pomagaj <a href=\"https:\/\/www.sweethome3d.com\/sl\/prenos\/\">Sweet Home 3D<\/a> in doniraj temu projektu.<br\/>Zelo bomo hvale\u017eni. <\/p>\n\n\n\n<p class=\"has-text-align-left\">Spodaj mora\u0161 samo vnesti znesek svoje donacije<br\/>in klikniti na gumb Paypal <em>Doniraj<\/em>.<\/p>\n\n\n\n<div style=\"height:25px;width:0px\" aria-hidden=\"true\" class=\"wp-block-spacer wp-container-content-c00f5982\"><\/div>\n\n\n\n<p class=\"has-text-align-left\">\n\t<div id=\"donate-button-container\" style=\"text-align:center; margin:0 auto;\">\n\t\t<div id=\"donate-button\" data-action=\"wce_donate\"><\/div>\n\t\t<script src=\"https:\/\/www.paypalobjects.com\/donate\/sdk\/donate-sdk.js\" charset=\"UTF-8\"><\/script>\n\t\t<script>\n\t\t\tPayPal.Donation.Button({\n\t\t\t\tenv: 'production',\n\t\t\t\thosted_button_id: 'Q2F4V9B6WMY7N',\n\t\t\t}).render('#donate-button');\n\t\t<\/script>\n\t<\/div>\n\n\t<\/p>\n<\/div>\n","protected":false},"excerpt":{"rendered":"<p>Sweet Home 3D ti je uspe\u0161no pomagal pri tvojem projektu?Ti je v\u0161e\u010d podpora, ki jo ponuja to spletno mesto?Ceni\u0161 odsotnost oglasov na tem spletnem mestu? Potem\u2026 ne oklevaj ve\u010d! Pomagaj Sweet Home 3D in doniraj temu projektu.Zelo bomo hvale\u017eni. Spodaj mora\u0161 samo vnesti znesek svoje donacijein klikniti na gumb Paypal Doniraj.<\/p>\n","protected":false},"author":2,"featured_media":7286,"parent":0,"menu_order":0,"comment_status":"closed","ping_status":"closed","template":"page-resources.php","meta":{"inline_featured_image":false,"footnotes":""},"class_list":["post-7289","page","type-page","status-publish","has-post-thumbnail","hentry"],"_links":{"self":[{"href":"https:\/\/www.sweethome3d.com\/sl\/wp-json\/wp\/v2\/pages\/7289","targetHints":{"allow":["GET"]}}],"collection":[{"href":"https:\/\/www.sweethome3d.com\/sl\/wp-json\/wp\/v2\/pages"}],"about":[{"href":"https:\/\/www.sweethome3d.com\/sl\/wp-json\/wp\/v2\/types\/page"}],"author":[{"embeddable":true,"href":"https:\/\/www.sweethome3d.com\/sl\/wp-json\/wp\/v2\/users\/2"}],"replies":[{"embeddable":true,"href":"https:\/\/www.sweethome3d.com\/sl\/wp-json\/wp\/v2\/comments?post=7289"}],"version-history":[{"count":2,"href":"https:\/\/www.sweethome3d.com\/sl\/wp-json\/wp\/v2\/pages\/7289\/revisions"}],"predecessor-version":[{"id":26842,"href":"https:\/\/www.sweethome3d.com\/sl\/wp-json\/wp\/v2\/pages\/7289\/revisions\/26842"}],"wp:featuredmedia":[{"embeddable":true,"href":"https:\/\/www.sweethome3d.com\/sl\/wp-json\/wp\/v2\/media\/7286"}],"wp:attachment":[{"href":"https:\/\/www.sweethome3d.com\/sl\/wp-json\/wp\/v2\/media?parent=7289"}],"curies":[{"name":"wp","href":"https:\/\/api.w.org\/{rel}","templated":true}]}}