{"id":4175,"date":"2025-09-11T08:47:20","date_gmt":"2025-09-11T08:47:20","guid":{"rendered":"https:\/\/www.sweethome3d.com\/politika-zasebnosti\/"},"modified":"2025-12-03T15:55:27","modified_gmt":"2025-12-03T15:55:27","slug":"politika-zasebnosti","status":"publish","type":"page","link":"https:\/\/www.sweethome3d.com\/sl\/politika-zasebnosti\/","title":{"rendered":"Politika zasebnosti"},"content":{"rendered":"\n<p>Space Mushrooms, lastnik programske opreme in avtorskih pravic <a href=\"https:\/\/www.sweethome3d.com\/sl\/\">Sweet Home 3D<\/a> ter spletnega mesta <code>sweethome3d.com<\/code>, ne zbira zasebnih podatkov na spletnem mestu <code>sweethome3d.com<\/code>, razen za uporabnike, <a href=\"\/support\/forum\/registermember\" target=\"_blank\" rel=\"noreferrer noopener\">registrirane<\/a> na <a href=\"\/support\/forum\/?lang=en\" target=\"_blank\" rel=\"noreferrer noopener\">forumu<\/a>. Dnevniki prometa, shranjeni na stre\u017eniku, niso javni in <x id=\"gid_4\"><\/x> ne prikazuje nobenega ogla\u0161evanja.<br\/>Kljub temu ve\u010dina strani, objavljenih na spletnem mestu <x id=\"gid_5\"><\/x>, prikazuje logotip Sourceforge, nekaj strani prikazuje videoposnetke, gostovane drugje, in forum omogo\u010da uporabnikom deljenje slik, gostovanih na drugih spletnih mestih. Te slike in videoposnetki prihajajo iz <code>sourceforge.net<\/code>, <code>youtube.com<\/code>, <code>dailymotion.com<\/code> in drugih spletnih stre\u017enikov, kar morda lastnikom teh spletnih mest omogo\u010da sledenje obiskom uporabnikov na spletnem mestu <code>sweethome3d.com<\/code> po lastni volji.  <\/p>\n\n<p>Za registrirane uporabnike podatki, shranjeni na <code>sweethome3d.com<\/code>, vklju\u010dujejo:<\/p>\n\n<ul class=\"wp-block-list pl-16\">\n<li>podatke, posredovane ob registraciji (vsaj uporabni\u0161ko ime, \u0161ifrirano geslo in e-po\u0161tni naslov)<\/li>\n\n\n\n<li>njihova sporo\u010dila, objavljena na <a href=\"\/support\/forum\/?lang=en\" target=\"_blank\" rel=\"noreferrer noopener\">forumu<\/a><\/li>\n\n\n\n<li>spletne domove, ki so jih ustvarili v <a href=\"\/online-manager\/\">Sweet Home 3D Online<\/a> ali izvozili v <a href=\"\/exported-homes-manager\/\">Upravitelju izvo\u017eenih domov<\/a>.<\/li>\n<\/ul>\n\n<p>Podatki o domovih so zasebni, razen \u010de se uporabnik izrecno strinja z javno delitvijo. Vsak uporabnik lahko sam pridobi svoje podatke ali zahteva njihovo odstranitev, \u010de je potrebno, tako da pi\u0161e na <g id=\"gid_0\">info@sweethome3d.com<\/g>. Space Mushrooms zagotavlja, da so sprejeti vsi potrebni ukrepi za zagotovitev, da podatki o domovih uporabnikov, upravljani pod prej\u0161njim lastni\u0161tvom spletnega mesta eTeks, nikoli ne bodo uporabljeni za noben namen brez obvestila uporabnikom.  <\/p>\n\n<p><strong>Aplikacije, distribuirane prek trgovin tretjih oseb<\/strong><br\/>Informacije o uporabnikih, ki <a href=\"\/download\/\">prenesejo<\/a> in namestijo Sweet Home 3D ali Sweet Home 3D Mobile iz Mac App Store, App Store, Microsoft Store, Google Play ali Amazon, primarno upravljajo ta podjetja. Space Mushrooms ne prejema osebnih podatkov o uporabnikih s teh platform. <\/p>\n\n<p><strong>Analitika in sledenje v aplikacijah<\/strong><br\/>Na\u0161e razli\u010dice Sweet Home 3D za iOS in macOS vklju\u010dujejo Firebase Analytics za namene izbolj\u0161anja aplikacije. Firebase Analytics zbira podatke, kot so anonimne statistike uporabe aplikacije in poro\u010dila o zru\u0161itvah. Ti podatki niso povezani z va\u0161o identiteto in se uporabljajo izklju\u010dno za izbolj\u0161anje funkcionalnosti aplikacije in uporabni\u0161ke izku\u0161nje. Prek Firebase ne zbiramo nobenih osebnih podatkov, kot so imena ali e-po\u0161tni naslovi.   <\/p>\n\n<p>Glej tudi <a href=\"https:\/\/www.sweethome3d.com\/sl\/pravno-obvestilo\/\" data-type=\"page\" data-id=\"465\">pravno obvestilo<\/a> za ve\u010d informacij o Space Mushrooms in Sweet Home 3D.<\/p>\n","protected":false},"excerpt":{"rendered":"<p>Space Mushrooms, lastnik programske opreme in avtorskih pravic Sweet Home 3D ter spletnega mesta sweethome3d.com, ne zbira zasebnih podatkov na spletnem mestu sweethome3d.com, razen za uporabnike, registrirane na forumu. Dnevniki prometa, shranjeni na stre\u017eniku, niso javni in ne prikazuje nobenega ogla\u0161evanja.Kljub temu ve\u010dina strani, objavljenih na spletnem mestu , prikazuje logotip Sourceforge, nekaj strani prikazuje<a href=\"https:\/\/www.sweethome3d.com\/sl\/politika-zasebnosti\/\">Continue reading <span class=\"sr-only\">&#8220;Politika zasebnosti&#8221;<\/span><\/a><\/p>\n","protected":false},"author":4,"featured_media":4174,"parent":0,"menu_order":0,"comment_status":"closed","ping_status":"open","template":"page-resources.php","meta":{"inline_featured_image":false,"footnotes":""},"class_list":["post-4175","page","type-page","status-publish","has-post-thumbnail","hentry"],"_links":{"self":[{"href":"https:\/\/www.sweethome3d.com\/sl\/wp-json\/wp\/v2\/pages\/4175","targetHints":{"allow":["GET"]}}],"collection":[{"href":"https:\/\/www.sweethome3d.com\/sl\/wp-json\/wp\/v2\/pages"}],"about":[{"href":"https:\/\/www.sweethome3d.com\/sl\/wp-json\/wp\/v2\/types\/page"}],"author":[{"embeddable":true,"href":"https:\/\/www.sweethome3d.com\/sl\/wp-json\/wp\/v2\/users\/4"}],"replies":[{"embeddable":true,"href":"https:\/\/www.sweethome3d.com\/sl\/wp-json\/wp\/v2\/comments?post=4175"}],"version-history":[{"count":1,"href":"https:\/\/www.sweethome3d.com\/sl\/wp-json\/wp\/v2\/pages\/4175\/revisions"}],"predecessor-version":[{"id":4176,"href":"https:\/\/www.sweethome3d.com\/sl\/wp-json\/wp\/v2\/pages\/4175\/revisions\/4176"}],"wp:featuredmedia":[{"embeddable":true,"href":"https:\/\/www.sweethome3d.com\/sl\/wp-json\/wp\/v2\/media\/4174"}],"wp:attachment":[{"href":"https:\/\/www.sweethome3d.com\/sl\/wp-json\/wp\/v2\/media?parent=4175"}],"curies":[{"name":"wp","href":"https:\/\/api.w.org\/{rel}","templated":true}]}}