{"id":4108,"date":"2025-09-18T11:56:35","date_gmt":"2025-09-18T11:56:35","guid":{"rendered":"https:\/\/www.sweethome3d.com\/vticniki-in-orodja\/"},"modified":"2026-02-10T14:14:06","modified_gmt":"2026-02-10T14:14:06","slug":"vticniki-in-orodja","status":"publish","type":"page","link":"https:\/\/www.sweethome3d.com\/sl\/vticniki-in-orodja\/","title":{"rendered":"Vti\u010dniki in orodja"},"content":{"rendered":"\n<h2 class=\"wp-block-heading\" id=\"plug-ins\" style=\"font-style:normal;font-weight:600\">Vti\u010dniki<\/h2>\n\n<p>Naslednja tabela navaja najbolj zanimive vti\u010dnike, ki jih ponuja Space Mushrooms ali razvijalci, ki so jih predlagali v sistemu za sledenje <a href=\"https:\/\/sourceforge.net\/p\/sweethome3d\/plug-ins\" target=\"_blank\" rel=\"noopener\">prispevkov vti\u010dnikov<\/a>. Vti\u010dnik predlaga dodatne <a href=\"https:\/\/www.sweethome3d.com\/sl\/funkcije-sweet-home-3d\/\" data-type=\"link\" data-id=\"https:\/\/www.sweethome3d.com\/features\/\">funkcije<\/a> v programu <a href=\"https:\/\/www.sweethome3d.com\/sl\/prenos\/\" data-type=\"page\" data-id=\"396\">Sweet Home 3D<\/a> in ga lahko namestite tako, da dvakrat kliknete na njegovo datoteko SH3P. V Linuxu, \u010de ne deluje, ga namesti z ukazom <em>Terminal<\/em> <code><em>path<\/em>\/<em>to<\/em>\/<strong>SweetHome3D<\/strong> <em>path<\/em>\/<em>to<\/em>\/<em>plugin.sh3p<\/em><\/code> ali kopiraj datoteko SH3P v podmapo <code>.eteks\/sweethome3d\/plugins<\/code> svoje uporabni\u0161ke mape.<\/p>\n\n<figure class=\"wp-block-flexible-table-block-table alignwide is-content-justification-center is-style-default table-plugins table-overflow-x\"><table class=\"has-fixed-layout\" style=\"border-collapse:collapse;border-color:#F0F0F0\"><thead><tr><th style=\"text-align:center\">Vti\u010dnik<\/th><th style=\"text-align:center\">Ponudnik<\/th><th style=\"text-align:center\">Podpora za razveljavitev\/ponovitev<\/th><th style=\"text-align:center\">Podprto v Java Web Start<\/th><th style=\"text-align:center;width:500px\">Opis<\/th><\/tr><\/thead><tbody><tr><td style=\"text-align:left\"><a href=\"\/storage\/plugins\/CopyAsNewFurniturePlugin-1.3.1.sh3p\">CopyAsNewFurniturePlugin-1.3.1.sh3p<\/a><br>(29 kB &#8211; vklju\u010dena izvorna koda)<\/td><td style=\"text-align:center\">Space Mushrooms<\/td><td style=\"text-align:center\">N\/A<\/td><td style=\"text-align:center\">Ne<\/td><td>Doda element menija <em>Orodja &gt; Kopiraj kot novo pohi\u0161tvo<\/em>, ki kopira izbrane objekte v na\u010drtu kot nov kos pohi\u0161tva v odlo\u017ei\u0161\u010de (<a href=\"https:\/\/www.sweethome3d.com\/support\/forum\/viewthread_thread,1331_offset,11\">preberi ve\u010d<\/a>)<\/td><\/tr><tr><td><a href=\"\/storage\/plugins\/ShapeGenerator-1.2.1.sh3p\">ShapeGenerator-1.2.1.sh3p<\/a><br>(53 kB &#8211; vklju\u010dena izvorna koda)<\/td><td style=\"text-align:center\">Space Mushrooms<\/td><td style=\"text-align:center\">Da<\/td><td style=\"text-align:center\">Ne<\/td><td>Doda element menija <em>Orodja &gt; Ustvari 3D obliko<\/em>, ki ustvari 3D obliko iz koordinat 8 ogli\u0161\u010d, ki jih vnese uporabnik (<a href=\"https:\/\/www.sweethome3d.com\/support\/forum\/viewthread_thread,6600\">preberi ve\u010d<\/a>)<\/td><\/tr><tr><td><a href=\"\/storage\/plugins\/StaircaseGenerator-1.0.1.sh3p\">StaircaseGenerator-1.0.1.sh3p<\/a><br>(150 kB &#8211; vklju\u010dena izvorna koda)<\/td><td style=\"text-align:center\">Space Mushrooms<br><br><\/td><td style=\"text-align:center\">Da<\/td><td style=\"text-align:center\">Ne<\/td><td>Doda element menija <em>Orodja &gt; Ustvari stopni\u0161\u010de<\/em>, ki ustvari 3D obliko stopni\u0161\u010da iz \u0161tevila stopnic in njihove velikosti (<a href=\"https:\/\/www.sweethome3d.com\/support\/forum\/viewthread_thread,12160\">preberi ve\u010d<\/a>)<\/td><\/tr><tr><td><a href=\"\/storage\/plugins\/TerrainGenerator-1.2.2.sh3p\">TerrainGenerator-1.2.2.sh3p<\/a><br>(111 kB &#8211; vklju\u010dena izvorna koda)<\/td><td style=\"text-align:center\">Space Mushrooms<\/td><td style=\"text-align:center\">Da<\/td><td style=\"text-align:center\">Ne<\/td><td>Doda element menija <em>Orodja &gt; Ustvari 3D teren iz sob<\/em>, ki ustvari 3D obliko iz povr\u0161ine izbranih sob, deformirane s strani uporabnika (<a href=\"https:\/\/www.sweethome3d.com\/support\/forum\/viewthread_thread,10995\">preberi ve\u010d<\/a>)<\/td><\/tr><tr><td><a href=\"\/storage\/plugins\/SideView-1.1.1.sh3p\">SideView-1.1.1.sh3p<\/a><br>(44 kB &#8211; vklju\u010dena izvorna koda)<\/td><td style=\"text-align:center\">Space Mushrooms<\/td><td style=\"text-align:center\">N\/A<\/td><td style=\"text-align:center\">Ne<\/td><td>Doda element menija <em>Orodja &gt; Prika\u017ei stranski pogled<\/em>, ki prika\u017ee stranski pogled urejenega doma z mo\u017enostjo shranjevanja (<a href=\"https:\/\/www.sweethome3d.com\/support\/forum\/viewthread_thread,11011\">preberi ve\u010d<\/a>)<\/td><\/tr><tr><td><a href=\"\/storage\/plugins\/ExportPlanImage-1.0.3.sh3p\">ExportPlanImage-1.0.3.sh3p<\/a><br>(29 kB &#8211; vklju\u010dena izvorna koda)<\/td><td style=\"text-align:center\">Space Mushrooms<\/td><td style=\"text-align:center\">N\/A<\/td><td style=\"text-align:center\">Ne<\/td><td>Doda element menija <em>Pohi\u0161tvo &gt; Izvozi na\u010drt v sliko<\/em>, ki izvozi sliko na\u010drta v format PNG ali JPEG v izbrani velikosti<\/td><\/tr><tr><td><a href=\"\/storage\/plugins\/ExportToSH3F-1.1.1.sh3p\">ExportToSH3F-1.1.1.sh3p<\/a><br>(32 kB &#8211; vklju\u010dena izvorna koda)<\/td><td style=\"text-align:center\">Space Mushrooms<\/td><td style=\"text-align:center\">N\/A<\/td><td style=\"text-align:center\">Ne<\/td><td>Doda element menija <em>Pohi\u0161tvo &gt; Izvozi uvo\u017eeno pohi\u0161tvo v SH3F<\/em>, ki izvozi vse pohi\u0161tvo, uvo\u017eeno v katalog <a href=\"https:\/\/www.sweethome3d.com\/sl\/\">Sweet Home 3D<\/a>, v datoteko SH3F (<a href=\"https:\/\/www.sweethome3d.com\/support\/forum\/viewthread_thread,966_offset,5\">preberi ve\u010d<\/a>)<\/td><\/tr><tr><td><a href=\"\/storage\/plugins\/ExportToSH3T-1.1.1.sh3p\">ExportToSH3T-1.1.1.sh3p<\/a><br>(30 kB &#8211; vklju\u010dena izvorna koda)<\/td><td style=\"text-align:center\">Space Mushrooms<\/td><td style=\"text-align:center\">N\/A<\/td><td style=\"text-align:center\">Ne<\/td><td>Doda element menija <em>Pohi\u0161tvo &gt; Izvozi uvo\u017eene teksture v SH3T<\/em>, ki izvozi vse teksture, uvo\u017eene v katalog Sweet Home 3D, v datoteko SH3T (<a href=\"https:\/\/www.sweethome3d.com\/support\/forum\/viewthread_thread,12391\">preberi ve\u010d<\/a>)<\/td><\/tr><tr><td><a href=\"\/storage\/plugins\/ExportToHTML5-1.9.1.sh3p\">ExportToHTML5-1.9.1.sh3p<\/a><br>(391 kB &#8211; vklju\u010dena izvorna koda)<\/td><td style=\"text-align:center\">Space Mushrooms<\/td><td style=\"text-align:center\">N\/A<\/td><td style=\"text-align:center\">Ne<\/td><td>Doda&nbsp;Postavka menija <em>Orodja &gt; Izvozi v HTML5<\/em>, ki izvozi 3D pogled urejenega doma na stran HTML5, ki si jo je mogo\u010de ogledati v katerem koli brskalniku WebGL (<a href=\"https:\/\/www.sweethome3d.com\/support\/forum\/viewthread_thread,6708\">preberi ve\u010d<\/a>). To orodje je na voljo tudi prek&nbsp;<a href=\"https:\/\/www.sweethome3d.com\/exportHomes.jsp\">Upravitelja izvo\u017eenih domov<\/a>, ki ti omogo\u010da izvoz in gostovanje datotek SH3D na spletnem stre\u017eniku sweethome3d.com.<\/td><\/tr><tr><td><a href=\"\/storage\/plugins\/UpdateRoadLinesPlugin-1.0.1.sh3p\">UpdateRoadLinesPlugin-1.0.1.sh3p<\/a><br>(70 kB &#8211; vklju\u010dena izvorna koda)<\/td><td style=\"text-align:center\">Space Mushrooms<\/td><td style=\"text-align:center\">Da<\/td><td style=\"text-align:center\">Da<\/td><td>Doda element menija <em>Orodja &gt; Spremeni slog cestne \u010drte<\/em>, ki uporabniku omogo\u010da izbiro <a href=\"https:\/\/fr.wikipedia.org\/wiki\/Signalisation_routi%C3%A8re_horizontale_en_France\" target=\"_blank\" rel=\"noopener\">francoskega sloga cestne \u010drte<\/a> za izbrane polilinije in njihovo barvo (<a href=\"https:\/\/www.sweethome3d.com\/blog\/2018\/12\/10\/customization_for_the_forensic_police.html\">preberi ve\u010d<\/a>)<\/td><\/tr><tr><td><a href=\"\/storage\/plugins\/EvidenceMarkerGenerator-1.1.1.sh3p\">EvidenceMarkerGenerator-1.1.1.sh3p<\/a><br>(38 kB &#8211; vklju\u010dena izvorna koda)<\/td><td style=\"text-align:center\">Space Mushrooms<\/td><td style=\"text-align:center\">Da<\/td><td style=\"text-align:center\">Ne<\/td><td>Doda element menija <em>Orodja &gt; Dodaj ozna\u010devalec dokazov<\/em>, ki lahko ustvari o\u0161tevil\u010den ozna\u010devalec dokazov na izbranem elementu v na\u010drtu (<a href=\"https:\/\/www.sweethome3d.com\/blog\/2018\/12\/10\/customization_for_the_forensic_police.html\">preberi ve\u010d<\/a>)<\/td><\/tr><tr><td><a href=\"https:\/\/sourceforge.net\/p\/sweethome3d\/plug-ins\/_discuss\/thread\/5e6557c2\/fef8\/attachment\/AdvancedEditing.sh3p\" target=\"_blank\" rel=\"noopener\">AdvancedEditing.sh3p<\/a><br>(135 kB &#8211; <a href=\"https:\/\/sourceforge.net\/p\/sweethome3d\/plug-ins\/_discuss\/thread\/5e6557c2\/fef8\/attachment\/AdvancedEditingPlugin-src.zip\" target=\"_blank\" rel=\"noopener\">izvorna koda<\/a>)<\/td><td style=\"text-align:center\">Tobias Liefke<\/td><td style=\"text-align:center\">Da<\/td><td style=\"text-align:center\">Da<\/td><td>Doda elemente menija&nbsp;<em>Uredi &gt; Zavrti<\/em>,&nbsp;<em>Uredi &gt; Premakni<\/em>,&nbsp;<em>Uredi &gt; Obrni<\/em>,&nbsp;<em>Uredi &gt; Spremeni velikost, Pohi\u0161tvo &gt; Dvigni<\/em>,&nbsp;<em>Na\u010drt &gt; Uredi to\u010dke sobe<\/em>,&nbsp;<em>Na\u010drt &gt; Pove\u017ei stene<\/em>, ki omogo\u010dajo spreminjanje izbranih objektov v na\u010drtu (<a href=\"https:\/\/www.sweethome3d.com\/support\/forum\/viewthread_thread,1757\">preberi ve\u010d<\/a>)<\/td><\/tr><tr><td><a href=\"https:\/\/sourceforge.net\/p\/sweethome3d\/plug-ins\/_discuss\/thread\/34cdde5620\/4c8d\/attachment\/Multiplier-2.2.sh3p\" target=\"_blank\" rel=\"noopener\">Multiplier-2.2.sh3p<\/a><br>(176 kB &#8211; vklju\u010dena izvorna koda)<\/td><td style=\"text-align:center\">Dorin Vatavu<\/td><td style=\"text-align:center\">Da<\/td><td style=\"text-align:center\">Da<\/td><td>Doda element menija <em>Orodja &gt; Pomno\u017ei<\/em>, ki omogo\u010da mno\u017eenje in premikanje izbranih objektov v na\u010drtu (<a href=\"https:\/\/www.sweethome3d.com\/support\/forum\/viewthread_thread,10554\">preberi ve\u010d<\/a>)<\/td><\/tr><tr><td><a href=\"https:\/\/sourceforge.net\/p\/sweethome3d\/plug-ins\/_discuss\/thread\/015d788700\/98fc\/attachment\/AutoDimensioning.sh3p\" target=\"_blank\" rel=\"noopener\">AutoDimensioning.sh3p<\/a><br>(44 kB &#8211; vklju\u010dena izvorna koda)<\/td><td style=\"text-align:center\">Dorin Vatavu<\/td><td style=\"text-align:center\">Da<\/td><td style=\"text-align:center\">Da<\/td><td>Doda element menija <em>Orodja &gt; Samodejno dimenzioniranje<\/em>, ki omogo\u010da ustvarjanje dimenzijskih \u010drt za celoten na\u010drt (<a href=\"https:\/\/www.sweethome3d.com\/support\/forum\/viewthread_thread,10955\">preberi ve\u010d<\/a>)<\/td><\/tr><tr><td><a href=\"https:\/\/sourceforge.net\/p\/sweethome3d\/plug-ins\/_discuss\/thread\/914cc4be82\/b551\/attachment\/GenerateRoof-4.5.sh3p\" target=\"_blank\" rel=\"noopener\">GenerateRoof-4.5.sh3p<\/a><br>(690 kB &#8211; vklju\u010dena izvorna koda)<\/td><td style=\"text-align:center\">Dorin Vatavu<br><br><\/td><td style=\"text-align:center\">N\/A<\/td><td style=\"text-align:center\">Ne<\/td><td>Doda element menija <em>Orodja &gt; Ustvari streho<\/em>, ki omogo\u010da ustvarjanje strehe z razli\u010dnimi nakloni iz oblike izbrane sobe (<a href=\"https:\/\/www.sweethome3d.com\/support\/forum\/viewthread_thread%2C11330\">preberi ve\u010d<\/a>)<\/td><\/tr><tr><td><a href=\"https:\/\/sourceforge.net\/p\/sweethome3d\/plug-ins\/_discuss\/thread\/182d97c5\/ad56\/attachment\/AdvancedSettingsPhotoRendering-1.4.1.sh3p\" target=\"_blank\" rel=\"noopener\">AdvancedSettings<br>PhotoRendering-1.4.1.sh3p<\/a><br>(52 kB &#8211; vklju\u010dena izvorna koda)<\/td><td style=\"text-align:center\">Enko Nyito<\/td><td style=\"text-align:center\">N\/A<\/td><td style=\"text-align:center\">Ne<\/td><td>Doda element menija <em>Orodja &gt; Napredne nastavitve fotorealisti\u010dnega upodabljanja <\/em>, ki omogo\u010da spreminjanje nekaterih <a href=\"https:\/\/sourceforge.net\/p\/sweethome3d\/code\/HEAD\/tree\/trunk\/SweetHome3D\/src\/com\/eteks\/sweethome3d\/j3d\/PhotoRenderer.properties\" target=\"_blank\" rel=\"noopener\">naprednih lastnosti<\/a>, ki jih uporabljajo fotorealisti\u010dni upodabljalniki na dveh najbolj\u0161ih ravneh kakovosti (<a href=\"https:\/\/www.sweethome3d.com\/support\/forum\/viewthread_thread,6122_offset,20\">preberi ve\u010d<\/a>)<\/td><\/tr><tr><td><a href=\"https:\/\/sourceforge.net\/p\/sweethome3d\/plug-ins\/_discuss\/thread\/40b57f75\/5282\/attachment\/PhotoVideoRendering-2.8.zip\" target=\"_blank\" rel=\"noopener\">PhotoVideoRendering-2.8.zip<\/a><br>(15 MB &#8211; vklju\u010dena datoteka SH3P + izvorna koda)<\/td><td style=\"text-align:center\">Enko Nyito<\/td><td style=\"text-align:center\">N\/A<\/td><td style=\"text-align:center\">Ne<\/td><td>Doda meni <em>Fotografsko-video upodabljanje<\/em>, z elementi menija za upodabljanje fotografij in videoposnetkov z dodatnimi nastavitvami (<a href=\"https:\/\/sourceforge.net\/p\/sweethome3d\/plug-ins\/18\/\" target=\"_blank\" rel=\"noopener\">preberi ve\u010d<\/a>)<\/td><\/tr><\/tbody><\/table><\/figure>\n\n<p>Za odstranitev vti\u010dnika odstrani njegovo datoteko SH3P iz mape vti\u010dnikov programa <a href=\"https:\/\/www.sweethome3d.com\/sl\/prenos\/\" data-type=\"page\" data-id=\"396\">Sweet Home 3D<\/a> in ponovno za\u017eeni aplikacijo. Ta mapa se prika\u017ee, ko klikne\u0161 na katero koli datoteko SH3P, navedeno v razdelku <em>Vti\u010dniki<\/em> v podoknu <em>Uporabljene knji\u017enice<\/em>. Slednje podokno se prika\u017ee s klikom na gumb <em>Knji\u017enice&#8230;<\/em>, ki je prikazan na dnu pogovornega okna <em>O programu<\/em> Sweet Home 3D. \u010ce \u017eeli\u0161 sam programirati vti\u010dnike, preberi <a href=\"https:\/\/www.sweethome3d.com\/sl\/vodnik-za-razvijalce-vticnikov\/\" data-type=\"page\" data-id=\"4964\">Vodnik za razvijalce vti\u010dnikov<\/a>.   <\/p>\n\n<div style=\"height:50px\" aria-hidden=\"true\" class=\"wp-block-spacer\"><\/div>\n\n<h2 class=\"wp-block-heading\" id=\"tools\" style=\"font-style:normal;font-weight:600\">Orodja<\/h2>\n\n<p>Naslednja tabela navaja nekatera dodatna orodja, ki jih zagotavlja Space Mushrooms in so uporabna za <a href=\"https:\/\/www.sweethome3d.com\/sl\/prenos\/\" data-type=\"page\" data-id=\"396\">Sweet Home 3D<\/a>. Ta orodja so na voljo kot izvedljive datoteke Jar, ki jih lahko za\u017eene\u0161 z dvojnim klikom, ko je <a href=\"https:\/\/www.java.com\/\" target=\"_blank\" rel=\"noopener\">Java<\/a> name\u0161\u010dena na tvojem sistemu. V sistemu macOS je prvi zagon izvedljive datoteke Jar, prenesene z interneta, treba izvesti s klikom na datoteko Jar, medtem ko dr\u017ei\u0161 tipko <em>ctrl<\/em>, nato pa izbere\u0161 <em>Odpri<\/em> v kontekstnem meniju, ki se bo prikazal.  <\/p>\n\n<figure class=\"wp-block-flexible-table-block-table alignwide is-content-justification-center table-tools table-overflow-x\"><table class=\"has-fixed-layout\" style=\"border-collapse:collapse\"><thead><tr><th style=\"text-align:center\">Orodje<\/th><th style=\"text-align:center;width:500px\">Opis<\/th><\/tr><\/thead><tbody><tr><td style=\"text-align:left\"><a href=\"https:\/\/sourceforge.net\/projects\/sweethome3d\/files\/FurnitureLibraryEditor\/FurnitureLibraryEditor-2.2.jar\/download\" target=\"_blank\" rel=\"noopener\">FurnitureLibraryEditor-2.2.jar<\/a><br>(14.4 MB &#8211; <a href=\"https:\/\/sourceforge.net\/projects\/sweethome3d\/files\/FurnitureLibraryEditor-source\/FurnitureLibraryEditor-2.2-src.zip\" target=\"_blank\" rel=\"noopener\">izvorna koda<\/a>)<\/td><td style=\"width:500px\">Ta aplikacija ti omogo\u010da ustvarjanje datoteke knji\u017enice pohi\u0161tva SH3F in urejanje lastnosti 3D modelov, ki jih vsebuje (<a href=\"https:\/\/www.sweethome3d.com\/support\/forum\/viewthread_thread,1550\">preberi ve\u010d<\/a>)<\/td><\/tr><tr><td><a href=\"https:\/\/sourceforge.net\/projects\/sweethome3d\/files\/TexturesLibraryEditor\/TexturesLibraryEditor-2.1.jar\/download\" target=\"_blank\" rel=\"noopener\">TexturesLibraryEditor-2.1.jar<\/a><br>(1.2 MB &#8211; <a href=\"https:\/\/sourceforge.net\/projects\/sweethome3d\/files\/TexturesLibraryEditor-source\/TexturesLibraryEditor-2.1-src.zip\" target=\"_blank\" rel=\"noopener\">izvorna koda<\/a>)<\/td><td style=\"width:500px\">Ta aplikacija ti omogo\u010da ustvarjanje datoteke knji\u017enice tekstur SH3T in urejanje lastnosti slikovnih tekstur, ki jih vsebuje (<a href=\"https:\/\/www.sweethome3d.com\/support\/forum\/viewthread_thread,3502\">preberi ve\u010d<\/a>)<\/td><\/tr><tr><td><a href=\"\/storage\/downloads\/HugeFileCleaner-1.0.jar\">HugeFileCleaner-1.0.jar<\/a><br>(7 kB &#8211; vklju\u010dena izvorna koda)<\/td><td style=\"width:500px\">Ta aplikacija odstrani nepotrebne vnose, ki so se morda pojavili v velikih datotekah SH3D (obi\u010dajno ve\u010djih od 500 MB), ustvarjenih z razli\u010dicami Sweet Home 3D, starej\u0161imi od 5.2, ko si uporabil nedavni seznam tekstur, prikazan v pogovornem oknu za teksture, za kopiranje tekstur 3D modelov, najdenih v katalogu pohi\u0161tva (<a href=\"https:\/\/www.sweethome3d.com\/support\/forum\/viewthread_thread,6331_offset,21\">preberi ve\u010d<\/a>)<\/td><\/tr><tr><td><a href=\"https:\/\/apps.apple.com\/us\/app\/tape-measure\/id1437807477\" target=\"_blank\" rel=\"noopener\">Merski trak<\/a><\/td><td style=\"width:500px\">Ta aplikacija ti omogo\u010da merjenje in ustvarjanje natan\u010dnega na\u010drta tvoje hi\u0161e, tako da skenira\u0161 prostor okoli sebe in ozna\u010di\u0161 vogale sob. Nato lahko uvozi\u0161 tloris neposredno v Sweet Home 3D in za\u010dne\u0161 z na\u010drtovanjem. Upo\u0161tevaj, da je aplikacija zaenkrat na voljo samo za iOS.<\/td><\/tr><\/tbody><\/table><\/figure>\n\n<p><\/p>\n","protected":false},"excerpt":{"rendered":"<p>Ta stran opisuje glavne vti\u010dnike in druga orodja, ki so na voljo za Sweet Home 3D.<\/p>\n","protected":false},"author":4,"featured_media":4107,"parent":0,"menu_order":0,"comment_status":"closed","ping_status":"closed","template":"page-resources.php","meta":{"inline_featured_image":false,"footnotes":""},"class_list":["post-4108","page","type-page","status-publish","has-post-thumbnail","hentry"],"_links":{"self":[{"href":"https:\/\/www.sweethome3d.com\/sl\/wp-json\/wp\/v2\/pages\/4108","targetHints":{"allow":["GET"]}}],"collection":[{"href":"https:\/\/www.sweethome3d.com\/sl\/wp-json\/wp\/v2\/pages"}],"about":[{"href":"https:\/\/www.sweethome3d.com\/sl\/wp-json\/wp\/v2\/types\/page"}],"author":[{"embeddable":true,"href":"https:\/\/www.sweethome3d.com\/sl\/wp-json\/wp\/v2\/users\/4"}],"replies":[{"embeddable":true,"href":"https:\/\/www.sweethome3d.com\/sl\/wp-json\/wp\/v2\/comments?post=4108"}],"version-history":[{"count":5,"href":"https:\/\/www.sweethome3d.com\/sl\/wp-json\/wp\/v2\/pages\/4108\/revisions"}],"predecessor-version":[{"id":16545,"href":"https:\/\/www.sweethome3d.com\/sl\/wp-json\/wp\/v2\/pages\/4108\/revisions\/16545"}],"wp:featuredmedia":[{"embeddable":true,"href":"https:\/\/www.sweethome3d.com\/sl\/wp-json\/wp\/v2\/media\/4107"}],"wp:attachment":[{"href":"https:\/\/www.sweethome3d.com\/sl\/wp-json\/wp\/v2\/media?parent=4108"}],"curies":[{"name":"wp","href":"https:\/\/api.w.org\/{rel}","templated":true}]}}