{"id":4007,"date":"2025-11-11T13:49:43","date_gmt":"2025-11-11T13:49:43","guid":{"rendered":"https:\/\/www.sweethome3d.com\/licenca\/"},"modified":"2025-12-16T15:44:48","modified_gmt":"2025-12-16T15:44:48","slug":"licenca","status":"publish","type":"page","link":"https:\/\/www.sweethome3d.com\/sl\/licenca\/","title":{"rendered":"Licenca"},"content":{"rendered":"\n<p><a href=\"https:\/\/www.sweethome3d.com\/sl\/\">Sweet Home 3D<\/a>, Avtorske pravice (c) 2024 Space Mushrooms &lt;<a href=\"mailto:info@sweethome3d.com\">info@sweethome3d.com<\/a>&gt;<\/p>\n\n<p>Brezpla\u010dna razli\u010dica aplikacije <a href=\"https:\/\/www.sweethome3d.com\/sl\/\" data-type=\"page\" data-id=\"278\">Sweet Home 3D<\/a>, aplikaciji <a href=\"\/support\/forum\/viewthread_thread,1550\" target=\"_blank\" rel=\"noreferrer noopener\">Urejevalnik knji\u017enice pohi\u0161tva<\/a> in <a href=\"\/support\/forum\/viewthread_thread,3502\" target=\"_blank\" rel=\"noreferrer noopener\">Urejevalnik knji\u017enice tekstur<\/a>, ter <a href=\"https:\/\/sourceforge.net\/p\/sweethome3d\/code\/HEAD\/tree\/trunk\/SweetHome3DJS\/\" target=\"_blank\" rel=\"noreferrer noopener\">Sweet Home 3D JS<\/a> so distribuirane pod <a href=\"https:\/\/www.gnu.org\/licenses\/gpl-2.0.txt\" target=\"_blank\" rel=\"noreferrer noopener\">licenco GNU General Public License<\/a>; lahko jih uporablja\u0161, kopira\u0161, raz\u0161irja\u0161 in\/ali spreminja\u0161 pod pogoji te licence, kot jo je objavila Fundacija za prosto programsko opremo; bodisi razli\u010dico 2 licence ali (po tvoji izbiri) katero koli poznej\u0161o razli\u010dico. Za ve\u010d podrobnosti preberi pogoje <a href=\"https:\/\/www.gnu.org\/licenses\/gpl-2.0.txt\" target=\"_blank\" rel=\"noreferrer noopener\">licence GNU General Public License<\/a> in njena <a href=\"https:\/\/www.gnu.org\/licenses\/gpl-faq.html\" target=\"_blank\" rel=\"noreferrer noopener\">pogosta vpra\u0161anja<\/a>.<\/p>\n\n<p>Ti programi so distribuirani v upanju, da bodo koristni, vendar BREZ KAKR\u0160NE KOLI GARANCIJE; brez celo implicitne garancije TR\u017dNOSTI ali PRIMERNOSTI ZA DOLO\u010cEN NAMEN.<\/p>\n\n<p>Licenca GNU General Public License in druge licence, pod katerimi so na voljo aplikacije Sweet Home 3D, Sweet Home 3D Mobile, Urejevalnik knji\u017enice pohi\u0161tva, Urejevalnik knji\u017enice tekstur in Sweet Home 3D JS, ti omogo\u010dajo objavo dokumentov, ustvarjenih s temi aplikacijami, bodisi za osebno ali komercialno uporabo, v mejah pravic, ki jih podeljujejo licence 3D modelov in tekstur, ki si jih uvozil\/-a v dokumente, ustvarjene s temi aplikacijami.<br\/>3D modele in teksture, ki so na voljo v privzetih katalogih vseh razli\u010dic Sweet Home 3D, lahko uporablja\u0161 in raz\u0161irja\u0161 za osebno ali komercialno uporabo, kot tudi <a href=\"https:\/\/www.sweethome3d.com\/sl\/brezplacni-3d-modeli\/\">brezpla\u010dne 3D modele<\/a>, gostujo\u010de na sweethome3d.com, ter <a href=\"https:\/\/sourceforge.net\/projects\/sweethome3d\/files\/SweetHome3D-models\/\" target=\"_blank\" rel=\"noreferrer noopener\">knji\u017enice pohi\u0161tva<\/a> ali <a href=\"https:\/\/sourceforge.net\/projects\/sweethome3d\/files\/SweetHome3D-textures\/\" target=\"_blank\" rel=\"noreferrer noopener\">knji\u017enice tekstur<\/a>, ki so na voljo med <a href=\"https:\/\/sourceforge.net\/projects\/sweethome3d\/files\/\" target=\"_blank\" rel=\"noreferrer noopener\">datotekami Sweet Home 3D na SourceForge.net<\/a>. \u010ce v svoje dokumente vklju\u010di\u0161 nekatere od teh 3D modelov in tekstur, mora\u0161 navesti avtorja tistih, ki so distribuirani pod <a href=\"https:\/\/artlibre.org\/licence\/lal\/en\/\" target=\"_blank\" rel=\"noreferrer noopener\">licenco Free Art License<\/a> ali <a href=\"https:\/\/creativecommons.org\/licenses\/by\/3.0\/\" target=\"_blank\" rel=\"noreferrer noopener\">licenco CC-BY<\/a>, po mo\u017enosti z uporabo obvestila, podobnega naslednjemu (vklju\u010dno s povezavami, da lahko uporabniki najdejo avtorje umetni\u0161kih del, ki si jih uporabil\/-a):<\/p>\n\n<p><em>Projekt, zasnovan s <a href=\"https:\/\/www.sweethome3d.com\/sl\/\" data-type=\"page\" data-id=\"278\">Sweet Home 3D<\/a>. Vklju\u010duje <a href=\"https:\/\/www.sweethome3d.com\/sl\/brezplacni-3d-modeli\/\">3D modele<\/a> in <a href=\"\/import-textures\/\">teksture<\/a>, distribuirane pod brezpla\u010dno licenco.<\/em><\/p>\n\n<p>Uporaba in raz\u0161irjanje 3D modelov ali tekstur, najdenih na drugih spletnih mestih, je lahko omejeno z licenco, pod katero so distribuirani, in na tebi je, da preveri\u0161 njihovo licenco. Na primer, 3D modeli, ki so na voljo na <a href=\"https:\/\/www.2d3dmodels.com\/3dmodels.htm\" target=\"_blank\" rel=\"noreferrer noopener\">Archibit<\/a>, so distribuirani pod licenco <a href=\"https:\/\/creativecommons.org\/licenses\/by-nc-sa\/2.5\/it\/\" target=\"_blank\" rel=\"noreferrer noopener\">Creative Commons BY-NC-SA<\/a>, ki prepoveduje uporabo dela v komercialne namene, medtem ko oddelka 1.B in 2.vi <a href=\"https:\/\/3dwarehouse.sketchup.com\/tos#license\" target=\"_blank\" rel=\"noreferrer noopener\">General Model License<\/a> za modele, ki so na voljo na <a href=\"https:\/\/3dwarehouse.sketchup.com\/\" target=\"_blank\" rel=\"noreferrer noopener\">Trimble 3D Warehouse<\/a>, omogo\u010data njihovo uporabo za <em>poslovne namene (vklju\u010dno s komercialnimi nameni)<\/em>, vendar prepovedujeta <em>zdru\u017eevanje katere koli vsebine, pridobljene s spletnega mesta, za redistribucijo<\/em>, kar je pogoj, ki prepre\u010duje redistribucijo knji\u017enic pohi\u0161tva, ki vsebujejo modele iz 3D Warehouse. <\/p>\n\n<p>Licenca GNU General Public License ti omogo\u010da tudi prosto redistribucijo pod isto licenco brezpla\u010dne razli\u010dice aplikacije Sweet Home 3D, aplikacij Furniture Library Editor in Textures Library Editor ter Sweet Home 3D JS, \u010de z njimi prilo\u017ei\u0161 pogoje <a href=\"https:\/\/www.gnu.org\/licenses\/gpl-2.0.txt\" target=\"_blank\" rel=\"noreferrer noopener\">licence GNU General Public License<\/a> in na ustrezno mesto doda\u0161 naslednje obvestilo o avtorskih pravicah (s povezavo na spletno stran <a href=\"\/\">https:\/\/www.sweethome3d.com<\/a>, kadar je to mogo\u010de):<\/p>\n\n<p><em>Sweet Home 3D, Avtorske pravice (c) 2024 Space Mushrooms &lt;info@sweehome3d.com&gt;<\/em><\/p>\n\n<p>To pravilo velja tudi za uporabo <a href=\"https:\/\/sourceforge.net\/projects\/sweethome3d\/files\/SweetHome3D-viewer\/SweetHome3DJSViewer-7.5.2.zip\/download\" target=\"_blank\" rel=\"noreferrer noopener\">Sweet Home 3D JS Viewerja<\/a> ali <a href=\"\/online-manager\/\">spletne razli\u010dice<\/a> na tvoji spletni strani, kar je nekak\u0161na redistribucija.<\/p>\n\n<p><em>Upo\u0161tevaj, da licenca GNU General Public License prepoveduje razvijalcem, ki niso lastniki avtorskih pravic Sweet Home 3D, ustvarjanje lastni\u0161kih programov, ki izhajajo iz te programske opreme ali jo vklju\u010dujejo v lastni\u0161ke programe.<\/em><\/p>\n\n<p><em>\u010ce te Sweet Home 3D zanima za tak\u0161no uporabo, pi\u0161i na <a href=\"mailto:info@sweethome3d.com\">info@sweethome3d.com<\/a> za informacije o drugih razpolo\u017eljivih licencah, ki bi lahko ustrezale tvojim potrebam.<\/em><\/p>\n\n<p>Sweet Home 3D vklju\u010duje tudi naslednje knji\u017enice, distribuirane pod licencami, ki so manj omejevalne kot GNU GPL:<\/p>\n\n<ul class=\"wp-block-list pl-16\">\n<li>Knji\u017enica Java 3D, distribuirana pod <a href=\"https:\/\/www.opensource.org\/licenses\/bsd-license.php\" target=\"_blank\" rel=\"noreferrer noopener\">licenco BSD<\/a> in <a href=\"https:\/\/openjdk.java.net\/legal\/gplv2+ce.html\" target=\"_blank\" rel=\"noreferrer noopener\">licenco GNU General Public License z izjemo Classpath<\/a>,<\/li>\n\n\n\n<li>Knji\u017enica <a href=\"https:\/\/java.sun.com\/javase\/technologies\/desktop\/media\/jmf\/\" target=\"_blank\" rel=\"noreferrer noopener\">Java Media Framework<\/a>, distribuirana pod <a href=\"https:\/\/java.sun.com\/javase\/technologies\/desktop\/media\/jmf\/2.1.1\/license.html\" target=\"_blank\" rel=\"noreferrer noopener\">licenco JMF 2.1.1 Binary Code License<\/a>,<\/li>\n\n\n\n<li>Knji\u017enica za tiskanje PDF <a href=\"https:\/\/www.lowagie.com\/iText\/\" target=\"_blank\" rel=\"noreferrer noopener\">iText<\/a> razli\u010dice 2.1.7, distribuirana pod <a href=\"https:\/\/www.gnu.org\/licenses\/old-licenses\/lgpl-2.1.txt\" target=\"_blank\" rel=\"noreferrer noopener\">licenco GNU Lesser General Public License<\/a>,<\/li>\n\n\n\n<li>Knji\u017enica za izvoz SVG <a href=\"https:\/\/java.freehep.org\/\" target=\"_blank\" rel=\"noreferrer noopener\">FreeHep<\/a>, distribuirana pod <a href=\"https:\/\/www.gnu.org\/licenses\/old-licenses\/lgpl-2.1.txt\" target=\"_blank\" rel=\"noreferrer noopener\">licenco GNU Lesser General Public License<\/a>,<\/li>\n\n\n\n<li>Knji\u017enica <a href=\"https:\/\/xmlgraphics.apache.org\/batik\/\" target=\"_blank\" rel=\"noreferrer noopener\">Batik<\/a> za kompilacijo SVG poti <a href=\"https:\/\/xmlgraphics.apache.org\/batik\/\" target=\"_blank\" rel=\"noreferrer noopener\"><\/a>, distribuirana pod <a href=\"https:\/\/xmlgraphics.apache.org\/batik\/license.html\" target=\"_blank\" rel=\"noreferrer noopener\">licenco Apache License<\/a>,<\/li>\n\n\n\n<li>Knji\u017enica <a href=\"https:\/\/www.eteks.com\/jeks\/\" target=\"_blank\" rel=\"noreferrer noopener\">Jeks Parser calculator<\/a> za podporo matemati\u010dnih izrazov, distribuirana pod <a href=\"https:\/\/www.gnu.org\/licenses\/old-licenses\/lgpl-2.1.txt\" target=\"_blank\" rel=\"noreferrer noopener\">licenco GNU Lesser General Public License<\/a>,<\/li>\n\n\n\n<li>Knji\u017enica <a href=\"https:\/\/sunflow.sourceforge.net\/\" target=\"_blank\" rel=\"noreferrer noopener\">SunFlow<\/a> za upodabljanje globalne osvetlitve, distribuirana pod <a href=\"https:\/\/www.opensource.org\/licenses\/mit-license.php\" target=\"_blank\" rel=\"noreferrer noopener\">licenco MIT<\/a>,<\/li>\n\n\n\n<li>Knji\u017enica <a href=\"https:\/\/github.com\/YafaRay\" target=\"_blank\" rel=\"noreferrer noopener\">YafaRay<\/a> za upodabljanje, distribuirana pod <a href=\"https:\/\/www.gnu.org\/licenses\/old-licenses\/lgpl-2.1.txt\" target=\"_blank\" rel=\"noreferrer noopener\">licenco GNU Lesser General Public License<\/a><a href=\"https:\/\/www.opensource.org\/licenses\/mit-license.php\" target=\"_blank\" rel=\"noreferrer noopener\"><\/a>,<\/li>\n\n\n\n<li><a href=\"https:\/\/www.sweethome3d.com\/sl\/brezplacni-3d-modeli\/\">3D modeli<\/a> in teksture, ki so na voljo v katalogih brezpla\u010dne razli\u010dice, so distribuirani pod GNU GPL ali <a>licenco CC-BY<\/a>,<\/li>\n\n\n\n<li>dodatni <a href=\"https:\/\/www.sweethome3d.com\/sl\/brezplacni-3d-modeli\/\">3D modeli<\/a> in <a href=\"https:\/\/www.sweethome3d.com\/import-textures\/\">teksture<\/a>, ki so na voljo v katalogih razli\u010dic <a href=\"https:\/\/apps.apple.com\/app\/sweet-home-3d\/id669289700\" target=\"_blank\" rel=\"noreferrer noopener\">Mac App Store<\/a>, <a href=\"https:\/\/apps.microsoft.com\/detail\/9nblggh2smtq\" target=\"_blank\" rel=\"noreferrer noopener\">Microsoft Store<\/a> in <a href=\"https:\/\/www.amazon.com\/gp\/product\/B00NLVKPDM\" target=\"_blank\" rel=\"noreferrer noopener\">Amazon Store<\/a>, so distribuirani pod <a href=\"https:\/\/artlibre.org\/licence\/lal\/en\" target=\"_blank\" rel=\"noreferrer noopener\">licenco Free Art Licence<\/a>, <a href=\"https:\/\/creativecommons.org\/licenses\/by\/3.0\/\" target=\"_blank\" rel=\"noreferrer noopener\">licenco CC-BY<\/a> ali so na voljo v javni domeni, odvisno od modelov.<\/li>\n<\/ul>\n\n<p>Sweet Home 3D JS je odvisen tudi od naslednjih knji\u017enic:<\/p>\n\n<ul class=\"wp-block-list pl-16\">\n<li>Knji\u017enica <a href=\"https:\/\/stuk.github.io\/jszip\/\" target=\"_blank\" rel=\"noreferrer noopener\">JSZip<\/a>, distribuirana pod <a href=\"https:\/\/github.com\/Stuk\/jszip\/blob\/master\/LICENSE.markdown\" target=\"_blank\" rel=\"noreferrer noopener\">licenco MIT<\/a>,<\/li>\n\n\n\n<li>Knji\u017enica <a href=\"https:\/\/glmatrix.net\/\" target=\"_blank\" rel=\"noreferrer noopener\">glMatrix<\/a>, distribuirana pod <a href=\"https:\/\/github.com\/toji\/gl-matrix\/blob\/master\/LICENSE.md\" target=\"_blank\" rel=\"noreferrer noopener\">licenco MIT<\/a>,<\/li>\n\n\n\n<li>Knji\u017enica <a href=\"https:\/\/github.com\/MikeMcl\/big.js\/\" target=\"_blank\" rel=\"noreferrer noopener\">big.js<\/a>, distribuirana pod <a href=\"https:\/\/github.com\/MikeMcl\/big.js\/blob\/main\/LICENCE.md\" target=\"_blank\" rel=\"noreferrer noopener\">licenco MIT<\/a>,<\/li>\n\n\n\n<li>Knji\u017enica <a href=\"https:\/\/github.com\/ndebeiss\/jsXmlSaxParser\" target=\"_blank\" rel=\"noreferrer noopener\">jsXmlSaxParser<\/a>, distribuirana pod <a href=\"https:\/\/raw.githubusercontent.com\/ndebeiss\/jsXmlSaxParser\/master\/LICENSE\" target=\"_blank\" rel=\"noreferrer noopener\">licenco Apache<\/a>,<\/li>\n\n\n\n<li>JavaScript prevod razreda <code>Triangulator<\/code> v knji\u017enici <a href=\"https:\/\/github.com\/hharrison\/java3d-utils\" target=\"_blank\" rel=\"noreferrer noopener\">Java 3D utils<\/a>, distribuiran pod <a href=\"https:\/\/github.com\/hharrison\/java3d-utils\/blob\/master\/LICENSE.txt\" target=\"_blank\" rel=\"noreferrer noopener\">licenco BSD<\/a>,<\/li>\n\n\n\n<li>JavaScript prevod knji\u017enice <a href=\"https:\/\/xmlgraphics.apache.org\/batik\/\" target=\"_blank\" rel=\"noreferrer noopener\">Batik<\/a> za kompilacijo SVG poti, distribuiran pod <a href=\"https:\/\/xmlgraphics.apache.org\/batik\/license.html\" target=\"_blank\" rel=\"noreferrer noopener\">licenco Apache License<\/a>,<\/li>\n\n\n\n<li>Knji\u017enica <a href=\"https:\/\/github.com\/stleary\/JSON-java\" target=\"_blank\" rel=\"noreferrer noopener\">JSON.org<\/a>, distribuirana pod <a href=\"https:\/\/github.com\/stleary\/JSON-java\/blob\/master\/LICENSE\" target=\"_blank\" rel=\"noreferrer noopener\">brezpla\u010dno licenco JSON<\/a>,<\/li>\n\n\n\n<li>JavaScript prevod paketov <code>java.awt.geom<\/code> in <code>javax.swing.undo<\/code> v knji\u017enici <a href=\"https:\/\/openjdk.java.net\/\" target=\"_blank\" rel=\"noreferrer noopener\">OpenJDK<\/a>, distribuiran pod <a href=\"https:\/\/openjdk.java.net\/legal\/gplv2+ce.html\" target=\"_blank\" rel=\"noreferrer noopener\">licenco GNU General Public License z izjemo Classpath<\/a>.<\/li>\n<\/ul>\n","protected":false},"excerpt":{"rendered":"<p>Sweet Home 3D, Avtorske pravice (c) 2024 Space Mushrooms &lt;info@sweethome3d.com&gt; Brezpla\u010dna razli\u010dica aplikacije Sweet Home 3D, aplikaciji Urejevalnik knji\u017enice pohi\u0161tva in Urejevalnik knji\u017enice tekstur, ter Sweet Home 3D JS so distribuirane pod licenco GNU General Public License; lahko jih uporablja\u0161, kopira\u0161, raz\u0161irja\u0161 in\/ali spreminja\u0161 pod pogoji te licence, kot jo je objavila Fundacija za prosto<a href=\"https:\/\/www.sweethome3d.com\/sl\/licenca\/\">Continue reading <span class=\"sr-only\">&#8220;Licenca&#8221;<\/span><\/a><\/p>\n","protected":false},"author":2,"featured_media":4006,"parent":0,"menu_order":0,"comment_status":"closed","ping_status":"closed","template":"page-resources.php","meta":{"inline_featured_image":false,"footnotes":""},"class_list":["post-4007","page","type-page","status-publish","has-post-thumbnail","hentry"],"_links":{"self":[{"href":"https:\/\/www.sweethome3d.com\/sl\/wp-json\/wp\/v2\/pages\/4007","targetHints":{"allow":["GET"]}}],"collection":[{"href":"https:\/\/www.sweethome3d.com\/sl\/wp-json\/wp\/v2\/pages"}],"about":[{"href":"https:\/\/www.sweethome3d.com\/sl\/wp-json\/wp\/v2\/types\/page"}],"author":[{"embeddable":true,"href":"https:\/\/www.sweethome3d.com\/sl\/wp-json\/wp\/v2\/users\/2"}],"replies":[{"embeddable":true,"href":"https:\/\/www.sweethome3d.com\/sl\/wp-json\/wp\/v2\/comments?post=4007"}],"version-history":[{"count":3,"href":"https:\/\/www.sweethome3d.com\/sl\/wp-json\/wp\/v2\/pages\/4007\/revisions"}],"predecessor-version":[{"id":11908,"href":"https:\/\/www.sweethome3d.com\/sl\/wp-json\/wp\/v2\/pages\/4007\/revisions\/11908"}],"wp:featuredmedia":[{"embeddable":true,"href":"https:\/\/www.sweethome3d.com\/sl\/wp-json\/wp\/v2\/media\/4006"}],"wp:attachment":[{"href":"https:\/\/www.sweethome3d.com\/sl\/wp-json\/wp\/v2\/media?parent=4007"}],"curies":[{"name":"wp","href":"https:\/\/api.w.org\/{rel}","templated":true}]}}