{"id":3771,"date":"2025-11-11T14:14:07","date_gmt":"2025-11-11T14:14:07","guid":{"rendered":"https:\/\/www.sweethome3d.com\/upravitelj-izvozenih-domov\/"},"modified":"2025-12-15T14:48:00","modified_gmt":"2025-12-15T14:48:00","slug":"upravitelj-izvozenih-domov","status":"publish","type":"page","link":"https:\/\/www.sweethome3d.com\/sl\/upravitelj-izvozenih-domov\/","title":{"rendered":"Upravitelj izvo\u017eenih domov"},"content":{"rendered":"\n<p class=\"has-text-align-center\">Na podlagi <a href=\"\/support\/forum\/viewthread_thread,6708\" target=\"_blank\" rel=\"noreferrer noopener\">vti\u010dnika za izvoz v HTML5<\/a> ta storitev registriranim uporabnikom omogo\u010da nalaganje njihovih datotek <a href=\"https:\/\/www.sweethome3d.com\/sl\/\">Sweet Home 3D<\/a> na ta spletni stre\u017enik, da si jih lahko ogledajo v 3D na\u010dinu v katerem koli brskalniku, ki podpira WebGL, kot v <a href=\"\/viewHome.jsp?id=1\" target=\"_blank\" rel=\"noreferrer noopener\">tem primeru<\/a>, prikazanem na spodnji sliki zaslona, ki prikazuje datoteko <em>SweetHome3DExample3.sh3d<\/em>, ki je na voljo v <a href=\"https:\/\/www.sweethome3d.com\/sl\/galerija\/\">galeriji<\/a>.<br\/>\u010ce \u017eeli\u0161 uporabljati upravitelja izvo\u017eenih domov, se najprej brezpla\u010dno <a href=\"\/support\/forum\/registermember\" target=\"_blank\" rel=\"noreferrer noopener\">registriraj<\/a> v storitve Sweet Home 3D in se <a href=\"\/support\/forum\/login?url=https%3A%2F%2Fwww.sweethome3d.com%2FexportHomes.jsp&amp;forumLogin=false&amp;lang=en\" target=\"_blank\" rel=\"noreferrer noopener\">prijavi<\/a>.<\/p>\n\n<div style=\"height:50px\" aria-hidden=\"true\" class=\"wp-block-spacer\"><\/div>\n\n<div class=\"wp-block-group is-content-justification-center is-nowrap is-layout-flex wp-container-core-group-is-layout-94bc23d7 wp-block-group-is-layout-flex\">\n<figure class=\"wp-block-image aligncenter size-full\"><img decoding=\"async\" width=\"1788\" height=\"1090\" data-src=\"https:\/\/www.sweethome3d.com\/wp-content\/uploads\/2025\/11\/Frame-327.png\" alt=\"\" class=\"wp-image-972 lazyload\" data-srcset=\"https:\/\/www.sweethome3d.com\/wp-content\/uploads\/2025\/11\/Frame-327.png 1788w, https:\/\/www.sweethome3d.com\/wp-content\/uploads\/2025\/11\/Frame-327-300x183.png 300w, https:\/\/www.sweethome3d.com\/wp-content\/uploads\/2025\/11\/Frame-327-1024x624.png 1024w, https:\/\/www.sweethome3d.com\/wp-content\/uploads\/2025\/11\/Frame-327-148x90.png 148w, https:\/\/www.sweethome3d.com\/wp-content\/uploads\/2025\/11\/Frame-327-768x468.png 768w, https:\/\/www.sweethome3d.com\/wp-content\/uploads\/2025\/11\/Frame-327-1536x936.png 1536w\" data-sizes=\"(max-width: 1788px) 100vw, 1788px\" src=\"data:image\/svg+xml;base64,PHN2ZyB3aWR0aD0iMSIgaGVpZ2h0PSIxIiB4bWxucz0iaHR0cDovL3d3dy53My5vcmcvMjAwMC9zdmciPjwvc3ZnPg==\" style=\"--smush-placeholder-width: 1788px; --smush-placeholder-aspect-ratio: 1788\/1090;\" \/><\/figure>\n<\/div>\n","protected":false},"excerpt":{"rendered":"<p>Na podlagi vti\u010dnika za izvoz v HTML5 ta storitev registriranim uporabnikom omogo\u010da nalaganje njihovih datotek Sweet Home 3D na ta spletni stre\u017enik, da si jih lahko ogledajo v 3D na\u010dinu v katerem koli brskalniku, ki podpira WebGL, kot v tem primeru, prikazanem na spodnji sliki zaslona, ki prikazuje datoteko SweetHome3DExample3.sh3d, ki je na voljo v<a href=\"https:\/\/www.sweethome3d.com\/sl\/upravitelj-izvozenih-domov\/\">Continue reading <span class=\"sr-only\">&#8220;Upravitelj izvo\u017eenih domov&#8221;<\/span><\/a><\/p>\n","protected":false},"author":2,"featured_media":3770,"parent":0,"menu_order":0,"comment_status":"closed","ping_status":"closed","template":"page-export-homes.php","meta":{"inline_featured_image":false,"footnotes":""},"class_list":["post-3771","page","type-page","status-publish","has-post-thumbnail","hentry"],"_links":{"self":[{"href":"https:\/\/www.sweethome3d.com\/sl\/wp-json\/wp\/v2\/pages\/3771","targetHints":{"allow":["GET"]}}],"collection":[{"href":"https:\/\/www.sweethome3d.com\/sl\/wp-json\/wp\/v2\/pages"}],"about":[{"href":"https:\/\/www.sweethome3d.com\/sl\/wp-json\/wp\/v2\/types\/page"}],"author":[{"embeddable":true,"href":"https:\/\/www.sweethome3d.com\/sl\/wp-json\/wp\/v2\/users\/2"}],"replies":[{"embeddable":true,"href":"https:\/\/www.sweethome3d.com\/sl\/wp-json\/wp\/v2\/comments?post=3771"}],"version-history":[{"count":2,"href":"https:\/\/www.sweethome3d.com\/sl\/wp-json\/wp\/v2\/pages\/3771\/revisions"}],"predecessor-version":[{"id":9046,"href":"https:\/\/www.sweethome3d.com\/sl\/wp-json\/wp\/v2\/pages\/3771\/revisions\/9046"}],"wp:featuredmedia":[{"embeddable":true,"href":"https:\/\/www.sweethome3d.com\/sl\/wp-json\/wp\/v2\/media\/3770"}],"wp:attachment":[{"href":"https:\/\/www.sweethome3d.com\/sl\/wp-json\/wp\/v2\/media?parent=3771"}],"curies":[{"name":"wp","href":"https:\/\/api.w.org\/{rel}","templated":true}]}}