{"id":2522,"date":"2025-09-18T11:00:31","date_gmt":"2025-09-18T11:00:31","guid":{"rendered":"https:\/\/www.sweethome3d.com\/sweet-home-3d-spletni-upravljalnik\/"},"modified":"2026-02-10T14:02:38","modified_gmt":"2026-02-10T14:02:38","slug":"sweet-home-3d-spletni-upravljalnik","status":"publish","type":"page","link":"https:\/\/www.sweethome3d.com\/sl\/sweet-home-3d-spletni-upravljalnik\/","title":{"rendered":"Online"},"content":{"rendered":"\n<div class=\"wp-block-cover bg-blue-6 max-w-none\" style=\"min-height:700px;aspect-ratio:unset;\"><img decoding=\"async\" width=\"1024\" height=\"466\" class=\"wp-block-cover__image-background wp-image-3445 size-large lazyload\" alt=\"\" data-src=\"https:\/\/www.sweethome3d.com\/wp-content\/uploads\/2025\/11\/Blueprint-Style-Poster-1-1-1-1024x466.png\" data-object-fit=\"cover\" data-srcset=\"https:\/\/www.sweethome3d.com\/wp-content\/uploads\/2025\/11\/Blueprint-Style-Poster-1-1-1-1024x466.png 1024w, https:\/\/www.sweethome3d.com\/wp-content\/uploads\/2025\/11\/Blueprint-Style-Poster-1-1-1-300x137.png 300w, https:\/\/www.sweethome3d.com\/wp-content\/uploads\/2025\/11\/Blueprint-Style-Poster-1-1-1-198x90.png 198w, https:\/\/www.sweethome3d.com\/wp-content\/uploads\/2025\/11\/Blueprint-Style-Poster-1-1-1-768x350.png 768w, https:\/\/www.sweethome3d.com\/wp-content\/uploads\/2025\/11\/Blueprint-Style-Poster-1-1-1-1536x699.png 1536w, https:\/\/www.sweethome3d.com\/wp-content\/uploads\/2025\/11\/Blueprint-Style-Poster-1-1-1.png 2048w\" data-sizes=\"(max-width: 1024px) 100vw, 1024px\" src=\"data:image\/svg+xml;base64,PHN2ZyB3aWR0aD0iMSIgaGVpZ2h0PSIxIiB4bWxucz0iaHR0cDovL3d3dy53My5vcmcvMjAwMC9zdmciPjwvc3ZnPg==\" style=\"--smush-placeholder-width: 1024px; --smush-placeholder-aspect-ratio: 1024\/466;\" \/><span aria-hidden=\"true\" class=\"wp-block-cover__background has-background-dim-0 has-background-dim\" style=\"background-color:#564e47\"><\/span><div class=\"wp-block-cover__inner-container is-layout-flow wp-block-cover-is-layout-flow\">\n<div style=\"height:64px\" aria-hidden=\"true\" class=\"wp-block-spacer\"><\/div>\n\n\n\n<div class=\"wp-block-group  max-w-3xl mx-auto is-vertical is-content-justification-center is-layout-flex wp-container-core-group-is-layout-4b2eccd6 wp-block-group-is-layout-flex\">\n<div class=\"wp-block-group is-nowrap is-layout-flex wp-container-core-group-is-layout-ad2f72ca wp-block-group-is-layout-flex\">\n<h1 class=\"wp-block-heading has-text-align-center font-sf-pro\"><img decoding=\"async\" width=\"42\" height=\"48\" class=\"wp-image-930 lazyload\" style=\"--smush-placeholder-width: 42px; --smush-placeholder-aspect-ratio: 42\/48;width: 42px;\" data-src=\"https:\/\/www.sweethome3d.com\/wp-content\/uploads\/2025\/11\/image-7.png\" alt=\"\" src=\"data:image\/svg+xml;base64,PHN2ZyB3aWR0aD0iMSIgaGVpZ2h0PSIxIiB4bWxucz0iaHR0cDovL3d3dy53My5vcmcvMjAwMC9zdmciPjwvc3ZnPg==\" \/> Sweet Home 3D spletni upravljalnik<\/h1>\n<\/div>\n\n\n\n<div style=\"height:60px\" aria-hidden=\"true\" class=\"wp-block-spacer wp-container-content-1ac3d91d\"><\/div>\n\n\n\n<p class=\"has-text-align-center font-sf-pro has-3-xl-font-size\" style=\"font-style:normal;font-weight:500\">Na\u010drtuj svoj dom neposredno iz brskalnika<\/p>\n\n\n\n<div style=\"height:60px\" aria-hidden=\"true\" class=\"wp-block-spacer wp-container-content-1ac3d91d\"><\/div>\n\n\n\n<div class=\"wp-block-buttons is-layout-flex wp-block-buttons-is-layout-flex\">\n<div class=\"wp-block-button\" data-action=\"wce_online_testonline_hyperlink\"><a class=\"wp-block-button__link has-blue-pure-background-color has-background wp-element-button\" href=\"\/SweetHome3DJSOnline.jsp\" style=\"font-style:normal;font-weight:500\">Preizkusi demo razli\u010dico zdaj <img decoding=\"async\" width=\"24\" height=\"24\" class=\"wp-image-681 lazyload\" style=\"--smush-placeholder-width: 24px; --smush-placeholder-aspect-ratio: 24\/24;width: 24px;\" data-src=\"https:\/\/www.sweethome3d.com\/wp-content\/uploads\/2025\/10\/arrow.png\" alt=\"\" src=\"data:image\/svg+xml;base64,PHN2ZyB3aWR0aD0iMSIgaGVpZ2h0PSIxIiB4bWxucz0iaHR0cDovL3d3dy53My5vcmcvMjAwMC9zdmciPjwvc3ZnPg==\" \/><\/a><\/div>\n<\/div>\n<\/div>\n<\/div><\/div>\n\n<div style=\"height:100px\" aria-hidden=\"true\" class=\"wp-block-spacer\"><\/div>\n\n<div class=\"wp-block-group alignwide gap-section is-layout-grid wp-container-core-group-is-layout-a2ecc09a wp-block-group-is-layout-grid\">\n<figure class=\"wp-block-video rounded-2xl overflow-hidden wp-container-content-ca36d4c3\"><video height=\"1332\" style=\"aspect-ratio: 1332 \/ 1332;\" width=\"1332\" autoplay=\"\" loop=\"\" muted=\"\" poster=\"https:\/\/www.sweethome3d.com\/wp-content\/uploads\/2025\/11\/Frame-265-1.png\" src=\"https:\/\/www.sweethome3d.com\/wp-content\/uploads\/2025\/11\/video-3.mp4\" playsinline=\"\"><\/video><\/figure>\n\n\n\n<div class=\"wp-block-group wp-container-content-ca36d4c3 is-vertical is-content-justification-left is-layout-flex wp-container-core-group-is-layout-0d4b66b7 wp-block-group-is-layout-flex\">\n<h2 class=\"wp-block-heading font-sf-pro wp-container-content-e29552f7\" style=\"font-style:normal;font-weight:600\">Preizkusi Sweet Home 3D JS na spletu kot demo razli\u010dico<\/h2>\n\n\n\n<p>Spletni upravljalnik <a href=\"https:\/\/www.sweethome3d.com\/sl\/\">Sweet Home 3D<\/a> je zmogljiva storitev za notranje oblikovanje, ki ti omogo\u010da, da na\u010drtuje\u0161 svoj dom na spletu neposredno iz brskalnika, brez potrebe po namestitvi. Spletna razli\u010dica ponuja mo\u017enost preizkusa Sweet Home 3D pred prenosom. <\/p>\n\n\n\n<div style=\"height:0px;width:0px\" aria-hidden=\"true\" class=\"wp-block-spacer wp-container-content-1ac3d91d\"><\/div>\n\n\n\n<div class=\"wp-block-buttons is-layout-flex wp-block-buttons-is-layout-flex\">\n<div class=\"wp-block-button\" data-action=\"wce_online_testonline_hyperlink\"><a class=\"wp-block-button__link has-blue-pure-background-color has-background wp-element-button\" href=\"\/SweetHome3DJSOnline.jsp\" style=\"font-style:normal;font-weight:500\">Preizkusi Sweet Home 3D JS na spletu kot demo razli\u010dico <img decoding=\"async\" width=\"24\" height=\"24\" class=\"wp-image-681 lazyload\" style=\"--smush-placeholder-width: 24px; --smush-placeholder-aspect-ratio: 24\/24;width: 24px;\" data-src=\"https:\/\/www.sweethome3d.com\/wp-content\/uploads\/2025\/10\/arrow.png\" alt=\"\" src=\"data:image\/svg+xml;base64,PHN2ZyB3aWR0aD0iMSIgaGVpZ2h0PSIxIiB4bWxucz0iaHR0cDovL3d3dy53My5vcmcvMjAwMC9zdmciPjwvc3ZnPg==\" \/><\/a><\/div>\n<\/div>\n\n\n\n<div style=\"height:0px;width:0px\" aria-hidden=\"true\" class=\"wp-block-spacer wp-container-content-1ac3d91d\"><\/div>\n\n\n\n<p>\u010ce uporablja\u0161 razli\u010dico Sweet Home 3D, ki je na voljo za <a href=\"https:\/\/www.sweethome3d.com\/sl\/prenos\/\">prenos<\/a>, lahko tudi <a href=\"https:\/\/www.sweethome3d.com\/sl\/uporabniski-vodnik-za-sweet-home-3d\/#importing-home-blueprint\">uvozi\u0161<\/a> datoteko doma, ki si jo oblikoval, <a href=\"https:\/\/www.sweethome3d.com\/sl\/uporabniski-vodnik-za-sweet-home-3d\/#editing-3d-view\">si jo ogleda\u0161 v 2D \/ 3D<\/a>, jo spremeni\u0161 in <a href=\"https:\/\/www.sweethome3d.com\/sl\/uporabniski-vodnik-za-sweet-home-3d\/#export-to-obj-format\">izvozi\u0161<\/a> s tem orodjem \u2014 s \u010dimer postane priro\u010den generator tlorisov in programska oprema za notranje risanje.<br\/><br\/><a href=\"#download\">Prenesi polno razli\u010dico<\/a> za dostop do ve\u010d kot 10.000 <a href=\"https:\/\/www.sweethome3d.com\/sl\/uvoz-3d-modelov\/\">3D modelov<\/a>, 400 <a href=\"https:\/\/www.sweethome3d.com\/sl\/uvoz-tekstur\/\">tekstur<\/a>, in mo\u017enost dodajanja edinstvenih funkcionalnosti za resni\u010dno prilagojeno <a href=\"https:\/\/www.sweethome3d.com\/sl\/uporabniski-vodnik-za-sweet-home-3d\/#starting-a-new-home\">oblikovalsko izku\u0161njo.<\/a><\/p>\n\n\n\n<div style=\"height:0px;width:0px\" aria-hidden=\"true\" class=\"wp-block-spacer wp-container-content-1ac3d91d\"><\/div>\n\n\n\n<div class=\"wp-block-buttons is-layout-flex wp-block-buttons-is-layout-flex\">\n<div class=\"wp-block-button font-inter\" data-append-os=\"true\" data-action=\"wce_online_download_direct\"><a class=\"wp-block-button__link has-white-color has-blue-pure-background-color has-text-color has-background has-link-color has-lg-font-size has-custom-font-size wp-element-button\" href=\"#download\" style=\"font-style:normal;font-weight:600\"><img decoding=\"async\" width=\"20\" height=\"20\" class=\"wp-image-641 lazyload\" style=\"--smush-placeholder-width: 20px; --smush-placeholder-aspect-ratio: 20\/20;width: 20px;\" data-src=\"https:\/\/www.sweethome3d.com\/wp-content\/uploads\/2025\/10\/Download.png\" alt=\"\" src=\"data:image\/svg+xml;base64,PHN2ZyB3aWR0aD0iMSIgaGVpZ2h0PSIxIiB4bWxucz0iaHR0cDovL3d3dy53My5vcmcvMjAwMC9zdmciPjwvc3ZnPg==\" \/> Prenesi Sweet Home 3D<\/a><\/div>\n<\/div>\n<\/div>\n<\/div>\n\n<div style=\"height:100px\" aria-hidden=\"true\" class=\"wp-block-spacer\"><\/div>\n\n<div class=\"wp-block-group alignwide gap-section is-layout-grid wp-container-core-group-is-layout-a2ecc09a wp-block-group-is-layout-grid\">\n<div class=\"wp-block-group wp-container-content-ca36d4c3 is-vertical is-content-justification-left is-layout-flex wp-container-core-group-is-layout-0d4b66b7 wp-block-group-is-layout-flex\">\n<h2 class=\"wp-block-heading font-sf-pro wp-container-content-e29552f7\" style=\"font-style:normal;font-weight:600\">Kako uporabljati Sweet Home 3D JS na spletu<\/h2>\n\n\n\n<p>Spletni upravljalnik Sweet Home 3D je storitev, ki ti omogo\u010da, da na\u010drtuje\u0161 svoj dom na spletu s katerim koli brskalnikom, zdru\u017eljivim z <a href=\"https:\/\/caniuse.com\/webgl\" target=\"_blank\" rel=\"noopener\">WebGL<\/a>.<\/p>\n\n\n\n<p>To storitev lahko preizkusi\u0161 s klikom na spodnjo povezavo, \u010de pa \u017eeli\u0161 shraniti svoj na\u010drt, se najprej <a href=\"\/support\/forum\/registermember\">brezpla\u010dno registrira\u0161<\/a>, nato pa se <a href=\"\/support\/forum\/login?url=https%3A%2F%2Fwww.sweethome3d.com%2FSweetHome3DOnlineManager.jsp&amp;forumLogin=false&amp;lang=en\">prijavi\u0161<\/a>.<\/p>\n<\/div>\n\n\n\n<figure class=\"wp-block-video rounded-2xl overflow-hidden wp-container-content-ca36d4c3\"><video height=\"1332\" style=\"aspect-ratio: 1332 \/ 1332;\" width=\"1332\" autoplay=\"\" loop=\"\" muted=\"\" poster=\"https:\/\/www.sweethome3d.com\/wp-content\/uploads\/2025\/11\/Frame-266.png\" src=\"https:\/\/www.sweethome3d.com\/wp-content\/uploads\/2025\/11\/video-1-2.mp4\" playsinline=\"\"><\/video><\/figure>\n<\/div>\n","protected":false},"excerpt":{"rendered":"<p>Preizkusi Sweet Home 3D JS na spletu kot demo razli\u010dico Spletni upravljalnik Sweet Home 3D je zmogljiva storitev za notranje oblikovanje, ki ti omogo\u010da, da na\u010drtuje\u0161 svoj dom na spletu neposredno iz brskalnika, brez potrebe po namestitvi. Spletna razli\u010dica ponuja mo\u017enost preizkusa Sweet Home 3D pred prenosom. \u010ce uporablja\u0161 razli\u010dico Sweet Home 3D, ki je<a href=\"https:\/\/www.sweethome3d.com\/sl\/sweet-home-3d-spletni-upravljalnik\/\">Continue reading <span class=\"sr-only\">&#8220;Online&#8221;<\/span><\/a><\/p>\n","protected":false},"author":4,"featured_media":2520,"parent":0,"menu_order":0,"comment_status":"closed","ping_status":"closed","template":"page-online.php","meta":{"inline_featured_image":false,"footnotes":""},"class_list":["post-2522","page","type-page","status-publish","has-post-thumbnail","hentry"],"_links":{"self":[{"href":"https:\/\/www.sweethome3d.com\/sl\/wp-json\/wp\/v2\/pages\/2522","targetHints":{"allow":["GET"]}}],"collection":[{"href":"https:\/\/www.sweethome3d.com\/sl\/wp-json\/wp\/v2\/pages"}],"about":[{"href":"https:\/\/www.sweethome3d.com\/sl\/wp-json\/wp\/v2\/types\/page"}],"author":[{"embeddable":true,"href":"https:\/\/www.sweethome3d.com\/sl\/wp-json\/wp\/v2\/users\/4"}],"replies":[{"embeddable":true,"href":"https:\/\/www.sweethome3d.com\/sl\/wp-json\/wp\/v2\/comments?post=2522"}],"version-history":[{"count":15,"href":"https:\/\/www.sweethome3d.com\/sl\/wp-json\/wp\/v2\/pages\/2522\/revisions"}],"predecessor-version":[{"id":26010,"href":"https:\/\/www.sweethome3d.com\/sl\/wp-json\/wp\/v2\/pages\/2522\/revisions\/26010"}],"wp:featuredmedia":[{"embeddable":true,"href":"https:\/\/www.sweethome3d.com\/sl\/wp-json\/wp\/v2\/media\/2520"}],"wp:attachment":[{"href":"https:\/\/www.sweethome3d.com\/sl\/wp-json\/wp\/v2\/media?parent=2522"}],"curies":[{"name":"wp","href":"https:\/\/api.w.org\/{rel}","templated":true}]}}