{"id":11690,"date":"2025-10-01T14:26:57","date_gmt":"2025-10-01T14:26:57","guid":{"rendered":"https:\/\/www.sweethome3d.com\/uvozi-teksture\/"},"modified":"2025-11-03T17:15:59","modified_gmt":"2025-11-03T17:15:59","slug":"uvozi-teksture","status":"publish","type":"page","link":"https:\/\/www.sweethome3d.com\/sl\/uvozi-teksture\/","title":{"rendered":"Uvozi teksture"},"content":{"rendered":"\n<p class=\"has-text-align-center\">Ta stran navaja nekaj virov brezpla\u010dnih teksturnih slik, ki jih lahko uvozi\u0161 v <a href=\"\/\">Sweet Home 3D<\/a>.<\/p>\n<h2 class=\"wp-block-heading\" id=\"razpolozljivi-viri-tekstur\">Razpolo\u017eljivi viri tekstur<\/h2><h3 class=\"wp-block-heading\" id=\"knjiznice-tekstur\"><img loading=\"lazy\" decoding=\"async\" width=\"16\" height=\"12\" src=\"https:\/\/www.sweethome3d.com\/images\/bullet.gif\">Knji\u017enice tekstur<\/h3>\n<p><a href=\"https:\/\/www.sweethome3d.com\/download.jsp\">Sweet Home 3D<\/a> ti omogo\u010da uvoz teksturnih slik posami\u010dno ali v skupinah, shranjenih v datotekah SH3T. Datoteka SH3T je knji\u017enica tekstur z njihovimi opisi, ki jo lahko enostavno namesti\u0161 z dvoklikom nanjo ali z izbiro menijske postavke <em>Pohi\u0161tvo &gt; Uvozi knji\u017enico tekstur<\/em> v <a href=\"https:\/\/www.sweethome3d.com\/sl\/download\/\" data-type=\"page\" data-id=\"396\">Sweet Home 3D<\/a>.<br \/>Naslednje ZIP datoteke vsebujejo datoteko SH3T, ki jo lahko uvozi\u0161 v <a href=\"https:\/\/www.sweethome3d.com\/sl\/download\/\" data-type=\"page\" data-id=\"396\">Sweet Home 3D<\/a>. <\/p>\n\n<ul class=\"wp-block-list\">\n<li><a href=\"https:\/\/sourceforge.net\/projects\/sweethome3d\/files\/SweetHome3D-textures\/Textures-1.3.1\/Textures-Contributions-1.3.1.zip\/download\" target=\"_blank\" rel=\"noopener\">Textures-Contributions-1.3.1.zip<\/a> (1,1 MB &#8211; 57 tekstur &#8211; CC-BY licenca)<\/li>\n\n\n\n<li><a href=\"https:\/\/sourceforge.net\/projects\/sweethome3d\/files\/SweetHome3D-textures\/Textures-1.3.1\/Textures-eTeksScopia-1.3.1.zip\/download\" target=\"_blank\" rel=\"noopener\">Textures-eTeksScopia-1.3.1.zip<\/a> (18,8 MB &#8211; 340 tekstur &#8211; CC-BY licenca)<\/li>\n<\/ul>\n\n<p>Lahko tudi <a href=\"#download\">prenese\u0161 polno razli\u010dico<\/a> z ve\u010d kot 10.000 <a href=\"https:\/\/www.sweethome3d.com\/sl\/uvozi-modele-v-sweet-home-3d-dodaj-poljubno-3d-pohistvo-in-predmete\/\" data-type=\"page\" data-id=\"432\">3D modeli<\/a> in 400 \u017ee vklju\u010denimi teksturami<a href=\"https:\/\/apps.apple.com\/app\/sweet-home-3d\/id669289700\" target=\"_blank\" rel=\"noopener\"><\/a><\/p>\n\n<hr class=\"wp-block-separator has-text-color has-white-color has-alpha-channel-opacity has-white-background-color has-background is-style-wide\" \/>\n\n<div class=\"wp-block-buttons is-layout-flex wp-block-buttons-is-layout-flex\">\n<div class=\"wp-block-button btn-download btn-small\" data-wce-label=\"wce_textures_download_direct\"><a class=\"wp-block-button__link wp-element-button\" href=\"#download\" style=\"text-decoration:underline\"><img loading=\"lazy\" decoding=\"async\" width=\"43\" height=\"42\" class=\"wp-image-390\" style=\"width: 20px\" src=\"https:\/\/www.sweethome3d.com\/wp-content\/uploads\/2025\/09\/download-bottom.svg\" alt=\"\" \/> Prenesi Sweet Home 3D<\/a><\/div>\n<\/div>\n\n<hr class=\"wp-block-separator has-text-color has-white-color has-alpha-channel-opacity has-white-background-color has-background is-style-wide\" \/>\n<div class=\"wp-block-image\">\n<figure class=\"aligncenter size-full\"><img loading=\"lazy\" decoding=\"async\" width=\"600\" height=\"140\" src=\"https:\/\/www.sweethome3d.com\/wp-content\/uploads\/2025\/10\/texturesLibraries.jpg\" alt=\"\" class=\"wp-image-4930\" srcset=\"https:\/\/www.sweethome3d.com\/wp-content\/uploads\/2025\/10\/texturesLibraries.jpg 600w, https:\/\/www.sweethome3d.com\/wp-content\/uploads\/2025\/10\/texturesLibraries-360x84.jpg 360w, https:\/\/www.sweethome3d.com\/wp-content\/uploads\/2025\/10\/texturesLibraries-557x130.jpg 557w, https:\/\/www.sweethome3d.com\/wp-content\/uploads\/2025\/10\/texturesLibraries-400x93.jpg 400w\" sizes=\"auto, (max-width: 600px) 100vw, 600px\" \/><\/figure><\/div>\n<p>Upo\u0161tevaj, da je datoteka SH3T pravzaprav vrsta ZIP datoteke, iz katere lahko izvle\u010de\u0161 posamezne teksturne slike s katerimkoli ZIP orodjem. Po potrebi lahko tudi ustvari\u0161 svoje SH3T datoteke s prenosljivim <a href=\"https:\/\/sourceforge.net\/projects\/sweethome3d\/files\/TexturesLibraryEditor\/TexturesLibraryEditor-2.1.jar\/download\" target=\"_blank\" rel=\"noopener\">Urejevalnikom knji\u017enice tekstur<\/a>. <\/p>\n<h3 class=\"wp-block-heading\" id=\"spletne-strani-s-teksturami\"><img loading=\"lazy\" decoding=\"async\" width=\"16\" height=\"12\" src=\"https:\/\/www.sweethome3d.com\/images\/bullet.gif\">Spletne strani s teksturami<br><a href=\"https:\/\/apps.apple.com\/app\/sweet-home-3d\/id669289700\" data-wce-label=\"wce_textures_download_hyperlink\" target=\"_blank\" rel=\"noopener\"><\/a><\/h3>\n<p>Naslednje strani ponujajo nekaj brezpla\u010dnih teksturnih slik, ki jih podpira \u010darovnik za uvoz tekstur v <a href=\"\/\">Sweet Home 3D<\/a>:<\/p>\n\n<figure class=\"wp-block-flexible-table-block-table is-content-justification-left td-border-0 stars-table\"><table class=\"has-fixed-layout\" style=\"border-width:0\"><tbody><tr><td><img loading=\"lazy\" decoding=\"async\" width=\"12\" height=\"12\" src=\"https:\/\/www.sweethome3d.com\/images\/star.gif\" alt=\"Zvezdica\"><img loading=\"lazy\" decoding=\"async\" width=\"12\" height=\"12\" src=\"https:\/\/www.sweethome3d.com\/images\/star.gif\" alt=\"Zvezdica\"><img loading=\"lazy\" decoding=\"async\" width=\"12\" height=\"12\" src=\"https:\/\/www.sweethome3d.com\/images\/star.gif\" alt=\"Zvezdica\"><\/td><td><a href=\"https:\/\/ambientcg.com\/\" target=\"_blank\" rel=\"noopener\">ambientCG<\/a> (\u0161tevilne brez\u0161ivne teksture, objavljene v javni domeni, na voljo tudi kot SH3T knji\u017enice <a href=\"https:\/\/github.com\/fabien-michel\/sweethome3d-textures-ambientcg\" target=\"_blank\" rel=\"noopener\">tukaj<\/a>)<\/td><\/tr><tr><td><img loading=\"lazy\" decoding=\"async\" width=\"12\" height=\"12\" src=\"https:\/\/www.sweethome3d.com\/images\/star.gif\" alt=\"Zvezdica\"><img loading=\"lazy\" decoding=\"async\" width=\"12\" height=\"12\" src=\"https:\/\/www.sweethome3d.com\/images\/star.gif\" alt=\"Zvezdica\"><\/td><td><a href=\"https:\/\/archivetextures.net\/\" target=\"_blank\" rel=\"noopener\">Archive textures<\/a> (zelo velika izbira)<\/td><\/tr><tr><td><img loading=\"lazy\" decoding=\"async\" width=\"12\" height=\"12\" src=\"https:\/\/www.sweethome3d.com\/images\/star.gif\" alt=\"Zvezdica\"><img loading=\"lazy\" decoding=\"async\" width=\"12\" height=\"12\" src=\"https:\/\/www.sweethome3d.com\/images\/star.gif\" alt=\"Zvezdica\"><\/td><td><a href=\"https:\/\/www.sharetextures.com\/\" target=\"_blank\" rel=\"noopener\">Sharetextures<\/a> (lepe brez\u0161ivne teksture, objavljene v javni domeni)<\/td><\/tr><tr><td><img loading=\"lazy\" decoding=\"async\" width=\"12\" height=\"12\" src=\"https:\/\/www.sweethome3d.com\/images\/star.gif\" alt=\"Zvezdica\"><img loading=\"lazy\" decoding=\"async\" width=\"12\" height=\"12\" src=\"https:\/\/www.sweethome3d.com\/images\/star.gif\" alt=\"Zvezdica\"><\/td><td><a href=\"https:\/\/3dtextures.me\/\" target=\"_blank\" rel=\"noopener\">3D textures<\/a> (\u0161e ena stran z brez\u0161ivnimi teksturami, objavljenimi v javni domeni)<\/td><\/tr><tr><td><img loading=\"lazy\" decoding=\"async\" width=\"12\" height=\"12\" src=\"https:\/\/www.sweethome3d.com\/images\/star.gif\" alt=\"Zvezdica\"><img loading=\"lazy\" decoding=\"async\" width=\"12\" height=\"12\" src=\"https:\/\/www.sweethome3d.com\/images\/star.gif\" alt=\"Zvezdica\"><\/td><td><a href=\"https:\/\/tiled-bg.blogspot.com\/p\/about.html\" target=\"_blank\" rel=\"noopener\">Free Web Gallery of Tile-able Website Backgrounds<\/a> (prilagodljive brez\u0161ivne teksture na voljo pod CC-BY licenco)<\/td><\/tr><tr><td><img loading=\"lazy\" decoding=\"async\" width=\"12\" height=\"12\" src=\"https:\/\/www.sweethome3d.com\/images\/star.gif\" alt=\"Zvezdica\"><img loading=\"lazy\" decoding=\"async\" width=\"12\" height=\"12\" src=\"https:\/\/www.sweethome3d.com\/images\/star.gif\" alt=\"Zvezdica\"><\/td><td><a href=\"https:\/\/www.plaintextures.com\/\" target=\"_blank\" rel=\"noopener\">Plain textures<\/a> (velika izbira tekstur, vendar niso vse brez\u0161ivne)<\/td><\/tr><tr><td><img loading=\"lazy\" decoding=\"async\" width=\"12\" height=\"12\" src=\"https:\/\/www.sweethome3d.com\/images\/star.gif\" alt=\"Zvezdica\"><img loading=\"lazy\" decoding=\"async\" width=\"12\" height=\"12\" src=\"https:\/\/www.sweethome3d.com\/images\/star.gif\" alt=\"Zvezdica\"><\/td><td><a href=\"https:\/\/www.cgtextures.com\/\" target=\"_blank\" rel=\"noopener\">CG Textures<\/a> (velika izbira tekstur, vendar niso vse brez\u0161ivne)<\/td><\/tr><tr><td><img loading=\"lazy\" decoding=\"async\" width=\"12\" height=\"12\" src=\"https:\/\/www.sweethome3d.com\/images\/star.gif\" alt=\"Zvezdica\"><img loading=\"lazy\" decoding=\"async\" width=\"12\" height=\"12\" src=\"https:\/\/www.sweethome3d.com\/images\/star.gif\" alt=\"Zvezdica\"><\/td><td><a href=\"https:\/\/blender-archi.tuxfamily.org\/Textures\" target=\"_blank\" rel=\"noopener\">Blender for Architecture<\/a> (zanimivo za <a href=\"https:\/\/blender-archi.tuxfamily.org\/Textures#Horizontal_maps\" target=\"_blank\" rel=\"noopener\">teksture neba<\/a>)<\/td><\/tr><tr><td><img loading=\"lazy\" decoding=\"async\" width=\"12\" height=\"12\" src=\"https:\/\/www.sweethome3d.com\/images\/star.gif\" alt=\"Zvezdica\"><img loading=\"lazy\" decoding=\"async\" width=\"12\" height=\"12\" src=\"https:\/\/www.sweethome3d.com\/images\/star.gif\" alt=\"Zvezdica\"><\/td><td><a href=\"https:\/\/telias.gr\/textures_menu.html\" target=\"_blank\" rel=\"noopener\">Free the models<\/a> (lepe teksture, ki jih je ustvaril sodelavec Sweet Home 3D)<\/td><\/tr><tr><td><img loading=\"lazy\" decoding=\"async\" width=\"12\" height=\"12\" src=\"https:\/\/www.sweethome3d.com\/images\/star.gif\" alt=\"Zvezdica\"><img loading=\"lazy\" decoding=\"async\" width=\"12\" height=\"12\" src=\"https:\/\/www.sweethome3d.com\/images\/star.gif\" alt=\"Zvezdica\"><\/td><td><a href=\"https:\/\/www.museumtextures.com\/\" target=\"_blank\" rel=\"noopener\">Museum Textures<\/a> (lepa izbira tekstur z nekaj brez\u0161ivnimi)<\/td><\/tr><tr><td><img loading=\"lazy\" decoding=\"async\" width=\"12\" height=\"12\" src=\"https:\/\/www.sweethome3d.com\/images\/star.gif\" alt=\"Zvezdica\"><\/td><td><a href=\"https:\/\/www.alterlinks.com\/textures\/\" target=\"_blank\" rel=\"noopener\">Alterlinks<\/a> (nekaj preprostih tekstur)<\/td><\/tr><tr><td><img loading=\"lazy\" decoding=\"async\" width=\"12\" height=\"12\" src=\"https:\/\/www.sweethome3d.com\/images\/star.gif\" alt=\"Zvezdica\"><\/td><td><a href=\"https:\/\/www.hongkiat.com\/blog\/28-high-resolution-wood-textures-for-designers\/\" target=\"_blank\" rel=\"noopener\">Hongkiat.com<\/a> (lesene teksture, ve\u010dina jih ni brez\u0161ivnih)<\/td><\/tr><tr><td><img loading=\"lazy\" decoding=\"async\" width=\"12\" height=\"12\" src=\"https:\/\/www.sweethome3d.com\/images\/star.gif\" alt=\"Zvezdica\"><\/td><td><a href=\"https:\/\/webdesignledger.com\/freebies\/40-beautiful-patterns-and-textures-for-ornate-backgrounds\" target=\"_blank\" rel=\"noopener\">WDL<\/a> (teksture stenskih vzorcev)<\/td><\/tr><\/tbody><\/table><\/figure>\n\n<p>Za prekrivanje povr\u0161ine s teksturo, ki se ponavlja kot stenski vzorec, raje izberi brez\u0161ivno teksturo.<\/p>\n\n<p>Da se izogne\u0161 zmanj\u0161anju zmogljivosti Sweet Home 3D, ne uva\u017eaj slik z veliko lo\u010dljivostjo (obi\u010dajno slike 256&#215;256 pikslov \u017ee dajo dobre rezultate). \u010ce mora\u0161 zmanj\u0161ati lo\u010dljivost slike, raje izberi bolj\u0161o JPEG kakovost kot ve\u010djo lo\u010dljivost. <\/p>\n\n<p>Prosimo, spo\u0161tuj licence tekstur, ki jih lahko prenese\u0161 s teh spletnih strani.<\/p>\n\n<figure class=\"wp-block-image size-large\"><img loading=\"lazy\" decoding=\"async\" width=\"1024\" height=\"276\" src=\"https:\/\/www.sweethome3d.com\/wp-content\/uploads\/2025\/06\/Textures-1024x276.jpg\" alt=\"Uvozi teksture\" class=\"wp-image-4507\" srcset=\"https:\/\/www.sweethome3d.com\/wp-content\/uploads\/2025\/06\/Textures-1024x276.jpg 1024w, https:\/\/www.sweethome3d.com\/wp-content\/uploads\/2025\/06\/Textures-360x97.jpg 360w, https:\/\/www.sweethome3d.com\/wp-content\/uploads\/2025\/06\/Textures-481x130.jpg 481w, https:\/\/www.sweethome3d.com\/wp-content\/uploads\/2025\/06\/Textures-768x207.jpg 768w, https:\/\/www.sweethome3d.com\/wp-content\/uploads\/2025\/06\/Textures-400x108.jpg 400w, https:\/\/www.sweethome3d.com\/wp-content\/uploads\/2025\/06\/Textures.jpg 1200w\" sizes=\"auto, (max-width: 1024px) 100vw, 1024px\" \/><\/figure>\n\n<hr class=\"wp-block-separator has-text-color has-white-color has-alpha-channel-opacity has-white-background-color has-background\" \/>\n\n<hr class=\"wp-block-separator has-text-color has-white-color has-alpha-channel-opacity has-white-background-color has-background\" \/>\n\n<p class=\"has-text-align-center\">Hvala Hansu Dirksetu za njegovo pomo\u010d<\/p>\n\n<p class=\"has-text-align-center\"><a href=\"mailto:info@sweethome3d.com\">Predlagaj druge strani ali prijavi nedelujo\u010do povezavo<\/a><\/p>\n\n<p class=\"has-text-align-center\"><em><em>Zadnja posodobitev: 23. 1. 2023<\/em><\/em><\/p>\n","protected":false},"excerpt":{"rendered":"<p>Ta stran navaja nekaj virov brezpla\u010dnih teksturnih slik, ki jih lahko uvozi\u0161 v Sweet Home 3D. Razpolo\u017eljivi viri tekstur Knji\u017enice tekstur Sweet Home 3D ti omogo\u010da uvoz teksturnih slik posami\u010dno ali v skupinah, shranjenih v datotekah SH3T. Datoteka SH3T je knji\u017enica tekstur z njihovimi opisi, ki jo lahko enostavno namesti\u0161 z dvoklikom nanjo ali z [&hellip;]<\/p>\n","protected":false},"author":3,"featured_media":11682,"parent":0,"menu_order":0,"comment_status":"closed","ping_status":"closed","template":"","meta":{"inline_featured_image":false,"footnotes":""},"class_list":["post-11690","page","type-page","status-publish","has-post-thumbnail","hentry"],"_links":{"self":[{"href":"https:\/\/www.sweethome3d.com\/sl\/wp-json\/wp\/v2\/pages\/11690","targetHints":{"allow":["GET"]}}],"collection":[{"href":"https:\/\/www.sweethome3d.com\/sl\/wp-json\/wp\/v2\/pages"}],"about":[{"href":"https:\/\/www.sweethome3d.com\/sl\/wp-json\/wp\/v2\/types\/page"}],"author":[{"embeddable":true,"href":"https:\/\/www.sweethome3d.com\/sl\/wp-json\/wp\/v2\/users\/3"}],"replies":[{"embeddable":true,"href":"https:\/\/www.sweethome3d.com\/sl\/wp-json\/wp\/v2\/comments?post=11690"}],"version-history":[{"count":2,"href":"https:\/\/www.sweethome3d.com\/sl\/wp-json\/wp\/v2\/pages\/11690\/revisions"}],"predecessor-version":[{"id":11694,"href":"https:\/\/www.sweethome3d.com\/sl\/wp-json\/wp\/v2\/pages\/11690\/revisions\/11694"}],"wp:featuredmedia":[{"embeddable":true,"href":"https:\/\/www.sweethome3d.com\/sl\/wp-json\/wp\/v2\/media\/11682"}],"wp:attachment":[{"href":"https:\/\/www.sweethome3d.com\/sl\/wp-json\/wp\/v2\/media?parent=11690"}],"curies":[{"name":"wp","href":"https:\/\/api.w.org\/{rel}","templated":true}]}}