{"id":7277,"date":"2025-11-11T14:18:00","date_gmt":"2025-11-11T14:18:00","guid":{"rendered":"https:\/\/www.sweethome3d.com\/doacoes\/"},"modified":"2026-02-10T14:03:17","modified_gmt":"2026-02-10T14:03:17","slug":"doacoes","status":"publish","type":"page","link":"https:\/\/www.sweethome3d.com\/pt-br\/doacoes\/","title":{"rendered":"Doa\u00e7\u00f5es"},"content":{"rendered":"\n<div class=\"wp-block-group is-vertical is-layout-flex wp-container-core-group-is-layout-8cf370e7 wp-block-group-is-layout-flex\">\n<p class=\"has-text-align-left\"><a href=\"\/\">Sweet Home 3D<\/a> ajudou voc\u00ea com sucesso em seu projeto?<br\/>Voc\u00ea gosta do suporte oferecido por este site?<br\/>Voc\u00ea aprecia a falta de an\u00fancios neste site?<\/p>\n\n\n\n<p class=\"has-text-align-left\">Ent\u00e3o\u2026 n\u00e3o hesite mais! Ajude o <a href=\"https:\/\/www.sweethome3d.com\/pt-br\/download\/\">Sweet Home 3D<\/a> e doe para este projeto.<br\/>Ser\u00e1 muito apreciado. <\/p>\n\n\n\n<p class=\"has-text-align-left\">Voc\u00ea s\u00f3 precisa inserir o valor da sua doa\u00e7\u00e3o abaixo<br\/>e clicar no bot\u00e3o <em>Doar<\/em> do Paypal.<\/p>\n\n\n\n<div style=\"height:25px;width:0px\" aria-hidden=\"true\" class=\"wp-block-spacer wp-container-content-c00f5982\"><\/div>\n\n\n\n<p class=\"has-text-align-left\">\n\t<div id=\"donate-button-container\" style=\"text-align:center; margin:0 auto;\">\n\t\t<div id=\"donate-button\" data-action=\"wce_donate\"><\/div>\n\t\t<script src=\"https:\/\/www.paypalobjects.com\/donate\/sdk\/donate-sdk.js\" charset=\"UTF-8\"><\/script>\n\t\t<script>\n\t\t\tPayPal.Donation.Button({\n\t\t\t\tenv: 'production',\n\t\t\t\thosted_button_id: 'Q2F4V9B6WMY7N',\n\t\t\t}).render('#donate-button');\n\t\t<\/script>\n\t<\/div>\n\n\t<\/p>\n<\/div>\n","protected":false},"excerpt":{"rendered":"<p>Sweet Home 3D ajudou voc\u00ea com sucesso em seu projeto?Voc\u00ea gosta do suporte oferecido por este site?Voc\u00ea aprecia a falta de an\u00fancios neste site? Ent\u00e3o\u2026 n\u00e3o hesite mais! Ajude o Sweet Home 3D e doe para este projeto.Ser\u00e1 muito apreciado. Voc\u00ea s\u00f3 precisa inserir o valor da sua doa\u00e7\u00e3o abaixoe clicar no bot\u00e3o Doar do<a href=\"https:\/\/www.sweethome3d.com\/pt-br\/doacoes\/\">Continue reading <span class=\"sr-only\">&#8220;Doa\u00e7\u00f5es&#8221;<\/span><\/a><\/p>\n","protected":false},"author":2,"featured_media":7275,"parent":0,"menu_order":0,"comment_status":"closed","ping_status":"closed","template":"page-resources.php","meta":{"inline_featured_image":false,"footnotes":""},"class_list":["post-7277","page","type-page","status-publish","has-post-thumbnail","hentry"],"_links":{"self":[{"href":"https:\/\/www.sweethome3d.com\/pt-br\/wp-json\/wp\/v2\/pages\/7277","targetHints":{"allow":["GET"]}}],"collection":[{"href":"https:\/\/www.sweethome3d.com\/pt-br\/wp-json\/wp\/v2\/pages"}],"about":[{"href":"https:\/\/www.sweethome3d.com\/pt-br\/wp-json\/wp\/v2\/types\/page"}],"author":[{"embeddable":true,"href":"https:\/\/www.sweethome3d.com\/pt-br\/wp-json\/wp\/v2\/users\/2"}],"replies":[{"embeddable":true,"href":"https:\/\/www.sweethome3d.com\/pt-br\/wp-json\/wp\/v2\/comments?post=7277"}],"version-history":[{"count":1,"href":"https:\/\/www.sweethome3d.com\/pt-br\/wp-json\/wp\/v2\/pages\/7277\/revisions"}],"predecessor-version":[{"id":7280,"href":"https:\/\/www.sweethome3d.com\/pt-br\/wp-json\/wp\/v2\/pages\/7277\/revisions\/7280"}],"wp:featuredmedia":[{"embeddable":true,"href":"https:\/\/www.sweethome3d.com\/pt-br\/wp-json\/wp\/v2\/media\/7275"}],"wp:attachment":[{"href":"https:\/\/www.sweethome3d.com\/pt-br\/wp-json\/wp\/v2\/media?parent=7277"}],"curies":[{"name":"wp","href":"https:\/\/api.w.org\/{rel}","templated":true}]}}