{"id":4169,"date":"2025-09-11T08:47:20","date_gmt":"2025-09-11T08:47:20","guid":{"rendered":"https:\/\/www.sweethome3d.com\/politica-de-privacidade\/"},"modified":"2025-12-03T15:53:52","modified_gmt":"2025-12-03T15:53:52","slug":"politica-de-privacidade","status":"publish","type":"page","link":"https:\/\/www.sweethome3d.com\/pt-br\/politica-de-privacidade\/","title":{"rendered":"Pol\u00edtica de Privacidade"},"content":{"rendered":"\n<p>Space Mushrooms, o propriet\u00e1rio do software e dos direitos autorais do <a href=\"https:\/\/www.sweethome3d.com\/pt-br\/\">Sweet Home 3D<\/a>, bem como do <code>sweethome3d.com<\/code> site, n\u00e3o coleta dados privados no <code>sweethome3d.com<\/code> site, exceto para os usu\u00e1rios <a href=\"\/support\/forum\/registermember\" target=\"_blank\" rel=\"noreferrer noopener\">registrados<\/a> no <a href=\"\/support\/forum\/?lang=en\" target=\"_blank\" rel=\"noreferrer noopener\">f\u00f3rum<\/a>. Os logs de tr\u00e1fego armazenados no servidor n\u00e3o s\u00e3o p\u00fablicos e <code>sweethome3d.com<\/code> n\u00e3o exibe nenhuma publicidade.<br\/>No entanto, a maioria das p\u00e1ginas publicadas no <code>sweethome3d.com<\/code> site exibe o logotipo do Sourceforge, algumas p\u00e1ginas mostram alguns v\u00eddeos hospedados em outros lugares e o f\u00f3rum permite que os usu\u00e1rios compartilhem imagens hospedadas em outros sites. Essas imagens e v\u00eddeos v\u00eam de <code>sourceforge.net<\/code>, <code>youtube.com<\/code>, <code>dailymotion.com<\/code> e outros servidores da web, possivelmente permitindo que os propriet\u00e1rios desses sites rastreiem as visitas dos usu\u00e1rios no <code>sweethome3d.com<\/code> site \u00e0 sua vontade.  <\/p>\n\n<p>Para usu\u00e1rios registrados, os dados armazenados em <code>sweethome3d.com<\/code> consistem em:<\/p>\n\n<ul class=\"wp-block-list pl-16\">\n<li>as informa\u00e7\u00f5es fornecidas no momento do registro (pelo menos um login, uma senha criptografada e um e-mail)<\/li>\n\n\n\n<li>as mensagens postadas no <a href=\"\/support\/forum\/?lang=en\" target=\"_blank\" rel=\"noreferrer noopener\">f\u00f3rum<\/a><\/li>\n\n\n\n<li>as casas online que eles criaram no <a href=\"\/online-manager\/\">Sweet Home 3D Online<\/a> ou exportaram no <a href=\"\/exported-homes-manager\/\">gerenciador de casas exportadas<\/a>.<\/li>\n<\/ul>\n\n<p>Os dados das casas s\u00e3o privados, a menos que o usu\u00e1rio concorde explicitamente em compartilh\u00e1-los publicamente. Cada usu\u00e1rio pode recuperar seus pr\u00f3prios dados ou solicitar sua remo\u00e7\u00e3o, se necess\u00e1rio, escrevendo para <g id=\"gid_0\">info@sweethome3d.com<\/g>. A Space Mushrooms garante que todas as medidas necess\u00e1rias sejam tomadas para garantir que os dados das casas dos usu\u00e1rios gerenciados sob a propriedade anterior do site da eTeks nunca sejam usados para qualquer finalidade sem informar os usu\u00e1rios.  <\/p>\n\n<p><strong>Aplicativos distribu\u00eddos por meio de lojas de terceiros<\/strong><br\/>As informa\u00e7\u00f5es sobre os usu\u00e1rios que <a href=\"https:\/\/www.sweethome3d.com\/pt-br\/download\/\">baixam<\/a> e instalam o Sweet Home 3D ou o Sweet Home 3D Mobile na Mac App Store, App Store, Microsoft Store, Google Play ou Amazon s\u00e3o gerenciadas principalmente por essas empresas. A Space Mushrooms n\u00e3o recebe dados de identifica\u00e7\u00e3o pessoal sobre os usu\u00e1rios dessas plataformas. <\/p>\n\n<p><strong>An\u00e1lise e rastreamento em aplicativos<\/strong><br\/>Nossas vers\u00f5es iOS e macOS do Sweet Home 3D incluem o Firebase Analytics para fins de melhoria do aplicativo. O Firebase Analytics coleta dados como estat\u00edsticas an\u00f4nimas de uso do aplicativo e relat\u00f3rios de falhas. Esses dados n\u00e3o est\u00e3o vinculados \u00e0 sua identidade e s\u00e3o usados exclusivamente para aprimorar a funcionalidade do aplicativo e a experi\u00eancia do usu\u00e1rio. Nenhum dado pessoal, como nomes ou e-mails, \u00e9 coletado por n\u00f3s por meio do Firebase.   <\/p>\n\n<p>Veja tamb\u00e9m o <a href=\"https:\/\/www.sweethome3d.com\/pt-br\/aviso-legal\/\" data-type=\"page\" data-id=\"465\">aviso legal<\/a> para obter mais informa\u00e7\u00f5es sobre a Space Mushrooms e o Sweet Home 3D.<\/p>\n","protected":false},"excerpt":{"rendered":"<p>Space Mushrooms, o propriet\u00e1rio do software e dos direitos autorais do Sweet Home 3D, bem como do sweethome3d.com site, n\u00e3o coleta dados privados no sweethome3d.com site, exceto para os usu\u00e1rios registrados no f\u00f3rum. Os logs de tr\u00e1fego armazenados no servidor n\u00e3o s\u00e3o p\u00fablicos e sweethome3d.com n\u00e3o exibe nenhuma publicidade.No entanto, a maioria das p\u00e1ginas publicadas<a href=\"https:\/\/www.sweethome3d.com\/pt-br\/politica-de-privacidade\/\">Continue reading <span class=\"sr-only\">&#8220;Pol\u00edtica de Privacidade&#8221;<\/span><\/a><\/p>\n","protected":false},"author":4,"featured_media":4168,"parent":0,"menu_order":0,"comment_status":"closed","ping_status":"open","template":"page-resources.php","meta":{"inline_featured_image":false,"footnotes":""},"class_list":["post-4169","page","type-page","status-publish","has-post-thumbnail","hentry"],"_links":{"self":[{"href":"https:\/\/www.sweethome3d.com\/pt-br\/wp-json\/wp\/v2\/pages\/4169","targetHints":{"allow":["GET"]}}],"collection":[{"href":"https:\/\/www.sweethome3d.com\/pt-br\/wp-json\/wp\/v2\/pages"}],"about":[{"href":"https:\/\/www.sweethome3d.com\/pt-br\/wp-json\/wp\/v2\/types\/page"}],"author":[{"embeddable":true,"href":"https:\/\/www.sweethome3d.com\/pt-br\/wp-json\/wp\/v2\/users\/4"}],"replies":[{"embeddable":true,"href":"https:\/\/www.sweethome3d.com\/pt-br\/wp-json\/wp\/v2\/comments?post=4169"}],"version-history":[{"count":1,"href":"https:\/\/www.sweethome3d.com\/pt-br\/wp-json\/wp\/v2\/pages\/4169\/revisions"}],"predecessor-version":[{"id":4170,"href":"https:\/\/www.sweethome3d.com\/pt-br\/wp-json\/wp\/v2\/pages\/4169\/revisions\/4170"}],"wp:featuredmedia":[{"embeddable":true,"href":"https:\/\/www.sweethome3d.com\/pt-br\/wp-json\/wp\/v2\/media\/4168"}],"wp:attachment":[{"href":"https:\/\/www.sweethome3d.com\/pt-br\/wp-json\/wp\/v2\/media?parent=4169"}],"curies":[{"name":"wp","href":"https:\/\/api.w.org\/{rel}","templated":true}]}}