{"id":4096,"date":"2025-09-18T11:56:35","date_gmt":"2025-09-18T11:56:35","guid":{"rendered":"https:\/\/www.sweethome3d.com\/plug-ins-e-ferramentas\/"},"modified":"2026-02-10T14:14:03","modified_gmt":"2026-02-10T14:14:03","slug":"plug-ins-e-ferramentas","status":"publish","type":"page","link":"https:\/\/www.sweethome3d.com\/pt-br\/plug-ins-e-ferramentas\/","title":{"rendered":"Plug-ins e ferramentas"},"content":{"rendered":"\n<h2 class=\"wp-block-heading\" id=\"plug-ins\" style=\"font-style:normal;font-weight:600\">Plug-ins<\/h2>\n\n<p>A tabela a seguir lista os plug-ins mais interessantes fornecidos pela Space Mushrooms ou pelos desenvolvedores que os propuseram no sistema de rastreamento <a href=\"https:\/\/sourceforge.net\/p\/sweethome3d\/plug-ins\" target=\"_blank\" rel=\"noopener\">Plug-ins Contributions<\/a>. Um plug-in prop\u00f5e <a href=\"https:\/\/www.sweethome3d.com\/pt-br\/recursos-do-sweet-home-3d\/\" data-type=\"link\" data-id=\"https:\/\/www.sweethome3d.com\/features\/\">recursos<\/a> adicionais no <a href=\"https:\/\/www.sweethome3d.com\/pt-br\/download\/\" data-type=\"page\" data-id=\"396\">Sweet Home 3D<\/a> e pode ser instalado com um clique duplo no arquivo SH3P. No Linux, se n\u00e3o funcionar, instale-o com o comando <em>Terminal<\/em> <code><em>path<\/em>\/<em>to<\/em>\/<strong>SweetHome3D<\/strong> <em>path<\/em>\/<em>to<\/em>\/<em>plugin.sh3p<\/em><\/code> ou copie o arquivo SH3P na subpasta <code>.eteks\/sweethome3d\/plugins<\/code> da sua pasta de usu\u00e1rio.<\/p>\n\n<figure class=\"wp-block-flexible-table-block-table alignwide is-content-justification-center is-style-default table-plugins table-overflow-x\"><table class=\"has-fixed-layout\" style=\"border-collapse:collapse;border-color:#F0F0F0\"><thead><tr><th style=\"text-align:center\">Plug-in<\/th><th style=\"text-align:center\">Fornecedor<\/th><th style=\"text-align:center\">Suporte a Desfazer\/Refazer<\/th><th style=\"text-align:center\">Suportado em Java Web Start<\/th><th style=\"text-align:center;width:500px\">Descri\u00e7\u00e3o<\/th><\/tr><\/thead><tbody><tr><td style=\"text-align:left\"><a href=\"\/storage\/plugins\/CopyAsNewFurniturePlugin-1.3.1.sh3p\">CopyAsNewFurniturePlugin-1.3.1.sh3p<\/a><br>(29 kB &#8211; c\u00f3digo fonte inclu\u00eddo)<\/td><td style=\"text-align:center\">Space Mushrooms<\/td><td style=\"text-align:center\">N\/A<\/td><td style=\"text-align:center\">N\u00e3o<\/td><td>Adiciona o item de menu <em>Ferramentas &gt; Copiar como novo m\u00f3vel<\/em> que copia os objetos selecionados no plano como uma nova pe\u00e7a de mobili\u00e1rio para a \u00e1rea de transfer\u00eancia (<a href=\"https:\/\/www.sweethome3d.com\/support\/forum\/viewthread_thread,1331_offset,11\">leia mais<\/a>)<\/td><\/tr><tr><td><a href=\"\/storage\/plugins\/ShapeGenerator-1.2.1.sh3p\">ShapeGenerator-1.2.1.sh3p<\/a><br>(53 kB &#8211; c\u00f3digo fonte inclu\u00eddo)<\/td><td style=\"text-align:center\">Space Mushrooms<\/td><td style=\"text-align:center\">Sim<\/td><td style=\"text-align:center\">N\u00e3o<\/td><td>Adiciona o item de menu <em>Ferramentas &gt; Gerar forma 3D<\/em> que cria uma forma 3D a partir das coordenadas de 8 v\u00e9rtices inseridos pelo usu\u00e1rio (<a href=\"https:\/\/www.sweethome3d.com\/support\/forum\/viewthread_thread,6600\">leia mais<\/a>)<\/td><\/tr><tr><td><a href=\"\/storage\/plugins\/StaircaseGenerator-1.0.1.sh3p\">StaircaseGenerator-1.0.1.sh3p<\/a><br>(150 kB &#8211; c\u00f3digo fonte inclu\u00eddo)<\/td><td style=\"text-align:center\">Space Mushrooms<br><br><\/td><td style=\"text-align:center\">Sim<\/td><td style=\"text-align:center\">N\u00e3o<\/td><td>Adiciona o item de menu <em>Ferramentas &gt; Gerar escada<\/em> que cria a forma 3D de uma escada a partir do n\u00famero de degraus e seu tamanho (<a href=\"https:\/\/www.sweethome3d.com\/support\/forum\/viewthread_thread,12160\">leia mais<\/a>)<\/td><\/tr><tr><td><a href=\"\/storage\/plugins\/TerrainGenerator-1.2.2.sh3p\">TerrainGenerator-1.2.2.sh3p<\/a><br>(111 kB &#8211; c\u00f3digo fonte inclu\u00eddo)<\/td><td style=\"text-align:center\">Space Mushrooms<\/td><td style=\"text-align:center\">Sim<\/td><td style=\"text-align:center\">N\u00e3o<\/td><td>Adiciona o item de menu <em>Ferramentas &gt; Gerar terreno 3D a partir de c\u00f4modos<\/em> que cria uma forma 3D a partir da superf\u00edcie dos c\u00f4modos selecionados deformada pelo usu\u00e1rio (<a href=\"https:\/\/www.sweethome3d.com\/support\/forum\/viewthread_thread,10995\">leia mais<\/a>)<\/td><\/tr><tr><td><a href=\"\/storage\/plugins\/SideView-1.1.1.sh3p\">SideView-1.1.1.sh3p<\/a><br>(44 kB &#8211; c\u00f3digo fonte inclu\u00eddo)<\/td><td style=\"text-align:center\">Space Mushrooms<\/td><td style=\"text-align:center\">N\/A<\/td><td style=\"text-align:center\">N\u00e3o<\/td><td>Adiciona o item de menu <em>Ferramentas &gt; Exibir vista lateral<\/em> que mostra uma vista lateral da casa editada com a possibilidade de salv\u00e1-la (<a href=\"https:\/\/www.sweethome3d.com\/support\/forum\/viewthread_thread,11011\">leia mais<\/a>)<\/td><\/tr><tr><td><a href=\"\/storage\/plugins\/ExportPlanImage-1.0.3.sh3p\">ExportPlanImage-1.0.3.sh3p<\/a><br>(29 kB &#8211; c\u00f3digo fonte inclu\u00eddo)<\/td><td style=\"text-align:center\">Space Mushrooms<\/td><td style=\"text-align:center\">N\/A<\/td><td style=\"text-align:center\">N\u00e3o<\/td><td>Adiciona o item de menu <em>Mob\u00edlia &gt; Exportar planta para imagem<\/em> que exporta uma imagem da planta para formato PNG ou JPEG no tamanho de sua escolha<\/td><\/tr><tr><td><a href=\"\/storage\/plugins\/ExportToSH3F-1.1.1.sh3p\">ExportToSH3F-1.1.1.sh3p<\/a><br>(32 kB &#8211; c\u00f3digo fonte inclu\u00eddo)<\/td><td style=\"text-align:center\">Space Mushrooms<\/td><td style=\"text-align:center\">N\/A<\/td><td style=\"text-align:center\">N\u00e3o<\/td><td>Adiciona o item de menu <em>Mob\u00edlia &gt; Exportar m\u00f3veis importados para SH3F<\/em> que exporta todos os m\u00f3veis importados no cat\u00e1logo do <a href=\"https:\/\/www.sweethome3d.com\/pt-br\/\">Sweet Home 3D<\/a> para um arquivo SH3F (<a href=\"https:\/\/www.sweethome3d.com\/support\/forum\/viewthread_thread,966_offset,5\">leia mais<\/a>)<\/td><\/tr><tr><td><a href=\"\/storage\/plugins\/ExportToSH3T-1.1.1.sh3p\">ExportToSH3T-1.1.1.sh3p<\/a><br>(30 kB &#8211; c\u00f3digo fonte inclu\u00eddo)<\/td><td style=\"text-align:center\">Space Mushrooms<\/td><td style=\"text-align:center\">N\/A<\/td><td style=\"text-align:center\">N\u00e3o<\/td><td>Adiciona o item de menu <em>Mob\u00edlia &gt; Exportar texturas importadas para SH3T<\/em> que exporta todas as texturas importadas no cat\u00e1logo do Sweet Home 3D para um arquivo SH3T (<a href=\"https:\/\/www.sweethome3d.com\/support\/forum\/viewthread_thread,12391\">leia mais<\/a>)<\/td><\/tr><tr><td><a href=\"\/storage\/plugins\/ExportToHTML5-1.9.1.sh3p\">ExportToHTML5-1.9.1.sh3p<\/a><br>(391 kB &#8211; c\u00f3digo fonte inclu\u00eddo)<\/td><td style=\"text-align:center\">Space Mushrooms<\/td><td style=\"text-align:center\">N\/A<\/td><td style=\"text-align:center\">N\u00e3o<\/td><td>Adiciona o&nbsp;Item de menu <em>Ferramentas &gt; Exportar para HTML5<\/em> que exporta a visualiza\u00e7\u00e3o 3D da casa editada para uma p\u00e1gina HTML5 visualiz\u00e1vel em qualquer navegador WebGL (<a href=\"https:\/\/www.sweethome3d.com\/support\/forum\/viewthread_thread,6708\">leia mais<\/a>). Esta ferramenta tamb\u00e9m est\u00e1 dispon\u00edvel atrav\u00e9s do&nbsp;<a href=\"https:\/\/www.sweethome3d.com\/exportHomes.jsp\">Gerenciador de casas exportadas<\/a> que permite exportar e hospedar arquivos SH3D no servidor web sweethome3d.com.<\/td><\/tr><tr><td><a href=\"\/storage\/plugins\/UpdateRoadLinesPlugin-1.0.1.sh3p\">UpdateRoadLinesPlugin-1.0.1.sh3p<\/a><br>(70 kB &#8211; c\u00f3digo fonte inclu\u00eddo)<\/td><td style=\"text-align:center\">Space Mushrooms<\/td><td style=\"text-align:center\">Sim<\/td><td style=\"text-align:center\">Sim<\/td><td>Adiciona o item de menu <em>Ferramentas &gt; Modificar estilo de linha de estrada<\/em> que permite ao usu\u00e1rio escolher um <a href=\"https:\/\/fr.wikipedia.org\/wiki\/Signalisation_routi%C3%A8re_horizontale_en_France\" target=\"_blank\" rel=\"noopener\">estilo de linha de estrada francesa<\/a> para as polilinhas selecionadas e sua cor (<a href=\"https:\/\/www.sweethome3d.com\/blog\/2018\/12\/10\/customization_for_the_forensic_police.html\">leia mais<\/a>)<\/td><\/tr><tr><td><a href=\"\/storage\/plugins\/EvidenceMarkerGenerator-1.1.1.sh3p\">EvidenceMarkerGenerator-1.1.1.sh3p<\/a><br>(38 kB &#8211; c\u00f3digo fonte inclu\u00eddo)<\/td><td style=\"text-align:center\">Space Mushrooms<\/td><td style=\"text-align:center\">Sim<\/td><td style=\"text-align:center\">N\u00e3o<\/td><td>Adiciona o item de menu <em>Ferramentas &gt; Adicionar marcador de evid\u00eancia<\/em> capaz de gerar um marcador numerado de evid\u00eancia no item selecionado no plano (<a href=\"https:\/\/www.sweethome3d.com\/blog\/2018\/12\/10\/customization_for_the_forensic_police.html\">leia mais<\/a>)<\/td><\/tr><tr><td><a href=\"https:\/\/sourceforge.net\/p\/sweethome3d\/plug-ins\/_discuss\/thread\/5e6557c2\/fef8\/attachment\/AdvancedEditing.sh3p\" target=\"_blank\" rel=\"noopener\">AdvancedEditing.sh3p<\/a><br>(135 kB &#8211; <a href=\"https:\/\/sourceforge.net\/p\/sweethome3d\/plug-ins\/_discuss\/thread\/5e6557c2\/fef8\/attachment\/AdvancedEditingPlugin-src.zip\" target=\"_blank\" rel=\"noopener\">c\u00f3digo fonte<\/a>)<\/td><td style=\"text-align:center\">Tobias Liefke<\/td><td style=\"text-align:center\">Sim<\/td><td style=\"text-align:center\">Sim<\/td><td>Adiciona os itens de menu&nbsp;<em>Editar &gt; Girar<\/em>,&nbsp;<em>Editar &gt; Mover<\/em>,&nbsp;<em>Editar &gt; Espelhar<\/em>,&nbsp;<em>Editar &gt; Redimensionar, Mob\u00edlia &gt; Elevar<\/em>,&nbsp;<em>Planta &gt; Editar pontos do c\u00f4modo<\/em>,&nbsp;<em>Planta &gt; Conectar paredes<\/em> que permitem modificar os objetos selecionados no plano (<a href=\"https:\/\/www.sweethome3d.com\/support\/forum\/viewthread_thread,1757\">leia mais<\/a>)<\/td><\/tr><tr><td><a href=\"https:\/\/sourceforge.net\/p\/sweethome3d\/plug-ins\/_discuss\/thread\/34cdde5620\/4c8d\/attachment\/Multiplier-2.2.sh3p\" target=\"_blank\" rel=\"noopener\">Multiplier-2.2.sh3p<\/a><br>(176 kB &#8211; c\u00f3digo fonte inclu\u00eddo)<\/td><td style=\"text-align:center\">Dorin Vatavu<\/td><td style=\"text-align:center\">Sim<\/td><td style=\"text-align:center\">Sim<\/td><td>Adiciona o item de menu <em>Ferramentas &gt; Multiplicar<\/em> que permite multiplicar e deslocar os objetos selecionados no plano (<a href=\"https:\/\/www.sweethome3d.com\/support\/forum\/viewthread_thread,10554\">leia mais<\/a>)<\/td><\/tr><tr><td><a href=\"https:\/\/sourceforge.net\/p\/sweethome3d\/plug-ins\/_discuss\/thread\/015d788700\/98fc\/attachment\/AutoDimensioning.sh3p\" target=\"_blank\" rel=\"noopener\">AutoDimensioning.sh3p<\/a><br>(44 kB &#8211; c\u00f3digo fonte inclu\u00eddo)<\/td><td style=\"text-align:center\">Dorin Vatavu<\/td><td style=\"text-align:center\">Sim<\/td><td style=\"text-align:center\">Sim<\/td><td>Adiciona o item de menu <em>Ferramentas &gt; Dimensionamento autom\u00e1tico<\/em> que permite gerar linhas de dimens\u00e3o para toda a planta (<a href=\"https:\/\/www.sweethome3d.com\/support\/forum\/viewthread_thread,10955\">leia mais<\/a>)<\/td><\/tr><tr><td><a href=\"https:\/\/sourceforge.net\/p\/sweethome3d\/plug-ins\/_discuss\/thread\/914cc4be82\/b551\/attachment\/GenerateRoof-4.5.sh3p\" target=\"_blank\" rel=\"noopener\">GenerateRoof-4.5.sh3p<\/a><br>(690 kB &#8211; c\u00f3digo fonte inclu\u00eddo)<\/td><td style=\"text-align:center\">Dorin Vatavu<br><br><\/td><td style=\"text-align:center\">N\/A<\/td><td style=\"text-align:center\">N\u00e3o<\/td><td>Adiciona o item de menu <em>Ferramentas &gt; Gerar telhado<\/em> que permite gerar um telhado com v\u00e1rios \u00e2ngulos de inclina\u00e7\u00e3o a partir da forma do c\u00f4modo selecionado (<a href=\"https:\/\/www.sweethome3d.com\/support\/forum\/viewthread_thread%2C11330\">leia mais<\/a>)<\/td><\/tr><tr><td><a href=\"https:\/\/sourceforge.net\/p\/sweethome3d\/plug-ins\/_discuss\/thread\/182d97c5\/ad56\/attachment\/AdvancedSettingsPhotoRendering-1.4.1.sh3p\" target=\"_blank\" rel=\"noopener\">AdvancedSettings<br>PhotoRendering-1.4.1.sh3p<\/a><br>(52 kB &#8211; c\u00f3digo fonte inclu\u00eddo)<\/td><td style=\"text-align:center\">Enko Nyito<\/td><td style=\"text-align:center\">N\/A<\/td><td style=\"text-align:center\">N\u00e3o<\/td><td>Adiciona o item de menu <em>Ferramentas &gt; Configura\u00e7\u00f5es avan\u00e7adas de renderiza\u00e7\u00e3o de foto<\/em> que permite modificar algumas <a href=\"https:\/\/sourceforge.net\/p\/sweethome3d\/code\/HEAD\/tree\/trunk\/SweetHome3D\/src\/com\/eteks\/sweethome3d\/j3d\/PhotoRenderer.properties\" target=\"_blank\" rel=\"noopener\">propriedades avan\u00e7adas<\/a> usadas pelos renderizadores de foto nos dois melhores n\u00edveis de qualidade (<a href=\"https:\/\/www.sweethome3d.com\/support\/forum\/viewthread_thread,6122_offset,20\">leia mais<\/a>)<\/td><\/tr><tr><td><a href=\"https:\/\/sourceforge.net\/p\/sweethome3d\/plug-ins\/_discuss\/thread\/40b57f75\/5282\/attachment\/PhotoVideoRendering-2.8.zip\" target=\"_blank\" rel=\"noopener\">PhotoVideoRendering-2.8.zip<\/a><br>(15 MB &#8211; arquivo SH3P + c\u00f3digo fonte inclu\u00eddo)<\/td><td style=\"text-align:center\">Enko Nyito<\/td><td style=\"text-align:center\">N\/A<\/td><td style=\"text-align:center\">N\u00e3o<\/td><td>Adiciona o menu <em>Renderiza\u00e7\u00e3o de foto e v\u00eddeo<\/em>, com itens de menu para renderizar fotos e v\u00eddeos com configura\u00e7\u00f5es extras (<a href=\"https:\/\/sourceforge.net\/p\/sweethome3d\/plug-ins\/18\/\" target=\"_blank\" rel=\"noopener\">leia mais<\/a>)<\/td><\/tr><\/tbody><\/table><\/figure>\n\n<p>Para desinstalar um plug-in, remova seu arquivo SH3P da pasta de plug-ins do <a href=\"https:\/\/www.sweethome3d.com\/pt-br\/download\/\" data-type=\"page\" data-id=\"396\">Sweet Home 3D<\/a> e reinicie o aplicativo. Esta pasta \u00e9 mostrada quando voc\u00ea clica em qualquer arquivo SH3P listado na se\u00e7\u00e3o <em>Plug-ins<\/em> do painel <em>Bibliotecas em uso<\/em>. Este \u00faltimo painel \u00e9 exibido clicando no bot\u00e3o <em>Bibliotecas&#8230;<\/em> mostrado na parte inferior da caixa de di\u00e1logo <em>Sobre<\/em> do Sweet Home 3D. Se voc\u00ea quiser programar alguns plug-ins, leia o <a href=\"https:\/\/www.sweethome3d.com\/pt-br\/guia-do-desenvolvedor-de-plug-ins\/\" data-type=\"page\" data-id=\"4964\">Guia do desenvolvedor de plug-ins<\/a>.   <\/p>\n\n<div style=\"height:50px\" aria-hidden=\"true\" class=\"wp-block-spacer\"><\/div>\n\n<h2 class=\"wp-block-heading\" id=\"tools\" style=\"font-style:normal;font-weight:600\">Ferramentas<\/h2>\n\n<p>A tabela a seguir lista algumas ferramentas adicionais fornecidas pela Space Mushrooms \u00fateis para o <a href=\"https:\/\/www.sweethome3d.com\/pt-br\/download\/\" data-type=\"page\" data-id=\"396\">Sweet Home 3D<\/a>. Estas ferramentas est\u00e3o dispon\u00edveis como arquivos execut\u00e1veis Jar que podem ser iniciados com um duplo clique depois que o <a href=\"https:\/\/www.java.com\/\" target=\"_blank\" rel=\"noopener\">Java<\/a> estiver instalado no seu sistema. No macOS, o primeiro lan\u00e7amento de um arquivo execut\u00e1vel Jar baixado da Internet deve ser feito clicando no arquivo Jar enquanto mant\u00e9m pressionada a tecla <em>ctrl<\/em>, ent\u00e3o escolhendo <em>Abrir<\/em> no menu contextual que aparecer\u00e1.  <\/p>\n\n<figure class=\"wp-block-flexible-table-block-table alignwide is-content-justification-center table-tools table-overflow-x\"><table class=\"has-fixed-layout\" style=\"border-collapse:collapse\"><thead><tr><th style=\"text-align:center\">Ferramenta<\/th><th style=\"text-align:center;width:500px\">Descri\u00e7\u00e3o<\/th><\/tr><\/thead><tbody><tr><td style=\"text-align:left\"><a href=\"https:\/\/sourceforge.net\/projects\/sweethome3d\/files\/FurnitureLibraryEditor\/FurnitureLibraryEditor-2.2.jar\/download\" target=\"_blank\" rel=\"noopener\">FurnitureLibraryEditor-2.2.jar<\/a><br>(14.4 MB &#8211; <a href=\"https:\/\/sourceforge.net\/projects\/sweethome3d\/files\/FurnitureLibraryEditor-source\/FurnitureLibraryEditor-2.2-src.zip\" target=\"_blank\" rel=\"noopener\">c\u00f3digo fonte<\/a>)<\/td><td style=\"width:500px\">Este aplicativo permite criar um arquivo de biblioteca de m\u00f3veis SH3F e editar as propriedades dos modelos 3D que ele cont\u00e9m (<a href=\"https:\/\/www.sweethome3d.com\/support\/forum\/viewthread_thread,1550\">leia mais<\/a>)<\/td><\/tr><tr><td><a href=\"https:\/\/sourceforge.net\/projects\/sweethome3d\/files\/TexturesLibraryEditor\/TexturesLibraryEditor-2.1.jar\/download\" target=\"_blank\" rel=\"noopener\">TexturesLibraryEditor-2.1.jar<\/a><br>(1.2 MB &#8211; <a href=\"https:\/\/sourceforge.net\/projects\/sweethome3d\/files\/TexturesLibraryEditor-source\/TexturesLibraryEditor-2.1-src.zip\" target=\"_blank\" rel=\"noopener\">c\u00f3digo fonte<\/a>)<\/td><td style=\"width:500px\">Este aplicativo permite criar um arquivo de biblioteca de texturas SH3T e editar as propriedades das imagens de textura que ele cont\u00e9m (<a href=\"https:\/\/www.sweethome3d.com\/support\/forum\/viewthread_thread,3502\">leia mais<\/a>)<\/td><\/tr><tr><td><a href=\"\/storage\/downloads\/HugeFileCleaner-1.0.jar\">HugeFileCleaner-1.0.jar<\/a><br>(7 kB &#8211; c\u00f3digo fonte inclu\u00eddo)<\/td><td style=\"width:500px\">Este aplicativo remove entradas in\u00fateis que podem ter aparecido em arquivos SH3D enormes (geralmente maiores que 500 MB) criados com vers\u00f5es do Sweet Home 3D anteriores \u00e0 5.2, quando voc\u00ea usou a lista recente de texturas mostrada na caixa de di\u00e1logo de texturas para copiar texturas dos modelos 3D encontrados no cat\u00e1logo de m\u00f3veis (<a href=\"https:\/\/www.sweethome3d.com\/support\/forum\/viewthread_thread,6331_offset,21\">leia mais<\/a>)<\/td><\/tr><tr><td><a href=\"https:\/\/apps.apple.com\/us\/app\/tape-measure\/id1437807477\" target=\"_blank\" rel=\"noopener\">Trena<\/a><\/td><td style=\"width:500px\">Este aplicativo permite fazer medi\u00e7\u00f5es e criar uma planta precisa da sua casa, escaneando o espa\u00e7o ao seu redor e marcando os cantos dos c\u00f4modos. Voc\u00ea pode ent\u00e3o importar a planta diretamente no Sweet Home 3D para come\u00e7ar a projetar sobre ela. Note que o aplicativo est\u00e1 dispon\u00edvel apenas para iOS por enquanto.<\/td><\/tr><\/tbody><\/table><\/figure>\n\n<p><\/p>\n","protected":false},"excerpt":{"rendered":"<p>Esta p\u00e1gina descreve os principais plug-ins e outras ferramentas dispon\u00edveis para o Sweet Home 3D.<\/p>\n","protected":false},"author":4,"featured_media":4095,"parent":0,"menu_order":0,"comment_status":"closed","ping_status":"closed","template":"page-resources.php","meta":{"inline_featured_image":false,"footnotes":""},"class_list":["post-4096","page","type-page","status-publish","has-post-thumbnail","hentry"],"_links":{"self":[{"href":"https:\/\/www.sweethome3d.com\/pt-br\/wp-json\/wp\/v2\/pages\/4096","targetHints":{"allow":["GET"]}}],"collection":[{"href":"https:\/\/www.sweethome3d.com\/pt-br\/wp-json\/wp\/v2\/pages"}],"about":[{"href":"https:\/\/www.sweethome3d.com\/pt-br\/wp-json\/wp\/v2\/types\/page"}],"author":[{"embeddable":true,"href":"https:\/\/www.sweethome3d.com\/pt-br\/wp-json\/wp\/v2\/users\/4"}],"replies":[{"embeddable":true,"href":"https:\/\/www.sweethome3d.com\/pt-br\/wp-json\/wp\/v2\/comments?post=4096"}],"version-history":[{"count":4,"href":"https:\/\/www.sweethome3d.com\/pt-br\/wp-json\/wp\/v2\/pages\/4096\/revisions"}],"predecessor-version":[{"id":16526,"href":"https:\/\/www.sweethome3d.com\/pt-br\/wp-json\/wp\/v2\/pages\/4096\/revisions\/16526"}],"wp:featuredmedia":[{"embeddable":true,"href":"https:\/\/www.sweethome3d.com\/pt-br\/wp-json\/wp\/v2\/media\/4095"}],"wp:attachment":[{"href":"https:\/\/www.sweethome3d.com\/pt-br\/wp-json\/wp\/v2\/media?parent=4096"}],"curies":[{"name":"wp","href":"https:\/\/api.w.org\/{rel}","templated":true}]}}