{"id":4001,"date":"2025-11-11T13:49:43","date_gmt":"2025-11-11T13:49:43","guid":{"rendered":"https:\/\/www.sweethome3d.com\/licenca\/"},"modified":"2025-12-16T15:39:15","modified_gmt":"2025-12-16T15:39:15","slug":"licenca","status":"publish","type":"page","link":"https:\/\/www.sweethome3d.com\/pt-br\/licenca\/","title":{"rendered":"Licen\u00e7a"},"content":{"rendered":"\n<p><a href=\"https:\/\/www.sweethome3d.com\/pt-br\/\">Sweet Home 3D<\/a>, Copyright (c) 2024 Space Mushrooms &lt;<a href=\"mailto:info@sweethome3d.com\">info@sweethome3d.com<\/a>&gt;<\/p>\n\n<p>A vers\u00e3o gratuita do aplicativo <a href=\"https:\/\/www.sweethome3d.com\/pt-br\/\" data-type=\"page\" data-id=\"278\">Sweet Home 3D<\/a>, os aplicativos <a href=\"\/support\/forum\/viewthread_thread,1550\" target=\"_blank\" rel=\"noreferrer noopener\">Furniture Library Editor<\/a> e <a href=\"\/support\/forum\/viewthread_thread,3502\" target=\"_blank\" rel=\"noreferrer noopener\">Textures Library Editor<\/a>, bem como o <a href=\"https:\/\/sourceforge.net\/p\/sweethome3d\/code\/HEAD\/tree\/trunk\/SweetHome3DJS\/\" target=\"_blank\" rel=\"noreferrer noopener\">Sweet Home 3D JS<\/a> s\u00e3o distribu\u00eddos sob a <a href=\"https:\/\/www.gnu.org\/licenses\/gpl-2.0.txt\" target=\"_blank\" rel=\"noreferrer noopener\">GNU General Public License<\/a>; voc\u00ea pode us\u00e1-los, copi\u00e1-los, redistribu\u00ed-los e\/ou modific\u00e1-los sob os termos dessa licen\u00e7a, conforme publicado pela Free Software Foundation; seja a vers\u00e3o 2 da Licen\u00e7a ou (\u00e0 sua escolha) qualquer vers\u00e3o posterior. Para mais detalhes, leia os termos da <a href=\"https:\/\/www.gnu.org\/licenses\/gpl-2.0.txt\" target=\"_blank\" rel=\"noreferrer noopener\">GNU General Public License<\/a> e suas <a href=\"https:\/\/www.gnu.org\/licenses\/gpl-faq.html\" target=\"_blank\" rel=\"noreferrer noopener\">FAQ<\/a>.<\/p>\n\n<p>Esses programas s\u00e3o distribu\u00eddos na esperan\u00e7a de que sejam \u00fateis, mas SEM QUALQUER GARANTIA; sem mesmo a garantia impl\u00edcita de COMERCIALIZA\u00c7\u00c3O ou ADEQUA\u00c7\u00c3O A UM DETERMINADO PROP\u00d3SITO.<\/p>\n\n<p>A GNU General Public License e outras licen\u00e7as sob as quais o Sweet Home 3D, Sweet Home 3D Mobile, Furniture Library Editor, Textures Library Editor e Sweet Home 3D JS est\u00e3o dispon\u00edveis, permitem que voc\u00ea publique os documentos criados com esses aplicativos, seja para uso pessoal ou comercial, dentro dos limites dos direitos concedidos pelas licen\u00e7as dos modelos 3D e texturas que voc\u00ea importou nos documentos gerados com esses aplicativos.<br\/>Voc\u00ea pode usar e redistribuir os modelos 3D e as texturas dispon\u00edveis nos cat\u00e1logos padr\u00e3o de todas as vers\u00f5es do Sweet Home 3D para uso pessoal ou comercial, bem como os <a href=\"https:\/\/www.sweethome3d.com\/pt-br\/modelos-3d-gratuitos\/\">modelos 3D gratuitos<\/a> hospedados em sweethome3d.com, e as <a href=\"https:\/\/sourceforge.net\/projects\/sweethome3d\/files\/SweetHome3D-models\/\" target=\"_blank\" rel=\"noreferrer noopener\">bibliotecas de m\u00f3veis<\/a> ou <a href=\"https:\/\/sourceforge.net\/projects\/sweethome3d\/files\/SweetHome3D-textures\/\" target=\"_blank\" rel=\"noreferrer noopener\">bibliotecas de texturas<\/a> dispon\u00edveis entre os <a href=\"https:\/\/sourceforge.net\/projects\/sweethome3d\/files\/\" target=\"_blank\" rel=\"noreferrer noopener\">arquivos Sweet Home 3D no SourceForge.net<\/a>. Se voc\u00ea incluir alguns desses modelos 3D e texturas em seus documentos, dever\u00e1 atribuir o autor daqueles que s\u00e3o distribu\u00eddos sob a <a href=\"https:\/\/artlibre.org\/licence\/lal\/en\/\" target=\"_blank\" rel=\"noreferrer noopener\">Free Art License<\/a> ou <a href=\"https:\/\/creativecommons.org\/licenses\/by\/3.0\/\" target=\"_blank\" rel=\"noreferrer noopener\">CC-BY License<\/a>, possivelmente usando um aviso semelhante ao seguinte (incluindo os links para permitir que os usu\u00e1rios encontrem os autores das obras de arte que voc\u00ea usou):<\/p>\n\n<p><em>Projeto desenvolvido com <a href=\"https:\/\/www.sweethome3d.com\/pt-br\/\" data-type=\"page\" data-id=\"278\">Sweet Home 3D<\/a>. Inclui <a href=\"https:\/\/www.sweethome3d.com\/pt-br\/modelos-3d-gratuitos\/\">modelos 3D<\/a> e <a href=\"\/import-textures\/\">texturas<\/a> distribu\u00eddos sob uma licen\u00e7a gratuita.<\/em><\/p>\n\n<p>O uso e a redistribui\u00e7\u00e3o de modelos 3D ou texturas encontrados em outros sites podem ser restritos pela licen\u00e7a sob a qual s\u00e3o distribu\u00eddos, e cabe a voc\u00ea verificar a licen\u00e7a. Por exemplo, os modelos 3D dispon\u00edveis em <a href=\"https:\/\/www.2d3dmodels.com\/3dmodels.htm\" target=\"_blank\" rel=\"noreferrer noopener\">Archibit<\/a> s\u00e3o distribu\u00eddos sob a licen\u00e7a <a href=\"https:\/\/creativecommons.org\/licenses\/by-nc-sa\/2.5\/it\/\" target=\"_blank\" rel=\"noreferrer noopener\">Creative Commons BY-NC-SA<\/a>, que pro\u00edbe o uso de uma obra para fins comerciais, enquanto as se\u00e7\u00f5es 1.B e 2.vi da <a href=\"https:\/\/3dwarehouse.sketchup.com\/tos#license\" target=\"_blank\" rel=\"noreferrer noopener\">General Model License<\/a> para os modelos dispon\u00edveis em <a href=\"https:\/\/3dwarehouse.sketchup.com\/\" target=\"_blank\" rel=\"noreferrer noopener\">Trimble 3D Warehouse<\/a> permitem que voc\u00ea os use para <em>fins comerciais (inclusive para fins comerciais)<\/em>, mas pro\u00edbem <em>agregar qualquer conte\u00fado obtido do Site para redistribui\u00e7\u00e3o<\/em>, uma condi\u00e7\u00e3o que impede a redistribui\u00e7\u00e3o de bibliotecas de m\u00f3veis contendo modelos do 3D Warehouse. <\/p>\n\n<p>A GNU General Public License tamb\u00e9m permite que voc\u00ea redistribua livremente, sob a mesma licen\u00e7a, a vers\u00e3o gratuita do aplicativo Sweet Home 3D, os aplicativos Furniture Library Editor e Textures Library Editor, bem como o Sweet Home 3D JS, se voc\u00ea fornecer os termos da <a href=\"https:\/\/www.gnu.org\/licenses\/gpl-2.0.txt\" target=\"_blank\" rel=\"noreferrer noopener\">GNU General Public License<\/a> com eles e adicionar o seguinte aviso de direitos autorais no local apropriado (com um link para o site <a href=\"\/\">https:\/\/www.sweethome3d.com<\/a>, quando poss\u00edvel):<\/p>\n\n<p><em>Sweet Home 3D, Copyright (c) 2024 Space Mushrooms &lt;info@sweehome3d.com&gt;<\/em><\/p>\n\n<p>Esta regra tamb\u00e9m se aplica ao uso do <a href=\"https:\/\/sourceforge.net\/projects\/sweethome3d\/files\/SweetHome3D-viewer\/SweetHome3DJSViewer-7.5.2.zip\/download\" target=\"_blank\" rel=\"noreferrer noopener\">Sweet Home 3D JS Viewer<\/a> ou da <a href=\"\/online-manager\/\">vers\u00e3o online<\/a> em seu site, o que \u00e9 uma esp\u00e9cie de redistribui\u00e7\u00e3o.<\/p>\n\n<p><em>Observe que a GNU General Public License pro\u00edbe que desenvolvedores que n\u00e3o possuem os direitos autorais do Sweet Home 3D criem programas propriet\u00e1rios derivados deste software ou que o incorporem em programas propriet\u00e1rios.<\/em><\/p>\n\n<p><em>Se voc\u00ea estiver interessado no Sweet Home 3D para tal uso, por favor, escreva para <a href=\"mailto:info@sweethome3d.com\">info@sweethome3d.com<\/a> para obter informa\u00e7\u00f5es sobre as outras licen\u00e7as dispon\u00edveis que podem atender \u00e0s suas necessidades.<\/em><\/p>\n\n<p>O Sweet Home 3D tamb\u00e9m inclui as seguintes bibliotecas distribu\u00eddas sob licen\u00e7as menos restritivas do que a GNU GPL:<\/p>\n\n<ul class=\"wp-block-list pl-16\">\n<li>Biblioteca Java 3D distribu\u00edda sob a <a href=\"https:\/\/www.opensource.org\/licenses\/bsd-license.php\" target=\"_blank\" rel=\"noreferrer noopener\">licen\u00e7a BSD<\/a> e <a href=\"https:\/\/openjdk.java.net\/legal\/gplv2+ce.html\" target=\"_blank\" rel=\"noreferrer noopener\">GNU General Public License com a Classpath Exception<\/a>,<\/li>\n\n\n\n<li>Biblioteca <a href=\"https:\/\/java.sun.com\/javase\/technologies\/desktop\/media\/jmf\/\" target=\"_blank\" rel=\"noreferrer noopener\">Java Media Framework<\/a> distribu\u00edda sob a <a href=\"https:\/\/java.sun.com\/javase\/technologies\/desktop\/media\/jmf\/2.1.1\/license.html\" target=\"_blank\" rel=\"noreferrer noopener\">JMF 2.1.1 Binary Code License<\/a>,<\/li>\n\n\n\n<li>Biblioteca de impress\u00e3o PDF <a href=\"https:\/\/www.lowagie.com\/iText\/\" target=\"_blank\" rel=\"noreferrer noopener\">iText<\/a> vers\u00e3o 2.1.7 distribu\u00edda sob a <a href=\"https:\/\/www.gnu.org\/licenses\/old-licenses\/lgpl-2.1.txt\" target=\"_blank\" rel=\"noreferrer noopener\">GNU Lesser General Public License<\/a>,<\/li>\n\n\n\n<li>Biblioteca de exporta\u00e7\u00e3o SVG <a href=\"https:\/\/java.freehep.org\/\" target=\"_blank\" rel=\"noreferrer noopener\">FreeHep<\/a> distribu\u00edda sob a <a href=\"https:\/\/www.gnu.org\/licenses\/old-licenses\/lgpl-2.1.txt\" target=\"_blank\" rel=\"noreferrer noopener\">GNU Lesser General Public License<\/a>,<\/li>\n\n\n\n<li>Biblioteca de compila\u00e7\u00e3o de caminho SVG <a href=\"https:\/\/xmlgraphics.apache.org\/batik\/\" target=\"_blank\" rel=\"noreferrer noopener\">Batik<\/a> <a href=\"https:\/\/xmlgraphics.apache.org\/batik\/\" target=\"_blank\" rel=\"noreferrer noopener\"><\/a> distribu\u00edda sob a <a href=\"https:\/\/xmlgraphics.apache.org\/batik\/license.html\" target=\"_blank\" rel=\"noreferrer noopener\">Apache License<\/a>,<\/li>\n\n\n\n<li>Biblioteca <a href=\"https:\/\/www.eteks.com\/jeks\/\" target=\"_blank\" rel=\"noreferrer noopener\">Calculadora Jeks Parser<\/a> para suporte a express\u00f5es matem\u00e1ticas distribu\u00edda sob a <a href=\"https:\/\/www.gnu.org\/licenses\/old-licenses\/lgpl-2.1.txt\" target=\"_blank\" rel=\"noreferrer noopener\">GNU Lesser General Public License<\/a>,<\/li>\n\n\n\n<li>Biblioteca de renderiza\u00e7\u00e3o de ilumina\u00e7\u00e3o global <a href=\"https:\/\/sunflow.sourceforge.net\/\" target=\"_blank\" rel=\"noreferrer noopener\">SunFlow<\/a> distribu\u00edda sob a <a href=\"https:\/\/www.opensource.org\/licenses\/mit-license.php\" target=\"_blank\" rel=\"noreferrer noopener\">licen\u00e7a MIT<\/a>,<\/li>\n\n\n\n<li>Biblioteca de renderiza\u00e7\u00e3o <a href=\"https:\/\/github.com\/YafaRay\" target=\"_blank\" rel=\"noreferrer noopener\">YafaRay<\/a> distribu\u00edda sob a <a href=\"https:\/\/www.gnu.org\/licenses\/old-licenses\/lgpl-2.1.txt\" target=\"_blank\" rel=\"noreferrer noopener\">GNU Lesser General Public License<\/a><a href=\"https:\/\/www.opensource.org\/licenses\/mit-license.php\" target=\"_blank\" rel=\"noreferrer noopener\"><\/a>,<\/li>\n\n\n\n<li><a href=\"https:\/\/www.sweethome3d.com\/pt-br\/modelos-3d-gratuitos\/\">Modelos 3D<\/a> e texturas dispon\u00edveis nos cat\u00e1logos da vers\u00e3o gratuita s\u00e3o distribu\u00eddos sob GNU GPL ou <a>CC-BY License<\/a>,<\/li>\n\n\n\n<li>os <a href=\"https:\/\/www.sweethome3d.com\/pt-br\/modelos-3d-gratuitos\/\">modelos 3D<\/a> e <a href=\"https:\/\/www.sweethome3d.com\/import-textures\/\">texturas<\/a> adicionais dispon\u00edveis nos cat\u00e1logos das vers\u00f5es da <a href=\"https:\/\/apps.apple.com\/app\/sweet-home-3d\/id669289700\" target=\"_blank\" rel=\"noreferrer noopener\">Mac App Store<\/a>, <a href=\"https:\/\/apps.microsoft.com\/detail\/9nblggh2smtq\" target=\"_blank\" rel=\"noreferrer noopener\">Microsoft Store<\/a> e <a href=\"https:\/\/www.amazon.com\/gp\/product\/B00NLVKPDM\" target=\"_blank\" rel=\"noreferrer noopener\">Amazon Store<\/a> s\u00e3o distribu\u00eddos sob a <a href=\"https:\/\/artlibre.org\/licence\/lal\/en\" target=\"_blank\" rel=\"noreferrer noopener\">Free Art Licence<\/a>, <a href=\"https:\/\/creativecommons.org\/licenses\/by\/3.0\/\" target=\"_blank\" rel=\"noreferrer noopener\">CC-BY License<\/a> ou est\u00e3o dispon\u00edveis em dom\u00ednio p\u00fablico, dependendo dos modelos.<\/li>\n<\/ul>\n\n<p>O Sweet Home 3D JS tamb\u00e9m depende das seguintes bibliotecas:<\/p>\n\n<ul class=\"wp-block-list pl-16\">\n<li>Biblioteca <a href=\"https:\/\/stuk.github.io\/jszip\/\" target=\"_blank\" rel=\"noreferrer noopener\">JSZip<\/a> distribu\u00edda sob a <a href=\"https:\/\/github.com\/Stuk\/jszip\/blob\/master\/LICENSE.markdown\" target=\"_blank\" rel=\"noreferrer noopener\">licen\u00e7a MIT<\/a>,<\/li>\n\n\n\n<li>Biblioteca <a href=\"https:\/\/glmatrix.net\/\" target=\"_blank\" rel=\"noreferrer noopener\">glMatrix<\/a> distribu\u00edda sob a <a href=\"https:\/\/github.com\/toji\/gl-matrix\/blob\/master\/LICENSE.md\" target=\"_blank\" rel=\"noreferrer noopener\">licen\u00e7a MIT<\/a>,<\/li>\n\n\n\n<li>Biblioteca <a href=\"https:\/\/github.com\/MikeMcl\/big.js\/\" target=\"_blank\" rel=\"noreferrer noopener\">big.js<\/a> distribu\u00edda sob a <a href=\"https:\/\/github.com\/MikeMcl\/big.js\/blob\/main\/LICENCE.md\" target=\"_blank\" rel=\"noreferrer noopener\">licen\u00e7a MIT<\/a>,<\/li>\n\n\n\n<li>Biblioteca <a href=\"https:\/\/github.com\/ndebeiss\/jsXmlSaxParser\" target=\"_blank\" rel=\"noreferrer noopener\">jsXmlSaxParser<\/a> distribu\u00edda sob a <a href=\"https:\/\/raw.githubusercontent.com\/ndebeiss\/jsXmlSaxParser\/master\/LICENSE\" target=\"_blank\" rel=\"noreferrer noopener\">licen\u00e7a Apache<\/a>,<\/li>\n\n\n\n<li>Tradu\u00e7\u00e3o JavaScript da classe <code>Triangulator<\/code> na biblioteca <a href=\"https:\/\/github.com\/hharrison\/java3d-utils\" target=\"_blank\" rel=\"noreferrer noopener\">Java 3D utils<\/a> distribu\u00edda sob a <a href=\"https:\/\/github.com\/hharrison\/java3d-utils\/blob\/master\/LICENSE.txt\" target=\"_blank\" rel=\"noreferrer noopener\">licen\u00e7a BSD<\/a>,<\/li>\n\n\n\n<li>Tradu\u00e7\u00e3o JavaScript da biblioteca de compila\u00e7\u00e3o de caminho SVG <a href=\"https:\/\/xmlgraphics.apache.org\/batik\/\" target=\"_blank\" rel=\"noreferrer noopener\">Batik<\/a> distribu\u00edda sob a <a href=\"https:\/\/xmlgraphics.apache.org\/batik\/license.html\" target=\"_blank\" rel=\"noreferrer noopener\">Apache License<\/a>,<\/li>\n\n\n\n<li>Biblioteca <a href=\"https:\/\/github.com\/stleary\/JSON-java\" target=\"_blank\" rel=\"noreferrer noopener\">JSON.org<\/a> distribu\u00edda sob a <a href=\"https:\/\/github.com\/stleary\/JSON-java\/blob\/master\/LICENSE\" target=\"_blank\" rel=\"noreferrer noopener\">licen\u00e7a gratuita JSON<\/a>,<\/li>\n\n\n\n<li>Tradu\u00e7\u00e3o JavaScript dos pacotes <code>java.awt.geom<\/code> e <code>javax.swing.undo<\/code> na biblioteca <a href=\"https:\/\/openjdk.java.net\/\" target=\"_blank\" rel=\"noreferrer noopener\">OpenJDK<\/a> distribu\u00edda sob a <a href=\"https:\/\/openjdk.java.net\/legal\/gplv2+ce.html\" target=\"_blank\" rel=\"noreferrer noopener\">GNU General Public License com a Classpath Exception<\/a>.<\/li>\n<\/ul>\n","protected":false},"excerpt":{"rendered":"<p>Sweet Home 3D, Copyright (c) 2024 Space Mushrooms &lt;info@sweethome3d.com&gt; A vers\u00e3o gratuita do aplicativo Sweet Home 3D, os aplicativos Furniture Library Editor e Textures Library Editor, bem como o Sweet Home 3D JS s\u00e3o distribu\u00eddos sob a GNU General Public License; voc\u00ea pode us\u00e1-los, copi\u00e1-los, redistribu\u00ed-los e\/ou modific\u00e1-los sob os termos dessa licen\u00e7a, conforme publicado<a href=\"https:\/\/www.sweethome3d.com\/pt-br\/licenca\/\">Continue reading <span class=\"sr-only\">&#8220;Licen\u00e7a&#8221;<\/span><\/a><\/p>\n","protected":false},"author":2,"featured_media":4000,"parent":0,"menu_order":0,"comment_status":"closed","ping_status":"closed","template":"page-resources.php","meta":{"inline_featured_image":false,"footnotes":""},"class_list":["post-4001","page","type-page","status-publish","has-post-thumbnail","hentry"],"_links":{"self":[{"href":"https:\/\/www.sweethome3d.com\/pt-br\/wp-json\/wp\/v2\/pages\/4001","targetHints":{"allow":["GET"]}}],"collection":[{"href":"https:\/\/www.sweethome3d.com\/pt-br\/wp-json\/wp\/v2\/pages"}],"about":[{"href":"https:\/\/www.sweethome3d.com\/pt-br\/wp-json\/wp\/v2\/types\/page"}],"author":[{"embeddable":true,"href":"https:\/\/www.sweethome3d.com\/pt-br\/wp-json\/wp\/v2\/users\/2"}],"replies":[{"embeddable":true,"href":"https:\/\/www.sweethome3d.com\/pt-br\/wp-json\/wp\/v2\/comments?post=4001"}],"version-history":[{"count":3,"href":"https:\/\/www.sweethome3d.com\/pt-br\/wp-json\/wp\/v2\/pages\/4001\/revisions"}],"predecessor-version":[{"id":11893,"href":"https:\/\/www.sweethome3d.com\/pt-br\/wp-json\/wp\/v2\/pages\/4001\/revisions\/11893"}],"wp:featuredmedia":[{"embeddable":true,"href":"https:\/\/www.sweethome3d.com\/pt-br\/wp-json\/wp\/v2\/media\/4000"}],"wp:attachment":[{"href":"https:\/\/www.sweethome3d.com\/pt-br\/wp-json\/wp\/v2\/media?parent=4001"}],"curies":[{"name":"wp","href":"https:\/\/api.w.org\/{rel}","templated":true}]}}