{"id":3761,"date":"2025-11-11T14:14:07","date_gmt":"2025-11-11T14:14:07","guid":{"rendered":"https:\/\/www.sweethome3d.com\/gerenciador-de-casas-exportadas\/"},"modified":"2025-12-15T14:37:04","modified_gmt":"2025-12-15T14:37:04","slug":"gerenciador-de-casas-exportadas","status":"publish","type":"page","link":"https:\/\/www.sweethome3d.com\/pt-br\/gerenciador-de-casas-exportadas\/","title":{"rendered":"Gerenciador de casas exportadas"},"content":{"rendered":"\n<p class=\"has-text-align-center\">Com base no <a href=\"\/support\/forum\/viewthread_thread,6708\" target=\"_blank\" rel=\"noreferrer noopener\">plug-in Exportar para HTML5<\/a>, este servi\u00e7o permite que usu\u00e1rios registrados carreguem seus arquivos do <a href=\"https:\/\/www.sweethome3d.com\/pt-br\/\">Sweet Home 3D<\/a> neste servidor web, para visualiz\u00e1-los em 3D com qualquer navegador compat\u00edvel com WebGL, como neste <a href=\"\/viewHome.jsp?id=1\" target=\"_blank\" rel=\"noreferrer noopener\">exemplo<\/a> mostrado na captura de tela abaixo que exibe o arquivo <em>SweetHome3DExample3.sh3d<\/em> dispon\u00edvel na <a href=\"https:\/\/www.sweethome3d.com\/pt-br\/galeria\/\">galeria<\/a>.<br\/>Se voc\u00ea quiser usar o gerenciador de casas exportadas, <a href=\"\/support\/forum\/registermember\" target=\"_blank\" rel=\"noreferrer noopener\">registre-se<\/a> primeiro nos servi\u00e7os Sweet Home 3D gratuitamente e <a href=\"\/support\/forum\/login?url=https%3A%2F%2Fwww.sweethome3d.com%2FexportHomes.jsp&amp;forumLogin=false&amp;lang=en\" target=\"_blank\" rel=\"noreferrer noopener\">fa\u00e7a login<\/a>.<\/p>\n\n<div style=\"height:50px\" aria-hidden=\"true\" class=\"wp-block-spacer\"><\/div>\n\n<div class=\"wp-block-group is-content-justification-center is-nowrap is-layout-flex wp-container-core-group-is-layout-94bc23d7 wp-block-group-is-layout-flex\">\n<figure class=\"wp-block-image aligncenter size-full\"><img decoding=\"async\" width=\"1788\" height=\"1090\" data-src=\"https:\/\/www.sweethome3d.com\/wp-content\/uploads\/2025\/11\/Frame-327.png\" alt=\"\" class=\"wp-image-972 lazyload\" data-srcset=\"https:\/\/www.sweethome3d.com\/wp-content\/uploads\/2025\/11\/Frame-327.png 1788w, https:\/\/www.sweethome3d.com\/wp-content\/uploads\/2025\/11\/Frame-327-300x183.png 300w, https:\/\/www.sweethome3d.com\/wp-content\/uploads\/2025\/11\/Frame-327-1024x624.png 1024w, https:\/\/www.sweethome3d.com\/wp-content\/uploads\/2025\/11\/Frame-327-148x90.png 148w, https:\/\/www.sweethome3d.com\/wp-content\/uploads\/2025\/11\/Frame-327-768x468.png 768w, https:\/\/www.sweethome3d.com\/wp-content\/uploads\/2025\/11\/Frame-327-1536x936.png 1536w\" data-sizes=\"(max-width: 1788px) 100vw, 1788px\" src=\"data:image\/svg+xml;base64,PHN2ZyB3aWR0aD0iMSIgaGVpZ2h0PSIxIiB4bWxucz0iaHR0cDovL3d3dy53My5vcmcvMjAwMC9zdmciPjwvc3ZnPg==\" style=\"--smush-placeholder-width: 1788px; --smush-placeholder-aspect-ratio: 1788\/1090;\" \/><\/figure>\n<\/div>\n","protected":false},"excerpt":{"rendered":"<p>Com base no plug-in Exportar para HTML5, este servi\u00e7o permite que usu\u00e1rios registrados carreguem seus arquivos do Sweet Home 3D neste servidor web, para visualiz\u00e1-los em 3D com qualquer navegador compat\u00edvel com WebGL, como neste exemplo mostrado na captura de tela abaixo que exibe o arquivo SweetHome3DExample3.sh3d dispon\u00edvel na galeria.Se voc\u00ea quiser usar o gerenciador<a href=\"https:\/\/www.sweethome3d.com\/pt-br\/gerenciador-de-casas-exportadas\/\">Continue reading <span class=\"sr-only\">&#8220;Gerenciador de casas exportadas&#8221;<\/span><\/a><\/p>\n","protected":false},"author":2,"featured_media":3760,"parent":0,"menu_order":0,"comment_status":"closed","ping_status":"closed","template":"page-export-homes.php","meta":{"inline_featured_image":false,"footnotes":""},"class_list":["post-3761","page","type-page","status-publish","has-post-thumbnail","hentry"],"_links":{"self":[{"href":"https:\/\/www.sweethome3d.com\/pt-br\/wp-json\/wp\/v2\/pages\/3761","targetHints":{"allow":["GET"]}}],"collection":[{"href":"https:\/\/www.sweethome3d.com\/pt-br\/wp-json\/wp\/v2\/pages"}],"about":[{"href":"https:\/\/www.sweethome3d.com\/pt-br\/wp-json\/wp\/v2\/types\/page"}],"author":[{"embeddable":true,"href":"https:\/\/www.sweethome3d.com\/pt-br\/wp-json\/wp\/v2\/users\/2"}],"replies":[{"embeddable":true,"href":"https:\/\/www.sweethome3d.com\/pt-br\/wp-json\/wp\/v2\/comments?post=3761"}],"version-history":[{"count":2,"href":"https:\/\/www.sweethome3d.com\/pt-br\/wp-json\/wp\/v2\/pages\/3761\/revisions"}],"predecessor-version":[{"id":8741,"href":"https:\/\/www.sweethome3d.com\/pt-br\/wp-json\/wp\/v2\/pages\/3761\/revisions\/8741"}],"wp:featuredmedia":[{"embeddable":true,"href":"https:\/\/www.sweethome3d.com\/pt-br\/wp-json\/wp\/v2\/media\/3760"}],"wp:attachment":[{"href":"https:\/\/www.sweethome3d.com\/pt-br\/wp-json\/wp\/v2\/media?parent=3761"}],"curies":[{"name":"wp","href":"https:\/\/api.w.org\/{rel}","templated":true}]}}