{"id":3284,"date":"2025-09-19T09:07:08","date_gmt":"2025-09-19T09:07:08","guid":{"rendered":"https:\/\/www.sweethome3d.com\/aviso-legal\/"},"modified":"2025-11-27T14:49:28","modified_gmt":"2025-11-27T14:49:28","slug":"aviso-legal","status":"publish","type":"page","link":"https:\/\/www.sweethome3d.com\/pt-br\/aviso-legal\/","title":{"rendered":"Aviso Legal"},"content":{"rendered":"\n<p>O software <a href=\"https:\/\/www.sweethome3d.com\/pt-br\/\">Sweet Home 3D<\/a> e o site <a href=\"\/\">https:\/\/www.sweethome3d.com\/<\/a> s\u00e3o publicados por:<\/p>\n\n<blockquote class=\"wp-block-quote is-layout-flow wp-block-quote-is-layout-flow\">\n<p><a href=\"https:\/\/www.spacemushrooms.it\/\" target=\"_blank\" rel=\"noopener\">Space Mushrooms srl<\/a><br\/>Via Melzi d&#8217;Eril 29<br\/>20154, Mil\u00e3o<br\/>It\u00e1lia<br\/>E-mail: <a href=\"mailto:info@sweethome3d.com\">info@sweethome3d.com<\/a><\/p>\n<\/blockquote>\n\n<p><a href=\"https:\/\/www.spacemushrooms.it\/\" target=\"_blank\" rel=\"noopener\">Space Mushrooms srl<\/a> \u00e9 uma empresa independente fundada em 2021.<\/p>\n\n<p>Sweet Home 3D<sup>\u00ae<\/sup> \u00e9 uma marca registrada.<br\/>Os outros nomes comerciais mencionados neste site s\u00e3o marcas comerciais ou marcas registradas, propriedade de seus respectivos propriet\u00e1rios.<\/p>\n\n<p><a href=\"https:\/\/www.sweethome3d.com\/\">sweethome3d.com<\/a>, <a href=\"https:\/\/www.sweethome3d.eu\/\" target=\"_blank\" rel=\"noopener\">sweethome3d.eu<\/a>, <a href=\"https:\/\/www.sweethome3d.online\/\" target=\"_blank\" rel=\"noopener\">sweethome3d.online<\/a> e <a href=\"https:\/\/www.sweethome2d.com\/\" target=\"_blank\" rel=\"noopener\">sweethome2d.com<\/a> s\u00e3o hospedados por:<\/p>\n\n<blockquote class=\"wp-block-quote is-layout-flow wp-block-quote-is-layout-flow\">\n<p>OVH<br\/>140, quai du Sartel<br\/>59100 Roubaix<br\/>Fran\u00e7a<br\/>Tel.: +33 8 203 203 63<\/p>\n<\/blockquote>\n\n<p><\/p>\n","protected":false},"excerpt":{"rendered":"<p>O software Sweet Home 3D e o site https:\/\/www.sweethome3d.com\/ s\u00e3o publicados por: Space Mushrooms srlVia Melzi d&#8217;Eril 2920154, Mil\u00e3oIt\u00e1liaE-mail: info@sweethome3d.com Space Mushrooms srl \u00e9 uma empresa independente fundada em 2021. Sweet Home 3D\u00ae \u00e9 uma marca registrada.Os outros nomes comerciais mencionados neste site s\u00e3o marcas comerciais ou marcas registradas, propriedade de seus respectivos propriet\u00e1rios. sweethome3d.com,<a href=\"https:\/\/www.sweethome3d.com\/pt-br\/aviso-legal\/\">Continue reading <span class=\"sr-only\">&#8220;Aviso Legal&#8221;<\/span><\/a><\/p>\n","protected":false},"author":4,"featured_media":3283,"parent":0,"menu_order":0,"comment_status":"closed","ping_status":"closed","template":"page-resources.php","meta":{"inline_featured_image":false,"footnotes":""},"class_list":["post-3284","page","type-page","status-publish","has-post-thumbnail","hentry"],"_links":{"self":[{"href":"https:\/\/www.sweethome3d.com\/pt-br\/wp-json\/wp\/v2\/pages\/3284","targetHints":{"allow":["GET"]}}],"collection":[{"href":"https:\/\/www.sweethome3d.com\/pt-br\/wp-json\/wp\/v2\/pages"}],"about":[{"href":"https:\/\/www.sweethome3d.com\/pt-br\/wp-json\/wp\/v2\/types\/page"}],"author":[{"embeddable":true,"href":"https:\/\/www.sweethome3d.com\/pt-br\/wp-json\/wp\/v2\/users\/4"}],"replies":[{"embeddable":true,"href":"https:\/\/www.sweethome3d.com\/pt-br\/wp-json\/wp\/v2\/comments?post=3284"}],"version-history":[{"count":1,"href":"https:\/\/www.sweethome3d.com\/pt-br\/wp-json\/wp\/v2\/pages\/3284\/revisions"}],"predecessor-version":[{"id":3285,"href":"https:\/\/www.sweethome3d.com\/pt-br\/wp-json\/wp\/v2\/pages\/3284\/revisions\/3285"}],"wp:featuredmedia":[{"embeddable":true,"href":"https:\/\/www.sweethome3d.com\/pt-br\/wp-json\/wp\/v2\/media\/3283"}],"wp:attachment":[{"href":"https:\/\/www.sweethome3d.com\/pt-br\/wp-json\/wp\/v2\/media?parent=3284"}],"curies":[{"name":"wp","href":"https:\/\/api.w.org\/{rel}","templated":true}]}}