{"id":2769,"date":"2025-09-18T11:56:45","date_gmt":"2025-09-18T11:56:45","guid":{"rendered":"https:\/\/www.sweethome3d.com\/traducoes\/"},"modified":"2026-01-28T08:04:00","modified_gmt":"2026-01-28T08:04:00","slug":"traducoes","status":"publish","type":"page","link":"https:\/\/www.sweethome3d.com\/pt-br\/traducoes\/","title":{"rendered":"Tradu\u00e7\u00f5es"},"content":{"rendered":"\n<h2 class=\"wp-block-heading\">O Sweet Home 3D est\u00e1 dispon\u00edvel em 29 idiomas diferentes.<\/h2>\n\n\n\n<h3 class=\"wp-block-heading\">Tradu\u00e7\u00f5es inclu\u00eddas no Sweet Home 3D<\/h3>\n\n\n\n<p>As seguintes tradu\u00e7\u00f5es est\u00e3o diretamente inclu\u00eddas no <a href=\"https:\/\/www.sweethome3d.com\/pt-br\/download\/\" data-type=\"page\" data-id=\"396\">Sweet Home 3D<\/a> quando voc\u00ea <a href=\"https:\/\/www.sweethome3d.com\/pt-br\/faq\/\" data-type=\"page\" data-id=\"422\">o instala<\/a>, e s\u00e3o mantidas atualizadas quando novos recursos s\u00e3o adicionados ao aplicativo.<\/p>\n\n\n\n<figure class=\"wp-block-flexible-table-block-table is-content-justification-center\"><table class=\"has-fixed-layout\" style=\"width:100%;max-width:1600px\"><thead><tr><th style=\"text-align:center;width:25%\">Idioma<\/th><th style=\"text-align:center\">Vers\u00e3o da interface do usu\u00e1rio<\/th><th style=\"text-align:center\">Vers\u00e3o da ajuda<\/th><th style=\"width:50%;text-align:center\">Tradutores<\/th><\/tr><\/thead><tbody><tr><td class=\"[&amp;&gt;\">?? <a href=\"\/\" data-type=\"page\" data-id=\"286\">Ingl\u00eas<\/a><\/td><td style=\"text-align:center\">\n          <a href=\"https:\/\/www.sweethome3d.com\/pt-br\/download\/\" data-type=\"page\" data-id=\"396\">7.5<\/a>\n        <\/td><td style=\"text-align:center\">7.5<\/td><td>Emmanuel Puybaret, Pencilart<\/td><\/tr><tr><td class=\"[&amp;&gt;\">?? <a href=\"\/fr\">Franc\u00eas<\/a><\/td><td style=\"text-align:center\">\n          <a href=\"https:\/\/www.sweethome3d.com\/pt-br\/download\/\" data-type=\"page\" data-id=\"396\">7.5<\/a>\n        <\/td><td style=\"text-align:center\">7.5<\/td><td>Emmanuel Puybaret<\/td><\/tr><tr><td class=\"[&amp;&gt;\">?? <a href=\"\/pt\">Portugu\u00eas<\/a>        <\/td><td style=\"text-align:center\">\n          <a href=\"https:\/\/www.sweethome3d.com\/pt-br\/download\/\" data-type=\"page\" data-id=\"396\">7.5<\/a>\n        <\/td><td style=\"text-align:center\">5.7<\/td><td>Pedro Albuquerque<\/td><\/tr><tr><td class=\"[&amp;&gt;\">?? <a href=\"\/pt\">Portugu\u00eas (Brasil)<\/a>        <\/td><td style=\"text-align:center\">\n          <a href=\"https:\/\/www.sweethome3d.com\/pt-br\/download\/\" data-type=\"page\" data-id=\"396\">7.5<\/a>\n        <\/td><td style=\"text-align:center\">~4.6<\/td><td>\n Roberto Rocha, Lucas Klink, Lucas Germano, Carlos Segura, Adolfino\n Neto\n        <\/td><\/tr><tr><td class=\"[&amp;&gt;\">?? <a href=\"\/es\">Espanhol<\/a>        <\/td><td style=\"text-align:center\">\n          <a href=\"https:\/\/www.sweethome3d.com\/pt-br\/download\/\" data-type=\"page\" data-id=\"396\">7.5<\/a>\n        <\/td><td style=\"text-align:center\">4.6<\/td><td>Pablo Mayordomo, Paco, Carlos Folch<\/td><\/tr><tr><td class=\"[&amp;&gt;\">?? <a href=\"\/it\">Italiano<\/a>  <\/td><td style=\"text-align:center\">\n          <a href=\"https:\/\/www.sweethome3d.com\/pt-br\/download\/\" data-type=\"page\" data-id=\"396\">7.5<\/a>\n        <\/td><td style=\"text-align:center\">~7.1<\/td><td>\n Simone Bufalino, Rosella Mariotti, Psycheye, ConsiEdilizia, Alberto\n Della Salandra, Antonio Guadagnino, Antonio Latronico, Adelina\n Doncheva, Vincenzo Reale\n        <\/td><\/tr><tr><td class=\"[&amp;&gt;\">??<a href=\"\/de\">Alem\u00e3o<\/a>   <\/td><td style=\"text-align:center\">\n          <a href=\"https:\/\/www.sweethome3d.com\/pt-br\/download\/\" data-type=\"page\" data-id=\"396\">7.5<\/a>\n        <\/td><td style=\"text-align:center\">7.5<\/td><td>\n Sebastian Breuer, Thomas Zimmermann, Andreas Kirsch, Florian Haag,\n Luzia Taschler, Pascal Eberhard, Waldemar Hersacher\n        <\/td><\/tr><tr><td class=\"[&amp;&gt;\"> ?? <a href=\"\/nl\">Holand\u00eas<\/a> <\/td><td style=\"text-align:center\">\n          <a href=\"https:\/\/www.sweethome3d.com\/pt-br\/download\/\" data-type=\"page\" data-id=\"396\">7.5<\/a>\n        <\/td><td style=\"text-align:center\">4.6<\/td><td>Gerwin Harmsen, Rob van den Berg, FDpaffie<\/td><\/tr><tr><td class=\"[&amp;&gt;\">?? <a href=\"\/sv\">Sueco<\/a>        <\/td><td style=\"text-align:center\">\n          <a href=\"https:\/\/www.sweethome3d.com\/pt-br\/download\/\" data-type=\"page\" data-id=\"396\">7.5<\/a>\n        <\/td><td style=\"text-align:center\">5.7<\/td><td>Martin Karlsson<\/td><\/tr><tr><td class=\"[&amp;&gt;\"> ?? <a href=\"\/cs\">Tcheco<\/a><\/td><td style=\"text-align:center\">\n          <a href=\"https:\/\/www.sweethome3d.com\/pt-br\/download\/\" data-type=\"page\" data-id=\"396\">7.5<\/a>\n        <\/td><td style=\"text-align:center\">1.2<\/td><td>\u0160tefan Nov\u00e1k, Roman Pol\u00e1\u0161ek, Ondrej Dolejsi, Pavel Barbo\u0159\u00edk<\/td><\/tr><tr><td class=\"[&amp;&gt;\">?? <a href=\"\/pl\">Polon\u00eas<\/a><\/td><td style=\"text-align:center\">\n          <a href=\"https:\/\/www.sweethome3d.com\/pt-br\/download\/\" data-type=\"page\" data-id=\"396\">7.5<\/a>\n        <\/td><td style=\"text-align:center\">1.2<\/td><td>\n Szymon \u017byci\u0144ski, Paw\u0142a Antkowiaka, Pawel &#8220;Bizkit&#8221; Popanda, Szymon\n Chojnacki, ghr424, Mi\u0142osz Sieradzki\n        <\/td><\/tr><tr><td class=\"[&amp;&gt;\"><em>??<\/em> <a href=\"\/bg\">H\u00fangaro<\/a>       <\/td><td style=\"text-align:center\">\n          <a href=\"https:\/\/www.sweethome3d.com\/pt-br\/download\/\" data-type=\"page\" data-id=\"396\">7.5<\/a>\n        <\/td><td style=\"text-align:center\">4.6<\/td><td>Viktor Mikl\u00f3si, Szita Bal\u00e1zs<\/td><\/tr><tr><td class=\"[&amp;&gt;\"><em>??<\/em> <a href=\"\/el\">Grego<\/a><\/td><td style=\"text-align:center\">\n          <a href=\"https:\/\/www.sweethome3d.com\/pt-br\/download\/\" data-type=\"page\" data-id=\"396\">7.5<\/a>\n        <\/td><td style=\"text-align:center\">1.8<\/td><td>\u0388\u03bb\u03bb\u03b7 \u039d\u03b9\u03ba\u03bf\u03bb\u03ac\u03bf\u03c5, \u0397\u03bb\u03af\u03b1 \u03a4\u03c3\u03b9\u03ac\u03bd\u03c4\u03b1<\/td><\/tr><tr><td class=\"[&amp;&gt;\">?? <a href=\"\/hu\">B\u00falgaro<\/a><\/td><td style=\"text-align:center\">\n          <a href=\"https:\/\/www.sweethome3d.com\/pt-br\/download\/\" data-type=\"page\" data-id=\"396\">7.5<\/a>\n        <\/td><td style=\"text-align:center\">4.6<\/td><td>\u0412\u0430\u043b\u0435\u043d\u0442\u0438\u043d \u041b\u0430\u0441\u043a\u043e\u0432<\/td><\/tr><tr><td class=\"[&amp;&gt;\">?? <a href=\"\/ru\">Russo<\/a><\/td><td style=\"text-align:center\">\n          <a href=\"https:\/\/www.sweethome3d.com\/pt-br\/download\/\" data-type=\"page\" data-id=\"396\">7.5<\/a>\n        <\/td><td style=\"text-align:center\">4.6<\/td><td>\n \u0411\u0430\u0441\u0438\u043c\u043e\u0432 \u0418\u043b\u044c\u0433\u0438\u0437, \u0412\u0430\u043b\u0435\u043d\u0442\u0438\u043d \u041a\u0430\u0437\u0438\u043c\u0438\u0440\u043e\u0432, \u041e\u043b\u044c\u0433\u0435, \u042e\u0440\u0438\u044f \u0421\u043c\u0438\u0440\u043d\u043e\u0432\u0430, \u0410\u043d\u0434\u0440\u0435\u0439\n \u041f\u0440\u0438\u0449\u0435\u043d\u043a\u043e, \u041a\u0443\u043d\u0430\u043a\u043e\u0432 \u0410\u043d\u0442\u043e\u043d \u042e\u0440\u044c\u0435\u0432\u0438\u0447, \u0410\u043d\u0434\u0440\u0435\u0438\u0306 \u0421\u0443\u0440\u0436\u0438\u043a\u043e\u0432, \u041d\u0438\u043a\u043e\u043b\u0430\u0439 \u041b\u043e\u043c\u0430\u0441\u043e\u0432,\n \u0414\u0430\u043d\u0438\u043b \u041e\u0441\u0438\u043f\u043e\u0432\n        <\/td><\/tr><tr><td class=\"[&amp;&gt;\">?? <a href=\"\/vi\">Vietnamita<\/a><\/td><td style=\"text-align:center\">\n          <a href=\"https:\/\/www.sweethome3d.com\/pt-br\/download\/\" data-type=\"page\" data-id=\"396\">7.5<\/a>\n        <\/td><td style=\"text-align:center\">&#8211;<\/td><td>Tu\u1ea5n Ph\u00f9ng<\/td><\/tr><tr><td class=\"[&amp;&gt;\">?? <a href=\"https:\/\/www.sweethome3d.com\/zh-cn\">Chin\u00eas (China)<\/a><\/td><td style=\"text-align:center\">\n          <a href=\"https:\/\/www.sweethome3d.com\/pt-br\/download\/\" data-type=\"page\" data-id=\"396\">7.5<\/a>\n        <\/td><td style=\"text-align:center\">5.7<\/td><td>\u8d75\u65af\u806a, \u65b9\u5219\u8605, \u674e\u65b0\u5ee0, YGYL<\/td><\/tr><tr><td class=\"[&amp;&gt;\">?? <a href=\"https:\/\/www.sweethome3d.com\/zh-tw\">Chin\u00eas (Taiwan)<\/a><\/td><td style=\"text-align:center\">\n          <a href=\"https:\/\/www.sweethome3d.com\/pt-br\/download\/\" data-type=\"page\" data-id=\"396\">7.5<\/a>\n        <\/td><td style=\"text-align:center\">5.7<\/td><td>\u674e\u65b0\u5ee0, YGYL<\/td><\/tr><tr><td class=\"[&amp;&gt;\">?? <a href=\"\/ja\">Japon\u00eas<\/a><\/td><td style=\"text-align:center\">\n          <a href=\"https:\/\/www.sweethome3d.com\/pt-br\/download\/\" data-type=\"page\" data-id=\"396\">7.5<\/a>\n        <\/td><td style=\"text-align:center\">~5.7<\/td><td>Takahiro Sato, Uiko, Vy, Miyoko, Chiyoko Miklasevich<\/td><\/tr><\/tbody><\/table><\/figure>\n\n\n\n<p>Se a interface do usu\u00e1rio do <a href=\"https:\/\/www.sweethome3d.com\/pt-br\/download\/\" data-type=\"page\" data-id=\"396\">Sweet Home 3D<\/a> n\u00e3o for exibida no idioma esperado, escolha seu idioma preferido na lista suspensa Idioma do painel Prefer\u00eancias. No Mac OS X, este painel \u00e9 exibido escolhendo o item Prefer\u00eancias no menu <a href=\"https:\/\/www.sweethome3d.com\/pt-br\/\">Sweet Home 3D<\/a>. Em outros sistemas, ele \u00e9 exibido escolhendo o item Prefer\u00eancias no menu Arquivo.  <\/p>\n\n\n\n<h3 class=\"wp-block-heading\">Outras tradu\u00e7\u00f5es suportadas pelo <a href=\"https:\/\/www.sweethome3d.com\/pt-br\/download\/\" data-type=\"page\" data-id=\"396\">Sweet Home 3D<\/a><\/h3>\n\n\n\n<p>Cada tradu\u00e7\u00e3o a seguir est\u00e1 dispon\u00edvel depois de voc\u00ea instalar seu arquivo SH3L dedicado. Para instalar o arquivo SH3L do seu idioma, clique no link correspondente na tabela a seguir para baix\u00e1-lo em seu computador, em seguida, clique duas vezes no arquivo baixado ou escolha-o com o bot\u00e3o <em>Importar arquivo de biblioteca de idioma<\/em> <img decoding=\"async\" width=\"35\" height=\"23\" class=\"wp-image-1487 lazyload\" style=\"--smush-placeholder-width: 35px; --smush-placeholder-aspect-ratio: 35\/23;width: 35px;\" data-src=\"https:\/\/www.sweethome3d.com\/wp-content\/uploads\/2025\/11\/importLanguageLibraryFile-1.png\" alt=\"\" src=\"data:image\/svg+xml;base64,PHN2ZyB3aWR0aD0iMSIgaGVpZ2h0PSIxIiB4bWxucz0iaHR0cDovL3d3dy53My5vcmcvMjAwMC9zdmciPjwvc3ZnPg==\"> exibido na parte superior do <a href=\"https:\/\/www.sweethome3d.com\/pt-br\/guia-do-usuario-do-sweet-home-3d\/#starting-a-new-home\" data-type=\"page\" data-id=\"424\"><em>painel Prefer\u00eancias<\/em><\/a>. <\/p>\n\n\n\n<figure class=\"wp-block-flexible-table-block-table is-content-justification-center\"><table class=\"\" style=\"width:100%\"><thead><tr><th style=\"text-align:center;width:20%\">Idioma<\/th><th style=\"text-align:center\">Vers\u00e3o da interface do usu\u00e1rio<\/th><th style=\"text-align:center\">Vers\u00e3o da ajuda<\/th><th style=\"text-align:center;width:40%\">Tradutores<\/th><\/tr><\/thead><tbody><tr><td class=\"[&amp;&gt;\">?????? <a href=\"\/storage\/translations\/Basque-7.5.sh3l\">Basco<\/a><\/td><td style=\"text-align:center\"><a href=\"https:\/\/www.sweethome3d.com\/pt-br\/download\/\" data-type=\"page\" data-id=\"396\">7.5<\/a><\/td><td style=\"text-align:center\">&#8211;<\/td><td>Alexander Gabilondo<\/td><\/tr><tr><td class=\"[&amp;&gt;\">?? <a href=\"\/storage\/translations\/Slovenian-5.7.1.sh3l\">Esloveno<\/a><\/td><td style=\"text-align:center\"><a href=\"https:\/\/www.sweethome3d.com\/pt-br\/download\/\" data-type=\"page\" data-id=\"396\">5.7<\/a><\/td><td style=\"text-align:center\">4.6<\/td><td>Samo Mole<\/td><\/tr><tr><td class=\"[&amp;&gt;\">?? <a href=\"\/storage\/translations\/Finnish-7.5.sh3l\">Finland\u00eas<\/a><\/td><td style=\"text-align:center\"><a href=\"https:\/\/www.sweethome3d.com\/pt-br\/download\/\" data-type=\"page\" data-id=\"396\">7.5<\/a><\/td><td style=\"text-align:center\">4.3<\/td><td>Jukka Hyyti\u00e4l\u00e4, Seppo Voutilainen<\/td><\/tr><tr><td class=\"[&amp;&gt;\">?? <a href=\"\/storage\/translations\/Serbian-4.3.1.sh3l\" data-type=\"link\" data-id=\"https:\/\/www.sweethome3d.com\/translations\/Serbian-4.3.1.sh3l\">S\u00e9rvio<\/a><\/td><td style=\"text-align:center\"><a href=\"https:\/\/www.sweethome3d.com\/pt-br\/download\/\" data-type=\"page\" data-id=\"396\">4.3<\/a><\/td><td style=\"text-align:center\">3.4<\/td><td>\u0418\u0432\u0430\u043d \u0421\u0442\u0430\u0440\u0447\u0435\u0432\u0438\u045b, \u0421\u043d\u0435\u0436\u0430\u043d\u0430 \u041b\u0443\u043a\u0438\u045b<\/td><\/tr><tr><td class=\"[&amp;&gt;\">?? <a href=\"\/storage\/translations\/Ukrainian-5.7.1.sh3l\" data-type=\"link\" data-id=\"https:\/\/www.sweethome3d.com\/translations\/Ukrainian-5.7.1.sh3l\">Ucraniano<\/a><\/td><td style=\"text-align:center\"><a href=\"https:\/\/www.sweethome3d.com\/pt-br\/download\/\" data-type=\"page\" data-id=\"396\">5.7<\/a><\/td><td style=\"text-align:center\">5.0<\/td><td>\u041e\u043b\u0435\u043a\u0441\u0430\u043d\u0434\u0440 \u041f\u0438\u043b\u0438\u043f\u0447\u0443\u043a<\/td><\/tr><tr><td class=\"[&amp;&gt;\">?? <a href=\"\/storage\/translations\/Turkish-7.5.sh3l\" data-type=\"link\" data-id=\"https:\/\/www.sweethome3d.com\/translations\/Turkish-7.5.sh3l\">Turco<\/a><\/td><td style=\"text-align:center\"><a href=\"https:\/\/www.sweethome3d.com\/pt-br\/download\/\" data-type=\"page\" data-id=\"396\">7.5<\/a><\/td><td style=\"text-align:center\">&#8211;<\/td><td>M\u00fccahit Baydar<\/td><\/tr><tr><td class=\"[&amp;&gt;\">?? <a href=\"\/storage\/translations\/Arabic-7.1.1.sh3l\">\u00c1rabe<\/a><\/td><td style=\"text-align:center\"><a href=\"https:\/\/www.sweethome3d.com\/pt-br\/download\/\" data-type=\"page\" data-id=\"396\">7.1<\/a><\/td><td style=\"text-align:center\">&#8211;<\/td><td>MFM Dawdeh<\/td><\/tr><tr><td class=\"[&amp;&gt;\">?? <a href=\"\/storage\/translations\/Indonesian-7.1.1.sh3l\" data-type=\"link\" data-id=\"https:\/\/www.sweethome3d.com\/translations\/Indonesian-7.1.1.sh3l\">Indon\u00e9sio<\/a><\/td><td style=\"text-align:center\"><a href=\"https:\/\/www.sweethome3d.com\/pt-br\/download\/\" data-type=\"page\" data-id=\"396\">7.1<\/a><\/td><td style=\"text-align:center\">&#8211;<\/td><td>Al Firdhaus<\/td><\/tr><tr><td class=\"[&amp;&gt;\">?? <a href=\"\/storage\/translations\/Thai-7.5.sh3l\" data-type=\"link\" data-id=\"https:\/\/www.sweethome3d.com\/translations\/Thai-7.5.sh3l\">Tailand\u00eas<\/a><\/td><td style=\"text-align:center\"><a href=\"https:\/\/www.sweethome3d.com\/pt-br\/download\/\" data-type=\"page\" data-id=\"396\">7.5<\/a><\/td><td style=\"text-align:center\">&#8211;<\/td><td>\u0e01\u0e31\u0e19\u0e22\u0e4c\u0e0a\u0e31\u0e0a\u0e0a\u0e31\u0e22 \u0e42\u0e1e\u0e18\u0e34\u0e2b\u0e25\u0e49\u0e32<\/td><\/tr><tr><td class=\"[&amp;&gt;\">?? <a href=\"\/storage\/translations\/Korean-7.5.sh3l\" data-type=\"link\" data-id=\"https:\/\/www.sweethome3d.com\/translations\/Korean-7.5.sh3l\">Coreano<\/a><\/td><td style=\"text-align:center\"><a href=\"https:\/\/www.sweethome3d.com\/pt-br\/download\/\" data-type=\"page\" data-id=\"396\">7.5<\/a><\/td><td style=\"text-align:center\">~5.7<\/td><td>\ubc31\ud638\uc11d, \uc774\ud638\ucc2c<\/td><\/tr><\/tbody><\/table><\/figure>\n\n\n\n<p>Nota aos tradutores: se voc\u00ea quiser traduzir o <a href=\"https:\/\/www.sweethome3d.com\/pt-br\/download\/\" data-type=\"page\" data-id=\"396\">Sweet Home 3D<\/a> para o seu idioma, leia o <a href=\"https:\/\/www.sweethome3d.com\/pt-br\/guia-de-traducao\/\" data-type=\"page\" data-id=\"5142\">guia de tradu\u00e7\u00e3o<\/a>.<\/p>\n","protected":false},"excerpt":{"rendered":"<p>O Sweet Home 3D est\u00e1 dispon\u00edvel em 29 idiomas diferentes. Tradu\u00e7\u00f5es inclu\u00eddas no Sweet Home 3D As seguintes tradu\u00e7\u00f5es est\u00e3o diretamente inclu\u00eddas no Sweet Home 3D quando voc\u00ea o instala, e s\u00e3o mantidas atualizadas quando novos recursos s\u00e3o adicionados ao aplicativo. Se a interface do usu\u00e1rio do Sweet Home 3D n\u00e3o for exibida no idioma<a href=\"https:\/\/www.sweethome3d.com\/pt-br\/traducoes\/\">Continue reading <span class=\"sr-only\">&#8220;Tradu\u00e7\u00f5es&#8221;<\/span><\/a><\/p>\n","protected":false},"author":4,"featured_media":2768,"parent":0,"menu_order":0,"comment_status":"closed","ping_status":"closed","template":"page-resources.php","meta":{"inline_featured_image":false,"footnotes":""},"class_list":["post-2769","page","type-page","status-publish","has-post-thumbnail","hentry"],"_links":{"self":[{"href":"https:\/\/www.sweethome3d.com\/pt-br\/wp-json\/wp\/v2\/pages\/2769","targetHints":{"allow":["GET"]}}],"collection":[{"href":"https:\/\/www.sweethome3d.com\/pt-br\/wp-json\/wp\/v2\/pages"}],"about":[{"href":"https:\/\/www.sweethome3d.com\/pt-br\/wp-json\/wp\/v2\/types\/page"}],"author":[{"embeddable":true,"href":"https:\/\/www.sweethome3d.com\/pt-br\/wp-json\/wp\/v2\/users\/4"}],"replies":[{"embeddable":true,"href":"https:\/\/www.sweethome3d.com\/pt-br\/wp-json\/wp\/v2\/comments?post=2769"}],"version-history":[{"count":4,"href":"https:\/\/www.sweethome3d.com\/pt-br\/wp-json\/wp\/v2\/pages\/2769\/revisions"}],"predecessor-version":[{"id":17728,"href":"https:\/\/www.sweethome3d.com\/pt-br\/wp-json\/wp\/v2\/pages\/2769\/revisions\/17728"}],"wp:featuredmedia":[{"embeddable":true,"href":"https:\/\/www.sweethome3d.com\/pt-br\/wp-json\/wp\/v2\/media\/2768"}],"wp:attachment":[{"href":"https:\/\/www.sweethome3d.com\/pt-br\/wp-json\/wp\/v2\/media?parent=2769"}],"curies":[{"name":"wp","href":"https:\/\/api.w.org\/{rel}","templated":true}]}}