{"id":7272,"date":"2025-11-11T14:18:00","date_gmt":"2025-11-11T14:18:00","guid":{"rendered":"https:\/\/www.sweethome3d.com\/darowizny\/"},"modified":"2026-02-10T14:03:17","modified_gmt":"2026-02-10T14:03:17","slug":"darowizny","status":"publish","type":"page","link":"https:\/\/www.sweethome3d.com\/pl\/darowizny\/","title":{"rendered":"Darowizny"},"content":{"rendered":"\n<div class=\"wp-block-group is-vertical is-layout-flex wp-container-core-group-is-layout-8cf370e7 wp-block-group-is-layout-flex\">\n<p class=\"has-text-align-left\"><a href=\"\/\">Sweet Home 3D<\/a> pom\u00f3g\u0142 Ci z sukcesem w Twoim projekcie?<br\/>Podoba Ci si\u0119 wsparcie oferowane przez t\u0119 stron\u0119?<br\/>Doceniasz brak reklam na tej stronie?<\/p>\n\n\n\n<p class=\"has-text-align-left\">Wi\u0119c&#8230; nie wahaj si\u0119 d\u0142u\u017cej! Pom\u00f3\u017c <a href=\"https:\/\/www.sweethome3d.com\/pl\/pobierz\/\">Sweet Home 3D<\/a> i przeka\u017c darowizn\u0119 na ten projekt.<br\/>B\u0119dzie to bardzo docenione. <\/p>\n\n\n\n<p class=\"has-text-align-left\">Wystarczy, \u017ce wpiszesz kwot\u0119 swojej darowizny poni\u017cej<br\/>i klikniesz przycisk <em>Przeka\u017c darowizn\u0119<\/em> PayPal.<\/p>\n\n\n\n<div style=\"height:25px;width:0px\" aria-hidden=\"true\" class=\"wp-block-spacer wp-container-content-c00f5982\"><\/div>\n\n\n\n<p class=\"has-text-align-left\">\n\t<div id=\"donate-button-container\" style=\"text-align:center; margin:0 auto;\">\n\t\t<div id=\"donate-button\" data-action=\"wce_donate\"><\/div>\n\t\t<script src=\"https:\/\/www.paypalobjects.com\/donate\/sdk\/donate-sdk.js\" charset=\"UTF-8\"><\/script>\n\t\t<script>\n\t\t\tPayPal.Donation.Button({\n\t\t\t\tenv: 'production',\n\t\t\t\thosted_button_id: 'Q2F4V9B6WMY7N',\n\t\t\t}).render('#donate-button');\n\t\t<\/script>\n\t<\/div>\n\n\t<\/p>\n<\/div>\n","protected":false},"excerpt":{"rendered":"<p>Sweet Home 3D pom\u00f3g\u0142 Ci z sukcesem w Twoim projekcie?Podoba Ci si\u0119 wsparcie oferowane przez t\u0119 stron\u0119?Doceniasz brak reklam na tej stronie? Wi\u0119c&#8230; nie wahaj si\u0119 d\u0142u\u017cej! Pom\u00f3\u017c Sweet Home 3D i przeka\u017c darowizn\u0119 na ten projekt.B\u0119dzie to bardzo docenione. Wystarczy, \u017ce wpiszesz kwot\u0119 swojej darowizny poni\u017ceji klikniesz przycisk Przeka\u017c darowizn\u0119 PayPal.<\/p>\n","protected":false},"author":2,"featured_media":7268,"parent":0,"menu_order":0,"comment_status":"closed","ping_status":"closed","template":"page-resources.php","meta":{"inline_featured_image":false,"footnotes":""},"class_list":["post-7272","page","type-page","status-publish","has-post-thumbnail","hentry"],"_links":{"self":[{"href":"https:\/\/www.sweethome3d.com\/pl\/wp-json\/wp\/v2\/pages\/7272","targetHints":{"allow":["GET"]}}],"collection":[{"href":"https:\/\/www.sweethome3d.com\/pl\/wp-json\/wp\/v2\/pages"}],"about":[{"href":"https:\/\/www.sweethome3d.com\/pl\/wp-json\/wp\/v2\/types\/page"}],"author":[{"embeddable":true,"href":"https:\/\/www.sweethome3d.com\/pl\/wp-json\/wp\/v2\/users\/2"}],"replies":[{"embeddable":true,"href":"https:\/\/www.sweethome3d.com\/pl\/wp-json\/wp\/v2\/comments?post=7272"}],"version-history":[{"count":2,"href":"https:\/\/www.sweethome3d.com\/pl\/wp-json\/wp\/v2\/pages\/7272\/revisions"}],"predecessor-version":[{"id":26836,"href":"https:\/\/www.sweethome3d.com\/pl\/wp-json\/wp\/v2\/pages\/7272\/revisions\/26836"}],"wp:featuredmedia":[{"embeddable":true,"href":"https:\/\/www.sweethome3d.com\/pl\/wp-json\/wp\/v2\/media\/7268"}],"wp:attachment":[{"href":"https:\/\/www.sweethome3d.com\/pl\/wp-json\/wp\/v2\/media?parent=7272"}],"curies":[{"name":"wp","href":"https:\/\/api.w.org\/{rel}","templated":true}]}}