{"id":5790,"date":"2025-09-18T11:52:32","date_gmt":"2025-09-18T11:52:32","guid":{"rendered":"https:\/\/www.sweethome3d.com\/dokumentacja\/"},"modified":"2025-12-15T13:51:53","modified_gmt":"2025-12-15T13:51:53","slug":"dokumentacja","status":"publish","type":"page","link":"https:\/\/www.sweethome3d.com\/pl\/dokumentacja\/","title":{"rendered":"Dokumentacja"},"content":{"rendered":"<ul class=\"simpletoc-list\">\n<li><a href=\"#przewodniki-uzytkownika\">Przewodniki u\u017cytkownika<\/a>\n\n<\/li>\n<li><a href=\"#poradniki-wideo\">Poradniki wideo<\/a>\n\n\n<\/li>\n\n<\/li>\n\n<\/li>\n\n<\/li>\n\n<li><a href=\"#przewodniki-dla-programistow\">Przewodniki dla programist\u00f3w<\/a>\n\n<\/li>\n<li><a href=\"#recenzje-i-nagrody\">Recenzje i nagrody<\/a>\n<\/li><\/ul>\n\n\n<p class=\"has-text-align-center\">Ta strona opisuje dokumentacj\u0119 obecnie dost\u0119pn\u0105 dla <a href=\"\/\">Sweet Home 3D<\/a>.<\/p>\n\n\n<h2 class=\"wp-block-heading\" id=\"przewodniki-uzytkownika\"><img loading=\"lazy\" decoding=\"async\" width=\"16\" height=\"12\" src=\"https:\/\/www.sweethome3d.com\/images\/bullet.gif\">Przewodniki u\u017cytkownika<\/h2>\n\n\n<p>Przewodnik u\u017cytkownika <a href=\"https:\/\/www.sweethome3d.com\/pl\/pobierz\/\" data-type=\"page\" data-id=\"396\">Sweet Home 3D<\/a> jest dost\u0119pny na <a href=\"https:\/\/www.sweethome3d.com\/pl\/przewodnik-uzytkownika-sweet-home-3d\/\" data-type=\"page\" data-id=\"424\">tej stronie<\/a>, a lista skr\u00f3t\u00f3w w <a href=\"\/storage\/SweetHome3DShortcuts.pdf\">tym dokumencie<\/a> (PDF).<\/p>\n\n\n\n<p><a href=\"https:\/\/www.sweethome3d.com\/pl\/pobierz\/\" data-type=\"page\" data-id=\"396\">Sweet Home 3D<\/a> oferuje r\u00f3wnie\u017c regularnie aktualizowane <a href=\"https:\/\/www.sweethome3d.com\/pl\/faq\/\" data-type=\"page\" data-id=\"422\">FAQ<\/a> oraz pe\u0142n\u0105 pomoc dost\u0119pn\u0105 z pozycji menu <em>Pomoc &gt; Pomoc Sweet Home 3D<\/em>.<\/p>\n\n\n\n<div class=\"wp-block-group is-nowrap is-layout-flex wp-container-core-group-is-layout-ad2f72ca wp-block-group-is-layout-flex\">\n<figure class=\"wp-block-image size-full\"><img loading=\"lazy\" decoding=\"async\" width=\"381\" height=\"284\" src=\"https:\/\/www.sweethome3d.com\/wp-content\/uploads\/2025\/10\/SweetHome3DHelp.png\" alt=\"Pomoc dokumentacji Sweet Home 3D \" class=\"wp-image-4791\" srcset=\"https:\/\/www.sweethome3d.com\/wp-content\/uploads\/2025\/10\/SweetHome3DHelp.png 381w, https:\/\/www.sweethome3d.com\/wp-content\/uploads\/2025\/10\/SweetHome3DHelp-360x268.png 360w, https:\/\/www.sweethome3d.com\/wp-content\/uploads\/2025\/10\/SweetHome3DHelp-174x130.png 174w\" sizes=\"auto, (max-width: 381px) 100vw, 381px\" \/><\/figure>\n<\/div>\n\n\n\n<p>Mo\u017cesz r\u00f3wnie\u017c przeczyta\u0107 nast\u0119puj\u0105ce przewodniki napisane przez wsp\u00f3\u0142tw\u00f3rc\u00f3w:<\/p>\n\n\n\n<ul class=\"wp-block-list\">\n<li><a href=\"https:\/\/www.sweethome3d.com\/wp-content\/uploads\/2025\/10\/personalizedTexturesGuide.pdf\" data-type=\"attachment\" data-id=\"4801\">Jak tworzy\u0107 spersonalizowane tekstury dla Sweet Home 3D<\/a> (PDF) autorstwa Ouais, przet\u0142umaczone przez Hansa Dirkse<\/li>\n\n\n\n<li><a href=\"https:\/\/www.sweethome3d.com\/wp-content\/uploads\/2025\/10\/multiLevelHouseGuide.pdf\" data-type=\"attachment\" data-id=\"4800\">Jak stworzy\u0107 wielopoziomowy dom w Sweet Home 3D 3.3 lub wcze\u015bniejszych wersjach<\/a> (PDF) autorstwa Hansa Dirkse<\/li>\n\n\n\n<li><a href=\"https:\/\/www.sweethome3d.com\/wp-content\/uploads\/2025\/10\/pluginsUserGuide.pdf\" data-type=\"attachment\" data-id=\"4799\">Poradnik dotycz\u0105cy wtyczek i rozszerze\u0144<\/a> (PDF) autorstwa Hansa Dirkse<\/li>\n\n\n\n<li><a href=\"https:\/\/www.sweethome3d.com\/wp-content\/uploads\/2025\/10\/slopingCeilingGuide.pdf\" data-type=\"attachment\" data-id=\"4798\">Poradnik dotycz\u0105cy pochy\u0142ych sufit\u00f3w, dach\u00f3w, lukarn i innych<\/a> (PDF) autorstwa Hansa Dirkse<\/li>\n\n\n\n<li><a href=\"https:\/\/www.sweethome3d.com\/wp-content\/uploads\/2025\/10\/SVGPathMiniManualForSweetHome3D.pdf\" data-type=\"attachment\" data-id=\"4797\">Przewodnik po wyci\u0119ciach \u015bcie\u017cek SVG i innych w\u0142a\u015bciwo\u015bciach mebli<\/a> (PDF) autorstwa OKH<\/li>\n\n\n\n<li><a href=\"https:\/\/www.sweethome3d.com\/pl\/wskazowki-i-porady\/\" data-type=\"page\" data-id=\"426\">Kilka wskaz\u00f3wek na blogu Sweet Home 3D<\/a><\/li>\n<\/ul>\n\n\n<h2 class=\"wp-block-heading\" id=\"poradniki-wideo\"><img loading=\"lazy\" decoding=\"async\" width=\"16\" height=\"12\" src=\"https:\/\/www.sweethome3d.com\/images\/bullet.gif\">Poradniki wideo<\/h2>\n\n\n<p>Obejrzyj nast\u0119puj\u0105ce poradniki wideo, aby nauczy\u0107 si\u0119 korzysta\u0107 z podstawowych funkcji Sweet Home 3D na komputerze i urz\u0105dzeniach mobilnych.<\/p>\n\n\n<h3 class=\"wp-block-heading\" id=\"rysowanie-roslin-i-poziomow\">Rysowanie ro\u015blin i poziom\u00f3w<\/h3>\n\n\n<div class=\"wp-block-group is-layout-grid wp-container-core-group-is-layout-da7a6a80 wp-block-group-is-layout-grid\">\n<figure class=\"wp-block-embed is-type-video is-provider-youtube wp-block-embed-youtube wp-embed-aspect-16-9 wp-has-aspect-ratio embed-responsive\"><div class=\"wp-block-embed__wrapper\">\n<iframe loading=\"lazy\" title=\"Sweet Home 3D Tutorial: Layer Control Walkthrough\" width=\"500\" height=\"281\" src=\"https:\/\/www.youtube.com\/embed\/7c5OMgbHFUs?feature=oembed\" frameborder=\"0\" allow=\"accelerometer; autoplay; clipboard-write; encrypted-media; gyroscope; picture-in-picture; web-share\" referrerpolicy=\"strict-origin-when-cross-origin\" allowfullscreen><\/iframe>\n<\/div><\/figure>\n\n\n\n<figure class=\"wp-block-embed is-type-video is-provider-youtube wp-block-embed-youtube wp-embed-aspect-16-9 wp-has-aspect-ratio embed-responsive\"><div class=\"wp-block-embed__wrapper\">\n<iframe loading=\"lazy\" title=\"Sweet Home 3D Tutorial - 1 Minute to create a balcony\" width=\"500\" height=\"281\" src=\"https:\/\/www.youtube.com\/embed\/dByMK7ezL7U?feature=oembed\" frameborder=\"0\" allow=\"accelerometer; autoplay; clipboard-write; encrypted-media; gyroscope; picture-in-picture; web-share\" referrerpolicy=\"strict-origin-when-cross-origin\" allowfullscreen><\/iframe>\n<\/div><\/figure>\n<\/div>\n\n\n<h3 class=\"wp-block-heading\" id=\"wstawianie-i-dostosowywanie-mebli\">Wstawianie i dostosowywanie mebli<\/h3>\n\n\n<div class=\"wp-block-group is-layout-grid wp-container-core-group-is-layout-da7a6a80 wp-block-group-is-layout-grid\">\n<figure class=\"wp-block-embed is-type-video is-provider-youtube wp-block-embed-youtube embed-responsive wp-embed-aspect-16-9 wp-has-aspect-ratio\"><div class=\"wp-block-embed__wrapper\">\n<iframe loading=\"lazy\" title=\"Sweet Home 3D Tutorial - How to customize furniture\" width=\"500\" height=\"281\" src=\"https:\/\/www.youtube.com\/embed\/5Ni5zE4q5kk?feature=oembed\" frameborder=\"0\" allow=\"accelerometer; autoplay; clipboard-write; encrypted-media; gyroscope; picture-in-picture; web-share\" referrerpolicy=\"strict-origin-when-cross-origin\" allowfullscreen><\/iframe>\n<\/div><\/figure>\n\n\n\n<figure class=\"wp-block-embed is-type-video is-provider-youtube wp-block-embed-youtube embed-responsive wp-embed-aspect-16-9 wp-has-aspect-ratio\"><div class=\"wp-block-embed__wrapper\">\n<iframe loading=\"lazy\" title=\"Sweet Home 3D Tutorial - How to create new furniture\" width=\"500\" height=\"281\" src=\"https:\/\/www.youtube.com\/embed\/4zEG8dqNy6w?feature=oembed\" frameborder=\"0\" allow=\"accelerometer; autoplay; clipboard-write; encrypted-media; gyroscope; picture-in-picture; web-share\" referrerpolicy=\"strict-origin-when-cross-origin\" allowfullscreen><\/iframe>\n<\/div><\/figure>\n\n\n\n<figure class=\"wp-block-embed is-type-video is-provider-youtube wp-block-embed-youtube embed-responsive wp-embed-aspect-16-9 wp-has-aspect-ratio\"><div class=\"wp-block-embed__wrapper\">\n<iframe loading=\"lazy\" title=\"Sweet Home 3D Tutorial - How to combine models together\" width=\"500\" height=\"281\" src=\"https:\/\/www.youtube.com\/embed\/sljp8C4WwGA?feature=oembed\" frameborder=\"0\" allow=\"accelerometer; autoplay; clipboard-write; encrypted-media; gyroscope; picture-in-picture; web-share\" referrerpolicy=\"strict-origin-when-cross-origin\" allowfullscreen><\/iframe>\n<\/div><\/figure>\n\n\n\n<figure class=\"wp-block-embed is-type-video is-provider-youtube wp-block-embed-youtube embed-responsive wp-embed-aspect-16-9 wp-has-aspect-ratio\"><div class=\"wp-block-embed__wrapper\">\n<iframe loading=\"lazy\" title=\"Sweet Home 3D Tutorial - 1 Minute to create a mirror effect\" width=\"500\" height=\"281\" src=\"https:\/\/www.youtube.com\/embed\/_Lilr9r9JvU?feature=oembed\" frameborder=\"0\" allow=\"accelerometer; autoplay; clipboard-write; encrypted-media; gyroscope; picture-in-picture; web-share\" referrerpolicy=\"strict-origin-when-cross-origin\" allowfullscreen><\/iframe>\n<\/div><\/figure>\n<\/div>\n\n\n<h3 class=\"wp-block-heading\" id=\"renderowanie-zdjec-i-wideo\">Renderowanie zdj\u0119\u0107 i wideo<\/h3>\n\n\n<div class=\"wp-block-group is-layout-grid wp-container-core-group-is-layout-da7a6a80 wp-block-group-is-layout-grid\">\n<figure class=\"wp-block-embed is-type-video is-provider-youtube wp-block-embed-youtube embed-responsive wp-embed-aspect-16-9 wp-has-aspect-ratio\"><div class=\"wp-block-embed__wrapper\">\n<iframe loading=\"lazy\" title=\"Sweet Home 3D Tutorial - How to create a video rendering\" width=\"500\" height=\"281\" src=\"https:\/\/www.youtube.com\/embed\/W_ExaiIvSHU?feature=oembed\" frameborder=\"0\" allow=\"accelerometer; autoplay; clipboard-write; encrypted-media; gyroscope; picture-in-picture; web-share\" referrerpolicy=\"strict-origin-when-cross-origin\" allowfullscreen><\/iframe>\n<\/div><\/figure>\n\n\n\n<figure class=\"wp-block-embed is-type-video is-provider-youtube wp-block-embed-youtube embed-responsive wp-embed-aspect-16-9 wp-has-aspect-ratio\"><div class=\"wp-block-embed__wrapper\">\n<iframe loading=\"lazy\" title=\"Sweet Home 3D - House with terrace video tour\" width=\"500\" height=\"281\" src=\"https:\/\/www.youtube.com\/embed\/wTnmSzyTvIs?feature=oembed\" frameborder=\"0\" allow=\"accelerometer; autoplay; clipboard-write; encrypted-media; gyroscope; picture-in-picture; web-share\" referrerpolicy=\"strict-origin-when-cross-origin\" allowfullscreen><\/iframe>\n<\/div><\/figure>\n<\/div>\n\n\n<h3 class=\"wp-block-heading\" id=\"widok-3d\">Widok 3D<\/h3>\n\n\n<div class=\"wp-block-group is-layout-grid wp-container-core-group-is-layout-da7a6a80 wp-block-group-is-layout-grid\">\n<figure class=\"wp-block-embed is-type-video is-provider-youtube wp-block-embed-youtube embed-responsive wp-embed-aspect-16-9 wp-has-aspect-ratio\"><div class=\"wp-block-embed__wrapper\">\n<iframe loading=\"lazy\" title=\"Sweet Home 3D Tutorial - 1 Minute to create a side view with dimensions\" width=\"500\" height=\"281\" src=\"https:\/\/www.youtube.com\/embed\/72Lz6qGNtr0?feature=oembed\" frameborder=\"0\" allow=\"accelerometer; autoplay; clipboard-write; encrypted-media; gyroscope; picture-in-picture; web-share\" referrerpolicy=\"strict-origin-when-cross-origin\" allowfullscreen><\/iframe>\n<\/div><\/figure>\n<\/div>\n\n\n<h3 class=\"wp-block-heading\" id=\"sweet-home-3d-mobile\">Sweet Home 3D Mobile<\/h3>\n\n\n<div class=\"wp-block-group is-layout-grid wp-container-core-group-is-layout-da7a6a80 wp-block-group-is-layout-grid\">\n<figure class=\"wp-block-embed is-type-video is-provider-youtube wp-block-embed-youtube embed-responsive wp-embed-aspect-16-9 wp-has-aspect-ratio\"><div class=\"wp-block-embed__wrapper\">\n<iframe loading=\"lazy\" title=\"Sweet Home 3D Tutorial for mobile version\" width=\"500\" height=\"281\" src=\"https:\/\/www.youtube.com\/embed\/kXd1S2xpaQk?feature=oembed\" frameborder=\"0\" allow=\"accelerometer; autoplay; clipboard-write; encrypted-media; gyroscope; picture-in-picture; web-share\" referrerpolicy=\"strict-origin-when-cross-origin\" allowfullscreen><\/iframe>\n<\/div><\/figure>\n<\/div>\n\n\n\n<p>Odwied\u017a r\u00f3wnie\u017c <a href=\"https:\/\/www.youtube.com\/SweetHome3D\" target=\"_blank\" rel=\"noopener\">kana\u0142 YouTube Sweet Home 3D<\/a>, aby zobaczy\u0107 wi\u0119cej poradnik\u00f3w i przeczytaj artyku\u0142 na blogu o <a href=\"\/blog\/2016\/11\/29\/best_video_tutorials_about_sweet_home_3d.html\">najlepszych poradnikach wideo<\/a>.<\/p>\n\n\n<h2 class=\"wp-block-heading\" id=\"przewodniki-dla-programistow\">Przewodniki dla programist\u00f3w<\/h2>\n\n\n<p>Je\u015bli chcesz zaprogramowa\u0107 <a href=\"https:\/\/www.sweethome3d.com\/pl\/plugins-and-tools\/\" data-type=\"page\" data-id=\"437\">wtyczk\u0119<\/a> dla <a href=\"https:\/\/www.sweethome3d.com\/pl\/pobierz\/\" data-type=\"page\" data-id=\"396\">Sweet Home 3D<\/a>, przeczytaj najpierw <a href=\"https:\/\/www.sweethome3d.com\/pl\/przewodnik-dla-tworcow-wtyczek\/\" data-type=\"page\" data-id=\"4964\">przewodnik programisty wtyczek<\/a>.<\/p>\n\n\n\n<p>Je\u015bli szukasz informacji o architekturze <a href=\"https:\/\/www.sweethome3d.com\/pl\/pobierz\/\" data-type=\"page\" data-id=\"396\">Sweet Home 3D<\/a>, mo\u017cesz przeczyta\u0107:<\/p>\n\n\n\n<ul class=\"wp-block-list\">\n<li>jego API wygenerowane za pomoc\u0105 javadoc, dost\u0119pne <a href=\"\/javadoc\/index.html\">online<\/a> lub <a href=\"https:\/\/sourceforge.net\/projects\/sweethome3d\/files\/SweetHome3D-source\/SweetHome3D-7.5-src\/SweetHome3D-7.5-javadoc.zip\/download\" target=\"_blank\" rel=\"noopener\">do pobrania<\/a>,<\/li>\n\n\n\n<li><a href=\"https:\/\/www.sweethome3d.com\/pl\/przewodnik-dla-tworcow-wtyczek\/#going-further\" data-type=\"page\" data-id=\"4964\">ostatni\u0105 cz\u0119\u015b\u0107 przewodnika programisty wtyczek<\/a>, kt\u00f3ra podaje szczeg\u00f3\u0142y dotycz\u0105ce klas <a href=\"\/javadoc\/com\/eteks\/sweethome3d\/model\/package-summary.html\">modelu<\/a> Sweet Home 3D,<\/li>\n\n\n\n<li>francusk\u0105 ksi\u0105\u017ck\u0119 <a href=\"https:\/\/www.eteks.com\/services\/cahierswing.html\" target=\"_blank\" rel=\"noopener\">Les cahiers du programmeur Swing<\/a>, napisan\u0105 przez Emmanuela Puybareta i wydan\u0105 przez Editions Eyrolles w grudniu 2006 roku, kt\u00f3rej studium przypadku jest <a href=\"\/v0.10\/SweetHome3D.jnlp\">wersja 0.10 Sweet Home 3D<\/a>.<\/li>\n<\/ul>\n\n\n\n<p>Je\u015bli chcesz przet\u0142umaczy\u0107 <a href=\"https:\/\/www.sweethome3d.com\/pl\/pobierz\/\" data-type=\"page\" data-id=\"396\">Sweet Home 3D<\/a> na sw\u00f3j j\u0119zyk, przeczytaj <a href=\"https:\/\/www.sweethome3d.com\/pl\/przewodnik-tlumaczenia\/\" data-type=\"page\" data-id=\"5142\">przewodnik t\u0142umaczenia<\/a>.<\/p>\n\n\n<h2 class=\"wp-block-heading\" id=\"recenzje-i-nagrody\">Recenzje i nagrody<\/h2>\n\n\n<p>Niekt\u00f3re recenzje w internecie:<\/p>\n\n\n\n<ul class=\"wp-block-list\">\n<li><a href=\"https:\/\/www.softpedia.com\/reviews\/windows\/Sweet-Home-3D--Review-77686.shtml\" target=\"_blank\" rel=\"noopener\">Mo\u017cesz \u0142atwo zosta\u0107 projektantem wn\u0119trz!<\/a> i <a href=\"https:\/\/mac.softpedia.com\/get\/Graphics\/Sweet-Home-3D.shtml\" target=\"_blank\" rel=\"noopener\">Recenzja Sweet Home 3D dla Mac<\/a> na <a href=\"https:\/\/www.softpedia.com\/\" target=\"_blank\" rel=\"noopener\">Softpedia<\/a><\/li>\n\n\n\n<li><a href=\"https:\/\/www.linux.com\/news\/sweet-home-3d-simple-interior-design\/\" target=\"_blank\" rel=\"noopener\">Sweet Home 3D: proste projektowanie wn\u0119trz<\/a> na <a href=\"https:\/\/www.linux.com\/\" target=\"_blank\" rel=\"noopener\">linux.com<\/a><\/li>\n\n\n\n<li><a href=\"https:\/\/www.brighthub.com\/computing\/mac-platform\/reviews\/33256.aspx\" target=\"_blank\" rel=\"noopener\">Recenzja Sweet Home 3D<\/a> na <a href=\"https:\/\/www.brighthub.com\/\" target=\"_blank\" rel=\"noopener\">Bright hub<\/a><\/li>\n\n\n\n<li><a href=\"https:\/\/linuxlock.blogspot.com\/2011\/01\/of-software-and-soffits.html\" target=\"_blank\" rel=\"noopener\">O oprogramowaniu i podsufitkach<\/a> na <a href=\"https:\/\/linuxlock.blogspot.com\/\" target=\"_blank\" rel=\"noopener\">blogu helios<\/a><\/li>\n\n\n\n<li><a href=\"https:\/\/www.becoming-home.com\/2008\/04\/03\/its-better-than-moving-furniture\/\" target=\"_blank\" rel=\"noopener\">To lepsze ni\u017c przesuwanie mebli<\/a> na <a href=\"https:\/\/www.becoming-home.com\/\" target=\"_blank\" rel=\"noopener\">becoming home<\/a><\/li>\n\n\n\n<li><a href=\"https:\/\/www.g2.com\/\" target=\"_blank\" rel=\"noopener\">Narodziny architekta amatora<\/a> na <a href=\"https:\/\/ragnvald.medium.com\/\" target=\"_blank\" rel=\"noopener\">blogu Ragnvalda Larsena<\/a><\/li>\n\n\n\n<li><a href=\"https:\/\/svedic.org\/personal\/free-interior-design-with-sweet-home-3d-and-sketchup\" target=\"_blank\" rel=\"noopener\">Darmowe projektowanie wn\u0119trz z Sweet Home 3D i SketchUp<\/a> na <a href=\"https:\/\/svedic.org\/\" target=\"_blank\" rel=\"noopener\">blogu Svedic<\/a><\/li>\n\n\n\n<li><a href=\"https:\/\/3djunkfair.blogspot.co.at\/\" target=\"_blank\" rel=\"noopener\">My 3D Junk Fair<\/a> blog, na kt\u00f3rym Leonhard Grugl dzieli si\u0119 swoimi odkryciami dotycz\u0105cymi Sweet Home 3D<\/li>\n\n\n\n<li><a href=\"https:\/\/listoffreeware.com\/best-free-3d-floor-plan-software-windows\/\" target=\"_blank\" rel=\"noopener\">5 najlepszych darmowych program\u00f3w do tworzenia plan\u00f3w 3D dla Windows<\/a> na <a href=\"https:\/\/listoffreeware.com\/\" target=\"_blank\" rel=\"noopener\">List of freeware<\/a><\/li>\n\n\n\n<li><a href=\"https:\/\/sourceforge.net\/projects\/sweethome3d\/reviews\/\" target=\"_blank\" rel=\"noopener\">Recenzje u\u017cytkownik\u00f3w<\/a> na <a href=\"https:\/\/sourceforge.net\/\" target=\"_blank\" rel=\"noopener\">SourceForge.net<\/a><\/li>\n<\/ul>\n\n\n\n<p>Recenzje w prasie:<\/p>\n\n\n\n<ul class=\"wp-block-list\">\n<li><a href=\"https:\/\/www.linuxpromagazine.com\/issues\/2008\/95\/projects_on_the_move\" target=\"_blank\" rel=\"noopener\">Projekty w ruchu<\/a>, w numerze <a href=\"https:\/\/www.linuxpromagazine.com\/issues\/2008\/95\" target=\"_blank\" rel=\"noopener\">#95 Linux Pro Magazine<\/a> (pa\u017adziernik 2008)<\/li>\n<\/ul>\n\n\n\n<hr class=\"wp-block-separator has-text-color has-white-color has-alpha-channel-opacity has-white-background-color has-background is-style-default\"\/>\n\n\n\n<div class=\"wp-block-group is-content-justification-center is-nowrap is-layout-flex wp-container-core-group-is-layout-94bc23d7 wp-block-group-is-layout-flex\">\n<figure class=\"wp-block-image size-full\"><a href=\"https:\/\/www.softpedia.com\/reviews\/mac\/Sweet-Home-3D--Review-77686.shtml\" target=\"_blank\" rel=\"noopener\"><img loading=\"lazy\" decoding=\"async\" width=\"157\" height=\"100\" src=\"https:\/\/www.sweethome3d.com\/wp-content\/uploads\/2025\/10\/softpediaAward.png\" alt=\"\" class=\"wp-image-4814\"\/><\/a><\/figure>\n\n\n\n<figure class=\"wp-block-image size-full\"><a href=\"https:\/\/sweet-home-3d.en.softonic.com\/\" target=\"_blank\" rel=\"noopener\"><img loading=\"lazy\" decoding=\"async\" width=\"167\" height=\"99\" src=\"https:\/\/www.sweethome3d.com\/wp-content\/uploads\/2025\/10\/softonicEditorChoice.png\" alt=\"\" class=\"wp-image-4815\"\/><\/a><\/figure>\n\n\n\n<figure class=\"wp-block-image size-full\"><a href=\"https:\/\/sweet-home-3d.software.informer.com\/\" target=\"_blank\" rel=\"noopener\"><img loading=\"lazy\" decoding=\"async\" width=\"170\" height=\"170\" src=\"https:\/\/www.sweethome3d.com\/wp-content\/uploads\/2025\/10\/si-award-epick5.png\" alt=\"\" class=\"wp-image-4816\" srcset=\"https:\/\/www.sweethome3d.com\/wp-content\/uploads\/2025\/10\/si-award-epick5.png 170w, https:\/\/www.sweethome3d.com\/wp-content\/uploads\/2025\/10\/si-award-epick5-130x130.png 130w\" sizes=\"auto, (max-width: 170px) 100vw, 170px\" \/><\/a><\/figure>\n\n\n\n<figure class=\"wp-block-image size-full\"><a href=\"https:\/\/maddownload.com\/education-hobby\/sweet-home-3d\/\" target=\"_blank\" rel=\"noopener\"><img loading=\"lazy\" decoding=\"async\" width=\"150\" height=\"150\" src=\"https:\/\/www.sweethome3d.com\/wp-content\/uploads\/2025\/10\/maddownload_editors_choice_transparent-150x150-1-150x150-1.png\" alt=\"\" class=\"wp-image-4817\" srcset=\"https:\/\/www.sweethome3d.com\/wp-content\/uploads\/2025\/10\/maddownload_editors_choice_transparent-150x150-1-150x150-1.png 150w, https:\/\/www.sweethome3d.com\/wp-content\/uploads\/2025\/10\/maddownload_editors_choice_transparent-150x150-1-150x150-1-130x130.png 130w\" sizes=\"auto, (max-width: 150px) 100vw, 150px\" \/><\/a><\/figure>\n\n\n\n<figure class=\"wp-block-image size-full\"><a href=\"https:\/\/sweet-home-3d.findmysoft.com\/\" target=\"_blank\" rel=\"noopener\"><img loading=\"lazy\" decoding=\"async\" width=\"158\" height=\"57\" src=\"https:\/\/www.sweethome3d.com\/wp-content\/uploads\/2025\/10\/review2_5_Sweet-Home-3D_award.png\" alt=\"\" class=\"wp-image-4818\"\/><\/a><\/figure>\n<\/div>\n","protected":false},"excerpt":{"rendered":"<p>Ta strona opisuje dokumentacj\u0119 obecnie dost\u0119pn\u0105 dla Sweet Home 3D. Przewodniki u\u017cytkownika Przewodnik u\u017cytkownika Sweet Home 3D jest dost\u0119pny na tej stronie, a lista skr\u00f3t\u00f3w w tym dokumencie (PDF). Sweet Home 3D oferuje r\u00f3wnie\u017c regularnie aktualizowane FAQ oraz pe\u0142n\u0105 pomoc dost\u0119pn\u0105 z pozycji menu Pomoc &gt; Pomoc Sweet Home 3D. Mo\u017cesz r\u00f3wnie\u017c przeczyta\u0107 nast\u0119puj\u0105ce przewodniki [&hellip;]<\/p>\n","protected":false},"author":2,"featured_media":15553,"parent":0,"menu_order":0,"comment_status":"closed","ping_status":"closed","template":"","meta":{"inline_featured_image":false,"footnotes":""},"class_list":["post-5790","page","type-page","status-publish","has-post-thumbnail","hentry"],"_links":{"self":[{"href":"https:\/\/www.sweethome3d.com\/pl\/wp-json\/wp\/v2\/pages\/5790","targetHints":{"allow":["GET"]}}],"collection":[{"href":"https:\/\/www.sweethome3d.com\/pl\/wp-json\/wp\/v2\/pages"}],"about":[{"href":"https:\/\/www.sweethome3d.com\/pl\/wp-json\/wp\/v2\/types\/page"}],"author":[{"embeddable":true,"href":"https:\/\/www.sweethome3d.com\/pl\/wp-json\/wp\/v2\/users\/2"}],"replies":[{"embeddable":true,"href":"https:\/\/www.sweethome3d.com\/pl\/wp-json\/wp\/v2\/comments?post=5790"}],"version-history":[{"count":13,"href":"https:\/\/www.sweethome3d.com\/pl\/wp-json\/wp\/v2\/pages\/5790\/revisions"}],"predecessor-version":[{"id":15120,"href":"https:\/\/www.sweethome3d.com\/pl\/wp-json\/wp\/v2\/pages\/5790\/revisions\/15120"}],"wp:featuredmedia":[{"embeddable":true,"href":"https:\/\/www.sweethome3d.com\/pl\/wp-json\/wp\/v2\/media\/15553"}],"wp:attachment":[{"href":"https:\/\/www.sweethome3d.com\/pl\/wp-json\/wp\/v2\/media?parent=5790"}],"curies":[{"name":"wp","href":"https:\/\/api.w.org\/{rel}","templated":true}]}}