{"id":4090,"date":"2025-09-18T11:56:35","date_gmt":"2025-09-18T11:56:35","guid":{"rendered":"https:\/\/www.sweethome3d.com\/wtyczki-i-narzedzia\/"},"modified":"2026-02-10T14:14:02","modified_gmt":"2026-02-10T14:14:02","slug":"wtyczki-i-narzedzia","status":"publish","type":"page","link":"https:\/\/www.sweethome3d.com\/pl\/wtyczki-i-narzedzia\/","title":{"rendered":"Wtyczki i narz\u0119dzia"},"content":{"rendered":"\n<h2 class=\"wp-block-heading\" id=\"plug-ins\" style=\"font-style:normal;font-weight:600\">Wtyczki<\/h2>\n\n<p>Poni\u017csza tabela zawiera list\u0119 najciekawszych wtyczek dostarczonych przez Space Mushrooms lub przez programist\u00f3w, kt\u00f3rzy zaproponowali je w systemie \u015bledzenia <a href=\"https:\/\/sourceforge.net\/p\/sweethome3d\/plug-ins\" target=\"_blank\" rel=\"noopener\">Plug-ins Contributions<\/a>. Wtyczka proponuje dodatkowe <a href=\"https:\/\/www.sweethome3d.com\/pl\/funkcje-sweet-home-3d\/\" data-type=\"link\" data-id=\"https:\/\/www.sweethome3d.com\/features\/\">funkcje<\/a> w <a href=\"https:\/\/www.sweethome3d.com\/pl\/pobierz\/\" data-type=\"page\" data-id=\"396\">Sweet Home 3D<\/a> i mo\u017ce by\u0107 zainstalowana poprzez dwukrotne klikni\u0119cie na jej plik SH3P. W systemie Linux, je\u015bli to nie zadzia\u0142a, zainstaluj j\u0105 za pomoc\u0105 polecenia <em>Terminal<\/em><code><em>path<\/em>\/<em>to<\/em>\/<strong>SweetHome3D<\/strong> <em>path<\/em>\/<em>to<\/em>\/<em>plugin.sh3p<\/em><\/code> lub skopiuj plik SH3P do podfolderu <code>.eteks\/sweethome3d\/plugins<\/code> w swoim folderze u\u017cytkownika.<\/p>\n\n<figure class=\"wp-block-flexible-table-block-table alignwide is-content-justification-center is-style-default table-plugins table-overflow-x\"><table class=\"has-fixed-layout\" style=\"border-collapse:collapse;border-color:#F0F0F0\"><thead><tr><th style=\"text-align:center\">Wtyczka<\/th><th style=\"text-align:center\">Dostawca<\/th><th style=\"text-align:center\">Obs\u0142uga Cofnij\/Pon\u00f3w<\/th><th style=\"text-align:center\">Obs\u0142ugiwane w Java Web Start<\/th><th style=\"text-align:center;width:500px\">Opis<\/th><\/tr><\/thead><tbody><tr><td style=\"text-align:left\"><a href=\"\/storage\/plugins\/CopyAsNewFurniturePlugin-1.3.1.sh3p\">CopyAsNewFurniturePlugin-1.3.1.sh3p<\/a><br>(29 kB &#8211; kod \u017ar\u00f3d\u0142owy do\u0142\u0105czony)<\/td><td style=\"text-align:center\">Space Mushrooms<\/td><td style=\"text-align:center\">Nie dotyczy<\/td><td style=\"text-align:center\">Nie<\/td><td>Dodaje element menu <em>Narz\u0119dzia &gt; Kopiuj jako nowy mebel<\/em>, kt\u00f3ry kopiuje wybrane obiekty z planu jako nowy element mebla do schowka (<a href=\"https:\/\/www.sweethome3d.com\/support\/forum\/viewthread_thread,1331_offset,11\">czytaj wi\u0119cej<\/a>)<\/td><\/tr><tr><td><a href=\"\/storage\/plugins\/ShapeGenerator-1.2.1.sh3p\">ShapeGenerator-1.2.1.sh3p<\/a><br>(53 kB &#8211; kod \u017ar\u00f3d\u0142owy do\u0142\u0105czony)<\/td><td style=\"text-align:center\">Space Mushrooms<\/td><td style=\"text-align:center\">Tak<\/td><td style=\"text-align:center\">Nie<\/td><td>Dodaje element menu <em>Narz\u0119dzia &gt; Generuj kszta\u0142t 3D<\/em>, kt\u00f3ry tworzy kszta\u0142t 3D na podstawie wsp\u00f3\u0142rz\u0119dnych 8 wierzcho\u0142k\u00f3w wprowadzonych przez u\u017cytkownika (<a href=\"https:\/\/www.sweethome3d.com\/support\/forum\/viewthread_thread,6600\">czytaj wi\u0119cej<\/a>)<\/td><\/tr><tr><td><a href=\"\/storage\/plugins\/StaircaseGenerator-1.0.1.sh3p\">StaircaseGenerator-1.0.1.sh3p<\/a><br>(150 kB &#8211; kod \u017ar\u00f3d\u0142owy do\u0142\u0105czony)<\/td><td style=\"text-align:center\">Space Mushrooms<br><br><\/td><td style=\"text-align:center\">Tak<\/td><td style=\"text-align:center\">Nie<\/td><td>Dodaje element menu <em>Narz\u0119dzia &gt; Generuj schody<\/em>, kt\u00f3ry tworzy kszta\u0142t 3D schod\u00f3w na podstawie liczby stopni i ich rozmiar\u00f3w (<a href=\"https:\/\/www.sweethome3d.com\/support\/forum\/viewthread_thread,12160\">czytaj wi\u0119cej<\/a>)<\/td><\/tr><tr><td><a href=\"\/storage\/plugins\/TerrainGenerator-1.2.2.sh3p\">TerrainGenerator-1.2.2.sh3p<\/a><br>(111 kB &#8211; kod \u017ar\u00f3d\u0142owy do\u0142\u0105czony)<\/td><td style=\"text-align:center\">Space Mushrooms<\/td><td style=\"text-align:center\">Tak<\/td><td style=\"text-align:center\">Nie<\/td><td>Dodaje element menu <em>Narz\u0119dzia &gt; Generuj teren 3D z pomieszcze\u0144<\/em>, kt\u00f3ry tworzy kszta\u0142t 3D z powierzchni wybranych pomieszcze\u0144 zdeformowanej przez u\u017cytkownika (<a href=\"https:\/\/www.sweethome3d.com\/support\/forum\/viewthread_thread,10995\">czytaj wi\u0119cej<\/a>)<\/td><\/tr><tr><td><a href=\"\/storage\/plugins\/SideView-1.1.1.sh3p\">SideView-1.1.1.sh3p<\/a><br>(44 kB &#8211; kod \u017ar\u00f3d\u0142owy do\u0142\u0105czony)<\/td><td style=\"text-align:center\">Space Mushrooms<\/td><td style=\"text-align:center\">Nie dotyczy<\/td><td style=\"text-align:center\">Nie<\/td><td>Dodaje element menu <em>Narz\u0119dzia &gt; Wy\u015bwietl widok z boku<\/em>, kt\u00f3ry pokazuje widok z boku edytowanego domu z mo\u017cliwo\u015bci\u0105 zapisania go (<a href=\"https:\/\/www.sweethome3d.com\/support\/forum\/viewthread_thread,11011\">czytaj wi\u0119cej<\/a>)<\/td><\/tr><tr><td><a href=\"\/storage\/plugins\/ExportPlanImage-1.0.3.sh3p\">ExportPlanImage-1.0.3.sh3p<\/a><br>(29 kB &#8211; kod \u017ar\u00f3d\u0142owy do\u0142\u0105czony)<\/td><td style=\"text-align:center\">Space Mushrooms<\/td><td style=\"text-align:center\">Nie dotyczy<\/td><td style=\"text-align:center\">Nie<\/td><td>Dodaje element menu <em>Meble &gt; Eksportuj plan do obrazu<\/em>, kt\u00f3ry eksportuje obraz planu do formatu PNG lub JPEG w wybranym rozmiarze<\/td><\/tr><tr><td><a href=\"\/storage\/plugins\/ExportToSH3F-1.1.1.sh3p\">ExportToSH3F-1.1.1.sh3p<\/a><br>(32 kB &#8211; kod \u017ar\u00f3d\u0142owy do\u0142\u0105czony)<\/td><td style=\"text-align:center\">Space Mushrooms<\/td><td style=\"text-align:center\">Nie dotyczy<\/td><td style=\"text-align:center\">Nie<\/td><td>Dodaje element menu <em>Meble &gt; Eksportuj zaimportowane meble do SH3F<\/em>, kt\u00f3ry eksportuje wszystkie meble zaimportowane do katalogu <a href=\"https:\/\/www.sweethome3d.com\/pl\/\">Sweet Home 3D<\/a> do pliku SH3F (<a href=\"https:\/\/www.sweethome3d.com\/support\/forum\/viewthread_thread,966_offset,5\">czytaj wi\u0119cej<\/a>)<\/td><\/tr><tr><td><a href=\"\/storage\/plugins\/ExportToSH3T-1.1.1.sh3p\">ExportToSH3T-1.1.1.sh3p<\/a><br>(30 kB &#8211; kod \u017ar\u00f3d\u0142owy do\u0142\u0105czony)<\/td><td style=\"text-align:center\">Space Mushrooms<\/td><td style=\"text-align:center\">Nie dotyczy<\/td><td style=\"text-align:center\">Nie<\/td><td>Dodaje element menu <em>Meble &gt; Eksportuj zaimportowane tekstury do SH3T<\/em>, kt\u00f3ry eksportuje wszystkie tekstury zaimportowane do katalogu Sweet Home 3D do pliku SH3T (<a href=\"https:\/\/www.sweethome3d.com\/support\/forum\/viewthread_thread,12391\">czytaj wi\u0119cej<\/a>)<\/td><\/tr><tr><td><a href=\"\/storage\/plugins\/ExportToHTML5-1.9.1.sh3p\">ExportToHTML5-1.9.1.sh3p<\/a><br>(391 kB &#8211; kod \u017ar\u00f3d\u0142owy do\u0142\u0105czony)<\/td><td style=\"text-align:center\">Space Mushrooms<\/td><td style=\"text-align:center\">Nie dotyczy<\/td><td style=\"text-align:center\">Nie<\/td><td>Dodaje&nbsp;Element menu <em>Narz\u0119dzia &gt; Eksportuj do HTML5<\/em>, kt\u00f3ry eksportuje widok 3D edytowanego domu do strony HTML5 wy\u015bwietlanej w dowolnej przegl\u0105darce obs\u0142uguj\u0105cej WebGL (<a href=\"https:\/\/www.sweethome3d.com\/support\/forum\/viewthread_thread,6708\">czytaj wi\u0119cej<\/a>). To narz\u0119dzie jest r\u00f3wnie\u017c dost\u0119pne przez&nbsp;<a href=\"https:\/\/www.sweethome3d.com\/exportHomes.jsp\">Mened\u017cer eksportowanych dom\u00f3w<\/a>, kt\u00f3ry pozwala eksportowa\u0107 i hostowa\u0107 pliki SH3D na serwerze sweethome3d.com.<\/td><\/tr><tr><td><a href=\"\/storage\/plugins\/UpdateRoadLinesPlugin-1.0.1.sh3p\">UpdateRoadLinesPlugin-1.0.1.sh3p<\/a><br>(70 kB &#8211; kod \u017ar\u00f3d\u0142owy do\u0142\u0105czony)<\/td><td style=\"text-align:center\">Space Mushrooms<\/td><td style=\"text-align:center\">Tak<\/td><td style=\"text-align:center\">Tak<\/td><td>Dodaje element menu <em>Narz\u0119dzia &gt; Modyfikuj styl linii drogowej<\/em>, kt\u00f3ry pozwala u\u017cytkownikowi wybra\u0107 <a href=\"https:\/\/fr.wikipedia.org\/wiki\/Signalisation_routi%C3%A8re_horizontale_en_France\" target=\"_blank\" rel=\"noopener\">francuski styl linii drogowej<\/a> dla wybranych polilinii i ich kolor (<a href=\"https:\/\/www.sweethome3d.com\/blog\/2018\/12\/10\/customization_for_the_forensic_police.html\">czytaj wi\u0119cej<\/a>)<\/td><\/tr><tr><td><a href=\"\/storage\/plugins\/EvidenceMarkerGenerator-1.1.1.sh3p\">EvidenceMarkerGenerator-1.1.1.sh3p<\/a><br>(38 kB &#8211; kod \u017ar\u00f3d\u0142owy do\u0142\u0105czony)<\/td><td style=\"text-align:center\">Space Mushrooms<\/td><td style=\"text-align:center\">Tak<\/td><td style=\"text-align:center\">Nie<\/td><td>Dodaje element menu <em>Narz\u0119dzia &gt; Dodaj znacznik dowodu<\/em> zdolny do wygenerowania ponumerowanego znacznika dowodu na elemencie wybranym w planie (<a href=\"https:\/\/www.sweethome3d.com\/blog\/2018\/12\/10\/customization_for_the_forensic_police.html\">czytaj wi\u0119cej<\/a>)<\/td><\/tr><tr><td><a href=\"https:\/\/sourceforge.net\/p\/sweethome3d\/plug-ins\/_discuss\/thread\/5e6557c2\/fef8\/attachment\/AdvancedEditing.sh3p\" target=\"_blank\" rel=\"noopener\">AdvancedEditing.sh3p<\/a><br>(135 kB &#8211; <a href=\"https:\/\/sourceforge.net\/p\/sweethome3d\/plug-ins\/_discuss\/thread\/5e6557c2\/fef8\/attachment\/AdvancedEditingPlugin-src.zip\" target=\"_blank\" rel=\"noopener\">kod \u017ar\u00f3d\u0142owy<\/a>)<\/td><td style=\"text-align:center\">Tobias Liefke<\/td><td style=\"text-align:center\">Tak<\/td><td style=\"text-align:center\">Tak<\/td><td>Dodaje elementy menu&nbsp;<em>Edycja &gt; Obr\u00f3\u0107<\/em>,&nbsp;<em>Edycja &gt; Przesu\u0144<\/em>,&nbsp;<em>Edycja &gt; Odbij<\/em>,&nbsp;<em>Edycja &gt; Zmie\u0144 rozmiar, Meble &gt; Podnie\u015b<\/em>,&nbsp;<em>Plan &gt; Edytuj punkty pomieszczenia<\/em>,&nbsp;<em>Plan &gt; Po\u0142\u0105cz \u015bciany<\/em>, kt\u00f3re pozwalaj\u0105 modyfikowa\u0107 wybrane obiekty w planie (<a href=\"https:\/\/www.sweethome3d.com\/support\/forum\/viewthread_thread,1757\">czytaj wi\u0119cej<\/a>)<\/td><\/tr><tr><td><a href=\"https:\/\/sourceforge.net\/p\/sweethome3d\/plug-ins\/_discuss\/thread\/34cdde5620\/4c8d\/attachment\/Multiplier-2.2.sh3p\" target=\"_blank\" rel=\"noopener\">Multiplier-2.2.sh3p<\/a><br>(176 kB &#8211; kod \u017ar\u00f3d\u0142owy do\u0142\u0105czony)<\/td><td style=\"text-align:center\">Dorin Vatavu<\/td><td style=\"text-align:center\">Tak<\/td><td style=\"text-align:center\">Tak<\/td><td>Dodaje element menu <em>Narz\u0119dzia &gt; Powiel<\/em>, kt\u00f3ry pozwala powiela\u0107 i przesuwa\u0107 wybrane obiekty w planie (<a href=\"https:\/\/www.sweethome3d.com\/support\/forum\/viewthread_thread,10554\">czytaj wi\u0119cej<\/a>)<\/td><\/tr><tr><td><a href=\"https:\/\/sourceforge.net\/p\/sweethome3d\/plug-ins\/_discuss\/thread\/015d788700\/98fc\/attachment\/AutoDimensioning.sh3p\" target=\"_blank\" rel=\"noopener\">AutoDimensioning.sh3p<\/a><br>(44 kB &#8211; kod \u017ar\u00f3d\u0142owy do\u0142\u0105czony)<\/td><td style=\"text-align:center\">Dorin Vatavu<\/td><td style=\"text-align:center\">Tak<\/td><td style=\"text-align:center\">Tak<\/td><td>Dodaje element menu <em>Narz\u0119dzia &gt; Automatyczne wymiarowanie<\/em>, kt\u00f3ry pozwala generowa\u0107 linie wymiarowe dla ca\u0142ego planu (<a href=\"https:\/\/www.sweethome3d.com\/support\/forum\/viewthread_thread,10955\">czytaj wi\u0119cej<\/a>)<\/td><\/tr><tr><td><a href=\"https:\/\/sourceforge.net\/p\/sweethome3d\/plug-ins\/_discuss\/thread\/914cc4be82\/b551\/attachment\/GenerateRoof-4.5.sh3p\" target=\"_blank\" rel=\"noopener\">GenerateRoof-4.5.sh3p<\/a><br>(690 kB &#8211; kod \u017ar\u00f3d\u0142owy do\u0142\u0105czony)<\/td><td style=\"text-align:center\">Dorin Vatavu<br><br><\/td><td style=\"text-align:center\">Nie dotyczy<\/td><td style=\"text-align:center\">Nie<\/td><td>Dodaje element menu <em>Narz\u0119dzia &gt; Generuj dach<\/em>, kt\u00f3ry pozwala wygenerowa\u0107 dach z r\u00f3\u017cnymi k\u0105tami nachylenia na podstawie kszta\u0142tu wybranego pomieszczenia (<a href=\"https:\/\/www.sweethome3d.com\/support\/forum\/viewthread_thread%2C11330\">czytaj wi\u0119cej<\/a>)<\/td><\/tr><tr><td><a href=\"https:\/\/sourceforge.net\/p\/sweethome3d\/plug-ins\/_discuss\/thread\/182d97c5\/ad56\/attachment\/AdvancedSettingsPhotoRendering-1.4.1.sh3p\" target=\"_blank\" rel=\"noopener\">AdvancedSettings<br>PhotoRendering-1.4.1.sh3p<\/a><br>(52 kB &#8211; kod \u017ar\u00f3d\u0142owy do\u0142\u0105czony)<\/td><td style=\"text-align:center\">Enko Nyito<\/td><td style=\"text-align:center\">Nie dotyczy<\/td><td style=\"text-align:center\">Nie<\/td><td>Dodaje element menu <em>Narz\u0119dzia &gt; Zaawansowane ustawienia renderowania zdj\u0119\u0107<\/em>, kt\u00f3ry pozwala modyfikowa\u0107 niekt\u00f3re <a href=\"https:\/\/sourceforge.net\/p\/sweethome3d\/code\/HEAD\/tree\/trunk\/SweetHome3D\/src\/com\/eteks\/sweethome3d\/j3d\/PhotoRenderer.properties\" target=\"_blank\" rel=\"noopener\">zaawansowane w\u0142a\u015bciwo\u015bci<\/a> u\u017cywane przez renderery zdj\u0119\u0107 na dw\u00f3ch najwy\u017cszych poziomach jako\u015bci (<a href=\"https:\/\/www.sweethome3d.com\/support\/forum\/viewthread_thread,6122_offset,20\">czytaj wi\u0119cej<\/a>)<\/td><\/tr><tr><td><a href=\"https:\/\/sourceforge.net\/p\/sweethome3d\/plug-ins\/_discuss\/thread\/40b57f75\/5282\/attachment\/PhotoVideoRendering-2.8.zip\" target=\"_blank\" rel=\"noopener\">PhotoVideoRendering-2.8.zip<\/a><br>(15 MB &#8211; plik SH3P + kod \u017ar\u00f3d\u0142owy do\u0142\u0105czony)<\/td><td style=\"text-align:center\">Enko Nyito<\/td><td style=\"text-align:center\">Nie dotyczy<\/td><td style=\"text-align:center\">Nie<\/td><td>Dodaje menu <em>Renderowanie zdj\u0119\u0107 i wideo<\/em> z elementami menu do renderowania zdj\u0119\u0107 i film\u00f3w z dodatkowymi ustawieniami (<a href=\"https:\/\/sourceforge.net\/p\/sweethome3d\/plug-ins\/18\/\" target=\"_blank\" rel=\"noopener\">czytaj wi\u0119cej<\/a>)<\/td><\/tr><\/tbody><\/table><\/figure>\n\n<p>\u017beby odinstalowa\u0107 wtyczk\u0119, usu\u0144 jej plik SH3P z folderu wtyczek <a href=\"https:\/\/www.sweethome3d.com\/pl\/pobierz\/\" data-type=\"page\" data-id=\"396\">Sweet Home 3D<\/a> i uruchom aplikacj\u0119 ponownie. Ten folder jest pokazywany po klikni\u0119ciu na dowolny plik SH3P wymieniony w sekcji <em>Wtyczki<\/em> panelu <em>Biblioteki w u\u017cyciu<\/em>. Ten panel jest wy\u015bwietlany po klikni\u0119ciu na przycisk <em>Biblioteki&#8230;<\/em> pokazany na dole okna dialogowego <em>O programie<\/em> Sweet Home 3D. Je\u015bli chcesz samodzielnie programowa\u0107 wtyczki, przeczytaj <a href=\"https:\/\/www.sweethome3d.com\/pl\/przewodnik-programisty-wtyczek\/\" data-type=\"page\" data-id=\"4964\">Przewodnik dewelopera wtyczek<\/a>.   <\/p>\n\n<div style=\"height:50px\" aria-hidden=\"true\" class=\"wp-block-spacer\"><\/div>\n\n<h2 class=\"wp-block-heading\" id=\"tools\" style=\"font-style:normal;font-weight:600\">Narz\u0119dzia<\/h2>\n\n<p>Poni\u017csza tabela zawiera list\u0119 dodatkowych narz\u0119dzi dostarczonych przez Space Mushrooms przydatnych dla <a href=\"https:\/\/www.sweethome3d.com\/pl\/pobierz\/\" data-type=\"page\" data-id=\"396\">Sweet Home 3D<\/a>. Te narz\u0119dzia s\u0105 dost\u0119pne jako wykonywalne pliki Jar, kt\u00f3re mo\u017cna uruchomi\u0107 przez dwukrotne klikni\u0119cie na nich po zainstalowaniu <a href=\"https:\/\/www.java.com\/\" target=\"_blank\" rel=\"noopener\">Java<\/a> w systemie. W systemie macOS pierwsze uruchomienie pliku wykonywalnego Jar pobranego z Internetu musi by\u0107 wykonane przez klikni\u0119cie na plik Jar przy przytrzymanym klawiszu <em>ctrl<\/em>, a nast\u0119pnie wybranie <em>Otw\u00f3rz<\/em> w menu kontekstowym, kt\u00f3re si\u0119 pojawi.  <\/p>\n\n<figure class=\"wp-block-flexible-table-block-table alignwide is-content-justification-center table-tools table-overflow-x\"><table class=\"has-fixed-layout\" style=\"border-collapse:collapse\"><thead><tr><th style=\"text-align:center\">Narz\u0119dzie<\/th><th style=\"text-align:center;width:500px\">Opis<\/th><\/tr><\/thead><tbody><tr><td style=\"text-align:left\"><a href=\"https:\/\/sourceforge.net\/projects\/sweethome3d\/files\/FurnitureLibraryEditor\/FurnitureLibraryEditor-2.2.jar\/download\" target=\"_blank\" rel=\"noopener\">FurnitureLibraryEditor-2.2.jar<\/a><br>(14,4 MB &#8211; <a href=\"https:\/\/sourceforge.net\/projects\/sweethome3d\/files\/FurnitureLibraryEditor-source\/FurnitureLibraryEditor-2.2-src.zip\" target=\"_blank\" rel=\"noopener\">kod \u017ar\u00f3d\u0142owy<\/a>)<\/td><td style=\"width:500px\">Ta aplikacja pozwala tworzy\u0107 plik biblioteki mebli SH3F i edytowa\u0107 w\u0142a\u015bciwo\u015bci modeli 3D, kt\u00f3re zawiera (<a href=\"https:\/\/www.sweethome3d.com\/support\/forum\/viewthread_thread,1550\">czytaj wi\u0119cej<\/a>)<\/td><\/tr><tr><td><a href=\"https:\/\/sourceforge.net\/projects\/sweethome3d\/files\/TexturesLibraryEditor\/TexturesLibraryEditor-2.1.jar\/download\" target=\"_blank\" rel=\"noopener\">TexturesLibraryEditor-2.1.jar<\/a><br>(1,2 MB &#8211; <a href=\"https:\/\/sourceforge.net\/projects\/sweethome3d\/files\/TexturesLibraryEditor-source\/TexturesLibraryEditor-2.1-src.zip\" target=\"_blank\" rel=\"noopener\">kod \u017ar\u00f3d\u0142owy<\/a>)<\/td><td style=\"width:500px\">Ta aplikacja pozwala tworzy\u0107 plik biblioteki tekstur SH3T i edytowa\u0107 w\u0142a\u015bciwo\u015bci obraz\u00f3w tekstur, kt\u00f3re zawiera (<a href=\"https:\/\/www.sweethome3d.com\/support\/forum\/viewthread_thread,3502\">czytaj wi\u0119cej<\/a>)<\/td><\/tr><tr><td><a href=\"\/storage\/downloads\/HugeFileCleaner-1.0.jar\">HugeFileCleaner-1.0.jar<\/a><br>(7 kB &#8211; kod \u017ar\u00f3d\u0142owy do\u0142\u0105czony)<\/td><td style=\"width:500px\">Ta aplikacja usuwa niepotrzebne wpisy, kt\u00f3re mog\u0142y pojawi\u0107 si\u0119 w ogromnych plikach SH3D (zazwyczaj wi\u0119kszych ni\u017c 500 MB) utworzonych w wersjach Sweet Home 3D starszych ni\u017c 5.2, gdy u\u017cywa\u0142e\u015b ostatniej listy tekstur pokazanej w oknie dialogowym tekstur do kopiowania tekstur modeli 3D znalezionych w katalogu mebli (<a href=\"https:\/\/www.sweethome3d.com\/support\/forum\/viewthread_thread,6331_offset,21\">czytaj wi\u0119cej<\/a>)<\/td><\/tr><tr><td><a href=\"https:\/\/apps.apple.com\/us\/app\/tape-measure\/id1437807477\" target=\"_blank\" rel=\"noopener\">Tape Measure<\/a><\/td><td style=\"width:500px\">Ta aplikacja pozwala wykonywa\u0107 pomiary i tworzy\u0107 dok\u0142adny plan domu poprzez skanowanie przestrzeni wok\u00f3\u0142 siebie i oznaczanie naro\u017cnik\u00f3w pomieszcze\u0144. Mo\u017cesz nast\u0119pnie zaimportowa\u0107 plan bezpo\u015brednio do Sweet Home 3D, \u017ceby rozpocz\u0105\u0107 projektowanie na nim. Zauwa\u017c, \u017ce aplikacja jest na razie dost\u0119pna tylko na iOS.<\/td><\/tr><\/tbody><\/table><\/figure>\n\n<p><\/p>\n","protected":false},"excerpt":{"rendered":"<p>Ta strona opisuje g\u0142\u00f3wne wtyczki i inne narz\u0119dzia dost\u0119pne dla Sweet Home 3D.<\/p>\n","protected":false},"author":4,"featured_media":4089,"parent":0,"menu_order":0,"comment_status":"closed","ping_status":"closed","template":"page-resources.php","meta":{"inline_featured_image":false,"footnotes":""},"class_list":["post-4090","page","type-page","status-publish","has-post-thumbnail","hentry"],"_links":{"self":[{"href":"https:\/\/www.sweethome3d.com\/pl\/wp-json\/wp\/v2\/pages\/4090","targetHints":{"allow":["GET"]}}],"collection":[{"href":"https:\/\/www.sweethome3d.com\/pl\/wp-json\/wp\/v2\/pages"}],"about":[{"href":"https:\/\/www.sweethome3d.com\/pl\/wp-json\/wp\/v2\/types\/page"}],"author":[{"embeddable":true,"href":"https:\/\/www.sweethome3d.com\/pl\/wp-json\/wp\/v2\/users\/4"}],"replies":[{"embeddable":true,"href":"https:\/\/www.sweethome3d.com\/pl\/wp-json\/wp\/v2\/comments?post=4090"}],"version-history":[{"count":5,"href":"https:\/\/www.sweethome3d.com\/pl\/wp-json\/wp\/v2\/pages\/4090\/revisions"}],"predecessor-version":[{"id":26854,"href":"https:\/\/www.sweethome3d.com\/pl\/wp-json\/wp\/v2\/pages\/4090\/revisions\/26854"}],"wp:featuredmedia":[{"embeddable":true,"href":"https:\/\/www.sweethome3d.com\/pl\/wp-json\/wp\/v2\/media\/4089"}],"wp:attachment":[{"href":"https:\/\/www.sweethome3d.com\/pl\/wp-json\/wp\/v2\/media?parent=4090"}],"curies":[{"name":"wp","href":"https:\/\/api.w.org\/{rel}","templated":true}]}}