{"id":3998,"date":"2025-11-11T13:49:43","date_gmt":"2025-11-11T13:49:43","guid":{"rendered":"https:\/\/www.sweethome3d.com\/licencja\/"},"modified":"2025-12-16T15:37:32","modified_gmt":"2025-12-16T15:37:32","slug":"licencja","status":"publish","type":"page","link":"https:\/\/www.sweethome3d.com\/pl\/licencja\/","title":{"rendered":"Licencja"},"content":{"rendered":"\n<p><a href=\"https:\/\/www.sweethome3d.com\/pl\/\">Sweet Home 3D<\/a>, Copyright (c) 2024 Space Mushrooms &lt;<a href=\"mailto:info@sweethome3d.com\">info@sweethome3d.com<\/a>&gt;<\/p>\n\n<p>Darmowa wersja aplikacji <a href=\"https:\/\/www.sweethome3d.com\/pl\/\" data-type=\"page\" data-id=\"278\">Sweet Home 3D<\/a>, aplikacje <a href=\"\/support\/forum\/viewthread_thread,1550\" target=\"_blank\" rel=\"noreferrer noopener\">Furniture Library Editor<\/a> i <a href=\"\/support\/forum\/viewthread_thread,3502\" target=\"_blank\" rel=\"noreferrer noopener\">Textures Library Editor<\/a>, a tak\u017ce <a href=\"https:\/\/sourceforge.net\/p\/sweethome3d\/code\/HEAD\/tree\/trunk\/SweetHome3DJS\/\" target=\"_blank\" rel=\"noreferrer noopener\">Sweet Home 3D JS<\/a> s\u0105 rozpowszechniane na licencji <a href=\"https:\/\/www.gnu.org\/licenses\/gpl-2.0.txt\" target=\"_blank\" rel=\"noreferrer noopener\">GNU General Public License<\/a>; mo\u017cesz ich u\u017cywa\u0107, kopiowa\u0107, rozpowszechnia\u0107 i\/lub modyfikowa\u0107 zgodnie z warunkami tej licencji opublikowanej przez Free Software Foundation; albo wersji 2 Licencji, albo (wed\u0142ug twojego wyboru) dowolnej p\u00f3\u017aniejszej wersji. Aby uzyska\u0107 wi\u0119cej szczeg\u00f3\u0142\u00f3w, zapoznaj si\u0119 z warunkami <a href=\"https:\/\/www.gnu.org\/licenses\/gpl-2.0.txt\" target=\"_blank\" rel=\"noreferrer noopener\">GNU General Public License<\/a> i jej <a href=\"https:\/\/www.gnu.org\/licenses\/gpl-faq.html\" target=\"_blank\" rel=\"noreferrer noopener\">FAQ<\/a>.<\/p>\n\n<p>Te programy s\u0105 dystrybuowane z nadziej\u0105, \u017ce b\u0119d\u0105 u\u017cyteczne, ale BEZ \u017bADNEJ GWARANCJI; nawet bez dorozumianej gwarancji PRZYDATNO\u015aCI HANDLOWEJ lub PRZYDATNO\u015aCI DO OKRE\u015aLONEGO CELU.<\/p>\n\n<p>GNU General Public License i inne licencje, na kt\u00f3rych dost\u0119pne s\u0105 aplikacje Sweet Home 3D, Sweet Home 3D Mobile, Furniture Library Editor, Textures Library Editor oraz Sweet Home 3D JS, pozwalaj\u0105 na publikowanie dokument\u00f3w stworzonych za pomoc\u0105 tych aplikacji, zar\u00f3wno do u\u017cytku osobistego, jak i komercyjnego, w granicach praw przyznanych przez licencje modeli 3D i tekstur, kt\u00f3re zaimportowa\u0142e\u015b do dokument\u00f3w wygenerowanych za pomoc\u0105 tych aplikacji.<br\/>Mo\u017cesz u\u017cywa\u0107 i rozpowszechnia\u0107 modele 3D i tekstury dost\u0119pne w domy\u015blnych katalogach wszystkich wersji Sweet Home 3D do u\u017cytku osobistego lub komercyjnego, a tak\u017ce <a href=\"https:\/\/www.sweethome3d.com\/pl\/darmowe-modele-3d\/\">darmowe modele 3D<\/a> hostowane na sweethome3d.com oraz <a href=\"https:\/\/sourceforge.net\/projects\/sweethome3d\/files\/SweetHome3D-models\/\" target=\"_blank\" rel=\"noreferrer noopener\">biblioteki mebli<\/a> lub <a href=\"https:\/\/sourceforge.net\/projects\/sweethome3d\/files\/SweetHome3D-textures\/\" target=\"_blank\" rel=\"noreferrer noopener\">biblioteki tekstur<\/a> dost\u0119pne w\u015br\u00f3d <a href=\"https:\/\/sourceforge.net\/projects\/sweethome3d\/files\/\" target=\"_blank\" rel=\"noreferrer noopener\">plik\u00f3w Sweet Home 3D na SourceForge.net<\/a>. Je\u015bli zawrzesz niekt\u00f3re z tych modeli 3D i tekstur w swoich dokumentach, powiniene\u015b przypisa\u0107 autorstwo tym, kt\u00f3re s\u0105 rozpowszechniane na licencji <a href=\"https:\/\/artlibre.org\/licence\/lal\/en\/\" target=\"_blank\" rel=\"noreferrer noopener\">Free Art License<\/a> lub <a href=\"https:\/\/creativecommons.org\/licenses\/by\/3.0\/\" target=\"_blank\" rel=\"noreferrer noopener\">CC-BY License<\/a>, mo\u017cliwie u\u017cywaj\u0105c informacji podobnej do poni\u017cszej (w\u0142\u0105cznie z linkami, aby u\u017cytkownicy mogli znale\u017a\u0107 autor\u00f3w wykorzystanych przez ciebie dzie\u0142):<\/p>\n\n<p><em>Projekt zaprojektowany za pomoc\u0105 <a href=\"https:\/\/www.sweethome3d.com\/pl\/\" data-type=\"page\" data-id=\"278\">Sweet Home 3D<\/a>. Zawiera <a href=\"https:\/\/www.sweethome3d.com\/pl\/darmowe-modele-3d\/\">modele 3D<\/a> i <a href=\"\/import-textures\/\">tekstury<\/a> rozpowszechniane na licencji wolnego oprogramowania.<\/em><\/p>\n\n<p>U\u017cywanie i redystrybucja modeli 3D lub tekstur znalezionych na innych stronach internetowych mo\u017ce by\u0107 ograniczona przez licencj\u0119, na kt\u00f3rej s\u0105 dystrybuowane, i to do ciebie nale\u017cy sprawdzenie ich licencji. Na przyk\u0142ad modele 3D dost\u0119pne w <a href=\"https:\/\/www.2d3dmodels.com\/3dmodels.htm\" target=\"_blank\" rel=\"noreferrer noopener\">Archibit<\/a> s\u0105 dystrybuowane na licencji <a href=\"https:\/\/creativecommons.org\/licenses\/by-nc-sa\/2.5\/it\/\" target=\"_blank\" rel=\"noreferrer noopener\">Creative Commons BY-NC-SA<\/a>, kt\u00f3ra zabrania u\u017cywania dzie\u0142a do cel\u00f3w komercyjnych, podczas gdy sekcje 1.B i 2.vi <a href=\"https:\/\/3dwarehouse.sketchup.com\/tos#license\" target=\"_blank\" rel=\"noreferrer noopener\">General Model License<\/a> dla modeli dost\u0119pnych w <a href=\"https:\/\/3dwarehouse.sketchup.com\/\" target=\"_blank\" rel=\"noreferrer noopener\">Trimble 3D Warehouse<\/a> pozwalaj\u0105 ci u\u017cywa\u0107 ich do <em>cel\u00f3w biznesowych (w tym komercyjnych)<\/em>, ale zabraniaj\u0105 <em>agregowania jakiejkolwiek zawarto\u015bci uzyskanej ze Strony w celu redystrybucji<\/em>, co uniemo\u017cliwia redystrybucj\u0119 bibliotek mebli zawieraj\u0105cych modele z 3D Warehouse. <\/p>\n\n<p>GNU General Public License pozwala ci tak\u017ce swobodnie redystrybuowa\u0107 na tej samej licencji darmow\u0105 wersj\u0119 aplikacji Sweet Home 3D, aplikacje Furniture Library Editor i Textures Library Editor, a tak\u017ce Sweet Home 3D JS, je\u015bli dostarczysz z nimi warunki <a href=\"https:\/\/www.gnu.org\/licenses\/gpl-2.0.txt\" target=\"_blank\" rel=\"noreferrer noopener\">GNU General Public License<\/a> i dodasz nast\u0119puj\u0105c\u0105 notatk\u0119 o prawach autorskich w odpowiednim miejscu (z linkiem do strony <a href=\"\/\">https:\/\/www.sweethome3d.com<\/a>, gdy to mo\u017cliwe):<\/p>\n\n<p><em>Sweet Home 3D, Copyright (c) 2024 Space Mushrooms &lt;info@sweehome3d.com&gt;<\/em><\/p>\n\n<p>Ta zasada dotyczy tak\u017ce u\u017cywania <a href=\"https:\/\/sourceforge.net\/projects\/sweethome3d\/files\/SweetHome3D-viewer\/SweetHome3DJSViewer-7.5.2.zip\/download\" target=\"_blank\" rel=\"noreferrer noopener\">Sweet Home 3D JS Viewer<\/a> lub <a href=\"\/online-manager\/\">wersji online<\/a> na twojej stronie internetowej, co jest rodzajem redystrybucji.<\/p>\n\n<p><em>Zauwa\u017c, \u017ce GNU General Public License zabrania programistom, kt\u00f3rzy nie posiadaj\u0105 praw autorskich do Sweet Home 3D, tworzenia w\u0142asno\u015bciowych program\u00f3w pochodz\u0105cych z tego oprogramowania lub w\u0142\u0105czania go do w\u0142asno\u015bciowych program\u00f3w.<\/em><\/p>\n\n<p><em>Je\u015bli jeste\u015b zainteresowany Sweet Home 3D do takiego u\u017cytku, napisz na <a href=\"mailto:info@sweethome3d.com\">info@sweethome3d.com<\/a>, \u017ceby uzyska\u0107 informacje o innych dost\u0119pnych licencjach, kt\u00f3re mog\u0105 spe\u0142ni\u0107 twoje potrzeby.<\/em><\/p>\n\n<p>Sweet Home 3D zawiera tak\u017ce nast\u0119puj\u0105ce biblioteki dystrybuowane na licencjach mniej restrykcyjnych ni\u017c GNU GPL:<\/p>\n\n<ul class=\"wp-block-list pl-16\">\n<li>Biblioteka Java 3D dystrybuowana na <a href=\"https:\/\/www.opensource.org\/licenses\/bsd-license.php\" target=\"_blank\" rel=\"noreferrer noopener\">licencji BSD<\/a> i <a href=\"https:\/\/openjdk.java.net\/legal\/gplv2+ce.html\" target=\"_blank\" rel=\"noreferrer noopener\">GNU General Public License z wyj\u0105tkiem Classpath<\/a>,<\/li>\n\n\n\n<li>Biblioteka <a href=\"https:\/\/java.sun.com\/javase\/technologies\/desktop\/media\/jmf\/\" target=\"_blank\" rel=\"noreferrer noopener\">Java Media Framework<\/a> dystrybuowana na <a href=\"https:\/\/java.sun.com\/javase\/technologies\/desktop\/media\/jmf\/2.1.1\/license.html\" target=\"_blank\" rel=\"noreferrer noopener\">licencji JMF 2.1.1 Binary Code<\/a>,<\/li>\n\n\n\n<li>Biblioteka druku PDF <a href=\"https:\/\/www.lowagie.com\/iText\/\" target=\"_blank\" rel=\"noreferrer noopener\">iText<\/a> w wersji 2.1.7 dystrybuowana na <a href=\"https:\/\/www.gnu.org\/licenses\/old-licenses\/lgpl-2.1.txt\" target=\"_blank\" rel=\"noreferrer noopener\">GNU Lesser General Public License<\/a>,<\/li>\n\n\n\n<li>Biblioteka eksportu SVG <a href=\"https:\/\/java.freehep.org\/\" target=\"_blank\" rel=\"noreferrer noopener\">FreeHep<\/a> dystrybuowana na <a href=\"https:\/\/www.gnu.org\/licenses\/old-licenses\/lgpl-2.1.txt\" target=\"_blank\" rel=\"noreferrer noopener\">GNU Lesser General Public License<\/a>,<\/li>\n\n\n\n<li>Biblioteka kompilacji \u015bcie\u017cek SVG <a href=\"https:\/\/xmlgraphics.apache.org\/batik\/\" target=\"_blank\" rel=\"noreferrer noopener\">Batik<\/a> <a href=\"https:\/\/xmlgraphics.apache.org\/batik\/\" target=\"_blank\" rel=\"noreferrer noopener\"><\/a>dystrybuowana na <a href=\"https:\/\/xmlgraphics.apache.org\/batik\/license.html\" target=\"_blank\" rel=\"noreferrer noopener\">licencji Apache<\/a>,<\/li>\n\n\n\n<li>Biblioteka kalkulatora <a href=\"https:\/\/www.eteks.com\/jeks\/\" target=\"_blank\" rel=\"noreferrer noopener\">Jeks Parser<\/a> do obs\u0142ugi wyra\u017ce\u0144 matematycznych dystrybuowana na <a href=\"https:\/\/www.gnu.org\/licenses\/old-licenses\/lgpl-2.1.txt\" target=\"_blank\" rel=\"noreferrer noopener\">GNU Lesser General Public License<\/a>,<\/li>\n\n\n\n<li>Biblioteka renderowania globalnego o\u015bwietlenia <a href=\"https:\/\/sunflow.sourceforge.net\/\" target=\"_blank\" rel=\"noreferrer noopener\">SunFlow<\/a> dystrybuowana na <a href=\"https:\/\/www.opensource.org\/licenses\/mit-license.php\" target=\"_blank\" rel=\"noreferrer noopener\">licencji MIT<\/a>,<\/li>\n\n\n\n<li>Biblioteka renderowania <a href=\"https:\/\/github.com\/YafaRay\" target=\"_blank\" rel=\"noreferrer noopener\">YafaRay<\/a> dystrybuowana na <a href=\"https:\/\/www.gnu.org\/licenses\/old-licenses\/lgpl-2.1.txt\" target=\"_blank\" rel=\"noreferrer noopener\">GNU Lesser General Public License<\/a><a href=\"https:\/\/www.opensource.org\/licenses\/mit-license.php\" target=\"_blank\" rel=\"noreferrer noopener\"><\/a>,<\/li>\n\n\n\n<li><a href=\"https:\/\/www.sweethome3d.com\/pl\/darmowe-modele-3d\/\">Modele 3D<\/a> i tekstury dost\u0119pne w katalogach darmowej wersji s\u0105 dystrybuowane na GNU GPL lub <a>licencji CC-BY<\/a>,<\/li>\n\n\n\n<li>dodatkowe <a href=\"https:\/\/www.sweethome3d.com\/pl\/darmowe-modele-3d\/\">modele 3D<\/a> i <a href=\"https:\/\/www.sweethome3d.com\/import-textures\/\">tekstury<\/a> dost\u0119pne w katalogach wersji z <a href=\"https:\/\/apps.apple.com\/app\/sweet-home-3d\/id669289700\" target=\"_blank\" rel=\"noreferrer noopener\">Mac App Store<\/a>, <a href=\"https:\/\/apps.microsoft.com\/detail\/9nblggh2smtq\" target=\"_blank\" rel=\"noreferrer noopener\">Microsoft Store<\/a> i <a href=\"https:\/\/www.amazon.com\/gp\/product\/B00NLVKPDM\" target=\"_blank\" rel=\"noreferrer noopener\">Amazon Store<\/a> s\u0105 dystrybuowane na <a href=\"https:\/\/artlibre.org\/licence\/lal\/en\" target=\"_blank\" rel=\"noreferrer noopener\">licencji Free Art<\/a>, <a href=\"https:\/\/creativecommons.org\/licenses\/by\/3.0\/\" target=\"_blank\" rel=\"noreferrer noopener\">licencji CC-BY<\/a> lub s\u0105 dost\u0119pne w domenie publicznej w zale\u017cno\u015bci od modeli.<\/li>\n<\/ul>\n\n<p>Sweet Home 3D JS zale\u017cy tak\u017ce od nast\u0119puj\u0105cych bibliotek:<\/p>\n\n<ul class=\"wp-block-list pl-16\">\n<li>Biblioteka <a href=\"https:\/\/stuk.github.io\/jszip\/\" target=\"_blank\" rel=\"noreferrer noopener\">JSZip<\/a> dystrybuowana na <a href=\"https:\/\/github.com\/Stuk\/jszip\/blob\/master\/LICENSE.markdown\" target=\"_blank\" rel=\"noreferrer noopener\">licencji MIT<\/a>,<\/li>\n\n\n\n<li>Biblioteka <a href=\"https:\/\/glmatrix.net\/\" target=\"_blank\" rel=\"noreferrer noopener\">glMatrix<\/a> dystrybuowana na <a href=\"https:\/\/github.com\/toji\/gl-matrix\/blob\/master\/LICENSE.md\" target=\"_blank\" rel=\"noreferrer noopener\">licencji MIT<\/a>,<\/li>\n\n\n\n<li>Biblioteka <a href=\"https:\/\/github.com\/MikeMcl\/big.js\/\" target=\"_blank\" rel=\"noreferrer noopener\">big.js<\/a> dystrybuowana na <a href=\"https:\/\/github.com\/MikeMcl\/big.js\/blob\/main\/LICENCE.md\" target=\"_blank\" rel=\"noreferrer noopener\">licencji MIT<\/a>,<\/li>\n\n\n\n<li>Biblioteka <a href=\"https:\/\/github.com\/ndebeiss\/jsXmlSaxParser\" target=\"_blank\" rel=\"noreferrer noopener\">jsXmlSaxParser<\/a> dystrybuowana na <a href=\"https:\/\/raw.githubusercontent.com\/ndebeiss\/jsXmlSaxParser\/master\/LICENSE\" target=\"_blank\" rel=\"noreferrer noopener\">licencji Apache<\/a>,<\/li>\n\n\n\n<li>T\u0142umaczenie JavaScript klasy <code>Triangulator<\/code> w bibliotece <a href=\"https:\/\/github.com\/hharrison\/java3d-utils\" target=\"_blank\" rel=\"noreferrer noopener\">Java 3D utils<\/a> dystrybuowane na <a href=\"https:\/\/github.com\/hharrison\/java3d-utils\/blob\/master\/LICENSE.txt\" target=\"_blank\" rel=\"noreferrer noopener\">licencji BSD<\/a>,<\/li>\n\n\n\n<li>T\u0142umaczenie JavaScript biblioteki kompilacji \u015bcie\u017cek SVG <a href=\"https:\/\/xmlgraphics.apache.org\/batik\/\" target=\"_blank\" rel=\"noreferrer noopener\">Batik<\/a> dystrybuowane na <a href=\"https:\/\/xmlgraphics.apache.org\/batik\/license.html\" target=\"_blank\" rel=\"noreferrer noopener\">licencji Apache<\/a>,<\/li>\n\n\n\n<li>Biblioteka <a href=\"https:\/\/github.com\/stleary\/JSON-java\" target=\"_blank\" rel=\"noreferrer noopener\">JSON.org<\/a> dystrybuowana na <a href=\"https:\/\/github.com\/stleary\/JSON-java\/blob\/master\/LICENSE\" target=\"_blank\" rel=\"noreferrer noopener\">darmowej licencji JSON<\/a>,<\/li>\n\n\n\n<li>T\u0142umaczenie JavaScript pakiet\u00f3w <code>java.awt.geom<\/code> i <code>javax.swing.undo<\/code> w bibliotece <a href=\"https:\/\/openjdk.java.net\/\" target=\"_blank\" rel=\"noreferrer noopener\">OpenJDK<\/a> dystrybuowane na <a href=\"https:\/\/openjdk.java.net\/legal\/gplv2+ce.html\" target=\"_blank\" rel=\"noreferrer noopener\">GNU General Public License z wyj\u0105tkiem Classpath<\/a>.<\/li>\n<\/ul>\n","protected":false},"excerpt":{"rendered":"<p>Sweet Home 3D, Copyright (c) 2024 Space Mushrooms &lt;info@sweethome3d.com&gt; Darmowa wersja aplikacji Sweet Home 3D, aplikacje Furniture Library Editor i Textures Library Editor, a tak\u017ce Sweet Home 3D JS s\u0105 rozpowszechniane na licencji GNU General Public License; mo\u017cesz ich u\u017cywa\u0107, kopiowa\u0107, rozpowszechnia\u0107 i\/lub modyfikowa\u0107 zgodnie z warunkami tej licencji opublikowanej przez Free Software Foundation; albo<a href=\"https:\/\/www.sweethome3d.com\/pl\/licencja\/\">Continue reading <span class=\"sr-only\">&#8222;Licencja&#8221;<\/span><\/a><\/p>\n","protected":false},"author":2,"featured_media":3997,"parent":0,"menu_order":0,"comment_status":"closed","ping_status":"closed","template":"page-resources.php","meta":{"inline_featured_image":false,"footnotes":""},"class_list":["post-3998","page","type-page","status-publish","has-post-thumbnail","hentry"],"_links":{"self":[{"href":"https:\/\/www.sweethome3d.com\/pl\/wp-json\/wp\/v2\/pages\/3998","targetHints":{"allow":["GET"]}}],"collection":[{"href":"https:\/\/www.sweethome3d.com\/pl\/wp-json\/wp\/v2\/pages"}],"about":[{"href":"https:\/\/www.sweethome3d.com\/pl\/wp-json\/wp\/v2\/types\/page"}],"author":[{"embeddable":true,"href":"https:\/\/www.sweethome3d.com\/pl\/wp-json\/wp\/v2\/users\/2"}],"replies":[{"embeddable":true,"href":"https:\/\/www.sweethome3d.com\/pl\/wp-json\/wp\/v2\/comments?post=3998"}],"version-history":[{"count":3,"href":"https:\/\/www.sweethome3d.com\/pl\/wp-json\/wp\/v2\/pages\/3998\/revisions"}],"predecessor-version":[{"id":11886,"href":"https:\/\/www.sweethome3d.com\/pl\/wp-json\/wp\/v2\/pages\/3998\/revisions\/11886"}],"wp:featuredmedia":[{"embeddable":true,"href":"https:\/\/www.sweethome3d.com\/pl\/wp-json\/wp\/v2\/media\/3997"}],"wp:attachment":[{"href":"https:\/\/www.sweethome3d.com\/pl\/wp-json\/wp\/v2\/media?parent=3998"}],"curies":[{"name":"wp","href":"https:\/\/api.w.org\/{rel}","templated":true}]}}