{"id":3756,"date":"2025-11-11T14:14:07","date_gmt":"2025-11-11T14:14:07","guid":{"rendered":"https:\/\/www.sweethome3d.com\/menedzer-wyeksportowanych-domow\/"},"modified":"2025-12-15T14:37:04","modified_gmt":"2025-12-15T14:37:04","slug":"menedzer-wyeksportowanych-domow","status":"publish","type":"page","link":"https:\/\/www.sweethome3d.com\/pl\/menedzer-wyeksportowanych-domow\/","title":{"rendered":"Mened\u017cer wyeksportowanych dom\u00f3w"},"content":{"rendered":"\n<p class=\"has-text-align-center\">Bazuj\u0105c na <a href=\"\/support\/forum\/viewthread_thread,6708\" target=\"_blank\" rel=\"noreferrer noopener\">wtyczce Export to HTML5<\/a>, ta us\u0142uga pozwala zarejestrowanym u\u017cytkownikom przesy\u0142a\u0107 swoje pliki <a href=\"https:\/\/www.sweethome3d.com\/pl\/\">Sweet Home 3D<\/a> na ten serwer internetowy, aby przegl\u0105da\u0107 je w 3D w dowolnej przegl\u0105darce obs\u0142uguj\u0105cej WebGL, jak w <a href=\"\/viewHome.jsp?id=1\" target=\"_blank\" rel=\"noreferrer noopener\">tym przyk\u0142adzie<\/a> pokazanym na poni\u017cszym zrzucie ekranu, kt\u00f3ry wy\u015bwietla plik <em>SweetHome3DExample3.sh3d<\/em> dost\u0119pny w <a href=\"https:\/\/www.sweethome3d.com\/pl\/galeria\/\">galerii<\/a>.<br\/>Je\u015bli chcesz korzysta\u0107 z mened\u017cera wyeksportowanych dom\u00f3w, najpierw <a href=\"\/support\/forum\/registermember\" target=\"_blank\" rel=\"noreferrer noopener\">zarejestruj si\u0119<\/a> bezp\u0142atnie w us\u0142ugach Sweet Home 3D i <a href=\"\/support\/forum\/login?url=https%3A%2F%2Fwww.sweethome3d.com%2FexportHomes.jsp&amp;forumLogin=false&amp;lang=en\" target=\"_blank\" rel=\"noreferrer noopener\">zaloguj si\u0119<\/a>.<\/p>\n\n<div style=\"height:50px\" aria-hidden=\"true\" class=\"wp-block-spacer\"><\/div>\n\n<div class=\"wp-block-group is-content-justification-center is-nowrap is-layout-flex wp-container-core-group-is-layout-94bc23d7 wp-block-group-is-layout-flex\">\n<figure class=\"wp-block-image aligncenter size-full\"><img decoding=\"async\" width=\"1788\" height=\"1090\" data-src=\"https:\/\/www.sweethome3d.com\/wp-content\/uploads\/2025\/11\/Frame-327.png\" alt=\"\" class=\"wp-image-972 lazyload\" data-srcset=\"https:\/\/www.sweethome3d.com\/wp-content\/uploads\/2025\/11\/Frame-327.png 1788w, https:\/\/www.sweethome3d.com\/wp-content\/uploads\/2025\/11\/Frame-327-300x183.png 300w, https:\/\/www.sweethome3d.com\/wp-content\/uploads\/2025\/11\/Frame-327-1024x624.png 1024w, https:\/\/www.sweethome3d.com\/wp-content\/uploads\/2025\/11\/Frame-327-148x90.png 148w, https:\/\/www.sweethome3d.com\/wp-content\/uploads\/2025\/11\/Frame-327-768x468.png 768w, https:\/\/www.sweethome3d.com\/wp-content\/uploads\/2025\/11\/Frame-327-1536x936.png 1536w\" data-sizes=\"(max-width: 1788px) 100vw, 1788px\" src=\"data:image\/svg+xml;base64,PHN2ZyB3aWR0aD0iMSIgaGVpZ2h0PSIxIiB4bWxucz0iaHR0cDovL3d3dy53My5vcmcvMjAwMC9zdmciPjwvc3ZnPg==\" style=\"--smush-placeholder-width: 1788px; --smush-placeholder-aspect-ratio: 1788\/1090;\" \/><\/figure>\n<\/div>\n","protected":false},"excerpt":{"rendered":"<p>Bazuj\u0105c na wtyczce Export to HTML5, ta us\u0142uga pozwala zarejestrowanym u\u017cytkownikom przesy\u0142a\u0107 swoje pliki Sweet Home 3D na ten serwer internetowy, aby przegl\u0105da\u0107 je w 3D w dowolnej przegl\u0105darce obs\u0142uguj\u0105cej WebGL, jak w tym przyk\u0142adzie pokazanym na poni\u017cszym zrzucie ekranu, kt\u00f3ry wy\u015bwietla plik SweetHome3DExample3.sh3d dost\u0119pny w galerii.Je\u015bli chcesz korzysta\u0107 z mened\u017cera wyeksportowanych dom\u00f3w, najpierw zarejestruj<a href=\"https:\/\/www.sweethome3d.com\/pl\/menedzer-wyeksportowanych-domow\/\">Continue reading <span class=\"sr-only\">&#8222;Mened\u017cer wyeksportowanych dom\u00f3w&#8221;<\/span><\/a><\/p>\n","protected":false},"author":2,"featured_media":3755,"parent":0,"menu_order":0,"comment_status":"closed","ping_status":"closed","template":"page-export-homes.php","meta":{"inline_featured_image":false,"footnotes":""},"class_list":["post-3756","page","type-page","status-publish","has-post-thumbnail","hentry"],"_links":{"self":[{"href":"https:\/\/www.sweethome3d.com\/pl\/wp-json\/wp\/v2\/pages\/3756","targetHints":{"allow":["GET"]}}],"collection":[{"href":"https:\/\/www.sweethome3d.com\/pl\/wp-json\/wp\/v2\/pages"}],"about":[{"href":"https:\/\/www.sweethome3d.com\/pl\/wp-json\/wp\/v2\/types\/page"}],"author":[{"embeddable":true,"href":"https:\/\/www.sweethome3d.com\/pl\/wp-json\/wp\/v2\/users\/2"}],"replies":[{"embeddable":true,"href":"https:\/\/www.sweethome3d.com\/pl\/wp-json\/wp\/v2\/comments?post=3756"}],"version-history":[{"count":2,"href":"https:\/\/www.sweethome3d.com\/pl\/wp-json\/wp\/v2\/pages\/3756\/revisions"}],"predecessor-version":[{"id":8740,"href":"https:\/\/www.sweethome3d.com\/pl\/wp-json\/wp\/v2\/pages\/3756\/revisions\/8740"}],"wp:featuredmedia":[{"embeddable":true,"href":"https:\/\/www.sweethome3d.com\/pl\/wp-json\/wp\/v2\/media\/3755"}],"wp:attachment":[{"href":"https:\/\/www.sweethome3d.com\/pl\/wp-json\/wp\/v2\/media?parent=3756"}],"curies":[{"name":"wp","href":"https:\/\/api.w.org\/{rel}","templated":true}]}}