{"id":3280,"date":"2025-09-19T09:07:08","date_gmt":"2025-09-19T09:07:08","guid":{"rendered":"https:\/\/www.sweethome3d.com\/informacje-prawne\/"},"modified":"2025-11-27T14:48:14","modified_gmt":"2025-11-27T14:48:14","slug":"informacje-prawne","status":"publish","type":"page","link":"https:\/\/www.sweethome3d.com\/pl\/informacje-prawne\/","title":{"rendered":"Informacje prawne"},"content":{"rendered":"\n<p>Oprogramowanie <a href=\"https:\/\/www.sweethome3d.com\/pl\/\">Sweet Home 3D<\/a> i strona internetowa <a href=\"\/\">https:\/\/www.sweethome3d.com\/<\/a> s\u0105 publikowane przez:<\/p>\n\n<blockquote class=\"wp-block-quote is-layout-flow wp-block-quote-is-layout-flow\">\n<p><a href=\"https:\/\/www.spacemushrooms.it\/\" target=\"_blank\" rel=\"noopener\">Space Mushrooms srl<\/a><br\/>Via Melzi d&#8217;Eril 29<br\/>20154, Mediolan<br\/>W\u0142ochy<br\/>Email: <a href=\"mailto:info@sweethome3d.com\">info@sweethome3d.com<\/a><\/p>\n<\/blockquote>\n\n<p><a href=\"https:\/\/www.spacemushrooms.it\/\" target=\"_blank\" rel=\"noopener\">Space Mushrooms srl<\/a> to niezale\u017cna firma za\u0142o\u017cona w 2021 roku.<\/p>\n\n<p>Sweet Home 3D<sup>\u00ae<\/sup> to zarejestrowany znak towarowy.<br\/>Inne nazwy handlowe wymienione na tej stronie internetowej to znaki towarowe lub zarejestrowane znaki towarowe b\u0119d\u0105ce w\u0142asno\u015bci\u0105 ich odpowiednich w\u0142a\u015bcicieli.<\/p>\n\n<p><a href=\"https:\/\/www.sweethome3d.com\/\">sweethome3d.com<\/a>, <a href=\"https:\/\/www.sweethome3d.eu\/\" target=\"_blank\" rel=\"noopener\">sweethome3d.eu<\/a>, <a href=\"https:\/\/www.sweethome3d.online\/\" target=\"_blank\" rel=\"noopener\">sweethome3d.online<\/a> i <a href=\"https:\/\/www.sweethome2d.com\/\" target=\"_blank\" rel=\"noopener\">sweethome2d.com<\/a> s\u0105 hostowane przez:<\/p>\n\n<blockquote class=\"wp-block-quote is-layout-flow wp-block-quote-is-layout-flow\">\n<p>OVH<br\/>140, quai du Sartel<br\/>59100 Roubaix<br\/>Francja<br\/>Tel: +33 8 203 203 63<\/p>\n<\/blockquote>\n\n<p><\/p>\n","protected":false},"excerpt":{"rendered":"<p>Oprogramowanie Sweet Home 3D i strona internetowa https:\/\/www.sweethome3d.com\/ s\u0105 publikowane przez: Space Mushrooms srlVia Melzi d&#8217;Eril 2920154, MediolanW\u0142ochyEmail: info@sweethome3d.com Space Mushrooms srl to niezale\u017cna firma za\u0142o\u017cona w 2021 roku. Sweet Home 3D\u00ae to zarejestrowany znak towarowy.Inne nazwy handlowe wymienione na tej stronie internetowej to znaki towarowe lub zarejestrowane znaki towarowe b\u0119d\u0105ce w\u0142asno\u015bci\u0105 ich odpowiednich w\u0142a\u015bcicieli.<a href=\"https:\/\/www.sweethome3d.com\/pl\/informacje-prawne\/\">Continue reading <span class=\"sr-only\">&#8222;Informacje prawne&#8221;<\/span><\/a><\/p>\n","protected":false},"author":4,"featured_media":3276,"parent":0,"menu_order":0,"comment_status":"closed","ping_status":"closed","template":"page-resources.php","meta":{"inline_featured_image":false,"footnotes":""},"class_list":["post-3280","page","type-page","status-publish","has-post-thumbnail","hentry"],"_links":{"self":[{"href":"https:\/\/www.sweethome3d.com\/pl\/wp-json\/wp\/v2\/pages\/3280","targetHints":{"allow":["GET"]}}],"collection":[{"href":"https:\/\/www.sweethome3d.com\/pl\/wp-json\/wp\/v2\/pages"}],"about":[{"href":"https:\/\/www.sweethome3d.com\/pl\/wp-json\/wp\/v2\/types\/page"}],"author":[{"embeddable":true,"href":"https:\/\/www.sweethome3d.com\/pl\/wp-json\/wp\/v2\/users\/4"}],"replies":[{"embeddable":true,"href":"https:\/\/www.sweethome3d.com\/pl\/wp-json\/wp\/v2\/comments?post=3280"}],"version-history":[{"count":1,"href":"https:\/\/www.sweethome3d.com\/pl\/wp-json\/wp\/v2\/pages\/3280\/revisions"}],"predecessor-version":[{"id":3281,"href":"https:\/\/www.sweethome3d.com\/pl\/wp-json\/wp\/v2\/pages\/3280\/revisions\/3281"}],"wp:featuredmedia":[{"embeddable":true,"href":"https:\/\/www.sweethome3d.com\/pl\/wp-json\/wp\/v2\/media\/3276"}],"wp:attachment":[{"href":"https:\/\/www.sweethome3d.com\/pl\/wp-json\/wp\/v2\/media?parent=3280"}],"curies":[{"name":"wp","href":"https:\/\/api.w.org\/{rel}","templated":true}]}}