{"id":9955,"date":"2025-09-18T11:54:48","date_gmt":"2025-09-18T11:54:48","guid":{"rendered":"https:\/\/www.sweethome3d.com\/modellen-importeren-in-sweet-home-3d-voeg-aangepast-3d-meubilair-en-objecten-toe\/"},"modified":"2026-01-09T08:37:19","modified_gmt":"2026-01-09T08:37:19","slug":"modellen-importeren-in-sweet-home-3d-voeg-aangepast-3d-meubilair-en-objecten-toe","status":"publish","type":"page","link":"https:\/\/www.sweethome3d.com\/nl\/modellen-importeren-in-sweet-home-3d-voeg-aangepast-3d-meubilair-en-objecten-toe\/","title":{"rendered":"Modellen importeren in Sweet Home 3D \u2013 Voeg aangepast 3D-meubilair en objecten toe"},"content":{"rendered":"\n<p class=\"has-text-align-center\">Om <strong>modellen te importeren<\/strong>, geeft deze pagina een overzicht van bronnen voor <strong>gratis 3D-modellen<\/strong> die je kunt importeren in <a href=\"\/\">Sweet Home 3D<\/a>, zowel <a href=\"#gratis-3dmodellen-gemaakt-door-bijdragers\" data-type=\"page\" data-id=\"432\">\u00e9\u00e9n voor \u00e9\u00e9n<\/a> als per <a href=\"#bibliotheken-van-3dmodellen\" data-type=\"link\" data-id=\"https:\/\/www.sweethome3d.com\/import-models\/#ModelsLibraries\">groep modellen<\/a>, en <a href=\"#andere-websites-met-3dmodellen\">websites<\/a> die 3D-modellen aanbieden.<\/p>\n\n\n<h2 class=\"wp-block-heading\" id=\"beschikbare-bronnen-van-3dmodellen\">Beschikbare bronnen van 3D-modellen<\/h2>\n\n<h3 class=\"wp-block-heading\" id=\"gratis-3dmodellen-gemaakt-door-bijdragers\"><img loading=\"lazy\" decoding=\"async\" width=\"16\" height=\"12\" src=\"https:\/\/www.sweethome3d.com\/images\/bullet.gif\">Gratis 3D-modellen gemaakt door bijdragers<\/h3>\n\n\n<p>The&nbsp;<a href=\"https:\/\/www.sweethome3d.com\/nl\/gratis-3d-modellen\/\" data-type=\"page\" data-id=\"4869\">free 3D models page<\/a>&nbsp;proposes more than 1.600 additional 3D models created by contributors and supported in the&nbsp;<a href=\"https:\/\/www.sweethome3d.com\/nl\/sweet-home-3d-gebruikershandleiding\/#importing3DModels\" data-type=\"page\" data-id=\"424\">furniture import wizard<\/a>&nbsp;of Sweet Home 3D.<\/p>\n\n\n\n<div class=\"wp-block-group models-row is-content-justification-center is-nowrap is-layout-flex wp-container-core-group-is-layout-94bc23d7 wp-block-group-is-layout-flex\">\n<figure class=\"wp-block-image size-full is-resized\"><a href=\"https:\/\/www.sweethome3d.com\/nl\/gratis-3d-modellen\/\"><img loading=\"lazy\" decoding=\"async\" width=\"128\" height=\"128\" src=\"https:\/\/www.sweethome3d.com\/wp-content\/uploads\/2025\/10\/bedWithTexture.png\" alt=\"\" class=\"wp-image-4856\" style=\"width:64px\"\/><\/a><\/figure>\n\n\n\n<figure class=\"wp-block-image size-full is-resized\"><a href=\"https:\/\/www.sweethome3d.com\/nl\/gratis-3d-modellen\/\"><img loading=\"lazy\" decoding=\"async\" width=\"128\" height=\"128\" src=\"https:\/\/www.sweethome3d.com\/wp-content\/uploads\/2025\/10\/burlap_sofa.png\" alt=\"\" class=\"wp-image-4857\" style=\"width:64px\"\/><\/a><\/figure>\n\n\n\n<figure class=\"wp-block-image size-full is-resized\"><a href=\"https:\/\/www.sweethome3d.com\/nl\/gratis-3d-modellen\/\"><img loading=\"lazy\" decoding=\"async\" width=\"128\" height=\"128\" src=\"https:\/\/www.sweethome3d.com\/wp-content\/uploads\/2025\/10\/wooden_table_office.png\" alt=\"\" class=\"wp-image-4858\" style=\"width:64px\"\/><\/a><\/figure>\n\n\n\n<figure class=\"wp-block-image size-full is-resized\"><a href=\"https:\/\/www.sweethome3d.com\/nl\/gratis-3d-modellen\/\"><img loading=\"lazy\" decoding=\"async\" width=\"128\" height=\"128\" src=\"https:\/\/www.sweethome3d.com\/wp-content\/uploads\/2025\/10\/meubleSalleDeBain.png\" alt=\"\" class=\"wp-image-4859\" style=\"width:64px\"\/><\/a><\/figure>\n\n\n\n<figure class=\"wp-block-image size-full is-resized\"><a href=\"https:\/\/www.sweethome3d.com\/nl\/gratis-3d-modellen\/\"><img loading=\"lazy\" decoding=\"async\" width=\"128\" height=\"128\" src=\"https:\/\/www.sweethome3d.com\/wp-content\/uploads\/2025\/10\/kitchenSink.png\" alt=\"\" class=\"wp-image-4860\" style=\"width:64px\"\/><\/a><\/figure>\n\n\n\n<figure class=\"wp-block-image size-full is-resized\"><a href=\"https:\/\/www.sweethome3d.com\/nl\/gratis-3d-modellen\/\"><img loading=\"lazy\" decoding=\"async\" width=\"128\" height=\"128\" src=\"https:\/\/www.sweethome3d.com\/wp-content\/uploads\/2025\/10\/office_chair.png\" alt=\"\" class=\"wp-image-4861\" style=\"width:64px\"\/><\/a><\/figure>\n\n\n\n<figure class=\"wp-block-image size-full is-resized\"><a href=\"https:\/\/www.sweethome3d.com\/nl\/gratis-3d-modellen\/\"><img loading=\"lazy\" decoding=\"async\" width=\"128\" height=\"128\" src=\"https:\/\/www.sweethome3d.com\/wp-content\/uploads\/2025\/10\/bureau3.png\" alt=\"\" class=\"wp-image-4862\" style=\"width:64px\"\/><\/a><\/figure>\n\n\n\n<figure class=\"wp-block-image size-full is-resized\"><a href=\"https:\/\/www.sweethome3d.com\/nl\/gratis-3d-modellen\/\"><img loading=\"lazy\" decoding=\"async\" width=\"128\" height=\"128\" src=\"https:\/\/www.sweethome3d.com\/wp-content\/uploads\/2025\/10\/apple-ibook-2001.png\" alt=\"\" class=\"wp-image-4863\" style=\"width:64px\"\/><\/a><\/figure>\n\n\n\n<figure class=\"wp-block-image size-full is-resized\"><a href=\"https:\/\/www.sweethome3d.com\/nl\/gratis-3d-modellen\/\"><img loading=\"lazy\" decoding=\"async\" width=\"128\" height=\"128\" src=\"https:\/\/www.sweethome3d.com\/wp-content\/uploads\/2025\/10\/pianoAQueue.png\" alt=\"\" class=\"wp-image-4864\" style=\"width:64px\"\/><\/a><\/figure>\n\n\n\n<figure class=\"wp-block-image size-full is-resized\"><a href=\"https:\/\/www.sweethome3d.com\/nl\/gratis-3d-modellen\/\"><img loading=\"lazy\" decoding=\"async\" width=\"128\" height=\"128\" src=\"https:\/\/www.sweethome3d.com\/wp-content\/uploads\/2025\/10\/male03.png\" alt=\"\" class=\"wp-image-4865\" style=\"width:64px\"\/><\/a><\/figure>\n\n\n\n<figure class=\"wp-block-image size-full is-resized\"><a href=\"https:\/\/www.sweethome3d.com\/nl\/gratis-3d-modellen\/\"><img loading=\"lazy\" decoding=\"async\" width=\"128\" height=\"128\" src=\"https:\/\/www.sweethome3d.com\/wp-content\/uploads\/2025\/10\/concept-sedan-02-sport.png\" alt=\"\" class=\"wp-image-4866\" style=\"width:64px\"\/><\/a><\/figure>\n\n\n\n<figure class=\"wp-block-image size-full is-resized\"><a href=\"https:\/\/www.sweethome3d.com\/nl\/gratis-3d-modellen\/\"><img loading=\"lazy\" decoding=\"async\" width=\"128\" height=\"128\" src=\"https:\/\/www.sweethome3d.com\/wp-content\/uploads\/2025\/10\/blackTupelo.png\" alt=\"\" class=\"wp-image-4867\" style=\"width:64px\"\/><\/a><\/figure>\n<\/div>\n\n\n\n<p>Je kunt ook de <a href=\"#download\">volledige versie downloaden<\/a> met meer dan 10.000 3D-modellen en 400 <a href=\"https:\/\/www.sweethome3d.com\/nl\/texturen-importeren\/\" data-type=\"page\" data-id=\"435\">texturen<\/a> die al zijn inbegrepen<\/p>\n\n\n\n<div class=\"wp-block-buttons is-layout-flex wp-block-buttons-is-layout-flex\">\n<div class=\"wp-block-button btn-download btn-small\" data-wce-label=\"wce_3Dmodels_download_direct\"><a class=\"wp-block-button__link wp-element-button\" href=\"#download\" style=\"text-decoration:underline\"><img loading=\"lazy\" decoding=\"async\" width=\"20\" height=\"20\" class=\"wp-image-390\" style=\"width: 20px;\" src=\"https:\/\/www.sweethome3d.com\/wp-content\/uploads\/2025\/09\/download-bottom.svg\" alt=\"\"> Download Sweet Home 3D<\/a><\/div>\n<\/div>\n\n\n<h3 class=\"wp-block-heading\" id=\"bibliotheken-van-3dmodellen\"><img loading=\"lazy\" decoding=\"async\" width=\"16\" height=\"12\" src=\"https:\/\/www.sweethome3d.com\/images\/bullet.gif\">Bibliotheken van 3D-modellen<br><a href=\"https:\/\/apps.apple.com\/app\/sweet-home-3d\/id669289700\" data-wce-label=\"wce_3Dmodels_download_hyperlink\" target=\"_blank\" rel=\"noopener\"><\/a><\/h3>\n\n\n<p><a href=\"https:\/\/www.sweethome3d.com\/download.jsp\">Sweet Home 3D<\/a> laat je ook modellen (bibliotheken van 3D-modellen) importeren die zijn opgeslagen in SH3F-bestanden. Een SH3F-bestand groepeert modellen met hun beschrijving en kan eenvoudig worden ge\u00efnstalleerd door er dubbel op te klikken of door te kiezen voor <em>Meubilair &gt; Meubelbibliotheek importeren<\/em> in het menu van <a href=\"https:\/\/www.sweethome3d.com\/download.jsp\">Sweet Home 3D<\/a>.<br>De volgende ZIP-bestanden bevatten een SH3F-bestand dat je kunt importeren in <a href=\"https:\/\/www.sweethome3d.com\/download.jsp\">Sweet Home 3D<\/a>. Deze bibliotheken bevatten de 3D-modellen die beschikbaar zijn op de <a href=\"https:\/\/www.sweethome3d.com\/freeModels.jsp\">gratis modellen pagina<\/a>.  <\/p>\n\n\n\n<div class=\"wp-block-group is-layout-grid wp-container-core-group-is-layout-9649a0d9 wp-block-group-is-layout-grid\">\n<figure class=\"wp-block-image size-full is-resized mx-auto\"><img loading=\"lazy\" decoding=\"async\" width=\"178\" height=\"89\" src=\"https:\/\/www.sweethome3d.com\/wp-content\/uploads\/2025\/10\/sweethome3d64x64.png\" alt=\"\" class=\"wp-image-4886\" style=\"width:135px\"\/><\/figure>\n\n\n\n<p class=\"wp-container-content-5f80b302\"><a href=\"https:\/\/sourceforge.net\/projects\/sweethome3d\/files\/SweetHome3D-models\/3DModels-1.9.3\/3DModels-Contributions-1.9.3.zip\/download\" target=\"_blank\" rel=\"noopener\">3DModels-Contributions-1.9.3.zip<\/a> (29 MB &#8211; 511 modellen &#8211; Free Art License)<br><a href=\"https:\/\/sourceforge.net\/projects\/sweethome3d\/files\/SweetHome3D-models\/3DModels-1.9.3\/3DModels-LucaPresidente-1.9.3.zip\/download\" target=\"_blank\" rel=\"noopener\">3DModels-LucaPresidente-1.9.3.zip<\/a> (3,7 MB &#8211; 64 modellen &#8211; Free Art License)<br><a href=\"https:\/\/sourceforge.net\/projects\/sweethome3d\/files\/SweetHome3D-models\/3DModels-1.9.3\/3DModels-Trees-1.9.3.zip\/download\" target=\"_blank\" rel=\"noopener\">3DModels-Trees-1.9.3.zip<\/a> (6,7 MB &#8211; 10 boommodellen &#8211; Free Art License)<\/p>\n<\/div>\n\n\n\n<div class=\"wp-block-group is-layout-grid wp-container-core-group-is-layout-9649a0d9 wp-block-group-is-layout-grid\">\n<figure class=\"wp-block-image size-full is-resized mx-auto\"><img loading=\"lazy\" decoding=\"async\" width=\"222\" height=\"56\" src=\"https:\/\/www.sweethome3d.com\/wp-content\/uploads\/2025\/10\/scopia.png\" alt=\"\" class=\"wp-image-4885\" style=\"width:111px\"\/><\/figure>\n\n\n\n<p class=\"wp-container-content-5f80b302\"><a href=\"https:\/\/sourceforge.net\/projects\/sweethome3d\/files\/SweetHome3D-models\/3DModels-1.9.3\/3DModels-Scopia-1.9.3.zip\/download\" target=\"_blank\" rel=\"noopener\">3DModels-Scopia-1.9.3.zip<\/a> (69,5 MB &#8211; 500 modellen &#8211; CC-BY License)<\/p>\n<\/div>\n\n\n\n<div class=\"wp-block-group is-layout-grid wp-container-core-group-is-layout-9649a0d9 wp-block-group-is-layout-grid\">\n<figure class=\"wp-block-image size-full is-resized mx-auto\"><img loading=\"lazy\" decoding=\"async\" width=\"330\" height=\"60\" src=\"https:\/\/www.sweethome3d.com\/wp-content\/uploads\/2025\/10\/katorlegaz.png\" alt=\"\" class=\"wp-image-4899\" style=\"width:150px\"\/><\/figure>\n\n\n\n<p class=\"wp-container-content-5f80b302\"><a href=\"https:\/\/sourceforge.net\/projects\/sweethome3d\/files\/SweetHome3D-models\/3DModels-1.9.3\/3DModels-KatorLegaz-1.9.3.zip\/download\" target=\"_blank\" rel=\"noopener\">3DModels-KatorLegaz-1.9.3.zip<\/a> (8,9 MB &#8211; 90 modellen &#8211; CC-BY License)<\/p>\n<\/div>\n\n\n\n<div class=\"wp-block-group is-layout-grid wp-container-core-group-is-layout-9649a0d9 wp-block-group-is-layout-grid\">\n<figure class=\"wp-block-image size-full is-resized mx-auto\"><img loading=\"lazy\" decoding=\"async\" width=\"136\" height=\"41\" src=\"https:\/\/www.sweethome3d.com\/wp-content\/uploads\/2025\/10\/blendswap.png\" alt=\"\" class=\"wp-image-4902\" style=\"width:136px\"\/><\/figure>\n\n\n\n<p class=\"wp-container-content-5f80b302\"><a href=\"https:\/\/sourceforge.net\/projects\/sweethome3d\/files\/SweetHome3D-models\/3DModels-1.9.3\/3DModels-BlendSwap-CC-0-1.9.3.zip\/download\" target=\"_blank\" rel=\"noopener\">3DModels-BlendSwap-CC-0-1.9.3.zip<\/a> (23,8 MB &#8211; 175 modellen &#8211; Publiek domein)<br><a href=\"https:\/\/sourceforge.net\/projects\/sweethome3d\/files\/SweetHome3D-models\/3DModels-1.9.3\/3DModels-BlendSwap-CC-BY-1.9.3.zip\/download\" target=\"_blank\" rel=\"noopener\">3DModels-BlendSwap-CC-BY-1.9.3.zip<\/a> (23,9 MB &#8211; 135 modellen &#8211; CC-BY License)<\/p>\n<\/div>\n\n\n\n<div class=\"wp-block-group is-layout-grid wp-container-core-group-is-layout-9649a0d9 wp-block-group-is-layout-grid\">\n<figure class=\"wp-block-image size-full is-resized mx-auto\"><img loading=\"lazy\" decoding=\"async\" width=\"140\" height=\"60\" src=\"https:\/\/www.sweethome3d.com\/wp-content\/uploads\/2025\/10\/reallusion.png\" alt=\"\" class=\"wp-image-4904\" style=\"width:110px\"\/><\/figure>\n\n\n\n<p class=\"wp-container-content-5f80b302\"><a href=\"https:\/\/sourceforge.net\/projects\/sweethome3d\/files\/SweetHome3D-models\/3DModels-1.9.3\/3DModels-Reallusion-1.9.3.zip\/download\" target=\"_blank\" rel=\"noopener\">3DModels-Reallusion-1.9.3.zip<\/a> (10,7 MB &#8211; 25 menselijke modellen &#8211; CC-BY License)<\/p>\n<\/div>\n\n\n\n<p>Misschien ben je ook ge\u00efnteresseerd in het <a href=\"https:\/\/www.sweethome3d.com\/blog\/\" data-type=\"page\" data-id=\"280\">blog<\/a>artikel <a href=\"https:\/\/www.sweethome3d.com\/blog\/2017\/12\/08\/additional_contributors_libraries.html\">Extra bibliotheken van bijdragers<\/a> waarin andere speciale modelbibliotheken staan die zijn ontworpen door Sweet Home 3D-bijdragers (2D-symbolen, loodgieterswerk, dakonderdelen,\u2026).<\/p>\n\n\n<h3 class=\"wp-block-heading\" id=\"maak-je-eigen-3dmodellen\"><img loading=\"lazy\" decoding=\"async\" width=\"16\" height=\"12\" src=\"https:\/\/www.sweethome3d.com\/images\/bullet.gif\">Maak je eigen 3D-modellen<\/h3>\n\n\n<p>Om je eigen modellen te maken, kun je elke software gebruiken die bestanden kan genereren in OBJ-, DAE-\/Collada-, KMZ- of 3DS-formaat, zoals de gratis software <a href=\"https:\/\/www.blender.org\/\" target=\"_blank\" rel=\"noopener\">Blender<\/a>. Indien nodig kun je ook je eigen SH3F-bestanden maken met de downloadbare <a href=\"https:\/\/sourceforge.net\/projects\/sweethome3d\/files\/FurnitureLibraryEditor\/FurnitureLibraryEditor-2.2.jar\/download\" target=\"_blank\" rel=\"noopener\">Meubelbibliotheek Editor<\/a>.<br>Als je je modellen wilt delen of aanbieden op de <a href=\"https:\/\/www.sweethome3d.com\/nl\/gratis-3d-modellen\/\" data-type=\"page\" data-id=\"4869\">gratis 3D-modellen pagina<\/a>, plaats ze dan in het <a href=\"https:\/\/sourceforge.net\/p\/sweethome3d\/d-models\/\" target=\"_blank\" rel=\"noopener\">3D Models Contributions<\/a> Tracking System. <\/p>\n\n\n<h3 class=\"wp-block-heading\" id=\"andere-websites-met-3dmodellen\"><img loading=\"lazy\" decoding=\"async\" width=\"16\" height=\"12\" src=\"https:\/\/www.sweethome3d.com\/images\/bullet.gif\">Andere websites met 3D-modellen<\/h3>\n\n\n<p>De volgende sites bieden ook gratis 3D-modellen aan in OBJ-, DAE-, KMZ- of 3DS-formaten die worden ondersteund door de meubel-importwizard van <a href=\"\/\">Sweet Home 3D<\/a>:<\/p>\n\n\n\n<figure class=\"wp-block-flexible-table-block-table is-content-justification-left td-border-0 stars-table\"><table class=\"has-fixed-layout\" style=\"border-width:0\"><tbody><tr><td><img loading=\"lazy\" decoding=\"async\" width=\"12\" height=\"12\" src=\"https:\/\/www.sweethome3d.com\/images\/star.gif\" alt=\"Ster\"><img loading=\"lazy\" decoding=\"async\" width=\"12\" height=\"12\" src=\"https:\/\/www.sweethome3d.com\/images\/star.gif\" alt=\"Ster\"><img loading=\"lazy\" decoding=\"async\" width=\"12\" height=\"12\" src=\"https:\/\/www.sweethome3d.com\/images\/star.gif\" alt=\"Ster\"><\/td><td><a href=\"https:\/\/3dwarehouse.sketchup.com\/\" target=\"_blank\" rel=\"noopener\">Trimble 3D Warehouse<\/a> (een grote keuze aan modellen in KMZ- en Collada-formaat) *<\/td><\/tr><tr><td><img loading=\"lazy\" decoding=\"async\" width=\"12\" height=\"12\" src=\"https:\/\/www.sweethome3d.com\/images\/star.gif\" alt=\"Ster\"><img loading=\"lazy\" decoding=\"async\" width=\"12\" height=\"12\" src=\"https:\/\/www.sweethome3d.com\/images\/star.gif\" alt=\"Ster\"><img loading=\"lazy\" decoding=\"async\" width=\"12\" height=\"12\" src=\"https:\/\/www.sweethome3d.com\/images\/star.gif\" alt=\"Ster\"><\/td><td><a href=\"https:\/\/resources.blogscopia.com\/category\/models\/\" target=\"_blank\" rel=\"noopener\">Resources.blogscopia<\/a> (gratis goed ontworpen modellen die ook <a href=\"https:\/\/www.sweethome3d.com\/freeModels.jsp#ScopiaModels\">hier<\/a> worden getoond)<\/td><\/tr><tr><td><img loading=\"lazy\" decoding=\"async\" width=\"12\" height=\"12\" src=\"https:\/\/www.sweethome3d.com\/images\/star.gif\" alt=\"Ster\"><img loading=\"lazy\" decoding=\"async\" width=\"12\" height=\"12\" src=\"https:\/\/www.sweethome3d.com\/images\/star.gif\" alt=\"Ster\"><img loading=\"lazy\" decoding=\"async\" width=\"12\" height=\"12\" src=\"https:\/\/www.sweethome3d.com\/images\/star.gif\" alt=\"Ster\"><\/td><td><a href=\"https:\/\/www.dodecagon.nl\/\" target=\"_blank\" rel=\"noopener\">Dodecagon<\/a> (diverse meubelbibliotheken vrijgegeven in het Publieke Domein)<\/td><\/tr><tr><td><img loading=\"lazy\" decoding=\"async\" width=\"12\" height=\"12\" src=\"https:\/\/www.sweethome3d.com\/images\/star.gif\" alt=\"Ster\"><img loading=\"lazy\" decoding=\"async\" width=\"12\" height=\"12\" src=\"https:\/\/www.sweethome3d.com\/images\/star.gif\" alt=\"Ster\"><img loading=\"lazy\" decoding=\"async\" width=\"12\" height=\"12\" src=\"https:\/\/www.sweethome3d.com\/images\/star.gif\" alt=\"Ster\"><\/td><td><a href=\"https:\/\/www.2d3dmodels.com\/3dmodels.htm\" target=\"_blank\" rel=\"noopener\">ArchiBit Generation<\/a> (diverse goed ontworpen modellen)<\/td><\/tr><tr><td><img loading=\"lazy\" decoding=\"async\" width=\"12\" height=\"12\" src=\"https:\/\/www.sweethome3d.com\/images\/star.gif\" alt=\"Ster\"><img loading=\"lazy\" decoding=\"async\" width=\"12\" height=\"12\" src=\"https:\/\/www.sweethome3d.com\/images\/star.gif\" alt=\"Ster\"><\/td><td><a href=\"https:\/\/telias.gr\/models_wavefront_menu.html\" target=\"_blank\" rel=\"noopener\">Free the models<\/a> (meubilair getest in Sweet Home 3D)<\/td><\/tr><tr><td><img loading=\"lazy\" decoding=\"async\" width=\"12\" height=\"12\" src=\"https:\/\/www.sweethome3d.com\/images\/star.gif\" alt=\"Ster\"><img loading=\"lazy\" decoding=\"async\" width=\"12\" height=\"12\" src=\"https:\/\/www.sweethome3d.com\/images\/star.gif\" alt=\"Ster\"><\/td><td><a href=\"https:\/\/archive3d.net\/\" target=\"_blank\" rel=\"noopener\">Archive3D<\/a> (veel modellen maar sommige kunnen niet worden ge\u00efmporteerd in Sweet Home 3D)<\/td><\/tr><tr><td><img loading=\"lazy\" decoding=\"async\" width=\"12\" height=\"12\" src=\"https:\/\/www.sweethome3d.com\/images\/star.gif\" alt=\"Ster\"><img loading=\"lazy\" decoding=\"async\" width=\"12\" height=\"12\" src=\"https:\/\/www.sweethome3d.com\/images\/star.gif\" alt=\"Ster\"><\/td><td><a href=\"https:\/\/www.kolo-international.com\/\" target=\"_blank\" rel=\"noopener\">Kolo<\/a> (badkamermeubilair)<\/td><\/tr><tr><td><img loading=\"lazy\" decoding=\"async\" width=\"12\" height=\"12\" src=\"https:\/\/www.sweethome3d.com\/images\/star.gif\" alt=\"Ster\"><img loading=\"lazy\" decoding=\"async\" width=\"12\" height=\"12\" src=\"https:\/\/www.sweethome3d.com\/images\/star.gif\" alt=\"Ster\"><\/td><td><a href=\"https:\/\/www.klicker.de\/interior.html\" target=\"_blank\" rel=\"noopener\">Klicker<\/a> (enkele stoelen en bomen)<\/td><\/tr><\/tbody><\/table><\/figure>\n\n\n\n<p>* Let op: het downloaden van modellen van <a href=\"https:\/\/3dwarehouse.sketchup.com\/\" target=\"_blank\" rel=\"noopener\">Trimble 3D Warehouse<\/a> vereist sinds eind 2019 inloggen met een Trimble ID. Let er ook op dat je daar 3D-modellen downloadt in Collada- of KMZ-formaat, beschikbaar in de lijst met formaten die wordt weergegeven na een klik op de <g id=\"gid_1\">Download<\/g>-knop op de pagina met een 3D-model. Modellen die beschikbaar zijn in SKP\/SketchUp-formaat kunnen worden bewerkt en geconverteerd naar DAE\/Collada-formaat met <a href=\"https:\/\/www.sketchup.com\/download\" target=\"_blank\" rel=\"noopener\">SketchUp<\/a>.  <\/p>\n\n\n\n<p>Als <a href=\"https:\/\/www.sweethome3d.com\/download.jsp\">Sweet Home 3D<\/a> weigert om sommige ZIP-bestanden te importeren die op deze sites worden aangeboden, pak ze dan eerst uit.<\/p>\n\n\n\n<p>Respecteer de licentie van de modellen die je op deze websites downloadt.<\/p>\n\n\n\n<hr class=\"wp-block-separator has-text-color has-white-color has-alpha-channel-opacity has-white-background-color has-background\"\/>\n\n\n<div class=\"wp-block-image\">\n<figure class=\"aligncenter size-full\"><img loading=\"lazy\" decoding=\"async\" width=\"128\" height=\"128\" src=\"https:\/\/www.sweethome3d.com\/wp-content\/uploads\/2025\/10\/bedWithTexture.png\" alt=\"Voorbeeld van ge\u00efmporteerde modellen\" class=\"wp-image-4856\"\/><\/figure><\/div>\n\n\n<hr class=\"wp-block-separator has-text-color has-white-color has-alpha-channel-opacity has-white-background-color has-background\"\/>\n\n\n\n<p class=\"has-text-align-center\"><a href=\"mailto:info@sweethome3d.com\">Stel andere sites voor of meld een dode link<\/a><\/p>\n\n\n\n<p class=\"has-text-align-center\"><em>Laatste update: 07\/12\/2024<\/em><\/p>\n","protected":false},"excerpt":{"rendered":"<p>Om modellen te importeren, geeft deze pagina een overzicht van bronnen voor gratis 3D-modellen die je kunt importeren in Sweet Home 3D, zowel \u00e9\u00e9n voor \u00e9\u00e9n als per groep modellen, en websites die 3D-modellen aanbieden. Beschikbare bronnen van 3D-modellen Gratis 3D-modellen gemaakt door bijdragers The&nbsp;free 3D models page&nbsp;proposes more than 1.600 additional 3D models created [&hellip;]<\/p>\n","protected":false},"author":2,"featured_media":9935,"parent":0,"menu_order":0,"comment_status":"closed","ping_status":"closed","template":"","meta":{"inline_featured_image":false,"footnotes":""},"class_list":["post-9955","page","type-page","status-publish","has-post-thumbnail","hentry"],"_links":{"self":[{"href":"https:\/\/www.sweethome3d.com\/nl\/wp-json\/wp\/v2\/pages\/9955","targetHints":{"allow":["GET"]}}],"collection":[{"href":"https:\/\/www.sweethome3d.com\/nl\/wp-json\/wp\/v2\/pages"}],"about":[{"href":"https:\/\/www.sweethome3d.com\/nl\/wp-json\/wp\/v2\/types\/page"}],"author":[{"embeddable":true,"href":"https:\/\/www.sweethome3d.com\/nl\/wp-json\/wp\/v2\/users\/2"}],"replies":[{"embeddable":true,"href":"https:\/\/www.sweethome3d.com\/nl\/wp-json\/wp\/v2\/comments?post=9955"}],"version-history":[{"count":4,"href":"https:\/\/www.sweethome3d.com\/nl\/wp-json\/wp\/v2\/pages\/9955\/revisions"}],"predecessor-version":[{"id":15251,"href":"https:\/\/www.sweethome3d.com\/nl\/wp-json\/wp\/v2\/pages\/9955\/revisions\/15251"}],"wp:featuredmedia":[{"embeddable":true,"href":"https:\/\/www.sweethome3d.com\/nl\/wp-json\/wp\/v2\/media\/9935"}],"wp:attachment":[{"href":"https:\/\/www.sweethome3d.com\/nl\/wp-json\/wp\/v2\/media?parent=9955"}],"curies":[{"name":"wp","href":"https:\/\/api.w.org\/{rel}","templated":true}]}}