{"id":7255,"date":"2025-11-11T14:18:00","date_gmt":"2025-11-11T14:18:00","guid":{"rendered":"https:\/\/www.sweethome3d.com\/adomanyok\/"},"modified":"2026-02-10T14:03:16","modified_gmt":"2026-02-10T14:03:16","slug":"adomanyok","status":"publish","type":"page","link":"https:\/\/www.sweethome3d.com\/hu\/adomanyok\/","title":{"rendered":"Adom\u00e1nyok"},"content":{"rendered":"\n<div class=\"wp-block-group is-vertical is-layout-flex wp-container-core-group-is-layout-8cf370e7 wp-block-group-is-layout-flex\">\n<p class=\"has-text-align-left\"><a href=\"\/\">Sweet Home 3D<\/a> sikeresen seg\u00edtett a projektedben?<br\/>Tetszik a weboldal \u00e1ltal ny\u00fajtott t\u00e1mogat\u00e1s?<br\/>\u00c9rt\u00e9keled a hirdet\u00e9sek hi\u00e1ny\u00e1t ezen az oldalon?<\/p>\n\n\n\n<p class=\"has-text-align-left\">Akkor\u2026 ne habozz tov\u00e1bb! Seg\u00edtsd a <a href=\"https:\/\/www.sweethome3d.com\/hu\/letoltes\/\">Sweet Home 3D<\/a>-t \u00e9s adom\u00e1nyozz a projektnek.<br\/>Nagyon h\u00e1l\u00e1sak lesz\u00fcnk \u00e9rte. <\/p>\n\n\n\n<p class=\"has-text-align-left\">Csak \u00edrd be az adom\u00e1nyod \u00f6sszeg\u00e9t al\u00e1bb<br\/>\u00e9s kattints az <em>Adom\u00e1nyoz\u00e1s<\/em> Paypal gombra.<\/p>\n\n\n\n<div style=\"height:25px;width:0px\" aria-hidden=\"true\" class=\"wp-block-spacer wp-container-content-c00f5982\"><\/div>\n\n\n\n<p class=\"has-text-align-left\">\n\t<div id=\"donate-button-container\" style=\"text-align:center; margin:0 auto;\">\n\t\t<div id=\"donate-button\" data-action=\"wce_donate\"><\/div>\n\t\t<script src=\"https:\/\/www.paypalobjects.com\/donate\/sdk\/donate-sdk.js\" charset=\"UTF-8\"><\/script>\n\t\t<script>\n\t\t\tPayPal.Donation.Button({\n\t\t\t\tenv: 'production',\n\t\t\t\thosted_button_id: 'Q2F4V9B6WMY7N',\n\t\t\t}).render('#donate-button');\n\t\t<\/script>\n\t<\/div>\n\n\t<\/p>\n<\/div>\n","protected":false},"excerpt":{"rendered":"<p>Sweet Home 3D sikeresen seg\u00edtett a projektedben?Tetszik a weboldal \u00e1ltal ny\u00fajtott t\u00e1mogat\u00e1s?\u00c9rt\u00e9keled a hirdet\u00e9sek hi\u00e1ny\u00e1t ezen az oldalon? Akkor\u2026 ne habozz tov\u00e1bb! Seg\u00edtsd a Sweet Home 3D-t \u00e9s adom\u00e1nyozz a projektnek.Nagyon h\u00e1l\u00e1sak lesz\u00fcnk \u00e9rte. Csak \u00edrd be az adom\u00e1nyod \u00f6sszeg\u00e9t al\u00e1bb\u00e9s kattints az Adom\u00e1nyoz\u00e1s Paypal gombra.<\/p>\n","protected":false},"author":2,"featured_media":7254,"parent":0,"menu_order":0,"comment_status":"closed","ping_status":"closed","template":"page-resources.php","meta":{"inline_featured_image":false,"footnotes":""},"class_list":["post-7255","page","type-page","status-publish","has-post-thumbnail","hentry"],"_links":{"self":[{"href":"https:\/\/www.sweethome3d.com\/hu\/wp-json\/wp\/v2\/pages\/7255","targetHints":{"allow":["GET"]}}],"collection":[{"href":"https:\/\/www.sweethome3d.com\/hu\/wp-json\/wp\/v2\/pages"}],"about":[{"href":"https:\/\/www.sweethome3d.com\/hu\/wp-json\/wp\/v2\/types\/page"}],"author":[{"embeddable":true,"href":"https:\/\/www.sweethome3d.com\/hu\/wp-json\/wp\/v2\/users\/2"}],"replies":[{"embeddable":true,"href":"https:\/\/www.sweethome3d.com\/hu\/wp-json\/wp\/v2\/comments?post=7255"}],"version-history":[{"count":3,"href":"https:\/\/www.sweethome3d.com\/hu\/wp-json\/wp\/v2\/pages\/7255\/revisions"}],"predecessor-version":[{"id":26830,"href":"https:\/\/www.sweethome3d.com\/hu\/wp-json\/wp\/v2\/pages\/7255\/revisions\/26830"}],"wp:featuredmedia":[{"embeddable":true,"href":"https:\/\/www.sweethome3d.com\/hu\/wp-json\/wp\/v2\/media\/7254"}],"wp:attachment":[{"href":"https:\/\/www.sweethome3d.com\/hu\/wp-json\/wp\/v2\/media?parent=7255"}],"curies":[{"name":"wp","href":"https:\/\/api.w.org\/{rel}","templated":true}]}}