{"id":4157,"date":"2025-09-11T08:47:20","date_gmt":"2025-09-11T08:47:20","guid":{"rendered":"https:\/\/www.sweethome3d.com\/adatvedelmi-iranyelvek\/"},"modified":"2025-12-03T15:45:46","modified_gmt":"2025-12-03T15:45:46","slug":"adatvedelmi-iranyelvek","status":"publish","type":"page","link":"https:\/\/www.sweethome3d.com\/hu\/adatvedelmi-iranyelvek\/","title":{"rendered":"Adatv\u00e9delmi ir\u00e1nyelvek"},"content":{"rendered":"\n<p>A Space Mushrooms, a <a href=\"https:\/\/www.sweethome3d.com\/hu\/\">Sweet Home 3D<\/a> szoftver \u00e9s szerz\u0151i jogok, valamint a <code>sweethome3d.com<\/code> weboldal tulajdonosa nem gy\u0171jt szem\u00e9lyes adatokat a <code>sweethome3d.com<\/code> weboldalon, kiv\u00e9ve a <a href=\"\/support\/forum\/registermember\" target=\"_blank\" rel=\"noreferrer noopener\">regisztr\u00e1lt<\/a> <a href=\"\/support\/forum\/?lang=en\" target=\"_blank\" rel=\"noreferrer noopener\">f\u00f3rumon<\/a> felhaszn\u00e1l\u00f3kat. A szerveren t\u00e1rolt forgalmi napl\u00f3k nem nyilv\u00e1nosak, \u00e9s a <x id=\"gid_4\"><\/x> nem jelen\u00edt meg hirdet\u00e9seket.<br\/>Ennek ellen\u00e9re a <x id=\"gid_5\"><\/x> weboldalon k\u00f6zz\u00e9tett oldalak t\u00f6bbs\u00e9ge Sourceforge log\u00f3t jelen\u00edt meg, n\u00e9h\u00e1ny oldalon m\u00e1shol t\u00e1rolt vide\u00f3k l\u00e1that\u00f3k, \u00e9s a f\u00f3rum lehet\u0151v\u00e9 teszi a felhaszn\u00e1l\u00f3k sz\u00e1m\u00e1ra, hogy m\u00e1s weboldalakon t\u00e1rolt k\u00e9peket osszanak meg. Ezek a k\u00e9pek \u00e9s vide\u00f3k a <code>sourceforge.net<\/code>, <code>youtube.com<\/code>, <code>dailymotion.com<\/code> \u00e9s m\u00e1s webszerverekr\u0151l sz\u00e1rmaznak, ez\u00e1ltal lehet\u0151v\u00e9 t\u00e9ve ezen weboldalak tulajdonosainak, hogy tetsz\u00e9s\u00fck szerint nyomon k\u00f6vess\u00e9k a felhaszn\u00e1l\u00f3k l\u00e1togat\u00e1sait a <code>sweethome3d.com<\/code> weboldalon.  <\/p>\n\n<p>A regisztr\u00e1lt felhaszn\u00e1l\u00f3k eset\u00e9ben a <code>sweethome3d.com<\/code> oldalon t\u00e1rolt adatok a k\u00f6vetkez\u0151kb\u0151l \u00e1llnak:<\/p>\n\n<ul class=\"wp-block-list pl-16\">\n<li>a regisztr\u00e1ci\u00f3kor megadott inform\u00e1ci\u00f3k (legal\u00e1bb egy felhaszn\u00e1l\u00f3n\u00e9v, egy titkos\u00edtott jelsz\u00f3 \u00e9s egy e-mail c\u00edm)<\/li>\n\n\n\n<li>a <a href=\"\/support\/forum\/?lang=en\" target=\"_blank\" rel=\"noreferrer noopener\">f\u00f3rumban<\/a> k\u00f6zz\u00e9tett \u00fczeneteik<\/li>\n\n\n\n<li>az online otthonok, amelyeket a <a href=\"\/online-manager\/\">Sweet Home 3D Online<\/a>-ban hoztak l\u00e9tre, vagy az <a href=\"\/exported-homes-manager\/\">Export\u00e1lt otthonok kezel\u0151j\u00e9ben<\/a> export\u00e1ltak.<\/li>\n<\/ul>\n\n<p>Az otthoni adatok priv\u00e1tak, kiv\u00e9ve, ha a felhaszn\u00e1l\u00f3 kifejezetten beleegyezik a nyilv\u00e1nos megoszt\u00e1sba. Minden felhaszn\u00e1l\u00f3 maga lek\u00e9rheti saj\u00e1t adatait, vagy sz\u00fcks\u00e9g eset\u00e9n k\u00e9rheti azok elt\u00e1vol\u00edt\u00e1s\u00e1t az <g id=\"gid_0\">info@sweethome3d.com<\/g> c\u00edmre \u00edrva. A Space Mushrooms garant\u00e1lja, hogy minden sz\u00fcks\u00e9ges int\u00e9zked\u00e9st megtesz annak biztos\u00edt\u00e1s\u00e1ra, hogy az eTeks kor\u00e1bbi weboldal-tulajdonl\u00e1sa alatt kezelt felhaszn\u00e1l\u00f3i otthoni adatokat soha nem haszn\u00e1lj\u00e1k fel semmilyen c\u00e9lra a felhaszn\u00e1l\u00f3k t\u00e1j\u00e9koztat\u00e1sa n\u00e9lk\u00fcl.  <\/p>\n\n<p><strong>Harmadik f\u00e9lt\u0151l sz\u00e1rmaz\u00f3 \u00e1ruh\u00e1zakon kereszt\u00fcl terjesztett alkalmaz\u00e1sok<\/strong><br\/>Azon felhaszn\u00e1l\u00f3kra vonatkoz\u00f3 inform\u00e1ci\u00f3kat, akik a Sweet Home 3D-t vagy a Sweet Home 3D Mobile-t <a href=\"\/download\/\">let\u00f6ltik<\/a> \u00e9s telep\u00edtik a Mac App Store-b\u00f3l, az App Store-b\u00f3l, a Microsoft Store-b\u00f3l, a Google Play-b\u0151l vagy az Amazonr\u00f3l, els\u0151sorban ezek a v\u00e1llalatok kezelik. A Space Mushrooms nem kap szem\u00e9lyazonos\u00edt\u00e1sra alkalmas adatokat a felhaszn\u00e1l\u00f3kr\u00f3l ezekr\u0151l a platformokr\u00f3l. <\/p>\n\n<p><strong>Analitika \u00e9s nyomon k\u00f6vet\u00e9s az alkalmaz\u00e1sokban<\/strong><br\/>A Sweet Home 3D iOS \u00e9s macOS verzi\u00f3i Firebase Analytics-et tartalmaznak az alkalmaz\u00e1s fejleszt\u00e9si c\u00e9ljaira. A Firebase Analytics olyan adatokat gy\u0171jt, mint az anonim alkalmaz\u00e1shaszn\u00e1lati statisztik\u00e1k \u00e9s \u00f6sszeoml\u00e1si jelent\u00e9sek. Ezek az adatok nincsenek \u00f6sszekapcsolva az identit\u00e1soddal, \u00e9s kiz\u00e1r\u00f3lag az alkalmaz\u00e1s funkcionalit\u00e1s\u00e1nak \u00e9s a felhaszn\u00e1l\u00f3i \u00e9lm\u00e9nynek a jav\u00edt\u00e1s\u00e1ra szolg\u00e1lnak. A Firebase-en kereszt\u00fcl nem gy\u0171jt\u00fcnk szem\u00e9lyes adatokat, p\u00e9ld\u00e1ul neveket vagy e-mail c\u00edmeket.   <\/p>\n\n<p>L\u00e1sd m\u00e9g a <a href=\"https:\/\/www.sweethome3d.com\/hu\/jogi-nyilatkozat\/\" data-type=\"page\" data-id=\"465\">jogi nyilatkozatot<\/a> tov\u00e1bbi inform\u00e1ci\u00f3k\u00e9rt a Space Mushrooms-r\u00f3l \u00e9s a Sweet Home 3D-r\u0151l.<\/p>\n","protected":false},"excerpt":{"rendered":"<p>A Space Mushrooms, a Sweet Home 3D szoftver \u00e9s szerz\u0151i jogok, valamint a sweethome3d.com weboldal tulajdonosa nem gy\u0171jt szem\u00e9lyes adatokat a sweethome3d.com weboldalon, kiv\u00e9ve a regisztr\u00e1lt f\u00f3rumon felhaszn\u00e1l\u00f3kat. A szerveren t\u00e1rolt forgalmi napl\u00f3k nem nyilv\u00e1nosak, \u00e9s a nem jelen\u00edt meg hirdet\u00e9seket.Ennek ellen\u00e9re a weboldalon k\u00f6zz\u00e9tett oldalak t\u00f6bbs\u00e9ge Sourceforge log\u00f3t jelen\u00edt meg, n\u00e9h\u00e1ny oldalon m\u00e1shol t\u00e1rolt<a href=\"https:\/\/www.sweethome3d.com\/hu\/adatvedelmi-iranyelvek\/\">Continue reading <span class=\"sr-only\">&#8222;Adatv\u00e9delmi ir\u00e1nyelvek&#8221;<\/span><\/a><\/p>\n","protected":false},"author":4,"featured_media":4156,"parent":0,"menu_order":0,"comment_status":"closed","ping_status":"open","template":"page-resources.php","meta":{"inline_featured_image":false,"footnotes":""},"class_list":["post-4157","page","type-page","status-publish","has-post-thumbnail","hentry"],"_links":{"self":[{"href":"https:\/\/www.sweethome3d.com\/hu\/wp-json\/wp\/v2\/pages\/4157","targetHints":{"allow":["GET"]}}],"collection":[{"href":"https:\/\/www.sweethome3d.com\/hu\/wp-json\/wp\/v2\/pages"}],"about":[{"href":"https:\/\/www.sweethome3d.com\/hu\/wp-json\/wp\/v2\/types\/page"}],"author":[{"embeddable":true,"href":"https:\/\/www.sweethome3d.com\/hu\/wp-json\/wp\/v2\/users\/4"}],"replies":[{"embeddable":true,"href":"https:\/\/www.sweethome3d.com\/hu\/wp-json\/wp\/v2\/comments?post=4157"}],"version-history":[{"count":1,"href":"https:\/\/www.sweethome3d.com\/hu\/wp-json\/wp\/v2\/pages\/4157\/revisions"}],"predecessor-version":[{"id":4158,"href":"https:\/\/www.sweethome3d.com\/hu\/wp-json\/wp\/v2\/pages\/4157\/revisions\/4158"}],"wp:featuredmedia":[{"embeddable":true,"href":"https:\/\/www.sweethome3d.com\/hu\/wp-json\/wp\/v2\/media\/4156"}],"wp:attachment":[{"href":"https:\/\/www.sweethome3d.com\/hu\/wp-json\/wp\/v2\/media?parent=4157"}],"curies":[{"name":"wp","href":"https:\/\/api.w.org\/{rel}","templated":true}]}}