{"id":3572,"date":"2025-11-11T14:14:07","date_gmt":"2025-11-11T14:14:07","guid":{"rendered":"https:\/\/www.sweethome3d.com\/exportalt-otthonok-kezeloje\/"},"modified":"2025-12-15T14:32:31","modified_gmt":"2025-12-15T14:32:31","slug":"exportalt-otthonok-kezeloje","status":"publish","type":"page","link":"https:\/\/www.sweethome3d.com\/hu\/exportalt-otthonok-kezeloje\/","title":{"rendered":"Export\u00e1lt otthonok kezel\u0151je"},"content":{"rendered":"\n<p class=\"has-text-align-center\">Az <a href=\"\/support\/forum\/viewthread_thread,6708\" target=\"_blank\" rel=\"noreferrer noopener\">Export to HTML5 plug-in<\/a> alapj\u00e1n ez a szolg\u00e1ltat\u00e1s lehet\u0151v\u00e9 teszi a regisztr\u00e1lt felhaszn\u00e1l\u00f3k sz\u00e1m\u00e1ra, hogy felt\u00f6lts\u00e9k <a href=\"https:\/\/www.sweethome3d.com\/hu\/\">Sweet Home 3D<\/a> f\u00e1jljaikat erre a webszerverre, hogy 3D-ben megtekinthess\u00e9k \u0151ket b\u00e1rmilyen WebGL-kompatibilis b\u00f6ng\u00e9sz\u0151vel, mint az al\u00e1bbi k\u00e9perny\u0151felv\u00e9telen l\u00e1that\u00f3 <a href=\"\/viewHome.jsp?id=1\" target=\"_blank\" rel=\"noreferrer noopener\">p\u00e9ld\u00e1ban<\/a>, amely a <em>SweetHome3DExample3.sh3d<\/em> f\u00e1jlt mutatja be a <a href=\"https:\/\/www.sweethome3d.com\/hu\/galeria\/\">gal\u00e9ri\u00e1ban<\/a>.<br\/>Ha haszn\u00e1lni szeretn\u00e9d az export\u00e1lt otthonok kezel\u0151j\u00e9t, <a href=\"\/support\/forum\/registermember\" target=\"_blank\" rel=\"noreferrer noopener\">regisztr\u00e1lj<\/a> el\u0151sz\u00f6r ingyenesen a Sweet Home 3D szolg\u00e1ltat\u00e1saira, \u00e9s <a href=\"\/support\/forum\/login?url=https%3A%2F%2Fwww.sweethome3d.com%2FexportHomes.jsp&amp;forumLogin=false&amp;lang=en\" target=\"_blank\" rel=\"noreferrer noopener\">jelentkezz be<\/a>.<\/p>\n\n<div style=\"height:50px\" aria-hidden=\"true\" class=\"wp-block-spacer\"><\/div>\n\n<div class=\"wp-block-group is-content-justification-center is-nowrap is-layout-flex wp-container-core-group-is-layout-94bc23d7 wp-block-group-is-layout-flex\">\n<figure class=\"wp-block-image aligncenter size-full\"><img decoding=\"async\" width=\"1788\" height=\"1090\" data-src=\"https:\/\/www.sweethome3d.com\/wp-content\/uploads\/2025\/11\/Frame-327.png\" alt=\"\" class=\"wp-image-972 lazyload\" data-srcset=\"https:\/\/www.sweethome3d.com\/wp-content\/uploads\/2025\/11\/Frame-327.png 1788w, https:\/\/www.sweethome3d.com\/wp-content\/uploads\/2025\/11\/Frame-327-300x183.png 300w, https:\/\/www.sweethome3d.com\/wp-content\/uploads\/2025\/11\/Frame-327-1024x624.png 1024w, https:\/\/www.sweethome3d.com\/wp-content\/uploads\/2025\/11\/Frame-327-148x90.png 148w, https:\/\/www.sweethome3d.com\/wp-content\/uploads\/2025\/11\/Frame-327-768x468.png 768w, https:\/\/www.sweethome3d.com\/wp-content\/uploads\/2025\/11\/Frame-327-1536x936.png 1536w\" data-sizes=\"(max-width: 1788px) 100vw, 1788px\" src=\"data:image\/svg+xml;base64,PHN2ZyB3aWR0aD0iMSIgaGVpZ2h0PSIxIiB4bWxucz0iaHR0cDovL3d3dy53My5vcmcvMjAwMC9zdmciPjwvc3ZnPg==\" style=\"--smush-placeholder-width: 1788px; --smush-placeholder-aspect-ratio: 1788\/1090;\" \/><\/figure>\n<\/div>\n","protected":false},"excerpt":{"rendered":"<p>Az Export to HTML5 plug-in alapj\u00e1n ez a szolg\u00e1ltat\u00e1s lehet\u0151v\u00e9 teszi a regisztr\u00e1lt felhaszn\u00e1l\u00f3k sz\u00e1m\u00e1ra, hogy felt\u00f6lts\u00e9k Sweet Home 3D f\u00e1jljaikat erre a webszerverre, hogy 3D-ben megtekinthess\u00e9k \u0151ket b\u00e1rmilyen WebGL-kompatibilis b\u00f6ng\u00e9sz\u0151vel, mint az al\u00e1bbi k\u00e9perny\u0151felv\u00e9telen l\u00e1that\u00f3 p\u00e9ld\u00e1ban, amely a SweetHome3DExample3.sh3d f\u00e1jlt mutatja be a gal\u00e9ri\u00e1ban.Ha haszn\u00e1lni szeretn\u00e9d az export\u00e1lt otthonok kezel\u0151j\u00e9t, regisztr\u00e1lj el\u0151sz\u00f6r ingyenesen a<a href=\"https:\/\/www.sweethome3d.com\/hu\/exportalt-otthonok-kezeloje\/\">Continue reading <span class=\"sr-only\">&#8222;Export\u00e1lt otthonok kezel\u0151je&#8221;<\/span><\/a><\/p>\n","protected":false},"author":2,"featured_media":3571,"parent":0,"menu_order":0,"comment_status":"closed","ping_status":"closed","template":"page-export-homes.php","meta":{"inline_featured_image":false,"footnotes":""},"class_list":["post-3572","page","type-page","status-publish","has-post-thumbnail","hentry"],"_links":{"self":[{"href":"https:\/\/www.sweethome3d.com\/hu\/wp-json\/wp\/v2\/pages\/3572","targetHints":{"allow":["GET"]}}],"collection":[{"href":"https:\/\/www.sweethome3d.com\/hu\/wp-json\/wp\/v2\/pages"}],"about":[{"href":"https:\/\/www.sweethome3d.com\/hu\/wp-json\/wp\/v2\/types\/page"}],"author":[{"embeddable":true,"href":"https:\/\/www.sweethome3d.com\/hu\/wp-json\/wp\/v2\/users\/2"}],"replies":[{"embeddable":true,"href":"https:\/\/www.sweethome3d.com\/hu\/wp-json\/wp\/v2\/comments?post=3572"}],"version-history":[{"count":2,"href":"https:\/\/www.sweethome3d.com\/hu\/wp-json\/wp\/v2\/pages\/3572\/revisions"}],"predecessor-version":[{"id":8471,"href":"https:\/\/www.sweethome3d.com\/hu\/wp-json\/wp\/v2\/pages\/3572\/revisions\/8471"}],"wp:featuredmedia":[{"embeddable":true,"href":"https:\/\/www.sweethome3d.com\/hu\/wp-json\/wp\/v2\/media\/3571"}],"wp:attachment":[{"href":"https:\/\/www.sweethome3d.com\/hu\/wp-json\/wp\/v2\/media?parent=3572"}],"curies":[{"name":"wp","href":"https:\/\/api.w.org\/{rel}","templated":true}]}}