{"id":3267,"date":"2025-09-19T09:07:08","date_gmt":"2025-09-19T09:07:08","guid":{"rendered":"https:\/\/www.sweethome3d.com\/jogi-nyilatkozat\/"},"modified":"2025-11-27T14:44:41","modified_gmt":"2025-11-27T14:44:41","slug":"jogi-nyilatkozat","status":"publish","type":"page","link":"https:\/\/www.sweethome3d.com\/hu\/jogi-nyilatkozat\/","title":{"rendered":"Jogi nyilatkozat"},"content":{"rendered":"\n<p>A <a href=\"https:\/\/www.sweethome3d.com\/hu\/\">Sweet Home 3D<\/a> szoftvert \u00e9s a <a href=\"\/\">https:\/\/www.sweethome3d.com\/<\/a> weboldalt a k\u00f6vetkez\u0151 adja ki:<\/p>\n\n<blockquote class=\"wp-block-quote is-layout-flow wp-block-quote-is-layout-flow\">\n<p><a href=\"https:\/\/www.spacemushrooms.it\/\" target=\"_blank\" rel=\"noopener\">Space Mushrooms srl<\/a><br\/>Via Melzi d&#8217;Eril 29<br\/>20154, Mil\u00e1n\u00f3<br\/>Olaszorsz\u00e1g<br\/>E-mail: <a href=\"mailto:info@sweethome3d.com\">info@sweethome3d.com<\/a><\/p>\n<\/blockquote>\n\n<p>A <a href=\"https:\/\/www.spacemushrooms.it\/\" target=\"_blank\" rel=\"noopener\">Space Mushrooms srl<\/a> egy f\u00fcggetlen v\u00e1llalat, amelyet 2021-ben alap\u00edtottak.<\/p>\n\n<p>A Sweet Home 3D<sup>\u00ae<\/sup> bejegyzett v\u00e9djegy.<br\/>Az ezen a weboldalon eml\u00edtett egy\u00e9b kereskedelmi nevek v\u00e9djegyek vagy bejegyzett v\u00e9djegyek, amelyek a megfelel\u0151 tulajdonosaik tulajdon\u00e1t k\u00e9pezik.<\/p>\n\n<p>A <a href=\"https:\/\/www.sweethome3d.com\/\">sweethome3d.com<\/a>, <a href=\"https:\/\/www.sweethome3d.eu\/\" target=\"_blank\" rel=\"noopener\">sweethome3d.eu<\/a>, <a href=\"https:\/\/www.sweethome3d.online\/\" target=\"_blank\" rel=\"noopener\">sweethome3d.online<\/a> \u00e9s <a href=\"https:\/\/www.sweethome2d.com\/\" target=\"_blank\" rel=\"noopener\">sweethome2d.com<\/a> t\u00e1rhelyszolg\u00e1ltat\u00f3ja:<\/p>\n\n<blockquote class=\"wp-block-quote is-layout-flow wp-block-quote-is-layout-flow\">\n<p>OVH<br\/>140, quai du Sartel<br\/>59100 Roubaix<br\/>Franciaorsz\u00e1g<br\/>Tel: +33 8 203 203 63<\/p>\n<\/blockquote>\n\n<p><\/p>\n","protected":false},"excerpt":{"rendered":"<p>A Sweet Home 3D szoftvert \u00e9s a https:\/\/www.sweethome3d.com\/ weboldalt a k\u00f6vetkez\u0151 adja ki: Space Mushrooms srlVia Melzi d&#8217;Eril 2920154, Mil\u00e1n\u00f3Olaszorsz\u00e1gE-mail: info@sweethome3d.com A Space Mushrooms srl egy f\u00fcggetlen v\u00e1llalat, amelyet 2021-ben alap\u00edtottak. A Sweet Home 3D\u00ae bejegyzett v\u00e9djegy.Az ezen a weboldalon eml\u00edtett egy\u00e9b kereskedelmi nevek v\u00e9djegyek vagy bejegyzett v\u00e9djegyek, amelyek a megfelel\u0151 tulajdonosaik tulajdon\u00e1t k\u00e9pezik. A<a href=\"https:\/\/www.sweethome3d.com\/hu\/jogi-nyilatkozat\/\">Continue reading <span class=\"sr-only\">&#8222;Jogi nyilatkozat&#8221;<\/span><\/a><\/p>\n","protected":false},"author":4,"featured_media":3265,"parent":0,"menu_order":0,"comment_status":"closed","ping_status":"closed","template":"page-resources.php","meta":{"inline_featured_image":false,"footnotes":""},"class_list":["post-3267","page","type-page","status-publish","has-post-thumbnail","hentry"],"_links":{"self":[{"href":"https:\/\/www.sweethome3d.com\/hu\/wp-json\/wp\/v2\/pages\/3267","targetHints":{"allow":["GET"]}}],"collection":[{"href":"https:\/\/www.sweethome3d.com\/hu\/wp-json\/wp\/v2\/pages"}],"about":[{"href":"https:\/\/www.sweethome3d.com\/hu\/wp-json\/wp\/v2\/types\/page"}],"author":[{"embeddable":true,"href":"https:\/\/www.sweethome3d.com\/hu\/wp-json\/wp\/v2\/users\/4"}],"replies":[{"embeddable":true,"href":"https:\/\/www.sweethome3d.com\/hu\/wp-json\/wp\/v2\/comments?post=3267"}],"version-history":[{"count":1,"href":"https:\/\/www.sweethome3d.com\/hu\/wp-json\/wp\/v2\/pages\/3267\/revisions"}],"predecessor-version":[{"id":3268,"href":"https:\/\/www.sweethome3d.com\/hu\/wp-json\/wp\/v2\/pages\/3267\/revisions\/3268"}],"wp:featuredmedia":[{"embeddable":true,"href":"https:\/\/www.sweethome3d.com\/hu\/wp-json\/wp\/v2\/media\/3265"}],"wp:attachment":[{"href":"https:\/\/www.sweethome3d.com\/hu\/wp-json\/wp\/v2\/media?parent=3267"}],"curies":[{"name":"wp","href":"https:\/\/api.w.org\/{rel}","templated":true}]}}