{"id":2990,"date":"2025-09-18T11:52:32","date_gmt":"2025-09-18T11:52:32","guid":{"rendered":"https:\/\/www.sweethome3d.com\/dokumentacio\/"},"modified":"2026-01-26T10:26:33","modified_gmt":"2026-01-26T10:26:33","slug":"dokumentacio","status":"publish","type":"page","link":"https:\/\/www.sweethome3d.com\/hu\/dokumentacio\/","title":{"rendered":"Dokument\u00e1ci\u00f3"},"content":{"rendered":"\n<h2 class=\"wp-block-heading\">Felhaszn\u00e1l\u00f3i \u00fatmutat\u00f3k<\/h2>\n\n<p>A <a href=\"https:\/\/www.sweethome3d.com\/hu\/letoltes\/\" data-type=\"page\" data-id=\"396\">Sweet Home 3D<\/a> felhaszn\u00e1l\u00f3i \u00fatmutat\u00f3ja <a href=\"https:\/\/www.sweethome3d.com\/hu\/sweet-home-3d-felhasznaloi-utmutato\/\" data-type=\"page\" data-id=\"424\">ezen az oldalon<\/a>, a billenty\u0171parancsok list\u00e1ja pedig <a href=\"\/storage\/SweetHome3DShortcuts.pdf\">ebben a dokumentumban<\/a> (PDF) \u00e9rhet\u0151 el.<\/p>\n\n<p>A <a href=\"https:\/\/www.sweethome3d.com\/hu\/letoltes\/\" data-type=\"page\" data-id=\"396\">Sweet Home 3D<\/a> rendszeresen friss\u00edtett <a href=\"https:\/\/www.sweethome3d.com\/hu\/gyik\/\" data-type=\"page\" data-id=\"422\">GYIK-et<\/a> \u00e9s teljes s\u00fag\u00f3t is biztos\u00edt, amely a <em>S\u00fag\u00f3 &gt; <a href=\"https:\/\/www.sweethome3d.com\/hu\/\">Sweet Home 3D<\/a> s\u00fag\u00f3<\/em> men\u00fcpontb\u00f3l \u00e9rhet\u0151 el.<\/p>\n\n<div class=\"wp-block-group is-content-justification-center is-nowrap is-layout-flex wp-container-core-group-is-layout-94bc23d7 wp-block-group-is-layout-flex\">\n<figure data-wp-context=\"{&quot;imageId&quot;:&quot;69f428ececae0&quot;}\" data-wp-interactive=\"core\/image\" data-wp-key=\"69f428ececae0\" class=\"wp-block-image size-large wp-lightbox-container\"><img decoding=\"async\" width=\"1024\" height=\"696\" data-wp-class--hide=\"state.isContentHidden\" data-wp-class--show=\"state.isContentVisible\" data-wp-init=\"callbacks.setButtonStyles\" data-wp-on--click=\"actions.showLightbox\" data-wp-on--load=\"callbacks.setButtonStyles\" data-wp-on-window--resize=\"callbacks.setButtonStyles\" data-src=\"https:\/\/www.sweethome3d.com\/wp-content\/uploads\/2025\/11\/IMG-1024x696.png\" alt=\"Dokument&#xE1;ci&#xF3;\" class=\"wp-image-1567 lazyload\" data-srcset=\"https:\/\/www.sweethome3d.com\/wp-content\/uploads\/2025\/11\/IMG-1024x696.png 1024w, https:\/\/www.sweethome3d.com\/wp-content\/uploads\/2025\/11\/IMG-300x204.png 300w, https:\/\/www.sweethome3d.com\/wp-content\/uploads\/2025\/11\/IMG-132x90.png 132w, https:\/\/www.sweethome3d.com\/wp-content\/uploads\/2025\/11\/IMG-768x522.png 768w, https:\/\/www.sweethome3d.com\/wp-content\/uploads\/2025\/11\/IMG-1536x1044.png 1536w, https:\/\/www.sweethome3d.com\/wp-content\/uploads\/2025\/11\/IMG-2048x1392.png 2048w\" data-sizes=\"(max-width: 1024px) 100vw, 1024px\" src=\"data:image\/svg+xml;base64,PHN2ZyB3aWR0aD0iMSIgaGVpZ2h0PSIxIiB4bWxucz0iaHR0cDovL3d3dy53My5vcmcvMjAwMC9zdmciPjwvc3ZnPg==\" style=\"--smush-placeholder-width: 1024px; --smush-placeholder-aspect-ratio: 1024\/696;\" \/><button\n\t\t\tclass=\"lightbox-trigger\"\n\t\t\ttype=\"button\"\n\t\t\taria-haspopup=\"dialog\"\n\t\t\taria-label=\"Nagy\u00edt\u00e1s\"\n\t\t\tdata-wp-init=\"callbacks.initTriggerButton\"\n\t\t\tdata-wp-on--click=\"actions.showLightbox\"\n\t\t\tdata-wp-style--right=\"state.imageButtonRight\"\n\t\t\tdata-wp-style--top=\"state.imageButtonTop\"\n\t\t>\n\t\t\t<svg xmlns=\"http:\/\/www.w3.org\/2000\/svg\" width=\"12\" height=\"12\" fill=\"none\" viewBox=\"0 0 12 12\">\n\t\t\t\t<path fill=\"#fff\" d=\"M2 0a2 2 0 0 0-2 2v2h1.5V2a.5.5 0 0 1 .5-.5h2V0H2Zm2 10.5H2a.5.5 0 0 1-.5-.5V8H0v2a2 2 0 0 0 2 2h2v-1.5ZM8 12v-1.5h2a.5.5 0 0 0 .5-.5V8H12v2a2 2 0 0 1-2 2H8Zm2-12a2 2 0 0 1 2 2v2h-1.5V2a.5.5 0 0 0-.5-.5H8V0h2Z\" \/>\n\t\t\t<\/svg>\n\t\t<\/button><\/figure>\n<\/div>\n\n<p>Olvashatja a k\u00f6vetkez\u0151, k\u00f6zrem\u0171k\u00f6d\u0151k \u00e1ltal \u00edrt \u00fatmutat\u00f3kat is:<\/p>\n\n<div class=\"wp-block-group is-nowrap is-layout-flex wp-container-core-group-is-layout-ad2f72ca wp-block-group-is-layout-flex\">\n<ul class=\"wp-block-list\">\n<li><a href=\"https:\/\/www.sweethome3d.com\/wp-content\/uploads\/2025\/12\/personalizedTexturesGuide.pdf\" data-type=\"attachment\" data-id=\"4801\">Szem\u00e9lyre szabott text\u00far\u00e1k l\u00e9trehoz\u00e1sa Sweet Home 3D-hez<\/a> (PDF) \u2013 Ouais, ford\u00edtotta: Hans Dirkse<\/li>\n\n\n\n<li><a href=\"https:\/\/www.sweethome3d.com\/wp-content\/uploads\/2025\/12\/multiLevelHouseGuide.pdf\" data-type=\"attachment\" data-id=\"4800\">T\u00f6bbszintes h\u00e1z l\u00e9trehoz\u00e1sa Sweet Home 3D 3.3-mal vagy kor\u00e1bbi verzi\u00f3kkal<\/a> (PDF) \u2013 Hans Dirkse<\/li>\n\n\n\n<li><a href=\"https:\/\/www.sweethome3d.com\/wp-content\/uploads\/2025\/12\/pluginsUserGuide.pdf\" data-type=\"attachment\" data-id=\"4799\">\u00datmutat\u00f3 b\u0151v\u00edtm\u00e9nyekhez \u00e9s kieg\u00e9sz\u00edt\u0151kh\u00f6z<\/a> (PDF) \u2013 Hans Dirkse<\/li>\n\n\n\n<li><a href=\"https:\/\/www.sweethome3d.com\/wp-content\/uploads\/2025\/12\/slopingCeilingGuide.pdf\" data-type=\"attachment\" data-id=\"4798\">\u00datmutat\u00f3 ferde mennyezetekhez, tet\u0151kh\u00f6z, tet\u0151ablakokhoz \u00e9s egyebekhez<\/a> (PDF) \u2013 Hans Dirkse<\/li>\n\n\n\n<li><a href=\"https:\/\/www.sweethome3d.com\/wp-content\/uploads\/2025\/12\/SVGPathMiniManualForSweetHome3D.pdf\" data-type=\"attachment\" data-id=\"4797\">\u00datmutat\u00f3 SVG \u00fatvonal kiv\u00e1g\u00e1sokhoz \u00e9s egy\u00e9b b\u00fatortulajdons\u00e1gokhoz<\/a> (PDF) \u2013 OKH<\/li>\n\n\n\n<li><a href=\"https:\/\/www.sweethome3d.com\/hu\/tippek-es-trukkok\/\" data-type=\"page\" data-id=\"426\">N\u00e9h\u00e1ny tipp a Sweet Home 3D blogban<\/a><\/li>\n<\/ul>\n<\/div>\n\n<h2 class=\"wp-block-heading\" id=\"video-tutorials\">Vide\u00f3s oktat\u00f3anyagok<\/h2>\n\n<p>N\u00e9zze meg a k\u00f6vetkez\u0151 vide\u00f3s oktat\u00f3anyagokat, hogy megtanulja, hogyan haszn\u00e1lja a Sweet Home 3D alapvet\u0151 <a href=\"https:\/\/www.sweethome3d.com\/hu\/sweet-home-3d-funkciok\/\" data-type=\"link\" data-id=\"https:\/\/www.sweethome3d.com\/features\/\">funkci\u00f3it<\/a> sz\u00e1m\u00edt\u00f3g\u00e9pen \u00e9s mobilon.<\/p>\n\n<h3 class=\"wp-block-heading\">N\u00f6v\u00e9nyek \u00e9s szintek rajzol\u00e1sa<\/h3>\n\n<div class=\"wp-block-group is-layout-grid wp-container-core-group-is-layout-20fa4e29 wp-block-group-is-layout-grid\">\n<figure class=\"wp-block-embed is-type-video is-provider-youtube wp-block-embed-youtube wp-embed-aspect-16-9 wp-has-aspect-ratio embed-responsive\"><div class=\"wp-block-embed__wrapper\">\n<iframe title=\"Sweet Home 3D Tutorial: Layer Control Walkthrough\" width=\"500\" height=\"281\" data-src=\"https:\/\/www.youtube.com\/embed\/7c5OMgbHFUs?feature=oembed\" frameborder=\"0\" allow=\"accelerometer; autoplay; clipboard-write; encrypted-media; gyroscope; picture-in-picture; web-share\" referrerpolicy=\"strict-origin-when-cross-origin\" allowfullscreen src=\"data:image\/svg+xml;base64,PHN2ZyB3aWR0aD0iMSIgaGVpZ2h0PSIxIiB4bWxucz0iaHR0cDovL3d3dy53My5vcmcvMjAwMC9zdmciPjwvc3ZnPg==\" class=\"lazyload\" data-load-mode=\"1\"><\/iframe>\n<\/div><\/figure>\n\n\n\n<figure class=\"wp-block-embed is-type-video is-provider-youtube wp-block-embed-youtube wp-embed-aspect-16-9 wp-has-aspect-ratio embed-responsive\"><div class=\"wp-block-embed__wrapper\">\n<iframe title=\"Sweet Home 3D Tutorial - 1 Minute to create a balcony\" width=\"500\" height=\"281\" data-src=\"https:\/\/www.youtube.com\/embed\/dByMK7ezL7U?feature=oembed\" frameborder=\"0\" allow=\"accelerometer; autoplay; clipboard-write; encrypted-media; gyroscope; picture-in-picture; web-share\" referrerpolicy=\"strict-origin-when-cross-origin\" allowfullscreen src=\"data:image\/svg+xml;base64,PHN2ZyB3aWR0aD0iMSIgaGVpZ2h0PSIxIiB4bWxucz0iaHR0cDovL3d3dy53My5vcmcvMjAwMC9zdmciPjwvc3ZnPg==\" class=\"lazyload\" data-load-mode=\"1\"><\/iframe>\n<\/div><\/figure>\n<\/div>\n\n<h3 class=\"wp-block-heading\">B\u00fatorok beilleszt\u00e9se \u00e9s testreszab\u00e1sa<\/h3>\n\n<div class=\"wp-block-group is-layout-grid wp-container-core-group-is-layout-20fa4e29 wp-block-group-is-layout-grid\">\n<figure class=\"wp-block-embed is-type-video is-provider-youtube wp-block-embed-youtube embed-responsive wp-embed-aspect-16-9 wp-has-aspect-ratio\"><div class=\"wp-block-embed__wrapper\">\n<iframe title=\"Sweet Home 3D Tutorial - How to customize furniture\" width=\"500\" height=\"281\" data-src=\"https:\/\/www.youtube.com\/embed\/5Ni5zE4q5kk?feature=oembed\" frameborder=\"0\" allow=\"accelerometer; autoplay; clipboard-write; encrypted-media; gyroscope; picture-in-picture; web-share\" referrerpolicy=\"strict-origin-when-cross-origin\" allowfullscreen src=\"data:image\/svg+xml;base64,PHN2ZyB3aWR0aD0iMSIgaGVpZ2h0PSIxIiB4bWxucz0iaHR0cDovL3d3dy53My5vcmcvMjAwMC9zdmciPjwvc3ZnPg==\" class=\"lazyload\" data-load-mode=\"1\"><\/iframe>\n<\/div><\/figure>\n\n\n\n<figure class=\"wp-block-embed is-type-video is-provider-youtube wp-block-embed-youtube embed-responsive wp-embed-aspect-16-9 wp-has-aspect-ratio\"><div class=\"wp-block-embed__wrapper\">\n<iframe title=\"Sweet Home 3D Tutorial - How to create new furniture\" width=\"500\" height=\"281\" data-src=\"https:\/\/www.youtube.com\/embed\/Jtwp7jEVkKk?feature=oembed\" frameborder=\"0\" allow=\"accelerometer; autoplay; clipboard-write; encrypted-media; gyroscope; picture-in-picture; web-share\" referrerpolicy=\"strict-origin-when-cross-origin\" allowfullscreen src=\"data:image\/svg+xml;base64,PHN2ZyB3aWR0aD0iMSIgaGVpZ2h0PSIxIiB4bWxucz0iaHR0cDovL3d3dy53My5vcmcvMjAwMC9zdmciPjwvc3ZnPg==\" class=\"lazyload\" data-load-mode=\"1\"><\/iframe>\n<\/div><\/figure>\n\n\n\n<figure class=\"wp-block-embed is-type-video is-provider-youtube wp-block-embed-youtube embed-responsive wp-embed-aspect-16-9 wp-has-aspect-ratio\"><div class=\"wp-block-embed__wrapper\">\n<iframe title=\"Sweet Home 3D Tutorial - How to combine models together\" width=\"500\" height=\"281\" data-src=\"https:\/\/www.youtube.com\/embed\/CeQ8S6EVUEo?feature=oembed\" frameborder=\"0\" allow=\"accelerometer; autoplay; clipboard-write; encrypted-media; gyroscope; picture-in-picture; web-share\" referrerpolicy=\"strict-origin-when-cross-origin\" allowfullscreen src=\"data:image\/svg+xml;base64,PHN2ZyB3aWR0aD0iMSIgaGVpZ2h0PSIxIiB4bWxucz0iaHR0cDovL3d3dy53My5vcmcvMjAwMC9zdmciPjwvc3ZnPg==\" class=\"lazyload\" data-load-mode=\"1\"><\/iframe>\n<\/div><\/figure>\n\n\n\n<figure class=\"wp-block-embed is-type-video is-provider-youtube wp-block-embed-youtube embed-responsive wp-embed-aspect-16-9 wp-has-aspect-ratio\"><div class=\"wp-block-embed__wrapper\">\n<iframe title=\"Sweet Home 3D Tutorial - 1 Minute to create a mirror effect\" width=\"500\" height=\"281\" data-src=\"https:\/\/www.youtube.com\/embed\/cjjtDetuwLU?feature=oembed\" frameborder=\"0\" allow=\"accelerometer; autoplay; clipboard-write; encrypted-media; gyroscope; picture-in-picture; web-share\" referrerpolicy=\"strict-origin-when-cross-origin\" allowfullscreen src=\"data:image\/svg+xml;base64,PHN2ZyB3aWR0aD0iMSIgaGVpZ2h0PSIxIiB4bWxucz0iaHR0cDovL3d3dy53My5vcmcvMjAwMC9zdmciPjwvc3ZnPg==\" class=\"lazyload\" data-load-mode=\"1\"><\/iframe>\n<\/div><\/figure>\n<\/div>\n\n<h3 class=\"wp-block-heading\">Fot\u00f3- \u00e9s vide\u00f3renderel\u00e9s<\/h3>\n\n<div class=\"wp-block-group is-layout-grid wp-container-core-group-is-layout-20fa4e29 wp-block-group-is-layout-grid\">\n<figure class=\"wp-block-embed is-type-video is-provider-youtube wp-block-embed-youtube embed-responsive wp-embed-aspect-16-9 wp-has-aspect-ratio\"><div class=\"wp-block-embed__wrapper\">\n<iframe title=\"Sweet Home 3D Tutorial - How to create a video rendering\" width=\"500\" height=\"281\" data-src=\"https:\/\/www.youtube.com\/embed\/6QekWiUgNYs?feature=oembed\" frameborder=\"0\" allow=\"accelerometer; autoplay; clipboard-write; encrypted-media; gyroscope; picture-in-picture; web-share\" referrerpolicy=\"strict-origin-when-cross-origin\" allowfullscreen src=\"data:image\/svg+xml;base64,PHN2ZyB3aWR0aD0iMSIgaGVpZ2h0PSIxIiB4bWxucz0iaHR0cDovL3d3dy53My5vcmcvMjAwMC9zdmciPjwvc3ZnPg==\" class=\"lazyload\" data-load-mode=\"1\"><\/iframe>\n<\/div><\/figure>\n\n\n\n<figure class=\"wp-block-embed is-type-video is-provider-youtube wp-block-embed-youtube embed-responsive wp-embed-aspect-16-9 wp-has-aspect-ratio\"><div class=\"wp-block-embed__wrapper\">\n<iframe title=\"Sweet Home 3D - House with terrace video tour\" width=\"500\" height=\"281\" data-src=\"https:\/\/www.youtube.com\/embed\/wTnmSzyTvIs?feature=oembed\" frameborder=\"0\" allow=\"accelerometer; autoplay; clipboard-write; encrypted-media; gyroscope; picture-in-picture; web-share\" referrerpolicy=\"strict-origin-when-cross-origin\" allowfullscreen src=\"data:image\/svg+xml;base64,PHN2ZyB3aWR0aD0iMSIgaGVpZ2h0PSIxIiB4bWxucz0iaHR0cDovL3d3dy53My5vcmcvMjAwMC9zdmciPjwvc3ZnPg==\" class=\"lazyload\" data-load-mode=\"1\"><\/iframe>\n<\/div><\/figure>\n<\/div>\n\n<h3 class=\"wp-block-heading\">3D n\u00e9zet<\/h3>\n\n<div class=\"wp-block-group is-layout-grid wp-container-core-group-is-layout-20fa4e29 wp-block-group-is-layout-grid\">\n<figure class=\"wp-block-embed is-type-video is-provider-youtube wp-block-embed-youtube embed-responsive wp-embed-aspect-16-9 wp-has-aspect-ratio\"><div class=\"wp-block-embed__wrapper\">\n<iframe title=\"Sweet Home 3D Tutorial - How to create a side view with dimensions\" width=\"500\" height=\"281\" data-src=\"https:\/\/www.youtube.com\/embed\/_GtLWS-fn2s?feature=oembed\" frameborder=\"0\" allow=\"accelerometer; autoplay; clipboard-write; encrypted-media; gyroscope; picture-in-picture; web-share\" referrerpolicy=\"strict-origin-when-cross-origin\" allowfullscreen src=\"data:image\/svg+xml;base64,PHN2ZyB3aWR0aD0iMSIgaGVpZ2h0PSIxIiB4bWxucz0iaHR0cDovL3d3dy53My5vcmcvMjAwMC9zdmciPjwvc3ZnPg==\" class=\"lazyload\" data-load-mode=\"1\"><\/iframe>\n<\/div><\/figure>\n<\/div>\n\n<h3 class=\"wp-block-heading\">Sweet Home 3D Mobil<\/h3>\n\n<div class=\"wp-block-group is-layout-grid wp-container-core-group-is-layout-20fa4e29 wp-block-group-is-layout-grid\">\n<figure class=\"wp-block-embed is-type-video is-provider-youtube wp-block-embed-youtube embed-responsive wp-embed-aspect-16-9 wp-has-aspect-ratio\"><div class=\"wp-block-embed__wrapper\">\n<iframe title=\"Sweet Home 3D Tutorial for mobile version\" width=\"500\" height=\"281\" data-src=\"https:\/\/www.youtube.com\/embed\/kXd1S2xpaQk?feature=oembed\" frameborder=\"0\" allow=\"accelerometer; autoplay; clipboard-write; encrypted-media; gyroscope; picture-in-picture; web-share\" referrerpolicy=\"strict-origin-when-cross-origin\" allowfullscreen src=\"data:image\/svg+xml;base64,PHN2ZyB3aWR0aD0iMSIgaGVpZ2h0PSIxIiB4bWxucz0iaHR0cDovL3d3dy53My5vcmcvMjAwMC9zdmciPjwvc3ZnPg==\" class=\"lazyload\" data-load-mode=\"1\"><\/iframe>\n<\/div><\/figure>\n<\/div>\n\n<p>L\u00e1togassa meg a <a href=\"https:\/\/www.youtube.com\/SweetHome3D\" target=\"_blank\" rel=\"noopener\">Sweet Home 3D YouTube csatorn\u00e1t<\/a> tov\u00e1bbi oktat\u00f3anyagok\u00e9rt, \u00e9s olvassa el a blogbejegyz\u00e9st a <a href=\"\/blog\/2016\/11\/29\/best_video_tutorials_about_sweet_home_3d.html\">legjobb vide\u00f3s oktat\u00f3anyagokr\u00f3l<\/a>.<\/p>\n\n<h2 class=\"wp-block-heading\" id=\"developers-guides\">Fejleszt\u0151i \u00fatmutat\u00f3k<\/h2>\n\n<p>Ha <a href=\"https:\/\/www.sweethome3d.com\/hu\/beepulo-modulok-es-eszkozok\/\" data-type=\"page\" data-id=\"437\">b\u0151v\u00edtm\u00e9nyt<\/a> szeretne programozni a <a href=\"https:\/\/www.sweethome3d.com\/hu\/letoltes\/\" data-type=\"page\" data-id=\"396\">Sweet Home 3D-hez<\/a>, el\u0151sz\u00f6r olvassa el a <a href=\"https:\/\/www.sweethome3d.com\/hu\/bovitmenyfejlesztoi-utmutato\/\" data-type=\"page\" data-id=\"4964\">b\u0151v\u00edtm\u00e9ny fejleszt\u0151i \u00fatmutat\u00f3t<\/a>.<\/p>\n\n<p>Ha inform\u00e1ci\u00f3t keres a <a href=\"https:\/\/www.sweethome3d.com\/hu\/letoltes\/\" data-type=\"page\" data-id=\"396\">Sweet Home 3D<\/a> architekt\u00far\u00e1j\u00e1r\u00f3l, olvashatja:<\/p>\n\n<div class=\"wp-block-group is-nowrap is-layout-flex wp-container-core-group-is-layout-ad2f72ca wp-block-group-is-layout-flex\">\n<ul class=\"wp-block-list\">\n<li>a javadoc-kal gener\u00e1lt API-j\u00e1t, amely <a href=\"\/javadoc\/index.html\">online<\/a> vagy <a href=\"https:\/\/sourceforge.net\/projects\/sweethome3d\/files\/SweetHome3D-source\/SweetHome3D-7.5-src\/SweetHome3D-7.5-javadoc.zip\/download\" target=\"_blank\" rel=\"noopener\">let\u00f6lthet\u0151<\/a>,<\/li>\n\n\n\n<li>a <a href=\"https:\/\/www.sweethome3d.com\/hu\/bovitmenyfejlesztoi-utmutato\/\" data-type=\"page\" data-id=\"4964\">b\u0151v\u00edtm\u00e9ny fejleszt\u0151i \u00fatmutat\u00f3 utols\u00f3 r\u00e9sz\u00e9t<\/a>, amely r\u00e9szleteket tartalmaz a Sweet Home 3D <a href=\"\/javadoc\/com\/eteks\/sweethome3d\/model\/package-summary.html\">modellj\u00e9nek<\/a> oszt\u00e1lyair\u00f3l,<\/li>\n\n\n\n<li>a francia k\u00f6nyvet, <a href=\"https:\/\/www.eteks.com\/services\/cahierswing.html\" target=\"_blank\" rel=\"noopener\">Les cahiers du programmeur Swing<\/a> c\u00edmmel, amelyet Emmanuel Puybaret \u00edrt \u00e9s az Editions Eyrolles adott ki 2006 december\u00e9ben, amelynek esettanulm\u00e1nya a <a href=\"\/v0.10\/SweetHome3D.jnlp\">Sweet Home 3D 0.10-es verzi\u00f3ja<\/a>.<\/li>\n<\/ul>\n<\/div>\n\n<p>Ha le szeretn\u00e9 ford\u00edtani a <a href=\"https:\/\/www.sweethome3d.com\/hu\/letoltes\/\" data-type=\"page\" data-id=\"396\">Sweet Home 3D-t<\/a> a saj\u00e1t nyelv\u00e9re, olvassa el a <a href=\"https:\/\/www.sweethome3d.com\/hu\/forditasi-utmutato\/\" data-type=\"page\" data-id=\"5142\">ford\u00edt\u00e1si \u00fatmutat\u00f3t<\/a>.<\/p>\n\n<h2 class=\"wp-block-heading\" id=\"reviews-and-awards\">\u00c9rt\u00e9kel\u00e9sek \u00e9s d\u00edjak<\/h2>\n\n<p>N\u00e9h\u00e1ny \u00e9rt\u00e9kel\u00e9s az interneten:<\/p>\n\n<div class=\"wp-block-group is-nowrap is-layout-flex wp-container-core-group-is-layout-ad2f72ca wp-block-group-is-layout-flex\">\n<ul class=\"wp-block-list\">\n<li><a href=\"https:\/\/www.softpedia.com\/reviews\/windows\/Sweet-Home-3D--Review-77686.shtml\" target=\"_blank\" rel=\"noopener\">K\u00f6nnyed\u00e9n bels\u0151\u00e9p\u00edt\u00e9sz lehetsz!<\/a> \u00e9s <a href=\"https:\/\/mac.softpedia.com\/get\/Graphics\/Sweet-Home-3D.shtml\" target=\"_blank\" rel=\"noopener\">Sweet Home 3D Mac-re \u2013 \u00c9rt\u00e9kel\u00e9s<\/a> a <a href=\"https:\/\/www.softpedia.com\/\" target=\"_blank\" rel=\"noopener\">Softpedia<\/a> oldalon<\/li>\n\n\n\n<li><a href=\"https:\/\/www.linux.com\/news\/sweet-home-3d-simple-interior-design\/\" target=\"_blank\" rel=\"noopener\">Sweet Home 3D: egyszer\u0171 bels\u0151\u00e9p\u00edt\u00e9szet<\/a> a <a href=\"https:\/\/www.linux.com\/\" target=\"_blank\" rel=\"noopener\">linux.com<\/a> oldalon<\/li>\n\n\n\n<li><a href=\"https:\/\/www.brighthub.com\/computing\/mac-platform\/reviews\/33256.aspx\" target=\"_blank\" rel=\"noopener\">Sweet Home 3D \u00c9rt\u00e9kel\u00e9s<\/a> a <a href=\"https:\/\/www.brighthub.com\/\" target=\"_blank\" rel=\"noopener\">Bright hub<\/a> oldalon<\/li>\n\n\n\n<li><a href=\"https:\/\/linuxlock.blogspot.com\/2011\/01\/of-software-and-soffits.html\" target=\"_blank\" rel=\"noopener\">Szoftverekr\u0151l \u00e9s mennyezeti burkolatokr\u00f3l<\/a> a <a href=\"https:\/\/linuxlock.blogspot.com\/\" target=\"_blank\" rel=\"noopener\">The Blog of Helios<\/a> oldalon<\/li>\n\n\n\n<li><a href=\"https:\/\/www.becoming-home.com\/2008\/04\/03\/its-better-than-moving-furniture\/\" target=\"_blank\" rel=\"noopener\">Jobb, mint b\u00fatorokat mozgatni<\/a> a <a href=\"https:\/\/www.becoming-home.com\/\" target=\"_blank\" rel=\"noopener\">Becoming Home<\/a> oldalon<\/li>\n\n\n\n<li><a href=\"https:\/\/www.g2.com\/\" target=\"_blank\" rel=\"noopener\">Egy amat\u0151r \u00e9p\u00edt\u00e9sz felemelked\u00e9se<\/a> a <a href=\"https:\/\/ragnvald.medium.com\/\" target=\"_blank\" rel=\"noopener\">Ragnvald Larsen blogj\u00e1n<\/a><\/li>\n\n\n\n<li><a href=\"https:\/\/svedic.org\/personal\/free-interior-design-with-sweet-home-3d-and-sketchup\" target=\"_blank\" rel=\"noopener\">Ingyenes bels\u0151\u00e9p\u00edt\u00e9szet Sweet Home 3D-vel \u00e9s SketchUp-pal<\/a> a <a href=\"https:\/\/svedic.org\/\" target=\"_blank\" rel=\"noopener\">Svedic blogon<\/a><\/li>\n\n\n\n<li><a href=\"https:\/\/3djunkfair.blogspot.co.at\/\" target=\"_blank\" rel=\"noopener\">My 3D Junk Fair<\/a> \u2013 egy blog, ahol Leonhard Grugl megosztja a Sweet Home 3D-vel kapcsolatos felfedez\u00e9seit<\/li>\n\n\n\n<li><a href=\"https:\/\/listoffreeware.com\/best-free-3d-floor-plan-software-windows\/\" target=\"_blank\" rel=\"noopener\">5 legjobb ingyenes 3D alaprajz szoftver Windowsra<\/a> a <a href=\"https:\/\/listoffreeware.com\/\" target=\"_blank\" rel=\"noopener\">List of freeware<\/a> oldalon<\/li>\n\n\n\n<li><a href=\"https:\/\/sourceforge.net\/projects\/sweethome3d\/reviews\/\" target=\"_blank\" rel=\"noopener\">Felhaszn\u00e1l\u00f3i \u00e9rt\u00e9kel\u00e9sek<\/a> a <a href=\"https:\/\/sourceforge.net\/\" target=\"_blank\" rel=\"noopener\">SourceForge.net<\/a> oldalon<\/li>\n<\/ul>\n<\/div>\n\n<p>\u00c9rt\u00e9kel\u00e9sek a sajt\u00f3ban:<\/p>\n\n<div class=\"wp-block-group is-nowrap is-layout-flex wp-container-core-group-is-layout-ad2f72ca wp-block-group-is-layout-flex\">\n<ul class=\"wp-block-list\">\n<li><a href=\"https:\/\/www.linuxpromagazine.com\/issues\/2008\/95\/projects_on_the_move\" target=\"_blank\" rel=\"noopener\">Mozg\u00f3 projektek<\/a>, a <a href=\"https:\/\/www.linuxpromagazine.com\/issues\/2008\/95\" target=\"_blank\" rel=\"noopener\">Linux Pro Magazine 95. sz\u00e1m\u00e1ban<\/a> (2008. okt\u00f3ber)<\/li>\n<\/ul>\n<\/div>\n","protected":false},"excerpt":{"rendered":"<p>Ez az oldal a Sweet Home 3D-hez jelenleg el\u00e9rhet\u0151 dokument\u00e1ci\u00f3kat \u00edrja le.<\/p>\n","protected":false},"author":4,"featured_media":2989,"parent":0,"menu_order":0,"comment_status":"closed","ping_status":"closed","template":"page-resources.php","meta":{"inline_featured_image":false,"footnotes":""},"class_list":["post-2990","page","type-page","status-publish","has-post-thumbnail","hentry"],"_links":{"self":[{"href":"https:\/\/www.sweethome3d.com\/hu\/wp-json\/wp\/v2\/pages\/2990","targetHints":{"allow":["GET"]}}],"collection":[{"href":"https:\/\/www.sweethome3d.com\/hu\/wp-json\/wp\/v2\/pages"}],"about":[{"href":"https:\/\/www.sweethome3d.com\/hu\/wp-json\/wp\/v2\/types\/page"}],"author":[{"embeddable":true,"href":"https:\/\/www.sweethome3d.com\/hu\/wp-json\/wp\/v2\/users\/4"}],"replies":[{"embeddable":true,"href":"https:\/\/www.sweethome3d.com\/hu\/wp-json\/wp\/v2\/comments?post=2990"}],"version-history":[{"count":13,"href":"https:\/\/www.sweethome3d.com\/hu\/wp-json\/wp\/v2\/pages\/2990\/revisions"}],"predecessor-version":[{"id":16592,"href":"https:\/\/www.sweethome3d.com\/hu\/wp-json\/wp\/v2\/pages\/2990\/revisions\/16592"}],"wp:featuredmedia":[{"embeddable":true,"href":"https:\/\/www.sweethome3d.com\/hu\/wp-json\/wp\/v2\/media\/2989"}],"wp:attachment":[{"href":"https:\/\/www.sweethome3d.com\/hu\/wp-json\/wp\/v2\/media?parent=2990"}],"curies":[{"name":"wp","href":"https:\/\/api.w.org\/{rel}","templated":true}]}}