{"id":2862,"date":"2025-09-18T11:56:08","date_gmt":"2025-09-18T11:56:08","guid":{"rendered":"https:\/\/www.sweethome3d.com\/texturak-importalasa\/"},"modified":"2026-01-26T10:58:32","modified_gmt":"2026-01-26T10:58:32","slug":"texturak-importalasa","status":"publish","type":"page","link":"https:\/\/www.sweethome3d.com\/hu\/texturak-importalasa\/","title":{"rendered":"Text\u00far\u00e1k import\u00e1l\u00e1sa"},"content":{"rendered":"\n<h2 class=\"wp-block-heading\">El\u00e9rhet\u0151 text\u00faraforr\u00e1sok<\/h2>\n\n<h3 class=\"wp-block-heading\">Text\u00farak\u00f6nyvt\u00e1rak<\/h3>\n\n<p><a href=\"https:\/\/www.sweethome3d.com\/hu\/letoltes\/\" data-type=\"page\" data-id=\"396\">Sweet Home 3D<\/a> lehet\u0151v\u00e9 teszi, hogy egyenk\u00e9nt vagy SH3T f\u00e1jlokban t\u00e1rolt text\u00faracsoportk\u00e9nt import\u00e1lj text\u00farak\u00e9peket. Az SH3T f\u00e1jl egy text\u00farak\u00f6nyvt\u00e1r a le\u00edr\u00e1sukkal egy\u00fctt, \u00e9s k\u00f6nnyen telep\u00edthet\u0151 r\u00e1 dupla kattint\u00e1ssal, vagy a <em>B\u00fatorok &gt; Text\u00farak\u00f6nyvt\u00e1r import\u00e1l\u00e1sa<\/em> men\u00fcpont kiv\u00e1laszt\u00e1s\u00e1val a <a href=\"https:\/\/www.sweethome3d.com\/hu\/letoltes\/\" data-type=\"page\" data-id=\"396\">Sweet Home 3D<\/a>-ben.<br\/>Az al\u00e1bbi ZIP f\u00e1jlok SH3T f\u00e1jlt tartalmaznak, amelyet import\u00e1lhatsz a <a href=\"https:\/\/www.sweethome3d.com\/hu\/letoltes\/\" data-type=\"page\" data-id=\"396\">Sweet Home 3D<\/a>-be. <\/p>\n\n<div class=\"wp-block-group is-nowrap is-layout-flex wp-container-core-group-is-layout-ad2f72ca wp-block-group-is-layout-flex\">\n<ul class=\"wp-block-list\">\n<li><a href=\"https:\/\/sourceforge.net\/projects\/sweethome3d\/files\/SweetHome3D-textures\/Textures-1.3.1\/Textures-Contributions-1.3.1.zip\/download\" target=\"_blank\" rel=\"noopener\">Textures-Contributions-1.3.1.zip<\/a> (1,1 MB &#8211; 57 text\u00fara &#8211; CC-BY licenc)<\/li>\n\n\n\n<li><a href=\"https:\/\/sourceforge.net\/projects\/sweethome3d\/files\/SweetHome3D-textures\/Textures-1.3.1\/Textures-eTeksScopia-1.3.1.zip\/download\" target=\"_blank\" rel=\"noopener\">Textures-eTeksScopia-1.3.1.zip<\/a> (18,8 MB &#8211; 340 text\u00fara &#8211; CC-BY licenc)<\/li>\n<\/ul>\n<\/div>\n\n<p>Let\u00f6ltheted a <a href=\"#download\">teljes verzi\u00f3t<\/a> is, amely t\u00f6bb mint 10 000 <a href=\"https:\/\/www.sweethome3d.com\/hu\/3d-modellek-importalasa\/\" data-type=\"page\" data-id=\"432\">3D modellt<\/a> \u00e9s 400 text\u00far\u00e1t tartalmaz.<a href=\"https:\/\/apps.apple.com\/app\/sweet-home-3d\/id669289700\" target=\"_blank\" rel=\"noopener\"><\/a><\/p>\n\n<div style=\"height:30px\" aria-hidden=\"true\" class=\"wp-block-spacer\"><\/div>\n\n<div class=\"wp-block-buttons is-content-justification-center is-layout-flex wp-container-core-buttons-is-layout-16018d1d wp-block-buttons-is-layout-flex\" data-label=\"wce_textures_download_direct\">\n<div class=\"wp-block-button font-inter\" data-wce-label=\"wce_textures_download_direct\"><a class=\"wp-block-button__link has-blue-pure-background-color has-background wp-element-button\" href=\"#download\" style=\"font-style:normal;font-weight:700\">T\u00f6ltsd le a Sweet Home 3D-t<\/a><\/div>\n<\/div>\n\n<div style=\"height:60px\" aria-hidden=\"true\" class=\"wp-block-spacer\"><\/div>\n\n<div class=\"wp-block-group is-content-justification-center is-nowrap is-layout-flex wp-container-core-group-is-layout-94bc23d7 wp-block-group-is-layout-flex\">\n<figure data-wp-context=\"{&quot;imageId&quot;:&quot;69f428ecbd0ce&quot;}\" data-wp-interactive=\"core\/image\" data-wp-key=\"69f428ecbd0ce\" class=\"wp-block-image aligncenter size-full is-resized wp-lightbox-container\"><img decoding=\"async\" width=\"1452\" height=\"332\" data-wp-class--hide=\"state.isContentHidden\" data-wp-class--show=\"state.isContentVisible\" data-wp-init=\"callbacks.setButtonStyles\" data-wp-on--click=\"actions.showLightbox\" data-wp-on--load=\"callbacks.setButtonStyles\" data-wp-on-window--resize=\"callbacks.setButtonStyles\" data-src=\"https:\/\/www.sweethome3d.com\/wp-content\/uploads\/2025\/11\/Frame-1000003909-1.png\" alt=\"\" class=\"wp-image-2673 lazyload\" style=\"--smush-placeholder-width: 1452px; --smush-placeholder-aspect-ratio: 1452\/332;width:720px\" data-srcset=\"https:\/\/www.sweethome3d.com\/wp-content\/uploads\/2025\/11\/Frame-1000003909-1.png 1452w, https:\/\/www.sweethome3d.com\/wp-content\/uploads\/2025\/11\/Frame-1000003909-1-300x69.png 300w, https:\/\/www.sweethome3d.com\/wp-content\/uploads\/2025\/11\/Frame-1000003909-1-1024x234.png 1024w, https:\/\/www.sweethome3d.com\/wp-content\/uploads\/2025\/11\/Frame-1000003909-1-394x90.png 394w, https:\/\/www.sweethome3d.com\/wp-content\/uploads\/2025\/11\/Frame-1000003909-1-768x176.png 768w\" data-sizes=\"(max-width: 1452px) 100vw, 1452px\" src=\"data:image\/svg+xml;base64,PHN2ZyB3aWR0aD0iMSIgaGVpZ2h0PSIxIiB4bWxucz0iaHR0cDovL3d3dy53My5vcmcvMjAwMC9zdmciPjwvc3ZnPg==\" \/><button\n\t\t\tclass=\"lightbox-trigger\"\n\t\t\ttype=\"button\"\n\t\t\taria-haspopup=\"dialog\"\n\t\t\taria-label=\"Nagy\u00edt\u00e1s\"\n\t\t\tdata-wp-init=\"callbacks.initTriggerButton\"\n\t\t\tdata-wp-on--click=\"actions.showLightbox\"\n\t\t\tdata-wp-style--right=\"state.imageButtonRight\"\n\t\t\tdata-wp-style--top=\"state.imageButtonTop\"\n\t\t>\n\t\t\t<svg xmlns=\"http:\/\/www.w3.org\/2000\/svg\" width=\"12\" height=\"12\" fill=\"none\" viewBox=\"0 0 12 12\">\n\t\t\t\t<path fill=\"#fff\" d=\"M2 0a2 2 0 0 0-2 2v2h1.5V2a.5.5 0 0 1 .5-.5h2V0H2Zm2 10.5H2a.5.5 0 0 1-.5-.5V8H0v2a2 2 0 0 0 2 2h2v-1.5ZM8 12v-1.5h2a.5.5 0 0 0 .5-.5V8H12v2a2 2 0 0 1-2 2H8Zm2-12a2 2 0 0 1 2 2v2h-1.5V2a.5.5 0 0 0-.5-.5H8V0h2Z\" \/>\n\t\t\t<\/svg>\n\t\t<\/button><\/figure>\n<\/div>\n\n<div style=\"height:60px\" aria-hidden=\"true\" class=\"wp-block-spacer\"><\/div>\n\n<p class=\"has-text-align-center\">Ne feledd, hogy az SH3T f\u00e1jl val\u00f3j\u00e1ban egyfajta ZIP f\u00e1jl, amelyb\u0151l b\u00e1rmilyen ZIP eszk\u00f6zzel kinyerheted az egyes text\u00farak\u00e9peket. Sz\u00fcks\u00e9g eset\u00e9n saj\u00e1t SH3T f\u00e1jlokat is l\u00e9trehozhatsz a let\u00f6lthet\u0151 <a href=\"https:\/\/sourceforge.net\/projects\/sweethome3d\/files\/TexturesLibraryEditor\/TexturesLibraryEditor-2.1.jar\/download\" target=\"_blank\" rel=\"noopener\">Text\u00farak\u00f6nyvt\u00e1r-szerkeszt\u0151vel<\/a>. <\/p>\n\n<div style=\"height:30px\" aria-hidden=\"true\" class=\"wp-block-spacer\"><\/div>\n\n<h3 class=\"wp-block-heading\">Text\u00far\u00e1kat tartalmaz\u00f3 weboldalak<\/h3>\n\n<p>Az al\u00e1bbi oldalak ingyenes text\u00farak\u00e9peket k\u00edn\u00e1lnak, amelyeket a <a href=\"\/\">Sweet Home 3D<\/a> text\u00faraimport\u00e1l\u00f3 var\u00e1zsl\u00f3ja t\u00e1mogat:<\/p>\n\n<figure class=\"wp-block-flexible-table-block-table is-content-justification-left stars-table\"><table class=\"\" style=\"border-width:0\"><tbody><tr><td><img decoding=\"async\" width=\"12\" height=\"12\" data-src=\"https:\/\/www.sweethome3d.com\/images\/star.gif\" alt=\"Csillag\" src=\"data:image\/svg+xml;base64,PHN2ZyB3aWR0aD0iMSIgaGVpZ2h0PSIxIiB4bWxucz0iaHR0cDovL3d3dy53My5vcmcvMjAwMC9zdmciPjwvc3ZnPg==\" class=\"lazyload\" style=\"--smush-placeholder-width: 12px; --smush-placeholder-aspect-ratio: 12\/12;\"><img decoding=\"async\" width=\"12\" height=\"12\" data-src=\"https:\/\/www.sweethome3d.com\/images\/star.gif\" alt=\"Csillag\" src=\"data:image\/svg+xml;base64,PHN2ZyB3aWR0aD0iMSIgaGVpZ2h0PSIxIiB4bWxucz0iaHR0cDovL3d3dy53My5vcmcvMjAwMC9zdmciPjwvc3ZnPg==\" class=\"lazyload\" style=\"--smush-placeholder-width: 12px; --smush-placeholder-aspect-ratio: 12\/12;\"><img decoding=\"async\" width=\"12\" height=\"12\" data-src=\"https:\/\/www.sweethome3d.com\/images\/star.gif\" alt=\"Csillag\" src=\"data:image\/svg+xml;base64,PHN2ZyB3aWR0aD0iMSIgaGVpZ2h0PSIxIiB4bWxucz0iaHR0cDovL3d3dy53My5vcmcvMjAwMC9zdmciPjwvc3ZnPg==\" class=\"lazyload\" style=\"--smush-placeholder-width: 12px; --smush-placeholder-aspect-ratio: 12\/12;\"><\/td><td><a href=\"https:\/\/ambientcg.com\/\" target=\"_blank\" rel=\"noopener\">ambientCG<\/a> (sok varratmentes text\u00fara k\u00f6zkincs, SH3T k\u00f6nyvt\u00e1rk\u00e9nt is el\u00e9rhet\u0151 <a href=\"https:\/\/github.com\/fabien-michel\/sweethome3d-textures-ambientcg\" target=\"_blank\" rel=\"noopener\">itt<\/a>)<\/td><\/tr><tr><td><img decoding=\"async\" width=\"12\" height=\"12\" data-src=\"https:\/\/www.sweethome3d.com\/images\/star.gif\" alt=\"Csillag\" src=\"data:image\/svg+xml;base64,PHN2ZyB3aWR0aD0iMSIgaGVpZ2h0PSIxIiB4bWxucz0iaHR0cDovL3d3dy53My5vcmcvMjAwMC9zdmciPjwvc3ZnPg==\" class=\"lazyload\" style=\"--smush-placeholder-width: 12px; --smush-placeholder-aspect-ratio: 12\/12;\"><img decoding=\"async\" width=\"12\" height=\"12\" data-src=\"https:\/\/www.sweethome3d.com\/images\/star.gif\" alt=\"Csillag\" src=\"data:image\/svg+xml;base64,PHN2ZyB3aWR0aD0iMSIgaGVpZ2h0PSIxIiB4bWxucz0iaHR0cDovL3d3dy53My5vcmcvMjAwMC9zdmciPjwvc3ZnPg==\" class=\"lazyload\" style=\"--smush-placeholder-width: 12px; --smush-placeholder-aspect-ratio: 12\/12;\"><\/td><td><a href=\"https:\/\/archivetextures.net\/\" target=\"_blank\" rel=\"noopener\">Archive textures<\/a> (nagyon sz\u00e9les v\u00e1laszt\u00e9k)<\/td><\/tr><tr><td><img decoding=\"async\" width=\"12\" height=\"12\" data-src=\"https:\/\/www.sweethome3d.com\/images\/star.gif\" alt=\"Csillag\" src=\"data:image\/svg+xml;base64,PHN2ZyB3aWR0aD0iMSIgaGVpZ2h0PSIxIiB4bWxucz0iaHR0cDovL3d3dy53My5vcmcvMjAwMC9zdmciPjwvc3ZnPg==\" class=\"lazyload\" style=\"--smush-placeholder-width: 12px; --smush-placeholder-aspect-ratio: 12\/12;\"><img decoding=\"async\" width=\"12\" height=\"12\" data-src=\"https:\/\/www.sweethome3d.com\/images\/star.gif\" alt=\"Csillag\" src=\"data:image\/svg+xml;base64,PHN2ZyB3aWR0aD0iMSIgaGVpZ2h0PSIxIiB4bWxucz0iaHR0cDovL3d3dy53My5vcmcvMjAwMC9zdmciPjwvc3ZnPg==\" class=\"lazyload\" style=\"--smush-placeholder-width: 12px; --smush-placeholder-aspect-ratio: 12\/12;\"><\/td><td><a href=\"https:\/\/www.sharetextures.com\/\" target=\"_blank\" rel=\"noopener\">Sharetextures<\/a> (sz\u00e9p varratmentes text\u00far\u00e1k k\u00f6zkincs)<\/td><\/tr><tr><td><img decoding=\"async\" width=\"12\" height=\"12\" data-src=\"https:\/\/www.sweethome3d.com\/images\/star.gif\" alt=\"Csillag\" src=\"data:image\/svg+xml;base64,PHN2ZyB3aWR0aD0iMSIgaGVpZ2h0PSIxIiB4bWxucz0iaHR0cDovL3d3dy53My5vcmcvMjAwMC9zdmciPjwvc3ZnPg==\" class=\"lazyload\" style=\"--smush-placeholder-width: 12px; --smush-placeholder-aspect-ratio: 12\/12;\"><img decoding=\"async\" width=\"12\" height=\"12\" data-src=\"https:\/\/www.sweethome3d.com\/images\/star.gif\" alt=\"Csillag\" src=\"data:image\/svg+xml;base64,PHN2ZyB3aWR0aD0iMSIgaGVpZ2h0PSIxIiB4bWxucz0iaHR0cDovL3d3dy53My5vcmcvMjAwMC9zdmciPjwvc3ZnPg==\" class=\"lazyload\" style=\"--smush-placeholder-width: 12px; --smush-placeholder-aspect-ratio: 12\/12;\"><\/td><td><a href=\"https:\/\/3dtextures.me\/\" target=\"_blank\" rel=\"noopener\">3D textures<\/a> (egy m\u00e1sik oldal varratmentes text\u00far\u00e1kkal, k\u00f6zkincs)<\/td><\/tr><tr><td><img decoding=\"async\" width=\"12\" height=\"12\" data-src=\"https:\/\/www.sweethome3d.com\/images\/star.gif\" alt=\"Csillag\" src=\"data:image\/svg+xml;base64,PHN2ZyB3aWR0aD0iMSIgaGVpZ2h0PSIxIiB4bWxucz0iaHR0cDovL3d3dy53My5vcmcvMjAwMC9zdmciPjwvc3ZnPg==\" class=\"lazyload\" style=\"--smush-placeholder-width: 12px; --smush-placeholder-aspect-ratio: 12\/12;\"><img decoding=\"async\" width=\"12\" height=\"12\" data-src=\"https:\/\/www.sweethome3d.com\/images\/star.gif\" alt=\"Csillag\" src=\"data:image\/svg+xml;base64,PHN2ZyB3aWR0aD0iMSIgaGVpZ2h0PSIxIiB4bWxucz0iaHR0cDovL3d3dy53My5vcmcvMjAwMC9zdmciPjwvc3ZnPg==\" class=\"lazyload\" style=\"--smush-placeholder-width: 12px; --smush-placeholder-aspect-ratio: 12\/12;\"><\/td><td><a href=\"https:\/\/tiled-bg.blogspot.com\/p\/about.html\" target=\"_blank\" rel=\"noopener\">Free Web Gallery of Tile-able Website Backgrounds<\/a> (testreszabhat\u00f3 varratmentes text\u00far\u00e1k CC-BY licenc alatt el\u00e9rhet\u0151k)<\/td><\/tr><tr><td><img decoding=\"async\" width=\"12\" height=\"12\" data-src=\"https:\/\/www.sweethome3d.com\/images\/star.gif\" alt=\"Csillag\" src=\"data:image\/svg+xml;base64,PHN2ZyB3aWR0aD0iMSIgaGVpZ2h0PSIxIiB4bWxucz0iaHR0cDovL3d3dy53My5vcmcvMjAwMC9zdmciPjwvc3ZnPg==\" class=\"lazyload\" style=\"--smush-placeholder-width: 12px; --smush-placeholder-aspect-ratio: 12\/12;\"><img decoding=\"async\" width=\"12\" height=\"12\" data-src=\"https:\/\/www.sweethome3d.com\/images\/star.gif\" alt=\"Csillag\" src=\"data:image\/svg+xml;base64,PHN2ZyB3aWR0aD0iMSIgaGVpZ2h0PSIxIiB4bWxucz0iaHR0cDovL3d3dy53My5vcmcvMjAwMC9zdmciPjwvc3ZnPg==\" class=\"lazyload\" style=\"--smush-placeholder-width: 12px; --smush-placeholder-aspect-ratio: 12\/12;\"><\/td><td><a href=\"https:\/\/www.plaintextures.com\/\" target=\"_blank\" rel=\"noopener\">Plain textures<\/a> (nagy text\u00farav\u00e1laszt\u00e9k, de nem mindegyik varratmentes)<\/td><\/tr><tr><td><img decoding=\"async\" width=\"12\" height=\"12\" data-src=\"https:\/\/www.sweethome3d.com\/images\/star.gif\" alt=\"Csillag\" src=\"data:image\/svg+xml;base64,PHN2ZyB3aWR0aD0iMSIgaGVpZ2h0PSIxIiB4bWxucz0iaHR0cDovL3d3dy53My5vcmcvMjAwMC9zdmciPjwvc3ZnPg==\" class=\"lazyload\" style=\"--smush-placeholder-width: 12px; --smush-placeholder-aspect-ratio: 12\/12;\"><img decoding=\"async\" width=\"12\" height=\"12\" data-src=\"https:\/\/www.sweethome3d.com\/images\/star.gif\" alt=\"Csillag\" src=\"data:image\/svg+xml;base64,PHN2ZyB3aWR0aD0iMSIgaGVpZ2h0PSIxIiB4bWxucz0iaHR0cDovL3d3dy53My5vcmcvMjAwMC9zdmciPjwvc3ZnPg==\" class=\"lazyload\" style=\"--smush-placeholder-width: 12px; --smush-placeholder-aspect-ratio: 12\/12;\"><\/td><td><a href=\"https:\/\/www.cgtextures.com\/\" target=\"_blank\" rel=\"noopener\">CG Textures<\/a> (nagy text\u00farav\u00e1laszt\u00e9k, de nem mindegyik varratmentes)<\/td><\/tr><tr><td><img decoding=\"async\" width=\"12\" height=\"12\" data-src=\"https:\/\/www.sweethome3d.com\/images\/star.gif\" alt=\"Csillag\" src=\"data:image\/svg+xml;base64,PHN2ZyB3aWR0aD0iMSIgaGVpZ2h0PSIxIiB4bWxucz0iaHR0cDovL3d3dy53My5vcmcvMjAwMC9zdmciPjwvc3ZnPg==\" class=\"lazyload\" style=\"--smush-placeholder-width: 12px; --smush-placeholder-aspect-ratio: 12\/12;\"><img decoding=\"async\" width=\"12\" height=\"12\" data-src=\"https:\/\/www.sweethome3d.com\/images\/star.gif\" alt=\"Csillag\" src=\"data:image\/svg+xml;base64,PHN2ZyB3aWR0aD0iMSIgaGVpZ2h0PSIxIiB4bWxucz0iaHR0cDovL3d3dy53My5vcmcvMjAwMC9zdmciPjwvc3ZnPg==\" class=\"lazyload\" style=\"--smush-placeholder-width: 12px; --smush-placeholder-aspect-ratio: 12\/12;\"><\/td><td><a href=\"https:\/\/blender-archi.tuxfamily.org\/Textures\" target=\"_blank\" rel=\"noopener\">Blender for Architecture<\/a> (\u00e9rdekes <a href=\"https:\/\/blender-archi.tuxfamily.org\/Textures#Horizontal_maps\" target=\"_blank\" rel=\"noopener\">\u00e9gbolt text\u00far\u00e1khoz<\/a>)<\/td><\/tr><tr><td><img decoding=\"async\" width=\"12\" height=\"12\" data-src=\"https:\/\/www.sweethome3d.com\/images\/star.gif\" alt=\"Csillag\" src=\"data:image\/svg+xml;base64,PHN2ZyB3aWR0aD0iMSIgaGVpZ2h0PSIxIiB4bWxucz0iaHR0cDovL3d3dy53My5vcmcvMjAwMC9zdmciPjwvc3ZnPg==\" class=\"lazyload\" style=\"--smush-placeholder-width: 12px; --smush-placeholder-aspect-ratio: 12\/12;\"><img decoding=\"async\" width=\"12\" height=\"12\" data-src=\"https:\/\/www.sweethome3d.com\/images\/star.gif\" alt=\"Csillag\" src=\"data:image\/svg+xml;base64,PHN2ZyB3aWR0aD0iMSIgaGVpZ2h0PSIxIiB4bWxucz0iaHR0cDovL3d3dy53My5vcmcvMjAwMC9zdmciPjwvc3ZnPg==\" class=\"lazyload\" style=\"--smush-placeholder-width: 12px; --smush-placeholder-aspect-ratio: 12\/12;\"><\/td><td><a href=\"https:\/\/telias.gr\/textures_menu.html\" target=\"_blank\" rel=\"noopener\">Free the models<\/a> (sz\u00e9p text\u00far\u00e1k, <a href=\"https:\/\/www.sweethome3d.com\/hu\/\">Sweet Home 3D<\/a> k\u00f6zrem\u0171k\u00f6d\u0151 k\u00e9sz\u00edtette)<\/td><\/tr><tr><td><img decoding=\"async\" width=\"12\" height=\"12\" data-src=\"https:\/\/www.sweethome3d.com\/images\/star.gif\" alt=\"Csillag\" src=\"data:image\/svg+xml;base64,PHN2ZyB3aWR0aD0iMSIgaGVpZ2h0PSIxIiB4bWxucz0iaHR0cDovL3d3dy53My5vcmcvMjAwMC9zdmciPjwvc3ZnPg==\" class=\"lazyload\" style=\"--smush-placeholder-width: 12px; --smush-placeholder-aspect-ratio: 12\/12;\"><img decoding=\"async\" width=\"12\" height=\"12\" data-src=\"https:\/\/www.sweethome3d.com\/images\/star.gif\" alt=\"Csillag\" src=\"data:image\/svg+xml;base64,PHN2ZyB3aWR0aD0iMSIgaGVpZ2h0PSIxIiB4bWxucz0iaHR0cDovL3d3dy53My5vcmcvMjAwMC9zdmciPjwvc3ZnPg==\" class=\"lazyload\" style=\"--smush-placeholder-width: 12px; --smush-placeholder-aspect-ratio: 12\/12;\"><\/td><td><a href=\"https:\/\/www.museumtextures.com\/\" target=\"_blank\" rel=\"noopener\">Museum Textures<\/a> (sz\u00e9p text\u00farav\u00e1laszt\u00e9k, n\u00e9h\u00e1ny varratmentessel)<\/td><\/tr><tr><td><img decoding=\"async\" width=\"12\" height=\"12\" data-src=\"https:\/\/www.sweethome3d.com\/images\/star.gif\" alt=\"Csillag\" src=\"data:image\/svg+xml;base64,PHN2ZyB3aWR0aD0iMSIgaGVpZ2h0PSIxIiB4bWxucz0iaHR0cDovL3d3dy53My5vcmcvMjAwMC9zdmciPjwvc3ZnPg==\" class=\"lazyload\" style=\"--smush-placeholder-width: 12px; --smush-placeholder-aspect-ratio: 12\/12;\"><\/td><td><a href=\"https:\/\/www.alterlinks.com\/textures\/\" target=\"_blank\" rel=\"noopener\">Alterlinks<\/a> (n\u00e9h\u00e1ny egyszer\u0171 text\u00fara)<\/td><\/tr><tr><td><img decoding=\"async\" width=\"12\" height=\"12\" data-src=\"https:\/\/www.sweethome3d.com\/images\/star.gif\" alt=\"Csillag\" src=\"data:image\/svg+xml;base64,PHN2ZyB3aWR0aD0iMSIgaGVpZ2h0PSIxIiB4bWxucz0iaHR0cDovL3d3dy53My5vcmcvMjAwMC9zdmciPjwvc3ZnPg==\" class=\"lazyload\" style=\"--smush-placeholder-width: 12px; --smush-placeholder-aspect-ratio: 12\/12;\"><\/td><td><a href=\"https:\/\/www.hongkiat.com\/blog\/28-high-resolution-wood-textures-for-designers\/\" target=\"_blank\" rel=\"noopener\">Hongkiat.com<\/a> (fahat\u00e1s\u00fa text\u00far\u00e1k, t\u00f6bbs\u00e9g\u00fck nem varratmentes)<\/td><\/tr><tr><td><img decoding=\"async\" width=\"12\" height=\"12\" data-src=\"https:\/\/www.sweethome3d.com\/images\/star.gif\" alt=\"Csillag\" src=\"data:image\/svg+xml;base64,PHN2ZyB3aWR0aD0iMSIgaGVpZ2h0PSIxIiB4bWxucz0iaHR0cDovL3d3dy53My5vcmcvMjAwMC9zdmciPjwvc3ZnPg==\" class=\"lazyload\" style=\"--smush-placeholder-width: 12px; --smush-placeholder-aspect-ratio: 12\/12;\"><\/td><td><a href=\"https:\/\/webdesignledger.com\/freebies\/40-beautiful-patterns-and-textures-for-ornate-backgrounds\" target=\"_blank\" rel=\"noopener\">WDL<\/a> (falmint\u00e1s text\u00far\u00e1k)<\/td><\/tr><\/tbody><\/table><\/figure>\n\n<p>Ha egy fel\u00fcletet olyan text\u00far\u00e1val szeretn\u00e9l befedni, amely ism\u00e9tl\u0151dik, mint egy falminta, ink\u00e1bb varratmentes text\u00far\u00e1t v\u00e1lassz.<\/p>\n\n<p>A Sweet Home 3D teljes\u00edtm\u00e9ny\u00e9nek cs\u00f6kkent\u00e9s\u00e9nek elker\u00fcl\u00e9se \u00e9rdek\u00e9ben ne import\u00e1lj nagy felbont\u00e1s\u00fa k\u00e9peket (\u00e1ltal\u00e1ban a 256&#215;256 pixeles k\u00e9pek m\u00e1r j\u00f3 eredm\u00e9nyt adnak). Ha cs\u00f6kkentened kell egy k\u00e9p felbont\u00e1s\u00e1t, akkor a jobb JPEG min\u0151s\u00e9get r\u00e9szes\u00edtsd el\u0151nyben a nagyobb felbont\u00e1ssal szemben. <\/p>\n\n<p>K\u00e9rj\u00fck, tartsa tiszteletben az ezekr\u0151l a weboldalakr\u00f3l <a href=\"https:\/\/www.sweethome3d.com\/hu\/letoltes\/\" data-type=\"link\" data-id=\"https:\/\/www.sweethome3d.com\/download\/\">let\u00f6lthet\u0151<\/a> text\u00far\u00e1k licenc\u00e9t.<\/p>\n\n<div style=\"height:30px\" aria-hidden=\"true\" class=\"wp-block-spacer\"><\/div>\n\n<p><\/p>\n","protected":false},"excerpt":{"rendered":"<p>Ez az oldal ingyenes text\u00farak\u00e9pek forr\u00e1sait sorolja fel, amelyeket import\u00e1lhatsz a Sweet Home 3D-be.<\/p>\n","protected":false},"author":4,"featured_media":2859,"parent":0,"menu_order":0,"comment_status":"closed","ping_status":"closed","template":"page-resources.php","meta":{"inline_featured_image":false,"footnotes":""},"class_list":["post-2862","page","type-page","status-publish","has-post-thumbnail","hentry"],"_links":{"self":[{"href":"https:\/\/www.sweethome3d.com\/hu\/wp-json\/wp\/v2\/pages\/2862","targetHints":{"allow":["GET"]}}],"collection":[{"href":"https:\/\/www.sweethome3d.com\/hu\/wp-json\/wp\/v2\/pages"}],"about":[{"href":"https:\/\/www.sweethome3d.com\/hu\/wp-json\/wp\/v2\/types\/page"}],"author":[{"embeddable":true,"href":"https:\/\/www.sweethome3d.com\/hu\/wp-json\/wp\/v2\/users\/4"}],"replies":[{"embeddable":true,"href":"https:\/\/www.sweethome3d.com\/hu\/wp-json\/wp\/v2\/comments?post=2862"}],"version-history":[{"count":3,"href":"https:\/\/www.sweethome3d.com\/hu\/wp-json\/wp\/v2\/pages\/2862\/revisions"}],"predecessor-version":[{"id":16666,"href":"https:\/\/www.sweethome3d.com\/hu\/wp-json\/wp\/v2\/pages\/2862\/revisions\/16666"}],"wp:featuredmedia":[{"embeddable":true,"href":"https:\/\/www.sweethome3d.com\/hu\/wp-json\/wp\/v2\/media\/2859"}],"wp:attachment":[{"href":"https:\/\/www.sweethome3d.com\/hu\/wp-json\/wp\/v2\/media?parent=2862"}],"curies":[{"name":"wp","href":"https:\/\/api.w.org\/{rel}","templated":true}]}}