{"id":2013,"date":"2025-09-18T11:00:31","date_gmt":"2025-09-18T11:00:31","guid":{"rendered":"https:\/\/www.sweethome3d.com\/online\/"},"modified":"2026-02-11T10:35:40","modified_gmt":"2026-02-11T10:35:40","slug":"online","status":"publish","type":"page","link":"https:\/\/www.sweethome3d.com\/hu\/online\/","title":{"rendered":"Online"},"content":{"rendered":"\n<div class=\"wp-block-cover bg-blue-6 max-w-none\" style=\"min-height:700px;aspect-ratio:unset;\"><img decoding=\"async\" width=\"1024\" height=\"466\" class=\"wp-block-cover__image-background wp-image-3445 size-large lazyload\" alt=\"\" data-src=\"https:\/\/www.sweethome3d.com\/wp-content\/uploads\/2025\/11\/Blueprint-Style-Poster-1-1-1-1024x466.png\" data-object-fit=\"cover\" data-srcset=\"https:\/\/www.sweethome3d.com\/wp-content\/uploads\/2025\/11\/Blueprint-Style-Poster-1-1-1-1024x466.png 1024w, https:\/\/www.sweethome3d.com\/wp-content\/uploads\/2025\/11\/Blueprint-Style-Poster-1-1-1-300x137.png 300w, https:\/\/www.sweethome3d.com\/wp-content\/uploads\/2025\/11\/Blueprint-Style-Poster-1-1-1-198x90.png 198w, https:\/\/www.sweethome3d.com\/wp-content\/uploads\/2025\/11\/Blueprint-Style-Poster-1-1-1-768x350.png 768w, https:\/\/www.sweethome3d.com\/wp-content\/uploads\/2025\/11\/Blueprint-Style-Poster-1-1-1-1536x699.png 1536w, https:\/\/www.sweethome3d.com\/wp-content\/uploads\/2025\/11\/Blueprint-Style-Poster-1-1-1.png 2048w\" data-sizes=\"(max-width: 1024px) 100vw, 1024px\" src=\"data:image\/svg+xml;base64,PHN2ZyB3aWR0aD0iMSIgaGVpZ2h0PSIxIiB4bWxucz0iaHR0cDovL3d3dy53My5vcmcvMjAwMC9zdmciPjwvc3ZnPg==\" style=\"--smush-placeholder-width: 1024px; --smush-placeholder-aspect-ratio: 1024\/466;\" \/><span aria-hidden=\"true\" class=\"wp-block-cover__background has-background-dim-0 has-background-dim\" style=\"background-color:#564e47\"><\/span><div class=\"wp-block-cover__inner-container is-layout-flow wp-block-cover-is-layout-flow\">\n<div style=\"height:64px\" aria-hidden=\"true\" class=\"wp-block-spacer\"><\/div>\n\n\n\n<div class=\"wp-block-group  max-w-3xl mx-auto is-vertical is-content-justification-center is-layout-flex wp-container-core-group-is-layout-4b2eccd6 wp-block-group-is-layout-flex\">\n<div class=\"wp-block-group is-nowrap is-layout-flex wp-container-core-group-is-layout-ad2f72ca wp-block-group-is-layout-flex\">\n<h1 class=\"wp-block-heading has-text-align-center font-sf-pro\"><img decoding=\"async\" width=\"42\" height=\"48\" class=\"wp-image-930 lazyload\" style=\"--smush-placeholder-width: 42px; --smush-placeholder-aspect-ratio: 42\/48;width: 42px;\" data-src=\"https:\/\/www.sweethome3d.com\/wp-content\/uploads\/2025\/11\/image-7.png\" alt=\"\" src=\"data:image\/svg+xml;base64,PHN2ZyB3aWR0aD0iMSIgaGVpZ2h0PSIxIiB4bWxucz0iaHR0cDovL3d3dy53My5vcmcvMjAwMC9zdmciPjwvc3ZnPg==\" \/> Sweet Home 3D Online Manager<\/h1>\n<\/div>\n\n\n\n<div style=\"height:60px\" aria-hidden=\"true\" class=\"wp-block-spacer wp-container-content-1ac3d91d\"><\/div>\n\n\n\n<p class=\"has-text-align-center font-sf-pro has-3-xl-font-size\" style=\"font-style:normal;font-weight:500\">Tervezd meg otthonod alaprajz\u00e1t a b\u00f6ng\u00e9sz\u0151db\u0151l<\/p>\n\n\n\n<div style=\"height:60px\" aria-hidden=\"true\" class=\"wp-block-spacer wp-container-content-1ac3d91d\"><\/div>\n\n\n\n<div class=\"wp-block-buttons is-layout-flex wp-block-buttons-is-layout-flex\">\n<div class=\"wp-block-button\" data-action=\"wce_online_testonline_hyperlink\"><a class=\"wp-block-button__link has-blue-pure-background-color has-background wp-element-button\" href=\"\/SweetHome3DJSOnline.jsp\" style=\"font-style:normal;font-weight:500\">Teszteld most a dem\u00f3 verzi\u00f3t <img decoding=\"async\" width=\"24\" height=\"24\" class=\"wp-image-681 lazyload\" style=\"--smush-placeholder-width: 24px; --smush-placeholder-aspect-ratio: 24\/24;width: 24px;\" data-src=\"https:\/\/www.sweethome3d.com\/wp-content\/uploads\/2025\/10\/arrow.png\" alt=\"\" src=\"data:image\/svg+xml;base64,PHN2ZyB3aWR0aD0iMSIgaGVpZ2h0PSIxIiB4bWxucz0iaHR0cDovL3d3dy53My5vcmcvMjAwMC9zdmciPjwvc3ZnPg==\" \/><\/a><\/div>\n<\/div>\n<\/div>\n<\/div><\/div>\n\n<div style=\"height:100px\" aria-hidden=\"true\" class=\"wp-block-spacer\"><\/div>\n\n<div class=\"wp-block-group alignwide gap-section is-layout-grid wp-container-core-group-is-layout-a2ecc09a wp-block-group-is-layout-grid\">\n<figure class=\"wp-block-video rounded-2xl overflow-hidden wp-container-content-ca36d4c3\"><video height=\"1332\" style=\"aspect-ratio: 1332 \/ 1332;\" width=\"1332\" autoplay=\"\" loop=\"\" muted=\"\" poster=\"https:\/\/www.sweethome3d.com\/wp-content\/uploads\/2025\/11\/Frame-265-1.png\" src=\"https:\/\/www.sweethome3d.com\/wp-content\/uploads\/2025\/11\/video-3.mp4\" playsinline=\"\"><\/video><\/figure>\n\n\n\n<div class=\"wp-block-group wp-container-content-ca36d4c3 is-vertical is-content-justification-left is-layout-flex wp-container-core-group-is-layout-0d4b66b7 wp-block-group-is-layout-flex\">\n<h2 class=\"wp-block-heading font-sf-pro wp-container-content-e29552f7\" style=\"font-style:normal;font-weight:600\">Pr\u00f3b\u00e1ld ki a Sweet Home 3D JS Online dem\u00f3verzi\u00f3k\u00e9nt<\/h2>\n\n\n\n<p>A <a href=\"https:\/\/www.sweethome3d.com\/hu\/\">Sweet Home 3D<\/a> Online Manager egy hat\u00e9kony bels\u0151\u00e9p\u00edt\u00e9szeti szolg\u00e1ltat\u00e1s, amellyel k\u00f6zvetlen\u00fcl a b\u00f6ng\u00e9sz\u0151db\u0151l, telep\u00edt\u00e9s n\u00e9lk\u00fcl tervezheted meg otthonod alaprajz\u00e1t. Az online verzi\u00f3 lehet\u0151s\u00e9get k\u00edn\u00e1l a Sweet Home 3D kipr\u00f3b\u00e1l\u00e1s\u00e1ra a let\u00f6lt\u00e9s el\u0151tt. <\/p>\n\n\n\n<div style=\"height:0px;width:0px\" aria-hidden=\"true\" class=\"wp-block-spacer wp-container-content-1ac3d91d\"><\/div>\n\n\n\n<div class=\"wp-block-buttons is-layout-flex wp-block-buttons-is-layout-flex\">\n<div class=\"wp-block-button\" data-action=\"wce_online_testonline_hyperlink\"><a class=\"wp-block-button__link has-blue-pure-background-color has-background wp-element-button\" href=\"\/SweetHome3DJSOnline.jsp\" style=\"font-style:normal;font-weight:500\">Pr\u00f3b\u00e1ld ki a Sweet Home 3D JS Online dem\u00f3verzi\u00f3k\u00e9nt <img decoding=\"async\" width=\"24\" height=\"24\" class=\"wp-image-681 lazyload\" style=\"--smush-placeholder-width: 24px; --smush-placeholder-aspect-ratio: 24\/24;width: 24px;\" data-src=\"https:\/\/www.sweethome3d.com\/wp-content\/uploads\/2025\/10\/arrow.png\" alt=\"\" src=\"data:image\/svg+xml;base64,PHN2ZyB3aWR0aD0iMSIgaGVpZ2h0PSIxIiB4bWxucz0iaHR0cDovL3d3dy53My5vcmcvMjAwMC9zdmciPjwvc3ZnPg==\" \/><\/a><\/div>\n<\/div>\n\n\n\n<div style=\"height:0px;width:0px\" aria-hidden=\"true\" class=\"wp-block-spacer wp-container-content-1ac3d91d\"><\/div>\n\n\n\n<p id=\"online-p-download\">Ha a Sweet Home 3D <a href=\"https:\/\/www.sweethome3d.com\/hu\/letoltes\/\">let\u00f6lthet\u0151<\/a> verzi\u00f3j\u00e1t haszn\u00e1lod, akkor <a href=\"https:\/\/www.sweethome3d.com\/hu\/sweet-home-3d-felhasznaloi-utmutato\/#importing-home-blueprint\">import\u00e1lhatod<\/a> az \u00e1ltalad tervezett otthoni f\u00e1jlt, <a href=\"https:\/\/www.sweethome3d.com\/hu\/sweet-home-3d-felhasznaloi-utmutato\/#editing-3d-view\">megtekintheted 2D \/ 3D-ben<\/a>, m\u00f3dos\u00edthatod \u00e9s <a href=\"https:\/\/www.sweethome3d.com\/hu\/sweet-home-3d-felhasznaloi-utmutato\/#export-to-obj-format\">export\u00e1lhatod<\/a> ezzel az eszk\u00f6zzel \u2013 \u00edgy k\u00e9nyelmes alaprajz-gener\u00e1tor \u00e9s bels\u0151\u00e9p\u00edt\u00e9szeti szoftverr\u00e9 v\u00e1lik.<br\/><br\/><a href=\"#download\">T\u00f6ltsd le a teljes verzi\u00f3t<\/a>, hogy hozz\u00e1f\u00e9rj t\u00f6bb mint 10 000 <a href=\"https:\/\/www.sweethome3d.com\/hu\/3d-modellek-importalasa\/\">3D modellhez<\/a>, 400 <a href=\"https:\/\/www.sweethome3d.com\/hu\/texturak-importalasa\/\">text\u00far\u00e1hoz<\/a>, \u00e9s egyedi funkci\u00f3kat adhatsz hozz\u00e1 egy val\u00f3ban szem\u00e9lyre szabott <a href=\"https:\/\/www.sweethome3d.com\/hu\/sweet-home-3d-felhasznaloi-utmutato\/#starting-a-new-home\">tervez\u00e9si \u00e9lm\u00e9ny\u00e9rt.<\/a><\/p>\n\n\n\n<div style=\"height:0px;width:0px\" aria-hidden=\"true\" class=\"wp-block-spacer wp-container-content-1ac3d91d\"><\/div>\n\n\n\n<div class=\"wp-block-buttons is-layout-flex wp-block-buttons-is-layout-flex\">\n<div class=\"wp-block-button font-inter\" data-append-os=\"true\" data-action=\"wce_online_download_direct\"><a class=\"wp-block-button__link has-white-color has-blue-pure-background-color has-text-color has-background has-link-color has-lg-font-size has-custom-font-size wp-element-button\" href=\"#download\" style=\"font-style:normal;font-weight:600\"><img decoding=\"async\" width=\"20\" height=\"20\" class=\"wp-image-641 lazyload\" style=\"--smush-placeholder-width: 20px; --smush-placeholder-aspect-ratio: 20\/20;width: 20px;\" data-src=\"https:\/\/www.sweethome3d.com\/wp-content\/uploads\/2025\/10\/Download.png\" alt=\"\" src=\"data:image\/svg+xml;base64,PHN2ZyB3aWR0aD0iMSIgaGVpZ2h0PSIxIiB4bWxucz0iaHR0cDovL3d3dy53My5vcmcvMjAwMC9zdmciPjwvc3ZnPg==\" \/> T\u00f6ltsd le a Sweet Home 3D-t<\/a><\/div>\n<\/div>\n<\/div>\n<\/div>\n\n<div style=\"height:100px\" aria-hidden=\"true\" class=\"wp-block-spacer\"><\/div>\n\n<div class=\"wp-block-group alignwide gap-section is-layout-grid wp-container-core-group-is-layout-a2ecc09a wp-block-group-is-layout-grid\">\n<div class=\"wp-block-group wp-container-content-ca36d4c3 is-vertical is-content-justification-left is-layout-flex wp-container-core-group-is-layout-0d4b66b7 wp-block-group-is-layout-flex\">\n<h2 class=\"wp-block-heading font-sf-pro wp-container-content-e29552f7\" style=\"font-style:normal;font-weight:600\">Hogyan haszn\u00e1ld a Sweet Home 3D JS online-t<\/h2>\n\n\n\n<p>A Sweet Home 3D Online Manager egy olyan szolg\u00e1ltat\u00e1s, amellyel b\u00e1rmely <a href=\"https:\/\/caniuse.com\/webgl\" target=\"_blank\" rel=\"noopener\">WebGL<\/a>-kompatibilis b\u00f6ng\u00e9sz\u0151vel online tervezheted meg otthonod alaprajz\u00e1t.<\/p>\n\n\n\n<p>Ezt a szolg\u00e1ltat\u00e1st az al\u00e1bbi linkre kattintva tesztelheted, de ha szeretn\u00e9d elmenteni a tervedet, el\u0151sz\u00f6r <a href=\"\/support\/forum\/registermember\">regisztr\u00e1lj<\/a> ingyenesen, majd <a href=\"\/support\/forum\/login?url=https%3A%2F%2Fwww.sweethome3d.com%2FSweetHome3DOnlineManager.jsp&amp;forumLogin=false&amp;lang=en\">jelentkezz be<\/a>.<\/p>\n<\/div>\n\n\n\n<figure class=\"wp-block-video rounded-2xl overflow-hidden wp-container-content-ca36d4c3\"><video height=\"1332\" style=\"aspect-ratio: 1332 \/ 1332;\" width=\"1332\" autoplay=\"\" loop=\"\" muted=\"\" poster=\"https:\/\/www.sweethome3d.com\/wp-content\/uploads\/2025\/11\/Frame-266.png\" src=\"https:\/\/www.sweethome3d.com\/wp-content\/uploads\/2025\/11\/video-1-2.mp4\" playsinline=\"\"><\/video><\/figure>\n<\/div>\n","protected":false},"excerpt":{"rendered":"<p>Pr\u00f3b\u00e1ld ki a Sweet Home 3D JS Online dem\u00f3verzi\u00f3k\u00e9nt A Sweet Home 3D Online Manager egy hat\u00e9kony bels\u0151\u00e9p\u00edt\u00e9szeti szolg\u00e1ltat\u00e1s, amellyel k\u00f6zvetlen\u00fcl a b\u00f6ng\u00e9sz\u0151db\u0151l, telep\u00edt\u00e9s n\u00e9lk\u00fcl tervezheted meg otthonod alaprajz\u00e1t. Az online verzi\u00f3 lehet\u0151s\u00e9get k\u00edn\u00e1l a Sweet Home 3D kipr\u00f3b\u00e1l\u00e1s\u00e1ra a let\u00f6lt\u00e9s el\u0151tt. Ha a Sweet Home 3D let\u00f6lthet\u0151 verzi\u00f3j\u00e1t haszn\u00e1lod, akkor import\u00e1lhatod az \u00e1ltalad tervezett<a href=\"https:\/\/www.sweethome3d.com\/hu\/online\/\">Continue reading <span class=\"sr-only\">&#8222;Online&#8221;<\/span><\/a><\/p>\n","protected":false},"author":4,"featured_media":2016,"parent":0,"menu_order":0,"comment_status":"closed","ping_status":"closed","template":"page-online.php","meta":{"inline_featured_image":false,"footnotes":""},"class_list":["post-2013","page","type-page","status-publish","has-post-thumbnail","hentry"],"_links":{"self":[{"href":"https:\/\/www.sweethome3d.com\/hu\/wp-json\/wp\/v2\/pages\/2013","targetHints":{"allow":["GET"]}}],"collection":[{"href":"https:\/\/www.sweethome3d.com\/hu\/wp-json\/wp\/v2\/pages"}],"about":[{"href":"https:\/\/www.sweethome3d.com\/hu\/wp-json\/wp\/v2\/types\/page"}],"author":[{"embeddable":true,"href":"https:\/\/www.sweethome3d.com\/hu\/wp-json\/wp\/v2\/users\/4"}],"replies":[{"embeddable":true,"href":"https:\/\/www.sweethome3d.com\/hu\/wp-json\/wp\/v2\/comments?post=2013"}],"version-history":[{"count":15,"href":"https:\/\/www.sweethome3d.com\/hu\/wp-json\/wp\/v2\/pages\/2013\/revisions"}],"predecessor-version":[{"id":26870,"href":"https:\/\/www.sweethome3d.com\/hu\/wp-json\/wp\/v2\/pages\/2013\/revisions\/26870"}],"wp:featuredmedia":[{"embeddable":true,"href":"https:\/\/www.sweethome3d.com\/hu\/wp-json\/wp\/v2\/media\/2016"}],"wp:attachment":[{"href":"https:\/\/www.sweethome3d.com\/hu\/wp-json\/wp\/v2\/media?parent=2013"}],"curies":[{"name":"wp","href":"https:\/\/api.w.org\/{rel}","templated":true}]}}