{"id":9998,"date":"2025-09-18T11:54:48","date_gmt":"2025-09-18T11:54:48","guid":{"rendered":"https:\/\/www.sweethome3d.com\/importer-des-modeles-dans-sweet-home-3d-ajouter-des-meubles-et-objets-3d-personnalises\/"},"modified":"2026-01-09T08:33:04","modified_gmt":"2026-01-09T08:33:04","slug":"importer-des-modeles-dans-sweet-home-3d-ajouter-des-meubles-et-objets-3d-personnalises","status":"publish","type":"page","link":"https:\/\/www.sweethome3d.com\/fr\/importer-des-modeles-dans-sweet-home-3d-ajouter-des-meubles-et-objets-3d-personnalises\/","title":{"rendered":"Importer des mod\u00e8les dans Sweet Home 3D \u2013 Ajouter des meubles et objets 3D personnalis\u00e9s"},"content":{"rendered":"\n<p class=\"has-text-align-center\">Pour <strong>importer des mod\u00e8les<\/strong>, cette page liste quelques sources de <strong>mod\u00e8les 3D gratuits<\/strong> que tu peux importer dans <a href=\"\/\">Sweet Home 3D<\/a>, soit <a href=\"https:\/\/www.sweethome3d.com\/fr\/importer-des-modeles-dans-sweet-home-3d-ajouter-des-meubles-et-objets-3d-personnalises\/#modeles-3d-gratuits-crees-par-les-contributeurs\" data-type=\"page\" data-id=\"432\">un par un<\/a> soit par <a href=\"https:\/\/www.sweethome3d.com\/fr\/importer-des-modeles-dans-sweet-home-3d-ajouter-des-meubles-et-objets-3d-personnalises\/#bibliotheques-de-modeles-3d\" data-type=\"link\" data-id=\"https:\/\/www.sweethome3d.com\/import-models\/#ModelsLibraries\">groupe de mod\u00e8les<\/a>, et des <a href=\"https:\/\/www.sweethome3d.com\/fr\/importer-des-modeles-dans-sweet-home-3d-ajouter-des-meubles-et-objets-3d-personnalises\/#autres-sites-web-avec-des-modeles-3d\">sites web<\/a> qui proposent des mod\u00e8les 3D.<\/p>\n\n\n<h2 class=\"wp-block-heading\" id=\"sources-disponibles-de-modeles-3d\">Sources disponibles de mod\u00e8les 3D<\/h2>\n\n<h3 class=\"wp-block-heading\" id=\"modeles-3d-gratuits-crees-par-les-contributeurs\"><img loading=\"lazy\" decoding=\"async\" width=\"16\" height=\"12\" src=\"https:\/\/www.sweethome3d.com\/images\/bullet.gif\">Mod\u00e8les 3D gratuits cr\u00e9\u00e9s par les contributeurs<\/h3>\n\n\n<p>The&nbsp;<a href=\"https:\/\/www.sweethome3d.com\/fr\/modeles-3d-gratuits\/\" data-type=\"page\" data-id=\"4869\">free 3D models page<\/a>&nbsp;proposes more than 1.600 additional 3D models created by contributors and supported in the&nbsp;<a href=\"https:\/\/www.sweethome3d.com\/fr\/guide-dutilisation-de-sweet-home-3d\/#importing3DModels\" data-type=\"page\" data-id=\"424\">furniture import wizard<\/a>&nbsp;of Sweet Home 3D.<\/p>\n\n\n\n<div class=\"wp-block-group models-row is-content-justification-center is-nowrap is-layout-flex wp-container-core-group-is-layout-94bc23d7 wp-block-group-is-layout-flex\">\n<figure class=\"wp-block-image size-full is-resized\"><a href=\"https:\/\/www.sweethome3d.com\/fr\/modeles-3d-gratuits\/\"><img loading=\"lazy\" decoding=\"async\" width=\"128\" height=\"128\" src=\"https:\/\/www.sweethome3d.com\/wp-content\/uploads\/2025\/10\/bedWithTexture.png\" alt=\"\" class=\"wp-image-4856\" style=\"width:64px\"\/><\/a><\/figure>\n\n\n\n<figure class=\"wp-block-image size-full is-resized\"><a href=\"https:\/\/www.sweethome3d.com\/fr\/modeles-3d-gratuits\/\"><img loading=\"lazy\" decoding=\"async\" width=\"128\" height=\"128\" src=\"https:\/\/www.sweethome3d.com\/wp-content\/uploads\/2025\/10\/burlap_sofa.png\" alt=\"\" class=\"wp-image-4857\" style=\"width:64px\"\/><\/a><\/figure>\n\n\n\n<figure class=\"wp-block-image size-full is-resized\"><a href=\"https:\/\/www.sweethome3d.com\/fr\/modeles-3d-gratuits\/\"><img loading=\"lazy\" decoding=\"async\" width=\"128\" height=\"128\" src=\"https:\/\/www.sweethome3d.com\/wp-content\/uploads\/2025\/10\/wooden_table_office.png\" alt=\"\" class=\"wp-image-4858\" style=\"width:64px\"\/><\/a><\/figure>\n\n\n\n<figure class=\"wp-block-image size-full is-resized\"><a href=\"https:\/\/www.sweethome3d.com\/fr\/modeles-3d-gratuits\/\"><img loading=\"lazy\" decoding=\"async\" width=\"128\" height=\"128\" src=\"https:\/\/www.sweethome3d.com\/wp-content\/uploads\/2025\/10\/meubleSalleDeBain.png\" alt=\"\" class=\"wp-image-4859\" style=\"width:64px\"\/><\/a><\/figure>\n\n\n\n<figure class=\"wp-block-image size-full is-resized\"><a href=\"https:\/\/www.sweethome3d.com\/fr\/modeles-3d-gratuits\/\"><img loading=\"lazy\" decoding=\"async\" width=\"128\" height=\"128\" src=\"https:\/\/www.sweethome3d.com\/wp-content\/uploads\/2025\/10\/kitchenSink.png\" alt=\"\" class=\"wp-image-4860\" style=\"width:64px\"\/><\/a><\/figure>\n\n\n\n<figure class=\"wp-block-image size-full is-resized\"><a href=\"https:\/\/www.sweethome3d.com\/fr\/modeles-3d-gratuits\/\"><img loading=\"lazy\" decoding=\"async\" width=\"128\" height=\"128\" src=\"https:\/\/www.sweethome3d.com\/wp-content\/uploads\/2025\/10\/office_chair.png\" alt=\"\" class=\"wp-image-4861\" style=\"width:64px\"\/><\/a><\/figure>\n\n\n\n<figure class=\"wp-block-image size-full is-resized\"><a href=\"https:\/\/www.sweethome3d.com\/fr\/modeles-3d-gratuits\/\"><img loading=\"lazy\" decoding=\"async\" width=\"128\" height=\"128\" src=\"https:\/\/www.sweethome3d.com\/wp-content\/uploads\/2025\/10\/bureau3.png\" alt=\"\" class=\"wp-image-4862\" style=\"width:64px\"\/><\/a><\/figure>\n\n\n\n<figure class=\"wp-block-image size-full is-resized\"><a href=\"https:\/\/www.sweethome3d.com\/fr\/modeles-3d-gratuits\/\"><img loading=\"lazy\" decoding=\"async\" width=\"128\" height=\"128\" src=\"https:\/\/www.sweethome3d.com\/wp-content\/uploads\/2025\/10\/apple-ibook-2001.png\" alt=\"\" class=\"wp-image-4863\" style=\"width:64px\"\/><\/a><\/figure>\n\n\n\n<figure class=\"wp-block-image size-full is-resized\"><a href=\"https:\/\/www.sweethome3d.com\/fr\/modeles-3d-gratuits\/\"><img loading=\"lazy\" decoding=\"async\" width=\"128\" height=\"128\" src=\"https:\/\/www.sweethome3d.com\/wp-content\/uploads\/2025\/10\/pianoAQueue.png\" alt=\"\" class=\"wp-image-4864\" style=\"width:64px\"\/><\/a><\/figure>\n\n\n\n<figure class=\"wp-block-image size-full is-resized\"><a href=\"https:\/\/www.sweethome3d.com\/fr\/modeles-3d-gratuits\/\"><img loading=\"lazy\" decoding=\"async\" width=\"128\" height=\"128\" src=\"https:\/\/www.sweethome3d.com\/wp-content\/uploads\/2025\/10\/male03.png\" alt=\"\" class=\"wp-image-4865\" style=\"width:64px\"\/><\/a><\/figure>\n\n\n\n<figure class=\"wp-block-image size-full is-resized\"><a href=\"https:\/\/www.sweethome3d.com\/fr\/modeles-3d-gratuits\/\"><img loading=\"lazy\" decoding=\"async\" width=\"128\" height=\"128\" src=\"https:\/\/www.sweethome3d.com\/wp-content\/uploads\/2025\/10\/concept-sedan-02-sport.png\" alt=\"\" class=\"wp-image-4866\" style=\"width:64px\"\/><\/a><\/figure>\n\n\n\n<figure class=\"wp-block-image size-full is-resized\"><a href=\"https:\/\/www.sweethome3d.com\/fr\/modeles-3d-gratuits\/\"><img loading=\"lazy\" decoding=\"async\" width=\"128\" height=\"128\" src=\"https:\/\/www.sweethome3d.com\/wp-content\/uploads\/2025\/10\/blackTupelo.png\" alt=\"\" class=\"wp-image-4867\" style=\"width:64px\"\/><\/a><\/figure>\n<\/div>\n\n\n\n<p>Tu peux aussi <a href=\"#download\">t\u00e9l\u00e9charger la version compl\u00e8te<\/a> avec plus de 10 000 mod\u00e8les 3D et 400 <a href=\"https:\/\/www.sweethome3d.com\/fr\/importer-des-textures\/\" data-type=\"page\" data-id=\"435\">textures<\/a> d\u00e9j\u00e0 incluses<\/p>\n\n\n\n<div class=\"wp-block-buttons is-layout-flex wp-block-buttons-is-layout-flex\">\n<div class=\"wp-block-button btn-download btn-small\" data-wce-label=\"wce_3Dmodels_download_direct\"><a class=\"wp-block-button__link wp-element-button\" href=\"#download\" style=\"text-decoration:underline\"><img loading=\"lazy\" decoding=\"async\" width=\"43\" height=\"42\" class=\"wp-image-390\" style=\"width: 20px\" src=\"https:\/\/www.sweethome3d.com\/wp-content\/uploads\/2025\/09\/download-bottom.svg\" alt=\"\" \/> T\u00e9l\u00e9charger Sweet Home 3D<\/a><\/div>\n<\/div>\n\n\n<h3 class=\"wp-block-heading\" id=\"bibliotheques-de-modeles-3d\"><img loading=\"lazy\" decoding=\"async\" width=\"16\" height=\"12\" src=\"https:\/\/www.sweethome3d.com\/images\/bullet.gif\">Biblioth\u00e8ques de mod\u00e8les 3D<br><a href=\"https:\/\/apps.apple.com\/app\/sweet-home-3d\/id669289700\" data-wce-label=\"wce_3Dmodels_download_hyperlink\" target=\"_blank\" rel=\"noopener\"><\/a><\/h3>\n\n\n<p><a href=\"https:\/\/www.sweethome3d.com\/download.jsp\">Sweet Home 3D<\/a> te permet aussi d&rsquo;importer des mod\u00e8les (biblioth\u00e8ques de mod\u00e8les 3D) stock\u00e9s dans des fichiers SH3F. Un fichier SH3F regroupe des mod\u00e8les avec leur description et peut \u00eatre facilement install\u00e9 en double-cliquant dessus ou en choisissant l&rsquo;option de menu Meubles  Importer une biblioth\u00e8que de meubles dans Sweet Home 3D.<br>Les fichiers ZIP suivants contiennent un fichier SH3F que tu peux importer dans Sweet Home 3D. Ces biblioth\u00e8ques contiennent les mod\u00e8les 3D disponibles sur la <a href=\"https:\/\/www.sweethome3d.com\/freeModels.jsp\">page des mod\u00e8les gratuits<\/a>.  <\/p>\n\n\n\n<div class=\"wp-block-group is-layout-grid wp-container-core-group-is-layout-9649a0d9 wp-block-group-is-layout-grid\">\n<figure class=\"wp-block-image size-full is-resized mx-auto\"><img loading=\"lazy\" decoding=\"async\" width=\"178\" height=\"89\" src=\"https:\/\/www.sweethome3d.com\/wp-content\/uploads\/2025\/10\/sweethome3d64x64.png\" alt=\"\" class=\"wp-image-4886\" style=\"width:135px\"\/><\/figure>\n\n\n\n<p class=\"wp-container-content-5f80b302\"><a href=\"https:\/\/sourceforge.net\/projects\/sweethome3d\/files\/SweetHome3D-models\/3DModels-1.9.3\/3DModels-Contributions-1.9.3.zip\/download\" target=\"_blank\" rel=\"noopener\">3DModels-Contributions-1.9.3.zip<\/a> (29 Mo &#8211; 511 mod\u00e8les &#8211; Licence Art Libre)<br><a href=\"https:\/\/sourceforge.net\/projects\/sweethome3d\/files\/SweetHome3D-models\/3DModels-1.9.3\/3DModels-LucaPresidente-1.9.3.zip\/download\" target=\"_blank\" rel=\"noopener\">3DModels-LucaPresidente-1.9.3.zip<\/a> (3,7 Mo &#8211; 64 mod\u00e8les &#8211; Licence Art Libre)<br><a href=\"https:\/\/sourceforge.net\/projects\/sweethome3d\/files\/SweetHome3D-models\/3DModels-1.9.3\/3DModels-Trees-1.9.3.zip\/download\" target=\"_blank\" rel=\"noopener\">3DModels-Trees-1.9.3.zip<\/a> (6,7 Mo &#8211; 10 mod\u00e8les d&rsquo;arbres &#8211; Licence Art Libre)<\/p>\n<\/div>\n\n\n\n<div class=\"wp-block-group is-layout-grid wp-container-core-group-is-layout-9649a0d9 wp-block-group-is-layout-grid\">\n<figure class=\"wp-block-image size-full is-resized mx-auto\"><img loading=\"lazy\" decoding=\"async\" width=\"222\" height=\"56\" src=\"https:\/\/www.sweethome3d.com\/wp-content\/uploads\/2025\/10\/scopia.png\" alt=\"\" class=\"wp-image-4885\" style=\"width:111px\"\/><\/figure>\n\n\n\n<p class=\"wp-container-content-5f80b302\"><a href=\"https:\/\/sourceforge.net\/projects\/sweethome3d\/files\/SweetHome3D-models\/3DModels-1.9.3\/3DModels-Scopia-1.9.3.zip\/download\" target=\"_blank\" rel=\"noopener\">3DModels-Scopia-1.9.3.zip<\/a> (69,5 Mo &#8211; 500 mod\u00e8les &#8211; Licence CC-BY)<\/p>\n<\/div>\n\n\n\n<div class=\"wp-block-group is-layout-grid wp-container-core-group-is-layout-9649a0d9 wp-block-group-is-layout-grid\">\n<figure class=\"wp-block-image size-full is-resized mx-auto\"><img loading=\"lazy\" decoding=\"async\" width=\"330\" height=\"60\" src=\"https:\/\/www.sweethome3d.com\/wp-content\/uploads\/2025\/10\/katorlegaz.png\" alt=\"\" class=\"wp-image-4899\" style=\"width:150px\"\/><\/figure>\n\n\n\n<p class=\"wp-container-content-5f80b302\"><a href=\"https:\/\/sourceforge.net\/projects\/sweethome3d\/files\/SweetHome3D-models\/3DModels-1.9.3\/3DModels-KatorLegaz-1.9.3.zip\/download\" target=\"_blank\" rel=\"noopener\">3DModels-KatorLegaz-1.9.3.zip<\/a> (8,9 Mo &#8211; 90 mod\u00e8les &#8211; Licence CC-BY)<\/p>\n<\/div>\n\n\n\n<div class=\"wp-block-group is-layout-grid wp-container-core-group-is-layout-9649a0d9 wp-block-group-is-layout-grid\">\n<figure class=\"wp-block-image size-full is-resized mx-auto\"><img loading=\"lazy\" decoding=\"async\" width=\"136\" height=\"41\" src=\"https:\/\/www.sweethome3d.com\/wp-content\/uploads\/2025\/10\/blendswap.png\" alt=\"\" class=\"wp-image-4902\" style=\"width:136px\"\/><\/figure>\n\n\n\n<p class=\"wp-container-content-5f80b302\"><a href=\"https:\/\/sourceforge.net\/projects\/sweethome3d\/files\/SweetHome3D-models\/3DModels-1.9.3\/3DModels-BlendSwap-CC-0-1.9.3.zip\/download\" target=\"_blank\" rel=\"noopener\">3DModels-BlendSwap-CC-0-1.9.3.zip<\/a> (23,8 Mo &#8211; 175 mod\u00e8les &#8211; Domaine public)<br><a href=\"https:\/\/sourceforge.net\/projects\/sweethome3d\/files\/SweetHome3D-models\/3DModels-1.9.3\/3DModels-BlendSwap-CC-BY-1.9.3.zip\/download\" target=\"_blank\" rel=\"noopener\">3DModels-BlendSwap-CC-BY-1.9.3.zip<\/a> (23,9 Mo &#8211; 135 mod\u00e8les &#8211; Licence CC-BY)<\/p>\n<\/div>\n\n\n\n<div class=\"wp-block-group is-layout-grid wp-container-core-group-is-layout-9649a0d9 wp-block-group-is-layout-grid\">\n<figure class=\"wp-block-image size-full is-resized mx-auto\"><img loading=\"lazy\" decoding=\"async\" width=\"140\" height=\"60\" src=\"https:\/\/www.sweethome3d.com\/wp-content\/uploads\/2025\/10\/reallusion.png\" alt=\"\" class=\"wp-image-4904\" style=\"width:110px\"\/><\/figure>\n\n\n\n<p class=\"wp-container-content-5f80b302\"><a href=\"https:\/\/sourceforge.net\/projects\/sweethome3d\/files\/SweetHome3D-models\/3DModels-1.9.3\/3DModels-Reallusion-1.9.3.zip\/download\" target=\"_blank\" rel=\"noopener\">3DModels-Reallusion-1.9.3.zip<\/a> (10,7 Mo &#8211; 25 mod\u00e8les humains &#8211; Licence CC-BY)<\/p>\n<\/div>\n\n\n\n<p>Tu pourrais aussi \u00eatre int\u00e9ress\u00e9 par l&rsquo;article du <a href=\"https:\/\/www.sweethome3d.com\/blog\/\" data-type=\"page\" data-id=\"280\">blog<\/a> <a href=\"https:\/\/www.sweethome3d.com\/blog\/2017\/12\/08\/additional_contributors_libraries.html\">Biblioth\u00e8ques suppl\u00e9mentaires des contributeurs<\/a> qui liste d&rsquo;autres biblioth\u00e8ques sp\u00e9ciales de mod\u00e8les con\u00e7ues par des contributeurs de Sweet Home 3D (symboles 2D, plomberie, \u00e9l\u00e9ments de toit,&#8230;).<\/p>\n\n\n<h3 class=\"wp-block-heading\" id=\"cree-tes-modeles-3d\"><img loading=\"lazy\" decoding=\"async\" width=\"16\" height=\"12\" src=\"https:\/\/www.sweethome3d.com\/images\/bullet.gif\">Cr\u00e9e tes mod\u00e8les 3D<\/h3>\n\n\n<p>Pour cr\u00e9er tes propres mod\u00e8les, tu peux utiliser n&rsquo;importe quel logiciel capable de g\u00e9n\u00e9rer des fichiers aux formats OBJ, DAE \/ Collada, KMZ ou 3DS, comme le logiciel gratuit <a href=\"https:\/\/www.blender.org\/\" target=\"_blank\" rel=\"noopener\">Blender<\/a>. Si n\u00e9cessaire, tu peux aussi cr\u00e9er tes propres fichiers SH3F avec l&rsquo;<a href=\"https:\/\/sourceforge.net\/projects\/sweethome3d\/files\/FurnitureLibraryEditor\/FurnitureLibraryEditor-2.2.jar\/download\" target=\"_blank\" rel=\"noopener\">\u00c9diteur de biblioth\u00e8ques de meubles<\/a> t\u00e9l\u00e9chargeable.<br>Si tu veux partager tes mod\u00e8les ou les proposer sur la <a href=\"https:\/\/www.sweethome3d.com\/fr\/modeles-3d-gratuits\/\" data-type=\"page\" data-id=\"4869\">page des mod\u00e8les 3D gratuits<\/a>, publie-les dans le syst\u00e8me de suivi des <a href=\"https:\/\/sourceforge.net\/p\/sweethome3d\/d-models\/\" target=\"_blank\" rel=\"noopener\">Contributions de mod\u00e8les 3D<\/a>. <\/p>\n\n\n<h3 class=\"wp-block-heading\" id=\"autres-sites-web-avec-des-modeles-3d\"><img loading=\"lazy\" decoding=\"async\" width=\"16\" height=\"12\" src=\"https:\/\/www.sweethome3d.com\/images\/bullet.gif\">Autres sites web avec des mod\u00e8les 3D<\/h3>\n\n\n<p>Les sites suivants proposent aussi des mod\u00e8les 3D gratuits aux formats OBJ, DAE, KMZ ou 3DS pris en charge par l&rsquo;assistant d&rsquo;importation de meubles de <a href=\"\/\">Sweet Home 3D<\/a> :<\/p>\n\n\n\n<figure class=\"wp-block-flexible-table-block-table is-content-justification-left td-border-0 stars-table\"><table class=\"has-fixed-layout\" style=\"border-width:0\"><tbody><tr><td><img loading=\"lazy\" decoding=\"async\" width=\"12\" height=\"12\" src=\"https:\/\/www.sweethome3d.com\/images\/star.gif\" alt=\"\u00c9toile\"><img loading=\"lazy\" decoding=\"async\" width=\"12\" height=\"12\" src=\"https:\/\/www.sweethome3d.com\/images\/star.gif\" alt=\"\u00c9toile\"><img loading=\"lazy\" decoding=\"async\" width=\"12\" height=\"12\" src=\"https:\/\/www.sweethome3d.com\/images\/star.gif\" alt=\"\u00c9toile\"><\/td><td><a href=\"https:\/\/3dwarehouse.sketchup.com\/\" target=\"_blank\" rel=\"noopener\">Trimble 3D Warehouse<\/a> (un grand choix de mod\u00e8les aux formats KMZ et Collada) *<\/td><\/tr><tr><td><img loading=\"lazy\" decoding=\"async\" width=\"12\" height=\"12\" src=\"https:\/\/www.sweethome3d.com\/images\/star.gif\" alt=\"\u00c9toile\"><img loading=\"lazy\" decoding=\"async\" width=\"12\" height=\"12\" src=\"https:\/\/www.sweethome3d.com\/images\/star.gif\" alt=\"\u00c9toile\"><img loading=\"lazy\" decoding=\"async\" width=\"12\" height=\"12\" src=\"https:\/\/www.sweethome3d.com\/images\/star.gif\" alt=\"\u00c9toile\"><\/td><td><a href=\"https:\/\/resources.blogscopia.com\/category\/models\/\" target=\"_blank\" rel=\"noopener\">Resources.blogscopia<\/a> (mod\u00e8les gratuits bien con\u00e7us \u00e9galement visibles <a href=\"https:\/\/www.sweethome3d.com\/freeModels.jsp#ScopiaModels\">ici<\/a>)<\/td><\/tr><tr><td><img loading=\"lazy\" decoding=\"async\" width=\"12\" height=\"12\" src=\"https:\/\/www.sweethome3d.com\/images\/star.gif\" alt=\"\u00c9toile\"><img loading=\"lazy\" decoding=\"async\" width=\"12\" height=\"12\" src=\"https:\/\/www.sweethome3d.com\/images\/star.gif\" alt=\"\u00c9toile\"><img loading=\"lazy\" decoding=\"async\" width=\"12\" height=\"12\" src=\"https:\/\/www.sweethome3d.com\/images\/star.gif\" alt=\"\u00c9toile\"><\/td><td><a href=\"https:\/\/www.dodecagon.nl\/\" target=\"_blank\" rel=\"noopener\">Dodecagon<\/a> (diverses biblioth\u00e8ques de meubles publi\u00e9es dans le Domaine Public)<\/td><\/tr><tr><td><img loading=\"lazy\" decoding=\"async\" width=\"12\" height=\"12\" src=\"https:\/\/www.sweethome3d.com\/images\/star.gif\" alt=\"\u00c9toile\"><img loading=\"lazy\" decoding=\"async\" width=\"12\" height=\"12\" src=\"https:\/\/www.sweethome3d.com\/images\/star.gif\" alt=\"\u00c9toile\"><img loading=\"lazy\" decoding=\"async\" width=\"12\" height=\"12\" src=\"https:\/\/www.sweethome3d.com\/images\/star.gif\" alt=\"\u00c9toile\"><\/td><td><a href=\"https:\/\/www.2d3dmodels.com\/3dmodels.htm\" target=\"_blank\" rel=\"noopener\">ArchiBit Generation<\/a> (divers mod\u00e8les bien con\u00e7us)<\/td><\/tr><tr><td><img loading=\"lazy\" decoding=\"async\" width=\"12\" height=\"12\" src=\"https:\/\/www.sweethome3d.com\/images\/star.gif\" alt=\"\u00c9toile\"><img loading=\"lazy\" decoding=\"async\" width=\"12\" height=\"12\" src=\"https:\/\/www.sweethome3d.com\/images\/star.gif\" alt=\"\u00c9toile\"><\/td><td><a href=\"https:\/\/telias.gr\/models_wavefront_menu.html\" target=\"_blank\" rel=\"noopener\">Free the models<\/a> (meubles test\u00e9s dans Sweet Home 3D)<\/td><\/tr><tr><td><img loading=\"lazy\" decoding=\"async\" width=\"12\" height=\"12\" src=\"https:\/\/www.sweethome3d.com\/images\/star.gif\" alt=\"\u00c9toile\"><img loading=\"lazy\" decoding=\"async\" width=\"12\" height=\"12\" src=\"https:\/\/www.sweethome3d.com\/images\/star.gif\" alt=\"\u00c9toile\"><\/td><td><a href=\"https:\/\/archive3d.net\/\" target=\"_blank\" rel=\"noopener\">Archive3D<\/a> (nombreux mod\u00e8les mais certains ne peuvent pas \u00eatre import\u00e9s dans Sweet Home 3D)<\/td><\/tr><tr><td><img loading=\"lazy\" decoding=\"async\" width=\"12\" height=\"12\" src=\"https:\/\/www.sweethome3d.com\/images\/star.gif\" alt=\"\u00c9toile\"><img loading=\"lazy\" decoding=\"async\" width=\"12\" height=\"12\" src=\"https:\/\/www.sweethome3d.com\/images\/star.gif\" alt=\"\u00c9toile\"><\/td><td><a href=\"https:\/\/www.kolo-international.com\/\" target=\"_blank\" rel=\"noopener\">Kolo<\/a> (mobilier de salle de bain)<\/td><\/tr><tr><td><img loading=\"lazy\" decoding=\"async\" width=\"12\" height=\"12\" src=\"https:\/\/www.sweethome3d.com\/images\/star.gif\" alt=\"\u00c9toile\"><img loading=\"lazy\" decoding=\"async\" width=\"12\" height=\"12\" src=\"https:\/\/www.sweethome3d.com\/images\/star.gif\" alt=\"\u00c9toile\"><\/td><td><a href=\"https:\/\/www.klicker.de\/interior.html\" target=\"_blank\" rel=\"noopener\">Klicker<\/a> (quelques chaises et arbres)<\/td><\/tr><\/tbody><\/table><\/figure>\n\n\n\n<p>* Note que le t\u00e9l\u00e9chargement de mod\u00e8les depuis <a href=\"https:\/\/3dwarehouse.sketchup.com\/\" target=\"_blank\" rel=\"noopener\">Trimble 3D Warehouse<\/a> n\u00e9cessite de se connecter avec un identifiant Trimble depuis fin 2019. Fais aussi attention \u00e0 t\u00e9l\u00e9charger les mod\u00e8les 3D aux formats Collada ou KMZ, disponibles dans la liste des formats affich\u00e9e apr\u00e8s un clic sur le bouton <span style=\"background-color:#005E9E;color:white;font-weight:lighter;padding: 2px\">T\u00e9l\u00e9charger<\/span> sur la page montrant un mod\u00e8le 3D. Les mod\u00e8les disponibles au format SKP\/SketchUp peuvent \u00eatre \u00e9dit\u00e9s et convertis au format DAE\/Collada avec <a href=\"https:\/\/www.sketchup.com\/download\" target=\"_blank\" rel=\"noopener\">SketchUp<\/a>.  <\/p>\n\n\n\n<p>Si <a href=\"https:\/\/www.sweethome3d.com\/download.jsp\">Sweet Home 3D<\/a> refuse d&rsquo;importer certains des fichiers ZIP propos\u00e9s sur ces sites, d\u00e9compresse-les d&rsquo;abord.<\/p>\n\n\n\n<p>Merci de respecter la licence des mod\u00e8les que tu peux t\u00e9l\u00e9charger sur ces sites web.<\/p>\n\n\n\n<hr class=\"wp-block-separator has-text-color has-white-color has-alpha-channel-opacity has-white-background-color has-background\"\/>\n\n\n<div class=\"wp-block-image\">\n<figure class=\"aligncenter size-full\"><img loading=\"lazy\" decoding=\"async\" width=\"128\" height=\"128\" src=\"https:\/\/www.sweethome3d.com\/wp-content\/uploads\/2025\/10\/bedWithTexture.png\" alt=\"Exemple d'importation de mod\u00e8les\" class=\"wp-image-4856\"\/><\/figure><\/div>\n\n\n<hr class=\"wp-block-separator has-text-color has-white-color has-alpha-channel-opacity has-white-background-color has-background\"\/>\n\n\n\n<p class=\"has-text-align-center\"><a href=\"mailto:info@sweethome3d.com\">Propose d&rsquo;autres sites ou signale un lien mort<\/a><\/p>\n\n\n\n<p class=\"has-text-align-center\"><em>Derni\u00e8re mise \u00e0 jour : 07\/12\/2024<\/em><\/p>\n","protected":false},"excerpt":{"rendered":"<p>Pour importer des mod\u00e8les, cette page liste quelques sources de mod\u00e8les 3D gratuits que tu peux importer dans Sweet Home 3D, soit un par un soit par groupe de mod\u00e8les, et des sites web qui proposent des mod\u00e8les 3D. Sources disponibles de mod\u00e8les 3D Mod\u00e8les 3D gratuits cr\u00e9\u00e9s par les contributeurs The&nbsp;free 3D models page&nbsp;proposes [&hellip;]<\/p>\n","protected":false},"author":2,"featured_media":9968,"parent":0,"menu_order":0,"comment_status":"closed","ping_status":"closed","template":"","meta":{"inline_featured_image":false,"footnotes":""},"class_list":["post-9998","page","type-page","status-publish","has-post-thumbnail","hentry"],"_links":{"self":[{"href":"https:\/\/www.sweethome3d.com\/fr\/wp-json\/wp\/v2\/pages\/9998","targetHints":{"allow":["GET"]}}],"collection":[{"href":"https:\/\/www.sweethome3d.com\/fr\/wp-json\/wp\/v2\/pages"}],"about":[{"href":"https:\/\/www.sweethome3d.com\/fr\/wp-json\/wp\/v2\/types\/page"}],"author":[{"embeddable":true,"href":"https:\/\/www.sweethome3d.com\/fr\/wp-json\/wp\/v2\/users\/2"}],"replies":[{"embeddable":true,"href":"https:\/\/www.sweethome3d.com\/fr\/wp-json\/wp\/v2\/comments?post=9998"}],"version-history":[{"count":4,"href":"https:\/\/www.sweethome3d.com\/fr\/wp-json\/wp\/v2\/pages\/9998\/revisions"}],"predecessor-version":[{"id":15239,"href":"https:\/\/www.sweethome3d.com\/fr\/wp-json\/wp\/v2\/pages\/9998\/revisions\/15239"}],"wp:featuredmedia":[{"embeddable":true,"href":"https:\/\/www.sweethome3d.com\/fr\/wp-json\/wp\/v2\/media\/9968"}],"wp:attachment":[{"href":"https:\/\/www.sweethome3d.com\/fr\/wp-json\/wp\/v2\/media?parent=9998"}],"curies":[{"name":"wp","href":"https:\/\/api.w.org\/{rel}","templated":true}]}}