{"id":7243,"date":"2025-11-11T14:18:00","date_gmt":"2025-11-11T14:18:00","guid":{"rendered":"https:\/\/www.sweethome3d.com\/dons\/"},"modified":"2026-02-10T14:03:15","modified_gmt":"2026-02-10T14:03:15","slug":"dons","status":"publish","type":"page","link":"https:\/\/www.sweethome3d.com\/fr\/dons\/","title":{"rendered":"Dons"},"content":{"rendered":"\n<div class=\"wp-block-group is-vertical is-layout-flex wp-container-core-group-is-layout-8cf370e7 wp-block-group-is-layout-flex\">\n<p class=\"has-text-align-left\"><a href=\"\/\">Sweet Home 3D<\/a> vous a aid\u00e9 \u00e0 mener \u00e0 bien votre projet\u00a0?<br\/>Vous appr\u00e9ciez le support offert par ce site web\u00a0?<br\/>Vous appr\u00e9ciez l\u2019absence de publicit\u00e9s sur ce site\u00a0?<\/p>\n\n\n\n<p class=\"has-text-align-left\">Alors\u2026 n\u2019h\u00e9sitez plus\u00a0! Aidez <a href=\"https:\/\/www.sweethome3d.com\/fr\/telecharger\/\">Sweet Home 3D<\/a> et faites un don \u00e0 ce projet.<br\/>Votre contribution sera grandement appr\u00e9ci\u00e9e. <\/p>\n\n\n\n<p class=\"has-text-align-left\">Il vous suffit d\u2019entrer le montant de votre don ci-dessous<br\/>et de cliquer sur le bouton Paypal <em>Faire un don<\/em>.<\/p>\n\n\n\n<div style=\"height:25px;width:0px\" aria-hidden=\"true\" class=\"wp-block-spacer wp-container-content-c00f5982\"><\/div>\n\n\n\n<p class=\"has-text-align-left\">\n\t<div id=\"donate-button-container\" style=\"text-align:center; margin:0 auto;\">\n\t\t<div id=\"donate-button\" data-action=\"wce_donate\"><\/div>\n\t\t<script src=\"https:\/\/www.paypalobjects.com\/donate\/sdk\/donate-sdk.js\" charset=\"UTF-8\"><\/script>\n\t\t<script>\n\t\t\tPayPal.Donation.Button({\n\t\t\t\tenv: 'production',\n\t\t\t\thosted_button_id: 'Q2F4V9B6WMY7N',\n\t\t\t}).render('#donate-button');\n\t\t<\/script>\n\t<\/div>\n\n\t<\/p>\n<\/div>\n","protected":false},"excerpt":{"rendered":"<p>Sweet Home 3D vous a aid\u00e9 \u00e0 mener \u00e0 bien votre projet\u00a0?Vous appr\u00e9ciez le support offert par ce site web\u00a0?Vous appr\u00e9ciez l\u2019absence de publicit\u00e9s sur ce site\u00a0? Alors\u2026 n\u2019h\u00e9sitez plus\u00a0! Aidez Sweet Home 3D et faites un don \u00e0 ce projet.Votre contribution sera grandement appr\u00e9ci\u00e9e. Il vous suffit d\u2019entrer le montant de votre don ci-dessouset<a href=\"https:\/\/www.sweethome3d.com\/fr\/dons\/\">Continue reading <span class=\"sr-only\">\u00ab\u00a0Dons\u00a0\u00bb<\/span><\/a><\/p>\n","protected":false},"author":2,"featured_media":7223,"parent":0,"menu_order":0,"comment_status":"closed","ping_status":"closed","template":"page-resources.php","meta":{"inline_featured_image":false,"footnotes":""},"class_list":["post-7243","page","type-page","status-publish","has-post-thumbnail","hentry"],"_links":{"self":[{"href":"https:\/\/www.sweethome3d.com\/fr\/wp-json\/wp\/v2\/pages\/7243","targetHints":{"allow":["GET"]}}],"collection":[{"href":"https:\/\/www.sweethome3d.com\/fr\/wp-json\/wp\/v2\/pages"}],"about":[{"href":"https:\/\/www.sweethome3d.com\/fr\/wp-json\/wp\/v2\/types\/page"}],"author":[{"embeddable":true,"href":"https:\/\/www.sweethome3d.com\/fr\/wp-json\/wp\/v2\/users\/2"}],"replies":[{"embeddable":true,"href":"https:\/\/www.sweethome3d.com\/fr\/wp-json\/wp\/v2\/comments?post=7243"}],"version-history":[{"count":2,"href":"https:\/\/www.sweethome3d.com\/fr\/wp-json\/wp\/v2\/pages\/7243\/revisions"}],"predecessor-version":[{"id":26827,"href":"https:\/\/www.sweethome3d.com\/fr\/wp-json\/wp\/v2\/pages\/7243\/revisions\/26827"}],"wp:featuredmedia":[{"embeddable":true,"href":"https:\/\/www.sweethome3d.com\/fr\/wp-json\/wp\/v2\/media\/7223"}],"wp:attachment":[{"href":"https:\/\/www.sweethome3d.com\/fr\/wp-json\/wp\/v2\/media?parent=7243"}],"curies":[{"name":"wp","href":"https:\/\/api.w.org\/{rel}","templated":true}]}}