{"id":2838,"date":"2025-09-18T11:56:08","date_gmt":"2025-09-18T11:56:08","guid":{"rendered":"https:\/\/www.sweethome3d.com\/importation-de-textures\/"},"modified":"2026-02-10T13:59:24","modified_gmt":"2026-02-10T13:59:24","slug":"importation-de-textures","status":"publish","type":"page","link":"https:\/\/www.sweethome3d.com\/fr\/importation-de-textures\/","title":{"rendered":"Importation de textures"},"content":{"rendered":"\n<h2 class=\"wp-block-heading\">Sources de textures disponibles<\/h2>\n\n<h3 class=\"wp-block-heading\">Biblioth\u00e8ques de textures<\/h3>\n\n<p><a href=\"https:\/\/www.sweethome3d.com\/fr\/telecharger\/\" data-type=\"page\" data-id=\"396\">Sweet Home 3D<\/a> vous permet d&rsquo;importer des images de texture une par une, ou par groupe de textures stock\u00e9es dans des fichiers SH3T. Un fichier SH3T est une biblioth\u00e8que de textures avec leur description, et peut \u00eatre facilement install\u00e9 en double-cliquant dessus ou en choisissant <em>Meubles &gt; Importer la biblioth\u00e8que de textures<\/em> dans <a href=\"https:\/\/www.sweethome3d.com\/fr\/telecharger\/\" data-type=\"page\" data-id=\"396\">Sweet Home 3D<\/a>.<br\/>Les fichiers ZIP suivants contiennent un fichier SH3T que vous pouvez importer dans <a href=\"https:\/\/www.sweethome3d.com\/fr\/telecharger\/\" data-type=\"page\" data-id=\"396\">Sweet Home 3D<\/a>.<\/p>\n\n<div class=\"wp-block-group is-nowrap is-layout-flex wp-container-core-group-is-layout-ad2f72ca wp-block-group-is-layout-flex\">\n<ul class=\"wp-block-list\">\n<li><a href=\"https:\/\/sourceforge.net\/projects\/sweethome3d\/files\/SweetHome3D-textures\/Textures-1.3.1\/Textures-Contributions-1.3.1.zip\/download\" target=\"_blank\" rel=\"noopener\">Textures-Contributions-1.3.1.zip<\/a> (1,1 Mo &#8211; 57 textures &#8211; Licence CC-BY)<\/li>\n\n\n\n<li><a href=\"https:\/\/sourceforge.net\/projects\/sweethome3d\/files\/SweetHome3D-textures\/Textures-1.3.1\/Textures-eTeksScopia-1.3.1.zip\/download\" target=\"_blank\" rel=\"noopener\">Textures-eTeksScopia-1.3.1.zip<\/a> (18,8 Mo &#8211; 340 textures &#8211; Licence CC-BY)<\/li>\n<\/ul>\n<\/div>\n\n<p id=\"textures-p-download\">Tu peux aussi <a href=\"#download\">t\u00e9l\u00e9charger la version compl\u00e8te<\/a> avec plus de 10 000 <a href=\"https:\/\/www.sweethome3d.com\/fr\/importation-de-modeles-3d\/\" data-type=\"page\" data-id=\"432\">mod\u00e8les 3D<\/a>, 400 textures d\u00e9j\u00e0 incluses<a href=\"https:\/\/apps.apple.com\/app\/sweet-home-3d\/id669289700\" target=\"_blank\" rel=\"noopener\"><\/a><\/p>\n\n<div style=\"height:30px\" aria-hidden=\"true\" class=\"wp-block-spacer\"><\/div>\n\n<div class=\"wp-block-buttons is-content-justification-center is-layout-flex wp-container-core-buttons-is-layout-16018d1d wp-block-buttons-is-layout-flex\" data-label=\"wce_textures_download_direct\">\n<div class=\"wp-block-button font-inter\" data-action=\"wce_textures_download_direct\"><a class=\"wp-block-button__link has-white-color has-blue-pure-background-color has-text-color has-background has-link-color has-lg-font-size has-custom-font-size wp-element-button\" href=\"#download\" style=\"font-style:normal;font-weight:600\"><img decoding=\"async\" width=\"20\" height=\"20\" class=\"wp-image-641 lazyload\" style=\"--smush-placeholder-width: 20px; --smush-placeholder-aspect-ratio: 20\/20;width: 20px;\" data-src=\"https:\/\/www.sweethome3d.com\/wp-content\/uploads\/2025\/10\/Download.png\" alt=\"\" src=\"data:image\/svg+xml;base64,PHN2ZyB3aWR0aD0iMSIgaGVpZ2h0PSIxIiB4bWxucz0iaHR0cDovL3d3dy53My5vcmcvMjAwMC9zdmciPjwvc3ZnPg==\" \/> T\u00e9l\u00e9charger Sweet Home 3D<\/a><\/div>\n<\/div>\n\n<div style=\"height:60px\" aria-hidden=\"true\" class=\"wp-block-spacer\"><\/div>\n\n<div class=\"wp-block-group is-content-justification-center is-nowrap is-layout-flex wp-container-core-group-is-layout-94bc23d7 wp-block-group-is-layout-flex\">\n<figure data-wp-context=\"{&quot;imageId&quot;:&quot;69df94f228042&quot;}\" data-wp-interactive=\"core\/image\" data-wp-key=\"69df94f228042\" class=\"wp-block-image aligncenter size-full is-resized wp-lightbox-container\"><img decoding=\"async\" width=\"1452\" height=\"332\" data-wp-class--hide=\"state.isContentHidden\" data-wp-class--show=\"state.isContentVisible\" data-wp-init=\"callbacks.setButtonStyles\" data-wp-on--click=\"actions.showLightbox\" data-wp-on--load=\"callbacks.setButtonStyles\" data-wp-on-window--resize=\"callbacks.setButtonStyles\" data-src=\"https:\/\/www.sweethome3d.com\/wp-content\/uploads\/2025\/11\/Frame-1000003909-1.png\" alt=\"\" class=\"wp-image-2673 lazyload\" style=\"--smush-placeholder-width: 1452px; --smush-placeholder-aspect-ratio: 1452\/332;width:720px\" data-srcset=\"https:\/\/www.sweethome3d.com\/wp-content\/uploads\/2025\/11\/Frame-1000003909-1.png 1452w, https:\/\/www.sweethome3d.com\/wp-content\/uploads\/2025\/11\/Frame-1000003909-1-300x69.png 300w, https:\/\/www.sweethome3d.com\/wp-content\/uploads\/2025\/11\/Frame-1000003909-1-1024x234.png 1024w, https:\/\/www.sweethome3d.com\/wp-content\/uploads\/2025\/11\/Frame-1000003909-1-394x90.png 394w, https:\/\/www.sweethome3d.com\/wp-content\/uploads\/2025\/11\/Frame-1000003909-1-768x176.png 768w\" data-sizes=\"(max-width: 1452px) 100vw, 1452px\" src=\"data:image\/svg+xml;base64,PHN2ZyB3aWR0aD0iMSIgaGVpZ2h0PSIxIiB4bWxucz0iaHR0cDovL3d3dy53My5vcmcvMjAwMC9zdmciPjwvc3ZnPg==\" \/><button\n\t\t\tclass=\"lightbox-trigger\"\n\t\t\ttype=\"button\"\n\t\t\taria-haspopup=\"dialog\"\n\t\t\taria-label=\"Agrandir\"\n\t\t\tdata-wp-init=\"callbacks.initTriggerButton\"\n\t\t\tdata-wp-on--click=\"actions.showLightbox\"\n\t\t\tdata-wp-style--right=\"state.imageButtonRight\"\n\t\t\tdata-wp-style--top=\"state.imageButtonTop\"\n\t\t>\n\t\t\t<svg xmlns=\"http:\/\/www.w3.org\/2000\/svg\" width=\"12\" height=\"12\" fill=\"none\" viewBox=\"0 0 12 12\">\n\t\t\t\t<path fill=\"#fff\" d=\"M2 0a2 2 0 0 0-2 2v2h1.5V2a.5.5 0 0 1 .5-.5h2V0H2Zm2 10.5H2a.5.5 0 0 1-.5-.5V8H0v2a2 2 0 0 0 2 2h2v-1.5ZM8 12v-1.5h2a.5.5 0 0 0 .5-.5V8H12v2a2 2 0 0 1-2 2H8Zm2-12a2 2 0 0 1 2 2v2h-1.5V2a.5.5 0 0 0-.5-.5H8V0h2Z\" \/>\n\t\t\t<\/svg>\n\t\t<\/button><\/figure>\n<\/div>\n\n<div style=\"height:60px\" aria-hidden=\"true\" class=\"wp-block-spacer\"><\/div>\n\n<p class=\"has-text-align-center\">Note qu&rsquo;un fichier SH3T est simplement une sorte de fichier ZIP, duquel tu peux extraire des images de texture individuelles avec n&rsquo;importe quel outil ZIP. Si n\u00e9cessaire, tu peux aussi cr\u00e9er tes propres fichiers SH3T avec l&rsquo;<a href=\"https:\/\/sourceforge.net\/projects\/sweethome3d\/files\/TexturesLibraryEditor\/TexturesLibraryEditor-2.1.jar\/download\" target=\"_blank\" rel=\"noopener\">\u00c9diteur de biblioth\u00e8que de textures<\/a> t\u00e9l\u00e9chargeable. <\/p>\n\n<div style=\"height:30px\" aria-hidden=\"true\" class=\"wp-block-spacer\"><\/div>\n\n<h3 class=\"wp-block-heading\">Sites web avec des textures<\/h3>\n\n<p>Les sites suivants proposent des images de texture gratuites prises en charge par l&rsquo;assistant d&rsquo;importation de textures de <a href=\"\/\">Sweet Home 3D<\/a> :<\/p>\n\n<figure class=\"wp-block-flexible-table-block-table is-content-justification-left stars-table\"><table class=\"\" style=\"border-width:0\"><tbody><tr><td><img decoding=\"async\" width=\"12\" height=\"12\" data-src=\"https:\/\/www.sweethome3d.com\/images\/star.gif\" alt=\"\u00c9toile\" src=\"data:image\/svg+xml;base64,PHN2ZyB3aWR0aD0iMSIgaGVpZ2h0PSIxIiB4bWxucz0iaHR0cDovL3d3dy53My5vcmcvMjAwMC9zdmciPjwvc3ZnPg==\" class=\"lazyload\" style=\"--smush-placeholder-width: 12px; --smush-placeholder-aspect-ratio: 12\/12;\"><img decoding=\"async\" width=\"12\" height=\"12\" data-src=\"https:\/\/www.sweethome3d.com\/images\/star.gif\" alt=\"\u00c9toile\" src=\"data:image\/svg+xml;base64,PHN2ZyB3aWR0aD0iMSIgaGVpZ2h0PSIxIiB4bWxucz0iaHR0cDovL3d3dy53My5vcmcvMjAwMC9zdmciPjwvc3ZnPg==\" class=\"lazyload\" style=\"--smush-placeholder-width: 12px; --smush-placeholder-aspect-ratio: 12\/12;\"><img decoding=\"async\" width=\"12\" height=\"12\" data-src=\"https:\/\/www.sweethome3d.com\/images\/star.gif\" alt=\"\u00c9toile\" src=\"data:image\/svg+xml;base64,PHN2ZyB3aWR0aD0iMSIgaGVpZ2h0PSIxIiB4bWxucz0iaHR0cDovL3d3dy53My5vcmcvMjAwMC9zdmciPjwvc3ZnPg==\" class=\"lazyload\" style=\"--smush-placeholder-width: 12px; --smush-placeholder-aspect-ratio: 12\/12;\"><\/td><td><a href=\"https:\/\/ambientcg.com\/\" target=\"_blank\" rel=\"noopener\">ambientCG<\/a> (nombreuses textures sans couture publi\u00e9es dans le domaine public, \u00e9galement disponibles sous forme de biblioth\u00e8ques SH3T <a href=\"https:\/\/github.com\/fabien-michel\/sweethome3d-textures-ambientcg\" target=\"_blank\" rel=\"noopener\">ici<\/a>)<\/td><\/tr><tr><td><img decoding=\"async\" width=\"12\" height=\"12\" data-src=\"https:\/\/www.sweethome3d.com\/images\/star.gif\" alt=\"\u00c9toile\" src=\"data:image\/svg+xml;base64,PHN2ZyB3aWR0aD0iMSIgaGVpZ2h0PSIxIiB4bWxucz0iaHR0cDovL3d3dy53My5vcmcvMjAwMC9zdmciPjwvc3ZnPg==\" class=\"lazyload\" style=\"--smush-placeholder-width: 12px; --smush-placeholder-aspect-ratio: 12\/12;\"><img decoding=\"async\" width=\"12\" height=\"12\" data-src=\"https:\/\/www.sweethome3d.com\/images\/star.gif\" alt=\"\u00c9toile\" src=\"data:image\/svg+xml;base64,PHN2ZyB3aWR0aD0iMSIgaGVpZ2h0PSIxIiB4bWxucz0iaHR0cDovL3d3dy53My5vcmcvMjAwMC9zdmciPjwvc3ZnPg==\" class=\"lazyload\" style=\"--smush-placeholder-width: 12px; --smush-placeholder-aspect-ratio: 12\/12;\"><\/td><td><a href=\"https:\/\/archivetextures.net\/\" target=\"_blank\" rel=\"noopener\">Archive textures<\/a> (tr\u00e8s grand choix)<\/td><\/tr><tr><td><img decoding=\"async\" width=\"12\" height=\"12\" data-src=\"https:\/\/www.sweethome3d.com\/images\/star.gif\" alt=\"\u00c9toile\" src=\"data:image\/svg+xml;base64,PHN2ZyB3aWR0aD0iMSIgaGVpZ2h0PSIxIiB4bWxucz0iaHR0cDovL3d3dy53My5vcmcvMjAwMC9zdmciPjwvc3ZnPg==\" class=\"lazyload\" style=\"--smush-placeholder-width: 12px; --smush-placeholder-aspect-ratio: 12\/12;\"><img decoding=\"async\" width=\"12\" height=\"12\" data-src=\"https:\/\/www.sweethome3d.com\/images\/star.gif\" alt=\"\u00c9toile\" src=\"data:image\/svg+xml;base64,PHN2ZyB3aWR0aD0iMSIgaGVpZ2h0PSIxIiB4bWxucz0iaHR0cDovL3d3dy53My5vcmcvMjAwMC9zdmciPjwvc3ZnPg==\" class=\"lazyload\" style=\"--smush-placeholder-width: 12px; --smush-placeholder-aspect-ratio: 12\/12;\"><\/td><td><a href=\"https:\/\/www.sharetextures.com\/\" target=\"_blank\" rel=\"noopener\">Sharetextures<\/a> (jolies textures sans couture publi\u00e9es dans le domaine public)<\/td><\/tr><tr><td><img decoding=\"async\" width=\"12\" height=\"12\" data-src=\"https:\/\/www.sweethome3d.com\/images\/star.gif\" alt=\"\u00c9toile\" src=\"data:image\/svg+xml;base64,PHN2ZyB3aWR0aD0iMSIgaGVpZ2h0PSIxIiB4bWxucz0iaHR0cDovL3d3dy53My5vcmcvMjAwMC9zdmciPjwvc3ZnPg==\" class=\"lazyload\" style=\"--smush-placeholder-width: 12px; --smush-placeholder-aspect-ratio: 12\/12;\"><img decoding=\"async\" width=\"12\" height=\"12\" data-src=\"https:\/\/www.sweethome3d.com\/images\/star.gif\" alt=\"\u00c9toile\" src=\"data:image\/svg+xml;base64,PHN2ZyB3aWR0aD0iMSIgaGVpZ2h0PSIxIiB4bWxucz0iaHR0cDovL3d3dy53My5vcmcvMjAwMC9zdmciPjwvc3ZnPg==\" class=\"lazyload\" style=\"--smush-placeholder-width: 12px; --smush-placeholder-aspect-ratio: 12\/12;\"><\/td><td><a href=\"https:\/\/3dtextures.me\/\" target=\"_blank\" rel=\"noopener\">3D textures<\/a> (un autre site avec des textures sans couture publi\u00e9es dans le domaine public)<\/td><\/tr><tr><td><img decoding=\"async\" width=\"12\" height=\"12\" data-src=\"https:\/\/www.sweethome3d.com\/images\/star.gif\" alt=\"\u00c9toile\" src=\"data:image\/svg+xml;base64,PHN2ZyB3aWR0aD0iMSIgaGVpZ2h0PSIxIiB4bWxucz0iaHR0cDovL3d3dy53My5vcmcvMjAwMC9zdmciPjwvc3ZnPg==\" class=\"lazyload\" style=\"--smush-placeholder-width: 12px; --smush-placeholder-aspect-ratio: 12\/12;\"><img decoding=\"async\" width=\"12\" height=\"12\" data-src=\"https:\/\/www.sweethome3d.com\/images\/star.gif\" alt=\"\u00c9toile\" src=\"data:image\/svg+xml;base64,PHN2ZyB3aWR0aD0iMSIgaGVpZ2h0PSIxIiB4bWxucz0iaHR0cDovL3d3dy53My5vcmcvMjAwMC9zdmciPjwvc3ZnPg==\" class=\"lazyload\" style=\"--smush-placeholder-width: 12px; --smush-placeholder-aspect-ratio: 12\/12;\"><\/td><td><a href=\"https:\/\/tiled-bg.blogspot.com\/p\/about.html\" target=\"_blank\" rel=\"noopener\">Free Web Gallery of Tile-able Website Backgrounds<\/a> (textures sans couture personnalisables disponibles sous licence CC-BY)<\/td><\/tr><tr><td><img decoding=\"async\" width=\"12\" height=\"12\" data-src=\"https:\/\/www.sweethome3d.com\/images\/star.gif\" alt=\"\u00c9toile\" src=\"data:image\/svg+xml;base64,PHN2ZyB3aWR0aD0iMSIgaGVpZ2h0PSIxIiB4bWxucz0iaHR0cDovL3d3dy53My5vcmcvMjAwMC9zdmciPjwvc3ZnPg==\" class=\"lazyload\" style=\"--smush-placeholder-width: 12px; --smush-placeholder-aspect-ratio: 12\/12;\"><img decoding=\"async\" width=\"12\" height=\"12\" data-src=\"https:\/\/www.sweethome3d.com\/images\/star.gif\" alt=\"\u00c9toile\" src=\"data:image\/svg+xml;base64,PHN2ZyB3aWR0aD0iMSIgaGVpZ2h0PSIxIiB4bWxucz0iaHR0cDovL3d3dy53My5vcmcvMjAwMC9zdmciPjwvc3ZnPg==\" class=\"lazyload\" style=\"--smush-placeholder-width: 12px; --smush-placeholder-aspect-ratio: 12\/12;\"><\/td><td><a href=\"https:\/\/www.plaintextures.com\/\" target=\"_blank\" rel=\"noopener\">Plain textures<\/a> (un large choix de textures mais toutes ne sont pas sans couture)<\/td><\/tr><tr><td><img decoding=\"async\" width=\"12\" height=\"12\" data-src=\"https:\/\/www.sweethome3d.com\/images\/star.gif\" alt=\"\u00c9toile\" src=\"data:image\/svg+xml;base64,PHN2ZyB3aWR0aD0iMSIgaGVpZ2h0PSIxIiB4bWxucz0iaHR0cDovL3d3dy53My5vcmcvMjAwMC9zdmciPjwvc3ZnPg==\" class=\"lazyload\" style=\"--smush-placeholder-width: 12px; --smush-placeholder-aspect-ratio: 12\/12;\"><img decoding=\"async\" width=\"12\" height=\"12\" data-src=\"https:\/\/www.sweethome3d.com\/images\/star.gif\" alt=\"\u00c9toile\" src=\"data:image\/svg+xml;base64,PHN2ZyB3aWR0aD0iMSIgaGVpZ2h0PSIxIiB4bWxucz0iaHR0cDovL3d3dy53My5vcmcvMjAwMC9zdmciPjwvc3ZnPg==\" class=\"lazyload\" style=\"--smush-placeholder-width: 12px; --smush-placeholder-aspect-ratio: 12\/12;\"><\/td><td><a href=\"https:\/\/www.cgtextures.com\/\" target=\"_blank\" rel=\"noopener\">CG Textures<\/a> (un large choix de textures mais toutes ne sont pas sans couture)<\/td><\/tr><tr><td><img decoding=\"async\" width=\"12\" height=\"12\" data-src=\"https:\/\/www.sweethome3d.com\/images\/star.gif\" alt=\"\u00c9toile\" src=\"data:image\/svg+xml;base64,PHN2ZyB3aWR0aD0iMSIgaGVpZ2h0PSIxIiB4bWxucz0iaHR0cDovL3d3dy53My5vcmcvMjAwMC9zdmciPjwvc3ZnPg==\" class=\"lazyload\" style=\"--smush-placeholder-width: 12px; --smush-placeholder-aspect-ratio: 12\/12;\"><img decoding=\"async\" width=\"12\" height=\"12\" data-src=\"https:\/\/www.sweethome3d.com\/images\/star.gif\" alt=\"\u00c9toile\" src=\"data:image\/svg+xml;base64,PHN2ZyB3aWR0aD0iMSIgaGVpZ2h0PSIxIiB4bWxucz0iaHR0cDovL3d3dy53My5vcmcvMjAwMC9zdmciPjwvc3ZnPg==\" class=\"lazyload\" style=\"--smush-placeholder-width: 12px; --smush-placeholder-aspect-ratio: 12\/12;\"><\/td><td><a href=\"https:\/\/blender-archi.tuxfamily.org\/Textures\" target=\"_blank\" rel=\"noopener\">Blender for Architecture<\/a> (int\u00e9ressant pour les <a href=\"https:\/\/blender-archi.tuxfamily.org\/Textures#Horizontal_maps\" target=\"_blank\" rel=\"noopener\">textures de ciel<\/a>)<\/td><\/tr><tr><td><img decoding=\"async\" width=\"12\" height=\"12\" data-src=\"https:\/\/www.sweethome3d.com\/images\/star.gif\" alt=\"\u00c9toile\" src=\"data:image\/svg+xml;base64,PHN2ZyB3aWR0aD0iMSIgaGVpZ2h0PSIxIiB4bWxucz0iaHR0cDovL3d3dy53My5vcmcvMjAwMC9zdmciPjwvc3ZnPg==\" class=\"lazyload\" style=\"--smush-placeholder-width: 12px; --smush-placeholder-aspect-ratio: 12\/12;\"><img decoding=\"async\" width=\"12\" height=\"12\" data-src=\"https:\/\/www.sweethome3d.com\/images\/star.gif\" alt=\"\u00c9toile\" src=\"data:image\/svg+xml;base64,PHN2ZyB3aWR0aD0iMSIgaGVpZ2h0PSIxIiB4bWxucz0iaHR0cDovL3d3dy53My5vcmcvMjAwMC9zdmciPjwvc3ZnPg==\" class=\"lazyload\" style=\"--smush-placeholder-width: 12px; --smush-placeholder-aspect-ratio: 12\/12;\"><\/td><td><a href=\"https:\/\/telias.gr\/textures_menu.html\" target=\"_blank\" rel=\"noopener\">Free the models<\/a> (jolies textures cr\u00e9\u00e9es par un contributeur de <a href=\"https:\/\/www.sweethome3d.com\/fr\/\">Sweet Home 3D<\/a>)<\/td><\/tr><tr><td><img decoding=\"async\" width=\"12\" height=\"12\" data-src=\"https:\/\/www.sweethome3d.com\/images\/star.gif\" alt=\"\u00c9toile\" src=\"data:image\/svg+xml;base64,PHN2ZyB3aWR0aD0iMSIgaGVpZ2h0PSIxIiB4bWxucz0iaHR0cDovL3d3dy53My5vcmcvMjAwMC9zdmciPjwvc3ZnPg==\" class=\"lazyload\" style=\"--smush-placeholder-width: 12px; --smush-placeholder-aspect-ratio: 12\/12;\"><img decoding=\"async\" width=\"12\" height=\"12\" data-src=\"https:\/\/www.sweethome3d.com\/images\/star.gif\" alt=\"\u00c9toile\" src=\"data:image\/svg+xml;base64,PHN2ZyB3aWR0aD0iMSIgaGVpZ2h0PSIxIiB4bWxucz0iaHR0cDovL3d3dy53My5vcmcvMjAwMC9zdmciPjwvc3ZnPg==\" class=\"lazyload\" style=\"--smush-placeholder-width: 12px; --smush-placeholder-aspect-ratio: 12\/12;\"><\/td><td><a href=\"https:\/\/www.museumtextures.com\/\" target=\"_blank\" rel=\"noopener\">Museum Textures<\/a> (joli choix de textures avec quelques-unes sans couture)<\/td><\/tr><tr><td><img decoding=\"async\" width=\"12\" height=\"12\" data-src=\"https:\/\/www.sweethome3d.com\/images\/star.gif\" alt=\"\u00c9toile\" src=\"data:image\/svg+xml;base64,PHN2ZyB3aWR0aD0iMSIgaGVpZ2h0PSIxIiB4bWxucz0iaHR0cDovL3d3dy53My5vcmcvMjAwMC9zdmciPjwvc3ZnPg==\" class=\"lazyload\" style=\"--smush-placeholder-width: 12px; --smush-placeholder-aspect-ratio: 12\/12;\"><\/td><td><a href=\"https:\/\/www.alterlinks.com\/textures\/\" target=\"_blank\" rel=\"noopener\">Alterlinks<\/a> (quelques textures simples)<\/td><\/tr><tr><td><img decoding=\"async\" width=\"12\" height=\"12\" data-src=\"https:\/\/www.sweethome3d.com\/images\/star.gif\" alt=\"\u00c9toile\" src=\"data:image\/svg+xml;base64,PHN2ZyB3aWR0aD0iMSIgaGVpZ2h0PSIxIiB4bWxucz0iaHR0cDovL3d3dy53My5vcmcvMjAwMC9zdmciPjwvc3ZnPg==\" class=\"lazyload\" style=\"--smush-placeholder-width: 12px; --smush-placeholder-aspect-ratio: 12\/12;\"><\/td><td><a href=\"https:\/\/www.hongkiat.com\/blog\/28-high-resolution-wood-textures-for-designers\/\" target=\"_blank\" rel=\"noopener\">Hongkiat.com<\/a> (textures de bois, la plupart ne sont pas sans couture)<\/td><\/tr><tr><td><img decoding=\"async\" width=\"12\" height=\"12\" data-src=\"https:\/\/www.sweethome3d.com\/images\/star.gif\" alt=\"\u00c9toile\" src=\"data:image\/svg+xml;base64,PHN2ZyB3aWR0aD0iMSIgaGVpZ2h0PSIxIiB4bWxucz0iaHR0cDovL3d3dy53My5vcmcvMjAwMC9zdmciPjwvc3ZnPg==\" class=\"lazyload\" style=\"--smush-placeholder-width: 12px; --smush-placeholder-aspect-ratio: 12\/12;\"><\/td><td><a href=\"https:\/\/webdesignledger.com\/freebies\/40-beautiful-patterns-and-textures-for-ornate-backgrounds\" target=\"_blank\" rel=\"noopener\">WDL<\/a> (textures de motifs muraux)<\/td><\/tr><\/tbody><\/table><\/figure>\n\n<p>Pour couvrir une surface avec une texture qui se r\u00e9p\u00e8te comme un motif mural, pr\u00e9f\u00e8re choisir une texture sans couture.<\/p>\n\n<p>Pour \u00e9viter de r\u00e9duire les performances de Sweet Home 3D, n&rsquo;importe pas d&rsquo;images avec une r\u00e9solution \u00e9lev\u00e9e (g\u00e9n\u00e9ralement, des images de 256&#215;256 pixels donnent d\u00e9j\u00e0 de bons r\u00e9sultats). Si tu dois r\u00e9duire la r\u00e9solution d&rsquo;une image, tu devrais pr\u00e9f\u00e9rer une meilleure qualit\u00e9 JPEG plut\u00f4t qu&rsquo;une r\u00e9solution plus grande. <\/p>\n\n<p>Veuillez respecter la licence des textures que vous pouvez <a href=\"https:\/\/www.sweethome3d.com\/fr\/telecharger\/\" data-type=\"link\" data-id=\"https:\/\/www.sweethome3d.com\/download\/\">t\u00e9l\u00e9charger<\/a> sur ces sites web.<\/p>\n\n<div style=\"height:30px\" aria-hidden=\"true\" class=\"wp-block-spacer\"><\/div>\n\n<p><\/p>\n","protected":false},"excerpt":{"rendered":"<p>Cette page liste quelques sources d&rsquo;images de textures gratuites que tu peux importer dans Sweet Home 3D.<\/p>\n","protected":false},"author":4,"featured_media":2837,"parent":0,"menu_order":0,"comment_status":"closed","ping_status":"closed","template":"page-resources.php","meta":{"inline_featured_image":false,"footnotes":""},"class_list":["post-2838","page","type-page","status-publish","has-post-thumbnail","hentry"],"_links":{"self":[{"href":"https:\/\/www.sweethome3d.com\/fr\/wp-json\/wp\/v2\/pages\/2838","targetHints":{"allow":["GET"]}}],"collection":[{"href":"https:\/\/www.sweethome3d.com\/fr\/wp-json\/wp\/v2\/pages"}],"about":[{"href":"https:\/\/www.sweethome3d.com\/fr\/wp-json\/wp\/v2\/types\/page"}],"author":[{"embeddable":true,"href":"https:\/\/www.sweethome3d.com\/fr\/wp-json\/wp\/v2\/users\/4"}],"replies":[{"embeddable":true,"href":"https:\/\/www.sweethome3d.com\/fr\/wp-json\/wp\/v2\/comments?post=2838"}],"version-history":[{"count":4,"href":"https:\/\/www.sweethome3d.com\/fr\/wp-json\/wp\/v2\/pages\/2838\/revisions"}],"predecessor-version":[{"id":26657,"href":"https:\/\/www.sweethome3d.com\/fr\/wp-json\/wp\/v2\/pages\/2838\/revisions\/26657"}],"wp:featuredmedia":[{"embeddable":true,"href":"https:\/\/www.sweethome3d.com\/fr\/wp-json\/wp\/v2\/media\/2837"}],"wp:attachment":[{"href":"https:\/\/www.sweethome3d.com\/fr\/wp-json\/wp\/v2\/media?parent=2838"}],"curies":[{"name":"wp","href":"https:\/\/api.w.org\/{rel}","templated":true}]}}