{"id":11751,"date":"2025-09-19T09:07:08","date_gmt":"2025-09-19T09:07:08","guid":{"rendered":"https:\/\/www.sweethome3d.com\/mentions-legales\/"},"modified":"2026-02-10T14:25:00","modified_gmt":"2026-02-10T14:25:00","slug":"mentions-legales","status":"publish","type":"page","link":"https:\/\/www.sweethome3d.com\/fr\/mentions-legales\/","title":{"rendered":"Mentions l\u00e9gales"},"content":{"rendered":"\n<p>Le logiciel Sweet Home 3D et le site web <a href=\"\/\">https:\/\/www.sweethome3d.com<\/a> sont publi\u00e9s par :<br\/><\/p>\n\n<p><a href=\"https:\/\/www.spacemushrooms.it\/\" target=\"_blank\" rel=\"noopener\">Space Mushrooms srl<\/a><br\/>Via Melzi d&rsquo;Eril 29<br\/>20154, Milan<br\/>Italie<br\/>Email : <a href=\"mailto:info@sweethome3d.com\">info@sweethome3d.com<\/a><\/p>\n\n<p><br\/><a href=\"https:\/\/www.spacemushrooms.it\/\" target=\"_blank\" rel=\"noopener\">Space Mushrooms srl<\/a> est une soci\u00e9t\u00e9 ind\u00e9pendante fond\u00e9e en 2021.<\/p>\n\n<p><br\/>Sweet Home 3D<sup>\u00ae<\/sup> est une marque d\u00e9pos\u00e9e.<br\/>Les autres noms commerciaux mentionn\u00e9s sur ce site web sont des marques ou des marques d\u00e9pos\u00e9es, propri\u00e9t\u00e9 de leurs d\u00e9tenteurs respectifs.<\/p>\n\n<p><br\/><a href=\"https:\/\/www.sweethome3d.com\/fr\/\">sweethome3d.com<\/a>, <a href=\"https:\/\/www.sweethome3d.eu\/\" target=\"_blank\" rel=\"noopener\">sweethome3d.eu<\/a>, <a href=\"https:\/\/www.sweethome3d.online\/\" target=\"_blank\" rel=\"noopener\">sweethome3d.online<\/a> et <a href=\"https:\/\/www.sweethome2d.com\/\" target=\"_blank\" rel=\"noopener\">sweethome2d.com<\/a> sont h\u00e9berg\u00e9s par :<\/p>\n\n<p>OVH<br\/>140, quai du Sartel<br\/>59100 Roubaix<br\/>France<br\/>T\u00e9l : +33 8 203 203 63<\/p>\n","protected":false},"excerpt":{"rendered":"<p>Le logiciel Sweet Home 3D et le site web https:\/\/www.sweethome3d.com sont publi\u00e9s par : Space Mushrooms srlVia Melzi d&rsquo;Eril 2920154, MilanItalieEmail : info@sweethome3d.com Space Mushrooms srl est une soci\u00e9t\u00e9 ind\u00e9pendante fond\u00e9e en 2021. Sweet Home 3D\u00ae est une marque d\u00e9pos\u00e9e.Les autres noms commerciaux mentionn\u00e9s sur ce site web sont des marques ou des marques d\u00e9pos\u00e9es, [&hellip;]<\/p>\n","protected":false},"author":2,"featured_media":0,"parent":0,"menu_order":0,"comment_status":"closed","ping_status":"closed","template":"","meta":{"inline_featured_image":false,"footnotes":""},"class_list":["post-11751","page","type-page","status-publish","hentry"],"_links":{"self":[{"href":"https:\/\/www.sweethome3d.com\/fr\/wp-json\/wp\/v2\/pages\/11751","targetHints":{"allow":["GET"]}}],"collection":[{"href":"https:\/\/www.sweethome3d.com\/fr\/wp-json\/wp\/v2\/pages"}],"about":[{"href":"https:\/\/www.sweethome3d.com\/fr\/wp-json\/wp\/v2\/types\/page"}],"author":[{"embeddable":true,"href":"https:\/\/www.sweethome3d.com\/fr\/wp-json\/wp\/v2\/users\/2"}],"replies":[{"embeddable":true,"href":"https:\/\/www.sweethome3d.com\/fr\/wp-json\/wp\/v2\/comments?post=11751"}],"version-history":[{"count":2,"href":"https:\/\/www.sweethome3d.com\/fr\/wp-json\/wp\/v2\/pages\/11751\/revisions"}],"predecessor-version":[{"id":15607,"href":"https:\/\/www.sweethome3d.com\/fr\/wp-json\/wp\/v2\/pages\/11751\/revisions\/15607"}],"wp:attachment":[{"href":"https:\/\/www.sweethome3d.com\/fr\/wp-json\/wp\/v2\/media?parent=11751"}],"curies":[{"name":"wp","href":"https:\/\/api.w.org\/{rel}","templated":true}]}}