{"id":5888,"date":"2025-09-16T09:45:30","date_gmt":"2025-09-16T09:45:30","guid":{"rendered":"https:\/\/www.sweethome3d.com\/sweet-home-3d\/"},"modified":"2025-11-19T09:33:07","modified_gmt":"2025-11-19T09:33:07","slug":"sweet-home-3d","status":"publish","type":"page","link":"https:\/\/www.sweethome3d.com\/es\/","title":{"rendered":"Sweet Home 3D"},"content":{"rendered":"\n<p class=\"has-text-align-center\"><strong>Sweet Home 3D<\/strong> es una aplicaci\u00f3n gratuita de dise\u00f1o de interiores<br>que te ayuda a dibujar el plano de tu casa, colocar muebles en \u00e9l y ver los resultados en 3D.<\/p>\n\n\n\n<p class=\"has-text-align-center\">Download full version with over 10,000 3D models, 400 textures already included<\/p>\n\n\n\n<div class=\"wp-block-group is-vertical is-content-justification-center is-layout-flex wp-container-core-group-is-layout-4b2eccd6 wp-block-group-is-layout-flex\">\n<div class=\"wp-block-buttons is-content-justification-center is-layout-flex wp-container-core-buttons-is-layout-16018d1d wp-block-buttons-is-layout-flex\">\n<div class=\"wp-block-button\" data-action=\"wce_home_download_direct\"><a class=\"wp-block-button__link wp-element-button\" href=\"#download\"><img loading=\"lazy\" decoding=\"async\" width=\"43\" height=\"42\" class=\"wp-image-390\" style=\"width: 28px\" src=\"https:\/\/www.sweethome3d.com\/wp-content\/uploads\/2025\/09\/download-bottom.svg\" alt=\"\" \/> Descarga Sweet Home 3D<\/a><\/div>\n<\/div>\n\n\n\n<p class=\"has-text-align-center has-small-font-size\"><p class=\"has-text-align-center has-small-font-size\" data-text-content=\"download-info\">(Windows &#8211; versi\u00f3n 7.5.17 &#8211; 266 MB)<\/p><\/p>\n<\/div>\n\n\n\n<div style=\"height:8px\" aria-hidden=\"true\" class=\"wp-block-spacer\"><\/div>\n\n\n\n<div class=\"wp-block-group is-content-justification-center is-nowrap is-layout-flex wp-container-core-group-is-layout-94bc23d7 wp-block-group-is-layout-flex\">\n<figure class=\"wp-block-image size-full is-resized\"><img loading=\"lazy\" decoding=\"async\" width=\"400\" height=\"400\" src=\"https:\/\/www.sweethome3d.com\/wp-content\/uploads\/2025\/09\/alert1.png\" alt=\"\" class=\"wp-image-298\" style=\"width:40px\" srcset=\"https:\/\/www.sweethome3d.com\/wp-content\/uploads\/2025\/09\/alert1.png 400w, https:\/\/www.sweethome3d.com\/wp-content\/uploads\/2025\/09\/alert1-130x130.png 130w, https:\/\/www.sweethome3d.com\/wp-content\/uploads\/2025\/09\/alert1-360x360.png 360w, https:\/\/www.sweethome3d.com\/wp-content\/uploads\/2025\/09\/alert1-90x90.png 90w\" sizes=\"auto, (max-width: 400px) 100vw, 400px\" \/><\/figure>\n\n\n\n<div class=\"wp-block-group\"><div class=\"wp-block-group__inner-container is-layout-constrained wp-block-group-is-layout-constrained\">\n<p>11\/12\/2024 &#8211; \u00a1Ay\u00fadanos a mejorar! Participa en la <a href=\"https:\/\/forms.gle\/W5rdFBypjYH2hp8F8\" data-type=\"link\" data-id=\"https:\/\/forms.gle\/W5rdFBypjYH2hp8F8\" data-action=\"wce_home_click_survey\" target=\"_blank\" rel=\"noopener\">Encuesta de Usuarios de Sweet Home<\/a> <br><a href=\"\/blog\/2023\/09\/06\/sweet_home_3d_mobile_app.html\" data-action=\"wce_blog_article\">09\/06\/2023<\/a> &#8211; \u00a1Sweet Home 3D Mobile ya est\u00e1 disponible para <a href=\"https:\/\/apps.apple.com\/app\/sweet-home-3d-mobile\/1178963471\" data-type=\"link\" data-id=\"https:\/\/apps.apple.com\/app\/sweet-home-3d-mobile\/1178963471\" data-action=\"wce_ios\" target=\"_blank\" rel=\"noopener\">iOS<\/a> y <a href=\"https:\/\/play.google.com\/store\/apps\/details?id=com.eteks.sweethome3d.mobile\" data-type=\"link\" data-id=\"https:\/\/play.google.com\/store\/apps\/details?id=com.eteks.sweethome3d.mobile\" data-action=\"wce_android\" target=\"_blank\" rel=\"noopener\">Android<\/a>!<\/p>\n<\/div><\/div>\n<\/div>\n\n\n\n<div style=\"height:12px\" aria-hidden=\"true\" class=\"wp-block-spacer\"><\/div>\n\n\n\n<div class=\"wp-block-cb-carousel-v2 cb-carousel-block cb-single-slide\" data-cb-slides-per-view=\"1\" data-cb-slides-per-group=\"1\" data-cb-space-between=\"15\" data-cb-speed=\"300\" data-cb-pagination=\"true\" data-cb-breakpoints=\"{&quot;768&quot;:{&quot;slidesPerView&quot;:1,&quot;slidesPerGroup&quot;:1}}\"><div class=\"swiper\"><div class=\"cb-wrapper swiper-wrapper\">\n<div class=\"wp-block-cb-slide-v2 cb-slide swiper-slide\">\n<figure class=\"wp-block-video aligncenter\" style=\"width: 500px\"><video autoplay=\"\" muted=\"\" src=\"https:\/\/www.sweethome3d.com\/wp-content\/uploads\/2025\/09\/SweetHome3D-720p-music.mp4\" playsinline=\"\"><\/video><\/figure>\n<\/div>\n\n\n\n<div class=\"wp-block-cb-slide-v2 cb-slide swiper-slide\">\n<figure class=\"wp-block-image size-medium\"><a href=\"https:\/\/www.sweethome3d.com\/wp-content\/uploads\/2025\/09\/SweetHome3DWindows.png\"><img loading=\"lazy\" decoding=\"async\" width=\"360\" height=\"244\" src=\"https:\/\/www.sweethome3d.com\/wp-content\/uploads\/2025\/09\/SweetHome3DWindows-360x244.png\" alt=\"\" class=\"wp-image-373\" srcset=\"https:\/\/www.sweethome3d.com\/wp-content\/uploads\/2025\/09\/SweetHome3DWindows-360x244.png 360w, https:\/\/www.sweethome3d.com\/wp-content\/uploads\/2025\/09\/SweetHome3DWindows-192x130.png 192w, https:\/\/www.sweethome3d.com\/wp-content\/uploads\/2025\/09\/SweetHome3DWindows-768x520.png 768w, https:\/\/www.sweethome3d.com\/wp-content\/uploads\/2025\/09\/SweetHome3DWindows-400x271.png 400w, https:\/\/www.sweethome3d.com\/wp-content\/uploads\/2025\/09\/SweetHome3DWindows-133x90.png 133w, https:\/\/www.sweethome3d.com\/wp-content\/uploads\/2025\/09\/SweetHome3DWindows.png 812w\" sizes=\"auto, (max-width: 360px) 100vw, 360px\" \/><\/a><\/figure>\n\n\n\n<p class=\"has-text-align-center has-small-font-size\"><em>(haz clic en la imagen para ampliarla)<\/em><\/p>\n<\/div>\n\n\n\n<div class=\"wp-block-cb-slide-v2 cb-slide swiper-slide\">\n<figure class=\"wp-block-image size-medium\"><a href=\"https:\/\/www.sweethome3d.com\/wp-content\/uploads\/2025\/09\/SweetHome3DAerialView.jpg\"><img loading=\"lazy\" decoding=\"async\" width=\"360\" height=\"240\" src=\"https:\/\/www.sweethome3d.com\/wp-content\/uploads\/2025\/09\/SweetHome3DAerialView-360x240.jpg\" alt=\"\" class=\"wp-image-375\" srcset=\"https:\/\/www.sweethome3d.com\/wp-content\/uploads\/2025\/09\/SweetHome3DAerialView-360x240.jpg 360w, https:\/\/www.sweethome3d.com\/wp-content\/uploads\/2025\/09\/SweetHome3DAerialView-195x130.jpg 195w, https:\/\/www.sweethome3d.com\/wp-content\/uploads\/2025\/09\/SweetHome3DAerialView-768x512.jpg 768w, https:\/\/www.sweethome3d.com\/wp-content\/uploads\/2025\/09\/SweetHome3DAerialView-400x267.jpg 400w, https:\/\/www.sweethome3d.com\/wp-content\/uploads\/2025\/09\/SweetHome3DAerialView-135x90.jpg 135w, https:\/\/www.sweethome3d.com\/wp-content\/uploads\/2025\/09\/SweetHome3DAerialView.jpg 800w\" sizes=\"auto, (max-width: 360px) 100vw, 360px\" \/><\/a><\/figure>\n\n\n\n<p class=\"has-text-align-center has-small-font-size\"><em>(haz clic en la imagen para ampliarla)<\/em><\/p>\n<\/div>\n\n\n\n<div class=\"wp-block-cb-slide-v2 cb-slide swiper-slide\">\n<figure class=\"wp-block-image size-medium\"><a href=\"https:\/\/www.sweethome3d.com\/wp-content\/uploads\/2025\/09\/SweetHome3DPlan.jpg\"><img loading=\"lazy\" decoding=\"async\" width=\"360\" height=\"240\" src=\"https:\/\/www.sweethome3d.com\/wp-content\/uploads\/2025\/09\/SweetHome3DPlan-360x240.jpg\" alt=\"\" class=\"wp-image-376\" srcset=\"https:\/\/www.sweethome3d.com\/wp-content\/uploads\/2025\/09\/SweetHome3DPlan-360x240.jpg 360w, https:\/\/www.sweethome3d.com\/wp-content\/uploads\/2025\/09\/SweetHome3DPlan-195x130.jpg 195w, https:\/\/www.sweethome3d.com\/wp-content\/uploads\/2025\/09\/SweetHome3DPlan-768x512.jpg 768w, https:\/\/www.sweethome3d.com\/wp-content\/uploads\/2025\/09\/SweetHome3DPlan-400x267.jpg 400w, https:\/\/www.sweethome3d.com\/wp-content\/uploads\/2025\/09\/SweetHome3DPlan-135x90.jpg 135w, https:\/\/www.sweethome3d.com\/wp-content\/uploads\/2025\/09\/SweetHome3DPlan.jpg 800w\" sizes=\"auto, (max-width: 360px) 100vw, 360px\" \/><\/a><\/figure>\n\n\n\n<p class=\"has-text-align-center has-small-font-size\"><em>(haz clic en la imagen para ampliarla)<\/em><\/p>\n<\/div>\n\n\n\n<div class=\"wp-block-cb-slide-v2 cb-slide swiper-slide\">\n<figure class=\"wp-block-image size-medium\"><a href=\"https:\/\/www.sweethome3d.com\/wp-content\/uploads\/2025\/09\/SweetHome3DVirtualVisit.jpg\"><img loading=\"lazy\" decoding=\"async\" width=\"360\" height=\"240\" src=\"https:\/\/www.sweethome3d.com\/wp-content\/uploads\/2025\/09\/SweetHome3DVirtualVisit-360x240.jpg\" alt=\"\" class=\"wp-image-377\" srcset=\"https:\/\/www.sweethome3d.com\/wp-content\/uploads\/2025\/09\/SweetHome3DVirtualVisit-360x240.jpg 360w, https:\/\/www.sweethome3d.com\/wp-content\/uploads\/2025\/09\/SweetHome3DVirtualVisit-195x130.jpg 195w, https:\/\/www.sweethome3d.com\/wp-content\/uploads\/2025\/09\/SweetHome3DVirtualVisit-768x512.jpg 768w, https:\/\/www.sweethome3d.com\/wp-content\/uploads\/2025\/09\/SweetHome3DVirtualVisit-400x267.jpg 400w, https:\/\/www.sweethome3d.com\/wp-content\/uploads\/2025\/09\/SweetHome3DVirtualVisit-135x90.jpg 135w, https:\/\/www.sweethome3d.com\/wp-content\/uploads\/2025\/09\/SweetHome3DVirtualVisit.jpg 800w\" sizes=\"auto, (max-width: 360px) 100vw, 360px\" \/><\/a><\/figure>\n\n\n\n<p class=\"has-text-align-center has-small-font-size\"><em>(haz clic en la imagen para ampliarla)<\/em><\/p>\n<\/div>\n<\/div><\/div><div class=\"cb-pagination swiper-pagination\"><\/div><\/div>\n\n\n\n<div class=\"wp-block-group is-content-justification-center is-nowrap is-layout-flex wp-container-core-group-is-layout-94bc23d7 wp-block-group-is-layout-flex\">\n<figure class=\"wp-block-image size-thumbnail\"><a href=\"https:\/\/www.sweethome3d.com\/wp-content\/uploads\/2025\/09\/MaxHan.jpg\"><img loading=\"lazy\" decoding=\"async\" width=\"160\" height=\"90\" src=\"https:\/\/www.sweethome3d.com\/wp-content\/uploads\/2025\/09\/MaxHan-160x90.jpg\" alt=\"Sweet Home 3D\" class=\"wp-image-329\" srcset=\"https:\/\/www.sweethome3d.com\/wp-content\/uploads\/2025\/09\/MaxHan-160x90.jpg 160w, https:\/\/www.sweethome3d.com\/wp-content\/uploads\/2025\/09\/MaxHan-231x130.jpg 231w, https:\/\/www.sweethome3d.com\/wp-content\/uploads\/2025\/09\/MaxHan-360x203.jpg 360w, https:\/\/www.sweethome3d.com\/wp-content\/uploads\/2025\/09\/MaxHan-768x432.jpg 768w, https:\/\/www.sweethome3d.com\/wp-content\/uploads\/2025\/09\/MaxHan-400x225.jpg 400w, https:\/\/www.sweethome3d.com\/wp-content\/uploads\/2025\/09\/MaxHan.jpg 800w\" sizes=\"auto, (max-width: 160px) 100vw, 160px\" \/><\/a><\/figure>\n\n\n\n<figure class=\"wp-block-image size-thumbnail\"><a href=\"https:\/\/www.sweethome3d.com\/wp-content\/uploads\/2025\/09\/GurkanIlgin.jpg\"><img loading=\"lazy\" decoding=\"async\" width=\"120\" height=\"90\" src=\"https:\/\/www.sweethome3d.com\/wp-content\/uploads\/2025\/09\/GurkanIlgin-120x90.jpg\" alt=\"Software de dise\u00f1o de casas en 3D\" class=\"wp-image-330\" srcset=\"https:\/\/www.sweethome3d.com\/wp-content\/uploads\/2025\/09\/GurkanIlgin-120x90.jpg 120w, https:\/\/www.sweethome3d.com\/wp-content\/uploads\/2025\/09\/GurkanIlgin-173x130.jpg 173w, https:\/\/www.sweethome3d.com\/wp-content\/uploads\/2025\/09\/GurkanIlgin-360x270.jpg 360w, https:\/\/www.sweethome3d.com\/wp-content\/uploads\/2025\/09\/GurkanIlgin-400x300.jpg 400w, https:\/\/www.sweethome3d.com\/wp-content\/uploads\/2025\/09\/GurkanIlgin.jpg 600w\" sizes=\"auto, (max-width: 120px) 100vw, 120px\" \/><\/a><\/figure>\n\n\n\n<figure class=\"wp-block-image size-thumbnail\"><a href=\"https:\/\/www.sweethome3d.com\/wp-content\/uploads\/2025\/09\/SylvainThomazo.jpg\"><img loading=\"lazy\" decoding=\"async\" width=\"162\" height=\"90\" src=\"https:\/\/www.sweethome3d.com\/wp-content\/uploads\/2025\/09\/SylvainThomazo-162x90.jpg\" alt=\"Aplicaci\u00f3n de dise\u00f1o de casas\" class=\"wp-image-331\" srcset=\"https:\/\/www.sweethome3d.com\/wp-content\/uploads\/2025\/09\/SylvainThomazo-162x90.jpg 162w, https:\/\/www.sweethome3d.com\/wp-content\/uploads\/2025\/09\/SylvainThomazo-235x130.jpg 235w, https:\/\/www.sweethome3d.com\/wp-content\/uploads\/2025\/09\/SylvainThomazo-360x200.jpg 360w, https:\/\/www.sweethome3d.com\/wp-content\/uploads\/2025\/09\/SylvainThomazo-768x426.jpg 768w, https:\/\/www.sweethome3d.com\/wp-content\/uploads\/2025\/09\/SylvainThomazo-400x222.jpg 400w, https:\/\/www.sweethome3d.com\/wp-content\/uploads\/2025\/09\/SylvainThomazo.jpg 812w\" sizes=\"auto, (max-width: 162px) 100vw, 162px\" \/><\/a><\/figure>\n\n\n\n<figure class=\"wp-block-image size-thumbnail\"><a href=\"https:\/\/www.sweethome3d.com\/wp-content\/uploads\/2025\/09\/FloTardy.jpg\"><img loading=\"lazy\" decoding=\"async\" width=\"90\" height=\"90\" src=\"https:\/\/www.sweethome3d.com\/wp-content\/uploads\/2025\/09\/FloTardy-90x90.jpg\" alt=\"Software de dise\u00f1o de interiores\" class=\"wp-image-332\" srcset=\"https:\/\/www.sweethome3d.com\/wp-content\/uploads\/2025\/09\/FloTardy-90x90.jpg 90w, https:\/\/www.sweethome3d.com\/wp-content\/uploads\/2025\/09\/FloTardy-130x130.jpg 130w, https:\/\/www.sweethome3d.com\/wp-content\/uploads\/2025\/09\/FloTardy-360x360.jpg 360w, https:\/\/www.sweethome3d.com\/wp-content\/uploads\/2025\/09\/FloTardy-400x400.jpg 400w, https:\/\/www.sweethome3d.com\/wp-content\/uploads\/2025\/09\/FloTardy.jpg 450w\" sizes=\"auto, (max-width: 90px) 100vw, 90px\" \/><\/a><\/figure>\n\n\n\n<figure class=\"wp-block-image size-thumbnail\"><a href=\"https:\/\/www.sweethome3d.com\/wp-content\/uploads\/2025\/09\/EnkoNyito.jpg\"><img loading=\"lazy\" decoding=\"async\" width=\"160\" height=\"90\" src=\"https:\/\/www.sweethome3d.com\/wp-content\/uploads\/2025\/09\/EnkoNyito-160x90.jpg\" alt=\"Software de planos de casas\" class=\"wp-image-333\" srcset=\"https:\/\/www.sweethome3d.com\/wp-content\/uploads\/2025\/09\/EnkoNyito-160x90.jpg 160w, https:\/\/www.sweethome3d.com\/wp-content\/uploads\/2025\/09\/EnkoNyito-231x130.jpg 231w, https:\/\/www.sweethome3d.com\/wp-content\/uploads\/2025\/09\/EnkoNyito-360x203.jpg 360w, https:\/\/www.sweethome3d.com\/wp-content\/uploads\/2025\/09\/EnkoNyito-768x432.jpg 768w, https:\/\/www.sweethome3d.com\/wp-content\/uploads\/2025\/09\/EnkoNyito-400x225.jpg 400w, https:\/\/www.sweethome3d.com\/wp-content\/uploads\/2025\/09\/EnkoNyito.jpg 800w\" sizes=\"auto, (max-width: 160px) 100vw, 160px\" \/><\/a><\/figure>\n<\/div>\n\n\n\n<p class=\"has-text-align-center\">Puedes descargar Sweet Home 3D para instalarlo en tu ordenador,<br>smartphone o tableta y\/o usarlo online en tu navegador:<\/p>\n\n\n\n<div class=\"wp-block-group is-content-justification-center is-nowrap is-layout-flex wp-container-core-group-is-layout-94bc23d7 wp-block-group-is-layout-flex\">\n<div class=\"wp-block-group is-nowrap is-layout-flex wp-container-core-group-is-layout-ad2f72ca wp-block-group-is-layout-flex\">\n<figure class=\"wp-block-image size-full is-resized\"><img loading=\"lazy\" decoding=\"async\" width=\"56\" height=\"64\" src=\"https:\/\/www.sweethome3d.com\/wp-content\/uploads\/2025\/09\/SweetHome3DDownloadLogo-1.png\" alt=\"\" class=\"wp-image-288\" style=\"width:32px\"\/><\/figure>\n\n\n\n<div class=\"wp-block-group is-style-default gap-0 is-vertical is-content-justification-center is-layout-flex wp-container-core-group-is-layout-4b2eccd6 wp-block-group-is-layout-flex\">\n<p class=\"has-text-align-center has-large-font-size\"><strong><a href=\"https:\/\/www.sweethome3d.com\/es\/descargar\/\" data-type=\"page\" data-id=\"396\">Descargaa Sweet Home 3D<\/a><\/strong><\/p>\n\n\n\n<p class=\"has-text-align-center\">para Windows\/MacOS\/Linux\/iOS\/Android<\/p>\n<\/div>\n<\/div>\n\n\n\n<div style=\"height:100px;width:0px\" aria-hidden=\"true\" class=\"wp-block-spacer wp-container-content-af3d81f1\"><\/div>\n\n\n\n<div class=\"wp-block-group is-nowrap is-layout-flex wp-container-core-group-is-layout-ad2f72ca wp-block-group-is-layout-flex\">\n<figure class=\"wp-block-image size-full is-resized\"><img loading=\"lazy\" decoding=\"async\" width=\"56\" height=\"64\" src=\"https:\/\/www.sweethome3d.com\/wp-content\/uploads\/2025\/09\/SweetHome3DOnlineLogo.png\" alt=\"\" class=\"wp-image-289\" style=\"width:32px\"\/><\/figure>\n\n\n\n<div class=\"wp-block-group is-vertical is-content-justification-center is-layout-flex wp-container-core-group-is-layout-4b2eccd6 wp-block-group-is-layout-flex\">\n<p class=\"has-text-align-center has-large-font-size\"><strong><a href=\"https:\/\/www.sweethome3d.com\/es\/online-manager\/\" data-type=\"page\" data-id=\"398\">Usa Sweet Home 3D Online<\/a><\/strong><\/p>\n\n\n\n<p class=\"has-text-align-center\">con cualquier navegador WebGL<\/p>\n<\/div>\n<\/div>\n<\/div>\n\n\n\n<p class=\"has-text-align-center\">Sweet Home 3D est\u00e1 disponible en Espa\u00f1ol y en <a href=\"https:\/\/www.sweethome3d.com\/es\/?page_id=11334\" data-type=\"page\" data-id=\"439\">otros 28 idiomas<\/a><br>y puede ser ejecutado en Windows, macOS, Linux y Solaris. Es un <a href=\"https:\/\/sourceforge.net\/projects\/sweethome3d\/\" data-type=\"link\" data-id=\"https:\/\/sourceforge.net\/projects\/sweethome3d\/\" data-action=\"wce_souce_forge_hyper\" target=\"_blank\" rel=\"noopener\">proyecto de c\u00f3digo abierto de SourceForge.net<\/a> distribuido bajo la <a href=\"https:\/\/www.gnu.org\/licenses\/gpl-2.0.txt\" target=\"_blank\" rel=\"noopener\">Licencia P\u00fablica General de GNU<\/a>.<\/p>\n\n\n\n<p class=\"has-text-align-center\">Por favor, informa de <a href=\"https:\/\/sourceforge.net\/p\/sweethome3d\/bugs\/\" data-type=\"link\" data-id=\"https:\/\/sourceforge.net\/p\/sweethome3d\/bugs\/\" data-action=\"wce_bug_hyper\" target=\"_blank\" rel=\"noopener\">errores<\/a> y <a href=\"https:\/\/sourceforge.net\/p\/sweethome3d\/feature-requests\/\" data-type=\"link\" data-id=\"https:\/\/sourceforge.net\/p\/sweethome3d\/feature-requests\/\" data-action=\"wce_requests_hyper\" target=\"_blank\" rel=\"noopener\">solicitudes de mejoras<\/a> en los tickets de Sweet Home 3D<br>y utiliza el <a href=\"\/support\/forum\/?lang=en\">foro de Sweet Home 3D<\/a> para solicitudes de soporte.<\/p>\n\n\n\n<p class=\"has-text-align-center\"><em>Sweet Home 3D<sup>\u00ae<\/sup> versi\u00f3n 7.5<br>\u00daltima actualizaci\u00f3n: 5 de mayo de 2025<\/em><\/p>\n","protected":false},"excerpt":{"rendered":"<p>Sweet Home 3D es una aplicaci\u00f3n gratuita de dise\u00f1o de interioresque te ayuda a dibujar el plano de tu casa, colocar muebles en \u00e9l y ver los resultados en 3D. Download full version with over 10,000 3D models, 400 textures already included (Windows &#8211; versi\u00f3n 7.5.17 &#8211; 266 MB) 11\/12\/2024 &#8211; \u00a1Ay\u00fadanos a mejorar! Participa [&hellip;]<\/p>\n","protected":false},"author":2,"featured_media":5887,"parent":0,"menu_order":0,"comment_status":"closed","ping_status":"closed","template":"","meta":{"inline_featured_image":false,"footnotes":""},"class_list":["post-5888","page","type-page","status-publish","has-post-thumbnail","hentry"],"_links":{"self":[{"href":"https:\/\/www.sweethome3d.com\/es\/wp-json\/wp\/v2\/pages\/5888","targetHints":{"allow":["GET"]}}],"collection":[{"href":"https:\/\/www.sweethome3d.com\/es\/wp-json\/wp\/v2\/pages"}],"about":[{"href":"https:\/\/www.sweethome3d.com\/es\/wp-json\/wp\/v2\/types\/page"}],"author":[{"embeddable":true,"href":"https:\/\/www.sweethome3d.com\/es\/wp-json\/wp\/v2\/users\/2"}],"replies":[{"embeddable":true,"href":"https:\/\/www.sweethome3d.com\/es\/wp-json\/wp\/v2\/comments?post=5888"}],"version-history":[{"count":8,"href":"https:\/\/www.sweethome3d.com\/es\/wp-json\/wp\/v2\/pages\/5888\/revisions"}],"predecessor-version":[{"id":13217,"href":"https:\/\/www.sweethome3d.com\/es\/wp-json\/wp\/v2\/pages\/5888\/revisions\/13217"}],"wp:featuredmedia":[{"embeddable":true,"href":"https:\/\/www.sweethome3d.com\/es\/wp-json\/wp\/v2\/media\/5887"}],"wp:attachment":[{"href":"https:\/\/www.sweethome3d.com\/es\/wp-json\/wp\/v2\/media?parent=5888"}],"curies":[{"name":"wp","href":"https:\/\/api.w.org\/{rel}","templated":true}]}}