{"id":3958,"date":"2025-09-19T09:07:08","date_gmt":"2025-09-19T09:07:08","guid":{"rendered":"https:\/\/www.sweethome3d.com\/aviso-legal\/"},"modified":"2025-12-03T11:41:34","modified_gmt":"2025-12-03T11:41:34","slug":"aviso-legal","status":"publish","type":"page","link":"https:\/\/www.sweethome3d.com\/es\/aviso-legal\/","title":{"rendered":"Aviso legal"},"content":{"rendered":"\n<p>El software <a href=\"https:\/\/www.sweethome3d.com\/es\/\">Sweet Home 3D<\/a> y el sitio web <a href=\"\/\">https:\/\/www.sweethome3d.com\/<\/a> est\u00e1n publicados por:<\/p>\n\n<blockquote class=\"wp-block-quote is-layout-flow wp-block-quote-is-layout-flow\">\n<p><a href=\"https:\/\/www.spacemushrooms.it\/\" target=\"_blank\" rel=\"noopener\">Space Mushrooms srl<\/a><br\/>Via Melzi d&#8217;Eril 29<br\/>20154, Mil\u00e1n<br\/>Italia<br\/>Correo electr\u00f3nico: <a href=\"mailto:info@sweethome3d.com\">info@sweethome3d.com<\/a><\/p>\n<\/blockquote>\n\n<p><a href=\"https:\/\/www.spacemushrooms.it\/\" target=\"_blank\" rel=\"noopener\">Space Mushrooms srl<\/a> es una empresa independiente fundada en 2021.<\/p>\n\n<p>Sweet Home 3D<sup>\u00ae<\/sup> es una marca registrada.<br\/>Los dem\u00e1s nombres comerciales mencionados en este sitio web son marcas comerciales o marcas registradas, propiedad de sus respectivos due\u00f1os.<\/p>\n\n<p><a href=\"https:\/\/www.sweethome3d.com\/\">sweethome3d.com<\/a>, <a href=\"https:\/\/www.sweethome3d.eu\/\" target=\"_blank\" rel=\"noopener\">sweethome3d.eu<\/a>, <a href=\"https:\/\/www.sweethome3d.online\/\" target=\"_blank\" rel=\"noopener\">sweethome3d.online<\/a> y <a href=\"https:\/\/www.sweethome2d.com\/\" target=\"_blank\" rel=\"noopener\">sweethome2d.com<\/a> est\u00e1n alojados por:<\/p>\n\n<blockquote class=\"wp-block-quote is-layout-flow wp-block-quote-is-layout-flow\">\n<p>OVH<br\/>140, quai du Sartel<br\/>59100 Roubaix<br\/>Francia<br\/>Tel.: +33 8 203 203 63<\/p>\n<\/blockquote>\n\n<p><\/p>\n","protected":false},"excerpt":{"rendered":"<p>El software Sweet Home 3D y el sitio web https:\/\/www.sweethome3d.com\/ est\u00e1n publicados por: Space Mushrooms srlVia Melzi d&#8217;Eril 2920154, Mil\u00e1nItaliaCorreo electr\u00f3nico: info@sweethome3d.com Space Mushrooms srl es una empresa independiente fundada en 2021. Sweet Home 3D\u00ae es una marca registrada.Los dem\u00e1s nombres comerciales mencionados en este sitio web son marcas comerciales o marcas registradas, propiedad de<a href=\"https:\/\/www.sweethome3d.com\/es\/aviso-legal\/\">Continue reading <span class=\"sr-only\">\u00abAviso legal\u00bb<\/span><\/a><\/p>\n","protected":false},"author":4,"featured_media":3957,"parent":0,"menu_order":0,"comment_status":"closed","ping_status":"closed","template":"page-resources.php","meta":{"inline_featured_image":false,"footnotes":""},"class_list":["post-3958","page","type-page","status-publish","has-post-thumbnail","hentry"],"_links":{"self":[{"href":"https:\/\/www.sweethome3d.com\/es\/wp-json\/wp\/v2\/pages\/3958","targetHints":{"allow":["GET"]}}],"collection":[{"href":"https:\/\/www.sweethome3d.com\/es\/wp-json\/wp\/v2\/pages"}],"about":[{"href":"https:\/\/www.sweethome3d.com\/es\/wp-json\/wp\/v2\/types\/page"}],"author":[{"embeddable":true,"href":"https:\/\/www.sweethome3d.com\/es\/wp-json\/wp\/v2\/users\/4"}],"replies":[{"embeddable":true,"href":"https:\/\/www.sweethome3d.com\/es\/wp-json\/wp\/v2\/comments?post=3958"}],"version-history":[{"count":1,"href":"https:\/\/www.sweethome3d.com\/es\/wp-json\/wp\/v2\/pages\/3958\/revisions"}],"predecessor-version":[{"id":3959,"href":"https:\/\/www.sweethome3d.com\/es\/wp-json\/wp\/v2\/pages\/3958\/revisions\/3959"}],"wp:featuredmedia":[{"embeddable":true,"href":"https:\/\/www.sweethome3d.com\/es\/wp-json\/wp\/v2\/media\/3957"}],"wp:attachment":[{"href":"https:\/\/www.sweethome3d.com\/es\/wp-json\/wp\/v2\/media?parent=3958"}],"curies":[{"name":"wp","href":"https:\/\/api.w.org\/{rel}","templated":true}]}}