{"id":2533,"date":"2025-09-18T11:00:31","date_gmt":"2025-09-18T11:00:31","guid":{"rendered":"https:\/\/www.sweethome3d.com\/online\/"},"modified":"2026-02-11T10:35:37","modified_gmt":"2026-02-11T10:35:37","slug":"online","status":"publish","type":"page","link":"https:\/\/www.sweethome3d.com\/es\/online\/","title":{"rendered":"Online"},"content":{"rendered":"\n<div class=\"wp-block-cover bg-blue-6 max-w-none\" style=\"min-height:700px;aspect-ratio:unset;\"><img decoding=\"async\" width=\"1024\" height=\"466\" class=\"wp-block-cover__image-background wp-image-3445 size-large lazyload\" alt=\"\" data-src=\"https:\/\/www.sweethome3d.com\/wp-content\/uploads\/2025\/11\/Blueprint-Style-Poster-1-1-1-1024x466.png\" data-object-fit=\"cover\" data-srcset=\"https:\/\/www.sweethome3d.com\/wp-content\/uploads\/2025\/11\/Blueprint-Style-Poster-1-1-1-1024x466.png 1024w, https:\/\/www.sweethome3d.com\/wp-content\/uploads\/2025\/11\/Blueprint-Style-Poster-1-1-1-300x137.png 300w, https:\/\/www.sweethome3d.com\/wp-content\/uploads\/2025\/11\/Blueprint-Style-Poster-1-1-1-198x90.png 198w, https:\/\/www.sweethome3d.com\/wp-content\/uploads\/2025\/11\/Blueprint-Style-Poster-1-1-1-768x350.png 768w, https:\/\/www.sweethome3d.com\/wp-content\/uploads\/2025\/11\/Blueprint-Style-Poster-1-1-1-1536x699.png 1536w, https:\/\/www.sweethome3d.com\/wp-content\/uploads\/2025\/11\/Blueprint-Style-Poster-1-1-1.png 2048w\" data-sizes=\"(max-width: 1024px) 100vw, 1024px\" src=\"data:image\/svg+xml;base64,PHN2ZyB3aWR0aD0iMSIgaGVpZ2h0PSIxIiB4bWxucz0iaHR0cDovL3d3dy53My5vcmcvMjAwMC9zdmciPjwvc3ZnPg==\" style=\"--smush-placeholder-width: 1024px; --smush-placeholder-aspect-ratio: 1024\/466;\" \/><span aria-hidden=\"true\" class=\"wp-block-cover__background has-background-dim-0 has-background-dim\" style=\"background-color:#564e47\"><\/span><div class=\"wp-block-cover__inner-container is-layout-flow wp-block-cover-is-layout-flow\">\n<div style=\"height:64px\" aria-hidden=\"true\" class=\"wp-block-spacer\"><\/div>\n\n\n\n<div class=\"wp-block-group  max-w-3xl mx-auto is-vertical is-content-justification-center is-layout-flex wp-container-core-group-is-layout-4b2eccd6 wp-block-group-is-layout-flex\">\n<div class=\"wp-block-group is-nowrap is-layout-flex wp-container-core-group-is-layout-ad2f72ca wp-block-group-is-layout-flex\">\n<h1 class=\"wp-block-heading has-text-align-center font-sf-pro\"><img decoding=\"async\" width=\"42\" height=\"48\" class=\"wp-image-930 lazyload\" style=\"--smush-placeholder-width: 42px; --smush-placeholder-aspect-ratio: 42\/48;width: 42px;\" data-src=\"https:\/\/www.sweethome3d.com\/wp-content\/uploads\/2025\/11\/image-7.png\" alt=\"\" src=\"data:image\/svg+xml;base64,PHN2ZyB3aWR0aD0iMSIgaGVpZ2h0PSIxIiB4bWxucz0iaHR0cDovL3d3dy53My5vcmcvMjAwMC9zdmciPjwvc3ZnPg==\" \/> Sweet Home 3D Online Manager<\/h1>\n<\/div>\n\n\n\n<div style=\"height:60px\" aria-hidden=\"true\" class=\"wp-block-spacer wp-container-content-1ac3d91d\"><\/div>\n\n\n\n<p class=\"has-text-align-center font-sf-pro has-3-xl-font-size\" style=\"font-style:normal;font-weight:500\">Dise\u00f1e el plano de su casa desde su navegador<\/p>\n\n\n\n<div style=\"height:60px\" aria-hidden=\"true\" class=\"wp-block-spacer wp-container-content-1ac3d91d\"><\/div>\n\n\n\n<div class=\"wp-block-buttons is-layout-flex wp-block-buttons-is-layout-flex\">\n<div class=\"wp-block-button\" data-action=\"wce_online_testonline_hyperlink\"><a class=\"wp-block-button__link has-blue-pure-background-color has-background wp-element-button\" href=\"\/SweetHome3DJSOnline.jsp\" style=\"font-style:normal;font-weight:500\">Pruebe ahora la versi\u00f3n demo <img decoding=\"async\" width=\"24\" height=\"24\" class=\"wp-image-681 lazyload\" style=\"--smush-placeholder-width: 24px; --smush-placeholder-aspect-ratio: 24\/24;width: 24px;\" data-src=\"https:\/\/www.sweethome3d.com\/wp-content\/uploads\/2025\/10\/arrow.png\" alt=\"\" src=\"data:image\/svg+xml;base64,PHN2ZyB3aWR0aD0iMSIgaGVpZ2h0PSIxIiB4bWxucz0iaHR0cDovL3d3dy53My5vcmcvMjAwMC9zdmciPjwvc3ZnPg==\" \/><\/a><\/div>\n<\/div>\n<\/div>\n<\/div><\/div>\n\n<div style=\"height:100px\" aria-hidden=\"true\" class=\"wp-block-spacer\"><\/div>\n\n<div class=\"wp-block-group alignwide gap-section is-layout-grid wp-container-core-group-is-layout-a2ecc09a wp-block-group-is-layout-grid\">\n<figure class=\"wp-block-video rounded-2xl overflow-hidden wp-container-content-ca36d4c3\"><video height=\"1332\" style=\"aspect-ratio: 1332 \/ 1332;\" width=\"1332\" autoplay=\"\" loop=\"\" muted=\"\" poster=\"https:\/\/www.sweethome3d.com\/wp-content\/uploads\/2025\/11\/Frame-265-1.png\" src=\"https:\/\/www.sweethome3d.com\/wp-content\/uploads\/2025\/11\/video-3.mp4\" playsinline=\"\"><\/video><\/figure>\n\n\n\n<div class=\"wp-block-group wp-container-content-ca36d4c3 is-vertical is-content-justification-left is-layout-flex wp-container-core-group-is-layout-0d4b66b7 wp-block-group-is-layout-flex\">\n<h2 class=\"wp-block-heading font-sf-pro wp-container-content-e29552f7\" style=\"font-style:normal;font-weight:600\">Prueba Sweet Home 3D JS Online como versi\u00f3n demo<\/h2>\n\n\n\n<p>El Administrador online de <a href=\"https:\/\/www.sweethome3d.com\/es\/\">Sweet Home 3D<\/a> es un potente servicio de dise\u00f1o de interiores que le permite dise\u00f1ar el plano de su casa online directamente desde su navegador, sin necesidad de instalaci\u00f3n. La versi\u00f3n online ofrece la posibilidad de probar Sweet Home 3D antes de descargarlo. <\/p>\n\n\n\n<div style=\"height:0px;width:0px\" aria-hidden=\"true\" class=\"wp-block-spacer wp-container-content-1ac3d91d\"><\/div>\n\n\n\n<div class=\"wp-block-buttons is-layout-flex wp-block-buttons-is-layout-flex\">\n<div class=\"wp-block-button\" data-action=\"wce_online_testonline_hyperlink\"><a class=\"wp-block-button__link has-blue-pure-background-color has-background wp-element-button\" href=\"\/SweetHome3DJSOnline.jsp\" style=\"font-style:normal;font-weight:500\">Prueba Sweet Home 3D JS Online como versi\u00f3n demo <img decoding=\"async\" width=\"24\" height=\"24\" class=\"wp-image-681 lazyload\" style=\"--smush-placeholder-width: 24px; --smush-placeholder-aspect-ratio: 24\/24;width: 24px;\" data-src=\"https:\/\/www.sweethome3d.com\/wp-content\/uploads\/2025\/10\/arrow.png\" alt=\"\" src=\"data:image\/svg+xml;base64,PHN2ZyB3aWR0aD0iMSIgaGVpZ2h0PSIxIiB4bWxucz0iaHR0cDovL3d3dy53My5vcmcvMjAwMC9zdmciPjwvc3ZnPg==\" \/><\/a><\/div>\n<\/div>\n\n\n\n<div style=\"height:0px;width:0px\" aria-hidden=\"true\" class=\"wp-block-spacer wp-container-content-1ac3d91d\"><\/div>\n\n\n\n<p id=\"online-p-download\">Si utiliza la versi\u00f3n de Sweet Home 3D disponible para <a href=\"https:\/\/www.sweethome3d.com\/es\/descarga\/\">descargar<\/a>, tambi\u00e9n puede <a href=\"https:\/\/www.sweethome3d.com\/es\/guia-del-usuario-de-sweet-home-3d\/#importing-home-blueprint\">importar<\/a> el archivo de la casa que dise\u00f1\u00f3, <a href=\"https:\/\/www.sweethome3d.com\/es\/guia-del-usuario-de-sweet-home-3d\/#editing-3d-view\">verlo en 2D \/ 3D<\/a>, modificarlo y <a href=\"https:\/\/www.sweethome3d.com\/es\/guia-del-usuario-de-sweet-home-3d\/#export-to-obj-format\">exportarlo<\/a> con esta herramienta, lo que la convierte en un pr\u00e1ctico generador de planos de planta y software de dibujo de interiores.<br\/><br\/><a href=\"#download\">Descargue la versi\u00f3n completa<\/a> para acceder a m\u00e1s de 10 000 <a href=\"https:\/\/www.sweethome3d.com\/es\/importar-modelos-3d\/\">modelos 3D<\/a>, 400 <a href=\"https:\/\/www.sweethome3d.com\/es\/importacion-de-texturas\/\">texturas<\/a> y la capacidad de agregar funcionalidades \u00fanicas para una <a href=\"https:\/\/www.sweethome3d.com\/es\/guia-del-usuario-de-sweet-home-3d\/#starting-a-new-home\">experiencia de dise\u00f1o<\/a> verdaderamente personalizada.<\/p>\n\n\n\n<div style=\"height:0px;width:0px\" aria-hidden=\"true\" class=\"wp-block-spacer wp-container-content-1ac3d91d\"><\/div>\n\n\n\n<div class=\"wp-block-buttons is-layout-flex wp-block-buttons-is-layout-flex\">\n<div class=\"wp-block-button font-inter\" data-append-os=\"true\" data-action=\"wce_online_download_direct\"><a class=\"wp-block-button__link has-white-color has-blue-pure-background-color has-text-color has-background has-link-color has-lg-font-size has-custom-font-size wp-element-button\" href=\"#download\" style=\"font-style:normal;font-weight:600\"><img decoding=\"async\" width=\"20\" height=\"20\" class=\"wp-image-641 lazyload\" style=\"--smush-placeholder-width: 20px; --smush-placeholder-aspect-ratio: 20\/20;width: 20px;\" data-src=\"https:\/\/www.sweethome3d.com\/wp-content\/uploads\/2025\/10\/Download.png\" alt=\"\" src=\"data:image\/svg+xml;base64,PHN2ZyB3aWR0aD0iMSIgaGVpZ2h0PSIxIiB4bWxucz0iaHR0cDovL3d3dy53My5vcmcvMjAwMC9zdmciPjwvc3ZnPg==\" \/> Descarga Sweet Home 3D<\/a><\/div>\n<\/div>\n<\/div>\n<\/div>\n\n<div style=\"height:100px\" aria-hidden=\"true\" class=\"wp-block-spacer\"><\/div>\n\n<div class=\"wp-block-group alignwide gap-section is-layout-grid wp-container-core-group-is-layout-a2ecc09a wp-block-group-is-layout-grid\">\n<div class=\"wp-block-group wp-container-content-ca36d4c3 is-vertical is-content-justification-left is-layout-flex wp-container-core-group-is-layout-0d4b66b7 wp-block-group-is-layout-flex\">\n<h2 class=\"wp-block-heading font-sf-pro wp-container-content-e29552f7\" style=\"font-style:normal;font-weight:600\">C\u00f3mo usar Sweet Home 3D JS online<\/h2>\n\n\n\n<p>El Administrador online de Sweet Home 3D es un servicio que le permite dise\u00f1ar los dise\u00f1os de su casa online con cualquier navegador compatible con <a href=\"https:\/\/caniuse.com\/webgl\" target=\"_blank\" rel=\"noopener\">WebGL<\/a>.<\/p>\n\n\n\n<p>Puede probar este servicio haciendo clic en el enlace de abajo, pero si quiere poder guardar su dise\u00f1o, primero <a href=\"\/support\/forum\/registermember\">reg\u00edstrese<\/a> gratis y luego <a href=\"\/support\/forum\/login?url=https%3A%2F%2Fwww.sweethome3d.com%2FSweetHome3DOnlineManager.jsp&amp;forumLogin=false&amp;lang=en\">inicie sesi\u00f3n<\/a>.<\/p>\n<\/div>\n\n\n\n<figure class=\"wp-block-video rounded-2xl overflow-hidden wp-container-content-ca36d4c3\"><video height=\"1332\" style=\"aspect-ratio: 1332 \/ 1332;\" width=\"1332\" autoplay=\"\" loop=\"\" muted=\"\" poster=\"https:\/\/www.sweethome3d.com\/wp-content\/uploads\/2025\/11\/Frame-266.png\" src=\"https:\/\/www.sweethome3d.com\/wp-content\/uploads\/2025\/11\/video-1-2.mp4\" playsinline=\"\"><\/video><\/figure>\n<\/div>\n","protected":false},"excerpt":{"rendered":"<p>Prueba Sweet Home 3D JS Online como versi\u00f3n demo El Administrador online de Sweet Home 3D es un potente servicio de dise\u00f1o de interiores que le permite dise\u00f1ar el plano de su casa online directamente desde su navegador, sin necesidad de instalaci\u00f3n. La versi\u00f3n online ofrece la posibilidad de probar Sweet Home 3D antes de<a href=\"https:\/\/www.sweethome3d.com\/es\/online\/\">Continue reading <span class=\"sr-only\">\u00abOnline\u00bb<\/span><\/a><\/p>\n","protected":false},"author":4,"featured_media":2532,"parent":0,"menu_order":0,"comment_status":"closed","ping_status":"closed","template":"page-online.php","meta":{"inline_featured_image":false,"footnotes":""},"class_list":["post-2533","page","type-page","status-publish","has-post-thumbnail","hentry"],"_links":{"self":[{"href":"https:\/\/www.sweethome3d.com\/es\/wp-json\/wp\/v2\/pages\/2533","targetHints":{"allow":["GET"]}}],"collection":[{"href":"https:\/\/www.sweethome3d.com\/es\/wp-json\/wp\/v2\/pages"}],"about":[{"href":"https:\/\/www.sweethome3d.com\/es\/wp-json\/wp\/v2\/types\/page"}],"author":[{"embeddable":true,"href":"https:\/\/www.sweethome3d.com\/es\/wp-json\/wp\/v2\/users\/4"}],"replies":[{"embeddable":true,"href":"https:\/\/www.sweethome3d.com\/es\/wp-json\/wp\/v2\/comments?post=2533"}],"version-history":[{"count":12,"href":"https:\/\/www.sweethome3d.com\/es\/wp-json\/wp\/v2\/pages\/2533\/revisions"}],"predecessor-version":[{"id":26864,"href":"https:\/\/www.sweethome3d.com\/es\/wp-json\/wp\/v2\/pages\/2533\/revisions\/26864"}],"wp:featuredmedia":[{"embeddable":true,"href":"https:\/\/www.sweethome3d.com\/es\/wp-json\/wp\/v2\/media\/2532"}],"wp:attachment":[{"href":"https:\/\/www.sweethome3d.com\/es\/wp-json\/wp\/v2\/media?parent=2533"}],"curies":[{"name":"wp","href":"https:\/\/api.w.org\/{rel}","templated":true}]}}