{"id":7246,"date":"2025-11-11T14:18:00","date_gmt":"2025-11-11T14:18:00","guid":{"rendered":"https:\/\/www.sweethome3d.com\/spenden\/"},"modified":"2026-02-10T14:03:14","modified_gmt":"2026-02-10T14:03:14","slug":"spenden","status":"publish","type":"page","link":"https:\/\/www.sweethome3d.com\/de\/spenden\/","title":{"rendered":"Spenden"},"content":{"rendered":"\n<div class=\"wp-block-group is-vertical is-layout-flex wp-container-core-group-is-layout-8cf370e7 wp-block-group-is-layout-flex\">\n<p class=\"has-text-align-left\"><a href=\"\/\">Sweet Home 3D<\/a> hat Ihnen erfolgreich bei Ihrem Projekt geholfen?<br\/>Ihnen gef\u00e4llt der Support, der von dieser Website angeboten wird?<br\/>Sie sch\u00e4tzen die fehlenden Anzeigen auf dieser Seite?<\/p>\n\n\n\n<p class=\"has-text-align-left\">Dann\u2026 z\u00f6gern Sie nicht l\u00e4nger! Helfen Sie <a href=\"https:\/\/www.sweethome3d.com\/de\/download\/\">Sweet Home 3D<\/a> und spenden Sie f\u00fcr dieses Projekt.<br\/>Es wird sehr gesch\u00e4tzt. <\/p>\n\n\n\n<p class=\"has-text-align-left\">Sie m\u00fcssen nur den Betrag Ihrer Spende unten eingeben<br\/>und auf die Schaltfl\u00e4che <em>Spenden<\/em> Paypal klicken.<\/p>\n\n\n\n<div style=\"height:25px;width:0px\" aria-hidden=\"true\" class=\"wp-block-spacer wp-container-content-c00f5982\"><\/div>\n\n\n\n<p class=\"has-text-align-left\">\n\t<div id=\"donate-button-container\" style=\"text-align:center; margin:0 auto;\">\n\t\t<div id=\"donate-button\" data-action=\"wce_donate\"><\/div>\n\t\t<script src=\"https:\/\/www.paypalobjects.com\/donate\/sdk\/donate-sdk.js\" charset=\"UTF-8\"><\/script>\n\t\t<script>\n\t\t\tPayPal.Donation.Button({\n\t\t\t\tenv: 'production',\n\t\t\t\thosted_button_id: 'Q2F4V9B6WMY7N',\n\t\t\t}).render('#donate-button');\n\t\t<\/script>\n\t<\/div>\n\n\t<\/p>\n<\/div>\n","protected":false},"excerpt":{"rendered":"<p>Sweet Home 3D hat Ihnen erfolgreich bei Ihrem Projekt geholfen?Ihnen gef\u00e4llt der Support, der von dieser Website angeboten wird?Sie sch\u00e4tzen die fehlenden Anzeigen auf dieser Seite? Dann\u2026 z\u00f6gern Sie nicht l\u00e4nger! Helfen Sie Sweet Home 3D und spenden Sie f\u00fcr dieses Projekt.Es wird sehr gesch\u00e4tzt. Sie m\u00fcssen nur den Betrag Ihrer Spende unten eingebenund auf<a href=\"https:\/\/www.sweethome3d.com\/de\/spenden\/\">Continue reading <span class=\"sr-only\">&#8222;Spenden&#8220;<\/span><\/a><\/p>\n","protected":false},"author":2,"featured_media":7242,"parent":0,"menu_order":0,"comment_status":"closed","ping_status":"closed","template":"page-resources.php","meta":{"inline_featured_image":false,"footnotes":""},"class_list":["post-7246","page","type-page","status-publish","has-post-thumbnail","hentry"],"_links":{"self":[{"href":"https:\/\/www.sweethome3d.com\/de\/wp-json\/wp\/v2\/pages\/7246","targetHints":{"allow":["GET"]}}],"collection":[{"href":"https:\/\/www.sweethome3d.com\/de\/wp-json\/wp\/v2\/pages"}],"about":[{"href":"https:\/\/www.sweethome3d.com\/de\/wp-json\/wp\/v2\/types\/page"}],"author":[{"embeddable":true,"href":"https:\/\/www.sweethome3d.com\/de\/wp-json\/wp\/v2\/users\/2"}],"replies":[{"embeddable":true,"href":"https:\/\/www.sweethome3d.com\/de\/wp-json\/wp\/v2\/comments?post=7246"}],"version-history":[{"count":1,"href":"https:\/\/www.sweethome3d.com\/de\/wp-json\/wp\/v2\/pages\/7246\/revisions"}],"predecessor-version":[{"id":7248,"href":"https:\/\/www.sweethome3d.com\/de\/wp-json\/wp\/v2\/pages\/7246\/revisions\/7248"}],"wp:featuredmedia":[{"embeddable":true,"href":"https:\/\/www.sweethome3d.com\/de\/wp-json\/wp\/v2\/media\/7242"}],"wp:attachment":[{"href":"https:\/\/www.sweethome3d.com\/de\/wp-json\/wp\/v2\/media?parent=7246"}],"curies":[{"name":"wp","href":"https:\/\/api.w.org\/{rel}","templated":true}]}}