{"id":5745,"date":"2025-09-18T11:52:32","date_gmt":"2025-09-18T11:52:32","guid":{"rendered":"https:\/\/www.sweethome3d.com\/dokumentation\/"},"modified":"2025-12-15T13:51:28","modified_gmt":"2025-12-15T13:51:28","slug":"dokumentation","status":"publish","type":"page","link":"https:\/\/www.sweethome3d.com\/de\/dokumentation\/","title":{"rendered":"Dokumentation"},"content":{"rendered":"<ul class=\"simpletoc-list\">\n<li><a href=\"#benutzerhandbuecher\">Benutzerhandb\u00fccher<\/a>\n\n<\/li>\n<li><a href=\"#videotutorials\">Video-Tutorials<\/a>\n\n\n<\/li>\n\n<\/li>\n\n<\/li>\n\n<\/li>\n\n<li><a href=\"#entwicklerhandbuecher\">Entwicklerhandb\u00fccher<\/a>\n\n<\/li>\n<li><a href=\"#rezensionen-und-auszeichnungen\">Rezensionen und Auszeichnungen<\/a>\n<\/li><\/ul>\n\n\n<p class=\"has-text-align-center\">Diese Seite beschreibt die aktuell verf\u00fcgbaren Dokumentationen f\u00fcr <a href=\"\/\">Sweet Home 3D<\/a>.<\/p>\n\n\n<h2 class=\"wp-block-heading\" id=\"benutzerhandbuecher\"><img loading=\"lazy\" decoding=\"async\" width=\"16\" height=\"12\" src=\"https:\/\/www.sweethome3d.com\/images\/bullet.gif\">Benutzerhandb\u00fccher<\/h2>\n\n\n<p>Das Benutzerhandbuch f\u00fcr <a href=\"https:\/\/www.sweethome3d.com\/de\/herunterladen\/\" data-type=\"page\" data-id=\"396\">Sweet Home 3D<\/a> ist auf <a href=\"https:\/\/www.sweethome3d.com\/de\/sweet-home-3d-benutzerhandbuch\/\" data-type=\"page\" data-id=\"424\">dieser Seite<\/a> verf\u00fcgbar, und die Liste seiner Tastenkombinationen in <a href=\"\/storage\/SweetHome3DShortcuts.pdf\">diesem Dokument<\/a> (PDF).<\/p>\n\n\n\n<p><a href=\"https:\/\/www.sweethome3d.com\/de\/herunterladen\/\" data-type=\"page\" data-id=\"396\">Sweet Home 3D<\/a> bietet au\u00dferdem eine regelm\u00e4\u00dfig aktualisierte <a href=\"https:\/\/www.sweethome3d.com\/de\/faq\/\" data-type=\"page\" data-id=\"422\">FAQ<\/a> und eine vollst\u00e4ndige Hilfe, die \u00fcber den Men\u00fcpunkt <em>Hilfe &gt; Sweet Home 3D Hilfe<\/em> zug\u00e4nglich ist.<\/p>\n\n\n\n<div class=\"wp-block-group is-nowrap is-layout-flex wp-container-core-group-is-layout-ad2f72ca wp-block-group-is-layout-flex\">\n<figure class=\"wp-block-image size-full\"><img loading=\"lazy\" decoding=\"async\" width=\"381\" height=\"284\" src=\"https:\/\/www.sweethome3d.com\/wp-content\/uploads\/2025\/10\/SweetHome3DHelp.png\" alt=\"Sweet Home 3D Dokumentationshilfe \" class=\"wp-image-4791\" srcset=\"https:\/\/www.sweethome3d.com\/wp-content\/uploads\/2025\/10\/SweetHome3DHelp.png 381w, https:\/\/www.sweethome3d.com\/wp-content\/uploads\/2025\/10\/SweetHome3DHelp-360x268.png 360w, https:\/\/www.sweethome3d.com\/wp-content\/uploads\/2025\/10\/SweetHome3DHelp-174x130.png 174w\" sizes=\"auto, (max-width: 381px) 100vw, 381px\" \/><\/figure>\n<\/div>\n\n\n\n<p>Sie k\u00f6nnen auch die folgenden Anleitungen lesen, die von Mitwirkenden verfasst wurden:<\/p>\n\n\n\n<ul class=\"wp-block-list\">\n<li><a href=\"https:\/\/www.sweethome3d.com\/wp-content\/uploads\/2025\/10\/personalizedTexturesGuide.pdf\" data-type=\"attachment\" data-id=\"4801\">Wie man personalisierte Texturen f\u00fcr Sweet Home 3D erstellt<\/a> (PDF) von Ouais, \u00fcbersetzt von Hans Dirkse<\/li>\n\n\n\n<li><a href=\"https:\/\/www.sweethome3d.com\/wp-content\/uploads\/2025\/10\/multiLevelHouseGuide.pdf\" data-type=\"attachment\" data-id=\"4800\">Wie man ein mehrst\u00f6ckiges Haus mit Sweet Home 3D 3.3 oder fr\u00fcheren Versionen erstellt<\/a> (PDF) von Hans Dirkse<\/li>\n\n\n\n<li><a href=\"https:\/\/www.sweethome3d.com\/wp-content\/uploads\/2025\/10\/pluginsUserGuide.pdf\" data-type=\"attachment\" data-id=\"4799\">Tutorial f\u00fcr Plug-ins und Erweiterungen<\/a> (PDF) von Hans Dirkse<\/li>\n\n\n\n<li><a href=\"https:\/\/www.sweethome3d.com\/wp-content\/uploads\/2025\/10\/slopingCeilingGuide.pdf\" data-type=\"attachment\" data-id=\"4798\">Tutorial f\u00fcr schr\u00e4ge Decken, D\u00e4cher, Dachgauben und mehr<\/a> (PDF) von Hans Dirkse<\/li>\n\n\n\n<li><a href=\"https:\/\/www.sweethome3d.com\/wp-content\/uploads\/2025\/10\/SVGPathMiniManualForSweetHome3D.pdf\" data-type=\"attachment\" data-id=\"4797\">Anleitung f\u00fcr SVG-Pfad-Ausschnitte und andere M\u00f6bel-Eigenschaften<\/a> (PDF) von OKH<\/li>\n\n\n\n<li><a href=\"https:\/\/www.sweethome3d.com\/de\/tipps-und-tricks\/\" data-type=\"page\" data-id=\"426\">Einige Tipps im Sweet Home 3D-Blog<\/a><\/li>\n<\/ul>\n\n\n<h2 class=\"wp-block-heading\" id=\"videotutorials\"><img loading=\"lazy\" decoding=\"async\" width=\"16\" height=\"12\" src=\"https:\/\/www.sweethome3d.com\/images\/bullet.gif\">Video-Tutorials<\/h2>\n\n\n<p>Sehen Sie sich die folgenden Video-Tutorials an, um zu erfahren, wie Sie die grundlegenden Funktionen von Sweet Home 3D auf Computern und Mobilger\u00e4ten nutzen k\u00f6nnen.<\/p>\n\n\n<h3 class=\"wp-block-heading\" id=\"pflanzen-und-ebenen-zeichnen\">Pflanzen und Ebenen zeichnen<\/h3>\n\n\n<div class=\"wp-block-group is-layout-grid wp-container-core-group-is-layout-da7a6a80 wp-block-group-is-layout-grid\">\n<figure class=\"wp-block-embed is-type-video is-provider-youtube wp-block-embed-youtube wp-embed-aspect-16-9 wp-has-aspect-ratio embed-responsive\"><div class=\"wp-block-embed__wrapper\">\n<iframe loading=\"lazy\" title=\"Sweet Home 3D Tutorial: Layer Control Walkthrough\" width=\"500\" height=\"281\" src=\"https:\/\/www.youtube.com\/embed\/7c5OMgbHFUs?feature=oembed\" frameborder=\"0\" allow=\"accelerometer; autoplay; clipboard-write; encrypted-media; gyroscope; picture-in-picture; web-share\" referrerpolicy=\"strict-origin-when-cross-origin\" allowfullscreen><\/iframe>\n<\/div><\/figure>\n\n\n\n<figure class=\"wp-block-embed is-type-video is-provider-youtube wp-block-embed-youtube wp-embed-aspect-16-9 wp-has-aspect-ratio embed-responsive\"><div class=\"wp-block-embed__wrapper\">\n<iframe loading=\"lazy\" title=\"Sweet Home 3D Tutorial - 1 Minute to create a balcony\" width=\"500\" height=\"281\" src=\"https:\/\/www.youtube.com\/embed\/dByMK7ezL7U?feature=oembed\" frameborder=\"0\" allow=\"accelerometer; autoplay; clipboard-write; encrypted-media; gyroscope; picture-in-picture; web-share\" referrerpolicy=\"strict-origin-when-cross-origin\" allowfullscreen><\/iframe>\n<\/div><\/figure>\n<\/div>\n\n\n<h3 class=\"wp-block-heading\" id=\"moebel-einfuegen-und-anpassen\">M\u00f6bel einf\u00fcgen und anpassen<\/h3>\n\n\n<div class=\"wp-block-group is-layout-grid wp-container-core-group-is-layout-da7a6a80 wp-block-group-is-layout-grid\">\n<figure class=\"wp-block-embed is-type-video is-provider-youtube wp-block-embed-youtube embed-responsive wp-embed-aspect-16-9 wp-has-aspect-ratio\"><div class=\"wp-block-embed__wrapper\">\n<iframe loading=\"lazy\" title=\"Sweet Home 3D Tutorial - How to customize furniture\" width=\"500\" height=\"281\" src=\"https:\/\/www.youtube.com\/embed\/5Ni5zE4q5kk?feature=oembed\" frameborder=\"0\" allow=\"accelerometer; autoplay; clipboard-write; encrypted-media; gyroscope; picture-in-picture; web-share\" referrerpolicy=\"strict-origin-when-cross-origin\" allowfullscreen><\/iframe>\n<\/div><\/figure>\n\n\n\n<figure class=\"wp-block-embed is-type-video is-provider-youtube wp-block-embed-youtube embed-responsive wp-embed-aspect-16-9 wp-has-aspect-ratio\"><div class=\"wp-block-embed__wrapper\">\n<iframe loading=\"lazy\" title=\"Sweet Home 3D Tutorial - How to create new furniture\" width=\"500\" height=\"281\" src=\"https:\/\/www.youtube.com\/embed\/4zEG8dqNy6w?feature=oembed\" frameborder=\"0\" allow=\"accelerometer; autoplay; clipboard-write; encrypted-media; gyroscope; picture-in-picture; web-share\" referrerpolicy=\"strict-origin-when-cross-origin\" allowfullscreen><\/iframe>\n<\/div><\/figure>\n\n\n\n<figure class=\"wp-block-embed is-type-video is-provider-youtube wp-block-embed-youtube embed-responsive wp-embed-aspect-16-9 wp-has-aspect-ratio\"><div class=\"wp-block-embed__wrapper\">\n<iframe loading=\"lazy\" title=\"Sweet Home 3D Tutorial - How to combine models together\" width=\"500\" height=\"281\" src=\"https:\/\/www.youtube.com\/embed\/sljp8C4WwGA?feature=oembed\" frameborder=\"0\" allow=\"accelerometer; autoplay; clipboard-write; encrypted-media; gyroscope; picture-in-picture; web-share\" referrerpolicy=\"strict-origin-when-cross-origin\" allowfullscreen><\/iframe>\n<\/div><\/figure>\n\n\n\n<figure class=\"wp-block-embed is-type-video is-provider-youtube wp-block-embed-youtube embed-responsive wp-embed-aspect-16-9 wp-has-aspect-ratio\"><div class=\"wp-block-embed__wrapper\">\n<iframe loading=\"lazy\" title=\"Sweet Home 3D Tutorial - 1 Minute to create a mirror effect\" width=\"500\" height=\"281\" src=\"https:\/\/www.youtube.com\/embed\/_Lilr9r9JvU?feature=oembed\" frameborder=\"0\" allow=\"accelerometer; autoplay; clipboard-write; encrypted-media; gyroscope; picture-in-picture; web-share\" referrerpolicy=\"strict-origin-when-cross-origin\" allowfullscreen><\/iframe>\n<\/div><\/figure>\n<\/div>\n\n\n<h3 class=\"wp-block-heading\" id=\"foto-und-videorendering\">Foto- und Video-Rendering<\/h3>\n\n\n<div class=\"wp-block-group is-layout-grid wp-container-core-group-is-layout-da7a6a80 wp-block-group-is-layout-grid\">\n<figure class=\"wp-block-embed is-type-video is-provider-youtube wp-block-embed-youtube embed-responsive wp-embed-aspect-16-9 wp-has-aspect-ratio\"><div class=\"wp-block-embed__wrapper\">\n<iframe loading=\"lazy\" title=\"Sweet Home 3D Tutorial - How to create a video rendering\" width=\"500\" height=\"281\" src=\"https:\/\/www.youtube.com\/embed\/W_ExaiIvSHU?feature=oembed\" frameborder=\"0\" allow=\"accelerometer; autoplay; clipboard-write; encrypted-media; gyroscope; picture-in-picture; web-share\" referrerpolicy=\"strict-origin-when-cross-origin\" allowfullscreen><\/iframe>\n<\/div><\/figure>\n\n\n\n<figure class=\"wp-block-embed is-type-video is-provider-youtube wp-block-embed-youtube embed-responsive wp-embed-aspect-16-9 wp-has-aspect-ratio\"><div class=\"wp-block-embed__wrapper\">\n<iframe loading=\"lazy\" title=\"Sweet Home 3D - House with terrace video tour\" width=\"500\" height=\"281\" src=\"https:\/\/www.youtube.com\/embed\/wTnmSzyTvIs?feature=oembed\" frameborder=\"0\" allow=\"accelerometer; autoplay; clipboard-write; encrypted-media; gyroscope; picture-in-picture; web-share\" referrerpolicy=\"strict-origin-when-cross-origin\" allowfullscreen><\/iframe>\n<\/div><\/figure>\n<\/div>\n\n\n<h3 class=\"wp-block-heading\" id=\"3dansicht\">3D-Ansicht<\/h3>\n\n\n<div class=\"wp-block-group is-layout-grid wp-container-core-group-is-layout-da7a6a80 wp-block-group-is-layout-grid\">\n<figure class=\"wp-block-embed is-type-video is-provider-youtube wp-block-embed-youtube embed-responsive wp-embed-aspect-16-9 wp-has-aspect-ratio\"><div class=\"wp-block-embed__wrapper\">\n<iframe loading=\"lazy\" title=\"Sweet Home 3D Tutorial - 1 Minute to create a side view with dimensions\" width=\"500\" height=\"281\" src=\"https:\/\/www.youtube.com\/embed\/72Lz6qGNtr0?feature=oembed\" frameborder=\"0\" allow=\"accelerometer; autoplay; clipboard-write; encrypted-media; gyroscope; picture-in-picture; web-share\" referrerpolicy=\"strict-origin-when-cross-origin\" allowfullscreen><\/iframe>\n<\/div><\/figure>\n<\/div>\n\n\n<h3 class=\"wp-block-heading\" id=\"sweet-home-3d-mobile\">Sweet Home 3D Mobile<\/h3>\n\n\n<div class=\"wp-block-group is-layout-grid wp-container-core-group-is-layout-da7a6a80 wp-block-group-is-layout-grid\">\n<figure class=\"wp-block-embed is-type-video is-provider-youtube wp-block-embed-youtube embed-responsive wp-embed-aspect-16-9 wp-has-aspect-ratio\"><div class=\"wp-block-embed__wrapper\">\n<iframe loading=\"lazy\" title=\"Sweet Home 3D Tutorial for mobile version\" width=\"500\" height=\"281\" src=\"https:\/\/www.youtube.com\/embed\/kXd1S2xpaQk?feature=oembed\" frameborder=\"0\" allow=\"accelerometer; autoplay; clipboard-write; encrypted-media; gyroscope; picture-in-picture; web-share\" referrerpolicy=\"strict-origin-when-cross-origin\" allowfullscreen><\/iframe>\n<\/div><\/figure>\n<\/div>\n\n\n\n<p>Besuchen Sie auch den <a href=\"https:\/\/www.youtube.com\/SweetHome3D\" target=\"_blank\" rel=\"noopener\">Sweet Home 3D YouTube-Kanal<\/a> f\u00fcr weitere Tutorials und lesen Sie den Artikel im Blog \u00fcber die <a href=\"\/blog\/2016\/11\/29\/best_video_tutorials_about_sweet_home_3d.html\">besten Video-Tutorials<\/a>.<\/p>\n\n\n<h2 class=\"wp-block-heading\" id=\"entwicklerhandbuecher\">Entwicklerhandb\u00fccher<\/h2>\n\n\n<p>Wenn Sie ein <a href=\"https:\/\/www.sweethome3d.com\/de\/plugins-und-tools\/\" data-type=\"page\" data-id=\"437\">Plug-in<\/a> f\u00fcr <a href=\"https:\/\/www.sweethome3d.com\/de\/herunterladen\/\" data-type=\"page\" data-id=\"396\">Sweet Home 3D<\/a> programmieren m\u00f6chten, lesen Sie zuerst das <a href=\"https:\/\/www.sweethome3d.com\/de\/plug-in-entwicklerhandbuch\/\" data-type=\"page\" data-id=\"4964\">Plug-in-Entwicklerhandbuch<\/a>.<\/p>\n\n\n\n<p>Wenn Sie Informationen \u00fcber die Architektur von <a href=\"https:\/\/www.sweethome3d.com\/de\/herunterladen\/\" data-type=\"page\" data-id=\"396\">Sweet Home 3D<\/a> suchen, k\u00f6nnen Sie Folgendes lesen:<\/p>\n\n\n\n<ul class=\"wp-block-list\">\n<li>seine mit Javadoc generierte API, verf\u00fcgbar <a href=\"\/javadoc\/index.html\">online<\/a> oder <a href=\"https:\/\/sourceforge.net\/projects\/sweethome3d\/files\/SweetHome3D-source\/SweetHome3D-7.5-src\/SweetHome3D-7.5-javadoc.zip\/download\" target=\"_blank\" rel=\"noopener\">zum Herunterladen<\/a>,<\/li>\n\n\n\n<li>der <a href=\"https:\/\/www.sweethome3d.com\/de\/plug-in-entwicklerhandbuch\/#going-further\" data-type=\"page\" data-id=\"4964\">letzte Teil des Plug-in-Entwicklerhandbuchs<\/a>, der einige Details \u00fcber die Klassen des Sweet Home 3D <a href=\"\/javadoc\/com\/eteks\/sweethome3d\/model\/package-summary.html\">Modells<\/a> enth\u00e4lt,<\/li>\n\n\n\n<li>das franz\u00f6sische Buch <a href=\"https:\/\/www.eteks.com\/services\/cahierswing.html\" target=\"_blank\" rel=\"noopener\">Les cahiers du programmeur Swing<\/a>, geschrieben von Emmanuel Puybaret und ver\u00f6ffentlicht von Editions Eyrolles im Dezember 2006, wobei die <a href=\"\/v0.10\/SweetHome3D.jnlp\">Sweet Home 3D Version 0.10<\/a> der Studienfall ist.<\/li>\n<\/ul>\n\n\n\n<p>Wenn Sie <a href=\"https:\/\/www.sweethome3d.com\/de\/herunterladen\/\" data-type=\"page\" data-id=\"396\">Sweet Home 3D<\/a> in Ihre Sprache \u00fcbersetzen m\u00f6chten, lesen Sie die <a href=\"https:\/\/www.sweethome3d.com\/translation-guide\/\" data-type=\"page\" data-id=\"5142\">\u00dcbersetzungsanleitung<\/a>.<\/p>\n\n\n<h2 class=\"wp-block-heading\" id=\"rezensionen-und-auszeichnungen\">Rezensionen und Auszeichnungen<\/h2>\n\n\n<p>Einige Rezensionen im Web:<\/p>\n\n\n\n<ul class=\"wp-block-list\">\n<li><a href=\"https:\/\/www.softpedia.com\/reviews\/windows\/Sweet-Home-3D--Review-77686.shtml\" target=\"_blank\" rel=\"noopener\">Sie k\u00f6nnen leicht Innenarchitekt werden!<\/a> und <a href=\"https:\/\/mac.softpedia.com\/get\/Graphics\/Sweet-Home-3D.shtml\" target=\"_blank\" rel=\"noopener\">Sweet Home 3D f\u00fcr Mac Rezension<\/a> auf <a href=\"https:\/\/www.softpedia.com\/\" target=\"_blank\" rel=\"noopener\">Softpedia<\/a><\/li>\n\n\n\n<li><a href=\"https:\/\/www.linux.com\/news\/sweet-home-3d-simple-interior-design\/\" target=\"_blank\" rel=\"noopener\">Sweet Home 3D: einfache Innenarchitektur<\/a> auf <a href=\"https:\/\/www.linux.com\/\" target=\"_blank\" rel=\"noopener\">linux.com<\/a><\/li>\n\n\n\n<li><a href=\"https:\/\/www.brighthub.com\/computing\/mac-platform\/reviews\/33256.aspx\" target=\"_blank\" rel=\"noopener\">Sweet Home 3D Rezension<\/a> auf <a href=\"https:\/\/www.brighthub.com\/\" target=\"_blank\" rel=\"noopener\">Bright hub<\/a><\/li>\n\n\n\n<li><a href=\"https:\/\/linuxlock.blogspot.com\/2011\/01\/of-software-and-soffits.html\" target=\"_blank\" rel=\"noopener\">Von Software und Untersichten<\/a> auf <a href=\"https:\/\/linuxlock.blogspot.com\/\" target=\"_blank\" rel=\"noopener\">dem Blog von helios<\/a><\/li>\n\n\n\n<li><a href=\"https:\/\/www.becoming-home.com\/2008\/04\/03\/its-better-than-moving-furniture\/\" target=\"_blank\" rel=\"noopener\">Es ist besser als M\u00f6bel zu bewegen<\/a> auf <a href=\"https:\/\/www.becoming-home.com\/\" target=\"_blank\" rel=\"noopener\">becoming home<\/a><\/li>\n\n\n\n<li><a href=\"https:\/\/www.g2.com\/\" target=\"_blank\" rel=\"noopener\">Der Aufstieg eines Amateurarchitekten<\/a> auf <a href=\"https:\/\/ragnvald.medium.com\/\" target=\"_blank\" rel=\"noopener\">Ragnvald Larsen Blog<\/a><\/li>\n\n\n\n<li><a href=\"https:\/\/svedic.org\/personal\/free-interior-design-with-sweet-home-3d-and-sketchup\" target=\"_blank\" rel=\"noopener\">Kostenlose Innenarchitektur mit Sweet Home 3D und SketchUp<\/a> auf <a href=\"https:\/\/svedic.org\/\" target=\"_blank\" rel=\"noopener\">Svedic Blog<\/a><\/li>\n\n\n\n<li><a href=\"https:\/\/3djunkfair.blogspot.co.at\/\" target=\"_blank\" rel=\"noopener\">My 3D Junk Fair<\/a> ein Blog, in dem Leonhard Grugl seine Erkenntnisse \u00fcber Sweet Home 3D teilt<\/li>\n\n\n\n<li><a href=\"https:\/\/listoffreeware.com\/best-free-3d-floor-plan-software-windows\/\" target=\"_blank\" rel=\"noopener\">5 Beste kostenlose 3D-Grundrisssoftware f\u00fcr Windows<\/a> auf <a href=\"https:\/\/listoffreeware.com\/\" target=\"_blank\" rel=\"noopener\">Liste der Freeware<\/a><\/li>\n\n\n\n<li><a href=\"https:\/\/sourceforge.net\/projects\/sweethome3d\/reviews\/\" target=\"_blank\" rel=\"noopener\">Benutzerrezensionen<\/a> auf <a href=\"https:\/\/sourceforge.net\/\" target=\"_blank\" rel=\"noopener\">SourceForge.net<\/a><\/li>\n<\/ul>\n\n\n\n<p>Rezensionen in der Presse:<\/p>\n\n\n\n<ul class=\"wp-block-list\">\n<li><a href=\"https:\/\/www.linuxpromagazine.com\/issues\/2008\/95\/projects_on_the_move\" target=\"_blank\" rel=\"noopener\">Projekte in Bewegung<\/a>, in Ausgabe <a href=\"https:\/\/www.linuxpromagazine.com\/issues\/2008\/95\" target=\"_blank\" rel=\"noopener\">#95 des Linux Pro Magazine<\/a> (Oktober 2008)<\/li>\n<\/ul>\n\n\n\n<hr class=\"wp-block-separator has-text-color has-white-color has-alpha-channel-opacity has-white-background-color has-background is-style-default\"\/>\n\n\n\n<div class=\"wp-block-group is-content-justification-center is-nowrap is-layout-flex wp-container-core-group-is-layout-94bc23d7 wp-block-group-is-layout-flex\">\n<figure class=\"wp-block-image size-full\"><a href=\"https:\/\/www.softpedia.com\/reviews\/mac\/Sweet-Home-3D--Review-77686.shtml\" target=\"_blank\" rel=\"noopener\"><img loading=\"lazy\" decoding=\"async\" width=\"157\" height=\"100\" src=\"https:\/\/www.sweethome3d.com\/wp-content\/uploads\/2025\/10\/softpediaAward.png\" alt=\"\" class=\"wp-image-4814\"\/><\/a><\/figure>\n\n\n\n<figure class=\"wp-block-image size-full\"><a href=\"https:\/\/sweet-home-3d.en.softonic.com\/\" target=\"_blank\" rel=\"noopener\"><img loading=\"lazy\" decoding=\"async\" width=\"167\" height=\"99\" src=\"https:\/\/www.sweethome3d.com\/wp-content\/uploads\/2025\/10\/softonicEditorChoice.png\" alt=\"\" class=\"wp-image-4815\"\/><\/a><\/figure>\n\n\n\n<figure class=\"wp-block-image size-full\"><a href=\"https:\/\/sweet-home-3d.software.informer.com\/\" target=\"_blank\" rel=\"noopener\"><img loading=\"lazy\" decoding=\"async\" width=\"170\" height=\"170\" src=\"https:\/\/www.sweethome3d.com\/wp-content\/uploads\/2025\/10\/si-award-epick5.png\" alt=\"\" class=\"wp-image-4816\" srcset=\"https:\/\/www.sweethome3d.com\/wp-content\/uploads\/2025\/10\/si-award-epick5.png 170w, https:\/\/www.sweethome3d.com\/wp-content\/uploads\/2025\/10\/si-award-epick5-130x130.png 130w\" sizes=\"auto, (max-width: 170px) 100vw, 170px\" \/><\/a><\/figure>\n\n\n\n<figure class=\"wp-block-image size-full\"><a href=\"https:\/\/maddownload.com\/education-hobby\/sweet-home-3d\/\" target=\"_blank\" rel=\"noopener\"><img loading=\"lazy\" decoding=\"async\" width=\"150\" height=\"150\" src=\"https:\/\/www.sweethome3d.com\/wp-content\/uploads\/2025\/10\/maddownload_editors_choice_transparent-150x150-1-150x150-1.png\" alt=\"\" class=\"wp-image-4817\" srcset=\"https:\/\/www.sweethome3d.com\/wp-content\/uploads\/2025\/10\/maddownload_editors_choice_transparent-150x150-1-150x150-1.png 150w, https:\/\/www.sweethome3d.com\/wp-content\/uploads\/2025\/10\/maddownload_editors_choice_transparent-150x150-1-150x150-1-130x130.png 130w\" sizes=\"auto, (max-width: 150px) 100vw, 150px\" \/><\/a><\/figure>\n\n\n\n<figure class=\"wp-block-image size-full\"><a href=\"https:\/\/sweet-home-3d.findmysoft.com\/\" target=\"_blank\" rel=\"noopener\"><img loading=\"lazy\" decoding=\"async\" width=\"158\" height=\"57\" src=\"https:\/\/www.sweethome3d.com\/wp-content\/uploads\/2025\/10\/review2_5_Sweet-Home-3D_award.png\" alt=\"\" class=\"wp-image-4818\"\/><\/a><\/figure>\n<\/div>\n","protected":false},"excerpt":{"rendered":"<p>Diese Seite beschreibt die aktuell verf\u00fcgbaren Dokumentationen f\u00fcr Sweet Home 3D. Benutzerhandb\u00fccher Das Benutzerhandbuch f\u00fcr Sweet Home 3D ist auf dieser Seite verf\u00fcgbar, und die Liste seiner Tastenkombinationen in diesem Dokument (PDF). Sweet Home 3D bietet au\u00dferdem eine regelm\u00e4\u00dfig aktualisierte FAQ und eine vollst\u00e4ndige Hilfe, die \u00fcber den Men\u00fcpunkt Hilfe &gt; Sweet Home 3D Hilfe [&hellip;]<\/p>\n","protected":false},"author":2,"featured_media":15538,"parent":0,"menu_order":0,"comment_status":"closed","ping_status":"closed","template":"","meta":{"inline_featured_image":false,"footnotes":""},"class_list":["post-5745","page","type-page","status-publish","has-post-thumbnail","hentry"],"_links":{"self":[{"href":"https:\/\/www.sweethome3d.com\/de\/wp-json\/wp\/v2\/pages\/5745","targetHints":{"allow":["GET"]}}],"collection":[{"href":"https:\/\/www.sweethome3d.com\/de\/wp-json\/wp\/v2\/pages"}],"about":[{"href":"https:\/\/www.sweethome3d.com\/de\/wp-json\/wp\/v2\/types\/page"}],"author":[{"embeddable":true,"href":"https:\/\/www.sweethome3d.com\/de\/wp-json\/wp\/v2\/users\/2"}],"replies":[{"embeddable":true,"href":"https:\/\/www.sweethome3d.com\/de\/wp-json\/wp\/v2\/comments?post=5745"}],"version-history":[{"count":14,"href":"https:\/\/www.sweethome3d.com\/de\/wp-json\/wp\/v2\/pages\/5745\/revisions"}],"predecessor-version":[{"id":15115,"href":"https:\/\/www.sweethome3d.com\/de\/wp-json\/wp\/v2\/pages\/5745\/revisions\/15115"}],"wp:featuredmedia":[{"embeddable":true,"href":"https:\/\/www.sweethome3d.com\/de\/wp-json\/wp\/v2\/media\/15538"}],"wp:attachment":[{"href":"https:\/\/www.sweethome3d.com\/de\/wp-json\/wp\/v2\/media?parent=5745"}],"curies":[{"name":"wp","href":"https:\/\/api.w.org\/{rel}","templated":true}]}}